{"id":18580,"date":"2024-11-04T13:47:33","date_gmt":"2024-11-04T12:47:33","guid":{"rendered":"https:\/\/www.lraloeverashop.eu\/product\/pansky-krem-na-ruky-powerpack\/"},"modified":"2025-03-29T18:23:52","modified_gmt":"2025-03-29T17:23:52","slug":"pansky-krem-na-ruky-powerpack","status":"publish","type":"product","link":"https:\/\/www.lraloeverashop.eu\/sk\/produkt\/pansky-krem-na-ruky-powerpack\/","title":{"rendered":"P\u00e1nsky kr\u00e9m na ruky Powerpack"},"content":{"rendered":"<h2><span style=\"font-size: 16pt;\"><strong>P\u00e1nsky kr\u00e9m na ruky Powerpack<\/strong><\/span><\/h2>\n<p><span style=\"font-size: 14pt;\"><strong>P\u00e1nsky kr\u00e9m na ruky Powerpack pre krehk\u00e9 a popraskan\u00e9 ruky<\/strong><\/span><\/p>\n<p>Naozaj sa d\u00e1 zbali\u0165 s dobre upravenou poko\u017ekou na ruk\u00e1ch. Preto je bohat\u00fd P\u00e1nsky kr\u00e9m na ruky Powerpack va\u0161\u00edm dokonal\u00fdm spolo\u010dn\u00edkom na chladn\u00e9 zimn\u00e9 dni. Obsahuje nielen 40% aloe vera, ale aj kofe\u00edn, bambuck\u00e9 maslo, olej z makadamov\u00fdch orechov a organick\u00fd motorov\u00fd extrakt a uvo\u013e\u0148uje, chr\u00e1ni a regeneruje poko\u017eku. Mimochodom: S hladk\u00fdmi rukami sa dary pre bl\u00edzkych daj\u00fa aj lep\u0161ie zabali\u0165&#8230;<\/p>\n<h3><strong><span style=\"font-size: 16pt;\">Ako pou\u017e\u00edva\u0165<\/span><\/strong><\/h3>\n<p>Kr\u00e9m na ruky Lr Powerpack naneste na ruky mnohokr\u00e1t denne, pod\u013ea potrieb va\u0161ej poko\u017eky.<\/p>\n","protected":false},"excerpt":{"rendered":"<ul>\n<li><strong><span style=\"color: #ff0000;\">LIMITOVAN\u00c1 PONUKA<\/span><\/strong><\/li>\n<li>Na O\u0161etrenie such\u00fdch, krehk\u00fdch a popraskan\u00fdch r\u00fak<\/li>\n<li>Obsahuje 40% aloe vera, kofe\u00edn, bambuck\u00e9 maslo, makadamov\u00fd olej a bio z\u00e1zvorov\u00fd extrakt<\/li>\n<li>S ob\u013e\u00fabenou mu\u017eno-drevitou v\u00f4\u0148ou p\u00e1nskej starostlivosti LR Aloe Vera<\/li>\n<li>Podporuje regener\u00e1ciu suchej a popraskanej poko\u017eky<\/li>\n<li>Mno\u017estvo: 75 ml<\/li>\n<\/ul>\n<p>&nbsp;<\/p>\n","protected":false},"featured_media":18280,"comment_status":"open","ping_status":"closed","template":"","meta":{"_kad_blocks_custom_css":"","_kad_blocks_head_custom_js":"","_kad_blocks_body_custom_js":"","_kad_blocks_footer_custom_js":"","_kadence_starter_templates_imported_post":false,"_kad_post_transparent":"default","_kad_post_title":"","_kad_post_layout":"default","_kad_post_sidebar_id":"","_kad_post_content_style":"default","_kad_post_vertical_padding":"default","_kad_post_feature":"","_kad_post_feature_position":"","_kad_post_header":false,"_kad_post_footer":false,"_kad_post_classname":""},"product_brand":[],"product_cat":[216,252],"product_tag":[565],"class_list":{"0":"post-18580","1":"product","2":"type-product","3":"status-publish","4":"has-post-thumbnail","6":"product_cat-aloe-vera-sk","7":"product_cat-starostlivost-pre-muzov","8":"product_tag-produkty-pre-muzov","10":"first","11":"outofstock","12":"taxable","13":"shipping-taxable","14":"purchasable","15":"product-type-simple","16":"entry","17":"content-bg","18":"loop-entry"},"yoast_head":"<!-- This site is optimized with the Yoast SEO Premium plugin v27.3 (Yoast SEO v27.3) - https:\/\/yoast.com\/product\/yoast-seo-premium-wordpress\/ -->\n<title>P\u00e1nsky kr\u00e9m na ruky Powerpack o\u0161etr\u00ed krehk\u00e9 a popraskan\u00e9 ruky<\/title>\n<meta name=\"description\" content=\"Rozl\u00fa\u010dte sa s krehk\u00fdmi a popraskan\u00fdmi rukami. Na\u0161 P\u00e1nsky kr\u00e9m na ruky Powerpack v\u00e1m pom\u00f4\u017ee. Obsahuje aloe vera, bambuck\u00e9 maslo a \u010fal\u0161ie, ktor\u00e9 vy\u017eivuj\u00fa a chr\u00e1nia va\u0161u poko\u017eku.\" \/>\n<meta name=\"robots\" content=\"index, follow, max-snippet:-1, max-image-preview:large, max-video-preview:-1\" \/>\n<link rel=\"canonical\" href=\"https:\/\/www.lraloeverashop.eu\/sk\/produkt\/pansky-krem-na-ruky-powerpack\/\" \/>\n<meta property=\"og:locale\" content=\"sk_SK\" \/>\n<meta property=\"og:type\" content=\"article\" \/>\n<meta property=\"og:title\" content=\"P\u00e1nsky kr\u00e9m na ruky Powerpack\" \/>\n<meta property=\"og:description\" content=\"Rozl\u00fa\u010dte sa s krehk\u00fdmi a popraskan\u00fdmi rukami. Na\u0161 P\u00e1nsky kr\u00e9m na ruky Powerpack v\u00e1m pom\u00f4\u017ee. Obsahuje aloe vera, bambuck\u00e9 maslo a \u010fal\u0161ie, ktor\u00e9 vy\u017eivuj\u00fa a chr\u00e1nia va\u0161u poko\u017eku.\" \/>\n<meta property=\"og:url\" content=\"https:\/\/www.lraloeverashop.eu\/sk\/produkt\/pansky-krem-na-ruky-powerpack\/\" \/>\n<meta property=\"og:site_name\" content=\"Lr Obchod Aloe Vera\" \/>\n<meta property=\"article:publisher\" content=\"https:\/\/www.facebook.com\/lraloeverashop.eu\" \/>\n<meta property=\"article:modified_time\" content=\"2025-03-29T17:23:52+00:00\" \/>\n<meta property=\"og:image\" content=\"https:\/\/www.lraloeverashop.eu\/wp-content\/uploads\/2024\/11\/Men-Hand-Cream.jpg\" \/>\n\t<meta property=\"og:image:width\" content=\"1200\" \/>\n\t<meta property=\"og:image:height\" content=\"1200\" \/>\n\t<meta property=\"og:image:type\" content=\"image\/jpeg\" \/>\n<meta name=\"twitter:card\" content=\"summary_large_image\" \/>\n<meta name=\"twitter:site\" content=\"@natur__kosmetik\" \/>\n<script type=\"application\/ld+json\" class=\"yoast-schema-graph\">{\"@context\":\"https:\\\/\\\/schema.org\",\"@graph\":[{\"@type\":[\"WebPage\",\"ItemPage\"],\"@id\":\"https:\\\/\\\/www.lraloeverashop.eu\\\/sk\\\/produkt\\\/pansky-krem-na-ruky-powerpack\\\/\",\"url\":\"https:\\\/\\\/www.lraloeverashop.eu\\\/sk\\\/produkt\\\/pansky-krem-na-ruky-powerpack\\\/\",\"name\":\"P\u00e1nsky kr\u00e9m na ruky Powerpack o\u0161etr\u00ed krehk\u00e9 a popraskan\u00e9 ruky\",\"isPartOf\":{\"@id\":\"https:\\\/\\\/www.lraloeverashop.eu\\\/sk\\\/#website\"},\"primaryImageOfPage\":{\"@id\":\"https:\\\/\\\/www.lraloeverashop.eu\\\/sk\\\/produkt\\\/pansky-krem-na-ruky-powerpack\\\/#primaryimage\"},\"image\":{\"@id\":\"https:\\\/\\\/www.lraloeverashop.eu\\\/sk\\\/produkt\\\/pansky-krem-na-ruky-powerpack\\\/#primaryimage\"},\"thumbnailUrl\":\"https:\\\/\\\/www.lraloeverashop.eu\\\/wp-content\\\/uploads\\\/2024\\\/11\\\/Men-Hand-Cream.jpg\",\"datePublished\":\"2024-11-04T12:47:33+00:00\",\"dateModified\":\"2025-03-29T17:23:52+00:00\",\"description\":\"Rozl\u00fa\u010dte sa s krehk\u00fdmi a popraskan\u00fdmi rukami. Na\u0161 P\u00e1nsky kr\u00e9m na ruky Powerpack v\u00e1m pom\u00f4\u017ee. Obsahuje aloe vera, bambuck\u00e9 maslo a \u010fal\u0161ie, ktor\u00e9 vy\u017eivuj\u00fa a chr\u00e1nia va\u0161u poko\u017eku.\",\"breadcrumb\":{\"@id\":\"https:\\\/\\\/www.lraloeverashop.eu\\\/sk\\\/produkt\\\/pansky-krem-na-ruky-powerpack\\\/#breadcrumb\"},\"inLanguage\":\"sk-SK\",\"potentialAction\":[{\"@type\":\"ReadAction\",\"target\":[\"https:\\\/\\\/www.lraloeverashop.eu\\\/sk\\\/produkt\\\/pansky-krem-na-ruky-powerpack\\\/\"]}]},{\"@type\":\"ImageObject\",\"inLanguage\":\"sk-SK\",\"@id\":\"https:\\\/\\\/www.lraloeverashop.eu\\\/sk\\\/produkt\\\/pansky-krem-na-ruky-powerpack\\\/#primaryimage\",\"url\":\"https:\\\/\\\/www.lraloeverashop.eu\\\/wp-content\\\/uploads\\\/2024\\\/11\\\/Men-Hand-Cream.jpg\",\"contentUrl\":\"https:\\\/\\\/www.lraloeverashop.eu\\\/wp-content\\\/uploads\\\/2024\\\/11\\\/Men-Hand-Cream.jpg\",\"width\":1200,\"height\":1200,\"caption\":\"Kr\u00e9m na ruky pre mu\u017eov Aloe Vera\"},{\"@type\":\"BreadcrumbList\",\"@id\":\"https:\\\/\\\/www.lraloeverashop.eu\\\/sk\\\/produkt\\\/pansky-krem-na-ruky-powerpack\\\/#breadcrumb\",\"itemListElement\":[{\"@type\":\"ListItem\",\"position\":1,\"name\":\"Home\",\"item\":\"https:\\\/\\\/www.lraloeverashop.eu\\\/sk\\\/\"},{\"@type\":\"ListItem\",\"position\":2,\"name\":\"Obchod\",\"item\":\"https:\\\/\\\/www.lraloeverashop.eu\\\/shop\\\/\"},{\"@type\":\"ListItem\",\"position\":3,\"name\":\"P\u00e1nsky kr\u00e9m na ruky Powerpack\"}]},{\"@type\":\"WebSite\",\"@id\":\"https:\\\/\\\/www.lraloeverashop.eu\\\/sk\\\/#website\",\"url\":\"https:\\\/\\\/www.lraloeverashop.eu\\\/sk\\\/\",\"name\":\"Lr Obchod Aloe Vera\",\"description\":\"High Quality Lr Aloe Vera Gel, Aloe Vera Cream and Shampoo\",\"publisher\":{\"@id\":\"https:\\\/\\\/www.lraloeverashop.eu\\\/sk\\\/#organization\"},\"potentialAction\":[{\"@type\":\"SearchAction\",\"target\":{\"@type\":\"EntryPoint\",\"urlTemplate\":\"https:\\\/\\\/www.lraloeverashop.eu\\\/sk\\\/?s={search_term_string}\"},\"query-input\":{\"@type\":\"PropertyValueSpecification\",\"valueRequired\":true,\"valueName\":\"search_term_string\"}}],\"inLanguage\":\"sk-SK\"},{\"@type\":\"Organization\",\"@id\":\"https:\\\/\\\/www.lraloeverashop.eu\\\/sk\\\/#organization\",\"name\":\"Lr Obchod Aloe Vera\",\"alternateName\":\"LR\",\"url\":\"https:\\\/\\\/www.lraloeverashop.eu\\\/sk\\\/\",\"logo\":{\"@type\":\"ImageObject\",\"inLanguage\":\"sk-SK\",\"@id\":\"https:\\\/\\\/www.lraloeverashop.eu\\\/sk\\\/#\\\/schema\\\/logo\\\/image\\\/\",\"url\":\"https:\\\/\\\/www.lraloeverashop.eu\\\/wp-content\\\/uploads\\\/2022\\\/09\\\/cropped-Lr-Aloe-Vera-Shop.jpg\",\"contentUrl\":\"https:\\\/\\\/www.lraloeverashop.eu\\\/wp-content\\\/uploads\\\/2022\\\/09\\\/cropped-Lr-Aloe-Vera-Shop.jpg\",\"width\":228,\"height\":76,\"caption\":\"Lr Obchod Aloe Vera\"},\"image\":{\"@id\":\"https:\\\/\\\/www.lraloeverashop.eu\\\/sk\\\/#\\\/schema\\\/logo\\\/image\\\/\"},\"sameAs\":[\"https:\\\/\\\/www.facebook.com\\\/lraloeverashop.eu\",\"https:\\\/\\\/x.com\\\/natur__kosmetik\",\"https:\\\/\\\/www.youtube.com\\\/channel\\\/UC5oN7BJ8nfYb8RpVtjwDEBA\",\"https:\\\/\\\/www.instagram.com\\\/lrbeautyeu\\\/\"]}]}<\/script>\n<meta property=\"product:price:amount\" content=\"12.99\" \/>\n<meta property=\"product:price:currency\" content=\"EUR\" \/>\n<meta property=\"og:availability\" content=\"out of stock\" \/>\n<meta property=\"product:availability\" content=\"out of stock\" \/>\n<meta property=\"product:retailer_item_id\" content=\"20447-1SK\" \/>\n<meta property=\"product:condition\" content=\"new\" \/>\n<!-- \/ Yoast SEO Premium plugin. -->","yoast_head_json":{"title":"P\u00e1nsky kr\u00e9m na ruky Powerpack o\u0161etr\u00ed krehk\u00e9 a popraskan\u00e9 ruky","description":"Rozl\u00fa\u010dte sa s krehk\u00fdmi a popraskan\u00fdmi rukami. Na\u0161 P\u00e1nsky kr\u00e9m na ruky Powerpack v\u00e1m pom\u00f4\u017ee. Obsahuje aloe vera, bambuck\u00e9 maslo a \u010fal\u0161ie, ktor\u00e9 vy\u017eivuj\u00fa a chr\u00e1nia va\u0161u poko\u017eku.","robots":{"index":"index","follow":"follow","max-snippet":"max-snippet:-1","max-image-preview":"max-image-preview:large","max-video-preview":"max-video-preview:-1"},"canonical":"https:\/\/www.lraloeverashop.eu\/sk\/produkt\/pansky-krem-na-ruky-powerpack\/","og_locale":"sk_SK","og_type":"article","og_title":"P\u00e1nsky kr\u00e9m na ruky Powerpack","og_description":"Rozl\u00fa\u010dte sa s krehk\u00fdmi a popraskan\u00fdmi rukami. Na\u0161 P\u00e1nsky kr\u00e9m na ruky Powerpack v\u00e1m pom\u00f4\u017ee. Obsahuje aloe vera, bambuck\u00e9 maslo a \u010fal\u0161ie, ktor\u00e9 vy\u017eivuj\u00fa a chr\u00e1nia va\u0161u poko\u017eku.","og_url":"https:\/\/www.lraloeverashop.eu\/sk\/produkt\/pansky-krem-na-ruky-powerpack\/","og_site_name":"Lr Obchod Aloe Vera","article_publisher":"https:\/\/www.facebook.com\/lraloeverashop.eu","article_modified_time":"2025-03-29T17:23:52+00:00","og_image":[{"width":1200,"height":1200,"url":"https:\/\/www.lraloeverashop.eu\/wp-content\/uploads\/2024\/11\/Men-Hand-Cream.jpg","type":"image\/jpeg"}],"twitter_card":"summary_large_image","twitter_site":"@natur__kosmetik","schema":{"@context":"https:\/\/schema.org","@graph":[{"@type":["WebPage","ItemPage"],"@id":"https:\/\/www.lraloeverashop.eu\/sk\/produkt\/pansky-krem-na-ruky-powerpack\/","url":"https:\/\/www.lraloeverashop.eu\/sk\/produkt\/pansky-krem-na-ruky-powerpack\/","name":"P\u00e1nsky kr\u00e9m na ruky Powerpack o\u0161etr\u00ed krehk\u00e9 a popraskan\u00e9 ruky","isPartOf":{"@id":"https:\/\/www.lraloeverashop.eu\/sk\/#website"},"primaryImageOfPage":{"@id":"https:\/\/www.lraloeverashop.eu\/sk\/produkt\/pansky-krem-na-ruky-powerpack\/#primaryimage"},"image":{"@id":"https:\/\/www.lraloeverashop.eu\/sk\/produkt\/pansky-krem-na-ruky-powerpack\/#primaryimage"},"thumbnailUrl":"https:\/\/www.lraloeverashop.eu\/wp-content\/uploads\/2024\/11\/Men-Hand-Cream.jpg","datePublished":"2024-11-04T12:47:33+00:00","dateModified":"2025-03-29T17:23:52+00:00","description":"Rozl\u00fa\u010dte sa s krehk\u00fdmi a popraskan\u00fdmi rukami. Na\u0161 P\u00e1nsky kr\u00e9m na ruky Powerpack v\u00e1m pom\u00f4\u017ee. Obsahuje aloe vera, bambuck\u00e9 maslo a \u010fal\u0161ie, ktor\u00e9 vy\u017eivuj\u00fa a chr\u00e1nia va\u0161u poko\u017eku.","breadcrumb":{"@id":"https:\/\/www.lraloeverashop.eu\/sk\/produkt\/pansky-krem-na-ruky-powerpack\/#breadcrumb"},"inLanguage":"sk-SK","potentialAction":[{"@type":"ReadAction","target":["https:\/\/www.lraloeverashop.eu\/sk\/produkt\/pansky-krem-na-ruky-powerpack\/"]}]},{"@type":"ImageObject","inLanguage":"sk-SK","@id":"https:\/\/www.lraloeverashop.eu\/sk\/produkt\/pansky-krem-na-ruky-powerpack\/#primaryimage","url":"https:\/\/www.lraloeverashop.eu\/wp-content\/uploads\/2024\/11\/Men-Hand-Cream.jpg","contentUrl":"https:\/\/www.lraloeverashop.eu\/wp-content\/uploads\/2024\/11\/Men-Hand-Cream.jpg","width":1200,"height":1200,"caption":"Kr\u00e9m na ruky pre mu\u017eov Aloe Vera"},{"@type":"BreadcrumbList","@id":"https:\/\/www.lraloeverashop.eu\/sk\/produkt\/pansky-krem-na-ruky-powerpack\/#breadcrumb","itemListElement":[{"@type":"ListItem","position":1,"name":"Home","item":"https:\/\/www.lraloeverashop.eu\/sk\/"},{"@type":"ListItem","position":2,"name":"Obchod","item":"https:\/\/www.lraloeverashop.eu\/shop\/"},{"@type":"ListItem","position":3,"name":"P\u00e1nsky kr\u00e9m na ruky Powerpack"}]},{"@type":"WebSite","@id":"https:\/\/www.lraloeverashop.eu\/sk\/#website","url":"https:\/\/www.lraloeverashop.eu\/sk\/","name":"Lr Obchod Aloe Vera","description":"High Quality Lr Aloe Vera Gel, Aloe Vera Cream and Shampoo","publisher":{"@id":"https:\/\/www.lraloeverashop.eu\/sk\/#organization"},"potentialAction":[{"@type":"SearchAction","target":{"@type":"EntryPoint","urlTemplate":"https:\/\/www.lraloeverashop.eu\/sk\/?s={search_term_string}"},"query-input":{"@type":"PropertyValueSpecification","valueRequired":true,"valueName":"search_term_string"}}],"inLanguage":"sk-SK"},{"@type":"Organization","@id":"https:\/\/www.lraloeverashop.eu\/sk\/#organization","name":"Lr Obchod Aloe Vera","alternateName":"LR","url":"https:\/\/www.lraloeverashop.eu\/sk\/","logo":{"@type":"ImageObject","inLanguage":"sk-SK","@id":"https:\/\/www.lraloeverashop.eu\/sk\/#\/schema\/logo\/image\/","url":"https:\/\/www.lraloeverashop.eu\/wp-content\/uploads\/2022\/09\/cropped-Lr-Aloe-Vera-Shop.jpg","contentUrl":"https:\/\/www.lraloeverashop.eu\/wp-content\/uploads\/2022\/09\/cropped-Lr-Aloe-Vera-Shop.jpg","width":228,"height":76,"caption":"Lr Obchod Aloe Vera"},"image":{"@id":"https:\/\/www.lraloeverashop.eu\/sk\/#\/schema\/logo\/image\/"},"sameAs":["https:\/\/www.facebook.com\/lraloeverashop.eu","https:\/\/x.com\/natur__kosmetik","https:\/\/www.youtube.com\/channel\/UC5oN7BJ8nfYb8RpVtjwDEBA","https:\/\/www.instagram.com\/lrbeautyeu\/"]}]},"product_price_amount":"12.99","product_price_currency":"EUR","og_availability":"out of stock","product_availability":"out of stock","product_retailer_item_id":"20447-1SK","product_condition":"new"},"taxonomy_info":{"product_cat":[{"value":216,"label":"Aloe Vera"},{"value":252,"label":"Starostlivos\u0165 pre mu\u017eov"}],"product_tag":[{"value":565,"label":"Produkty pre mu\u017eov"}]},"featured_image_src_large":["https:\/\/www.lraloeverashop.eu\/wp-content\/uploads\/2024\/11\/Men-Hand-Cream-1024x1024.jpg",1024,1024,true],"author_info":[],"comment_info":0,"_links":{"self":[{"href":"https:\/\/www.lraloeverashop.eu\/sk\/wp-json\/wp\/v2\/product\/18580","targetHints":{"allow":["GET"]}}],"collection":[{"href":"https:\/\/www.lraloeverashop.eu\/sk\/wp-json\/wp\/v2\/product"}],"about":[{"href":"https:\/\/www.lraloeverashop.eu\/sk\/wp-json\/wp\/v2\/types\/product"}],"replies":[{"embeddable":true,"href":"https:\/\/www.lraloeverashop.eu\/sk\/wp-json\/wp\/v2\/comments?post=18580"}],"wp:featuredmedia":[{"embeddable":true,"href":"https:\/\/www.lraloeverashop.eu\/sk\/wp-json\/wp\/v2\/media\/18280"}],"wp:attachment":[{"href":"https:\/\/www.lraloeverashop.eu\/sk\/wp-json\/wp\/v2\/media?parent=18580"}],"wp:term":[{"taxonomy":"product_brand","embeddable":true,"href":"https:\/\/www.lraloeverashop.eu\/sk\/wp-json\/wp\/v2\/product_brand?post=18580"},{"taxonomy":"product_cat","embeddable":true,"href":"https:\/\/www.lraloeverashop.eu\/sk\/wp-json\/wp\/v2\/product_cat?post=18580"},{"taxonomy":"product_tag","embeddable":true,"href":"https:\/\/www.lraloeverashop.eu\/sk\/wp-json\/wp\/v2\/product_tag?post=18580"}],"curies":[{"name":"wp","href":"https:\/\/api.w.org\/{rel}","templated":true}]}}