{"id":18544,"date":"2024-11-04T15:27:18","date_gmt":"2024-11-04T14:27:18","guid":{"rendered":"https:\/\/www.lraloeverashop.eu\/product\/sada-cbd-starostlivosti-o-plet\/"},"modified":"2025-12-15T08:41:18","modified_gmt":"2025-12-15T07:41:18","slug":"sada-cbd-starostlivosti-o-plet","status":"publish","type":"product","link":"https:\/\/www.lraloeverashop.eu\/sk\/produkt\/sada-cbd-starostlivosti-o-plet\/","title":{"rendered":"Sada CBD Starostlivosti o Ple\u0165"},"content":{"rendered":"<h2><strong><span style=\"font-size: 16pt;\">CBD Sada Starostlivosti o Ple\u0165<\/span><\/strong><\/h2>\n<p><strong><span style=\"font-size: 14pt;\">CBD Sada Starostlivosti o Ple\u0165 for effective Wellness Treatment<\/span><\/strong><\/p>\n<p>Vystresovan\u00e1, such\u00e1 a nevyv\u00e1\u017een\u00e1 ple\u0165? \u010cas na \u00fa\u010dinn\u00fa wellness k\u00faru.<\/p>\n<p>Sprchov\u00fd g\u00e9lov\u00fd olej Aloe Vera CBD jemne \u010dist\u00ed nam\u00e1han\u00fa poko\u017eku bez toho, aby ju vysu\u0161oval. Upokojuje a chr\u00e1ni poko\u017eku tela a dod\u00e1va jej vlhkos\u0165.<\/p>\n<p>Aloe Vera CBD telov\u00fd peeling jemne \u010dist\u00ed a vy\u017eivuje nam\u00e1han\u00fa poko\u017eku bez toho, aby ju vysu\u0161oval. Upokojuje poko\u017eku tela a zjem\u0148uje text\u00faru poko\u017eky prirodzen\u00fdm sp\u00f4sobom.<\/p>\n<p>Aloe Vera CBD Facial Serum o\u0161etr\u00ed va\u0161u poko\u017eku 50% aloe vera, organick\u00fdm olejom zo semien cannabis sativa a CBD. Tajomstvom jedine\u010dn\u00e9ho \u00fa\u010dinku nov\u00e9ho 2-f\u00e1zov\u00e9ho s\u00e9ra je kombin\u00e1cia 50% hydrata\u010dn\u00e9ho aloe vera g\u00e9lu a ochrann\u00e9ho organick\u00e9ho marihuanov\u00e9ho sativa oleja a CBD.<\/p>\n<p>Sada CBD Starostlivosti o Ple\u0165 pon\u00faka Va\u0161ej pleti upokojuj\u00facu starostlivos\u0165 a regener\u00e1ciu. Tajomstvo jedine\u010dn\u00e9ho \u00fa\u010dinku nov\u00e9ho Aloe Vera CBD Premium Body Care je kombin\u00e1cia hydrata\u010dn\u00e9ho aloe vera, ochrann\u00e9ho organick\u00e9ho oleja zo semien konope sativa a CBD. Pre pocit vyv\u00e1\u017eenej, hydratovanej a uvo\u013enenej poko\u017eky!<\/p>\n<p>&nbsp;<\/p>\n<h3><span style=\"font-size: 16pt;\"><strong>Vedeli ste?<\/strong><\/span><\/h3>\n<p>Organick\u00fd olej zo semien Cannabis Sativa je zn\u00e1my t\u00fdm, \u017ee svojimi ochrann\u00fdmi vlastnos\u0165ami upokojuje podr\u00e1\u017eden\u00fa poko\u017eku a upokojuje podr\u00e1\u017edenie poko\u017eky. CBD obsiahnut\u00e9 v konopnom oleji p\u00f4sob\u00ed relaxa\u010dne na nam\u00e1han\u00fa ple\u0165 so sklonom k \u200b\u200bza\u010dervenaniu a chr\u00e1ni ju pred vonkaj\u0161\u00edmi vplyvmi prostredia.<\/p>\n<p>Kanabidiol \u2013 skr\u00e1tene CBD \u2013 je pr\u00edrodn\u00e1 zlo\u017eka z p\u013e\u00facnika a z\u00edskava sa z jeho listov a listov\u00fdch stoniek. Organick\u00fd olej zo semien kanabisu sativa zmie\u0161an\u00fd s CBD sa m\u00f4\u017ee obzvl\u00e1\u0161\u0165 dobre stara\u0165 o nam\u00e1han\u00fa poko\u017eku v\u010faka svojim upokojuj\u00facim vlastnostiam.<\/p>\n","protected":false},"excerpt":{"rendered":"<ul>\n<li><strong><span style=\"color: #ff0000;\">LIMITOVAN\u00c1 PONUKA<\/span><\/strong><\/li>\n<li>2-f\u00e1zov\u00e9 s\u00e9rum na tv\u00e1r pre nam\u00e1han\u00fa ple\u0165<\/li>\n<li>Sprchov\u00fd g\u00e9lov\u00fd olej jemne \u010dist\u00ed nam\u00e1han\u00fa poko\u017eku a poskytuje dostatok hydrat\u00e1cie<\/li>\n<li>Telov\u00fd peeling z morskej soli zjem\u0148uje ple\u0165 a upokojuje poko\u017eku<\/li>\n<li>S 50% g\u00e9lom z aloe vera, organick\u00fdm olejom zo semien kanabisu sativa a CBD<\/li>\n<\/ul>\n<p>&nbsp;<\/p>\n","protected":false},"featured_media":18252,"comment_status":"open","ping_status":"closed","template":"","meta":{"_kad_blocks_custom_css":"","_kad_blocks_head_custom_js":"","_kad_blocks_body_custom_js":"","_kad_blocks_footer_custom_js":"","_kadence_starter_templates_imported_post":false,"_kad_post_transparent":"default","_kad_post_title":"","_kad_post_layout":"default","_kad_post_sidebar_id":"","_kad_post_content_style":"default","_kad_post_vertical_padding":"default","_kad_post_feature":"","_kad_post_feature_position":"","_kad_post_header":false,"_kad_post_footer":false,"_kad_post_classname":""},"product_brand":[],"product_cat":[216,236,231,241,355],"product_tag":[619],"class_list":{"0":"post-18544","1":"product","2":"type-product","3":"status-publish","4":"has-post-thumbnail","6":"product_cat-aloe-vera-sk","7":"product_cat-cbd-sk","8":"product_cat-starostlivost-o-telo","9":"product_cat-starostlivost-o-tvar","10":"product_cat-zlavy","11":"product_tag-cbd-produkty","13":"first","14":"outofstock","15":"sale","16":"taxable","17":"shipping-taxable","18":"purchasable","19":"product-type-simple","20":"entry","21":"content-bg","22":"loop-entry"},"yoast_head":"<!-- This site is optimized with the Yoast SEO Premium plugin v27.5 (Yoast SEO v27.5) - https:\/\/yoast.com\/product\/yoast-seo-premium-wordpress\/ -->\n<title>CBD Sada Starostlivosti o Ple\u0165<\/title>\n<meta name=\"description\" content=\"Rozl\u00fa\u010dte sa so stresovanou a suchou poko\u017ekou. Na\u0161a CBD Sada Starostlivosti o Ple\u0165 v\u00e1m pom\u00f4\u017ee. Jemne \u010dist\u00ed, upokojuje a hydratuje pre zdrav\u00fd a \u017eiariv\u00fd vzh\u013ead.\" \/>\n<meta name=\"robots\" content=\"index, follow, max-snippet:-1, max-image-preview:large, max-video-preview:-1\" \/>\n<link rel=\"canonical\" href=\"https:\/\/www.lraloeverashop.eu\/sk\/produkt\/sada-cbd-starostlivosti-o-plet\/\" \/>\n<meta property=\"og:locale\" content=\"sk_SK\" \/>\n<meta property=\"og:type\" content=\"article\" \/>\n<meta property=\"og:title\" content=\"Sada CBD Starostlivosti o Ple\u0165\" \/>\n<meta property=\"og:description\" content=\"Rozl\u00fa\u010dte sa so stresovanou a suchou poko\u017ekou. Na\u0161a CBD Sada Starostlivosti o Ple\u0165 v\u00e1m pom\u00f4\u017ee. Jemne \u010dist\u00ed, upokojuje a hydratuje pre zdrav\u00fd a \u017eiariv\u00fd vzh\u013ead.\" \/>\n<meta property=\"og:url\" content=\"https:\/\/www.lraloeverashop.eu\/sk\/produkt\/sada-cbd-starostlivosti-o-plet\/\" \/>\n<meta property=\"og:site_name\" content=\"Lr Obchod Aloe Vera\" \/>\n<meta property=\"article:publisher\" content=\"https:\/\/www.facebook.com\/lraloeverashop.eu\" \/>\n<meta property=\"article:modified_time\" content=\"2025-12-15T07:41:18+00:00\" \/>\n<meta property=\"og:image\" content=\"https:\/\/www.lraloeverashop.eu\/wp-content\/uploads\/2024\/11\/CBD-Skin-Care.jpg\" \/>\n\t<meta property=\"og:image:width\" content=\"1200\" \/>\n\t<meta property=\"og:image:height\" content=\"1200\" \/>\n\t<meta property=\"og:image:type\" content=\"image\/jpeg\" \/>\n<meta name=\"twitter:card\" content=\"summary_large_image\" \/>\n<meta name=\"twitter:site\" content=\"@natur__kosmetik\" \/>\n<script type=\"application\/ld+json\" class=\"yoast-schema-graph\">{\"@context\":\"https:\\\/\\\/schema.org\",\"@graph\":[{\"@type\":[\"WebPage\",\"ItemPage\"],\"@id\":\"https:\\\/\\\/www.lraloeverashop.eu\\\/sk\\\/produkt\\\/sada-cbd-starostlivosti-o-plet\\\/\",\"url\":\"https:\\\/\\\/www.lraloeverashop.eu\\\/sk\\\/produkt\\\/sada-cbd-starostlivosti-o-plet\\\/\",\"name\":\"CBD Sada Starostlivosti o Ple\u0165\",\"isPartOf\":{\"@id\":\"https:\\\/\\\/www.lraloeverashop.eu\\\/sk\\\/#website\"},\"primaryImageOfPage\":{\"@id\":\"https:\\\/\\\/www.lraloeverashop.eu\\\/sk\\\/produkt\\\/sada-cbd-starostlivosti-o-plet\\\/#primaryimage\"},\"image\":{\"@id\":\"https:\\\/\\\/www.lraloeverashop.eu\\\/sk\\\/produkt\\\/sada-cbd-starostlivosti-o-plet\\\/#primaryimage\"},\"thumbnailUrl\":\"https:\\\/\\\/www.lraloeverashop.eu\\\/wp-content\\\/uploads\\\/2024\\\/11\\\/CBD-Skin-Care.jpg\",\"datePublished\":\"2024-11-04T14:27:18+00:00\",\"dateModified\":\"2025-12-15T07:41:18+00:00\",\"description\":\"Rozl\u00fa\u010dte sa so stresovanou a suchou poko\u017ekou. Na\u0161a CBD Sada Starostlivosti o Ple\u0165 v\u00e1m pom\u00f4\u017ee. Jemne \u010dist\u00ed, upokojuje a hydratuje pre zdrav\u00fd a \u017eiariv\u00fd vzh\u013ead.\",\"breadcrumb\":{\"@id\":\"https:\\\/\\\/www.lraloeverashop.eu\\\/sk\\\/produkt\\\/sada-cbd-starostlivosti-o-plet\\\/#breadcrumb\"},\"inLanguage\":\"sk-SK\",\"potentialAction\":[{\"@type\":\"ReadAction\",\"target\":[\"https:\\\/\\\/www.lraloeverashop.eu\\\/sk\\\/produkt\\\/sada-cbd-starostlivosti-o-plet\\\/\"]}]},{\"@type\":\"ImageObject\",\"inLanguage\":\"sk-SK\",\"@id\":\"https:\\\/\\\/www.lraloeverashop.eu\\\/sk\\\/produkt\\\/sada-cbd-starostlivosti-o-plet\\\/#primaryimage\",\"url\":\"https:\\\/\\\/www.lraloeverashop.eu\\\/wp-content\\\/uploads\\\/2024\\\/11\\\/CBD-Skin-Care.jpg\",\"contentUrl\":\"https:\\\/\\\/www.lraloeverashop.eu\\\/wp-content\\\/uploads\\\/2024\\\/11\\\/CBD-Skin-Care.jpg\",\"width\":1200,\"height\":1200,\"caption\":\"CBD na Starostlivos\u0165 o ple\u0165\"},{\"@type\":\"BreadcrumbList\",\"@id\":\"https:\\\/\\\/www.lraloeverashop.eu\\\/sk\\\/produkt\\\/sada-cbd-starostlivosti-o-plet\\\/#breadcrumb\",\"itemListElement\":[{\"@type\":\"ListItem\",\"position\":1,\"name\":\"Home\",\"item\":\"https:\\\/\\\/www.lraloeverashop.eu\\\/sk\\\/aloe-vera-obchod-vsetko-pre-vasu-krasu-a-pohodu\\\/\"},{\"@type\":\"ListItem\",\"position\":2,\"name\":\"Obchod\",\"item\":\"https:\\\/\\\/www.lraloeverashop.eu\\\/sk\\\/obchod\\\/\"},{\"@type\":\"ListItem\",\"position\":3,\"name\":\"Sada CBD Starostlivosti o Ple\u0165\"}]},{\"@type\":\"WebSite\",\"@id\":\"https:\\\/\\\/www.lraloeverashop.eu\\\/sk\\\/#website\",\"url\":\"https:\\\/\\\/www.lraloeverashop.eu\\\/sk\\\/\",\"name\":\"Lr Obchod Aloe Vera\",\"description\":\"High Quality Lr Aloe Vera Gel, Aloe Vera Cream and Shampoo\",\"publisher\":{\"@id\":\"https:\\\/\\\/www.lraloeverashop.eu\\\/sk\\\/#organization\"},\"alternateName\":\"LR\",\"potentialAction\":[{\"@type\":\"SearchAction\",\"target\":{\"@type\":\"EntryPoint\",\"urlTemplate\":\"https:\\\/\\\/www.lraloeverashop.eu\\\/sk\\\/?s={search_term_string}\"},\"query-input\":{\"@type\":\"PropertyValueSpecification\",\"valueRequired\":true,\"valueName\":\"search_term_string\"}}],\"inLanguage\":\"sk-SK\"},{\"@type\":\"Organization\",\"@id\":\"https:\\\/\\\/www.lraloeverashop.eu\\\/sk\\\/#organization\",\"name\":\"Lr Obchod Aloe Vera\",\"alternateName\":\"LR\",\"url\":\"https:\\\/\\\/www.lraloeverashop.eu\\\/sk\\\/\",\"logo\":{\"@type\":\"ImageObject\",\"inLanguage\":\"sk-SK\",\"@id\":\"https:\\\/\\\/www.lraloeverashop.eu\\\/sk\\\/#\\\/schema\\\/logo\\\/image\\\/\",\"url\":\"https:\\\/\\\/www.lraloeverashop.eu\\\/wp-content\\\/uploads\\\/2022\\\/09\\\/cropped-Lr-Aloe-Vera-Shop.jpg\",\"contentUrl\":\"https:\\\/\\\/www.lraloeverashop.eu\\\/wp-content\\\/uploads\\\/2022\\\/09\\\/cropped-Lr-Aloe-Vera-Shop.jpg\",\"width\":228,\"height\":76,\"caption\":\"Lr Obchod Aloe Vera\"},\"image\":{\"@id\":\"https:\\\/\\\/www.lraloeverashop.eu\\\/sk\\\/#\\\/schema\\\/logo\\\/image\\\/\"},\"sameAs\":[\"https:\\\/\\\/www.facebook.com\\\/lraloeverashop.eu\",\"https:\\\/\\\/x.com\\\/natur__kosmetik\",\"https:\\\/\\\/www.youtube.com\\\/channel\\\/UC5oN7BJ8nfYb8RpVtjwDEBA\",\"https:\\\/\\\/www.instagram.com\\\/lrbeautyeu\\\/\"],\"description\":\"Obchod Lr Aloe Vera je va\u0161\u00edm d\u00f4veryhodn\u00fdm miestom pre pr\u00e9miov\u00e9 produkty LR Health & Beauty vyroben\u00e9 v Nemecku. Pon\u00fakame vysokokvalitn\u00e9 rie\u0161enia starostlivosti o ple\u0165 s Aloe Vera, v\u00fd\u017eivu a proti starnutiu, vyroben\u00e9 z \u010dist\u00fdch ingredienci\u00ed a podlo\u017een\u00e9 vedeck\u00fdm v\u00fdskumom. Objavte pr\u00edrodn\u00fa starostlivos\u0165, ktor\u00e1 regeneruje, chr\u00e1ni a revitalizuje va\u0161u ple\u0165 \u2013 a vyu\u017eite exkluz\u00edvne mesa\u010dn\u00e9 ponuky na na\u0161e najpred\u00e1vanej\u0161ie produkty LR Aloe Vera.\\nZa\u010dnite svoju cestu za pr\u00edrodnou starostlivos\u0165ou o ple\u0165 e\u0161te dnes a poc\u00ed\u0165te rozdiel.\",\"email\":\"info@lraloeverashop.eu\",\"telephone\":\"+49 17670609653\",\"legalName\":\"Lr Aloe Vera Shop\",\"foundingDate\":\"2018-04-21\",\"numberOfEmployees\":{\"@type\":\"QuantitativeValue\",\"minValue\":\"1\",\"maxValue\":\"10\"}}]}<\/script>\n<meta property=\"product:price:amount\" content=\"53.99\" \/>\n<meta property=\"product:price:currency\" content=\"EUR\" \/>\n<meta property=\"og:availability\" content=\"out of stock\" \/>\n<meta property=\"product:availability\" content=\"out of stock\" \/>\n<meta property=\"product:retailer_item_id\" content=\"20853-1SK\" \/>\n<meta property=\"product:condition\" content=\"new\" \/>\n<!-- \/ Yoast SEO Premium plugin. -->","yoast_head_json":{"title":"CBD Sada Starostlivosti o Ple\u0165","description":"Rozl\u00fa\u010dte sa so stresovanou a suchou poko\u017ekou. Na\u0161a CBD Sada Starostlivosti o Ple\u0165 v\u00e1m pom\u00f4\u017ee. Jemne \u010dist\u00ed, upokojuje a hydratuje pre zdrav\u00fd a \u017eiariv\u00fd vzh\u013ead.","robots":{"index":"index","follow":"follow","max-snippet":"max-snippet:-1","max-image-preview":"max-image-preview:large","max-video-preview":"max-video-preview:-1"},"canonical":"https:\/\/www.lraloeverashop.eu\/sk\/produkt\/sada-cbd-starostlivosti-o-plet\/","og_locale":"sk_SK","og_type":"article","og_title":"Sada CBD Starostlivosti o Ple\u0165","og_description":"Rozl\u00fa\u010dte sa so stresovanou a suchou poko\u017ekou. Na\u0161a CBD Sada Starostlivosti o Ple\u0165 v\u00e1m pom\u00f4\u017ee. Jemne \u010dist\u00ed, upokojuje a hydratuje pre zdrav\u00fd a \u017eiariv\u00fd vzh\u013ead.","og_url":"https:\/\/www.lraloeverashop.eu\/sk\/produkt\/sada-cbd-starostlivosti-o-plet\/","og_site_name":"Lr Obchod Aloe Vera","article_publisher":"https:\/\/www.facebook.com\/lraloeverashop.eu","article_modified_time":"2025-12-15T07:41:18+00:00","og_image":[{"width":1200,"height":1200,"url":"https:\/\/www.lraloeverashop.eu\/wp-content\/uploads\/2024\/11\/CBD-Skin-Care.jpg","type":"image\/jpeg"}],"twitter_card":"summary_large_image","twitter_site":"@natur__kosmetik","schema":{"@context":"https:\/\/schema.org","@graph":[{"@type":["WebPage","ItemPage"],"@id":"https:\/\/www.lraloeverashop.eu\/sk\/produkt\/sada-cbd-starostlivosti-o-plet\/","url":"https:\/\/www.lraloeverashop.eu\/sk\/produkt\/sada-cbd-starostlivosti-o-plet\/","name":"CBD Sada Starostlivosti o Ple\u0165","isPartOf":{"@id":"https:\/\/www.lraloeverashop.eu\/sk\/#website"},"primaryImageOfPage":{"@id":"https:\/\/www.lraloeverashop.eu\/sk\/produkt\/sada-cbd-starostlivosti-o-plet\/#primaryimage"},"image":{"@id":"https:\/\/www.lraloeverashop.eu\/sk\/produkt\/sada-cbd-starostlivosti-o-plet\/#primaryimage"},"thumbnailUrl":"https:\/\/www.lraloeverashop.eu\/wp-content\/uploads\/2024\/11\/CBD-Skin-Care.jpg","datePublished":"2024-11-04T14:27:18+00:00","dateModified":"2025-12-15T07:41:18+00:00","description":"Rozl\u00fa\u010dte sa so stresovanou a suchou poko\u017ekou. Na\u0161a CBD Sada Starostlivosti o Ple\u0165 v\u00e1m pom\u00f4\u017ee. Jemne \u010dist\u00ed, upokojuje a hydratuje pre zdrav\u00fd a \u017eiariv\u00fd vzh\u013ead.","breadcrumb":{"@id":"https:\/\/www.lraloeverashop.eu\/sk\/produkt\/sada-cbd-starostlivosti-o-plet\/#breadcrumb"},"inLanguage":"sk-SK","potentialAction":[{"@type":"ReadAction","target":["https:\/\/www.lraloeverashop.eu\/sk\/produkt\/sada-cbd-starostlivosti-o-plet\/"]}]},{"@type":"ImageObject","inLanguage":"sk-SK","@id":"https:\/\/www.lraloeverashop.eu\/sk\/produkt\/sada-cbd-starostlivosti-o-plet\/#primaryimage","url":"https:\/\/www.lraloeverashop.eu\/wp-content\/uploads\/2024\/11\/CBD-Skin-Care.jpg","contentUrl":"https:\/\/www.lraloeverashop.eu\/wp-content\/uploads\/2024\/11\/CBD-Skin-Care.jpg","width":1200,"height":1200,"caption":"CBD na Starostlivos\u0165 o ple\u0165"},{"@type":"BreadcrumbList","@id":"https:\/\/www.lraloeverashop.eu\/sk\/produkt\/sada-cbd-starostlivosti-o-plet\/#breadcrumb","itemListElement":[{"@type":"ListItem","position":1,"name":"Home","item":"https:\/\/www.lraloeverashop.eu\/sk\/aloe-vera-obchod-vsetko-pre-vasu-krasu-a-pohodu\/"},{"@type":"ListItem","position":2,"name":"Obchod","item":"https:\/\/www.lraloeverashop.eu\/sk\/obchod\/"},{"@type":"ListItem","position":3,"name":"Sada CBD Starostlivosti o Ple\u0165"}]},{"@type":"WebSite","@id":"https:\/\/www.lraloeverashop.eu\/sk\/#website","url":"https:\/\/www.lraloeverashop.eu\/sk\/","name":"Lr Obchod Aloe Vera","description":"High Quality Lr Aloe Vera Gel, Aloe Vera Cream and Shampoo","publisher":{"@id":"https:\/\/www.lraloeverashop.eu\/sk\/#organization"},"alternateName":"LR","potentialAction":[{"@type":"SearchAction","target":{"@type":"EntryPoint","urlTemplate":"https:\/\/www.lraloeverashop.eu\/sk\/?s={search_term_string}"},"query-input":{"@type":"PropertyValueSpecification","valueRequired":true,"valueName":"search_term_string"}}],"inLanguage":"sk-SK"},{"@type":"Organization","@id":"https:\/\/www.lraloeverashop.eu\/sk\/#organization","name":"Lr Obchod Aloe Vera","alternateName":"LR","url":"https:\/\/www.lraloeverashop.eu\/sk\/","logo":{"@type":"ImageObject","inLanguage":"sk-SK","@id":"https:\/\/www.lraloeverashop.eu\/sk\/#\/schema\/logo\/image\/","url":"https:\/\/www.lraloeverashop.eu\/wp-content\/uploads\/2022\/09\/cropped-Lr-Aloe-Vera-Shop.jpg","contentUrl":"https:\/\/www.lraloeverashop.eu\/wp-content\/uploads\/2022\/09\/cropped-Lr-Aloe-Vera-Shop.jpg","width":228,"height":76,"caption":"Lr Obchod Aloe Vera"},"image":{"@id":"https:\/\/www.lraloeverashop.eu\/sk\/#\/schema\/logo\/image\/"},"sameAs":["https:\/\/www.facebook.com\/lraloeverashop.eu","https:\/\/x.com\/natur__kosmetik","https:\/\/www.youtube.com\/channel\/UC5oN7BJ8nfYb8RpVtjwDEBA","https:\/\/www.instagram.com\/lrbeautyeu\/"],"description":"Obchod Lr Aloe Vera je va\u0161\u00edm d\u00f4veryhodn\u00fdm miestom pre pr\u00e9miov\u00e9 produkty LR Health & Beauty vyroben\u00e9 v Nemecku. Pon\u00fakame vysokokvalitn\u00e9 rie\u0161enia starostlivosti o ple\u0165 s Aloe Vera, v\u00fd\u017eivu a proti starnutiu, vyroben\u00e9 z \u010dist\u00fdch ingredienci\u00ed a podlo\u017een\u00e9 vedeck\u00fdm v\u00fdskumom. Objavte pr\u00edrodn\u00fa starostlivos\u0165, ktor\u00e1 regeneruje, chr\u00e1ni a revitalizuje va\u0161u ple\u0165 \u2013 a vyu\u017eite exkluz\u00edvne mesa\u010dn\u00e9 ponuky na na\u0161e najpred\u00e1vanej\u0161ie produkty LR Aloe Vera.\nZa\u010dnite svoju cestu za pr\u00edrodnou starostlivos\u0165ou o ple\u0165 e\u0161te dnes a poc\u00ed\u0165te rozdiel.","email":"info@lraloeverashop.eu","telephone":"+49 17670609653","legalName":"Lr Aloe Vera Shop","foundingDate":"2018-04-21","numberOfEmployees":{"@type":"QuantitativeValue","minValue":"1","maxValue":"10"}}]},"product_price_amount":"53.99","product_price_currency":"EUR","og_availability":"out of stock","product_availability":"out of stock","product_retailer_item_id":"20853-1SK","product_condition":"new"},"taxonomy_info":{"product_cat":[{"value":216,"label":"Aloe Vera"},{"value":236,"label":"CBD"},{"value":231,"label":"Starostlivos\u0165 o telo"},{"value":241,"label":"Starostlivos\u0165 o tv\u00e1r"},{"value":355,"label":"Z\u013eavy"}],"product_tag":[{"value":619,"label":"Cbd produkty"}]},"featured_image_src_large":["https:\/\/www.lraloeverashop.eu\/wp-content\/uploads\/2024\/11\/CBD-Skin-Care-1024x1024.jpg",1024,1024,true],"author_info":[],"comment_info":0,"_links":{"self":[{"href":"https:\/\/www.lraloeverashop.eu\/sk\/wp-json\/wp\/v2\/product\/18544","targetHints":{"allow":["GET"]}}],"collection":[{"href":"https:\/\/www.lraloeverashop.eu\/sk\/wp-json\/wp\/v2\/product"}],"about":[{"href":"https:\/\/www.lraloeverashop.eu\/sk\/wp-json\/wp\/v2\/types\/product"}],"replies":[{"embeddable":true,"href":"https:\/\/www.lraloeverashop.eu\/sk\/wp-json\/wp\/v2\/comments?post=18544"}],"wp:featuredmedia":[{"embeddable":true,"href":"https:\/\/www.lraloeverashop.eu\/sk\/wp-json\/wp\/v2\/media\/18252"}],"wp:attachment":[{"href":"https:\/\/www.lraloeverashop.eu\/sk\/wp-json\/wp\/v2\/media?parent=18544"}],"wp:term":[{"taxonomy":"product_brand","embeddable":true,"href":"https:\/\/www.lraloeverashop.eu\/sk\/wp-json\/wp\/v2\/product_brand?post=18544"},{"taxonomy":"product_cat","embeddable":true,"href":"https:\/\/www.lraloeverashop.eu\/sk\/wp-json\/wp\/v2\/product_cat?post=18544"},{"taxonomy":"product_tag","embeddable":true,"href":"https:\/\/www.lraloeverashop.eu\/sk\/wp-json\/wp\/v2\/product_tag?post=18544"}],"curies":[{"name":"wp","href":"https:\/\/api.w.org\/{rel}","templated":true}]}}