{"id":18365,"date":"2024-11-04T18:10:45","date_gmt":"2024-11-04T17:10:45","guid":{"rendered":"https:\/\/www.lraloeverashop.eu\/product\/set-na-detsku-plet\/"},"modified":"2025-12-15T08:40:23","modified_gmt":"2025-12-15T07:40:23","slug":"set-na-detsku-plet","status":"publish","type":"product","link":"https:\/\/www.lraloeverashop.eu\/sk\/produkt\/set-na-detsku-plet\/","title":{"rendered":"Set na detsk\u00fa ple\u0165"},"content":{"rendered":"<h2><span style=\"font-size: 16pt;\"><strong>Set na detsk\u00fa ple\u0165<\/strong><\/span><\/h2>\n<p><span style=\"font-size: 16pt;\"><strong>Set na detsk\u00fa ple\u0165 \u2013 Starostlivos\u0165 a \u010distenie pre citliv\u00fa poko\u017eku die\u0165a\u0165a<\/strong><\/span><\/p>\n<p>Poko\u017eka die\u0165a\u0165a je citlivej\u0161ia ako poko\u017eka dospel\u00e9ho. Potrebuje \u0161peci\u00e1lnu starostlivos\u0165, aby zostala jemn\u00e1 a odoln\u00e1. Jemn\u00e1 s\u00faprava na starostlivos\u0165 o ple\u0165 pre die\u0165a s a\u017e 40 % aloe vera, organick\u00fdm extraktom z necht\u00edka a panthenolom poskytuje poko\u017eke vlhkos\u0165 a podporuje prirodzen\u00fa ochrann\u00fa bari\u00e9ru poko\u017eky.<\/p>\n<p><strong>Lr Aloe Vera Detsk\u00fd Jemn\u00fd Ochrann\u00fd kr\u00e9m<\/strong>\u00a0chr\u00e1ni a\u00a0<a href=\"https:\/\/www.lraloeverashop.eu\/sk\/produkt\/aloe-vera-detsky-jemny-ochranny-krem\/\">vy\u017eivuje citliv\u00fa poko\u017eku<\/a>\u00a0v oblasti plienky. 40% Aloe Vera, extrakt z organick\u00e9ho necht\u00edka, zinok a pantenol zabra\u0148uj\u00fa vyr\u00e1\u017ekam.<\/p>\n<p><strong>Lr Aloe Vera Detsk\u00e1 Jemn\u00e1 Um\u00fdvacia emulzia a \u0161amp\u00f3n<\/strong>\u00a0bola vyvinut\u00e1 pre mierne \u010distenie citlivej detskej poko\u017eky. Obsah Aloe Vera pom\u00e1ha ko\u017ei regulova\u0165 svoj vlastn\u00fa vlhkos\u0165. nechtikov\u00fd extrakt upokojuje poko\u017eku a s\u00f3jov\u00fd olej udr\u017eiava jej hebkost.<\/p>\n","protected":false},"excerpt":{"rendered":"<ul>\n<li><strong><span style=\"color: #ff0000;\">LIMITOVAN\u00c1 PONUKA<\/span><\/strong><\/li>\n<li>Starostlivos\u0165 a \u010distenie pre citliv\u00fa poko\u017eku<\/li>\n<li>S a\u017e 40 % aloe vera<\/li>\n<li>Detsk\u00fd Jemn\u00fd Ochrann\u00fd kr\u00e9m na citliv\u00fa detsk\u00fa poko\u017eku<\/li>\n<li>Lr Aloe Vera Detsk\u00e1 Jemn\u00e1 Um\u00fdvacia emulzia a \u0161amp\u00f3n jemne \u010dist\u00ed<\/li>\n<li>V\u00fdrobky vyroben\u00e9 v Nemecku<\/li>\n<\/ul>\n<p>&nbsp;<\/p>\n","protected":false},"featured_media":18238,"comment_status":"open","ping_status":"closed","template":"","meta":{"_kad_blocks_custom_css":"","_kad_blocks_head_custom_js":"","_kad_blocks_body_custom_js":"","_kad_blocks_footer_custom_js":"","_kadence_starter_templates_imported_post":false,"_kad_post_transparent":"default","_kad_post_title":"","_kad_post_layout":"default","_kad_post_sidebar_id":"","_kad_post_content_style":"default","_kad_post_vertical_padding":"default","_kad_post_feature":"","_kad_post_feature_position":"","_kad_post_header":false,"_kad_post_footer":false,"_kad_post_classname":""},"product_brand":[],"product_cat":[216,222,355],"product_tag":[],"class_list":{"0":"post-18365","1":"product","2":"type-product","3":"status-publish","4":"has-post-thumbnail","6":"product_cat-aloe-vera-sk","7":"product_cat-starostlivost-o-dieta","8":"product_cat-zlavy","10":"first","11":"outofstock","12":"sale","13":"taxable","14":"shipping-taxable","15":"purchasable","16":"product-type-simple","17":"entry","18":"content-bg","19":"loop-entry"},"yoast_head":"<!-- This site is optimized with the Yoast SEO Premium plugin v27.5 (Yoast SEO v27.5) - https:\/\/yoast.com\/product\/yoast-seo-premium-wordpress\/ -->\n<title>Set na detsk\u00fa ple\u0165: Jemn\u00e1 a v\u00fd\u017eivn\u00e1 starostlivos\u0165 pre citliv\u00fa poko\u017eku<\/title>\n<meta name=\"description\" content=\"N\u00e1\u0161 Set na detsk\u00fa ple\u0165 V\u00e1m pom\u00f4\u017ee Chr\u00e1\u0148it, vy\u017eivi\u0165 a udr\u017eiava\u0165 zdrav\u00fa poko\u017eku v\u00e1\u0161ho die\u0165a\u0165a. S aloe vera, extraktom z necht\u00edka a panthenolom pre citliv\u00fa poko\u017eku.\" \/>\n<meta name=\"robots\" content=\"index, follow, max-snippet:-1, max-image-preview:large, max-video-preview:-1\" \/>\n<link rel=\"canonical\" href=\"https:\/\/www.lraloeverashop.eu\/sk\/produkt\/set-na-detsku-plet\/\" \/>\n<meta property=\"og:locale\" content=\"sk_SK\" \/>\n<meta property=\"og:type\" content=\"article\" \/>\n<meta property=\"og:title\" content=\"Set na detsk\u00fa ple\u0165\" \/>\n<meta property=\"og:description\" content=\"N\u00e1\u0161 Set na detsk\u00fa ple\u0165 V\u00e1m pom\u00f4\u017ee Chr\u00e1\u0148it, vy\u017eivi\u0165 a udr\u017eiava\u0165 zdrav\u00fa poko\u017eku v\u00e1\u0161ho die\u0165a\u0165a. S aloe vera, extraktom z necht\u00edka a panthenolom pre citliv\u00fa poko\u017eku.\" \/>\n<meta property=\"og:url\" content=\"https:\/\/www.lraloeverashop.eu\/sk\/produkt\/set-na-detsku-plet\/\" \/>\n<meta property=\"og:site_name\" content=\"Lr Obchod Aloe Vera\" \/>\n<meta property=\"article:publisher\" content=\"https:\/\/www.facebook.com\/lraloeverashop.eu\" \/>\n<meta property=\"article:modified_time\" content=\"2025-12-15T07:40:23+00:00\" \/>\n<meta property=\"og:image\" content=\"https:\/\/www.lraloeverashop.eu\/wp-content\/uploads\/2024\/11\/Baby-Skin-Care.jpg\" \/>\n\t<meta property=\"og:image:width\" content=\"1200\" \/>\n\t<meta property=\"og:image:height\" content=\"1200\" \/>\n\t<meta property=\"og:image:type\" content=\"image\/jpeg\" \/>\n<meta name=\"twitter:card\" content=\"summary_large_image\" \/>\n<meta name=\"twitter:site\" content=\"@natur__kosmetik\" \/>\n<script type=\"application\/ld+json\" class=\"yoast-schema-graph\">{\"@context\":\"https:\\\/\\\/schema.org\",\"@graph\":[{\"@type\":[\"WebPage\",\"ItemPage\"],\"@id\":\"https:\\\/\\\/www.lraloeverashop.eu\\\/sk\\\/produkt\\\/set-na-detsku-plet\\\/\",\"url\":\"https:\\\/\\\/www.lraloeverashop.eu\\\/sk\\\/produkt\\\/set-na-detsku-plet\\\/\",\"name\":\"Set na detsk\u00fa ple\u0165: Jemn\u00e1 a v\u00fd\u017eivn\u00e1 starostlivos\u0165 pre citliv\u00fa poko\u017eku\",\"isPartOf\":{\"@id\":\"https:\\\/\\\/www.lraloeverashop.eu\\\/sk\\\/#website\"},\"primaryImageOfPage\":{\"@id\":\"https:\\\/\\\/www.lraloeverashop.eu\\\/sk\\\/produkt\\\/set-na-detsku-plet\\\/#primaryimage\"},\"image\":{\"@id\":\"https:\\\/\\\/www.lraloeverashop.eu\\\/sk\\\/produkt\\\/set-na-detsku-plet\\\/#primaryimage\"},\"thumbnailUrl\":\"https:\\\/\\\/www.lraloeverashop.eu\\\/wp-content\\\/uploads\\\/2024\\\/11\\\/Baby-Skin-Care.jpg\",\"datePublished\":\"2024-11-04T17:10:45+00:00\",\"dateModified\":\"2025-12-15T07:40:23+00:00\",\"description\":\"N\u00e1\u0161 Set na detsk\u00fa ple\u0165 V\u00e1m pom\u00f4\u017ee Chr\u00e1\u0148it, vy\u017eivi\u0165 a udr\u017eiava\u0165 zdrav\u00fa poko\u017eku v\u00e1\u0161ho die\u0165a\u0165a. S aloe vera, extraktom z necht\u00edka a panthenolom pre citliv\u00fa poko\u017eku.\",\"breadcrumb\":{\"@id\":\"https:\\\/\\\/www.lraloeverashop.eu\\\/sk\\\/produkt\\\/set-na-detsku-plet\\\/#breadcrumb\"},\"inLanguage\":\"sk-SK\",\"potentialAction\":[{\"@type\":\"ReadAction\",\"target\":[\"https:\\\/\\\/www.lraloeverashop.eu\\\/sk\\\/produkt\\\/set-na-detsku-plet\\\/\"]}]},{\"@type\":\"ImageObject\",\"inLanguage\":\"sk-SK\",\"@id\":\"https:\\\/\\\/www.lraloeverashop.eu\\\/sk\\\/produkt\\\/set-na-detsku-plet\\\/#primaryimage\",\"url\":\"https:\\\/\\\/www.lraloeverashop.eu\\\/wp-content\\\/uploads\\\/2024\\\/11\\\/Baby-Skin-Care.jpg\",\"contentUrl\":\"https:\\\/\\\/www.lraloeverashop.eu\\\/wp-content\\\/uploads\\\/2024\\\/11\\\/Baby-Skin-Care.jpg\",\"width\":1200,\"height\":1200,\"caption\":\"Sada starostlivosti o detsk\u00fa poko\u017eku Aloe Vera\"},{\"@type\":\"BreadcrumbList\",\"@id\":\"https:\\\/\\\/www.lraloeverashop.eu\\\/sk\\\/produkt\\\/set-na-detsku-plet\\\/#breadcrumb\",\"itemListElement\":[{\"@type\":\"ListItem\",\"position\":1,\"name\":\"Home\",\"item\":\"https:\\\/\\\/www.lraloeverashop.eu\\\/sk\\\/aloe-vera-obchod-vsetko-pre-vasu-krasu-a-pohodu\\\/\"},{\"@type\":\"ListItem\",\"position\":2,\"name\":\"Obchod\",\"item\":\"https:\\\/\\\/www.lraloeverashop.eu\\\/sk\\\/obchod\\\/\"},{\"@type\":\"ListItem\",\"position\":3,\"name\":\"Set na detsk\u00fa ple\u0165\"}]},{\"@type\":\"WebSite\",\"@id\":\"https:\\\/\\\/www.lraloeverashop.eu\\\/sk\\\/#website\",\"url\":\"https:\\\/\\\/www.lraloeverashop.eu\\\/sk\\\/\",\"name\":\"Lr Obchod Aloe Vera\",\"description\":\"High Quality Lr Aloe Vera Gel, Aloe Vera Cream and Shampoo\",\"publisher\":{\"@id\":\"https:\\\/\\\/www.lraloeverashop.eu\\\/sk\\\/#organization\"},\"alternateName\":\"LR\",\"potentialAction\":[{\"@type\":\"SearchAction\",\"target\":{\"@type\":\"EntryPoint\",\"urlTemplate\":\"https:\\\/\\\/www.lraloeverashop.eu\\\/sk\\\/?s={search_term_string}\"},\"query-input\":{\"@type\":\"PropertyValueSpecification\",\"valueRequired\":true,\"valueName\":\"search_term_string\"}}],\"inLanguage\":\"sk-SK\"},{\"@type\":\"Organization\",\"@id\":\"https:\\\/\\\/www.lraloeverashop.eu\\\/sk\\\/#organization\",\"name\":\"Lr Obchod Aloe Vera\",\"alternateName\":\"LR\",\"url\":\"https:\\\/\\\/www.lraloeverashop.eu\\\/sk\\\/\",\"logo\":{\"@type\":\"ImageObject\",\"inLanguage\":\"sk-SK\",\"@id\":\"https:\\\/\\\/www.lraloeverashop.eu\\\/sk\\\/#\\\/schema\\\/logo\\\/image\\\/\",\"url\":\"https:\\\/\\\/www.lraloeverashop.eu\\\/wp-content\\\/uploads\\\/2022\\\/09\\\/cropped-Lr-Aloe-Vera-Shop.jpg\",\"contentUrl\":\"https:\\\/\\\/www.lraloeverashop.eu\\\/wp-content\\\/uploads\\\/2022\\\/09\\\/cropped-Lr-Aloe-Vera-Shop.jpg\",\"width\":228,\"height\":76,\"caption\":\"Lr Obchod Aloe Vera\"},\"image\":{\"@id\":\"https:\\\/\\\/www.lraloeverashop.eu\\\/sk\\\/#\\\/schema\\\/logo\\\/image\\\/\"},\"sameAs\":[\"https:\\\/\\\/www.facebook.com\\\/lraloeverashop.eu\",\"https:\\\/\\\/x.com\\\/natur__kosmetik\",\"https:\\\/\\\/www.youtube.com\\\/channel\\\/UC5oN7BJ8nfYb8RpVtjwDEBA\",\"https:\\\/\\\/www.instagram.com\\\/lrbeautyeu\\\/\"],\"description\":\"Obchod Lr Aloe Vera je va\u0161\u00edm d\u00f4veryhodn\u00fdm miestom pre pr\u00e9miov\u00e9 produkty LR Health & Beauty vyroben\u00e9 v Nemecku. Pon\u00fakame vysokokvalitn\u00e9 rie\u0161enia starostlivosti o ple\u0165 s Aloe Vera, v\u00fd\u017eivu a proti starnutiu, vyroben\u00e9 z \u010dist\u00fdch ingredienci\u00ed a podlo\u017een\u00e9 vedeck\u00fdm v\u00fdskumom. Objavte pr\u00edrodn\u00fa starostlivos\u0165, ktor\u00e1 regeneruje, chr\u00e1ni a revitalizuje va\u0161u ple\u0165 \u2013 a vyu\u017eite exkluz\u00edvne mesa\u010dn\u00e9 ponuky na na\u0161e najpred\u00e1vanej\u0161ie produkty LR Aloe Vera.\\nZa\u010dnite svoju cestu za pr\u00edrodnou starostlivos\u0165ou o ple\u0165 e\u0161te dnes a poc\u00ed\u0165te rozdiel.\",\"email\":\"info@lraloeverashop.eu\",\"telephone\":\"+49 17670609653\",\"legalName\":\"Lr Aloe Vera Shop\",\"foundingDate\":\"2018-04-21\",\"numberOfEmployees\":{\"@type\":\"QuantitativeValue\",\"minValue\":\"1\",\"maxValue\":\"10\"}}]}<\/script>\n<meta property=\"product:price:amount\" content=\"20.99\" \/>\n<meta property=\"product:price:currency\" content=\"EUR\" \/>\n<meta property=\"og:availability\" content=\"out of stock\" \/>\n<meta property=\"product:availability\" content=\"out of stock\" \/>\n<meta property=\"product:retailer_item_id\" content=\"20340-1SK\" \/>\n<meta property=\"product:condition\" content=\"new\" \/>\n<!-- \/ Yoast SEO Premium plugin. -->","yoast_head_json":{"title":"Set na detsk\u00fa ple\u0165: Jemn\u00e1 a v\u00fd\u017eivn\u00e1 starostlivos\u0165 pre citliv\u00fa poko\u017eku","description":"N\u00e1\u0161 Set na detsk\u00fa ple\u0165 V\u00e1m pom\u00f4\u017ee Chr\u00e1\u0148it, vy\u017eivi\u0165 a udr\u017eiava\u0165 zdrav\u00fa poko\u017eku v\u00e1\u0161ho die\u0165a\u0165a. S aloe vera, extraktom z necht\u00edka a panthenolom pre citliv\u00fa poko\u017eku.","robots":{"index":"index","follow":"follow","max-snippet":"max-snippet:-1","max-image-preview":"max-image-preview:large","max-video-preview":"max-video-preview:-1"},"canonical":"https:\/\/www.lraloeverashop.eu\/sk\/produkt\/set-na-detsku-plet\/","og_locale":"sk_SK","og_type":"article","og_title":"Set na detsk\u00fa ple\u0165","og_description":"N\u00e1\u0161 Set na detsk\u00fa ple\u0165 V\u00e1m pom\u00f4\u017ee Chr\u00e1\u0148it, vy\u017eivi\u0165 a udr\u017eiava\u0165 zdrav\u00fa poko\u017eku v\u00e1\u0161ho die\u0165a\u0165a. S aloe vera, extraktom z necht\u00edka a panthenolom pre citliv\u00fa poko\u017eku.","og_url":"https:\/\/www.lraloeverashop.eu\/sk\/produkt\/set-na-detsku-plet\/","og_site_name":"Lr Obchod Aloe Vera","article_publisher":"https:\/\/www.facebook.com\/lraloeverashop.eu","article_modified_time":"2025-12-15T07:40:23+00:00","og_image":[{"width":1200,"height":1200,"url":"https:\/\/www.lraloeverashop.eu\/wp-content\/uploads\/2024\/11\/Baby-Skin-Care.jpg","type":"image\/jpeg"}],"twitter_card":"summary_large_image","twitter_site":"@natur__kosmetik","schema":{"@context":"https:\/\/schema.org","@graph":[{"@type":["WebPage","ItemPage"],"@id":"https:\/\/www.lraloeverashop.eu\/sk\/produkt\/set-na-detsku-plet\/","url":"https:\/\/www.lraloeverashop.eu\/sk\/produkt\/set-na-detsku-plet\/","name":"Set na detsk\u00fa ple\u0165: Jemn\u00e1 a v\u00fd\u017eivn\u00e1 starostlivos\u0165 pre citliv\u00fa poko\u017eku","isPartOf":{"@id":"https:\/\/www.lraloeverashop.eu\/sk\/#website"},"primaryImageOfPage":{"@id":"https:\/\/www.lraloeverashop.eu\/sk\/produkt\/set-na-detsku-plet\/#primaryimage"},"image":{"@id":"https:\/\/www.lraloeverashop.eu\/sk\/produkt\/set-na-detsku-plet\/#primaryimage"},"thumbnailUrl":"https:\/\/www.lraloeverashop.eu\/wp-content\/uploads\/2024\/11\/Baby-Skin-Care.jpg","datePublished":"2024-11-04T17:10:45+00:00","dateModified":"2025-12-15T07:40:23+00:00","description":"N\u00e1\u0161 Set na detsk\u00fa ple\u0165 V\u00e1m pom\u00f4\u017ee Chr\u00e1\u0148it, vy\u017eivi\u0165 a udr\u017eiava\u0165 zdrav\u00fa poko\u017eku v\u00e1\u0161ho die\u0165a\u0165a. S aloe vera, extraktom z necht\u00edka a panthenolom pre citliv\u00fa poko\u017eku.","breadcrumb":{"@id":"https:\/\/www.lraloeverashop.eu\/sk\/produkt\/set-na-detsku-plet\/#breadcrumb"},"inLanguage":"sk-SK","potentialAction":[{"@type":"ReadAction","target":["https:\/\/www.lraloeverashop.eu\/sk\/produkt\/set-na-detsku-plet\/"]}]},{"@type":"ImageObject","inLanguage":"sk-SK","@id":"https:\/\/www.lraloeverashop.eu\/sk\/produkt\/set-na-detsku-plet\/#primaryimage","url":"https:\/\/www.lraloeverashop.eu\/wp-content\/uploads\/2024\/11\/Baby-Skin-Care.jpg","contentUrl":"https:\/\/www.lraloeverashop.eu\/wp-content\/uploads\/2024\/11\/Baby-Skin-Care.jpg","width":1200,"height":1200,"caption":"Sada starostlivosti o detsk\u00fa poko\u017eku Aloe Vera"},{"@type":"BreadcrumbList","@id":"https:\/\/www.lraloeverashop.eu\/sk\/produkt\/set-na-detsku-plet\/#breadcrumb","itemListElement":[{"@type":"ListItem","position":1,"name":"Home","item":"https:\/\/www.lraloeverashop.eu\/sk\/aloe-vera-obchod-vsetko-pre-vasu-krasu-a-pohodu\/"},{"@type":"ListItem","position":2,"name":"Obchod","item":"https:\/\/www.lraloeverashop.eu\/sk\/obchod\/"},{"@type":"ListItem","position":3,"name":"Set na detsk\u00fa ple\u0165"}]},{"@type":"WebSite","@id":"https:\/\/www.lraloeverashop.eu\/sk\/#website","url":"https:\/\/www.lraloeverashop.eu\/sk\/","name":"Lr Obchod Aloe Vera","description":"High Quality Lr Aloe Vera Gel, Aloe Vera Cream and Shampoo","publisher":{"@id":"https:\/\/www.lraloeverashop.eu\/sk\/#organization"},"alternateName":"LR","potentialAction":[{"@type":"SearchAction","target":{"@type":"EntryPoint","urlTemplate":"https:\/\/www.lraloeverashop.eu\/sk\/?s={search_term_string}"},"query-input":{"@type":"PropertyValueSpecification","valueRequired":true,"valueName":"search_term_string"}}],"inLanguage":"sk-SK"},{"@type":"Organization","@id":"https:\/\/www.lraloeverashop.eu\/sk\/#organization","name":"Lr Obchod Aloe Vera","alternateName":"LR","url":"https:\/\/www.lraloeverashop.eu\/sk\/","logo":{"@type":"ImageObject","inLanguage":"sk-SK","@id":"https:\/\/www.lraloeverashop.eu\/sk\/#\/schema\/logo\/image\/","url":"https:\/\/www.lraloeverashop.eu\/wp-content\/uploads\/2022\/09\/cropped-Lr-Aloe-Vera-Shop.jpg","contentUrl":"https:\/\/www.lraloeverashop.eu\/wp-content\/uploads\/2022\/09\/cropped-Lr-Aloe-Vera-Shop.jpg","width":228,"height":76,"caption":"Lr Obchod Aloe Vera"},"image":{"@id":"https:\/\/www.lraloeverashop.eu\/sk\/#\/schema\/logo\/image\/"},"sameAs":["https:\/\/www.facebook.com\/lraloeverashop.eu","https:\/\/x.com\/natur__kosmetik","https:\/\/www.youtube.com\/channel\/UC5oN7BJ8nfYb8RpVtjwDEBA","https:\/\/www.instagram.com\/lrbeautyeu\/"],"description":"Obchod Lr Aloe Vera je va\u0161\u00edm d\u00f4veryhodn\u00fdm miestom pre pr\u00e9miov\u00e9 produkty LR Health & Beauty vyroben\u00e9 v Nemecku. Pon\u00fakame vysokokvalitn\u00e9 rie\u0161enia starostlivosti o ple\u0165 s Aloe Vera, v\u00fd\u017eivu a proti starnutiu, vyroben\u00e9 z \u010dist\u00fdch ingredienci\u00ed a podlo\u017een\u00e9 vedeck\u00fdm v\u00fdskumom. Objavte pr\u00edrodn\u00fa starostlivos\u0165, ktor\u00e1 regeneruje, chr\u00e1ni a revitalizuje va\u0161u ple\u0165 \u2013 a vyu\u017eite exkluz\u00edvne mesa\u010dn\u00e9 ponuky na na\u0161e najpred\u00e1vanej\u0161ie produkty LR Aloe Vera.\nZa\u010dnite svoju cestu za pr\u00edrodnou starostlivos\u0165ou o ple\u0165 e\u0161te dnes a poc\u00ed\u0165te rozdiel.","email":"info@lraloeverashop.eu","telephone":"+49 17670609653","legalName":"Lr Aloe Vera Shop","foundingDate":"2018-04-21","numberOfEmployees":{"@type":"QuantitativeValue","minValue":"1","maxValue":"10"}}]},"product_price_amount":"20.99","product_price_currency":"EUR","og_availability":"out of stock","product_availability":"out of stock","product_retailer_item_id":"20340-1SK","product_condition":"new"},"taxonomy_info":{"product_cat":[{"value":216,"label":"Aloe Vera"},{"value":222,"label":"Starostlivos\u0165 o die\u0165a"},{"value":355,"label":"Z\u013eavy"}]},"featured_image_src_large":["https:\/\/www.lraloeverashop.eu\/wp-content\/uploads\/2024\/11\/Baby-Skin-Care-1024x1024.jpg",1024,1024,true],"author_info":[],"comment_info":0,"_links":{"self":[{"href":"https:\/\/www.lraloeverashop.eu\/sk\/wp-json\/wp\/v2\/product\/18365","targetHints":{"allow":["GET"]}}],"collection":[{"href":"https:\/\/www.lraloeverashop.eu\/sk\/wp-json\/wp\/v2\/product"}],"about":[{"href":"https:\/\/www.lraloeverashop.eu\/sk\/wp-json\/wp\/v2\/types\/product"}],"replies":[{"embeddable":true,"href":"https:\/\/www.lraloeverashop.eu\/sk\/wp-json\/wp\/v2\/comments?post=18365"}],"wp:featuredmedia":[{"embeddable":true,"href":"https:\/\/www.lraloeverashop.eu\/sk\/wp-json\/wp\/v2\/media\/18238"}],"wp:attachment":[{"href":"https:\/\/www.lraloeverashop.eu\/sk\/wp-json\/wp\/v2\/media?parent=18365"}],"wp:term":[{"taxonomy":"product_brand","embeddable":true,"href":"https:\/\/www.lraloeverashop.eu\/sk\/wp-json\/wp\/v2\/product_brand?post=18365"},{"taxonomy":"product_cat","embeddable":true,"href":"https:\/\/www.lraloeverashop.eu\/sk\/wp-json\/wp\/v2\/product_cat?post=18365"},{"taxonomy":"product_tag","embeddable":true,"href":"https:\/\/www.lraloeverashop.eu\/sk\/wp-json\/wp\/v2\/product_tag?post=18365"}],"curies":[{"name":"wp","href":"https:\/\/api.w.org\/{rel}","templated":true}]}}