{"id":18352,"date":"2024-11-04T17:28:57","date_gmt":"2024-11-04T16:28:57","guid":{"rendered":"https:\/\/www.lraloeverashop.eu\/product\/suprava-na-starostlivost-o-plet-beauty-diamonds\/"},"modified":"2025-12-15T08:40:51","modified_gmt":"2025-12-15T07:40:51","slug":"suprava-na-starostlivost-o-plet-beauty-diamonds","status":"publish","type":"product","link":"https:\/\/www.lraloeverashop.eu\/sk\/produkt\/suprava-na-starostlivost-o-plet-beauty-diamonds\/","title":{"rendered":"S\u00faprava na Starostlivos\u0165 o Ple\u0165 Beauty Diamonds"},"content":{"rendered":"<h2><span style=\"font-size: 16pt;\"><strong>S\u00faprava na Starostlivos\u0165 o Ple\u0165 Beauty Diamonds<\/strong><\/span><\/h2>\n<p><span style=\"font-size: 14pt;\"><strong>S\u00faprava na Starostlivos\u0165 o Ple\u0165 Beauty Diamonds s Anti-Aging Efektom<\/strong><\/span><\/p>\n<p>S\u00faprava na Starostlivos\u0165 o Ple\u0165 Beauty Diamonds poskytuje va\u0161ej pleti \u017eiarivos\u0165 a optim\u00e1lnu starostlivos\u0165 ka\u017ed\u00fd de\u0148.<\/p>\n<p>Beauty Diamonds Denn\u00fd Kr\u00e9m intenz\u00edvne vy\u017eivuje ple\u0165 a posil\u0148uje ju de\u0148 \u010do de\u0148 stimulovan\u00edm produkcie kolag\u00e9nu \u2013 ple\u0165 sa zd\u00e1 by\u0165 vypnut\u00e1. Tie\u017e zanech\u00e1va ple\u0165 hodv\u00e1bne hladk\u00fa a redukuje vr\u00e1sky. Extrakt z rakytn\u00edka zpev\u0148uje ple\u0165 a zabezpe\u010duje harmonick\u00e9 kont\u00fary tv\u00e1re. Pre pevn\u00fa ple\u0165 a hodv\u00e1bne hladk\u00fd pocit.<\/p>\n<p>Vy\u017eivuj\u00faci Beauty Diamonds No\u010dn\u00fd Kr\u00e9m pom\u00e1ha pleti zni\u017eova\u0165 vidite\u013en\u00e9 zn\u00e1mky starnutia cez noc. Po\u010das sp\u00e1nku je prirodzen\u00fd ochrann\u00fd mechanizmus buniek pleti stimulovan\u00fd synergick\u00fdm komplexom dvoch patentovan\u00fdch peptidov (Replexium\u2122), tak\u017ee va\u0161a ple\u0165 sa r\u00e1no c\u00edti pevn\u00e1, pru\u017en\u00e1 a jemn\u00e1.<\/p>\n<p>Beauty Diamonds Kr\u00e9m na O\u010di &amp; Maska posil\u0148uje ple\u0165 od 40. roku \u017eivota a vidite\u013ene zni\u017euje vr\u00e1sky. Na z\u00e1klade vlastnost\u00ed diamantov v kombin\u00e1cii s prote\u00ednmi spoma\u013euje proces starnutia pleti a posil\u0148uje ochrann\u00fd mechanizmus buniek. Teraz reformulovan\u00fd s inovat\u00edvnym syst\u00e9mom transportu akt\u00edvnych l\u00e1tok a kapsulovanou \u00fa\u010dinnou l\u00e1tkou, ktor\u00e1 zni\u017euje vr\u00e1sky a h\u013abku vr\u00e1sok na tv\u00e1ri.<\/p>\n<p>&nbsp;<\/p>\n<p><strong>Pre \u017eeny&#8230;<\/strong><br \/>\n\u2026 od pribli\u017ene 40 rokov<br \/>\n\u2026 so suchou a n\u00e1ro\u010dnou ple\u0165ou<br \/>\n\u2026 ktor\u00e9 klad\u00fa d\u00f4raz na luxusn\u00fa starostlivos\u0165<br \/>\n\u2026 ktor\u00e9 chc\u00fa ve\u013ek\u00fa charizmu<br \/>\n\u2026 ktor\u00e9 chc\u00fa zn\u00ed\u017ei\u0165 vr\u00e1sky<br \/>\n\u2026 ktor\u00e9 chc\u00fa viac elasticity pleti<\/p>\n<p>&nbsp;<\/p>\n<p>S\u00faprava na Starostlivos\u0165 o Ple\u0165 Beauty Diamonds posil\u0148uje ple\u0165 od 40. roku \u017eivota a vidite\u013ene zni\u017euje vr\u00e1sky. Na z\u00e1klade vlastnost\u00ed diamantov v kombin\u00e1cii s prote\u00ednmi spoma\u013euje proces starnutia pleti a posil\u0148uje ochrann\u00fd mechanizmus buniek. Teraz reformulovan\u00e1 s inovat\u00edvnym syst\u00e9mom transportu akt\u00edvnych l\u00e1tok a kapsulovanou \u00fa\u010dinnou l\u00e1tkou, ktor\u00e1 zni\u017euje vr\u00e1sky a h\u013abku vr\u00e1sok.<\/p>\n<p>Pre maxim\u00e1lnu \u00fa\u010dinnos\u0165 v kombin\u00e1cii s n\u00e1strojom Zeitgard Pro Face Smoothing Tool.<\/p>\n<p>&nbsp;<\/p>\n","protected":false},"excerpt":{"rendered":"<ul>\n<li><strong><span style=\"color: #ff0000;\">LIMITOVAN\u00c1 PONUKA<\/span><\/strong><\/li>\n<li>Sada obsahuje: 1 x Denn\u00fd Kr\u00e9m, 1 x No\u010dn\u00fd Kr\u00e9m a 1 x Kr\u00e9m na O\u010di<\/li>\n<li>Kombin\u00e1cia akt\u00edvnych zlo\u017eiek na b\u00e1ze diamantu a peptidov<\/li>\n<li>S inovat\u00edvnym syst\u00e9mom transportu akt\u00edvnych l\u00e1tok<\/li>\n<li>Odpor\u00fa\u010da sa pou\u017e\u00edva\u0165 v kombin\u00e1cii s n\u00e1strojom Zeitgard Pro Face Smoothing Tool<\/li>\n<li>Redukuje vr\u00e1sky a spev\u0148uje ple\u0165<\/li>\n<\/ul>\n<p>&nbsp;<\/p>\n","protected":false},"featured_media":18245,"comment_status":"open","ping_status":"closed","template":"","meta":{"_kad_blocks_custom_css":"","_kad_blocks_head_custom_js":"","_kad_blocks_body_custom_js":"","_kad_blocks_footer_custom_js":"","_kadence_starter_templates_imported_post":false,"_kad_post_transparent":"default","_kad_post_title":"","_kad_post_layout":"default","_kad_post_sidebar_id":"","_kad_post_content_style":"default","_kad_post_vertical_padding":"default","_kad_post_feature":"","_kad_post_feature_position":"","_kad_post_header":false,"_kad_post_footer":false,"_kad_post_classname":""},"product_brand":[],"product_cat":[366,331,270,282],"product_tag":[706,707],"class_list":{"0":"post-18352","1":"product","2":"type-product","3":"status-publish","4":"has-post-thumbnail","6":"product_cat-beauty-diamonds-sk","7":"product_cat-produkty-proti-starnutiu","8":"product_cat-starostlivost-proti-starnutiu","9":"product_cat-zeny-nad-40-rokov","10":"product_tag-na-vrasky-na-tvari","11":"product_tag-na-vrasky-pod-ocami","13":"first","14":"instock","15":"taxable","16":"shipping-taxable","17":"purchasable","18":"product-type-simple","19":"entry","20":"content-bg","21":"loop-entry"},"yoast_head":"<!-- This site is optimized with the Yoast SEO Premium plugin v27.4 (Yoast SEO v27.4) - https:\/\/yoast.com\/product\/yoast-seo-premium-wordpress\/ -->\n<title>S\u00faprava na Starostlivos\u0165 o Ple\u0165 Beauty Diamonds Vy\u017eivuje a Posil\u0148uje<\/title>\n<meta name=\"description\" content=\"Vysokokvalitna S\u00faprava na Starostlivos\u0165 o Ple\u0165 Beauty Diamonds Redukuje vr\u00e1sky a spevnuje ple\u0165 po\u010das noci pre mladistv\u00fd vzh\u013ead.\" \/>\n<meta name=\"robots\" content=\"index, follow, max-snippet:-1, max-image-preview:large, max-video-preview:-1\" \/>\n<link rel=\"canonical\" href=\"https:\/\/www.lraloeverashop.eu\/sk\/produkt\/suprava-na-starostlivost-o-plet-beauty-diamonds\/\" \/>\n<meta property=\"og:locale\" content=\"sk_SK\" \/>\n<meta property=\"og:type\" content=\"article\" \/>\n<meta property=\"og:title\" content=\"S\u00faprava na Starostlivos\u0165 o Ple\u0165 Beauty Diamonds\" \/>\n<meta property=\"og:description\" content=\"Vysokokvalitna S\u00faprava na Starostlivos\u0165 o Ple\u0165 Beauty Diamonds Redukuje vr\u00e1sky a spevnuje ple\u0165 po\u010das noci pre mladistv\u00fd vzh\u013ead.\" \/>\n<meta property=\"og:url\" content=\"https:\/\/www.lraloeverashop.eu\/sk\/produkt\/suprava-na-starostlivost-o-plet-beauty-diamonds\/\" \/>\n<meta property=\"og:site_name\" content=\"Lr Obchod Aloe Vera\" \/>\n<meta property=\"article:publisher\" content=\"https:\/\/www.facebook.com\/lraloeverashop.eu\" \/>\n<meta property=\"article:modified_time\" content=\"2025-12-15T07:40:51+00:00\" \/>\n<meta property=\"og:image\" content=\"https:\/\/www.lraloeverashop.eu\/wp-content\/uploads\/2024\/11\/Beauty-Diamonds-Face-Care.jpg\" \/>\n\t<meta property=\"og:image:width\" content=\"1200\" \/>\n\t<meta property=\"og:image:height\" content=\"1200\" \/>\n\t<meta property=\"og:image:type\" content=\"image\/jpeg\" \/>\n<meta name=\"twitter:card\" content=\"summary_large_image\" \/>\n<meta name=\"twitter:site\" content=\"@natur__kosmetik\" \/>\n<script type=\"application\/ld+json\" class=\"yoast-schema-graph\">{\"@context\":\"https:\\\/\\\/schema.org\",\"@graph\":[{\"@type\":[\"WebPage\",\"ItemPage\"],\"@id\":\"https:\\\/\\\/www.lraloeverashop.eu\\\/sk\\\/produkt\\\/suprava-na-starostlivost-o-plet-beauty-diamonds\\\/\",\"url\":\"https:\\\/\\\/www.lraloeverashop.eu\\\/sk\\\/produkt\\\/suprava-na-starostlivost-o-plet-beauty-diamonds\\\/\",\"name\":\"S\u00faprava na Starostlivos\u0165 o Ple\u0165 Beauty Diamonds Vy\u017eivuje a Posil\u0148uje\",\"isPartOf\":{\"@id\":\"https:\\\/\\\/www.lraloeverashop.eu\\\/sk\\\/#website\"},\"primaryImageOfPage\":{\"@id\":\"https:\\\/\\\/www.lraloeverashop.eu\\\/sk\\\/produkt\\\/suprava-na-starostlivost-o-plet-beauty-diamonds\\\/#primaryimage\"},\"image\":{\"@id\":\"https:\\\/\\\/www.lraloeverashop.eu\\\/sk\\\/produkt\\\/suprava-na-starostlivost-o-plet-beauty-diamonds\\\/#primaryimage\"},\"thumbnailUrl\":\"https:\\\/\\\/www.lraloeverashop.eu\\\/wp-content\\\/uploads\\\/2024\\\/11\\\/Beauty-Diamonds-Face-Care.jpg\",\"datePublished\":\"2024-11-04T16:28:57+00:00\",\"dateModified\":\"2025-12-15T07:40:51+00:00\",\"description\":\"Vysokokvalitna S\u00faprava na Starostlivos\u0165 o Ple\u0165 Beauty Diamonds Redukuje vr\u00e1sky a spevnuje ple\u0165 po\u010das noci pre mladistv\u00fd vzh\u013ead.\",\"breadcrumb\":{\"@id\":\"https:\\\/\\\/www.lraloeverashop.eu\\\/sk\\\/produkt\\\/suprava-na-starostlivost-o-plet-beauty-diamonds\\\/#breadcrumb\"},\"inLanguage\":\"sk-SK\",\"potentialAction\":[{\"@type\":\"ReadAction\",\"target\":[\"https:\\\/\\\/www.lraloeverashop.eu\\\/sk\\\/produkt\\\/suprava-na-starostlivost-o-plet-beauty-diamonds\\\/\"]}]},{\"@type\":\"ImageObject\",\"inLanguage\":\"sk-SK\",\"@id\":\"https:\\\/\\\/www.lraloeverashop.eu\\\/sk\\\/produkt\\\/suprava-na-starostlivost-o-plet-beauty-diamonds\\\/#primaryimage\",\"url\":\"https:\\\/\\\/www.lraloeverashop.eu\\\/wp-content\\\/uploads\\\/2024\\\/11\\\/Beauty-Diamonds-Face-Care.jpg\",\"contentUrl\":\"https:\\\/\\\/www.lraloeverashop.eu\\\/wp-content\\\/uploads\\\/2024\\\/11\\\/Beauty-Diamonds-Face-Care.jpg\",\"width\":1200,\"height\":1200,\"caption\":\"Starostlivos\u0165 o tv\u00e1r Beauty Diamonds\"},{\"@type\":\"BreadcrumbList\",\"@id\":\"https:\\\/\\\/www.lraloeverashop.eu\\\/sk\\\/produkt\\\/suprava-na-starostlivost-o-plet-beauty-diamonds\\\/#breadcrumb\",\"itemListElement\":[{\"@type\":\"ListItem\",\"position\":1,\"name\":\"Home\",\"item\":\"https:\\\/\\\/www.lraloeverashop.eu\\\/sk\\\/\"},{\"@type\":\"ListItem\",\"position\":2,\"name\":\"Obchod\",\"item\":\"https:\\\/\\\/www.lraloeverashop.eu\\\/shop\\\/\"},{\"@type\":\"ListItem\",\"position\":3,\"name\":\"S\u00faprava na Starostlivos\u0165 o Ple\u0165 Beauty Diamonds\"}]},{\"@type\":\"WebSite\",\"@id\":\"https:\\\/\\\/www.lraloeverashop.eu\\\/sk\\\/#website\",\"url\":\"https:\\\/\\\/www.lraloeverashop.eu\\\/sk\\\/\",\"name\":\"Lr Obchod Aloe Vera\",\"description\":\"High Quality Lr Aloe Vera Gel, Aloe Vera Cream and Shampoo\",\"publisher\":{\"@id\":\"https:\\\/\\\/www.lraloeverashop.eu\\\/sk\\\/#organization\"},\"potentialAction\":[{\"@type\":\"SearchAction\",\"target\":{\"@type\":\"EntryPoint\",\"urlTemplate\":\"https:\\\/\\\/www.lraloeverashop.eu\\\/sk\\\/?s={search_term_string}\"},\"query-input\":{\"@type\":\"PropertyValueSpecification\",\"valueRequired\":true,\"valueName\":\"search_term_string\"}}],\"inLanguage\":\"sk-SK\"},{\"@type\":\"Organization\",\"@id\":\"https:\\\/\\\/www.lraloeverashop.eu\\\/sk\\\/#organization\",\"name\":\"Lr Obchod Aloe Vera\",\"alternateName\":\"LR\",\"url\":\"https:\\\/\\\/www.lraloeverashop.eu\\\/sk\\\/\",\"logo\":{\"@type\":\"ImageObject\",\"inLanguage\":\"sk-SK\",\"@id\":\"https:\\\/\\\/www.lraloeverashop.eu\\\/sk\\\/#\\\/schema\\\/logo\\\/image\\\/\",\"url\":\"https:\\\/\\\/www.lraloeverashop.eu\\\/wp-content\\\/uploads\\\/2022\\\/09\\\/cropped-Lr-Aloe-Vera-Shop.jpg\",\"contentUrl\":\"https:\\\/\\\/www.lraloeverashop.eu\\\/wp-content\\\/uploads\\\/2022\\\/09\\\/cropped-Lr-Aloe-Vera-Shop.jpg\",\"width\":228,\"height\":76,\"caption\":\"Lr Obchod Aloe Vera\"},\"image\":{\"@id\":\"https:\\\/\\\/www.lraloeverashop.eu\\\/sk\\\/#\\\/schema\\\/logo\\\/image\\\/\"},\"sameAs\":[\"https:\\\/\\\/www.facebook.com\\\/lraloeverashop.eu\",\"https:\\\/\\\/x.com\\\/natur__kosmetik\",\"https:\\\/\\\/www.youtube.com\\\/channel\\\/UC5oN7BJ8nfYb8RpVtjwDEBA\",\"https:\\\/\\\/www.instagram.com\\\/lrbeautyeu\\\/\"],\"description\":\"Obchod Lr Aloe Vera je va\u0161\u00edm d\u00f4veryhodn\u00fdm miestom pre pr\u00e9miov\u00e9 produkty LR Health & Beauty vyroben\u00e9 v Nemecku. Pon\u00fakame vysokokvalitn\u00e9 rie\u0161enia starostlivosti o ple\u0165 s Aloe Vera, v\u00fd\u017eivu a proti starnutiu, vyroben\u00e9 z \u010dist\u00fdch ingredienci\u00ed a podlo\u017een\u00e9 vedeck\u00fdm v\u00fdskumom. Objavte pr\u00edrodn\u00fa starostlivos\u0165, ktor\u00e1 regeneruje, chr\u00e1ni a revitalizuje va\u0161u ple\u0165 \u2013 a vyu\u017eite exkluz\u00edvne mesa\u010dn\u00e9 ponuky na na\u0161e najpred\u00e1vanej\u0161ie produkty LR Aloe Vera.\\nZa\u010dnite svoju cestu za pr\u00edrodnou starostlivos\u0165ou o ple\u0165 e\u0161te dnes a poc\u00ed\u0165te rozdiel.\",\"email\":\"info@lraloeverashop.eu\",\"telephone\":\"+49 17670609653\",\"legalName\":\"Lr Aloe Vera Shop\",\"foundingDate\":\"2018-04-21\",\"numberOfEmployees\":{\"@type\":\"QuantitativeValue\",\"minValue\":\"1\",\"maxValue\":\"10\"}}]}<\/script>\n<meta property=\"product:price:amount\" content=\"146.99\" \/>\n<meta property=\"product:price:currency\" content=\"EUR\" \/>\n<meta property=\"og:availability\" content=\"instock\" \/>\n<meta property=\"product:availability\" content=\"instock\" \/>\n<meta property=\"product:retailer_item_id\" content=\"28325-1SK\" \/>\n<meta property=\"product:condition\" content=\"new\" \/>\n<!-- \/ Yoast SEO Premium plugin. -->","yoast_head_json":{"title":"S\u00faprava na Starostlivos\u0165 o Ple\u0165 Beauty Diamonds Vy\u017eivuje a Posil\u0148uje","description":"Vysokokvalitna S\u00faprava na Starostlivos\u0165 o Ple\u0165 Beauty Diamonds Redukuje vr\u00e1sky a spevnuje ple\u0165 po\u010das noci pre mladistv\u00fd vzh\u013ead.","robots":{"index":"index","follow":"follow","max-snippet":"max-snippet:-1","max-image-preview":"max-image-preview:large","max-video-preview":"max-video-preview:-1"},"canonical":"https:\/\/www.lraloeverashop.eu\/sk\/produkt\/suprava-na-starostlivost-o-plet-beauty-diamonds\/","og_locale":"sk_SK","og_type":"article","og_title":"S\u00faprava na Starostlivos\u0165 o Ple\u0165 Beauty Diamonds","og_description":"Vysokokvalitna S\u00faprava na Starostlivos\u0165 o Ple\u0165 Beauty Diamonds Redukuje vr\u00e1sky a spevnuje ple\u0165 po\u010das noci pre mladistv\u00fd vzh\u013ead.","og_url":"https:\/\/www.lraloeverashop.eu\/sk\/produkt\/suprava-na-starostlivost-o-plet-beauty-diamonds\/","og_site_name":"Lr Obchod Aloe Vera","article_publisher":"https:\/\/www.facebook.com\/lraloeverashop.eu","article_modified_time":"2025-12-15T07:40:51+00:00","og_image":[{"width":1200,"height":1200,"url":"https:\/\/www.lraloeverashop.eu\/wp-content\/uploads\/2024\/11\/Beauty-Diamonds-Face-Care.jpg","type":"image\/jpeg"}],"twitter_card":"summary_large_image","twitter_site":"@natur__kosmetik","schema":{"@context":"https:\/\/schema.org","@graph":[{"@type":["WebPage","ItemPage"],"@id":"https:\/\/www.lraloeverashop.eu\/sk\/produkt\/suprava-na-starostlivost-o-plet-beauty-diamonds\/","url":"https:\/\/www.lraloeverashop.eu\/sk\/produkt\/suprava-na-starostlivost-o-plet-beauty-diamonds\/","name":"S\u00faprava na Starostlivos\u0165 o Ple\u0165 Beauty Diamonds Vy\u017eivuje a Posil\u0148uje","isPartOf":{"@id":"https:\/\/www.lraloeverashop.eu\/sk\/#website"},"primaryImageOfPage":{"@id":"https:\/\/www.lraloeverashop.eu\/sk\/produkt\/suprava-na-starostlivost-o-plet-beauty-diamonds\/#primaryimage"},"image":{"@id":"https:\/\/www.lraloeverashop.eu\/sk\/produkt\/suprava-na-starostlivost-o-plet-beauty-diamonds\/#primaryimage"},"thumbnailUrl":"https:\/\/www.lraloeverashop.eu\/wp-content\/uploads\/2024\/11\/Beauty-Diamonds-Face-Care.jpg","datePublished":"2024-11-04T16:28:57+00:00","dateModified":"2025-12-15T07:40:51+00:00","description":"Vysokokvalitna S\u00faprava na Starostlivos\u0165 o Ple\u0165 Beauty Diamonds Redukuje vr\u00e1sky a spevnuje ple\u0165 po\u010das noci pre mladistv\u00fd vzh\u013ead.","breadcrumb":{"@id":"https:\/\/www.lraloeverashop.eu\/sk\/produkt\/suprava-na-starostlivost-o-plet-beauty-diamonds\/#breadcrumb"},"inLanguage":"sk-SK","potentialAction":[{"@type":"ReadAction","target":["https:\/\/www.lraloeverashop.eu\/sk\/produkt\/suprava-na-starostlivost-o-plet-beauty-diamonds\/"]}]},{"@type":"ImageObject","inLanguage":"sk-SK","@id":"https:\/\/www.lraloeverashop.eu\/sk\/produkt\/suprava-na-starostlivost-o-plet-beauty-diamonds\/#primaryimage","url":"https:\/\/www.lraloeverashop.eu\/wp-content\/uploads\/2024\/11\/Beauty-Diamonds-Face-Care.jpg","contentUrl":"https:\/\/www.lraloeverashop.eu\/wp-content\/uploads\/2024\/11\/Beauty-Diamonds-Face-Care.jpg","width":1200,"height":1200,"caption":"Starostlivos\u0165 o tv\u00e1r Beauty Diamonds"},{"@type":"BreadcrumbList","@id":"https:\/\/www.lraloeverashop.eu\/sk\/produkt\/suprava-na-starostlivost-o-plet-beauty-diamonds\/#breadcrumb","itemListElement":[{"@type":"ListItem","position":1,"name":"Home","item":"https:\/\/www.lraloeverashop.eu\/sk\/"},{"@type":"ListItem","position":2,"name":"Obchod","item":"https:\/\/www.lraloeverashop.eu\/shop\/"},{"@type":"ListItem","position":3,"name":"S\u00faprava na Starostlivos\u0165 o Ple\u0165 Beauty Diamonds"}]},{"@type":"WebSite","@id":"https:\/\/www.lraloeverashop.eu\/sk\/#website","url":"https:\/\/www.lraloeverashop.eu\/sk\/","name":"Lr Obchod Aloe Vera","description":"High Quality Lr Aloe Vera Gel, Aloe Vera Cream and Shampoo","publisher":{"@id":"https:\/\/www.lraloeverashop.eu\/sk\/#organization"},"potentialAction":[{"@type":"SearchAction","target":{"@type":"EntryPoint","urlTemplate":"https:\/\/www.lraloeverashop.eu\/sk\/?s={search_term_string}"},"query-input":{"@type":"PropertyValueSpecification","valueRequired":true,"valueName":"search_term_string"}}],"inLanguage":"sk-SK"},{"@type":"Organization","@id":"https:\/\/www.lraloeverashop.eu\/sk\/#organization","name":"Lr Obchod Aloe Vera","alternateName":"LR","url":"https:\/\/www.lraloeverashop.eu\/sk\/","logo":{"@type":"ImageObject","inLanguage":"sk-SK","@id":"https:\/\/www.lraloeverashop.eu\/sk\/#\/schema\/logo\/image\/","url":"https:\/\/www.lraloeverashop.eu\/wp-content\/uploads\/2022\/09\/cropped-Lr-Aloe-Vera-Shop.jpg","contentUrl":"https:\/\/www.lraloeverashop.eu\/wp-content\/uploads\/2022\/09\/cropped-Lr-Aloe-Vera-Shop.jpg","width":228,"height":76,"caption":"Lr Obchod Aloe Vera"},"image":{"@id":"https:\/\/www.lraloeverashop.eu\/sk\/#\/schema\/logo\/image\/"},"sameAs":["https:\/\/www.facebook.com\/lraloeverashop.eu","https:\/\/x.com\/natur__kosmetik","https:\/\/www.youtube.com\/channel\/UC5oN7BJ8nfYb8RpVtjwDEBA","https:\/\/www.instagram.com\/lrbeautyeu\/"],"description":"Obchod Lr Aloe Vera je va\u0161\u00edm d\u00f4veryhodn\u00fdm miestom pre pr\u00e9miov\u00e9 produkty LR Health & Beauty vyroben\u00e9 v Nemecku. Pon\u00fakame vysokokvalitn\u00e9 rie\u0161enia starostlivosti o ple\u0165 s Aloe Vera, v\u00fd\u017eivu a proti starnutiu, vyroben\u00e9 z \u010dist\u00fdch ingredienci\u00ed a podlo\u017een\u00e9 vedeck\u00fdm v\u00fdskumom. Objavte pr\u00edrodn\u00fa starostlivos\u0165, ktor\u00e1 regeneruje, chr\u00e1ni a revitalizuje va\u0161u ple\u0165 \u2013 a vyu\u017eite exkluz\u00edvne mesa\u010dn\u00e9 ponuky na na\u0161e najpred\u00e1vanej\u0161ie produkty LR Aloe Vera.\nZa\u010dnite svoju cestu za pr\u00edrodnou starostlivos\u0165ou o ple\u0165 e\u0161te dnes a poc\u00ed\u0165te rozdiel.","email":"info@lraloeverashop.eu","telephone":"+49 17670609653","legalName":"Lr Aloe Vera Shop","foundingDate":"2018-04-21","numberOfEmployees":{"@type":"QuantitativeValue","minValue":"1","maxValue":"10"}}]},"product_price_amount":"146.99","product_price_currency":"EUR","og_availability":"instock","product_availability":"instock","product_retailer_item_id":"28325-1SK","product_condition":"new"},"taxonomy_info":{"product_cat":[{"value":366,"label":"Beauty Diamonds"},{"value":331,"label":"Produkty proti starnutiu"},{"value":270,"label":"Starostlivos\u0165 proti starnutiu"},{"value":282,"label":"\u017deny nad 40 rokov"}],"product_tag":[{"value":706,"label":"na vr\u00e1sky na tv\u00e1ri"},{"value":707,"label":"na vr\u00e1sky pod o\u010dami"}]},"featured_image_src_large":["https:\/\/www.lraloeverashop.eu\/wp-content\/uploads\/2024\/11\/Beauty-Diamonds-Face-Care-1024x1024.jpg",1024,1024,true],"author_info":[],"comment_info":0,"_links":{"self":[{"href":"https:\/\/www.lraloeverashop.eu\/sk\/wp-json\/wp\/v2\/product\/18352","targetHints":{"allow":["GET"]}}],"collection":[{"href":"https:\/\/www.lraloeverashop.eu\/sk\/wp-json\/wp\/v2\/product"}],"about":[{"href":"https:\/\/www.lraloeverashop.eu\/sk\/wp-json\/wp\/v2\/types\/product"}],"replies":[{"embeddable":true,"href":"https:\/\/www.lraloeverashop.eu\/sk\/wp-json\/wp\/v2\/comments?post=18352"}],"wp:featuredmedia":[{"embeddable":true,"href":"https:\/\/www.lraloeverashop.eu\/sk\/wp-json\/wp\/v2\/media\/18245"}],"wp:attachment":[{"href":"https:\/\/www.lraloeverashop.eu\/sk\/wp-json\/wp\/v2\/media?parent=18352"}],"wp:term":[{"taxonomy":"product_brand","embeddable":true,"href":"https:\/\/www.lraloeverashop.eu\/sk\/wp-json\/wp\/v2\/product_brand?post=18352"},{"taxonomy":"product_cat","embeddable":true,"href":"https:\/\/www.lraloeverashop.eu\/sk\/wp-json\/wp\/v2\/product_cat?post=18352"},{"taxonomy":"product_tag","embeddable":true,"href":"https:\/\/www.lraloeverashop.eu\/sk\/wp-json\/wp\/v2\/product_tag?post=18352"}],"curies":[{"name":"wp","href":"https:\/\/api.w.org\/{rel}","templated":true}]}}