{"id":18301,"date":"2024-11-04T10:37:55","date_gmt":"2024-11-04T09:37:55","guid":{"rendered":"https:\/\/www.lraloeverashop.eu\/?post_type=product&#038;p=18301"},"modified":"2026-02-15T08:01:25","modified_gmt":"2026-02-15T07:01:25","slug":"sada-starostlivosti-o-vlasy","status":"publish","type":"product","link":"https:\/\/www.lraloeverashop.eu\/sk\/produkt\/sada-starostlivosti-o-vlasy\/","title":{"rendered":"Sada starostlivosti o vlasy"},"content":{"rendered":"<h2><span style=\"font-size: 16pt;\"><strong>Sada starostlivosti o vlasy\u00a0<\/strong><\/span><\/h2>\n<p><span style=\"font-size: 14pt;\"><strong>Sada starostlivosti o vlasy Aloe Vera Limitovan\u00e1 ponuka<\/strong><\/span><\/p>\n<p>Chcete sa c\u00edti\u0165 siln\u00e1, ist\u00e1 a kr\u00e1sna? Sada starostlivosti o vlasy s Al\u00f6oe Vera pre zdrav\u00e9, hodv\u00e1bne leskl\u00e9 vlasy a sebavedomie V\u00e1m Pom\u00f4\u017ee.<\/p>\n<h3><span style=\"font-size: 16pt;\"><strong>V Lr Aloe Vera Sade n\u00e1jdete:<\/strong><\/span><\/h3>\n<p><a href=\"https:\/\/www.lraloeverashop.eu\/sk\/produkt\/aloe-vera-nutri-repair-vlasovy-sampon\/\"><span style=\"color: #008000;\"><strong>Lr Aloe Vera \u0160amp\u00f3<\/strong><\/span><\/a><span style=\"color: #0000ff; font-weight: bold;\"><span style=\"color: #008000;\">n<\/span>\u00a0<\/span>obsahuje zlo\u017eky, ktor\u00e9 p\u00f4sobia ako magnet na odstr\u00e1nenie ne\u010dist\u00f4t z vlasov a udr\u017euj\u00fa ich \u010dist\u00e9, svie\u017ee a zdrav\u00e9. Pro Vitam\u00edn B5 rob\u00ed vlasy silnej\u0161\u00edmi a hlad\u0161\u00edmi ako kedyko\u013evek predt\u00fdm. Svoj\u00edm 45% obsahom aloe vera pom\u00e1ha hydratova\u0165 a lie\u010di\u0165 vlasy. Budete milova\u0165 ovocn\u00fa v\u00f4\u0148u \u0161amp\u00f3nu, ktor\u00e1 stimuluje va\u0161e zmysly. Vysk\u00fa\u0161ajte Aloe Vera Nutri Repair \u0161amp\u00f3n pre prirodzene kr\u00e1sne vlasy, ktor\u00e9 sa v\u00e1m bud\u00fa p\u00e1\u010di\u0165!.<\/p>\n<p><a href=\"https:\/\/www.lraloeverashop.eu\/sk\/produkt\/aloe-vera-nutri-repair-vlasovy-kondicioner\/\"><span style=\"color: #008000;\"><strong>Lr Aloe Vera kondicion\u00e9r <\/strong><\/span><\/a>obnovuje stratu vlhkosti a v\u00fd\u017eivn\u00fdch l\u00e1tok vo vlasoch pomocou komplexu 7 pr\u00edrodn\u00fdch olejov. Tieto \u00fa\u010dinn\u00e9 zlo\u017eky prenikaj\u00fa hlboko do vlasov\u00fdch prame\u0148ov a vonkaj\u0161iu vrstvu utes\u0148uj\u00fa z\u00e1kladn\u00fdmi \u017eivinami. Sedem pr\u00edrodn\u00fdch olejov a s 15% Aloe Vera pr\u00edrodn\u00e9ho g\u00e9lu re\u0161trukturalizuje va\u0161e vlasy po\u010das hydrat\u00e1cie. U\u017e \u017eiadne padanie vlasov. Okrem toho prich\u00e1dza s \u010distou, svie\u017eou a ovocnou v\u00f4\u0148ou!<\/p>\n<div class=\"entry-content-asset videofit\"><iframe loading=\"lazy\" title=\"Lr Aloe Vera Hair Care - New Radiant Self Confidence\" width=\"720\" height=\"405\" src=\"https:\/\/www.youtube.com\/embed\/YDp_HQzFzpA?feature=oembed\" frameborder=\"0\" allow=\"accelerometer; autoplay; clipboard-write; encrypted-media; gyroscope; picture-in-picture; web-share\" referrerpolicy=\"strict-origin-when-cross-origin\" allowfullscreen><\/iframe><\/div>\n<h4><span style=\"font-size: 16pt;\"><strong>\u0160t\u00fadie potvrdzuj\u00fa \u00fa\u010dinnos\u0165 z t\u00fdchto testov:<\/strong><\/span><\/h4>\n<ul>\n<li>Vlasy s\u00fa hodv\u00e1bne jemn\u00e9 a trikr\u00e1t \u013eah\u0161ie sa \u010de\u0161\u00fa a upravuj\u00fa*<\/li>\n<li>Z\u00edskaj\u00fa prirodzen\u00fd lesk a m\u00e4kkos\u0165, \u010do vedie k 90% men\u0161iemu l\u00e1maniu *<\/li>\n<li>90% \u00fa\u010dastn\u00edkov \u0161t\u00fadie je nad\u0161en\u00fdch osvie\u017euj\u00facou v\u00f4\u0148ou \u0161amp\u00f3nu **<\/li>\n<\/ul>\n<p>&nbsp;<\/p>\n<p>* Denn\u00e9 pou\u017e\u00edvanie Aloe Vera Nutri vlasov\u00e9ho \u0161amp\u00f3nu zlep\u0161uje odolnos\u0165 proti <a href=\"https:\/\/www.lraloeverashop.eu\/sk\/aloe-vera-na-vlasy-nutri-repair-kura-na-suche-a-poskodene-vlasy\/\">vypad\u00e1vaniu vlasov<\/a>. V\u00fdsledky s\u00fa s\u013eubnej\u0161ie ne\u017e t\u00ed, ktor\u00ed pou\u017e\u00edvaj\u00fa iba \u0161amp\u00f3n. Toto bolo zalo\u017een\u00e9 na \u0161t\u00fadii, ktor\u00fa uskuto\u010dnil proDERM v janu\u00e1ri 2018.<\/p>\n<p>** Na z\u00e1klade v\u00fdsledkov 40 \u00fa\u010dastn\u00edkov testu v Dermatest Institute v decembri 2017<\/p>\n","protected":false},"excerpt":{"rendered":"<ul>\n<li><span style=\"color: #ff0000;\"><strong>Limitovan\u00e1 ponuka<\/strong><\/span><\/li>\n<li>Sada obsahuje vlasov\u00fd \u0161amp\u00f3n a kondicion\u00e9r<\/li>\n<li>Pre zdrav\u00e9, leskl\u00e9 vlasy a\u017e na \u0161pi\u010dk\u00e1ch<\/li>\n<li>S a\u017e 45% Aloe Vera g\u00e9l a opravn\u00fd komplex z 7 olejov<\/li>\n<li>Vy\u017eivuje, posil\u0148uje a opravuje vlasy<\/li>\n<li>Chr\u00e1ni pred po\u0161koden\u00edm vlasov<\/li>\n<li>Produkty vyrobene v Nemecku<\/li>\n<\/ul>\n<p>&nbsp;<\/p>\n","protected":false},"featured_media":18266,"comment_status":"open","ping_status":"closed","template":"","meta":{"_kad_blocks_custom_css":"","_kad_blocks_head_custom_js":"","_kad_blocks_body_custom_js":"","_kad_blocks_footer_custom_js":"","_kadence_starter_templates_imported_post":false,"_kad_post_transparent":"default","_kad_post_title":"","_kad_post_layout":"default","_kad_post_sidebar_id":"","_kad_post_content_style":"default","_kad_post_vertical_padding":"default","_kad_post_feature":"","_kad_post_feature_position":"","_kad_post_header":false,"_kad_post_footer":false,"_kad_post_classname":""},"product_brand":[],"product_cat":[216,246,355],"product_tag":[621,625],"class_list":{"0":"post-18301","1":"product","2":"type-product","3":"status-publish","4":"has-post-thumbnail","6":"product_cat-aloe-vera-sk","7":"product_cat-starostlivost-o-vlasy","8":"product_cat-zlavy","9":"product_tag-poskodene-vlasy","10":"product_tag-suche-vlasy","12":"first","13":"outofstock","14":"sale","15":"taxable","16":"shipping-taxable","17":"purchasable","18":"product-type-simple","19":"entry","20":"content-bg","21":"loop-entry"},"yoast_head":"<!-- This site is optimized with the Yoast SEO Premium plugin v27.3 (Yoast SEO v27.3) - https:\/\/yoast.com\/product\/yoast-seo-premium-wordpress\/ -->\n<title>Sada starostlivosti o vlasy: Silnej\u0161ie a hlad\u0161ie vlasy s Vitam\u00ednom B5<\/title>\n<meta name=\"description\" content=\"Dosiahnite n\u00e1dhern\u00e9, zdrav\u00e9 a hodv\u00e1bne leskl\u00e9 vlasy. Na\u0161a Sada starostlivosti o vlasy v\u00e1m pom\u00f4\u017ee. C\u00ed\u0165te sa sebaisto a kr\u00e1sne ka\u017ed\u00fd de\u0148.\" \/>\n<meta name=\"robots\" content=\"index, follow, max-snippet:-1, max-image-preview:large, max-video-preview:-1\" \/>\n<link rel=\"canonical\" href=\"https:\/\/www.lraloeverashop.eu\/sk\/produkt\/sada-starostlivosti-o-vlasy\/\" \/>\n<meta property=\"og:locale\" content=\"sk_SK\" \/>\n<meta property=\"og:type\" content=\"article\" \/>\n<meta property=\"og:title\" content=\"Sada starostlivosti o vlasy\" \/>\n<meta property=\"og:description\" content=\"Dosiahnite n\u00e1dhern\u00e9, zdrav\u00e9 a hodv\u00e1bne leskl\u00e9 vlasy. Na\u0161a Sada starostlivosti o vlasy v\u00e1m pom\u00f4\u017ee. C\u00ed\u0165te sa sebaisto a kr\u00e1sne ka\u017ed\u00fd de\u0148.\" \/>\n<meta property=\"og:url\" content=\"https:\/\/www.lraloeverashop.eu\/sk\/produkt\/sada-starostlivosti-o-vlasy\/\" \/>\n<meta property=\"og:site_name\" content=\"Lr Obchod Aloe Vera\" \/>\n<meta property=\"article:publisher\" content=\"https:\/\/www.facebook.com\/lraloeverashop.eu\" \/>\n<meta property=\"article:modified_time\" content=\"2026-02-15T07:01:25+00:00\" \/>\n<meta property=\"og:image\" content=\"https:\/\/www.lraloeverashop.eu\/wp-content\/uploads\/2024\/11\/Hair-Care-Set.jpg\" \/>\n\t<meta property=\"og:image:width\" content=\"1200\" \/>\n\t<meta property=\"og:image:height\" content=\"1200\" \/>\n\t<meta property=\"og:image:type\" content=\"image\/jpeg\" \/>\n<meta name=\"twitter:card\" content=\"summary_large_image\" \/>\n<meta name=\"twitter:site\" content=\"@natur__kosmetik\" \/>\n<script type=\"application\/ld+json\" class=\"yoast-schema-graph\">{\"@context\":\"https:\\\/\\\/schema.org\",\"@graph\":[{\"@type\":[\"WebPage\",\"ItemPage\"],\"@id\":\"https:\\\/\\\/www.lraloeverashop.eu\\\/sk\\\/produkt\\\/sada-starostlivosti-o-vlasy\\\/\",\"url\":\"https:\\\/\\\/www.lraloeverashop.eu\\\/sk\\\/produkt\\\/sada-starostlivosti-o-vlasy\\\/\",\"name\":\"Sada starostlivosti o vlasy: Silnej\u0161ie a hlad\u0161ie vlasy s Vitam\u00ednom B5\",\"isPartOf\":{\"@id\":\"https:\\\/\\\/www.lraloeverashop.eu\\\/sk\\\/#website\"},\"primaryImageOfPage\":{\"@id\":\"https:\\\/\\\/www.lraloeverashop.eu\\\/sk\\\/produkt\\\/sada-starostlivosti-o-vlasy\\\/#primaryimage\"},\"image\":{\"@id\":\"https:\\\/\\\/www.lraloeverashop.eu\\\/sk\\\/produkt\\\/sada-starostlivosti-o-vlasy\\\/#primaryimage\"},\"thumbnailUrl\":\"https:\\\/\\\/www.lraloeverashop.eu\\\/wp-content\\\/uploads\\\/2024\\\/11\\\/Hair-Care-Set.jpg\",\"datePublished\":\"2024-11-04T09:37:55+00:00\",\"dateModified\":\"2026-02-15T07:01:25+00:00\",\"description\":\"Dosiahnite n\u00e1dhern\u00e9, zdrav\u00e9 a hodv\u00e1bne leskl\u00e9 vlasy. Na\u0161a Sada starostlivosti o vlasy v\u00e1m pom\u00f4\u017ee. C\u00ed\u0165te sa sebaisto a kr\u00e1sne ka\u017ed\u00fd de\u0148.\",\"breadcrumb\":{\"@id\":\"https:\\\/\\\/www.lraloeverashop.eu\\\/sk\\\/produkt\\\/sada-starostlivosti-o-vlasy\\\/#breadcrumb\"},\"inLanguage\":\"sk-SK\",\"potentialAction\":[{\"@type\":\"ReadAction\",\"target\":[\"https:\\\/\\\/www.lraloeverashop.eu\\\/sk\\\/produkt\\\/sada-starostlivosti-o-vlasy\\\/\"]}]},{\"@type\":\"ImageObject\",\"inLanguage\":\"sk-SK\",\"@id\":\"https:\\\/\\\/www.lraloeverashop.eu\\\/sk\\\/produkt\\\/sada-starostlivosti-o-vlasy\\\/#primaryimage\",\"url\":\"https:\\\/\\\/www.lraloeverashop.eu\\\/wp-content\\\/uploads\\\/2024\\\/11\\\/Hair-Care-Set.jpg\",\"contentUrl\":\"https:\\\/\\\/www.lraloeverashop.eu\\\/wp-content\\\/uploads\\\/2024\\\/11\\\/Hair-Care-Set.jpg\",\"width\":1200,\"height\":1200,\"caption\":\"Sada starostlivosti o vlasy\"},{\"@type\":\"BreadcrumbList\",\"@id\":\"https:\\\/\\\/www.lraloeverashop.eu\\\/sk\\\/produkt\\\/sada-starostlivosti-o-vlasy\\\/#breadcrumb\",\"itemListElement\":[{\"@type\":\"ListItem\",\"position\":1,\"name\":\"Home\",\"item\":\"https:\\\/\\\/www.lraloeverashop.eu\\\/sk\\\/\"},{\"@type\":\"ListItem\",\"position\":2,\"name\":\"Obchod\",\"item\":\"https:\\\/\\\/www.lraloeverashop.eu\\\/shop\\\/\"},{\"@type\":\"ListItem\",\"position\":3,\"name\":\"Sada starostlivosti o vlasy\"}]},{\"@type\":\"WebSite\",\"@id\":\"https:\\\/\\\/www.lraloeverashop.eu\\\/sk\\\/#website\",\"url\":\"https:\\\/\\\/www.lraloeverashop.eu\\\/sk\\\/\",\"name\":\"Lr Obchod Aloe Vera\",\"description\":\"High Quality Lr Aloe Vera Gel, Aloe Vera Cream and Shampoo\",\"publisher\":{\"@id\":\"https:\\\/\\\/www.lraloeverashop.eu\\\/sk\\\/#organization\"},\"potentialAction\":[{\"@type\":\"SearchAction\",\"target\":{\"@type\":\"EntryPoint\",\"urlTemplate\":\"https:\\\/\\\/www.lraloeverashop.eu\\\/sk\\\/?s={search_term_string}\"},\"query-input\":{\"@type\":\"PropertyValueSpecification\",\"valueRequired\":true,\"valueName\":\"search_term_string\"}}],\"inLanguage\":\"sk-SK\"},{\"@type\":\"Organization\",\"@id\":\"https:\\\/\\\/www.lraloeverashop.eu\\\/sk\\\/#organization\",\"name\":\"Lr Obchod Aloe Vera\",\"alternateName\":\"LR\",\"url\":\"https:\\\/\\\/www.lraloeverashop.eu\\\/sk\\\/\",\"logo\":{\"@type\":\"ImageObject\",\"inLanguage\":\"sk-SK\",\"@id\":\"https:\\\/\\\/www.lraloeverashop.eu\\\/sk\\\/#\\\/schema\\\/logo\\\/image\\\/\",\"url\":\"https:\\\/\\\/www.lraloeverashop.eu\\\/wp-content\\\/uploads\\\/2022\\\/09\\\/cropped-Lr-Aloe-Vera-Shop.jpg\",\"contentUrl\":\"https:\\\/\\\/www.lraloeverashop.eu\\\/wp-content\\\/uploads\\\/2022\\\/09\\\/cropped-Lr-Aloe-Vera-Shop.jpg\",\"width\":228,\"height\":76,\"caption\":\"Lr Obchod Aloe Vera\"},\"image\":{\"@id\":\"https:\\\/\\\/www.lraloeverashop.eu\\\/sk\\\/#\\\/schema\\\/logo\\\/image\\\/\"},\"sameAs\":[\"https:\\\/\\\/www.facebook.com\\\/lraloeverashop.eu\",\"https:\\\/\\\/x.com\\\/natur__kosmetik\",\"https:\\\/\\\/www.youtube.com\\\/channel\\\/UC5oN7BJ8nfYb8RpVtjwDEBA\",\"https:\\\/\\\/www.instagram.com\\\/lrbeautyeu\\\/\"]}]}<\/script>\n<meta property=\"product:price:amount\" content=\"21.00\" \/>\n<meta property=\"product:price:currency\" content=\"EUR\" \/>\n<meta property=\"og:availability\" content=\"out of stock\" \/>\n<meta property=\"product:availability\" content=\"out of stock\" \/>\n<meta property=\"product:retailer_item_id\" content=\"20881-1SK\" \/>\n<meta property=\"product:condition\" content=\"new\" \/>\n<!-- \/ Yoast SEO Premium plugin. -->","yoast_head_json":{"title":"Sada starostlivosti o vlasy: Silnej\u0161ie a hlad\u0161ie vlasy s Vitam\u00ednom B5","description":"Dosiahnite n\u00e1dhern\u00e9, zdrav\u00e9 a hodv\u00e1bne leskl\u00e9 vlasy. Na\u0161a Sada starostlivosti o vlasy v\u00e1m pom\u00f4\u017ee. C\u00ed\u0165te sa sebaisto a kr\u00e1sne ka\u017ed\u00fd de\u0148.","robots":{"index":"index","follow":"follow","max-snippet":"max-snippet:-1","max-image-preview":"max-image-preview:large","max-video-preview":"max-video-preview:-1"},"canonical":"https:\/\/www.lraloeverashop.eu\/sk\/produkt\/sada-starostlivosti-o-vlasy\/","og_locale":"sk_SK","og_type":"article","og_title":"Sada starostlivosti o vlasy","og_description":"Dosiahnite n\u00e1dhern\u00e9, zdrav\u00e9 a hodv\u00e1bne leskl\u00e9 vlasy. Na\u0161a Sada starostlivosti o vlasy v\u00e1m pom\u00f4\u017ee. C\u00ed\u0165te sa sebaisto a kr\u00e1sne ka\u017ed\u00fd de\u0148.","og_url":"https:\/\/www.lraloeverashop.eu\/sk\/produkt\/sada-starostlivosti-o-vlasy\/","og_site_name":"Lr Obchod Aloe Vera","article_publisher":"https:\/\/www.facebook.com\/lraloeverashop.eu","article_modified_time":"2026-02-15T07:01:25+00:00","og_image":[{"width":1200,"height":1200,"url":"https:\/\/www.lraloeverashop.eu\/wp-content\/uploads\/2024\/11\/Hair-Care-Set.jpg","type":"image\/jpeg"}],"twitter_card":"summary_large_image","twitter_site":"@natur__kosmetik","schema":{"@context":"https:\/\/schema.org","@graph":[{"@type":["WebPage","ItemPage"],"@id":"https:\/\/www.lraloeverashop.eu\/sk\/produkt\/sada-starostlivosti-o-vlasy\/","url":"https:\/\/www.lraloeverashop.eu\/sk\/produkt\/sada-starostlivosti-o-vlasy\/","name":"Sada starostlivosti o vlasy: Silnej\u0161ie a hlad\u0161ie vlasy s Vitam\u00ednom B5","isPartOf":{"@id":"https:\/\/www.lraloeverashop.eu\/sk\/#website"},"primaryImageOfPage":{"@id":"https:\/\/www.lraloeverashop.eu\/sk\/produkt\/sada-starostlivosti-o-vlasy\/#primaryimage"},"image":{"@id":"https:\/\/www.lraloeverashop.eu\/sk\/produkt\/sada-starostlivosti-o-vlasy\/#primaryimage"},"thumbnailUrl":"https:\/\/www.lraloeverashop.eu\/wp-content\/uploads\/2024\/11\/Hair-Care-Set.jpg","datePublished":"2024-11-04T09:37:55+00:00","dateModified":"2026-02-15T07:01:25+00:00","description":"Dosiahnite n\u00e1dhern\u00e9, zdrav\u00e9 a hodv\u00e1bne leskl\u00e9 vlasy. Na\u0161a Sada starostlivosti o vlasy v\u00e1m pom\u00f4\u017ee. C\u00ed\u0165te sa sebaisto a kr\u00e1sne ka\u017ed\u00fd de\u0148.","breadcrumb":{"@id":"https:\/\/www.lraloeverashop.eu\/sk\/produkt\/sada-starostlivosti-o-vlasy\/#breadcrumb"},"inLanguage":"sk-SK","potentialAction":[{"@type":"ReadAction","target":["https:\/\/www.lraloeverashop.eu\/sk\/produkt\/sada-starostlivosti-o-vlasy\/"]}]},{"@type":"ImageObject","inLanguage":"sk-SK","@id":"https:\/\/www.lraloeverashop.eu\/sk\/produkt\/sada-starostlivosti-o-vlasy\/#primaryimage","url":"https:\/\/www.lraloeverashop.eu\/wp-content\/uploads\/2024\/11\/Hair-Care-Set.jpg","contentUrl":"https:\/\/www.lraloeverashop.eu\/wp-content\/uploads\/2024\/11\/Hair-Care-Set.jpg","width":1200,"height":1200,"caption":"Sada starostlivosti o vlasy"},{"@type":"BreadcrumbList","@id":"https:\/\/www.lraloeverashop.eu\/sk\/produkt\/sada-starostlivosti-o-vlasy\/#breadcrumb","itemListElement":[{"@type":"ListItem","position":1,"name":"Home","item":"https:\/\/www.lraloeverashop.eu\/sk\/"},{"@type":"ListItem","position":2,"name":"Obchod","item":"https:\/\/www.lraloeverashop.eu\/shop\/"},{"@type":"ListItem","position":3,"name":"Sada starostlivosti o vlasy"}]},{"@type":"WebSite","@id":"https:\/\/www.lraloeverashop.eu\/sk\/#website","url":"https:\/\/www.lraloeverashop.eu\/sk\/","name":"Lr Obchod Aloe Vera","description":"High Quality Lr Aloe Vera Gel, Aloe Vera Cream and Shampoo","publisher":{"@id":"https:\/\/www.lraloeverashop.eu\/sk\/#organization"},"potentialAction":[{"@type":"SearchAction","target":{"@type":"EntryPoint","urlTemplate":"https:\/\/www.lraloeverashop.eu\/sk\/?s={search_term_string}"},"query-input":{"@type":"PropertyValueSpecification","valueRequired":true,"valueName":"search_term_string"}}],"inLanguage":"sk-SK"},{"@type":"Organization","@id":"https:\/\/www.lraloeverashop.eu\/sk\/#organization","name":"Lr Obchod Aloe Vera","alternateName":"LR","url":"https:\/\/www.lraloeverashop.eu\/sk\/","logo":{"@type":"ImageObject","inLanguage":"sk-SK","@id":"https:\/\/www.lraloeverashop.eu\/sk\/#\/schema\/logo\/image\/","url":"https:\/\/www.lraloeverashop.eu\/wp-content\/uploads\/2022\/09\/cropped-Lr-Aloe-Vera-Shop.jpg","contentUrl":"https:\/\/www.lraloeverashop.eu\/wp-content\/uploads\/2022\/09\/cropped-Lr-Aloe-Vera-Shop.jpg","width":228,"height":76,"caption":"Lr Obchod Aloe Vera"},"image":{"@id":"https:\/\/www.lraloeverashop.eu\/sk\/#\/schema\/logo\/image\/"},"sameAs":["https:\/\/www.facebook.com\/lraloeverashop.eu","https:\/\/x.com\/natur__kosmetik","https:\/\/www.youtube.com\/channel\/UC5oN7BJ8nfYb8RpVtjwDEBA","https:\/\/www.instagram.com\/lrbeautyeu\/"]}]},"product_price_amount":"21.00","product_price_currency":"EUR","og_availability":"out of stock","product_availability":"out of stock","product_retailer_item_id":"20881-1SK","product_condition":"new"},"taxonomy_info":{"product_cat":[{"value":216,"label":"Aloe Vera"},{"value":246,"label":"Starostlivos\u0165 o vlasy"},{"value":355,"label":"Z\u013eavy"}],"product_tag":[{"value":621,"label":"Po\u0161koden\u00e9 vlasy"},{"value":625,"label":"Such\u00e9 vlasy"}]},"featured_image_src_large":["https:\/\/www.lraloeverashop.eu\/wp-content\/uploads\/2024\/11\/Hair-Care-Set-1024x1024.jpg",1024,1024,true],"author_info":[],"comment_info":0,"_links":{"self":[{"href":"https:\/\/www.lraloeverashop.eu\/sk\/wp-json\/wp\/v2\/product\/18301","targetHints":{"allow":["GET"]}}],"collection":[{"href":"https:\/\/www.lraloeverashop.eu\/sk\/wp-json\/wp\/v2\/product"}],"about":[{"href":"https:\/\/www.lraloeverashop.eu\/sk\/wp-json\/wp\/v2\/types\/product"}],"replies":[{"embeddable":true,"href":"https:\/\/www.lraloeverashop.eu\/sk\/wp-json\/wp\/v2\/comments?post=18301"}],"wp:featuredmedia":[{"embeddable":true,"href":"https:\/\/www.lraloeverashop.eu\/sk\/wp-json\/wp\/v2\/media\/18266"}],"wp:attachment":[{"href":"https:\/\/www.lraloeverashop.eu\/sk\/wp-json\/wp\/v2\/media?parent=18301"}],"wp:term":[{"taxonomy":"product_brand","embeddable":true,"href":"https:\/\/www.lraloeverashop.eu\/sk\/wp-json\/wp\/v2\/product_brand?post=18301"},{"taxonomy":"product_cat","embeddable":true,"href":"https:\/\/www.lraloeverashop.eu\/sk\/wp-json\/wp\/v2\/product_cat?post=18301"},{"taxonomy":"product_tag","embeddable":true,"href":"https:\/\/www.lraloeverashop.eu\/sk\/wp-json\/wp\/v2\/product_tag?post=18301"}],"curies":[{"name":"wp","href":"https:\/\/api.w.org\/{rel}","templated":true}]}}