{"id":16566,"date":"2024-09-30T22:57:35","date_gmt":"2024-09-30T20:57:35","guid":{"rendered":"https:\/\/www.lraloeverashop.eu\/?post_type=product&#038;p=16566"},"modified":"2026-01-25T07:49:01","modified_gmt":"2026-01-25T06:49:01","slug":"pro-12-plus-kapsule","status":"publish","type":"product","link":"https:\/\/www.lraloeverashop.eu\/sk\/produkt\/pro-12-plus-kapsule\/","title":{"rendered":"Pro 12 Plus Kapsule Limitovan\u00e1 ponuka"},"content":{"rendered":"<h2><strong><span style=\"font-size: 16pt; color: #000000;\">Pro 12 Plus Kapsule Limitovan\u00e1 ponuka<\/span><\/strong><\/h2>\n<p><span style=\"font-size: 14pt;\"><strong>Pro 12 Plus Kapsule s\u00fa \u010fal\u0161ou gener\u00e1ciou bakteri\u00e1lnych pr\u00edpravkov s nov\u00fdm komplexom TRIPLEBIOTIC.<\/strong><\/span><\/p>\n<p>1. Fruktooligosacharidy zabezpe\u010duj\u00fa, aby sa bakt\u00e9rie v na\u0161ich \u010drev\u00e1ch c\u00edtili pr\u00edjemne<br \/>\n2. BAKT\u00c9RIE: 1 miliarda bakt\u00e9ri\u00ed na kapsulu z 12 r\u00f4znych bakteri\u00e1lnych kme\u0148ov<br \/>\n3. POSTBIOTIKA: Obsahuje patentovan\u00fa postbiotick\u00fa zlo\u017eku Prolac-T\u2122<\/p>\n<p>Inovat\u00edvne dvojit\u00e9 zapuzdrenie zais\u0165uje, \u017ee komplex TRIPLEBIOTIC sa dostane do \u010dreva nepo\u0161koden\u00fd.<\/p>\n<p>&nbsp;<\/p>\n<h3><strong><span style=\"font-size: 16pt; color: #000000;\">Ako pou\u017e\u00edva\u0165<\/span><\/strong><\/h3>\n<p><strong>Odpor\u00fa\u010dan\u00e9 d\u00e1vkovanie Probiotika Pro 12 Plus:<\/strong> U\u017e\u00edvajte jednu kapsulu Pro 12+ raz denne &#8211; najlep\u0161ie ve\u010der &#8211; spolu s poh\u00e1rom tekutiny.<\/p>\n<p>Odpor\u00fa\u010dan\u00e1 denn\u00e1 d\u00e1vka sa nem\u00e1 prekro\u010di\u0165. Doplnky stravy nie s\u00fa n\u00e1hradou pestrej a vyv\u00e1\u017eenej stravy, ktor\u00e1 je d\u00f4le\u017eit\u00e1 spolu so zdrav\u00fdm \u017eivotn\u00fdm \u0161t\u00fdlom. V\u00fdrobok skladujte mimo dosahu mal\u00fdch det\u00ed. M\u00f4\u017ee obsahova\u0165 stopy lakt\u00f3zy a s\u00f3je.<\/p>\n<p>Skladujte uzavret\u00e9, v suchu a pri izbovej teplote. Po otvoren\u00ed op\u00e4\u0165 pevne uzavrite.<\/p>\n<h3><span style=\"font-size: 16pt;\"><strong>Probiotika Pro 12 Plus &#8211; Hlavn\u00e9 zdravotn\u00e9 \u00fa\u010dinky.<\/strong><\/span><\/h3>\n<ul style=\"list-style-type: square;\">\n<li>Spr\u00e1vna funkcia za\u017e\u00edvacieho syst\u00e9mu<\/li>\n<li>ulcer\u00f3zna kolit\u00edda z\u00e1pal tkaniva hrub\u00e9ho \u010dreva<\/li>\n<li>Crohnovu chorobu<\/li>\n<li>refluxnej choroby pa\u017eer\u00e1ka<\/li>\n<li>Celkov\u00e9 <a href=\"https:\/\/www.lraloeverashop.eu\/sk\/produkt\/omega-3-mastne-kyseliny\/\">zv\u00fd\u0161enie odolnosti organizmu<\/a><\/li>\n<li>Prevencia karcin\u00f3mu \u010driev \/ 8300 nov\u00fdch pr\u00edpadov ro\u010dne !!! \/<\/li>\n<li>Prevencia vredov aj z\u00e1palov \u017eal\u00fadka<\/li>\n<li>Pre pacientov trpiacich myk\u00f3zami (ples\u0148ami), v\u00fdtoky<\/li>\n<li>Hna\u010dka (<a href=\"https:\/\/www.lraloeverashop.eu\/sk\/produkt\/kolostrum-direkt-liquid\/\">infek\u010dn\u00e9 chr\u00edpka<\/a>, salmonela, Campylobakter, rotav\u00edrusy &#8230;)<\/li>\n<li>Z\u00e1pcha<\/li>\n<li>Ak\u00fatna probl\u00e9my tr\u00e1venia, Reflux, P\u00e1lenie z\u00e1hy<\/li>\n<li>Intolerancia lakt\u00f3zy<\/li>\n<li>Syndr\u00f3m dr\u00e1\u017ediv\u00e9ho \u010dreva<\/li>\n<li>Cestovate\u013esk\u00e9 hna\u010dky \/ <strong>nasadi\u0165 3 dni pred odletom<\/strong> \/<\/li>\n<li>Potravinov\u00e9 alergie \/ br\u00e1ni rozvoju atopick\u00e9ho ekz\u00e9mu \/<\/li>\n<li>Divertikulit\u00edda<\/li>\n<li>Syndr\u00f3m priepustn\u00e9ho \u010dreva<\/li>\n<li>Chronick\u00fd \u00fanavov\u00fd syndr\u00f3m<\/li>\n<li>Nad\u00favanie<\/li>\n<\/ul>\n<p>&nbsp;<\/p>\n<h4><strong><span style=\"font-size: 16pt; color: #000000;\">Vedeli ste?<\/span><\/strong><\/h4>\n<p>Probiotik\u00e1 na tr\u00e1venie Pro 12 Plus obsahuj\u00fa t\u00fdchto dvan\u00e1s\u0165 cenn\u00fdch bakteri\u00e1lnych kme\u0148ov: Bifidobacterium longum, Bifidobacterium breve, Bifidobacterium bifidum, Bifidobacterium infantis, Bifidobacterium lactis, Lactobacillus plantarum, Lactobacillus casei, Lactobacillus paracasei, Lactobacillus rhamocgarcocus, Lactocillusbulocgarcocus, kyselina Lactocillusbulocgarcus, thermophilus.<\/p>\n","protected":false},"excerpt":{"rendered":"<ul>\n<li><span style=\"color: #ff0000;\"><strong>Limitovan\u00e1 ponuka<\/strong><\/span><\/li>\n<li>S komplexom TRIPLEBIOTIC a dvojit\u00fdm zapuzdren\u00edm<\/li>\n<li>Prebiotik\u00e1, bakt\u00e9rie a postbiotik\u00e1<\/li>\n<li>1 miliarda bakt\u00e9ri\u00ed na kapsulu z 12 r\u00f4znych bakteri\u00e1lnych kme\u0148ov<\/li>\n<li>Reguluje \u010drevn\u00fa mikrofl\u00f3ru<\/li>\n<li>Obsah: 2 x 30 kaps\u00fal<\/li>\n<\/ul>\n<p>&nbsp;<\/p>\n","protected":false},"featured_media":16576,"comment_status":"open","ping_status":"closed","template":"","meta":{"_kad_blocks_custom_css":"","_kad_blocks_head_custom_js":"","_kad_blocks_body_custom_js":"","_kad_blocks_footer_custom_js":"","_kadence_starter_templates_imported_post":false,"_kad_post_transparent":"default","_kad_post_title":"","_kad_post_layout":"default","_kad_post_sidebar_id":"","_kad_post_content_style":"default","_kad_post_vertical_padding":"default","_kad_post_feature":"","_kad_post_feature_position":"","_kad_post_header":false,"_kad_post_footer":false,"_kad_post_classname":""},"product_brand":[],"product_cat":[438,510,468,414,355],"product_tag":[683],"class_list":{"0":"post-16566","1":"product","2":"type-product","3":"status-publish","4":"has-post-thumbnail","6":"product_cat-creva-a-travenie","7":"product_cat-probiotika-sk","8":"product_cat-specialista","9":"product_cat-specialne-produkty","10":"product_cat-zlavy","11":"product_tag-posilnovac-imunity","13":"first","14":"outofstock","15":"sale","16":"taxable","17":"shipping-taxable","18":"purchasable","19":"product-type-simple","20":"entry","21":"content-bg","22":"loop-entry"},"yoast_head":"<!-- This site is optimized with the Yoast SEO Premium plugin v27.4 (Yoast SEO v27.4) - https:\/\/yoast.com\/product\/yoast-seo-premium-wordpress\/ -->\n<title>Pro 12 Plus Kapsule s prebiotikami, bakt\u00e9riami a postbiotikami<\/title>\n<meta name=\"description\" content=\"Pro 12 Plus Kapsule v novom optimalizovanom zlo\u017een\u00ed na spr\u00e1vnu funkciu za\u017e\u00edvacieho syst\u00e9mu. S komplexom Triplebiotic a dvojit\u00fdm zapuzdren\u00edm.\" \/>\n<meta name=\"robots\" content=\"index, follow, max-snippet:-1, max-image-preview:large, max-video-preview:-1\" \/>\n<link rel=\"canonical\" href=\"https:\/\/www.lraloeverashop.eu\/sk\/produkt\/pro-12-plus-kapsule\/\" \/>\n<meta property=\"og:locale\" content=\"sk_SK\" \/>\n<meta property=\"og:type\" content=\"article\" \/>\n<meta property=\"og:title\" content=\"Pro 12 Plus Kapsule Limitovan\u00e1 ponuka\" \/>\n<meta property=\"og:description\" content=\"Pro 12 Plus Kapsule v novom optimalizovanom zlo\u017een\u00ed na spr\u00e1vnu funkciu za\u017e\u00edvacieho syst\u00e9mu. S komplexom Triplebiotic a dvojit\u00fdm zapuzdren\u00edm.\" \/>\n<meta property=\"og:url\" content=\"https:\/\/www.lraloeverashop.eu\/sk\/produkt\/pro-12-plus-kapsule\/\" \/>\n<meta property=\"og:site_name\" content=\"Lr Obchod Aloe Vera\" \/>\n<meta property=\"article:publisher\" content=\"https:\/\/www.facebook.com\/lraloeverashop.eu\" \/>\n<meta property=\"article:modified_time\" content=\"2026-01-25T06:49:01+00:00\" \/>\n<meta property=\"og:image\" content=\"https:\/\/www.lraloeverashop.eu\/wp-content\/uploads\/2024\/09\/Pro-12-Plus-2.jpg\" \/>\n\t<meta property=\"og:image:width\" content=\"1200\" \/>\n\t<meta property=\"og:image:height\" content=\"1200\" \/>\n\t<meta property=\"og:image:type\" content=\"image\/jpeg\" \/>\n<meta name=\"twitter:card\" content=\"summary_large_image\" \/>\n<meta name=\"twitter:site\" content=\"@natur__kosmetik\" \/>\n<script type=\"application\/ld+json\" class=\"yoast-schema-graph\">{\"@context\":\"https:\\\/\\\/schema.org\",\"@graph\":[{\"@type\":[\"WebPage\",\"ItemPage\"],\"@id\":\"https:\\\/\\\/www.lraloeverashop.eu\\\/sk\\\/produkt\\\/pro-12-plus-kapsule\\\/\",\"url\":\"https:\\\/\\\/www.lraloeverashop.eu\\\/sk\\\/produkt\\\/pro-12-plus-kapsule\\\/\",\"name\":\"Pro 12 Plus Kapsule s prebiotikami, bakt\u00e9riami a postbiotikami\",\"isPartOf\":{\"@id\":\"https:\\\/\\\/www.lraloeverashop.eu\\\/sk\\\/#website\"},\"primaryImageOfPage\":{\"@id\":\"https:\\\/\\\/www.lraloeverashop.eu\\\/sk\\\/produkt\\\/pro-12-plus-kapsule\\\/#primaryimage\"},\"image\":{\"@id\":\"https:\\\/\\\/www.lraloeverashop.eu\\\/sk\\\/produkt\\\/pro-12-plus-kapsule\\\/#primaryimage\"},\"thumbnailUrl\":\"https:\\\/\\\/www.lraloeverashop.eu\\\/wp-content\\\/uploads\\\/2024\\\/09\\\/Pro-12-Plus-2.jpg\",\"datePublished\":\"2024-09-30T20:57:35+00:00\",\"dateModified\":\"2026-01-25T06:49:01+00:00\",\"description\":\"Pro 12 Plus Kapsule v novom optimalizovanom zlo\u017een\u00ed na spr\u00e1vnu funkciu za\u017e\u00edvacieho syst\u00e9mu. S komplexom Triplebiotic a dvojit\u00fdm zapuzdren\u00edm.\",\"breadcrumb\":{\"@id\":\"https:\\\/\\\/www.lraloeverashop.eu\\\/sk\\\/produkt\\\/pro-12-plus-kapsule\\\/#breadcrumb\"},\"inLanguage\":\"sk-SK\",\"potentialAction\":[{\"@type\":\"ReadAction\",\"target\":[\"https:\\\/\\\/www.lraloeverashop.eu\\\/sk\\\/produkt\\\/pro-12-plus-kapsule\\\/\"]}]},{\"@type\":\"ImageObject\",\"inLanguage\":\"sk-SK\",\"@id\":\"https:\\\/\\\/www.lraloeverashop.eu\\\/sk\\\/produkt\\\/pro-12-plus-kapsule\\\/#primaryimage\",\"url\":\"https:\\\/\\\/www.lraloeverashop.eu\\\/wp-content\\\/uploads\\\/2024\\\/09\\\/Pro-12-Plus-2.jpg\",\"contentUrl\":\"https:\\\/\\\/www.lraloeverashop.eu\\\/wp-content\\\/uploads\\\/2024\\\/09\\\/Pro-12-Plus-2.jpg\",\"width\":1200,\"height\":1200,\"caption\":\"Pro 12 Plus Limitovan\u00e1 ponuka\"},{\"@type\":\"BreadcrumbList\",\"@id\":\"https:\\\/\\\/www.lraloeverashop.eu\\\/sk\\\/produkt\\\/pro-12-plus-kapsule\\\/#breadcrumb\",\"itemListElement\":[{\"@type\":\"ListItem\",\"position\":1,\"name\":\"Home\",\"item\":\"https:\\\/\\\/www.lraloeverashop.eu\\\/sk\\\/\"},{\"@type\":\"ListItem\",\"position\":2,\"name\":\"Obchod\",\"item\":\"https:\\\/\\\/www.lraloeverashop.eu\\\/shop\\\/\"},{\"@type\":\"ListItem\",\"position\":3,\"name\":\"Pro 12 Plus Kapsule Limitovan\u00e1 ponuka\"}]},{\"@type\":\"WebSite\",\"@id\":\"https:\\\/\\\/www.lraloeverashop.eu\\\/sk\\\/#website\",\"url\":\"https:\\\/\\\/www.lraloeverashop.eu\\\/sk\\\/\",\"name\":\"Lr Obchod Aloe Vera\",\"description\":\"High Quality Lr Aloe Vera Gel, Aloe Vera Cream and Shampoo\",\"publisher\":{\"@id\":\"https:\\\/\\\/www.lraloeverashop.eu\\\/sk\\\/#organization\"},\"potentialAction\":[{\"@type\":\"SearchAction\",\"target\":{\"@type\":\"EntryPoint\",\"urlTemplate\":\"https:\\\/\\\/www.lraloeverashop.eu\\\/sk\\\/?s={search_term_string}\"},\"query-input\":{\"@type\":\"PropertyValueSpecification\",\"valueRequired\":true,\"valueName\":\"search_term_string\"}}],\"inLanguage\":\"sk-SK\"},{\"@type\":\"Organization\",\"@id\":\"https:\\\/\\\/www.lraloeverashop.eu\\\/sk\\\/#organization\",\"name\":\"Lr Obchod Aloe Vera\",\"alternateName\":\"LR\",\"url\":\"https:\\\/\\\/www.lraloeverashop.eu\\\/sk\\\/\",\"logo\":{\"@type\":\"ImageObject\",\"inLanguage\":\"sk-SK\",\"@id\":\"https:\\\/\\\/www.lraloeverashop.eu\\\/sk\\\/#\\\/schema\\\/logo\\\/image\\\/\",\"url\":\"https:\\\/\\\/www.lraloeverashop.eu\\\/wp-content\\\/uploads\\\/2022\\\/09\\\/cropped-Lr-Aloe-Vera-Shop.jpg\",\"contentUrl\":\"https:\\\/\\\/www.lraloeverashop.eu\\\/wp-content\\\/uploads\\\/2022\\\/09\\\/cropped-Lr-Aloe-Vera-Shop.jpg\",\"width\":228,\"height\":76,\"caption\":\"Lr Obchod Aloe Vera\"},\"image\":{\"@id\":\"https:\\\/\\\/www.lraloeverashop.eu\\\/sk\\\/#\\\/schema\\\/logo\\\/image\\\/\"},\"sameAs\":[\"https:\\\/\\\/www.facebook.com\\\/lraloeverashop.eu\",\"https:\\\/\\\/x.com\\\/natur__kosmetik\",\"https:\\\/\\\/www.youtube.com\\\/channel\\\/UC5oN7BJ8nfYb8RpVtjwDEBA\",\"https:\\\/\\\/www.instagram.com\\\/lrbeautyeu\\\/\"],\"description\":\"Obchod Lr Aloe Vera je va\u0161\u00edm d\u00f4veryhodn\u00fdm miestom pre pr\u00e9miov\u00e9 produkty LR Health & Beauty vyroben\u00e9 v Nemecku. Pon\u00fakame vysokokvalitn\u00e9 rie\u0161enia starostlivosti o ple\u0165 s Aloe Vera, v\u00fd\u017eivu a proti starnutiu, vyroben\u00e9 z \u010dist\u00fdch ingredienci\u00ed a podlo\u017een\u00e9 vedeck\u00fdm v\u00fdskumom. Objavte pr\u00edrodn\u00fa starostlivos\u0165, ktor\u00e1 regeneruje, chr\u00e1ni a revitalizuje va\u0161u ple\u0165 \u2013 a vyu\u017eite exkluz\u00edvne mesa\u010dn\u00e9 ponuky na na\u0161e najpred\u00e1vanej\u0161ie produkty LR Aloe Vera.\\nZa\u010dnite svoju cestu za pr\u00edrodnou starostlivos\u0165ou o ple\u0165 e\u0161te dnes a poc\u00ed\u0165te rozdiel.\",\"email\":\"info@lraloeverashop.eu\",\"telephone\":\"+49 17670609653\",\"legalName\":\"Lr Aloe Vera Shop\",\"foundingDate\":\"2018-04-21\",\"numberOfEmployees\":{\"@type\":\"QuantitativeValue\",\"minValue\":\"1\",\"maxValue\":\"10\"}}]}<\/script>\n<meta property=\"product:price:amount\" content=\"78.99\" \/>\n<meta property=\"product:price:currency\" content=\"EUR\" \/>\n<meta property=\"og:availability\" content=\"out of stock\" \/>\n<meta property=\"product:availability\" content=\"out of stock\" \/>\n<meta property=\"product:retailer_item_id\" content=\"81182-SK\" \/>\n<meta property=\"product:condition\" content=\"new\" \/>\n<!-- \/ Yoast SEO Premium plugin. -->","yoast_head_json":{"title":"Pro 12 Plus Kapsule s prebiotikami, bakt\u00e9riami a postbiotikami","description":"Pro 12 Plus Kapsule v novom optimalizovanom zlo\u017een\u00ed na spr\u00e1vnu funkciu za\u017e\u00edvacieho syst\u00e9mu. S komplexom Triplebiotic a dvojit\u00fdm zapuzdren\u00edm.","robots":{"index":"index","follow":"follow","max-snippet":"max-snippet:-1","max-image-preview":"max-image-preview:large","max-video-preview":"max-video-preview:-1"},"canonical":"https:\/\/www.lraloeverashop.eu\/sk\/produkt\/pro-12-plus-kapsule\/","og_locale":"sk_SK","og_type":"article","og_title":"Pro 12 Plus Kapsule Limitovan\u00e1 ponuka","og_description":"Pro 12 Plus Kapsule v novom optimalizovanom zlo\u017een\u00ed na spr\u00e1vnu funkciu za\u017e\u00edvacieho syst\u00e9mu. S komplexom Triplebiotic a dvojit\u00fdm zapuzdren\u00edm.","og_url":"https:\/\/www.lraloeverashop.eu\/sk\/produkt\/pro-12-plus-kapsule\/","og_site_name":"Lr Obchod Aloe Vera","article_publisher":"https:\/\/www.facebook.com\/lraloeverashop.eu","article_modified_time":"2026-01-25T06:49:01+00:00","og_image":[{"width":1200,"height":1200,"url":"https:\/\/www.lraloeverashop.eu\/wp-content\/uploads\/2024\/09\/Pro-12-Plus-2.jpg","type":"image\/jpeg"}],"twitter_card":"summary_large_image","twitter_site":"@natur__kosmetik","schema":{"@context":"https:\/\/schema.org","@graph":[{"@type":["WebPage","ItemPage"],"@id":"https:\/\/www.lraloeverashop.eu\/sk\/produkt\/pro-12-plus-kapsule\/","url":"https:\/\/www.lraloeverashop.eu\/sk\/produkt\/pro-12-plus-kapsule\/","name":"Pro 12 Plus Kapsule s prebiotikami, bakt\u00e9riami a postbiotikami","isPartOf":{"@id":"https:\/\/www.lraloeverashop.eu\/sk\/#website"},"primaryImageOfPage":{"@id":"https:\/\/www.lraloeverashop.eu\/sk\/produkt\/pro-12-plus-kapsule\/#primaryimage"},"image":{"@id":"https:\/\/www.lraloeverashop.eu\/sk\/produkt\/pro-12-plus-kapsule\/#primaryimage"},"thumbnailUrl":"https:\/\/www.lraloeverashop.eu\/wp-content\/uploads\/2024\/09\/Pro-12-Plus-2.jpg","datePublished":"2024-09-30T20:57:35+00:00","dateModified":"2026-01-25T06:49:01+00:00","description":"Pro 12 Plus Kapsule v novom optimalizovanom zlo\u017een\u00ed na spr\u00e1vnu funkciu za\u017e\u00edvacieho syst\u00e9mu. S komplexom Triplebiotic a dvojit\u00fdm zapuzdren\u00edm.","breadcrumb":{"@id":"https:\/\/www.lraloeverashop.eu\/sk\/produkt\/pro-12-plus-kapsule\/#breadcrumb"},"inLanguage":"sk-SK","potentialAction":[{"@type":"ReadAction","target":["https:\/\/www.lraloeverashop.eu\/sk\/produkt\/pro-12-plus-kapsule\/"]}]},{"@type":"ImageObject","inLanguage":"sk-SK","@id":"https:\/\/www.lraloeverashop.eu\/sk\/produkt\/pro-12-plus-kapsule\/#primaryimage","url":"https:\/\/www.lraloeverashop.eu\/wp-content\/uploads\/2024\/09\/Pro-12-Plus-2.jpg","contentUrl":"https:\/\/www.lraloeverashop.eu\/wp-content\/uploads\/2024\/09\/Pro-12-Plus-2.jpg","width":1200,"height":1200,"caption":"Pro 12 Plus Limitovan\u00e1 ponuka"},{"@type":"BreadcrumbList","@id":"https:\/\/www.lraloeverashop.eu\/sk\/produkt\/pro-12-plus-kapsule\/#breadcrumb","itemListElement":[{"@type":"ListItem","position":1,"name":"Home","item":"https:\/\/www.lraloeverashop.eu\/sk\/"},{"@type":"ListItem","position":2,"name":"Obchod","item":"https:\/\/www.lraloeverashop.eu\/shop\/"},{"@type":"ListItem","position":3,"name":"Pro 12 Plus Kapsule Limitovan\u00e1 ponuka"}]},{"@type":"WebSite","@id":"https:\/\/www.lraloeverashop.eu\/sk\/#website","url":"https:\/\/www.lraloeverashop.eu\/sk\/","name":"Lr Obchod Aloe Vera","description":"High Quality Lr Aloe Vera Gel, Aloe Vera Cream and Shampoo","publisher":{"@id":"https:\/\/www.lraloeverashop.eu\/sk\/#organization"},"potentialAction":[{"@type":"SearchAction","target":{"@type":"EntryPoint","urlTemplate":"https:\/\/www.lraloeverashop.eu\/sk\/?s={search_term_string}"},"query-input":{"@type":"PropertyValueSpecification","valueRequired":true,"valueName":"search_term_string"}}],"inLanguage":"sk-SK"},{"@type":"Organization","@id":"https:\/\/www.lraloeverashop.eu\/sk\/#organization","name":"Lr Obchod Aloe Vera","alternateName":"LR","url":"https:\/\/www.lraloeverashop.eu\/sk\/","logo":{"@type":"ImageObject","inLanguage":"sk-SK","@id":"https:\/\/www.lraloeverashop.eu\/sk\/#\/schema\/logo\/image\/","url":"https:\/\/www.lraloeverashop.eu\/wp-content\/uploads\/2022\/09\/cropped-Lr-Aloe-Vera-Shop.jpg","contentUrl":"https:\/\/www.lraloeverashop.eu\/wp-content\/uploads\/2022\/09\/cropped-Lr-Aloe-Vera-Shop.jpg","width":228,"height":76,"caption":"Lr Obchod Aloe Vera"},"image":{"@id":"https:\/\/www.lraloeverashop.eu\/sk\/#\/schema\/logo\/image\/"},"sameAs":["https:\/\/www.facebook.com\/lraloeverashop.eu","https:\/\/x.com\/natur__kosmetik","https:\/\/www.youtube.com\/channel\/UC5oN7BJ8nfYb8RpVtjwDEBA","https:\/\/www.instagram.com\/lrbeautyeu\/"],"description":"Obchod Lr Aloe Vera je va\u0161\u00edm d\u00f4veryhodn\u00fdm miestom pre pr\u00e9miov\u00e9 produkty LR Health & Beauty vyroben\u00e9 v Nemecku. Pon\u00fakame vysokokvalitn\u00e9 rie\u0161enia starostlivosti o ple\u0165 s Aloe Vera, v\u00fd\u017eivu a proti starnutiu, vyroben\u00e9 z \u010dist\u00fdch ingredienci\u00ed a podlo\u017een\u00e9 vedeck\u00fdm v\u00fdskumom. Objavte pr\u00edrodn\u00fa starostlivos\u0165, ktor\u00e1 regeneruje, chr\u00e1ni a revitalizuje va\u0161u ple\u0165 \u2013 a vyu\u017eite exkluz\u00edvne mesa\u010dn\u00e9 ponuky na na\u0161e najpred\u00e1vanej\u0161ie produkty LR Aloe Vera.\nZa\u010dnite svoju cestu za pr\u00edrodnou starostlivos\u0165ou o ple\u0165 e\u0161te dnes a poc\u00ed\u0165te rozdiel.","email":"info@lraloeverashop.eu","telephone":"+49 17670609653","legalName":"Lr Aloe Vera Shop","foundingDate":"2018-04-21","numberOfEmployees":{"@type":"QuantitativeValue","minValue":"1","maxValue":"10"}}]},"product_price_amount":"78.99","product_price_currency":"EUR","og_availability":"out of stock","product_availability":"out of stock","product_retailer_item_id":"81182-SK","product_condition":"new"},"taxonomy_info":{"product_cat":[{"value":438,"label":"\u010crev\u00e1 a Tr\u00e1venie"},{"value":510,"label":"Probiotik\u00e1"},{"value":468,"label":"\u0160pecialisti"},{"value":414,"label":"\u0160peci\u00e1lne Produkty"},{"value":355,"label":"Z\u013eavy"}],"product_tag":[{"value":683,"label":"Posil\u0148ova\u010d imunity"}]},"featured_image_src_large":["https:\/\/www.lraloeverashop.eu\/wp-content\/uploads\/2024\/09\/Pro-12-Plus-2-1024x1024.jpg",1024,1024,true],"author_info":[],"comment_info":0,"_links":{"self":[{"href":"https:\/\/www.lraloeverashop.eu\/sk\/wp-json\/wp\/v2\/product\/16566","targetHints":{"allow":["GET"]}}],"collection":[{"href":"https:\/\/www.lraloeverashop.eu\/sk\/wp-json\/wp\/v2\/product"}],"about":[{"href":"https:\/\/www.lraloeverashop.eu\/sk\/wp-json\/wp\/v2\/types\/product"}],"replies":[{"embeddable":true,"href":"https:\/\/www.lraloeverashop.eu\/sk\/wp-json\/wp\/v2\/comments?post=16566"}],"wp:featuredmedia":[{"embeddable":true,"href":"https:\/\/www.lraloeverashop.eu\/sk\/wp-json\/wp\/v2\/media\/16576"}],"wp:attachment":[{"href":"https:\/\/www.lraloeverashop.eu\/sk\/wp-json\/wp\/v2\/media?parent=16566"}],"wp:term":[{"taxonomy":"product_brand","embeddable":true,"href":"https:\/\/www.lraloeverashop.eu\/sk\/wp-json\/wp\/v2\/product_brand?post=16566"},{"taxonomy":"product_cat","embeddable":true,"href":"https:\/\/www.lraloeverashop.eu\/sk\/wp-json\/wp\/v2\/product_cat?post=16566"},{"taxonomy":"product_tag","embeddable":true,"href":"https:\/\/www.lraloeverashop.eu\/sk\/wp-json\/wp\/v2\/product_tag?post=16566"}],"curies":[{"name":"wp","href":"https:\/\/api.w.org\/{rel}","templated":true}]}}