{"id":15760,"date":"2024-06-16T12:17:12","date_gmt":"2024-06-16T10:17:12","guid":{"rendered":"https:\/\/www.lraloeverashop.eu\/product\/zeitgard-niacinamidove-serum-na-tvar\/"},"modified":"2025-03-29T18:24:30","modified_gmt":"2025-03-29T17:24:30","slug":"zeitgard-niacinamidove-serum-na-tvar","status":"publish","type":"product","link":"https:\/\/www.lraloeverashop.eu\/sk\/produkt\/zeitgard-niacinamidove-serum-na-tvar\/","title":{"rendered":"Zeitgard Niacinamidov\u00e9 s\u00e9rum na tv\u00e1r"},"content":{"rendered":"<h2><span style=\"font-size: 16pt;\"><strong>Zeitgard Niacinamidov\u00e9 s\u00e9rum na tv\u00e1r<\/strong><\/span><\/h2>\n<p><span style=\"font-size: 14pt;\"><strong>Zeitgard Niacinamidov\u00e9 s\u00e9rum na tv\u00e1r minimalizuje p\u00f3ry a zvy\u0161uje elasticitu<\/strong><\/span><\/p>\n<p>Za\u017eite transforma\u010dn\u00fa silu Niacinamidov\u00e9ho s\u00e9ra na tv\u00e1r, \u0161peci\u00e1lne vyvinut\u00e9ho na zjemnenie text\u00fary poko\u017eky a minimaliz\u00e1ciu p\u00f3rov. Obohaten\u00e9 o siln\u00fa koncentr\u00e1ciu 10% niacinamidu, toto s\u00e9rum stimuluje tvorbu ceramidov a lipidov, reguluje tvorbu mazu a dod\u00e1va va\u0161ej poko\u017eke zdrav\u00fd, <a href=\"https:\/\/www.lraloeverashop.eu\/sk\/produkt\/zeitgard-pro-na-cistenie-pleti\/\">\u017eiariv\u00fd vzh\u013ead<\/a>. Rozl\u00fa\u010dte sa s bledou, bez\u017eivotnou poko\u017ekou a priv\u00edtajte vyv\u00e1\u017een\u00fd, rovnomern\u00fd vzh\u013ead, ktor\u00fd vy\u017earuje sebavedomie.<\/p>\n<ul>\n<li><strong>Vyrovn\u00e1va hyperpigment\u00e1ciu<\/strong>: Niacinamid pom\u00e1ha vyrovn\u00e1va\u0165 hyperpigment\u00e1ciu, vyhladzuje hrub\u00e9 a nerovnomern\u00e9 text\u00fary poko\u017eky.<\/li>\n<li><strong>Reguluje tvorbu mazu<\/strong>: Perfektn\u00e9 pre mastn\u00fa ple\u0165, toto s\u00e9rum matuje a kontroluje nadbyto\u010dn\u00fd maz.<\/li>\n<li><strong>Zvy\u0161uje elasticitu<\/strong>: Zlep\u0161uje <a href=\"https:\/\/www.lraloeverashop.eu\/sk\/aloe-vera-denny-krem\/\">elasticitu poko\u017eky<\/a> a aktivuje obnovu buniek pre mladistv\u00fd, pevnej\u0161\u00ed vzh\u013ead<\/li>\n<\/ul>\n<p>&nbsp;<\/p>\n<h3><span style=\"font-size: 16pt;\"><strong>Perfektn\u00e1 symbi\u00f3za niacinamidu a extraktu z mexickej arniky<\/strong><\/span><\/h3>\n<p>Dosiahnite pevnej\u0161iu, hlad\u0161iu poko\u017eku s mocnou kombin\u00e1ciou niacinamidu a extraktu z mexickej arniky. T\u00e1to dynamick\u00e1 dvojica v Zeitgard Niacinamidov\u00e9 s\u00e9rum na tv\u00e1r zabezpe\u010duje vidite\u013ene menej vr\u00e1sok a v\u00fdrazne menej podr\u00e1\u017edenia poko\u017eky, \u010d\u00edm je ide\u00e1lna pre v\u0161etky typy pleti, najm\u00e4 pre tie s vidite\u013en\u00fdmi p\u00f3rmi a nerovnomernou text\u00farou.<\/p>\n<ul>\n<li><strong>Redukuje vr\u00e1sky<\/strong>: Pravideln\u00e9 pou\u017e\u00edvanie zni\u017euje v\u00fdskyt jemn\u00fdch liniek a vr\u00e1sok.<\/li>\n<li><strong>Upokojuje podr\u00e1\u017edenie<\/strong>: Extrakt z mexickej arniky upokojuje a uti\u0161uje poko\u017eku, zni\u017euje za\u010dervenanie a podr\u00e1\u017edenie.<\/li>\n<li><strong>Podporuje regener\u00e1ciu poko\u017eky<\/strong>: Ur\u00fdch\u013euje regener\u00e1ciu buniek pre svie\u017eej\u0161\u00ed, mladistvej\u0161\u00ed vzh\u013ead.<\/li>\n<\/ul>\n<p>&nbsp;<\/p>\n<h3><span style=\"font-size: 16pt;\"><strong>Integrovanie Zeitgard Niacinamidov\u00e9 s\u00e9rum na tv\u00e1r do va\u0161ej ka\u017edodennej starostlivosti o ple\u0165<\/strong><\/span><\/h3>\n<p>\u010ci u\u017e ste za\u010diato\u010dn\u00edk alebo sk\u00fasen\u00fd profesion\u00e1l v starostlivosti o ple\u0165, integr\u00e1cia Zeitgard Niacinamidov\u00e9 s\u00e9rum na tv\u00e1r do va\u0161ej do va\u0161ej ka\u017edodennej starostlivosti o tv\u00e1r je jednoduch\u00e1 a \u00fa\u010dinn\u00e1. Za\u010dnite s 1-2 kvapkami pre jemn\u00e9 uvedenie, a postupne zvy\u0161ujte na 3-4 kvapky pre pokro\u010dil\u00e9 benefity starostlivosti o ple\u0165. Pre najlep\u0161ie v\u00fdsledky nan\u00e1\u0161ajte na vy\u010disten\u00fa poko\u017eku pred denn\u00fdmi alebo no\u010dn\u00fdmi produktami starostlivosti o ple\u0165.<\/p>\n<p>&nbsp;<\/p>\n<h3><span style=\"font-size: 16pt;\"><strong>Ako pou\u017e\u00edva\u0165<\/strong><\/span><\/h3>\n<p>Odpor\u00fa\u010dame pomaly integrova\u0165 extr\u00e9mne \u00fa\u010dinn\u00e9 Zeitgard Niacinamidov\u00e9 s\u00e9rum na tv\u00e1r do va\u0161ej ka\u017edodennej starostlivosti o tv\u00e1r, aby si va\u0161a poko\u017eka postupne zvykla na akt\u00edvnu zlo\u017eku. Pre\u010do? S\u00e9rum s niacinamidom obsahuje vysok\u00fa koncentr\u00e1ciu 10%, ktor\u00e1 je samozrejme ne\u0161kodn\u00e1 pre poko\u017eku. Av\u0161ak, ka\u017ed\u00e1 poko\u017eka reaguje inak na vysok\u00e9 koncentr\u00e1cie, preto je vhodn\u00e9 pomaly zav\u00e1dza\u0165 akt\u00edvnu zlo\u017eku.<\/p>\n<ul>\n<li><strong>Za\u010diato\u010dn\u00edci<\/strong>: Za\u010dnite s 1-2 kvapkami raz denne.<\/li>\n<li><strong>Pokro\u010dil\u00ed pou\u017e\u00edvatelia<\/strong>: Pou\u017e\u00edvajte 3-4 kvapky r\u00e1no a\/alebo ve\u010der.<\/li>\n<\/ul>\n<p>&nbsp;<\/p>\n<p><strong>Pro Tip:<\/strong> Pre lep\u0161ie v\u00fdsledky n\u00e1sledne pou\u017e\u00edvajte produkty <a href=\"https:\/\/www.lraloeverashop.eu\/sk\/kategoria-produktu\/produkty-proti-starnutiu\/beauty-diamonds-sk\/\">Lr Zeitgard Beauty Diamonds<\/a>, Nanogold alebo Platinum starostlivos\u0165 v z\u00e1vislosti od potrieb va\u0161ej pleti s\u00favisiacich s vekom.<\/p>\n","protected":false},"excerpt":{"rendered":"<ul>\n<li>Zjem\u0148uje text\u00faru poko\u017eky a p\u00f3ry<\/li>\n<li>Stimuluje tvorbu ceramidov a lipidov a reguluje tvorbu mazu<\/li>\n<li>Dod\u00e1va bled\u00e9 pleti zdrav\u00fd lesk<\/li>\n<li>Vyhladzuje hrub\u00fa, drsn\u00fa poko\u017eku<\/li>\n<li>Matifikuje mastn\u00fa ple\u0165<\/li>\n<li>Zvy\u0161uje elasticitu poko\u017eky a aktivuje obnovu buniek<\/li>\n<li>Obsah: 30 ml<\/li>\n<\/ul>\n<p>&nbsp;<\/p>\n","protected":false},"featured_media":15742,"comment_status":"open","ping_status":"closed","template":"","meta":{"_kad_blocks_custom_css":"","_kad_blocks_head_custom_js":"","_kad_blocks_body_custom_js":"","_kad_blocks_footer_custom_js":"","_kadence_starter_templates_imported_post":false,"_kad_post_transparent":"default","_kad_post_title":"","_kad_post_layout":"default","_kad_post_sidebar_id":"","_kad_post_content_style":"default","_kad_post_vertical_padding":"default","_kad_post_feature":"","_kad_post_feature_position":"","_kad_post_header":false,"_kad_post_footer":false,"_kad_post_classname":""},"product_brand":[],"product_cat":[276,331,270,396,288,282],"product_tag":[706],"class_list":{"0":"post-15760","1":"product","2":"type-product","3":"status-publish","4":"has-post-thumbnail","6":"product_cat-muzi-nad-25-rokov","7":"product_cat-produkty-proti-starnutiu","8":"product_cat-starostlivost-proti-starnutiu","9":"product_cat-zeitgard-sk","10":"product_cat-zeny-do-40","11":"product_cat-zeny-nad-40-rokov","12":"product_tag-na-vrasky-na-tvari","14":"first","15":"instock","16":"taxable","17":"shipping-taxable","18":"purchasable","19":"product-type-simple","20":"entry","21":"content-bg","22":"loop-entry"},"yoast_head":"<!-- This site is optimized with the Yoast SEO Premium plugin v27.4 (Yoast SEO v27.4) - https:\/\/yoast.com\/product\/yoast-seo-premium-wordpress\/ -->\n<title>Zeitgard Niacinamidov\u00e9 s\u00e9rum na tv\u00e1r pre bezchybn\u00fa a \u017eiariv\u00fa ple\u0165<\/title>\n<meta name=\"description\" content=\"Za\u017eite zdrav\u00fd, \u017eiariv\u00fd vzh\u013ead pomocou n\u00e1\u0161ho Zeitgard Niacinamidov\u00e9 s\u00e9rum na tv\u00e1r. . Minimalizujte p\u00f3ry, redukuje vr\u00e1sky, upokojuje podr\u00e1\u017edenie, regeneruje\" \/>\n<meta name=\"robots\" content=\"index, follow, max-snippet:-1, max-image-preview:large, max-video-preview:-1\" \/>\n<link rel=\"canonical\" href=\"https:\/\/www.lraloeverashop.eu\/sk\/produkt\/zeitgard-niacinamidove-serum-na-tvar\/\" \/>\n<meta property=\"og:locale\" content=\"sk_SK\" \/>\n<meta property=\"og:type\" content=\"article\" \/>\n<meta property=\"og:title\" content=\"Zeitgard Niacinamidov\u00e9 s\u00e9rum na tv\u00e1r\" \/>\n<meta property=\"og:description\" content=\"Za\u017eite zdrav\u00fd, \u017eiariv\u00fd vzh\u013ead pomocou n\u00e1\u0161ho Zeitgard Niacinamidov\u00e9 s\u00e9rum na tv\u00e1r. . Minimalizujte p\u00f3ry, redukuje vr\u00e1sky, upokojuje podr\u00e1\u017edenie, regeneruje\" \/>\n<meta property=\"og:url\" content=\"https:\/\/www.lraloeverashop.eu\/sk\/produkt\/zeitgard-niacinamidove-serum-na-tvar\/\" \/>\n<meta property=\"og:site_name\" content=\"Lr Obchod Aloe Vera\" \/>\n<meta property=\"article:publisher\" content=\"https:\/\/www.facebook.com\/lraloeverashop.eu\" \/>\n<meta property=\"article:modified_time\" content=\"2025-03-29T17:24:30+00:00\" \/>\n<meta property=\"og:image\" content=\"https:\/\/www.lraloeverashop.eu\/wp-content\/uploads\/2024\/06\/Zeitgard-Niacinamide-Face-Serum.jpg\" \/>\n\t<meta property=\"og:image:width\" content=\"1200\" \/>\n\t<meta property=\"og:image:height\" content=\"1200\" \/>\n\t<meta property=\"og:image:type\" content=\"image\/jpeg\" \/>\n<meta name=\"twitter:card\" content=\"summary_large_image\" \/>\n<meta name=\"twitter:site\" content=\"@natur__kosmetik\" \/>\n<script type=\"application\/ld+json\" class=\"yoast-schema-graph\">{\"@context\":\"https:\\\/\\\/schema.org\",\"@graph\":[{\"@type\":[\"WebPage\",\"ItemPage\"],\"@id\":\"https:\\\/\\\/www.lraloeverashop.eu\\\/sk\\\/produkt\\\/zeitgard-niacinamidove-serum-na-tvar\\\/\",\"url\":\"https:\\\/\\\/www.lraloeverashop.eu\\\/sk\\\/produkt\\\/zeitgard-niacinamidove-serum-na-tvar\\\/\",\"name\":\"Zeitgard Niacinamidov\u00e9 s\u00e9rum na tv\u00e1r pre bezchybn\u00fa a \u017eiariv\u00fa ple\u0165\",\"isPartOf\":{\"@id\":\"https:\\\/\\\/www.lraloeverashop.eu\\\/sk\\\/#website\"},\"primaryImageOfPage\":{\"@id\":\"https:\\\/\\\/www.lraloeverashop.eu\\\/sk\\\/produkt\\\/zeitgard-niacinamidove-serum-na-tvar\\\/#primaryimage\"},\"image\":{\"@id\":\"https:\\\/\\\/www.lraloeverashop.eu\\\/sk\\\/produkt\\\/zeitgard-niacinamidove-serum-na-tvar\\\/#primaryimage\"},\"thumbnailUrl\":\"https:\\\/\\\/www.lraloeverashop.eu\\\/wp-content\\\/uploads\\\/2024\\\/06\\\/Zeitgard-Niacinamide-Face-Serum.jpg\",\"datePublished\":\"2024-06-16T10:17:12+00:00\",\"dateModified\":\"2025-03-29T17:24:30+00:00\",\"description\":\"Za\u017eite zdrav\u00fd, \u017eiariv\u00fd vzh\u013ead pomocou n\u00e1\u0161ho Zeitgard Niacinamidov\u00e9 s\u00e9rum na tv\u00e1r. . Minimalizujte p\u00f3ry, redukuje vr\u00e1sky, upokojuje podr\u00e1\u017edenie, regeneruje\",\"breadcrumb\":{\"@id\":\"https:\\\/\\\/www.lraloeverashop.eu\\\/sk\\\/produkt\\\/zeitgard-niacinamidove-serum-na-tvar\\\/#breadcrumb\"},\"inLanguage\":\"sk-SK\",\"potentialAction\":[{\"@type\":\"ReadAction\",\"target\":[\"https:\\\/\\\/www.lraloeverashop.eu\\\/sk\\\/produkt\\\/zeitgard-niacinamidove-serum-na-tvar\\\/\"]}]},{\"@type\":\"ImageObject\",\"inLanguage\":\"sk-SK\",\"@id\":\"https:\\\/\\\/www.lraloeverashop.eu\\\/sk\\\/produkt\\\/zeitgard-niacinamidove-serum-na-tvar\\\/#primaryimage\",\"url\":\"https:\\\/\\\/www.lraloeverashop.eu\\\/wp-content\\\/uploads\\\/2024\\\/06\\\/Zeitgard-Niacinamide-Face-Serum.jpg\",\"contentUrl\":\"https:\\\/\\\/www.lraloeverashop.eu\\\/wp-content\\\/uploads\\\/2024\\\/06\\\/Zeitgard-Niacinamide-Face-Serum.jpg\",\"width\":1200,\"height\":1200,\"caption\":\"Zeitgard Niacinamidov\u00e9 s\u00e9rum na tv\u00e1r minimalizuje p\u00f3ry a zvy\u0161uje elasticitu\"},{\"@type\":\"BreadcrumbList\",\"@id\":\"https:\\\/\\\/www.lraloeverashop.eu\\\/sk\\\/produkt\\\/zeitgard-niacinamidove-serum-na-tvar\\\/#breadcrumb\",\"itemListElement\":[{\"@type\":\"ListItem\",\"position\":1,\"name\":\"Home\",\"item\":\"https:\\\/\\\/www.lraloeverashop.eu\\\/sk\\\/\"},{\"@type\":\"ListItem\",\"position\":2,\"name\":\"Obchod\",\"item\":\"https:\\\/\\\/www.lraloeverashop.eu\\\/shop\\\/\"},{\"@type\":\"ListItem\",\"position\":3,\"name\":\"Zeitgard Niacinamidov\u00e9 s\u00e9rum na tv\u00e1r\"}]},{\"@type\":\"WebSite\",\"@id\":\"https:\\\/\\\/www.lraloeverashop.eu\\\/sk\\\/#website\",\"url\":\"https:\\\/\\\/www.lraloeverashop.eu\\\/sk\\\/\",\"name\":\"Lr Obchod Aloe Vera\",\"description\":\"High Quality Lr Aloe Vera Gel, Aloe Vera Cream and Shampoo\",\"publisher\":{\"@id\":\"https:\\\/\\\/www.lraloeverashop.eu\\\/sk\\\/#organization\"},\"potentialAction\":[{\"@type\":\"SearchAction\",\"target\":{\"@type\":\"EntryPoint\",\"urlTemplate\":\"https:\\\/\\\/www.lraloeverashop.eu\\\/sk\\\/?s={search_term_string}\"},\"query-input\":{\"@type\":\"PropertyValueSpecification\",\"valueRequired\":true,\"valueName\":\"search_term_string\"}}],\"inLanguage\":\"sk-SK\"},{\"@type\":\"Organization\",\"@id\":\"https:\\\/\\\/www.lraloeverashop.eu\\\/sk\\\/#organization\",\"name\":\"Lr Obchod Aloe Vera\",\"alternateName\":\"LR\",\"url\":\"https:\\\/\\\/www.lraloeverashop.eu\\\/sk\\\/\",\"logo\":{\"@type\":\"ImageObject\",\"inLanguage\":\"sk-SK\",\"@id\":\"https:\\\/\\\/www.lraloeverashop.eu\\\/sk\\\/#\\\/schema\\\/logo\\\/image\\\/\",\"url\":\"https:\\\/\\\/www.lraloeverashop.eu\\\/wp-content\\\/uploads\\\/2022\\\/09\\\/cropped-Lr-Aloe-Vera-Shop.jpg\",\"contentUrl\":\"https:\\\/\\\/www.lraloeverashop.eu\\\/wp-content\\\/uploads\\\/2022\\\/09\\\/cropped-Lr-Aloe-Vera-Shop.jpg\",\"width\":228,\"height\":76,\"caption\":\"Lr Obchod Aloe Vera\"},\"image\":{\"@id\":\"https:\\\/\\\/www.lraloeverashop.eu\\\/sk\\\/#\\\/schema\\\/logo\\\/image\\\/\"},\"sameAs\":[\"https:\\\/\\\/www.facebook.com\\\/lraloeverashop.eu\",\"https:\\\/\\\/x.com\\\/natur__kosmetik\",\"https:\\\/\\\/www.youtube.com\\\/channel\\\/UC5oN7BJ8nfYb8RpVtjwDEBA\",\"https:\\\/\\\/www.instagram.com\\\/lrbeautyeu\\\/\"],\"description\":\"Obchod Lr Aloe Vera je va\u0161\u00edm d\u00f4veryhodn\u00fdm miestom pre pr\u00e9miov\u00e9 produkty LR Health & Beauty vyroben\u00e9 v Nemecku. Pon\u00fakame vysokokvalitn\u00e9 rie\u0161enia starostlivosti o ple\u0165 s Aloe Vera, v\u00fd\u017eivu a proti starnutiu, vyroben\u00e9 z \u010dist\u00fdch ingredienci\u00ed a podlo\u017een\u00e9 vedeck\u00fdm v\u00fdskumom. Objavte pr\u00edrodn\u00fa starostlivos\u0165, ktor\u00e1 regeneruje, chr\u00e1ni a revitalizuje va\u0161u ple\u0165 \u2013 a vyu\u017eite exkluz\u00edvne mesa\u010dn\u00e9 ponuky na na\u0161e najpred\u00e1vanej\u0161ie produkty LR Aloe Vera.\\nZa\u010dnite svoju cestu za pr\u00edrodnou starostlivos\u0165ou o ple\u0165 e\u0161te dnes a poc\u00ed\u0165te rozdiel.\",\"email\":\"info@lraloeverashop.eu\",\"telephone\":\"+49 17670609653\",\"legalName\":\"Lr Aloe Vera Shop\",\"foundingDate\":\"2018-04-21\",\"numberOfEmployees\":{\"@type\":\"QuantitativeValue\",\"minValue\":\"1\",\"maxValue\":\"10\"}}]}<\/script>\n<meta property=\"product:price:amount\" content=\"48.59\" \/>\n<meta property=\"product:price:currency\" content=\"EUR\" \/>\n<meta property=\"og:availability\" content=\"instock\" \/>\n<meta property=\"product:availability\" content=\"instock\" \/>\n<meta property=\"product:retailer_item_id\" content=\"28280-1SK\" \/>\n<meta property=\"product:condition\" content=\"new\" \/>\n<!-- \/ Yoast SEO Premium plugin. -->","yoast_head_json":{"title":"Zeitgard Niacinamidov\u00e9 s\u00e9rum na tv\u00e1r pre bezchybn\u00fa a \u017eiariv\u00fa ple\u0165","description":"Za\u017eite zdrav\u00fd, \u017eiariv\u00fd vzh\u013ead pomocou n\u00e1\u0161ho Zeitgard Niacinamidov\u00e9 s\u00e9rum na tv\u00e1r. . Minimalizujte p\u00f3ry, redukuje vr\u00e1sky, upokojuje podr\u00e1\u017edenie, regeneruje","robots":{"index":"index","follow":"follow","max-snippet":"max-snippet:-1","max-image-preview":"max-image-preview:large","max-video-preview":"max-video-preview:-1"},"canonical":"https:\/\/www.lraloeverashop.eu\/sk\/produkt\/zeitgard-niacinamidove-serum-na-tvar\/","og_locale":"sk_SK","og_type":"article","og_title":"Zeitgard Niacinamidov\u00e9 s\u00e9rum na tv\u00e1r","og_description":"Za\u017eite zdrav\u00fd, \u017eiariv\u00fd vzh\u013ead pomocou n\u00e1\u0161ho Zeitgard Niacinamidov\u00e9 s\u00e9rum na tv\u00e1r. . Minimalizujte p\u00f3ry, redukuje vr\u00e1sky, upokojuje podr\u00e1\u017edenie, regeneruje","og_url":"https:\/\/www.lraloeverashop.eu\/sk\/produkt\/zeitgard-niacinamidove-serum-na-tvar\/","og_site_name":"Lr Obchod Aloe Vera","article_publisher":"https:\/\/www.facebook.com\/lraloeverashop.eu","article_modified_time":"2025-03-29T17:24:30+00:00","og_image":[{"width":1200,"height":1200,"url":"https:\/\/www.lraloeverashop.eu\/wp-content\/uploads\/2024\/06\/Zeitgard-Niacinamide-Face-Serum.jpg","type":"image\/jpeg"}],"twitter_card":"summary_large_image","twitter_site":"@natur__kosmetik","schema":{"@context":"https:\/\/schema.org","@graph":[{"@type":["WebPage","ItemPage"],"@id":"https:\/\/www.lraloeverashop.eu\/sk\/produkt\/zeitgard-niacinamidove-serum-na-tvar\/","url":"https:\/\/www.lraloeverashop.eu\/sk\/produkt\/zeitgard-niacinamidove-serum-na-tvar\/","name":"Zeitgard Niacinamidov\u00e9 s\u00e9rum na tv\u00e1r pre bezchybn\u00fa a \u017eiariv\u00fa ple\u0165","isPartOf":{"@id":"https:\/\/www.lraloeverashop.eu\/sk\/#website"},"primaryImageOfPage":{"@id":"https:\/\/www.lraloeverashop.eu\/sk\/produkt\/zeitgard-niacinamidove-serum-na-tvar\/#primaryimage"},"image":{"@id":"https:\/\/www.lraloeverashop.eu\/sk\/produkt\/zeitgard-niacinamidove-serum-na-tvar\/#primaryimage"},"thumbnailUrl":"https:\/\/www.lraloeverashop.eu\/wp-content\/uploads\/2024\/06\/Zeitgard-Niacinamide-Face-Serum.jpg","datePublished":"2024-06-16T10:17:12+00:00","dateModified":"2025-03-29T17:24:30+00:00","description":"Za\u017eite zdrav\u00fd, \u017eiariv\u00fd vzh\u013ead pomocou n\u00e1\u0161ho Zeitgard Niacinamidov\u00e9 s\u00e9rum na tv\u00e1r. . Minimalizujte p\u00f3ry, redukuje vr\u00e1sky, upokojuje podr\u00e1\u017edenie, regeneruje","breadcrumb":{"@id":"https:\/\/www.lraloeverashop.eu\/sk\/produkt\/zeitgard-niacinamidove-serum-na-tvar\/#breadcrumb"},"inLanguage":"sk-SK","potentialAction":[{"@type":"ReadAction","target":["https:\/\/www.lraloeverashop.eu\/sk\/produkt\/zeitgard-niacinamidove-serum-na-tvar\/"]}]},{"@type":"ImageObject","inLanguage":"sk-SK","@id":"https:\/\/www.lraloeverashop.eu\/sk\/produkt\/zeitgard-niacinamidove-serum-na-tvar\/#primaryimage","url":"https:\/\/www.lraloeverashop.eu\/wp-content\/uploads\/2024\/06\/Zeitgard-Niacinamide-Face-Serum.jpg","contentUrl":"https:\/\/www.lraloeverashop.eu\/wp-content\/uploads\/2024\/06\/Zeitgard-Niacinamide-Face-Serum.jpg","width":1200,"height":1200,"caption":"Zeitgard Niacinamidov\u00e9 s\u00e9rum na tv\u00e1r minimalizuje p\u00f3ry a zvy\u0161uje elasticitu"},{"@type":"BreadcrumbList","@id":"https:\/\/www.lraloeverashop.eu\/sk\/produkt\/zeitgard-niacinamidove-serum-na-tvar\/#breadcrumb","itemListElement":[{"@type":"ListItem","position":1,"name":"Home","item":"https:\/\/www.lraloeverashop.eu\/sk\/"},{"@type":"ListItem","position":2,"name":"Obchod","item":"https:\/\/www.lraloeverashop.eu\/shop\/"},{"@type":"ListItem","position":3,"name":"Zeitgard Niacinamidov\u00e9 s\u00e9rum na tv\u00e1r"}]},{"@type":"WebSite","@id":"https:\/\/www.lraloeverashop.eu\/sk\/#website","url":"https:\/\/www.lraloeverashop.eu\/sk\/","name":"Lr Obchod Aloe Vera","description":"High Quality Lr Aloe Vera Gel, Aloe Vera Cream and Shampoo","publisher":{"@id":"https:\/\/www.lraloeverashop.eu\/sk\/#organization"},"potentialAction":[{"@type":"SearchAction","target":{"@type":"EntryPoint","urlTemplate":"https:\/\/www.lraloeverashop.eu\/sk\/?s={search_term_string}"},"query-input":{"@type":"PropertyValueSpecification","valueRequired":true,"valueName":"search_term_string"}}],"inLanguage":"sk-SK"},{"@type":"Organization","@id":"https:\/\/www.lraloeverashop.eu\/sk\/#organization","name":"Lr Obchod Aloe Vera","alternateName":"LR","url":"https:\/\/www.lraloeverashop.eu\/sk\/","logo":{"@type":"ImageObject","inLanguage":"sk-SK","@id":"https:\/\/www.lraloeverashop.eu\/sk\/#\/schema\/logo\/image\/","url":"https:\/\/www.lraloeverashop.eu\/wp-content\/uploads\/2022\/09\/cropped-Lr-Aloe-Vera-Shop.jpg","contentUrl":"https:\/\/www.lraloeverashop.eu\/wp-content\/uploads\/2022\/09\/cropped-Lr-Aloe-Vera-Shop.jpg","width":228,"height":76,"caption":"Lr Obchod Aloe Vera"},"image":{"@id":"https:\/\/www.lraloeverashop.eu\/sk\/#\/schema\/logo\/image\/"},"sameAs":["https:\/\/www.facebook.com\/lraloeverashop.eu","https:\/\/x.com\/natur__kosmetik","https:\/\/www.youtube.com\/channel\/UC5oN7BJ8nfYb8RpVtjwDEBA","https:\/\/www.instagram.com\/lrbeautyeu\/"],"description":"Obchod Lr Aloe Vera je va\u0161\u00edm d\u00f4veryhodn\u00fdm miestom pre pr\u00e9miov\u00e9 produkty LR Health & Beauty vyroben\u00e9 v Nemecku. Pon\u00fakame vysokokvalitn\u00e9 rie\u0161enia starostlivosti o ple\u0165 s Aloe Vera, v\u00fd\u017eivu a proti starnutiu, vyroben\u00e9 z \u010dist\u00fdch ingredienci\u00ed a podlo\u017een\u00e9 vedeck\u00fdm v\u00fdskumom. Objavte pr\u00edrodn\u00fa starostlivos\u0165, ktor\u00e1 regeneruje, chr\u00e1ni a revitalizuje va\u0161u ple\u0165 \u2013 a vyu\u017eite exkluz\u00edvne mesa\u010dn\u00e9 ponuky na na\u0161e najpred\u00e1vanej\u0161ie produkty LR Aloe Vera.\nZa\u010dnite svoju cestu za pr\u00edrodnou starostlivos\u0165ou o ple\u0165 e\u0161te dnes a poc\u00ed\u0165te rozdiel.","email":"info@lraloeverashop.eu","telephone":"+49 17670609653","legalName":"Lr Aloe Vera Shop","foundingDate":"2018-04-21","numberOfEmployees":{"@type":"QuantitativeValue","minValue":"1","maxValue":"10"}}]},"product_price_amount":"48.59","product_price_currency":"EUR","og_availability":"instock","product_availability":"instock","product_retailer_item_id":"28280-1SK","product_condition":"new"},"taxonomy_info":{"product_cat":[{"value":276,"label":"Mu\u017ei nad 25 rokov"},{"value":331,"label":"Produkty proti starnutiu"},{"value":270,"label":"Starostlivos\u0165 proti starnutiu"},{"value":396,"label":"Zeitgard"},{"value":288,"label":"\u017deny do 40"},{"value":282,"label":"\u017deny nad 40 rokov"}],"product_tag":[{"value":706,"label":"na vr\u00e1sky na tv\u00e1ri"}]},"featured_image_src_large":["https:\/\/www.lraloeverashop.eu\/wp-content\/uploads\/2024\/06\/Zeitgard-Niacinamide-Face-Serum-1024x1024.jpg",1024,1024,true],"author_info":[],"comment_info":0,"_links":{"self":[{"href":"https:\/\/www.lraloeverashop.eu\/sk\/wp-json\/wp\/v2\/product\/15760","targetHints":{"allow":["GET"]}}],"collection":[{"href":"https:\/\/www.lraloeverashop.eu\/sk\/wp-json\/wp\/v2\/product"}],"about":[{"href":"https:\/\/www.lraloeverashop.eu\/sk\/wp-json\/wp\/v2\/types\/product"}],"replies":[{"embeddable":true,"href":"https:\/\/www.lraloeverashop.eu\/sk\/wp-json\/wp\/v2\/comments?post=15760"}],"wp:featuredmedia":[{"embeddable":true,"href":"https:\/\/www.lraloeverashop.eu\/sk\/wp-json\/wp\/v2\/media\/15742"}],"wp:attachment":[{"href":"https:\/\/www.lraloeverashop.eu\/sk\/wp-json\/wp\/v2\/media?parent=15760"}],"wp:term":[{"taxonomy":"product_brand","embeddable":true,"href":"https:\/\/www.lraloeverashop.eu\/sk\/wp-json\/wp\/v2\/product_brand?post=15760"},{"taxonomy":"product_cat","embeddable":true,"href":"https:\/\/www.lraloeverashop.eu\/sk\/wp-json\/wp\/v2\/product_cat?post=15760"},{"taxonomy":"product_tag","embeddable":true,"href":"https:\/\/www.lraloeverashop.eu\/sk\/wp-json\/wp\/v2\/product_tag?post=15760"}],"curies":[{"name":"wp","href":"https:\/\/api.w.org\/{rel}","templated":true}]}}