{"id":15354,"date":"2024-05-25T14:36:04","date_gmt":"2024-05-25T12:36:04","guid":{"rendered":"https:\/\/www.lraloeverashop.eu\/?post_type=product&#038;p=15354"},"modified":"2025-03-29T18:24:59","modified_gmt":"2025-03-29T17:24:59","slug":"liver-support-kapsule-copy","status":"publish","type":"product","link":"https:\/\/www.lraloeverashop.eu\/sk\/produkt\/liver-support-kapsule-copy\/","title":{"rendered":"Lr Liver Support Kapsule"},"content":{"rendered":"<h2><strong><span style=\"font-size: 16pt; color: #000000;\">Lr Liver Support Kapsule<\/span><\/strong><\/h2>\n<p><span style=\"font-size: 14pt;\"><strong>Lr Liver Support Kapsule podporuj\u00fa vlastn\u00e9 procesy v tele<\/strong><\/span><\/p>\n<p>Pou\u017e\u00edvajte Lr Liver Support Kapsule od Lr Health &amp; Beauty a revitalizujte svoju pe\u010de\u0148. Tieto kapsuly, formulovan\u00e9 s pr\u00e9miov\u00fdmi ingredienciami, s\u00fa navrhnut\u00e9 tak, aby podporovali zdrav\u00fa funkciu pe\u010dene, napom\u00e1hali detoxik\u00e1cii a celkovej pohode. <a href=\"https:\/\/www.lraloeverashop.eu\/sk\/produkt\/liver-support-kapsule\/\">Lr Liver Kapsule<\/a> podporuje telu vlastn\u00e9 procesy\u00b9\u00b2 s jedine\u010dnou 3-n\u00e1sobnou kombin\u00e1ciou:<\/p>\n<p><strong>1. Z\u00e1sobovanie a metabolizmus\u00b9:<\/strong><br \/>\nPodpora pe\u010dene v jej funkcii regul\u00e1cie \u017eiv\u00edn\u00b9 &#8211; sem patr\u00ed napr\u00edklad metabolizmus \u017eiv\u00edn ako s\u00fa sacharidy, bielkoviny a tuky a ukladanie vitam\u00ednov (ako A, D, B12) a <a href=\"https:\/\/www.lraloeverashop.eu\/sk\/produkt\/active-freedom-kapsule\/\">miner\u00e1lov<\/a> (ako \u017eelezo, me\u010f, zinok a sel\u00e9n).<\/p>\n<p><strong>2. Detoxik\u00e1cia\u00b9<\/strong><br \/>\nPodpora pe\u010dene pri likvid\u00e1cii\u00b9, rozklade, koncentr\u00e1cii a vylu\u010dovan\u00ed \u0161kodliv\u00fdch l\u00e1tok, najm\u00e4 podporou synt\u00e9zy cyste\u00ednu\u00b3\u2074 pri detoxika\u010dn\u00fdch procesoch pe\u010dene\u00b9.<\/p>\n<p><strong>3. Ochrana<\/strong><br \/>\nMiner\u00e1l mang\u00e1n chr\u00e1ni bunky pred oxida\u010dn\u00fdm stresom prostredn\u00edctvom metabolick\u00fdch procesov a detoxik\u00e1cie\u00b2. Podporou synt\u00e9zy cyste\u00ednu\u00b3\u2074 je chr\u00e1nen\u00e1 pe\u010de\u0148 (v\u010faka tvorbe antioxidantu glutati\u00f3nu a taur\u00ednu\u00b3).<\/p>\n<p>Lr Liver Support Kapsule obsahuj\u00fa okrem in\u00e9ho artemisia, ostropestrec mari\u00e1nsky a chlorellu. Ka\u017ed\u00e1 rastlina alebo zlo\u017eka m\u00e1 svoje \u0161peci\u00e1lne v\u00fdhody a pri kombin\u00e1cii sa m\u00f4\u017eu vyvin\u00fa\u0165 ide\u00e1lne synergick\u00e9 efekty. Zlo\u017eky lie\u010dby \u010drevn\u00e9ho metabolizmu LR funguj\u00fa naj\u00fa\u010dinnej\u0161ie ako t\u00edmov\u00fd hr\u00e1\u010d a podporuj\u00fa zdrav\u00fa rovnov\u00e1hu v tele.<\/p>\n<p>&nbsp;<\/p>\n<h3><strong><span style=\"font-size: 16pt; color: #000000;\">Sp\u00f4sob pou\u017eitia<\/span><\/strong><\/h3>\n<p><strong>Odpor\u00fa\u010dan\u00e9 d\u00e1vkovanie:<\/strong> U\u017e\u00edvajte jednu z Lr Liver Support Kapsule raz denne. Najlep\u0161ie ve\u010der spolu s poh\u00e1rom tekutiny. Konzistentn\u00e9 dlhodob\u00e9 pou\u017e\u00edvanie je k\u013e\u00fa\u010dom k dosiahnutiu v\u00e1\u0161ho cie\u013ea.<\/p>\n<p>Odpor\u00fa\u010dan\u00e1 denn\u00e1 d\u00e1vka sa nem\u00e1 prekro\u010di\u0165. V\u00fd\u017eivov\u00e9 doplnky nie s\u00fa n\u00e1hradou pestrej a vyv\u00e1\u017eenej stravy, ktor\u00e1 je d\u00f4le\u017eit\u00e1 spolu so zdrav\u00fdm \u017eivotn\u00fdm \u0161t\u00fdlom. V\u00fdrobok skladujte mimo dosahu mal\u00fdch det\u00ed<\/p>\n<p>Skladujte dobre uzavret\u00e9, v suchu a pri izbovej teplote. Po otvoren\u00ed op\u00e4\u0165 dobre uzavrite.<\/p>\n<p>&nbsp;<\/p>\n<h4><strong><span style=\"font-size: 16pt; color: #000000;\">Vedeli ste?<\/span><\/strong><\/h4>\n<p>Ka\u017ed\u00e1 rastlina \u010di ingrediencia m\u00e1 svoje \u0161peci\u00e1lne prednosti, niektor\u00e9 s\u00fa dokonca skuto\u010dn\u00fdmi \u0161pecialistami. Pri interakcii sa v\u0161ak m\u00f4\u017eu vyvin\u00fa\u0165 obzvl\u00e1\u0161\u0165 \u00fa\u010dinn\u00e9 synergick\u00e9 efekty, ktor\u00e9 podporuj\u00fa prirodzen\u00e9 udr\u017eanie zdravia. Zlo\u017eky lie\u010dby \u010drevn\u00e9ho metabolizmu Lr Liver Support Kapsule naj\u00fa\u010dinnej\u0161ie spolupracuj\u00fa a podporuj\u00fa rovnov\u00e1hu v tele.<\/p>\n<p>&nbsp;<\/p>\n<p><strong>MLIEK OSTREJ<\/strong><br \/>\n<strong>Ochrana pe\u010dene:<\/strong> Pestrec mari\u00e1nsky je najzn\u00e1mej\u0161\u00ed pre svoj pozit\u00edvny vplyv na zdravie pe\u010dene\u00b9. Predpoklad\u00e1 sa, \u017ee silymar\u00edn, hlavn\u00e1 zlo\u017eka pestreca mari\u00e1nskeho, m\u00f4\u017ee podporova\u0165 regener\u00e1ciu pe\u010de\u0148ov\u00fdch buniek.<\/p>\n<p><strong>Detoxik\u00e1cia pe\u010dene:<\/strong> Pestrec mari\u00e1nsky m\u00f4\u017ee tie\u017e podpori\u0165 <a href=\"https:\/\/www.lraloeverashop.eu\/sk\/produkt\/aloe-vera-gel-na-pitie-broskyna\/\">detoxika\u010dn\u00fa funkciu<\/a>\u00b9 pe\u010dene zv\u00fd\u0161en\u00edm aktivity enz\u00fdmov, ktor\u00e9 sa podie\u013eaj\u00fa na rozklade tox\u00ednov a zne\u010dis\u0165uj\u00facich l\u00e1tok.<br \/>\n<strong>Podpora:<\/strong> U\u017e\u00edvanie pestreca mari\u00e1nskeho alebo silymar\u00ednu sa \u010dasto pou\u017e\u00edva ako doplnok na podporu funkcie pe\u010dene.<\/p>\n<p>&nbsp;<\/p>\n<p><strong>ARTEMISIA<\/strong><br \/>\nArtemisia absinthium, be\u017ene zn\u00e1ma ako palina, m\u00e1 r\u00f4znorod\u00e9 vyu\u017eitie v\u010faka svojim v\u0161estrann\u00fdm vlastnostiam a v\u00fdhod\u00e1m.<\/p>\n<p><strong>Podpora tr\u00e1venia:<\/strong> Artemisia sa u\u017e dlho tradi\u010dne pou\u017e\u00edva na podporu tr\u00e1venia. Ver\u00ed sa, \u017ee Artemisia m\u00f4\u017ee stimulova\u0165 produkciu tr\u00e1viacich \u0161tiav, a preto m\u00f4\u017ee by\u0165 n\u00e1pomocn\u00e1 pri gastrointestin\u00e1lnych probl\u00e9moch, ako je plynatos\u0165 a nad\u00favanie.<\/p>\n<p><strong>Antioxida\u010dn\u00fd \u00fa\u010dinok:<\/strong> Artemisia prirodzene obsahuje antioxidanty\u00b2, ako s\u00fa polyfenoly, flavonoidy a terp\u00e9ny. Je zn\u00e1me, \u017ee antioxidanty pom\u00e1haj\u00fa chr\u00e1ni\u0165 bunky pred oxida\u010dn\u00fdm stresom a po\u0161koden\u00edm vo\u013en\u00fdmi radik\u00e1lmi.<\/p>\n<p>&nbsp;<\/p>\n<p><strong>CYSTEIN<\/strong><br \/>\nCyste\u00edn v Lr Liver Support Kapsul\u00e1ch na podporu pe\u010dene je esenci\u00e1lna aminokyselina, ktor\u00e1 hr\u00e1 \u00falohu v mnoh\u00fdch \u017eivotne d\u00f4le\u017eit\u00fdch funkci\u00e1ch. Nedostatok cyste\u00ednu alebo jeho prekurzorov m\u00f4\u017ee negat\u00edvne ovplyvni\u0165 r\u00f4zne aspekty metabolizmu v tele a zhor\u0161i\u0165 funkcie pe\u010dene a in\u00fdch org\u00e1nov. Preto je schopnos\u0165 pe\u010dene syntetizova\u0165 cyste\u00edn d\u00f4le\u017eit\u00e1 pre udr\u017eanie zdrav\u00e9ho metabolizmu a adekv\u00e1tnej detoxika\u010dnej funkcie.<\/p>\n<p>&nbsp;<\/p>\n<p><strong>CHLORELLA<\/strong><br \/>\nChlorella je sladkovodn\u00e1 riasa cenen\u00e1 ako doplnok stravy pre jej nutri\u010dn\u00e9 vlastnosti a potenci\u00e1lne zdravotn\u00e9 pr\u00ednosy.<\/p>\n<p><strong>Antioxida\u010dn\u00e9 vlastnosti:<\/strong> Chlorella v Liver Support Kapsul\u00e1ch na podporu pe\u010dene obsahuje pr\u00edrodn\u00e9 antioxidanty ako vitam\u00edn C, vitam\u00edn E a karotenoidy. Antioxidanty chr\u00e1nia telo pred oxida\u010dn\u00fdm stresom a m\u00f4\u017eu pom\u00f4c\u0165 minimalizova\u0165 po\u0161kodenie buniek sp\u00f4soben\u00e9 vo\u013en\u00fdmi radik\u00e1lmi.<\/p>\n<p><strong>Bohat\u00e1 na \u017eiviny:<\/strong> Chlorella je bohat\u00e1 na r\u00f4zne \u017eiviny, vr\u00e1tane bielkov\u00edn, <a href=\"https:\/\/www.lraloeverashop.eu\/sk\/produkt\/vita-active-cervene-ovocie\/\">vitam\u00ednov<\/a> (ako s\u00fa vitam\u00edny B, vitam\u00edn C a vitam\u00edn K), miner\u00e1lov (ako je \u017eelezo, hor\u010d\u00edk a zinok), vl\u00e1kniny a fytochemik\u00e1li\u00ed. Toto nutri\u010dn\u00e9 zlo\u017eenie rob\u00ed z chlorelly potenci\u00e1lne v\u00fd\u017eivn\u00fd doplnok na podporu zdravia.<\/p>\n<p><strong>Urobte prv\u00fd krok k zdrav\u0161iemu ja. Objednajte si Lr Liver Support Kapsule e\u0161te dnes a za\u010dnite svoju cestu k lep\u0161iemu zdraviu pe\u010dene!<\/strong><\/p>\n<p>&nbsp;<\/p>\n<p>1. Chol\u00edn prispieva k udr\u017eaniu norm\u00e1lnej funkcie pe\u010dene.<br \/>\n2. Mang\u00e1n pom\u00e1ha chr\u00e1ni\u0165 bunky pred oxida\u010dn\u00fdm stresom.<br \/>\n3. Vitam\u00edn B6 prispieva k norm\u00e1lnej synt\u00e9ze cyste\u00ednu.<br \/>\n4. Molybd\u00e9n prispieva k norm\u00e1lnemu metabolizmu s\u00edry a aminokysel\u00edn.<\/p>\n","protected":false},"excerpt":{"rendered":"<ul>\n<li>Detoxik\u00e1cia: Podpora pe\u010dene v likvid\u00e1cii\u00b9<\/li>\n<li>Mang\u00e1n chr\u00e1ni bunky pred oxida\u010dn\u00fdm stresom\u00b2<\/li>\n<li>Vitam\u00edn B6 prispieva k synt\u00e9ze d\u00f4le\u017eitej aminokyseliny cyste\u00ednu<\/li>\n<li>Obsahuje artemisia, ostropestrec mari\u00e1nsky, chlorellu, chol\u00edn, mang\u00e1n, molybd\u00e9n a vitam\u00edn B6<\/li>\n<li>Obsah: 3 x 30 kaps\u00fal<\/li>\n<\/ul>\n<p>&nbsp;<\/p>\n","protected":false},"featured_media":15008,"comment_status":"open","ping_status":"closed","template":"","meta":{"_kad_blocks_custom_css":"","_kad_blocks_head_custom_js":"","_kad_blocks_body_custom_js":"","_kad_blocks_footer_custom_js":"","_kadence_starter_templates_imported_post":false,"_kad_post_transparent":"default","_kad_post_title":"","_kad_post_layout":"default","_kad_post_sidebar_id":"","_kad_post_content_style":"default","_kad_post_vertical_padding":"default","_kad_post_feature":"","_kad_post_feature_position":"","_kad_post_header":false,"_kad_post_footer":false,"_kad_post_classname":""},"product_brand":[],"product_cat":[438,450,468,459],"product_tag":[683],"class_list":{"0":"post-15354","1":"product","2":"type-product","3":"status-publish","4":"has-post-thumbnail","6":"product_cat-creva-a-travenie","7":"product_cat-relaxacia","8":"product_cat-specialista","9":"product_cat-usetrite-v-setoch","10":"product_tag-posilnovac-imunity","12":"first","13":"instock","14":"taxable","15":"shipping-taxable","16":"purchasable","17":"product-type-simple","18":"entry","19":"content-bg","20":"loop-entry"},"yoast_head":"<!-- This site is optimized with the Yoast SEO Premium plugin v27.4 (Yoast SEO v27.4) - https:\/\/yoast.com\/product\/yoast-seo-premium-wordpress\/ -->\n<title>Lr Liver Support Kapsule na pe\u010de\u0148 podporuj\u00fa vlastn\u00e9 procesy v tele<\/title>\n<meta name=\"description\" content=\"Lr Liver Support Kapsule podporuj\u00fa pe\u010de\u0148 pri likvid\u00e1cii ne\u017eiaducich l\u00e1tok: rozklad, koncentr\u00e1cia a vylu\u010dovanie. Proti oxida\u010dn\u00e9mu stresu. Obsah: 90 kaps\u00fal\" \/>\n<meta name=\"robots\" content=\"index, follow, max-snippet:-1, max-image-preview:large, max-video-preview:-1\" \/>\n<link rel=\"canonical\" href=\"https:\/\/www.lraloeverashop.eu\/sk\/produkt\/liver-support-kapsule-copy\/\" \/>\n<meta property=\"og:locale\" content=\"sk_SK\" \/>\n<meta property=\"og:type\" content=\"article\" \/>\n<meta property=\"og:title\" content=\"Lr Liver Support Kapsule\" \/>\n<meta property=\"og:description\" content=\"Lr Liver Support Kapsule podporuj\u00fa pe\u010de\u0148 pri likvid\u00e1cii ne\u017eiaducich l\u00e1tok: rozklad, koncentr\u00e1cia a vylu\u010dovanie. Proti oxida\u010dn\u00e9mu stresu. Obsah: 90 kaps\u00fal\" \/>\n<meta property=\"og:url\" content=\"https:\/\/www.lraloeverashop.eu\/sk\/produkt\/liver-support-kapsule-copy\/\" \/>\n<meta property=\"og:site_name\" content=\"Lr Obchod Aloe Vera\" \/>\n<meta property=\"article:publisher\" content=\"https:\/\/www.facebook.com\/lraloeverashop.eu\" \/>\n<meta property=\"article:modified_time\" content=\"2025-03-29T17:24:59+00:00\" \/>\n<meta property=\"og:image\" content=\"https:\/\/www.lraloeverashop.eu\/wp-content\/uploads\/2024\/05\/Lr-Liver-Support-Capsules.jpg\" \/>\n\t<meta property=\"og:image:width\" content=\"1200\" \/>\n\t<meta property=\"og:image:height\" content=\"1200\" \/>\n\t<meta property=\"og:image:type\" content=\"image\/jpeg\" \/>\n<meta name=\"twitter:card\" content=\"summary_large_image\" \/>\n<meta name=\"twitter:site\" content=\"@natur__kosmetik\" \/>\n<script type=\"application\/ld+json\" class=\"yoast-schema-graph\">{\"@context\":\"https:\\\/\\\/schema.org\",\"@graph\":[{\"@type\":[\"WebPage\",\"ItemPage\"],\"@id\":\"https:\\\/\\\/www.lraloeverashop.eu\\\/sk\\\/produkt\\\/liver-support-kapsule-copy\\\/\",\"url\":\"https:\\\/\\\/www.lraloeverashop.eu\\\/sk\\\/produkt\\\/liver-support-kapsule-copy\\\/\",\"name\":\"Lr Liver Support Kapsule na pe\u010de\u0148 podporuj\u00fa vlastn\u00e9 procesy v tele\",\"isPartOf\":{\"@id\":\"https:\\\/\\\/www.lraloeverashop.eu\\\/sk\\\/#website\"},\"primaryImageOfPage\":{\"@id\":\"https:\\\/\\\/www.lraloeverashop.eu\\\/sk\\\/produkt\\\/liver-support-kapsule-copy\\\/#primaryimage\"},\"image\":{\"@id\":\"https:\\\/\\\/www.lraloeverashop.eu\\\/sk\\\/produkt\\\/liver-support-kapsule-copy\\\/#primaryimage\"},\"thumbnailUrl\":\"https:\\\/\\\/www.lraloeverashop.eu\\\/wp-content\\\/uploads\\\/2024\\\/05\\\/Lr-Liver-Support-Capsules.jpg\",\"datePublished\":\"2024-05-25T12:36:04+00:00\",\"dateModified\":\"2025-03-29T17:24:59+00:00\",\"description\":\"Lr Liver Support Kapsule podporuj\u00fa pe\u010de\u0148 pri likvid\u00e1cii ne\u017eiaducich l\u00e1tok: rozklad, koncentr\u00e1cia a vylu\u010dovanie. Proti oxida\u010dn\u00e9mu stresu. Obsah: 90 kaps\u00fal\",\"breadcrumb\":{\"@id\":\"https:\\\/\\\/www.lraloeverashop.eu\\\/sk\\\/produkt\\\/liver-support-kapsule-copy\\\/#breadcrumb\"},\"inLanguage\":\"sk-SK\",\"potentialAction\":[{\"@type\":\"ReadAction\",\"target\":[\"https:\\\/\\\/www.lraloeverashop.eu\\\/sk\\\/produkt\\\/liver-support-kapsule-copy\\\/\"]}]},{\"@type\":\"ImageObject\",\"inLanguage\":\"sk-SK\",\"@id\":\"https:\\\/\\\/www.lraloeverashop.eu\\\/sk\\\/produkt\\\/liver-support-kapsule-copy\\\/#primaryimage\",\"url\":\"https:\\\/\\\/www.lraloeverashop.eu\\\/wp-content\\\/uploads\\\/2024\\\/05\\\/Lr-Liver-Support-Capsules.jpg\",\"contentUrl\":\"https:\\\/\\\/www.lraloeverashop.eu\\\/wp-content\\\/uploads\\\/2024\\\/05\\\/Lr-Liver-Support-Capsules.jpg\",\"width\":1200,\"height\":1200,\"caption\":\"Lr Liver Support Kapsuly podporuj\u00fa vlastn\u00e9 procesy v tele\"},{\"@type\":\"BreadcrumbList\",\"@id\":\"https:\\\/\\\/www.lraloeverashop.eu\\\/sk\\\/produkt\\\/liver-support-kapsule-copy\\\/#breadcrumb\",\"itemListElement\":[{\"@type\":\"ListItem\",\"position\":1,\"name\":\"Home\",\"item\":\"https:\\\/\\\/www.lraloeverashop.eu\\\/sk\\\/\"},{\"@type\":\"ListItem\",\"position\":2,\"name\":\"Obchod\",\"item\":\"https:\\\/\\\/www.lraloeverashop.eu\\\/shop\\\/\"},{\"@type\":\"ListItem\",\"position\":3,\"name\":\"Lr Liver Support Kapsule\"}]},{\"@type\":\"WebSite\",\"@id\":\"https:\\\/\\\/www.lraloeverashop.eu\\\/sk\\\/#website\",\"url\":\"https:\\\/\\\/www.lraloeverashop.eu\\\/sk\\\/\",\"name\":\"Lr Obchod Aloe Vera\",\"description\":\"High Quality Lr Aloe Vera Gel, Aloe Vera Cream and Shampoo\",\"publisher\":{\"@id\":\"https:\\\/\\\/www.lraloeverashop.eu\\\/sk\\\/#organization\"},\"potentialAction\":[{\"@type\":\"SearchAction\",\"target\":{\"@type\":\"EntryPoint\",\"urlTemplate\":\"https:\\\/\\\/www.lraloeverashop.eu\\\/sk\\\/?s={search_term_string}\"},\"query-input\":{\"@type\":\"PropertyValueSpecification\",\"valueRequired\":true,\"valueName\":\"search_term_string\"}}],\"inLanguage\":\"sk-SK\"},{\"@type\":\"Organization\",\"@id\":\"https:\\\/\\\/www.lraloeverashop.eu\\\/sk\\\/#organization\",\"name\":\"Lr Obchod Aloe Vera\",\"alternateName\":\"LR\",\"url\":\"https:\\\/\\\/www.lraloeverashop.eu\\\/sk\\\/\",\"logo\":{\"@type\":\"ImageObject\",\"inLanguage\":\"sk-SK\",\"@id\":\"https:\\\/\\\/www.lraloeverashop.eu\\\/sk\\\/#\\\/schema\\\/logo\\\/image\\\/\",\"url\":\"https:\\\/\\\/www.lraloeverashop.eu\\\/wp-content\\\/uploads\\\/2022\\\/09\\\/cropped-Lr-Aloe-Vera-Shop.jpg\",\"contentUrl\":\"https:\\\/\\\/www.lraloeverashop.eu\\\/wp-content\\\/uploads\\\/2022\\\/09\\\/cropped-Lr-Aloe-Vera-Shop.jpg\",\"width\":228,\"height\":76,\"caption\":\"Lr Obchod Aloe Vera\"},\"image\":{\"@id\":\"https:\\\/\\\/www.lraloeverashop.eu\\\/sk\\\/#\\\/schema\\\/logo\\\/image\\\/\"},\"sameAs\":[\"https:\\\/\\\/www.facebook.com\\\/lraloeverashop.eu\",\"https:\\\/\\\/x.com\\\/natur__kosmetik\",\"https:\\\/\\\/www.youtube.com\\\/channel\\\/UC5oN7BJ8nfYb8RpVtjwDEBA\",\"https:\\\/\\\/www.instagram.com\\\/lrbeautyeu\\\/\"],\"description\":\"Obchod Lr Aloe Vera je va\u0161\u00edm d\u00f4veryhodn\u00fdm miestom pre pr\u00e9miov\u00e9 produkty LR Health & Beauty vyroben\u00e9 v Nemecku. Pon\u00fakame vysokokvalitn\u00e9 rie\u0161enia starostlivosti o ple\u0165 s Aloe Vera, v\u00fd\u017eivu a proti starnutiu, vyroben\u00e9 z \u010dist\u00fdch ingredienci\u00ed a podlo\u017een\u00e9 vedeck\u00fdm v\u00fdskumom. Objavte pr\u00edrodn\u00fa starostlivos\u0165, ktor\u00e1 regeneruje, chr\u00e1ni a revitalizuje va\u0161u ple\u0165 \u2013 a vyu\u017eite exkluz\u00edvne mesa\u010dn\u00e9 ponuky na na\u0161e najpred\u00e1vanej\u0161ie produkty LR Aloe Vera.\\nZa\u010dnite svoju cestu za pr\u00edrodnou starostlivos\u0165ou o ple\u0165 e\u0161te dnes a poc\u00ed\u0165te rozdiel.\",\"email\":\"info@lraloeverashop.eu\",\"telephone\":\"+49 17670609653\",\"legalName\":\"Lr Aloe Vera Shop\",\"foundingDate\":\"2018-04-21\",\"numberOfEmployees\":{\"@type\":\"QuantitativeValue\",\"minValue\":\"1\",\"maxValue\":\"10\"}}]}<\/script>\n<meta property=\"product:price:amount\" content=\"103.71\" \/>\n<meta property=\"product:price:currency\" content=\"EUR\" \/>\n<meta property=\"og:availability\" content=\"instock\" \/>\n<meta property=\"product:availability\" content=\"instock\" \/>\n<meta property=\"product:retailer_item_id\" content=\"97329-99SK\" \/>\n<meta property=\"product:condition\" content=\"new\" \/>\n<!-- \/ Yoast SEO Premium plugin. -->","yoast_head_json":{"title":"Lr Liver Support Kapsule na pe\u010de\u0148 podporuj\u00fa vlastn\u00e9 procesy v tele","description":"Lr Liver Support Kapsule podporuj\u00fa pe\u010de\u0148 pri likvid\u00e1cii ne\u017eiaducich l\u00e1tok: rozklad, koncentr\u00e1cia a vylu\u010dovanie. Proti oxida\u010dn\u00e9mu stresu. Obsah: 90 kaps\u00fal","robots":{"index":"index","follow":"follow","max-snippet":"max-snippet:-1","max-image-preview":"max-image-preview:large","max-video-preview":"max-video-preview:-1"},"canonical":"https:\/\/www.lraloeverashop.eu\/sk\/produkt\/liver-support-kapsule-copy\/","og_locale":"sk_SK","og_type":"article","og_title":"Lr Liver Support Kapsule","og_description":"Lr Liver Support Kapsule podporuj\u00fa pe\u010de\u0148 pri likvid\u00e1cii ne\u017eiaducich l\u00e1tok: rozklad, koncentr\u00e1cia a vylu\u010dovanie. Proti oxida\u010dn\u00e9mu stresu. Obsah: 90 kaps\u00fal","og_url":"https:\/\/www.lraloeverashop.eu\/sk\/produkt\/liver-support-kapsule-copy\/","og_site_name":"Lr Obchod Aloe Vera","article_publisher":"https:\/\/www.facebook.com\/lraloeverashop.eu","article_modified_time":"2025-03-29T17:24:59+00:00","og_image":[{"width":1200,"height":1200,"url":"https:\/\/www.lraloeverashop.eu\/wp-content\/uploads\/2024\/05\/Lr-Liver-Support-Capsules.jpg","type":"image\/jpeg"}],"twitter_card":"summary_large_image","twitter_site":"@natur__kosmetik","schema":{"@context":"https:\/\/schema.org","@graph":[{"@type":["WebPage","ItemPage"],"@id":"https:\/\/www.lraloeverashop.eu\/sk\/produkt\/liver-support-kapsule-copy\/","url":"https:\/\/www.lraloeverashop.eu\/sk\/produkt\/liver-support-kapsule-copy\/","name":"Lr Liver Support Kapsule na pe\u010de\u0148 podporuj\u00fa vlastn\u00e9 procesy v tele","isPartOf":{"@id":"https:\/\/www.lraloeverashop.eu\/sk\/#website"},"primaryImageOfPage":{"@id":"https:\/\/www.lraloeverashop.eu\/sk\/produkt\/liver-support-kapsule-copy\/#primaryimage"},"image":{"@id":"https:\/\/www.lraloeverashop.eu\/sk\/produkt\/liver-support-kapsule-copy\/#primaryimage"},"thumbnailUrl":"https:\/\/www.lraloeverashop.eu\/wp-content\/uploads\/2024\/05\/Lr-Liver-Support-Capsules.jpg","datePublished":"2024-05-25T12:36:04+00:00","dateModified":"2025-03-29T17:24:59+00:00","description":"Lr Liver Support Kapsule podporuj\u00fa pe\u010de\u0148 pri likvid\u00e1cii ne\u017eiaducich l\u00e1tok: rozklad, koncentr\u00e1cia a vylu\u010dovanie. Proti oxida\u010dn\u00e9mu stresu. Obsah: 90 kaps\u00fal","breadcrumb":{"@id":"https:\/\/www.lraloeverashop.eu\/sk\/produkt\/liver-support-kapsule-copy\/#breadcrumb"},"inLanguage":"sk-SK","potentialAction":[{"@type":"ReadAction","target":["https:\/\/www.lraloeverashop.eu\/sk\/produkt\/liver-support-kapsule-copy\/"]}]},{"@type":"ImageObject","inLanguage":"sk-SK","@id":"https:\/\/www.lraloeverashop.eu\/sk\/produkt\/liver-support-kapsule-copy\/#primaryimage","url":"https:\/\/www.lraloeverashop.eu\/wp-content\/uploads\/2024\/05\/Lr-Liver-Support-Capsules.jpg","contentUrl":"https:\/\/www.lraloeverashop.eu\/wp-content\/uploads\/2024\/05\/Lr-Liver-Support-Capsules.jpg","width":1200,"height":1200,"caption":"Lr Liver Support Kapsuly podporuj\u00fa vlastn\u00e9 procesy v tele"},{"@type":"BreadcrumbList","@id":"https:\/\/www.lraloeverashop.eu\/sk\/produkt\/liver-support-kapsule-copy\/#breadcrumb","itemListElement":[{"@type":"ListItem","position":1,"name":"Home","item":"https:\/\/www.lraloeverashop.eu\/sk\/"},{"@type":"ListItem","position":2,"name":"Obchod","item":"https:\/\/www.lraloeverashop.eu\/shop\/"},{"@type":"ListItem","position":3,"name":"Lr Liver Support Kapsule"}]},{"@type":"WebSite","@id":"https:\/\/www.lraloeverashop.eu\/sk\/#website","url":"https:\/\/www.lraloeverashop.eu\/sk\/","name":"Lr Obchod Aloe Vera","description":"High Quality Lr Aloe Vera Gel, Aloe Vera Cream and Shampoo","publisher":{"@id":"https:\/\/www.lraloeverashop.eu\/sk\/#organization"},"potentialAction":[{"@type":"SearchAction","target":{"@type":"EntryPoint","urlTemplate":"https:\/\/www.lraloeverashop.eu\/sk\/?s={search_term_string}"},"query-input":{"@type":"PropertyValueSpecification","valueRequired":true,"valueName":"search_term_string"}}],"inLanguage":"sk-SK"},{"@type":"Organization","@id":"https:\/\/www.lraloeverashop.eu\/sk\/#organization","name":"Lr Obchod Aloe Vera","alternateName":"LR","url":"https:\/\/www.lraloeverashop.eu\/sk\/","logo":{"@type":"ImageObject","inLanguage":"sk-SK","@id":"https:\/\/www.lraloeverashop.eu\/sk\/#\/schema\/logo\/image\/","url":"https:\/\/www.lraloeverashop.eu\/wp-content\/uploads\/2022\/09\/cropped-Lr-Aloe-Vera-Shop.jpg","contentUrl":"https:\/\/www.lraloeverashop.eu\/wp-content\/uploads\/2022\/09\/cropped-Lr-Aloe-Vera-Shop.jpg","width":228,"height":76,"caption":"Lr Obchod Aloe Vera"},"image":{"@id":"https:\/\/www.lraloeverashop.eu\/sk\/#\/schema\/logo\/image\/"},"sameAs":["https:\/\/www.facebook.com\/lraloeverashop.eu","https:\/\/x.com\/natur__kosmetik","https:\/\/www.youtube.com\/channel\/UC5oN7BJ8nfYb8RpVtjwDEBA","https:\/\/www.instagram.com\/lrbeautyeu\/"],"description":"Obchod Lr Aloe Vera je va\u0161\u00edm d\u00f4veryhodn\u00fdm miestom pre pr\u00e9miov\u00e9 produkty LR Health & Beauty vyroben\u00e9 v Nemecku. Pon\u00fakame vysokokvalitn\u00e9 rie\u0161enia starostlivosti o ple\u0165 s Aloe Vera, v\u00fd\u017eivu a proti starnutiu, vyroben\u00e9 z \u010dist\u00fdch ingredienci\u00ed a podlo\u017een\u00e9 vedeck\u00fdm v\u00fdskumom. Objavte pr\u00edrodn\u00fa starostlivos\u0165, ktor\u00e1 regeneruje, chr\u00e1ni a revitalizuje va\u0161u ple\u0165 \u2013 a vyu\u017eite exkluz\u00edvne mesa\u010dn\u00e9 ponuky na na\u0161e najpred\u00e1vanej\u0161ie produkty LR Aloe Vera.\nZa\u010dnite svoju cestu za pr\u00edrodnou starostlivos\u0165ou o ple\u0165 e\u0161te dnes a poc\u00ed\u0165te rozdiel.","email":"info@lraloeverashop.eu","telephone":"+49 17670609653","legalName":"Lr Aloe Vera Shop","foundingDate":"2018-04-21","numberOfEmployees":{"@type":"QuantitativeValue","minValue":"1","maxValue":"10"}}]},"product_price_amount":"103.71","product_price_currency":"EUR","og_availability":"instock","product_availability":"instock","product_retailer_item_id":"97329-99SK","product_condition":"new"},"taxonomy_info":{"product_cat":[{"value":438,"label":"\u010crev\u00e1 a Tr\u00e1venie"},{"value":450,"label":"Relax\u00e1cia"},{"value":468,"label":"\u0160pecialisti"},{"value":459,"label":"U\u0161etrite v setoch"}],"product_tag":[{"value":683,"label":"Posil\u0148ova\u010d imunity"}]},"featured_image_src_large":["https:\/\/www.lraloeverashop.eu\/wp-content\/uploads\/2024\/05\/Lr-Liver-Support-Capsules-1024x1024.jpg",1024,1024,true],"author_info":[],"comment_info":0,"_links":{"self":[{"href":"https:\/\/www.lraloeverashop.eu\/sk\/wp-json\/wp\/v2\/product\/15354","targetHints":{"allow":["GET"]}}],"collection":[{"href":"https:\/\/www.lraloeverashop.eu\/sk\/wp-json\/wp\/v2\/product"}],"about":[{"href":"https:\/\/www.lraloeverashop.eu\/sk\/wp-json\/wp\/v2\/types\/product"}],"replies":[{"embeddable":true,"href":"https:\/\/www.lraloeverashop.eu\/sk\/wp-json\/wp\/v2\/comments?post=15354"}],"wp:featuredmedia":[{"embeddable":true,"href":"https:\/\/www.lraloeverashop.eu\/sk\/wp-json\/wp\/v2\/media\/15008"}],"wp:attachment":[{"href":"https:\/\/www.lraloeverashop.eu\/sk\/wp-json\/wp\/v2\/media?parent=15354"}],"wp:term":[{"taxonomy":"product_brand","embeddable":true,"href":"https:\/\/www.lraloeverashop.eu\/sk\/wp-json\/wp\/v2\/product_brand?post=15354"},{"taxonomy":"product_cat","embeddable":true,"href":"https:\/\/www.lraloeverashop.eu\/sk\/wp-json\/wp\/v2\/product_cat?post=15354"},{"taxonomy":"product_tag","embeddable":true,"href":"https:\/\/www.lraloeverashop.eu\/sk\/wp-json\/wp\/v2\/product_tag?post=15354"}],"curies":[{"name":"wp","href":"https:\/\/api.w.org\/{rel}","templated":true}]}}