{"id":15332,"date":"2024-05-25T07:03:53","date_gmt":"2024-05-25T05:03:53","guid":{"rendered":"https:\/\/www.lraloeverashop.eu\/?post_type=product&#038;p=15332"},"modified":"2026-02-16T21:20:33","modified_gmt":"2026-02-16T20:20:33","slug":"mind-master-gold-napoj","status":"publish","type":"product","link":"https:\/\/www.lraloeverashop.eu\/sk\/produkt\/mind-master-gold-napoj\/","title":{"rendered":"Mind Master Gold Energetick\u00fd N\u00e1poj"},"content":{"rendered":"<h2><span style=\"font-size: 16pt;\"><strong>Mind Master Gold Energetick\u00fd N\u00e1poj<\/strong><\/span><\/h2>\n<p><span style=\"font-size: 14pt;\"><strong>Mind Master Gold Energetick\u00fd N\u00e1poj posiln\u00ed va\u0161e s\u00fastredenie a energiu <\/strong><\/span><\/p>\n<p>Objavte silu v Mind Master Gold od <a href=\"https:\/\/lrworld.com\/join-me\">LR Health &amp; Beauty<\/a>, dokonal\u00e9 rie\u0161enie na zlep\u0161enie v\u00e1\u0161ho du\u0161evn\u00e9ho v\u00fdkonu a <a href=\"https:\/\/www.lraloeverashop.eu\/sk\/produkt\/kolostrum-kapsule\/\">celkovej pohody<\/a>. \u010ci u\u017e v\u00e1s \u010dak\u00e1 n\u00e1ro\u010dn\u00fd de\u0148 v pr\u00e1ci, u\u010d\u00edte sa na sk\u00fa\u0161ky alebo jednoducho potrebujete povzbudi\u0165, Mind Master Gold Energetick\u00fd N\u00e1poj je navrhnut\u00fd tak, aby podporil va\u0161u du\u0161evn\u00fa a fyzick\u00fa vitalitu.<\/p>\n<p>&nbsp;<\/p>\n<h3><span style=\"font-size: 16pt;\"><strong>K\u013e\u00fa\u010dov\u00e9 v\u00fdhody Mind Master Gold Energetickeho <\/strong><\/span><span style=\"font-size: 16pt;\"><strong>N\u00e1poja<\/strong><\/span><\/h3>\n<ul>\n<li><strong>Zvy\u0161uje hladinu energie:<\/strong> C\u00ed\u0165te sa energickej\u0161ie a ste pripraven\u00ed zvl\u00e1dnu\u0165 svoj de\u0148 s \u013eahkos\u0165ou.<\/li>\n<li><strong>Zlep\u0161uje koncentr\u00e1ciu:<\/strong> Zlep\u0161uje zameranie a <a href=\"https:\/\/www.lraloeverashop.eu\/sk\/mind-master-gold-2\/\">s\u00fastredenie<\/a>\u00a0vo v\u0161etk\u00fdch va\u0161ich \u00faloh\u00e1ch.<\/li>\n<li><strong>Zni\u017euje stres:<\/strong> Bojuje so stresom a udr\u017eiava vyrovnan\u00fd stav mysle.<\/li>\n<li><strong>Podporuje celkov\u00fa pohodu:<\/strong> Nabit\u00fd z\u00e1kladn\u00fdmi \u017eivinami na <a href=\"https:\/\/www.lraloeverashop.eu\/sk\/produkt\/mind-master-performance-drink-zeleny\/\">podporu v\u00e1\u0161ho zdravie<\/a>.<\/li>\n<\/ul>\n<p>&nbsp;<\/p>\n<h3><strong><span style=\"font-size: 16pt;\">Ako pou\u017e\u00edva\u0165\u00a0<\/span><\/strong><\/h3>\n<p><strong>Odpor\u00fa\u010dan\u00e9 denn\u00e9 d\u00e1vkovanie:<\/strong><br \/>\nPred pou\u017eit\u00edm f\u013ea\u0161u dobre pretrepte. U\u017e\u00edvajte 80 ml Mind Master Gold Energetick\u00fd N\u00e1poj raz denne, najlep\u0161ie po jedle. V z\u00e1vislosti od va\u0161ich preferenci\u00ed sa m\u00f4\u017ee konzumova\u0165 \u010dist\u00fd alebo rozpusten\u00fd vo vode alebo \u0161\u0165ave. Pred pou\u017eit\u00edm pretrepte. Po otvoren\u00ed skladujte v chladni\u010dke.<\/p>\n<p>Pre dosiahnutie najlep\u0161\u00edch v\u00fdsledkov za\u010dle\u0148te Mind Master Gold Energetick\u00fd N\u00e1poj do svojej ka\u017edodennej rutiny. Konzistentnos\u0165 je k\u013e\u00fa\u010dom k vyu\u017eitiu jeho pln\u00e9ho potenci\u00e1lu.<\/p>\n<p><strong>Neprekra\u010dujte odpor\u00fa\u010dan\u00fa denn\u00fa d\u00e1vku.<\/strong><br \/>\nV\u00fd\u017eivov\u00e9 doplnky nie s\u00fa n\u00e1hradou pestrej a vyv\u00e1\u017eenej stravy v kombin\u00e1cii so zdrav\u00fdm \u017eivotn\u00fdm \u0161t\u00fdlom. Uchov\u00e1vajte mimo dosahu det\u00ed.<\/p>\n<p>&nbsp;<\/p>\n<h4><span style=\"font-size: 16pt;\"><strong>Pre\u010do si vybra\u0165 Mind Master Gold?<\/strong><\/span><\/h4>\n<ul>\n<li><strong>Pr\u00edrodn\u00e9 zlo\u017eky:<\/strong> Formulovan\u00e9 s vysokokvalitn\u00fdmi pr\u00edrodn\u00fdmi zlo\u017ekami na zaistenie bezpe\u010dnosti a \u00fa\u010dinnosti.<\/li>\n<li><strong>Vedecky podlo\u017een\u00e9:<\/strong> Vyvinut\u00e9 na z\u00e1klade vedeck\u00e9ho v\u00fdskumu s cie\u013eom maximalizova\u0165 v\u00fdhody.<\/li>\n<li><strong>Lahodn\u00e1 chu\u0165:<\/strong> Vychutnajte si pr\u00edjemn\u00fa chu\u0165, v\u010faka ktorej je denn\u00e1 d\u00e1vka pr\u00edjemn\u00e1.<\/li>\n<li><strong>Pohodln\u00e9:<\/strong> Jednoduch\u00e9 pou\u017eitie a integr\u00e1cia do v\u00e1\u0161ho ru\u0161n\u00e9ho \u017eivotn\u00e9ho \u0161t\u00fdlu.<\/li>\n<\/ul>\n<p>&nbsp;<\/p>\n<p>Postarajte sa o svoje du\u0161evn\u00e9 a fyzick\u00e9 zdravie e\u0161te dnes s Mind Master Gold. Nedovo\u013ete, aby v\u00e1s \u00fanava alebo stres brzdili v dosahovan\u00ed va\u0161ich cie\u013eov. Za\u017eite rozdiel a poc\u00edtite v\u00fdhody pri ka\u017edom pou\u017eit\u00ed.<\/p>\n<p>Ste pripraven\u00ed zv\u00fd\u0161i\u0165 svoju energiu a s\u00fastredenie? Vysk\u00fa\u0161ajte Mind Master Gold Energetick\u00fd N\u00e1poj teraz a odomknite svoj pln\u00fd potenci\u00e1l!<\/p>\n<p>1. Vitam\u00edn E pom\u00e1ha chr\u00e1ni\u0165 bunky pred <span style=\"color: #000000;\"><a style=\"color: #000000;\" href=\"https:\/\/www.lraloeverashop.eu\/sk\/produkt\/mind-master-performance-drink-cerveny\/\">oxida\u010dn\u00fd stres<\/a><\/span>.<br \/>\n2. Vitam\u00edn B12 prispieva k norm\u00e1lnemu energetick\u00e9mu metabolizmu, norm\u00e1lnej \u010dinnosti nervovej s\u00fastavy a k zn\u00ed\u017eeniu miery \u00fanavy a vy\u010derpania. \u017delezo prispieva k norm\u00e1lnej kognit\u00edvnej funkcii a norm\u00e1lnemu prenosu kysl\u00edka v tele. Vitam\u00edn D prispieva k udr\u017eaniu zdrav\u00fdch kost\u00ed a norm\u00e1lnej \u010dinnosti svalov.<br \/>\n3. Vitam\u00edn B12 prispieva k norm\u00e1lnej psychickej \u010dinnosti a norm\u00e1lnej \u010dinnosti nervovej s\u00fastavy. \u017delezo prispieva k norm\u00e1lnej kognit\u00edvnej funkcii.<\/p>\n","protected":false},"excerpt":{"rendered":"<ul>\n<li>Chr\u00e1ni pred oxida\u010dn\u00fdm stresom\u00b9<\/li>\n<li>Podporuje proti \u00fanave a amp; vy\u010derpanie\u00b2<\/li>\n<li>S cenn\u00fdmi \u017eivinami pre psychiku a du\u0161evn\u00fa pohodu\u00b3<\/li>\n<li>S Q10, vitam\u00ednmi D a K, bielym \u010dajom, kurkumou, aloe vera a L-karnit\u00ednom<\/li>\n<li>Ovocn\u00e1, svie\u017ea chu\u0165 krvav\u00e9ho pomaran\u010da, medov\u00e9ho mel\u00f3na a citr\u00f3nu<\/li>\n<li>Mno\u017estvo: 5 x 500 ml<\/li>\n<\/ul>\n<p>&nbsp;<\/p>\n","protected":false},"featured_media":15286,"comment_status":"open","ping_status":"closed","template":"","meta":{"_kad_blocks_custom_css":"","_kad_blocks_head_custom_js":"","_kad_blocks_body_custom_js":"","_kad_blocks_footer_custom_js":"","_kadence_starter_templates_imported_post":false,"_kad_post_transparent":"default","_kad_post_title":"","_kad_post_layout":"default","_kad_post_sidebar_id":"","_kad_post_content_style":"default","_kad_post_vertical_padding":"default","_kad_post_feature":"","_kad_post_feature_position":"","_kad_post_header":false,"_kad_post_footer":false,"_kad_post_classname":""},"product_brand":[],"product_cat":[504,468,414,459,444,355],"product_tag":[678],"class_list":{"0":"post-15332","1":"product","2":"type-product","3":"status-publish","4":"has-post-thumbnail","6":"product_cat-mind-master-sk","7":"product_cat-specialista","8":"product_cat-specialne-produkty","9":"product_cat-usetrite-v-setoch","10":"product_cat-vykon-a-energia","11":"product_cat-zlavy","12":"product_tag-na-energiu","14":"first","15":"instock","16":"sale","17":"taxable","18":"shipping-taxable","19":"purchasable","20":"product-type-simple","21":"entry","22":"content-bg","23":"loop-entry"},"yoast_head":"<!-- This site is optimized with the Yoast SEO Premium plugin v27.4 (Yoast SEO v27.4) - https:\/\/yoast.com\/product\/yoast-seo-premium-wordpress\/ -->\n<title>Mind Master Gold Energetick\u00fd N\u00e1poj posiln\u00ed va\u0161u energiu<\/title>\n<meta name=\"description\" content=\"Mind Master Gold Energetick\u00fd N\u00e1poj zv\u00fd\u0161i va\u0161u du\u0161evn\u00fa v\u00fdkonnos\u0165, s\u00fastredenie a energiu. Zv\u00fd\u0161te svoju du\u0161evn\u00fa a fyzick\u00fa vitalitu s LR Health &amp; Beauty.\" \/>\n<meta name=\"robots\" content=\"index, follow, max-snippet:-1, max-image-preview:large, max-video-preview:-1\" \/>\n<link rel=\"canonical\" href=\"https:\/\/www.lraloeverashop.eu\/sk\/produkt\/mind-master-gold-napoj\/\" \/>\n<meta property=\"og:locale\" content=\"sk_SK\" \/>\n<meta property=\"og:type\" content=\"article\" \/>\n<meta property=\"og:title\" content=\"Mind Master Gold Energetick\u00fd N\u00e1poj\" \/>\n<meta property=\"og:description\" content=\"Mind Master Gold Energetick\u00fd N\u00e1poj zv\u00fd\u0161i va\u0161u du\u0161evn\u00fa v\u00fdkonnos\u0165, s\u00fastredenie a energiu. Zv\u00fd\u0161te svoju du\u0161evn\u00fa a fyzick\u00fa vitalitu s LR Health &amp; Beauty.\" \/>\n<meta property=\"og:url\" content=\"https:\/\/www.lraloeverashop.eu\/sk\/produkt\/mind-master-gold-napoj\/\" \/>\n<meta property=\"og:site_name\" content=\"Lr Obchod Aloe Vera\" \/>\n<meta property=\"article:publisher\" content=\"https:\/\/www.facebook.com\/lraloeverashop.eu\" \/>\n<meta property=\"article:modified_time\" content=\"2026-02-16T20:20:33+00:00\" \/>\n<meta property=\"og:image\" content=\"https:\/\/www.lraloeverashop.eu\/wp-content\/uploads\/2024\/05\/Lr-Lifetakt-Mind-Master-Gold.jpeg\" \/>\n\t<meta property=\"og:image:width\" content=\"1200\" \/>\n\t<meta property=\"og:image:height\" content=\"1200\" \/>\n\t<meta property=\"og:image:type\" content=\"image\/jpeg\" \/>\n<meta name=\"twitter:card\" content=\"summary_large_image\" \/>\n<meta name=\"twitter:site\" content=\"@natur__kosmetik\" \/>\n<script type=\"application\/ld+json\" class=\"yoast-schema-graph\">{\"@context\":\"https:\\\/\\\/schema.org\",\"@graph\":[{\"@type\":[\"WebPage\",\"ItemPage\"],\"@id\":\"https:\\\/\\\/www.lraloeverashop.eu\\\/sk\\\/produkt\\\/mind-master-gold-napoj\\\/\",\"url\":\"https:\\\/\\\/www.lraloeverashop.eu\\\/sk\\\/produkt\\\/mind-master-gold-napoj\\\/\",\"name\":\"Mind Master Gold Energetick\u00fd N\u00e1poj posiln\u00ed va\u0161u energiu\",\"isPartOf\":{\"@id\":\"https:\\\/\\\/www.lraloeverashop.eu\\\/sk\\\/#website\"},\"primaryImageOfPage\":{\"@id\":\"https:\\\/\\\/www.lraloeverashop.eu\\\/sk\\\/produkt\\\/mind-master-gold-napoj\\\/#primaryimage\"},\"image\":{\"@id\":\"https:\\\/\\\/www.lraloeverashop.eu\\\/sk\\\/produkt\\\/mind-master-gold-napoj\\\/#primaryimage\"},\"thumbnailUrl\":\"https:\\\/\\\/www.lraloeverashop.eu\\\/wp-content\\\/uploads\\\/2024\\\/05\\\/Lr-Lifetakt-Mind-Master-Gold.jpeg\",\"datePublished\":\"2024-05-25T05:03:53+00:00\",\"dateModified\":\"2026-02-16T20:20:33+00:00\",\"description\":\"Mind Master Gold Energetick\u00fd N\u00e1poj zv\u00fd\u0161i va\u0161u du\u0161evn\u00fa v\u00fdkonnos\u0165, s\u00fastredenie a energiu. Zv\u00fd\u0161te svoju du\u0161evn\u00fa a fyzick\u00fa vitalitu s LR Health & Beauty.\",\"breadcrumb\":{\"@id\":\"https:\\\/\\\/www.lraloeverashop.eu\\\/sk\\\/produkt\\\/mind-master-gold-napoj\\\/#breadcrumb\"},\"inLanguage\":\"sk-SK\",\"potentialAction\":[{\"@type\":\"ReadAction\",\"target\":[\"https:\\\/\\\/www.lraloeverashop.eu\\\/sk\\\/produkt\\\/mind-master-gold-napoj\\\/\"]}]},{\"@type\":\"ImageObject\",\"inLanguage\":\"sk-SK\",\"@id\":\"https:\\\/\\\/www.lraloeverashop.eu\\\/sk\\\/produkt\\\/mind-master-gold-napoj\\\/#primaryimage\",\"url\":\"https:\\\/\\\/www.lraloeverashop.eu\\\/wp-content\\\/uploads\\\/2024\\\/05\\\/Lr-Lifetakt-Mind-Master-Gold.jpeg\",\"contentUrl\":\"https:\\\/\\\/www.lraloeverashop.eu\\\/wp-content\\\/uploads\\\/2024\\\/05\\\/Lr-Lifetakt-Mind-Master-Gold.jpeg\",\"width\":1200,\"height\":1200,\"caption\":\"Mind Master Gold Napoj podporuje pam\u00e4\u0165 a koncentr\u00e1ciu\"},{\"@type\":\"BreadcrumbList\",\"@id\":\"https:\\\/\\\/www.lraloeverashop.eu\\\/sk\\\/produkt\\\/mind-master-gold-napoj\\\/#breadcrumb\",\"itemListElement\":[{\"@type\":\"ListItem\",\"position\":1,\"name\":\"Home\",\"item\":\"https:\\\/\\\/www.lraloeverashop.eu\\\/sk\\\/\"},{\"@type\":\"ListItem\",\"position\":2,\"name\":\"Obchod\",\"item\":\"https:\\\/\\\/www.lraloeverashop.eu\\\/shop\\\/\"},{\"@type\":\"ListItem\",\"position\":3,\"name\":\"Mind Master Gold Energetick\u00fd N\u00e1poj\"}]},{\"@type\":\"WebSite\",\"@id\":\"https:\\\/\\\/www.lraloeverashop.eu\\\/sk\\\/#website\",\"url\":\"https:\\\/\\\/www.lraloeverashop.eu\\\/sk\\\/\",\"name\":\"Lr Obchod Aloe Vera\",\"description\":\"High Quality Lr Aloe Vera Gel, Aloe Vera Cream and Shampoo\",\"publisher\":{\"@id\":\"https:\\\/\\\/www.lraloeverashop.eu\\\/sk\\\/#organization\"},\"potentialAction\":[{\"@type\":\"SearchAction\",\"target\":{\"@type\":\"EntryPoint\",\"urlTemplate\":\"https:\\\/\\\/www.lraloeverashop.eu\\\/sk\\\/?s={search_term_string}\"},\"query-input\":{\"@type\":\"PropertyValueSpecification\",\"valueRequired\":true,\"valueName\":\"search_term_string\"}}],\"inLanguage\":\"sk-SK\"},{\"@type\":\"Organization\",\"@id\":\"https:\\\/\\\/www.lraloeverashop.eu\\\/sk\\\/#organization\",\"name\":\"Lr Obchod Aloe Vera\",\"alternateName\":\"LR\",\"url\":\"https:\\\/\\\/www.lraloeverashop.eu\\\/sk\\\/\",\"logo\":{\"@type\":\"ImageObject\",\"inLanguage\":\"sk-SK\",\"@id\":\"https:\\\/\\\/www.lraloeverashop.eu\\\/sk\\\/#\\\/schema\\\/logo\\\/image\\\/\",\"url\":\"https:\\\/\\\/www.lraloeverashop.eu\\\/wp-content\\\/uploads\\\/2022\\\/09\\\/cropped-Lr-Aloe-Vera-Shop.jpg\",\"contentUrl\":\"https:\\\/\\\/www.lraloeverashop.eu\\\/wp-content\\\/uploads\\\/2022\\\/09\\\/cropped-Lr-Aloe-Vera-Shop.jpg\",\"width\":228,\"height\":76,\"caption\":\"Lr Obchod Aloe Vera\"},\"image\":{\"@id\":\"https:\\\/\\\/www.lraloeverashop.eu\\\/sk\\\/#\\\/schema\\\/logo\\\/image\\\/\"},\"sameAs\":[\"https:\\\/\\\/www.facebook.com\\\/lraloeverashop.eu\",\"https:\\\/\\\/x.com\\\/natur__kosmetik\",\"https:\\\/\\\/www.youtube.com\\\/channel\\\/UC5oN7BJ8nfYb8RpVtjwDEBA\",\"https:\\\/\\\/www.instagram.com\\\/lrbeautyeu\\\/\"],\"description\":\"Obchod Lr Aloe Vera je va\u0161\u00edm d\u00f4veryhodn\u00fdm miestom pre pr\u00e9miov\u00e9 produkty LR Health & Beauty vyroben\u00e9 v Nemecku. Pon\u00fakame vysokokvalitn\u00e9 rie\u0161enia starostlivosti o ple\u0165 s Aloe Vera, v\u00fd\u017eivu a proti starnutiu, vyroben\u00e9 z \u010dist\u00fdch ingredienci\u00ed a podlo\u017een\u00e9 vedeck\u00fdm v\u00fdskumom. Objavte pr\u00edrodn\u00fa starostlivos\u0165, ktor\u00e1 regeneruje, chr\u00e1ni a revitalizuje va\u0161u ple\u0165 \u2013 a vyu\u017eite exkluz\u00edvne mesa\u010dn\u00e9 ponuky na na\u0161e najpred\u00e1vanej\u0161ie produkty LR Aloe Vera.\\nZa\u010dnite svoju cestu za pr\u00edrodnou starostlivos\u0165ou o ple\u0165 e\u0161te dnes a poc\u00ed\u0165te rozdiel.\",\"email\":\"info@lraloeverashop.eu\",\"telephone\":\"+49 17670609653\",\"legalName\":\"Lr Aloe Vera Shop\",\"foundingDate\":\"2018-04-21\",\"numberOfEmployees\":{\"@type\":\"QuantitativeValue\",\"minValue\":\"1\",\"maxValue\":\"10\"}}]}<\/script>\n<meta property=\"product:price:amount\" content=\"117.60\" \/>\n<meta property=\"product:price:currency\" content=\"EUR\" \/>\n<meta property=\"og:availability\" content=\"instock\" \/>\n<meta property=\"product:availability\" content=\"instock\" \/>\n<meta property=\"product:retailer_item_id\" content=\"80945-1SK\" \/>\n<meta property=\"product:condition\" content=\"new\" \/>\n<!-- \/ Yoast SEO Premium plugin. -->","yoast_head_json":{"title":"Mind Master Gold Energetick\u00fd N\u00e1poj posiln\u00ed va\u0161u energiu","description":"Mind Master Gold Energetick\u00fd N\u00e1poj zv\u00fd\u0161i va\u0161u du\u0161evn\u00fa v\u00fdkonnos\u0165, s\u00fastredenie a energiu. Zv\u00fd\u0161te svoju du\u0161evn\u00fa a fyzick\u00fa vitalitu s LR Health & Beauty.","robots":{"index":"index","follow":"follow","max-snippet":"max-snippet:-1","max-image-preview":"max-image-preview:large","max-video-preview":"max-video-preview:-1"},"canonical":"https:\/\/www.lraloeverashop.eu\/sk\/produkt\/mind-master-gold-napoj\/","og_locale":"sk_SK","og_type":"article","og_title":"Mind Master Gold Energetick\u00fd N\u00e1poj","og_description":"Mind Master Gold Energetick\u00fd N\u00e1poj zv\u00fd\u0161i va\u0161u du\u0161evn\u00fa v\u00fdkonnos\u0165, s\u00fastredenie a energiu. Zv\u00fd\u0161te svoju du\u0161evn\u00fa a fyzick\u00fa vitalitu s LR Health & Beauty.","og_url":"https:\/\/www.lraloeverashop.eu\/sk\/produkt\/mind-master-gold-napoj\/","og_site_name":"Lr Obchod Aloe Vera","article_publisher":"https:\/\/www.facebook.com\/lraloeverashop.eu","article_modified_time":"2026-02-16T20:20:33+00:00","og_image":[{"width":1200,"height":1200,"url":"https:\/\/www.lraloeverashop.eu\/wp-content\/uploads\/2024\/05\/Lr-Lifetakt-Mind-Master-Gold.jpeg","type":"image\/jpeg"}],"twitter_card":"summary_large_image","twitter_site":"@natur__kosmetik","schema":{"@context":"https:\/\/schema.org","@graph":[{"@type":["WebPage","ItemPage"],"@id":"https:\/\/www.lraloeverashop.eu\/sk\/produkt\/mind-master-gold-napoj\/","url":"https:\/\/www.lraloeverashop.eu\/sk\/produkt\/mind-master-gold-napoj\/","name":"Mind Master Gold Energetick\u00fd N\u00e1poj posiln\u00ed va\u0161u energiu","isPartOf":{"@id":"https:\/\/www.lraloeverashop.eu\/sk\/#website"},"primaryImageOfPage":{"@id":"https:\/\/www.lraloeverashop.eu\/sk\/produkt\/mind-master-gold-napoj\/#primaryimage"},"image":{"@id":"https:\/\/www.lraloeverashop.eu\/sk\/produkt\/mind-master-gold-napoj\/#primaryimage"},"thumbnailUrl":"https:\/\/www.lraloeverashop.eu\/wp-content\/uploads\/2024\/05\/Lr-Lifetakt-Mind-Master-Gold.jpeg","datePublished":"2024-05-25T05:03:53+00:00","dateModified":"2026-02-16T20:20:33+00:00","description":"Mind Master Gold Energetick\u00fd N\u00e1poj zv\u00fd\u0161i va\u0161u du\u0161evn\u00fa v\u00fdkonnos\u0165, s\u00fastredenie a energiu. Zv\u00fd\u0161te svoju du\u0161evn\u00fa a fyzick\u00fa vitalitu s LR Health & Beauty.","breadcrumb":{"@id":"https:\/\/www.lraloeverashop.eu\/sk\/produkt\/mind-master-gold-napoj\/#breadcrumb"},"inLanguage":"sk-SK","potentialAction":[{"@type":"ReadAction","target":["https:\/\/www.lraloeverashop.eu\/sk\/produkt\/mind-master-gold-napoj\/"]}]},{"@type":"ImageObject","inLanguage":"sk-SK","@id":"https:\/\/www.lraloeverashop.eu\/sk\/produkt\/mind-master-gold-napoj\/#primaryimage","url":"https:\/\/www.lraloeverashop.eu\/wp-content\/uploads\/2024\/05\/Lr-Lifetakt-Mind-Master-Gold.jpeg","contentUrl":"https:\/\/www.lraloeverashop.eu\/wp-content\/uploads\/2024\/05\/Lr-Lifetakt-Mind-Master-Gold.jpeg","width":1200,"height":1200,"caption":"Mind Master Gold Napoj podporuje pam\u00e4\u0165 a koncentr\u00e1ciu"},{"@type":"BreadcrumbList","@id":"https:\/\/www.lraloeverashop.eu\/sk\/produkt\/mind-master-gold-napoj\/#breadcrumb","itemListElement":[{"@type":"ListItem","position":1,"name":"Home","item":"https:\/\/www.lraloeverashop.eu\/sk\/"},{"@type":"ListItem","position":2,"name":"Obchod","item":"https:\/\/www.lraloeverashop.eu\/shop\/"},{"@type":"ListItem","position":3,"name":"Mind Master Gold Energetick\u00fd N\u00e1poj"}]},{"@type":"WebSite","@id":"https:\/\/www.lraloeverashop.eu\/sk\/#website","url":"https:\/\/www.lraloeverashop.eu\/sk\/","name":"Lr Obchod Aloe Vera","description":"High Quality Lr Aloe Vera Gel, Aloe Vera Cream and Shampoo","publisher":{"@id":"https:\/\/www.lraloeverashop.eu\/sk\/#organization"},"potentialAction":[{"@type":"SearchAction","target":{"@type":"EntryPoint","urlTemplate":"https:\/\/www.lraloeverashop.eu\/sk\/?s={search_term_string}"},"query-input":{"@type":"PropertyValueSpecification","valueRequired":true,"valueName":"search_term_string"}}],"inLanguage":"sk-SK"},{"@type":"Organization","@id":"https:\/\/www.lraloeverashop.eu\/sk\/#organization","name":"Lr Obchod Aloe Vera","alternateName":"LR","url":"https:\/\/www.lraloeverashop.eu\/sk\/","logo":{"@type":"ImageObject","inLanguage":"sk-SK","@id":"https:\/\/www.lraloeverashop.eu\/sk\/#\/schema\/logo\/image\/","url":"https:\/\/www.lraloeverashop.eu\/wp-content\/uploads\/2022\/09\/cropped-Lr-Aloe-Vera-Shop.jpg","contentUrl":"https:\/\/www.lraloeverashop.eu\/wp-content\/uploads\/2022\/09\/cropped-Lr-Aloe-Vera-Shop.jpg","width":228,"height":76,"caption":"Lr Obchod Aloe Vera"},"image":{"@id":"https:\/\/www.lraloeverashop.eu\/sk\/#\/schema\/logo\/image\/"},"sameAs":["https:\/\/www.facebook.com\/lraloeverashop.eu","https:\/\/x.com\/natur__kosmetik","https:\/\/www.youtube.com\/channel\/UC5oN7BJ8nfYb8RpVtjwDEBA","https:\/\/www.instagram.com\/lrbeautyeu\/"],"description":"Obchod Lr Aloe Vera je va\u0161\u00edm d\u00f4veryhodn\u00fdm miestom pre pr\u00e9miov\u00e9 produkty LR Health & Beauty vyroben\u00e9 v Nemecku. Pon\u00fakame vysokokvalitn\u00e9 rie\u0161enia starostlivosti o ple\u0165 s Aloe Vera, v\u00fd\u017eivu a proti starnutiu, vyroben\u00e9 z \u010dist\u00fdch ingredienci\u00ed a podlo\u017een\u00e9 vedeck\u00fdm v\u00fdskumom. Objavte pr\u00edrodn\u00fa starostlivos\u0165, ktor\u00e1 regeneruje, chr\u00e1ni a revitalizuje va\u0161u ple\u0165 \u2013 a vyu\u017eite exkluz\u00edvne mesa\u010dn\u00e9 ponuky na na\u0161e najpred\u00e1vanej\u0161ie produkty LR Aloe Vera.\nZa\u010dnite svoju cestu za pr\u00edrodnou starostlivos\u0165ou o ple\u0165 e\u0161te dnes a poc\u00ed\u0165te rozdiel.","email":"info@lraloeverashop.eu","telephone":"+49 17670609653","legalName":"Lr Aloe Vera Shop","foundingDate":"2018-04-21","numberOfEmployees":{"@type":"QuantitativeValue","minValue":"1","maxValue":"10"}}]},"product_price_amount":"117.60","product_price_currency":"EUR","og_availability":"instock","product_availability":"instock","product_retailer_item_id":"80945-1SK","product_condition":"new"},"taxonomy_info":{"product_cat":[{"value":504,"label":"Mind Master"},{"value":468,"label":"\u0160pecialisti"},{"value":414,"label":"\u0160peci\u00e1lne Produkty"},{"value":459,"label":"U\u0161etrite v setoch"},{"value":444,"label":"V\u00fdkon a Energia"},{"value":355,"label":"Z\u013eavy"}],"product_tag":[{"value":678,"label":"na energiu"}]},"featured_image_src_large":["https:\/\/www.lraloeverashop.eu\/wp-content\/uploads\/2024\/05\/Lr-Lifetakt-Mind-Master-Gold-1024x1024.jpeg",1024,1024,true],"author_info":[],"comment_info":0,"_links":{"self":[{"href":"https:\/\/www.lraloeverashop.eu\/sk\/wp-json\/wp\/v2\/product\/15332","targetHints":{"allow":["GET"]}}],"collection":[{"href":"https:\/\/www.lraloeverashop.eu\/sk\/wp-json\/wp\/v2\/product"}],"about":[{"href":"https:\/\/www.lraloeverashop.eu\/sk\/wp-json\/wp\/v2\/types\/product"}],"replies":[{"embeddable":true,"href":"https:\/\/www.lraloeverashop.eu\/sk\/wp-json\/wp\/v2\/comments?post=15332"}],"wp:featuredmedia":[{"embeddable":true,"href":"https:\/\/www.lraloeverashop.eu\/sk\/wp-json\/wp\/v2\/media\/15286"}],"wp:attachment":[{"href":"https:\/\/www.lraloeverashop.eu\/sk\/wp-json\/wp\/v2\/media?parent=15332"}],"wp:term":[{"taxonomy":"product_brand","embeddable":true,"href":"https:\/\/www.lraloeverashop.eu\/sk\/wp-json\/wp\/v2\/product_brand?post=15332"},{"taxonomy":"product_cat","embeddable":true,"href":"https:\/\/www.lraloeverashop.eu\/sk\/wp-json\/wp\/v2\/product_cat?post=15332"},{"taxonomy":"product_tag","embeddable":true,"href":"https:\/\/www.lraloeverashop.eu\/sk\/wp-json\/wp\/v2\/product_tag?post=15332"}],"curies":[{"name":"wp","href":"https:\/\/api.w.org\/{rel}","templated":true}]}}