{"id":14766,"date":"2024-04-21T15:19:37","date_gmt":"2024-04-21T13:19:37","guid":{"rendered":"https:\/\/www.lraloeverashop.eu\/?post_type=product&#038;p=14766"},"modified":"2025-03-29T18:25:43","modified_gmt":"2025-03-29T17:25:43","slug":"aloe-vera-gel-na-pitie-acai-pro","status":"publish","type":"product","link":"https:\/\/www.lraloeverashop.eu\/sk\/produkt\/aloe-vera-gel-na-pitie-acai-pro\/","title":{"rendered":"Aloe Vera G\u00e9l Na Pitie Acai Pro"},"content":{"rendered":"<h2><span style=\"font-size: 16pt;\"><strong>Aloe Vera G\u00e9l Na Pitie Acai Pro<\/strong><\/span><\/h2>\n<p><span style=\"font-size: 14pt;\"><strong>Aloe Vera G\u00e9l Na Pitie Acai Pro s r\u00edbez\u013eami, lesn\u00fdm ovoc\u00edm a medom<\/strong><\/span><\/p>\n<p><strong>TROJN\u00c1SOBN\u00c1 OCHRANA NA VA\u0160E LETO<\/strong><\/p>\n<p>ACAI \u2013 ob\u013e\u00faben\u00fa superpotravinu teraz m\u00f4\u017eete pi\u0165 aj v <a href=\"https:\/\/lrworld.com\/join-me\">LR<\/a>! Bobule a\u00e7a\u00ed s\u00fa zn\u00e1me pre svoj nezvy\u010dajne vysok\u00fd obsah antioxidantov, ako aj mnoh\u00fdch vitam\u00ednov a miner\u00e1lov.<\/p>\n<p><strong>ELEKTROLYTOV\u00c1 ROVNOV\u00c1HA:<\/strong> Zabezpe\u010duje vyv\u00e1\u017een\u00fa rovnov\u00e1hu elektrolytov a metabolizmus.\u00b9<br \/>\n<strong>OCHRANA PRED SLNKOM:<\/strong> Podporuje telu vlastn\u00fa ochranu poko\u017eky a zabezpe\u010duje prirodzen\u00fa pigment\u00e1ciu poko\u017eky.\u00b2<br \/>\n<strong>OBRANN\u00c1 OCHRANA:<\/strong> Podporuje <a href=\"https:\/\/www.lraloeverashop.eu\/sk\/produkt\/kolostrum-direkt-liquid\/\">imunitn\u00fd syst\u00e9m<\/a>.\u00b3<\/p>\n<p>&nbsp;<\/p>\n<h3><span style=\"font-size: 16pt;\"><strong>Aloe Vera G\u00e9l Na Pitie Acai Pro je v\u00e1\u0161 elix\u00edr \u017eivota pre v\u00e4\u010d\u0161iu ochranu v lete!<\/strong><\/span><\/h3>\n<p>Zabezpe\u010duje vyv\u00e1\u017een\u00fa rovnov\u00e1hu elektrolytov a metabolizmus\u00b9, podporuje telu vlastn\u00fa ochranu pred slnkom\u00b2 a zabezpe\u010duje prirodzen\u00fa pigment\u00e1ciu poko\u017eky\u00b2. Podporuje tie\u017e imunitn\u00fd syst\u00e9m\u00b3. Letn\u00fd energetick\u00fd n\u00e1poj s 85 % fil\u00e9 z listov aloe vera, bobu\u013eami a\u00e7a\u00ed, r\u00edbez\u013eami, lesn\u00fdm ovoc\u00edm a <a href=\"https:\/\/www.lraloeverashop.eu\/sk\/produkt\/aloe-vera-na-pitie-6\/\">medom<\/a> zaujme svojou prirodzenou, ovocnou, svie\u017eou chu\u0165ou bob\u00fa\u013e a\u00e7a\u00ed.<\/p>\n<p>Vynikaj\u00faca kvalita \u201emade in Germany\u201c bola certifikovan\u00e1 in\u0161tit\u00fatom SGS Institut Fresenius a IASC (International Aloe Science Council).<\/p>\n<p>1. Vitam\u00edn C prispieva k norm\u00e1lnemu <a href=\"https:\/\/www.lraloeverashop.eu\/sk\/produkt\/vita-active-cervene-ovocie\/\">energetick\u00e9mu metabolizmu<\/a>, Zinok prispieva k norm\u00e1lnemu metabolizmu vitam\u00ednu A, Hor\u010d\u00edk prispieva k rovnov\u00e1he elektrolytov.<br \/>\n2. Me\u010f a zinok pom\u00e1haj\u00fa chr\u00e1ni\u0165 bunky pred oxida\u010dn\u00fdm stresom, Zinok pom\u00e1ha udr\u017eiava\u0165 norm\u00e1lnu poko\u017eku, Me\u010f prispieva k norm\u00e1lnej pigment\u00e1cii poko\u017eky.<br \/>\n3. Zinok, vitam\u00edn C a me\u010f prispievaj\u00fa k norm\u00e1lnemu fungovaniu imunitn\u00e9ho syst\u00e9mu.<\/p>\n<p>&nbsp;<\/p>\n<h3><span style=\"font-size: 16pt;\"><strong>Ako pou\u017e\u00edva\u0165<\/strong><\/span><\/h3>\n<p><strong>Odpor\u00fa\u010dan\u00e1 konzum\u00e1cia:<\/strong> Odpor\u00fa\u010dame konzumova\u0165 3 x 30 ml Aloe Vera G\u00e9l Na Pitie Acai Pro denne.<\/p>\n<p><strong>Pozn\u00e1mka:<\/strong> Pred pou\u017eit\u00edm pretrepte. Po otvoren\u00ed skladujte v chladni\u010dke a r\u00fdchlo spotrebujte. Odpor\u00fa\u010dan\u00e1 denn\u00e1 d\u00e1vka sa nem\u00e1 prekro\u010di\u0165. V\u00fd\u017eivov\u00e9 doplnky nie s\u00fa n\u00e1hradou pestrej a vyv\u00e1\u017eenej stravy, ktor\u00e1 je d\u00f4le\u017eit\u00e1 spolu so zdrav\u00fdm \u017eivotn\u00fdm \u0161t\u00fdlom.<br \/>\nV\u00fdrobok uchov\u00e1vajte mimo dosahu mal\u00fdch det\u00ed.<\/p>\n<p>&nbsp;<\/p>\n<h4><span style=\"font-size: 16pt;\"><strong>Vedeli ste?<\/strong><\/span><\/h4>\n<p><span style=\"font-size: 14pt;\"><strong>V LR sa kvalita stret\u00e1va s kompetenciou<\/strong><\/span><\/p>\n<p><strong>Jedine\u010dne vysok\u00e1 kvalita<\/strong><br \/>\nIba LR Aloe Vera G\u00e9le Na Pitie boli ocenen\u00e9 SGS INSTITUT FRESENIUS a pe\u010da\u0165ou IASC za:<\/p>\n<p>\u2022 Vysok\u00e1 kvalita produktu \u2013 vyroben\u00fd z \u010dist\u00e9ho g\u00e9lu z listov aloe vera, bez ak\u00e9hoko\u013evek alo\u00ednu*<br \/>\n\u2022 Trvalo udr\u017eate\u013en\u00e9 pestovanie v Mexiku (Testovan\u00e9 IASC)<br \/>\n\u2022 \u0160etrn\u00e9 spracovanie<br \/>\n\u2022 vysok\u00e9 v\u00fdrobn\u00e9 \u0161tandardy<\/p>\n<p><strong>Roky sk\u00fasenost\u00ed<\/strong><br \/>\nLR Aloe Vera G\u00e9l Na Pitie znamen\u00e1 kvalita vyroben\u00e1 v Nemecku:<\/p>\n<p>\u2022 LR je odborn\u00edkom na aloe vera u\u017e viac ako 20 rokov<br \/>\n\u2022 Vlastn\u00e1 v\u00fdroba v jednom z najmodernej\u0161\u00edch v\u00fdrobn\u00fdch zariaden\u00ed aloe vera v Nemecku<br \/>\n\u2022 Spolupr\u00e1ca s renomovan\u00fdmi odborn\u00edkmi<\/p>\n<p><strong>Nielen zdrav\u00fd, ale aj chutn\u00fd<\/strong><br \/>\nG\u00e9ly na pitie Aloe Vera LR pon\u00fakaj\u00fa nielen podporu v \u0161irokej \u0161k\u00e1le situ\u00e1ci\u00ed, ale aj \u0161irok\u00fa \u0161k\u00e1lu chut\u00ed. \u010ci u\u017e s <a href=\"https:\/\/www.lraloeverashop.eu\/sk\/produkt\/aloe-vera-gel-na-pitie-sivera\/\">pr\u00edrodn\u00fdm t\u00f3nom \u017eih\u013eavy<\/a> alebo pr\u00edjemnou medovou chu\u0165ou \u2013 ka\u017ed\u00fd si tu n\u00e1jde nie\u010do.<\/p>\n<p>Aloe Vera G\u00e9l Na Pitie Acai Pro je pr\u00edrodn\u00fd produkt a \u010dasom sa m\u00f4\u017ee farba g\u00e9lu zmeni\u0165. Toto nem\u00e1 \u017eiadny vplyv na kvalitu.<\/p>\n","protected":false},"excerpt":{"rendered":"<ul>\n<li>Doplnok stravy s vitam\u00ednom C a miner\u00e1lmi<\/li>\n<li><strong>3-n\u00e1sobn\u00e1 ochrana pre va\u0161e leto:<\/strong> rovnov\u00e1ha elektrolytov\u00b9, ochrana pred slnkom\u00b2 a ochrana obranyschopnosti tela\u00b3<\/li>\n<li><strong>Pr\u00edrodn\u00fd:<\/strong> 85% Aloe Vera Gelu<\/li>\n<li><strong>Letn\u00fd<\/strong>: S a\u00e7a\u00ed, r\u00edbez\u013eami, lesn\u00fdm ovoc\u00edm a medom<\/li>\n<li><strong>Vynikaj\u00faca kvalita: <\/strong>vyroben\u00fd v Nemecku<\/li>\n<li>Obsah: 1000 ml<\/li>\n<\/ul>\n<p>&nbsp;<\/p>\n","protected":false},"featured_media":14741,"comment_status":"open","ping_status":"closed","template":"","meta":{"_kad_blocks_custom_css":"","_kad_blocks_head_custom_js":"","_kad_blocks_body_custom_js":"","_kad_blocks_footer_custom_js":"","_kadence_starter_templates_imported_post":false,"_kad_post_transparent":"default","_kad_post_title":"","_kad_post_layout":"default","_kad_post_sidebar_id":"","_kad_post_content_style":"default","_kad_post_vertical_padding":"default","_kad_post_feature":"","_kad_post_feature_position":"","_kad_post_header":false,"_kad_post_footer":false,"_kad_post_classname":""},"product_brand":[],"product_cat":[295,438,420,468,402],"product_tag":[622],"class_list":{"0":"post-14766","1":"product","2":"type-product","3":"status-publish","4":"has-post-thumbnail","6":"product_cat-gely-na-pitie","7":"product_cat-creva-a-travenie","8":"product_cat-kosti-klby-a-svaly","9":"product_cat-specialista","10":"product_cat-zaklad","11":"product_tag-detoxikacne-napoje","13":"first","14":"instock","15":"taxable","16":"shipping-taxable","17":"purchasable","18":"product-type-simple","19":"entry","20":"content-bg","21":"loop-entry"},"yoast_head":"<!-- This site is optimized with the Yoast SEO Premium plugin v27.5 (Yoast SEO v27.5) - https:\/\/yoast.com\/product\/yoast-seo-premium-wordpress\/ -->\n<title>Aloe Vera G\u00e9l Na Pitie Acai s r\u00edbez\u013eami, lesn\u00fdm ovoc\u00edm a medom<\/title>\n<meta name=\"description\" content=\"Aloe Vera G\u00e9l Na Pitie Acai je zn\u00e1my nezvy\u010dajne vysok\u00fdm obsahom antioxidantov, ako aj mno\u017estvom vitam\u00ednov a miner\u00e1lov. S 85% Aloe Vera Gelom na podporu tela\" \/>\n<meta name=\"robots\" content=\"index, follow, max-snippet:-1, max-image-preview:large, max-video-preview:-1\" \/>\n<link rel=\"canonical\" href=\"https:\/\/www.lraloeverashop.eu\/sk\/produkt\/aloe-vera-gel-na-pitie-acai-pro\/\" \/>\n<meta property=\"og:locale\" content=\"sk_SK\" \/>\n<meta property=\"og:type\" content=\"article\" \/>\n<meta property=\"og:title\" content=\"Aloe Vera G\u00e9l Na Pitie Acai Pro\" \/>\n<meta property=\"og:description\" content=\"Aloe Vera G\u00e9l Na Pitie Acai je zn\u00e1my nezvy\u010dajne vysok\u00fdm obsahom antioxidantov, ako aj mno\u017estvom vitam\u00ednov a miner\u00e1lov. S 85% Aloe Vera Gelom na podporu tela\" \/>\n<meta property=\"og:url\" content=\"https:\/\/www.lraloeverashop.eu\/sk\/produkt\/aloe-vera-gel-na-pitie-acai-pro\/\" \/>\n<meta property=\"og:site_name\" content=\"Lr Obchod Aloe Vera\" \/>\n<meta property=\"article:publisher\" content=\"https:\/\/www.facebook.com\/lraloeverashop.eu\" \/>\n<meta property=\"article:modified_time\" content=\"2025-03-29T17:25:43+00:00\" \/>\n<meta property=\"og:image\" content=\"https:\/\/www.lraloeverashop.eu\/wp-content\/uploads\/2024\/04\/Aloe-Vera-Drinking-Gel-Acai.jpeg\" \/>\n\t<meta property=\"og:image:width\" content=\"1200\" \/>\n\t<meta property=\"og:image:height\" content=\"1200\" \/>\n\t<meta property=\"og:image:type\" content=\"image\/jpeg\" \/>\n<meta name=\"twitter:card\" content=\"summary_large_image\" \/>\n<meta name=\"twitter:site\" content=\"@natur__kosmetik\" \/>\n<script type=\"application\/ld+json\" class=\"yoast-schema-graph\">{\"@context\":\"https:\\\/\\\/schema.org\",\"@graph\":[{\"@type\":[\"WebPage\",\"ItemPage\"],\"@id\":\"https:\\\/\\\/www.lraloeverashop.eu\\\/sk\\\/produkt\\\/aloe-vera-gel-na-pitie-acai-pro\\\/\",\"url\":\"https:\\\/\\\/www.lraloeverashop.eu\\\/sk\\\/produkt\\\/aloe-vera-gel-na-pitie-acai-pro\\\/\",\"name\":\"Aloe Vera G\u00e9l Na Pitie Acai s r\u00edbez\u013eami, lesn\u00fdm ovoc\u00edm a medom\",\"isPartOf\":{\"@id\":\"https:\\\/\\\/www.lraloeverashop.eu\\\/sk\\\/#website\"},\"primaryImageOfPage\":{\"@id\":\"https:\\\/\\\/www.lraloeverashop.eu\\\/sk\\\/produkt\\\/aloe-vera-gel-na-pitie-acai-pro\\\/#primaryimage\"},\"image\":{\"@id\":\"https:\\\/\\\/www.lraloeverashop.eu\\\/sk\\\/produkt\\\/aloe-vera-gel-na-pitie-acai-pro\\\/#primaryimage\"},\"thumbnailUrl\":\"https:\\\/\\\/www.lraloeverashop.eu\\\/wp-content\\\/uploads\\\/2024\\\/04\\\/Aloe-Vera-Drinking-Gel-Acai.jpeg\",\"datePublished\":\"2024-04-21T13:19:37+00:00\",\"dateModified\":\"2025-03-29T17:25:43+00:00\",\"description\":\"Aloe Vera G\u00e9l Na Pitie Acai je zn\u00e1my nezvy\u010dajne vysok\u00fdm obsahom antioxidantov, ako aj mno\u017estvom vitam\u00ednov a miner\u00e1lov. S 85% Aloe Vera Gelom na podporu tela\",\"breadcrumb\":{\"@id\":\"https:\\\/\\\/www.lraloeverashop.eu\\\/sk\\\/produkt\\\/aloe-vera-gel-na-pitie-acai-pro\\\/#breadcrumb\"},\"inLanguage\":\"sk-SK\",\"potentialAction\":[{\"@type\":\"ReadAction\",\"target\":[\"https:\\\/\\\/www.lraloeverashop.eu\\\/sk\\\/produkt\\\/aloe-vera-gel-na-pitie-acai-pro\\\/\"]}]},{\"@type\":\"ImageObject\",\"inLanguage\":\"sk-SK\",\"@id\":\"https:\\\/\\\/www.lraloeverashop.eu\\\/sk\\\/produkt\\\/aloe-vera-gel-na-pitie-acai-pro\\\/#primaryimage\",\"url\":\"https:\\\/\\\/www.lraloeverashop.eu\\\/wp-content\\\/uploads\\\/2024\\\/04\\\/Aloe-Vera-Drinking-Gel-Acai.jpeg\",\"contentUrl\":\"https:\\\/\\\/www.lraloeverashop.eu\\\/wp-content\\\/uploads\\\/2024\\\/04\\\/Aloe-Vera-Drinking-Gel-Acai.jpeg\",\"width\":1200,\"height\":1200,\"caption\":\"Aloe Vera G\u00e9l Na Pitie Acai Pro s r\u00edbez\u013eami, lesn\u00fdm ovoc\u00edm a medom\"},{\"@type\":\"BreadcrumbList\",\"@id\":\"https:\\\/\\\/www.lraloeverashop.eu\\\/sk\\\/produkt\\\/aloe-vera-gel-na-pitie-acai-pro\\\/#breadcrumb\",\"itemListElement\":[{\"@type\":\"ListItem\",\"position\":1,\"name\":\"Home\",\"item\":\"https:\\\/\\\/www.lraloeverashop.eu\\\/sk\\\/aloe-vera-obchod-vsetko-pre-vasu-krasu-a-pohodu\\\/\"},{\"@type\":\"ListItem\",\"position\":2,\"name\":\"Obchod\",\"item\":\"https:\\\/\\\/www.lraloeverashop.eu\\\/sk\\\/obchod\\\/\"},{\"@type\":\"ListItem\",\"position\":3,\"name\":\"Aloe Vera G\u00e9l Na Pitie Acai Pro\"}]},{\"@type\":\"WebSite\",\"@id\":\"https:\\\/\\\/www.lraloeverashop.eu\\\/sk\\\/#website\",\"url\":\"https:\\\/\\\/www.lraloeverashop.eu\\\/sk\\\/\",\"name\":\"Lr Obchod Aloe Vera\",\"description\":\"High Quality Lr Aloe Vera Gel, Aloe Vera Cream and Shampoo\",\"publisher\":{\"@id\":\"https:\\\/\\\/www.lraloeverashop.eu\\\/sk\\\/#organization\"},\"alternateName\":\"LR\",\"potentialAction\":[{\"@type\":\"SearchAction\",\"target\":{\"@type\":\"EntryPoint\",\"urlTemplate\":\"https:\\\/\\\/www.lraloeverashop.eu\\\/sk\\\/?s={search_term_string}\"},\"query-input\":{\"@type\":\"PropertyValueSpecification\",\"valueRequired\":true,\"valueName\":\"search_term_string\"}}],\"inLanguage\":\"sk-SK\"},{\"@type\":\"Organization\",\"@id\":\"https:\\\/\\\/www.lraloeverashop.eu\\\/sk\\\/#organization\",\"name\":\"Lr Obchod Aloe Vera\",\"alternateName\":\"LR\",\"url\":\"https:\\\/\\\/www.lraloeverashop.eu\\\/sk\\\/\",\"logo\":{\"@type\":\"ImageObject\",\"inLanguage\":\"sk-SK\",\"@id\":\"https:\\\/\\\/www.lraloeverashop.eu\\\/sk\\\/#\\\/schema\\\/logo\\\/image\\\/\",\"url\":\"https:\\\/\\\/www.lraloeverashop.eu\\\/wp-content\\\/uploads\\\/2022\\\/09\\\/cropped-Lr-Aloe-Vera-Shop.jpg\",\"contentUrl\":\"https:\\\/\\\/www.lraloeverashop.eu\\\/wp-content\\\/uploads\\\/2022\\\/09\\\/cropped-Lr-Aloe-Vera-Shop.jpg\",\"width\":228,\"height\":76,\"caption\":\"Lr Obchod Aloe Vera\"},\"image\":{\"@id\":\"https:\\\/\\\/www.lraloeverashop.eu\\\/sk\\\/#\\\/schema\\\/logo\\\/image\\\/\"},\"sameAs\":[\"https:\\\/\\\/www.facebook.com\\\/lraloeverashop.eu\",\"https:\\\/\\\/x.com\\\/natur__kosmetik\",\"https:\\\/\\\/www.youtube.com\\\/channel\\\/UC5oN7BJ8nfYb8RpVtjwDEBA\",\"https:\\\/\\\/www.instagram.com\\\/lrbeautyeu\\\/\"],\"description\":\"Obchod Lr Aloe Vera je va\u0161\u00edm d\u00f4veryhodn\u00fdm miestom pre pr\u00e9miov\u00e9 produkty LR Health & Beauty vyroben\u00e9 v Nemecku. Pon\u00fakame vysokokvalitn\u00e9 rie\u0161enia starostlivosti o ple\u0165 s Aloe Vera, v\u00fd\u017eivu a proti starnutiu, vyroben\u00e9 z \u010dist\u00fdch ingredienci\u00ed a podlo\u017een\u00e9 vedeck\u00fdm v\u00fdskumom. Objavte pr\u00edrodn\u00fa starostlivos\u0165, ktor\u00e1 regeneruje, chr\u00e1ni a revitalizuje va\u0161u ple\u0165 \u2013 a vyu\u017eite exkluz\u00edvne mesa\u010dn\u00e9 ponuky na na\u0161e najpred\u00e1vanej\u0161ie produkty LR Aloe Vera.\\nZa\u010dnite svoju cestu za pr\u00edrodnou starostlivos\u0165ou o ple\u0165 e\u0161te dnes a poc\u00ed\u0165te rozdiel.\",\"email\":\"info@lraloeverashop.eu\",\"telephone\":\"+49 17670609653\",\"legalName\":\"Lr Aloe Vera Shop\",\"foundingDate\":\"2018-04-21\",\"numberOfEmployees\":{\"@type\":\"QuantitativeValue\",\"minValue\":\"1\",\"maxValue\":\"10\"}}]}<\/script>\n<meta property=\"product:price:amount\" content=\"45.79\" \/>\n<meta property=\"product:price:currency\" content=\"EUR\" \/>\n<meta property=\"og:availability\" content=\"instock\" \/>\n<meta property=\"product:availability\" content=\"instock\" \/>\n<meta property=\"product:retailer_item_id\" content=\"81100-1SK\" \/>\n<meta property=\"product:condition\" content=\"new\" \/>\n<!-- \/ Yoast SEO Premium plugin. -->","yoast_head_json":{"title":"Aloe Vera G\u00e9l Na Pitie Acai s r\u00edbez\u013eami, lesn\u00fdm ovoc\u00edm a medom","description":"Aloe Vera G\u00e9l Na Pitie Acai je zn\u00e1my nezvy\u010dajne vysok\u00fdm obsahom antioxidantov, ako aj mno\u017estvom vitam\u00ednov a miner\u00e1lov. S 85% Aloe Vera Gelom na podporu tela","robots":{"index":"index","follow":"follow","max-snippet":"max-snippet:-1","max-image-preview":"max-image-preview:large","max-video-preview":"max-video-preview:-1"},"canonical":"https:\/\/www.lraloeverashop.eu\/sk\/produkt\/aloe-vera-gel-na-pitie-acai-pro\/","og_locale":"sk_SK","og_type":"article","og_title":"Aloe Vera G\u00e9l Na Pitie Acai Pro","og_description":"Aloe Vera G\u00e9l Na Pitie Acai je zn\u00e1my nezvy\u010dajne vysok\u00fdm obsahom antioxidantov, ako aj mno\u017estvom vitam\u00ednov a miner\u00e1lov. S 85% Aloe Vera Gelom na podporu tela","og_url":"https:\/\/www.lraloeverashop.eu\/sk\/produkt\/aloe-vera-gel-na-pitie-acai-pro\/","og_site_name":"Lr Obchod Aloe Vera","article_publisher":"https:\/\/www.facebook.com\/lraloeverashop.eu","article_modified_time":"2025-03-29T17:25:43+00:00","og_image":[{"width":1200,"height":1200,"url":"https:\/\/www.lraloeverashop.eu\/wp-content\/uploads\/2024\/04\/Aloe-Vera-Drinking-Gel-Acai.jpeg","type":"image\/jpeg"}],"twitter_card":"summary_large_image","twitter_site":"@natur__kosmetik","schema":{"@context":"https:\/\/schema.org","@graph":[{"@type":["WebPage","ItemPage"],"@id":"https:\/\/www.lraloeverashop.eu\/sk\/produkt\/aloe-vera-gel-na-pitie-acai-pro\/","url":"https:\/\/www.lraloeverashop.eu\/sk\/produkt\/aloe-vera-gel-na-pitie-acai-pro\/","name":"Aloe Vera G\u00e9l Na Pitie Acai s r\u00edbez\u013eami, lesn\u00fdm ovoc\u00edm a medom","isPartOf":{"@id":"https:\/\/www.lraloeverashop.eu\/sk\/#website"},"primaryImageOfPage":{"@id":"https:\/\/www.lraloeverashop.eu\/sk\/produkt\/aloe-vera-gel-na-pitie-acai-pro\/#primaryimage"},"image":{"@id":"https:\/\/www.lraloeverashop.eu\/sk\/produkt\/aloe-vera-gel-na-pitie-acai-pro\/#primaryimage"},"thumbnailUrl":"https:\/\/www.lraloeverashop.eu\/wp-content\/uploads\/2024\/04\/Aloe-Vera-Drinking-Gel-Acai.jpeg","datePublished":"2024-04-21T13:19:37+00:00","dateModified":"2025-03-29T17:25:43+00:00","description":"Aloe Vera G\u00e9l Na Pitie Acai je zn\u00e1my nezvy\u010dajne vysok\u00fdm obsahom antioxidantov, ako aj mno\u017estvom vitam\u00ednov a miner\u00e1lov. S 85% Aloe Vera Gelom na podporu tela","breadcrumb":{"@id":"https:\/\/www.lraloeverashop.eu\/sk\/produkt\/aloe-vera-gel-na-pitie-acai-pro\/#breadcrumb"},"inLanguage":"sk-SK","potentialAction":[{"@type":"ReadAction","target":["https:\/\/www.lraloeverashop.eu\/sk\/produkt\/aloe-vera-gel-na-pitie-acai-pro\/"]}]},{"@type":"ImageObject","inLanguage":"sk-SK","@id":"https:\/\/www.lraloeverashop.eu\/sk\/produkt\/aloe-vera-gel-na-pitie-acai-pro\/#primaryimage","url":"https:\/\/www.lraloeverashop.eu\/wp-content\/uploads\/2024\/04\/Aloe-Vera-Drinking-Gel-Acai.jpeg","contentUrl":"https:\/\/www.lraloeverashop.eu\/wp-content\/uploads\/2024\/04\/Aloe-Vera-Drinking-Gel-Acai.jpeg","width":1200,"height":1200,"caption":"Aloe Vera G\u00e9l Na Pitie Acai Pro s r\u00edbez\u013eami, lesn\u00fdm ovoc\u00edm a medom"},{"@type":"BreadcrumbList","@id":"https:\/\/www.lraloeverashop.eu\/sk\/produkt\/aloe-vera-gel-na-pitie-acai-pro\/#breadcrumb","itemListElement":[{"@type":"ListItem","position":1,"name":"Home","item":"https:\/\/www.lraloeverashop.eu\/sk\/aloe-vera-obchod-vsetko-pre-vasu-krasu-a-pohodu\/"},{"@type":"ListItem","position":2,"name":"Obchod","item":"https:\/\/www.lraloeverashop.eu\/sk\/obchod\/"},{"@type":"ListItem","position":3,"name":"Aloe Vera G\u00e9l Na Pitie Acai Pro"}]},{"@type":"WebSite","@id":"https:\/\/www.lraloeverashop.eu\/sk\/#website","url":"https:\/\/www.lraloeverashop.eu\/sk\/","name":"Lr Obchod Aloe Vera","description":"High Quality Lr Aloe Vera Gel, Aloe Vera Cream and Shampoo","publisher":{"@id":"https:\/\/www.lraloeverashop.eu\/sk\/#organization"},"alternateName":"LR","potentialAction":[{"@type":"SearchAction","target":{"@type":"EntryPoint","urlTemplate":"https:\/\/www.lraloeverashop.eu\/sk\/?s={search_term_string}"},"query-input":{"@type":"PropertyValueSpecification","valueRequired":true,"valueName":"search_term_string"}}],"inLanguage":"sk-SK"},{"@type":"Organization","@id":"https:\/\/www.lraloeverashop.eu\/sk\/#organization","name":"Lr Obchod Aloe Vera","alternateName":"LR","url":"https:\/\/www.lraloeverashop.eu\/sk\/","logo":{"@type":"ImageObject","inLanguage":"sk-SK","@id":"https:\/\/www.lraloeverashop.eu\/sk\/#\/schema\/logo\/image\/","url":"https:\/\/www.lraloeverashop.eu\/wp-content\/uploads\/2022\/09\/cropped-Lr-Aloe-Vera-Shop.jpg","contentUrl":"https:\/\/www.lraloeverashop.eu\/wp-content\/uploads\/2022\/09\/cropped-Lr-Aloe-Vera-Shop.jpg","width":228,"height":76,"caption":"Lr Obchod Aloe Vera"},"image":{"@id":"https:\/\/www.lraloeverashop.eu\/sk\/#\/schema\/logo\/image\/"},"sameAs":["https:\/\/www.facebook.com\/lraloeverashop.eu","https:\/\/x.com\/natur__kosmetik","https:\/\/www.youtube.com\/channel\/UC5oN7BJ8nfYb8RpVtjwDEBA","https:\/\/www.instagram.com\/lrbeautyeu\/"],"description":"Obchod Lr Aloe Vera je va\u0161\u00edm d\u00f4veryhodn\u00fdm miestom pre pr\u00e9miov\u00e9 produkty LR Health & Beauty vyroben\u00e9 v Nemecku. Pon\u00fakame vysokokvalitn\u00e9 rie\u0161enia starostlivosti o ple\u0165 s Aloe Vera, v\u00fd\u017eivu a proti starnutiu, vyroben\u00e9 z \u010dist\u00fdch ingredienci\u00ed a podlo\u017een\u00e9 vedeck\u00fdm v\u00fdskumom. Objavte pr\u00edrodn\u00fa starostlivos\u0165, ktor\u00e1 regeneruje, chr\u00e1ni a revitalizuje va\u0161u ple\u0165 \u2013 a vyu\u017eite exkluz\u00edvne mesa\u010dn\u00e9 ponuky na na\u0161e najpred\u00e1vanej\u0161ie produkty LR Aloe Vera.\nZa\u010dnite svoju cestu za pr\u00edrodnou starostlivos\u0165ou o ple\u0165 e\u0161te dnes a poc\u00ed\u0165te rozdiel.","email":"info@lraloeverashop.eu","telephone":"+49 17670609653","legalName":"Lr Aloe Vera Shop","foundingDate":"2018-04-21","numberOfEmployees":{"@type":"QuantitativeValue","minValue":"1","maxValue":"10"}}]},"product_price_amount":"45.79","product_price_currency":"EUR","og_availability":"instock","product_availability":"instock","product_retailer_item_id":"81100-1SK","product_condition":"new"},"taxonomy_info":{"product_cat":[{"value":295,"label":"Aloe Vera G\u00e9ly na pitie"},{"value":438,"label":"\u010crev\u00e1 a Tr\u00e1venie"},{"value":420,"label":"Kosti, k\u013aby a Svaly"},{"value":468,"label":"\u0160pecialisti"},{"value":402,"label":"Z\u00e1klad"}],"product_tag":[{"value":622,"label":"Detoxika\u010dn\u00e9 n\u00e1poje"}]},"featured_image_src_large":["https:\/\/www.lraloeverashop.eu\/wp-content\/uploads\/2024\/04\/Aloe-Vera-Drinking-Gel-Acai-1024x1024.jpeg",1024,1024,true],"author_info":[],"comment_info":0,"_links":{"self":[{"href":"https:\/\/www.lraloeverashop.eu\/sk\/wp-json\/wp\/v2\/product\/14766","targetHints":{"allow":["GET"]}}],"collection":[{"href":"https:\/\/www.lraloeverashop.eu\/sk\/wp-json\/wp\/v2\/product"}],"about":[{"href":"https:\/\/www.lraloeverashop.eu\/sk\/wp-json\/wp\/v2\/types\/product"}],"replies":[{"embeddable":true,"href":"https:\/\/www.lraloeverashop.eu\/sk\/wp-json\/wp\/v2\/comments?post=14766"}],"wp:featuredmedia":[{"embeddable":true,"href":"https:\/\/www.lraloeverashop.eu\/sk\/wp-json\/wp\/v2\/media\/14741"}],"wp:attachment":[{"href":"https:\/\/www.lraloeverashop.eu\/sk\/wp-json\/wp\/v2\/media?parent=14766"}],"wp:term":[{"taxonomy":"product_brand","embeddable":true,"href":"https:\/\/www.lraloeverashop.eu\/sk\/wp-json\/wp\/v2\/product_brand?post=14766"},{"taxonomy":"product_cat","embeddable":true,"href":"https:\/\/www.lraloeverashop.eu\/sk\/wp-json\/wp\/v2\/product_cat?post=14766"},{"taxonomy":"product_tag","embeddable":true,"href":"https:\/\/www.lraloeverashop.eu\/sk\/wp-json\/wp\/v2\/product_tag?post=14766"}],"curies":[{"name":"wp","href":"https:\/\/api.w.org\/{rel}","templated":true}]}}