{"id":13809,"date":"2023-11-01T18:14:43","date_gmt":"2023-11-01T17:14:43","guid":{"rendered":"https:\/\/www.lraloeverashop.eu\/?post_type=product&#038;p=13809"},"modified":"2025-03-29T18:25:50","modified_gmt":"2025-03-29T17:25:50","slug":"aloe-vera-napoj-broskyna-limitovana-ponuka","status":"publish","type":"product","link":"https:\/\/www.lraloeverashop.eu\/sk\/produkt\/aloe-vera-napoj-broskyna-limitovana-ponuka\/","title":{"rendered":"Aloe Vera N\u00e1poj Brosky\u0148a Limitovan\u00e1 ponuka 2 f\u013ea\u0161e"},"content":{"rendered":"<h2><span style=\"font-size: 16pt;\"><strong>Aloe Vera N\u00e1poj Brosky\u0148a Limitovan\u00e1 ponuka 2\u00a0F\u013ea\u0161e<\/strong><\/span><\/h2>\n<p><span style=\"font-size: 14pt;\"><strong>Aloe Vera N\u00e1poj Brosky\u0148a Detoxikuje a regeneruje organizmus<\/strong><\/span><\/p>\n<p>Aloe Vera N\u00e1poj Brosky\u0148a je pozit\u00edvna novinka, najm\u00e4 pre \u013eud\u00ed s <a href=\"https:\/\/sk.wikipedia.org\/wiki\/Diabetes_mellitus\">cukrovkou<\/a>. Preto\u017ee v \u0148om je menej kal\u00f3ri\u00ed a u\u017e nie je potrebn\u00e9 prepo\u010d\u00edtava\u0165 sacharidy. Teraz u\u017e ich nemus\u00edte rie\u0161i\u0165.<\/p>\n<p><span style=\"color: #008000;\"><strong>VYSOK\u00c1 KONCENTR\u00c1CIA:<\/strong><\/span> 98% g\u00e9l z aloe vera<br \/>\n<span style=\"color: #008000;\"><strong>ZDRAV\u00dd:<\/strong><\/span> s vitam\u00ednom C, bez cukru &#8211; vhodn\u00fd aj pre diabetikov<br \/>\n<span style=\"color: #008000;\"><strong>DOBR\u00dd<\/strong>:<\/span> ovocn\u00e1 brosky\u0148ov\u00e1 chu\u0165 &#8211; chutia aj de\u0165om<\/p>\n<p><strong>Lr Aloe Vera N\u00e1poj Brosky\u0148a obsahuje iba 13,5 kJ!<\/strong><\/p>\n<p>Pre diabetikov je d\u00f4le\u017eit\u00e9 udr\u017ea\u0165 n\u00edzke mno\u017estvo cukru v dennej strave a pod kontrolou, aby sa udr\u017eala hladina inzul\u00ednu v krvi \u010do najkon\u0161tantnej\u0161ia. Ale aj dnes mnoho \u013eud\u00ed ktor\u00ed si v\u00e1\u017eia zdravie, venuj\u00fa pozornos\u0165 zn\u00ed\u017eeniu pr\u00edjmu cukru. Presne pre t\u00fato cie\u013eov\u00fa skupinu LR vyvinula <a href=\"https:\/\/www.lraloeverashop.eu\/sk\/produkt\/aloe-vera-gel-na-pitie-broskyna\/\">Aloe Vera Drinking G\u00e9l Brosky\u0148a<\/a>.<\/p>\n<p>Aloe Vera Drinking G\u00e9l s pr\u00edchu\u0165ou brosky\u0148e sa sklad\u00e1 takmer v\u00fdlu\u010dne z \u010dist\u00e9ho g\u00e9lu s listom z aloe vera.<\/p>\n<p>Tento <a href=\"https:\/\/www.lraloeverashop.eu\/sk\/aloe-vera-napoj-od-lr-health-beauty\/\">Aloe Vera g\u00e9l na pitie<\/a> nie je rieden\u00fd vodou, je najkoncentrovanej\u0161\u00ed na trhu. Obsahuje najvy\u0161\u0161ie mno\u017estvo \u00fa\u010dinn\u00fdch l\u00e1tok, napriek tomu je na trhu najlacnej\u0161\u00ed pri prepo\u010dte na denn\u00fa detoxika\u010dn\u00fa d\u00e1vku.<\/p>\n<p>&nbsp;<\/p>\n<p><span style=\"font-size: 16pt;\"><strong>Aloe Vera N\u00e1poj a jeho \u00fa\u010dinky<\/strong><\/span><\/p>\n<ul>\n<li>Detoxikuje, moduluje imunitu a <a href=\"https:\/\/www.lraloeverashop.eu\/sk\/zdravie-chrupavky-a-aloe-vera-gel-na-pitie-freedom\/\">regeneruje organizmus<\/a>.<\/li>\n<li>\u010cist\u00ed aj zatvrdnut\u00e9 \u010drevn\u00e9 kaly a tzv. Muk\u00f3znej plak na sten\u00e1ch \u010driev, kde je 80% slizni\u010dnej imunity.<\/li>\n<li>Spriechod\u0148uje kapil\u00e1ry, aby sa kysl\u00edk a \u017eiviny dostali k bunk\u00e1m a naopak jedy, odpadov\u00e9 l\u00e1tky, tuky a tox\u00edny sa dostali von z organizmu.<\/li>\n<li>Z\u00fa\u017eenie kapil\u00e1r vedie r\u00fdchlo k nedostatku kysl\u00edka a n\u00e1sledne k prekysleniu organizmu!<\/li>\n<li>Zni\u017euje hladinu LDL cholesterolu a tukov v krvi.<\/li>\n<li>Zni\u017euje hladinu krvn\u00e9ho cukru.<\/li>\n<li>Porovn\u00e1va &#8211; moduluje krvn\u00fd tlak.<\/li>\n<\/ul>\n<p>&nbsp;<\/p>\n<p>Aloe Vera N\u00e1poj Brosky\u0148a m\u00f4\u017ee by\u0165 pou\u017e\u00edvany ako <a href=\"https:\/\/www.lraloeverashop.eu\/sk\/aloe-vera-drinking-gel-broskyna\/\">prevencia k posilneniu zdravia<\/a> alebo ako doplnok k lek\u00e1rskej starostlivosti s existuj\u00facimi medikamentami. Nem\u00e1 ved\u013eaj\u0161ie \u00fa\u010dinky, nemo\u017eno sa n\u00edm pred\u00e1vkova\u0165. Je to najkoncentrovanej\u0161\u00ed g\u00e9l na trhu &#8211; Perfektn\u00fd pre diabetikov a tie\u017e pre detsk\u00e9 z\u00fabky!!<\/p>\n<p>&nbsp;<\/p>\n<h4><strong><span style=\"font-size: 16pt;\">Ako pou\u017eiva\u0165 Aloe Vera N\u00e1poj Brosky\u0148a <\/span><\/strong><\/h4>\n<p><strong><span style=\"color: #993300;\">Odpor\u00fa\u010danie t\u00fdkaj\u00face sa spotreby:<\/span><\/strong> <span style=\"color: #000000;\">Detoxika\u010dn\u00e9 d\u00e1vka je 1 ml \/ 1kg v\u00e1hy \/ 1 de\u0148. Rozdelen\u00e9 do 2-3 denn\u00fdch d\u00e1vok!<\/span> Najlep\u0161ie pred jedlom (v pr\u00edpade potreby zrie\u010fte vodou alebo ovocn\u00fdm d\u017e\u00fasom).<\/p>\n<p><strong><span style=\"color: #993300;\">Recept:<\/span><\/strong> Pite Aloe Vera N\u00e1poj Brosky\u0148a s poh\u00e1rom ovocn\u00e9ho d\u017e\u00fasu pod\u013ea v\u00e1\u0161ho v\u00fdberu alebo zmie\u0161ajte g\u00e9l s jogurtom, ovoc\u00edm a nejak\u00fdm musli pre zdrav\u00e9 ra\u0148ajky.<\/p>\n<p>Pred pou\u017eit\u00edm dobre pretrepte. Po otvoren\u00ed skladujte v chladni\u010dke a r\u00fdchlo spotrebujte. Odpor\u00fa\u010dan\u00e1 denn\u00e1 d\u00e1vka sa nem\u00e1 prekro\u010di\u0165. Doplnky v\u00fd\u017eivy nie s\u00fa n\u00e1hradou pestrej a vyv\u00e1\u017eenej stravy, ktor\u00e1 je d\u00f4le\u017eit\u00e1 v spojen\u00ed so zdrav\u00fdm \u017eivotn\u00fdm \u0161t\u00fdlom. Uchov\u00e1vajte v\u00fdrobok mimo dosahu mal\u00fdch det\u00ed.<\/p>\n<p><strong>Odpor\u00fa\u010dan\u00e9 u\u017e\u00edvanie je minim\u00e1lne 3 mesiace!<\/strong><\/p>\n<p>&nbsp;<\/p>\n","protected":false},"excerpt":{"rendered":"<ul>\n<li><strong><span style=\"color: #ff0000;\">Limitovan\u00e1 ponuka<\/span><\/strong><\/li>\n<li>Detoxikuje, moduluje imunitu a regeneruje organizmus<\/li>\n<li>Sklad\u00e1 sa z 98% \u010dist\u00e9ho g\u00e9lu Aloe Vera<\/li>\n<li>Zah\u0155\u0148a 100% odpor\u00fa\u010danej dennej d\u00e1vky vitam\u00ednu C<\/li>\n<li>Vhodn\u00e9 aj pre cukrovk\u00e1rov<\/li>\n<li>Obsah: 2 x 1000 ml<\/li>\n<\/ul>\n<p>&nbsp;<\/p>\n","protected":false},"featured_media":11220,"comment_status":"open","ping_status":"closed","template":"","meta":{"_kad_blocks_custom_css":"","_kad_blocks_head_custom_js":"","_kad_blocks_body_custom_js":"","_kad_blocks_footer_custom_js":"","_kadence_starter_templates_imported_post":false,"_kad_post_transparent":"default","_kad_post_title":"","_kad_post_layout":"default","_kad_post_sidebar_id":"","_kad_post_content_style":"default","_kad_post_vertical_padding":"default","_kad_post_feature":"","_kad_post_feature_position":"","_kad_post_header":false,"_kad_post_footer":false,"_kad_post_classname":""},"product_brand":[],"product_cat":[295,438,468,459,402,355],"product_tag":[622],"class_list":{"0":"post-13809","1":"product","2":"type-product","3":"status-publish","4":"has-post-thumbnail","6":"product_cat-gely-na-pitie","7":"product_cat-creva-a-travenie","8":"product_cat-specialista","9":"product_cat-usetrite-v-setoch","10":"product_cat-zaklad","11":"product_cat-zlavy","12":"product_tag-detoxikacne-napoje","14":"first","15":"instock","16":"sale","17":"taxable","18":"shipping-taxable","19":"purchasable","20":"product-type-simple","21":"entry","22":"content-bg","23":"loop-entry"},"yoast_head":"<!-- This site is optimized with the Yoast SEO Premium plugin v27.4 (Yoast SEO v27.4) - https:\/\/yoast.com\/product\/yoast-seo-premium-wordpress\/ -->\n<title>Aloe Vera N\u00e1poj Brosky\u0148a Limitovan\u00e1 ponuka<\/title>\n<meta name=\"description\" content=\"Aloe Vera N\u00e1poj Brosky\u0148a s 98% \u010distou aloe vera a vitam\u00ednom C. vhodn\u00e9 aj pre diabetikov. Obsahuje iba 13,5 kJ. Detoxikuje a regeneruje.\" \/>\n<meta name=\"robots\" content=\"index, follow, max-snippet:-1, max-image-preview:large, max-video-preview:-1\" \/>\n<link rel=\"canonical\" href=\"https:\/\/www.lraloeverashop.eu\/sk\/produkt\/aloe-vera-napoj-broskyna-limitovana-ponuka\/\" \/>\n<meta property=\"og:locale\" content=\"sk_SK\" \/>\n<meta property=\"og:type\" content=\"article\" \/>\n<meta property=\"og:title\" content=\"Aloe Vera N\u00e1poj Brosky\u0148a Limitovan\u00e1 ponuka 2 f\u013ea\u0161e\" \/>\n<meta property=\"og:description\" content=\"Aloe Vera N\u00e1poj Brosky\u0148a s 98% \u010distou aloe vera a vitam\u00ednom C. vhodn\u00e9 aj pre diabetikov. Obsahuje iba 13,5 kJ. Detoxikuje a regeneruje.\" \/>\n<meta property=\"og:url\" content=\"https:\/\/www.lraloeverashop.eu\/sk\/produkt\/aloe-vera-napoj-broskyna-limitovana-ponuka\/\" \/>\n<meta property=\"og:site_name\" content=\"Lr Obchod Aloe Vera\" \/>\n<meta property=\"article:publisher\" content=\"https:\/\/www.facebook.com\/lraloeverashop.eu\" \/>\n<meta property=\"article:modified_time\" content=\"2025-03-29T17:25:50+00:00\" \/>\n<meta property=\"og:image\" content=\"https:\/\/www.lraloeverashop.eu\/wp-content\/uploads\/2023\/03\/Aloe-Vera-Gel-Peach-2-Pieces-Set.jpeg\" \/>\n\t<meta property=\"og:image:width\" content=\"1200\" \/>\n\t<meta property=\"og:image:height\" content=\"1200\" \/>\n\t<meta property=\"og:image:type\" content=\"image\/jpeg\" \/>\n<meta name=\"twitter:card\" content=\"summary_large_image\" \/>\n<meta name=\"twitter:site\" content=\"@natur__kosmetik\" \/>\n<script type=\"application\/ld+json\" class=\"yoast-schema-graph\">{\"@context\":\"https:\\\/\\\/schema.org\",\"@graph\":[{\"@type\":[\"WebPage\",\"ItemPage\"],\"@id\":\"https:\\\/\\\/www.lraloeverashop.eu\\\/sk\\\/produkt\\\/aloe-vera-napoj-broskyna-limitovana-ponuka\\\/\",\"url\":\"https:\\\/\\\/www.lraloeverashop.eu\\\/sk\\\/produkt\\\/aloe-vera-napoj-broskyna-limitovana-ponuka\\\/\",\"name\":\"Aloe Vera N\u00e1poj Brosky\u0148a Limitovan\u00e1 ponuka\",\"isPartOf\":{\"@id\":\"https:\\\/\\\/www.lraloeverashop.eu\\\/sk\\\/#website\"},\"primaryImageOfPage\":{\"@id\":\"https:\\\/\\\/www.lraloeverashop.eu\\\/sk\\\/produkt\\\/aloe-vera-napoj-broskyna-limitovana-ponuka\\\/#primaryimage\"},\"image\":{\"@id\":\"https:\\\/\\\/www.lraloeverashop.eu\\\/sk\\\/produkt\\\/aloe-vera-napoj-broskyna-limitovana-ponuka\\\/#primaryimage\"},\"thumbnailUrl\":\"https:\\\/\\\/www.lraloeverashop.eu\\\/wp-content\\\/uploads\\\/2023\\\/03\\\/Aloe-Vera-Gel-Peach-2-Pieces-Set.jpeg\",\"datePublished\":\"2023-11-01T17:14:43+00:00\",\"dateModified\":\"2025-03-29T17:25:50+00:00\",\"description\":\"Aloe Vera N\u00e1poj Brosky\u0148a s 98% \u010distou aloe vera a vitam\u00ednom C. vhodn\u00e9 aj pre diabetikov. Obsahuje iba 13,5 kJ. Detoxikuje a regeneruje.\",\"breadcrumb\":{\"@id\":\"https:\\\/\\\/www.lraloeverashop.eu\\\/sk\\\/produkt\\\/aloe-vera-napoj-broskyna-limitovana-ponuka\\\/#breadcrumb\"},\"inLanguage\":\"sk-SK\",\"potentialAction\":[{\"@type\":\"ReadAction\",\"target\":[\"https:\\\/\\\/www.lraloeverashop.eu\\\/sk\\\/produkt\\\/aloe-vera-napoj-broskyna-limitovana-ponuka\\\/\"]}]},{\"@type\":\"ImageObject\",\"inLanguage\":\"sk-SK\",\"@id\":\"https:\\\/\\\/www.lraloeverashop.eu\\\/sk\\\/produkt\\\/aloe-vera-napoj-broskyna-limitovana-ponuka\\\/#primaryimage\",\"url\":\"https:\\\/\\\/www.lraloeverashop.eu\\\/wp-content\\\/uploads\\\/2023\\\/03\\\/Aloe-Vera-Gel-Peach-2-Pieces-Set.jpeg\",\"contentUrl\":\"https:\\\/\\\/www.lraloeverashop.eu\\\/wp-content\\\/uploads\\\/2023\\\/03\\\/Aloe-Vera-Gel-Peach-2-Pieces-Set.jpeg\",\"width\":1200,\"height\":1200,\"caption\":\"Aloe Vera N\u00e1poj Brosky\u0148a obsahuje iba 13,5 kJ na porciu. Vhodn\u00e9 aj pri cukrovke.\"},{\"@type\":\"BreadcrumbList\",\"@id\":\"https:\\\/\\\/www.lraloeverashop.eu\\\/sk\\\/produkt\\\/aloe-vera-napoj-broskyna-limitovana-ponuka\\\/#breadcrumb\",\"itemListElement\":[{\"@type\":\"ListItem\",\"position\":1,\"name\":\"Home\",\"item\":\"https:\\\/\\\/www.lraloeverashop.eu\\\/sk\\\/\"},{\"@type\":\"ListItem\",\"position\":2,\"name\":\"Obchod\",\"item\":\"https:\\\/\\\/www.lraloeverashop.eu\\\/shop\\\/\"},{\"@type\":\"ListItem\",\"position\":3,\"name\":\"Aloe Vera N\u00e1poj Brosky\u0148a Limitovan\u00e1 ponuka 2 f\u013ea\u0161e\"}]},{\"@type\":\"WebSite\",\"@id\":\"https:\\\/\\\/www.lraloeverashop.eu\\\/sk\\\/#website\",\"url\":\"https:\\\/\\\/www.lraloeverashop.eu\\\/sk\\\/\",\"name\":\"Lr Obchod Aloe Vera\",\"description\":\"High Quality Lr Aloe Vera Gel, Aloe Vera Cream and Shampoo\",\"publisher\":{\"@id\":\"https:\\\/\\\/www.lraloeverashop.eu\\\/sk\\\/#organization\"},\"potentialAction\":[{\"@type\":\"SearchAction\",\"target\":{\"@type\":\"EntryPoint\",\"urlTemplate\":\"https:\\\/\\\/www.lraloeverashop.eu\\\/sk\\\/?s={search_term_string}\"},\"query-input\":{\"@type\":\"PropertyValueSpecification\",\"valueRequired\":true,\"valueName\":\"search_term_string\"}}],\"inLanguage\":\"sk-SK\"},{\"@type\":\"Organization\",\"@id\":\"https:\\\/\\\/www.lraloeverashop.eu\\\/sk\\\/#organization\",\"name\":\"Lr Obchod Aloe Vera\",\"alternateName\":\"LR\",\"url\":\"https:\\\/\\\/www.lraloeverashop.eu\\\/sk\\\/\",\"logo\":{\"@type\":\"ImageObject\",\"inLanguage\":\"sk-SK\",\"@id\":\"https:\\\/\\\/www.lraloeverashop.eu\\\/sk\\\/#\\\/schema\\\/logo\\\/image\\\/\",\"url\":\"https:\\\/\\\/www.lraloeverashop.eu\\\/wp-content\\\/uploads\\\/2022\\\/09\\\/cropped-Lr-Aloe-Vera-Shop.jpg\",\"contentUrl\":\"https:\\\/\\\/www.lraloeverashop.eu\\\/wp-content\\\/uploads\\\/2022\\\/09\\\/cropped-Lr-Aloe-Vera-Shop.jpg\",\"width\":228,\"height\":76,\"caption\":\"Lr Obchod Aloe Vera\"},\"image\":{\"@id\":\"https:\\\/\\\/www.lraloeverashop.eu\\\/sk\\\/#\\\/schema\\\/logo\\\/image\\\/\"},\"sameAs\":[\"https:\\\/\\\/www.facebook.com\\\/lraloeverashop.eu\",\"https:\\\/\\\/x.com\\\/natur__kosmetik\",\"https:\\\/\\\/www.youtube.com\\\/channel\\\/UC5oN7BJ8nfYb8RpVtjwDEBA\",\"https:\\\/\\\/www.instagram.com\\\/lrbeautyeu\\\/\"],\"description\":\"Obchod Lr Aloe Vera je va\u0161\u00edm d\u00f4veryhodn\u00fdm miestom pre pr\u00e9miov\u00e9 produkty LR Health & Beauty vyroben\u00e9 v Nemecku. Pon\u00fakame vysokokvalitn\u00e9 rie\u0161enia starostlivosti o ple\u0165 s Aloe Vera, v\u00fd\u017eivu a proti starnutiu, vyroben\u00e9 z \u010dist\u00fdch ingredienci\u00ed a podlo\u017een\u00e9 vedeck\u00fdm v\u00fdskumom. Objavte pr\u00edrodn\u00fa starostlivos\u0165, ktor\u00e1 regeneruje, chr\u00e1ni a revitalizuje va\u0161u ple\u0165 \u2013 a vyu\u017eite exkluz\u00edvne mesa\u010dn\u00e9 ponuky na na\u0161e najpred\u00e1vanej\u0161ie produkty LR Aloe Vera.\\nZa\u010dnite svoju cestu za pr\u00edrodnou starostlivos\u0165ou o ple\u0165 e\u0161te dnes a poc\u00ed\u0165te rozdiel.\",\"email\":\"info@lraloeverashop.eu\",\"telephone\":\"+49 17670609653\",\"legalName\":\"Lr Aloe Vera Shop\",\"foundingDate\":\"2018-04-21\",\"numberOfEmployees\":{\"@type\":\"QuantitativeValue\",\"minValue\":\"1\",\"maxValue\":\"10\"}}]}<\/script>\n<meta property=\"product:price:amount\" content=\"76.99\" \/>\n<meta property=\"product:price:currency\" content=\"EUR\" \/>\n<meta property=\"og:availability\" content=\"instock\" \/>\n<meta property=\"product:availability\" content=\"instock\" \/>\n<meta property=\"product:retailer_item_id\" content=\"80779-680SK\" \/>\n<meta property=\"product:condition\" content=\"new\" \/>\n<!-- \/ Yoast SEO Premium plugin. -->","yoast_head_json":{"title":"Aloe Vera N\u00e1poj Brosky\u0148a Limitovan\u00e1 ponuka","description":"Aloe Vera N\u00e1poj Brosky\u0148a s 98% \u010distou aloe vera a vitam\u00ednom C. vhodn\u00e9 aj pre diabetikov. Obsahuje iba 13,5 kJ. Detoxikuje a regeneruje.","robots":{"index":"index","follow":"follow","max-snippet":"max-snippet:-1","max-image-preview":"max-image-preview:large","max-video-preview":"max-video-preview:-1"},"canonical":"https:\/\/www.lraloeverashop.eu\/sk\/produkt\/aloe-vera-napoj-broskyna-limitovana-ponuka\/","og_locale":"sk_SK","og_type":"article","og_title":"Aloe Vera N\u00e1poj Brosky\u0148a Limitovan\u00e1 ponuka 2 f\u013ea\u0161e","og_description":"Aloe Vera N\u00e1poj Brosky\u0148a s 98% \u010distou aloe vera a vitam\u00ednom C. vhodn\u00e9 aj pre diabetikov. Obsahuje iba 13,5 kJ. Detoxikuje a regeneruje.","og_url":"https:\/\/www.lraloeverashop.eu\/sk\/produkt\/aloe-vera-napoj-broskyna-limitovana-ponuka\/","og_site_name":"Lr Obchod Aloe Vera","article_publisher":"https:\/\/www.facebook.com\/lraloeverashop.eu","article_modified_time":"2025-03-29T17:25:50+00:00","og_image":[{"width":1200,"height":1200,"url":"https:\/\/www.lraloeverashop.eu\/wp-content\/uploads\/2023\/03\/Aloe-Vera-Gel-Peach-2-Pieces-Set.jpeg","type":"image\/jpeg"}],"twitter_card":"summary_large_image","twitter_site":"@natur__kosmetik","schema":{"@context":"https:\/\/schema.org","@graph":[{"@type":["WebPage","ItemPage"],"@id":"https:\/\/www.lraloeverashop.eu\/sk\/produkt\/aloe-vera-napoj-broskyna-limitovana-ponuka\/","url":"https:\/\/www.lraloeverashop.eu\/sk\/produkt\/aloe-vera-napoj-broskyna-limitovana-ponuka\/","name":"Aloe Vera N\u00e1poj Brosky\u0148a Limitovan\u00e1 ponuka","isPartOf":{"@id":"https:\/\/www.lraloeverashop.eu\/sk\/#website"},"primaryImageOfPage":{"@id":"https:\/\/www.lraloeverashop.eu\/sk\/produkt\/aloe-vera-napoj-broskyna-limitovana-ponuka\/#primaryimage"},"image":{"@id":"https:\/\/www.lraloeverashop.eu\/sk\/produkt\/aloe-vera-napoj-broskyna-limitovana-ponuka\/#primaryimage"},"thumbnailUrl":"https:\/\/www.lraloeverashop.eu\/wp-content\/uploads\/2023\/03\/Aloe-Vera-Gel-Peach-2-Pieces-Set.jpeg","datePublished":"2023-11-01T17:14:43+00:00","dateModified":"2025-03-29T17:25:50+00:00","description":"Aloe Vera N\u00e1poj Brosky\u0148a s 98% \u010distou aloe vera a vitam\u00ednom C. vhodn\u00e9 aj pre diabetikov. Obsahuje iba 13,5 kJ. Detoxikuje a regeneruje.","breadcrumb":{"@id":"https:\/\/www.lraloeverashop.eu\/sk\/produkt\/aloe-vera-napoj-broskyna-limitovana-ponuka\/#breadcrumb"},"inLanguage":"sk-SK","potentialAction":[{"@type":"ReadAction","target":["https:\/\/www.lraloeverashop.eu\/sk\/produkt\/aloe-vera-napoj-broskyna-limitovana-ponuka\/"]}]},{"@type":"ImageObject","inLanguage":"sk-SK","@id":"https:\/\/www.lraloeverashop.eu\/sk\/produkt\/aloe-vera-napoj-broskyna-limitovana-ponuka\/#primaryimage","url":"https:\/\/www.lraloeverashop.eu\/wp-content\/uploads\/2023\/03\/Aloe-Vera-Gel-Peach-2-Pieces-Set.jpeg","contentUrl":"https:\/\/www.lraloeverashop.eu\/wp-content\/uploads\/2023\/03\/Aloe-Vera-Gel-Peach-2-Pieces-Set.jpeg","width":1200,"height":1200,"caption":"Aloe Vera N\u00e1poj Brosky\u0148a obsahuje iba 13,5 kJ na porciu. Vhodn\u00e9 aj pri cukrovke."},{"@type":"BreadcrumbList","@id":"https:\/\/www.lraloeverashop.eu\/sk\/produkt\/aloe-vera-napoj-broskyna-limitovana-ponuka\/#breadcrumb","itemListElement":[{"@type":"ListItem","position":1,"name":"Home","item":"https:\/\/www.lraloeverashop.eu\/sk\/"},{"@type":"ListItem","position":2,"name":"Obchod","item":"https:\/\/www.lraloeverashop.eu\/shop\/"},{"@type":"ListItem","position":3,"name":"Aloe Vera N\u00e1poj Brosky\u0148a Limitovan\u00e1 ponuka 2 f\u013ea\u0161e"}]},{"@type":"WebSite","@id":"https:\/\/www.lraloeverashop.eu\/sk\/#website","url":"https:\/\/www.lraloeverashop.eu\/sk\/","name":"Lr Obchod Aloe Vera","description":"High Quality Lr Aloe Vera Gel, Aloe Vera Cream and Shampoo","publisher":{"@id":"https:\/\/www.lraloeverashop.eu\/sk\/#organization"},"potentialAction":[{"@type":"SearchAction","target":{"@type":"EntryPoint","urlTemplate":"https:\/\/www.lraloeverashop.eu\/sk\/?s={search_term_string}"},"query-input":{"@type":"PropertyValueSpecification","valueRequired":true,"valueName":"search_term_string"}}],"inLanguage":"sk-SK"},{"@type":"Organization","@id":"https:\/\/www.lraloeverashop.eu\/sk\/#organization","name":"Lr Obchod Aloe Vera","alternateName":"LR","url":"https:\/\/www.lraloeverashop.eu\/sk\/","logo":{"@type":"ImageObject","inLanguage":"sk-SK","@id":"https:\/\/www.lraloeverashop.eu\/sk\/#\/schema\/logo\/image\/","url":"https:\/\/www.lraloeverashop.eu\/wp-content\/uploads\/2022\/09\/cropped-Lr-Aloe-Vera-Shop.jpg","contentUrl":"https:\/\/www.lraloeverashop.eu\/wp-content\/uploads\/2022\/09\/cropped-Lr-Aloe-Vera-Shop.jpg","width":228,"height":76,"caption":"Lr Obchod Aloe Vera"},"image":{"@id":"https:\/\/www.lraloeverashop.eu\/sk\/#\/schema\/logo\/image\/"},"sameAs":["https:\/\/www.facebook.com\/lraloeverashop.eu","https:\/\/x.com\/natur__kosmetik","https:\/\/www.youtube.com\/channel\/UC5oN7BJ8nfYb8RpVtjwDEBA","https:\/\/www.instagram.com\/lrbeautyeu\/"],"description":"Obchod Lr Aloe Vera je va\u0161\u00edm d\u00f4veryhodn\u00fdm miestom pre pr\u00e9miov\u00e9 produkty LR Health & Beauty vyroben\u00e9 v Nemecku. Pon\u00fakame vysokokvalitn\u00e9 rie\u0161enia starostlivosti o ple\u0165 s Aloe Vera, v\u00fd\u017eivu a proti starnutiu, vyroben\u00e9 z \u010dist\u00fdch ingredienci\u00ed a podlo\u017een\u00e9 vedeck\u00fdm v\u00fdskumom. Objavte pr\u00edrodn\u00fa starostlivos\u0165, ktor\u00e1 regeneruje, chr\u00e1ni a revitalizuje va\u0161u ple\u0165 \u2013 a vyu\u017eite exkluz\u00edvne mesa\u010dn\u00e9 ponuky na na\u0161e najpred\u00e1vanej\u0161ie produkty LR Aloe Vera.\nZa\u010dnite svoju cestu za pr\u00edrodnou starostlivos\u0165ou o ple\u0165 e\u0161te dnes a poc\u00ed\u0165te rozdiel.","email":"info@lraloeverashop.eu","telephone":"+49 17670609653","legalName":"Lr Aloe Vera Shop","foundingDate":"2018-04-21","numberOfEmployees":{"@type":"QuantitativeValue","minValue":"1","maxValue":"10"}}]},"product_price_amount":"76.99","product_price_currency":"EUR","og_availability":"instock","product_availability":"instock","product_retailer_item_id":"80779-680SK","product_condition":"new"},"taxonomy_info":{"product_cat":[{"value":295,"label":"Aloe Vera G\u00e9ly na pitie"},{"value":438,"label":"\u010crev\u00e1 a Tr\u00e1venie"},{"value":468,"label":"\u0160pecialisti"},{"value":459,"label":"U\u0161etrite v setoch"},{"value":402,"label":"Z\u00e1klad"},{"value":355,"label":"Z\u013eavy"}],"product_tag":[{"value":622,"label":"Detoxika\u010dn\u00e9 n\u00e1poje"}]},"featured_image_src_large":["https:\/\/www.lraloeverashop.eu\/wp-content\/uploads\/2023\/03\/Aloe-Vera-Gel-Peach-2-Pieces-Set-1024x1024.jpeg",1024,1024,true],"author_info":[],"comment_info":0,"_links":{"self":[{"href":"https:\/\/www.lraloeverashop.eu\/sk\/wp-json\/wp\/v2\/product\/13809","targetHints":{"allow":["GET"]}}],"collection":[{"href":"https:\/\/www.lraloeverashop.eu\/sk\/wp-json\/wp\/v2\/product"}],"about":[{"href":"https:\/\/www.lraloeverashop.eu\/sk\/wp-json\/wp\/v2\/types\/product"}],"replies":[{"embeddable":true,"href":"https:\/\/www.lraloeverashop.eu\/sk\/wp-json\/wp\/v2\/comments?post=13809"}],"wp:featuredmedia":[{"embeddable":true,"href":"https:\/\/www.lraloeverashop.eu\/sk\/wp-json\/wp\/v2\/media\/11220"}],"wp:attachment":[{"href":"https:\/\/www.lraloeverashop.eu\/sk\/wp-json\/wp\/v2\/media?parent=13809"}],"wp:term":[{"taxonomy":"product_brand","embeddable":true,"href":"https:\/\/www.lraloeverashop.eu\/sk\/wp-json\/wp\/v2\/product_brand?post=13809"},{"taxonomy":"product_cat","embeddable":true,"href":"https:\/\/www.lraloeverashop.eu\/sk\/wp-json\/wp\/v2\/product_cat?post=13809"},{"taxonomy":"product_tag","embeddable":true,"href":"https:\/\/www.lraloeverashop.eu\/sk\/wp-json\/wp\/v2\/product_tag?post=13809"}],"curies":[{"name":"wp","href":"https:\/\/api.w.org\/{rel}","templated":true}]}}