{"id":13718,"date":"2023-11-01T06:28:15","date_gmt":"2023-11-01T05:28:15","guid":{"rendered":"https:\/\/www.lraloeverashop.eu\/?post_type=product&#038;p=13718"},"modified":"2025-09-12T09:14:51","modified_gmt":"2025-09-12T07:14:51","slug":"gel-sivera-limitovana-ponuka","status":"publish","type":"product","link":"https:\/\/www.lraloeverashop.eu\/sk\/produkt\/gel-sivera-limitovana-ponuka\/","title":{"rendered":"Gel Sivera Limitovan\u00e1 ponuka 2 F\u013ea\u0161e"},"content":{"rendered":"<h2><span style=\"font-size: 16pt;\"><strong>Gel Sivera Limitovan\u00e1 ponuka 2 F\u013ea\u0161e<\/strong><\/span><\/h2>\n<p><span style=\"font-size: 14pt;\"><strong>Gel Sivera Limitovan\u00e1 ponuka 2 F\u013ea\u0161e S 90% Aloe Vera<\/strong><\/span><\/p>\n<p>Gel Sivera sp\u00e1ja pozit\u00edvne vlastnosti Aloe Vera s pr\u00edrodn\u00fdm v\u00fd\u0165a\u017ekom zo \u017eih\u013eavy. Aloe Vera sa pova\u017euje za na\u0161u najd\u00f4le\u017eitej\u0161iu detoxifika\u010dn\u00fa rastlinu na \u010distenie krvi a podporu metabolizmu, tr\u00e1venia a vylu\u010dovania mo\u010du.<\/p>\n<p>Gel Sivera so \u017eih\u013eavou je zdrojom vitam\u00ednu A, C, E, \u017eeleza, hor\u010d\u00edka, v\u00e1pnika, histam\u00ednu a lute\u00ednu. Krem\u00edk je druh\u00fd najroz\u0161\u00edrenej\u0161\u00ed prvok na svete po kysl\u00edku. Celkovo m\u00e1me v strave nedostatok krem\u00edka. Obsah krem\u00edka v p\u00f4de za posledn\u00fdch 20 rokov klesol minim\u00e1lne o 80%.<\/p>\n<p>Sivera obsahuje trojmocn\u00fd monometylsilan. Krem\u00edk dok\u00e1\u017ee v bunke zadr\u017ea\u0165 tekutinu, chr\u00e1ni ko\u017eu pred ochabnut\u00edm, je v\u00fdznamnou zlo\u017ekou v\u0161etk\u00fdch svalov, \u0161liach, chrupaviek, kost\u00ed, v\u00e4zov, cievnych stien a kolag\u00e9nu v ko\u017ei. Je sladen\u00fd nektarov\u00fdm medom 7%.<\/p>\n<p>&nbsp;<\/p>\n<h3><span style=\"font-size: 16pt;\"><strong>Gel Sivera a jeho \u00fa\u010dinky<\/strong><\/span><\/h3>\n<ul>\n<li>Sivera sa odpor\u00fa\u010da ka\u017ed\u00e9mu po \u0161tyridsiatke<\/li>\n<li>Detoxikuje, moduluje imunitu a <a href=\"https:\/\/www.lraloeverashop.eu\/sk\/aloe-vera-napoj-od-lr-health-beauty\/\">regeneruje organizmus<\/a>.<\/li>\n<li>Zni\u017euje hladinu LDL cholesterolu a tukov v krvi.<\/li>\n<li>Zni\u017euje hladinu krvn\u00e9ho cukru.<\/li>\n<li>Porovn\u00e1va &#8211; moduluje krvn\u00fd tlak.<\/li>\n<li>Vzh\u013eadom na obsah histam\u00ednu \u00fa\u010dinnej\u0161ie pre alergikov<\/li>\n<li>V\u0161ade, kde s\u00fa probl\u00e9my s pru\u017enos\u0165ou cievnych stien (k\u0155\u010dov\u00e9 \u017eily, hemoroidy, metli\u010dky, ve\u013ek\u00e1 tvorba modr\u00edn, r\u016f\u017eovka, krv\u00e1canie z \u010fasien)<\/li>\n<li>\u00fa\u010dinn\u00fd pr\u00edpravok na srdcovo-cievne ochorenia, aterioskler\u00f3zu<\/li>\n<li>Na glauk\u00f3m (vn\u00fatroo\u010dn\u00fd tlak), funguj\u00fa tu v\u0161etky druhy, ale najr\u00fdchlej\u0161\u00ed \u00fa\u010dinky na probl\u00e9my zo zrakom m\u00e1 Sivera<\/li>\n<li>U \u013eud\u00ed s genetickou z\u00e1\u0165a\u017eou tromb\u00f3zy (<strong><span style=\"color: #ff0000;\">neodpor\u00fa\u010da sa pre pacientov, ktor\u00ed u\u017e\u00edvaj\u00fa warfar\u00edn &#8211; liek na riedenie krvi.<\/span><\/strong>) Vitam\u00edn K ktor\u00fd obsahuje g\u00e9l Sivera by zni\u017eoval \u00fa\u010dinok lieku. Odpor\u00fa\u010daj\u00fa sa v\u0161etky 3 \u010fal\u0161ie druhy <strong>Aloe Vera g\u00e9lov<\/strong>!<\/li>\n<li>pre deti v raste (najm\u00e4 deti v dospievan\u00ed, ak prudko rast\u00fa a maj\u00fa rastov\u00e9 bolesti)<\/li>\n<li>na kozmetick\u00e9 \u00fa\u010dely (pre lep\u0161iu ple\u0165, poko\u017eku, vlasy, nechty)<\/li>\n<li>pre svaly, \u0161\u013eachy, medzistavcov\u00e9 platni\u010dky (mo\u017eno prestrieda\u0165 s Freedomu)<\/li>\n<li>pri osteopor\u00f3ze treba prejs\u0165 na <strong>Aloe Vera g\u00e9l Freedom<\/strong><\/li>\n<\/ul>\n<p>&nbsp;<\/p>\n<h4><span style=\"font-size: 16pt;\"><strong>Aloe Vera Gel Sivera &#8211; Odpor\u00fa\u010dane davkovanie<\/strong><\/span><\/h4>\n<p>30 ml Aloe Vera Sivera 3x denne, najlep\u0161ie pred jedlom (ak je to potrebn\u00e9, zriedi\u0165 vodou alebo ovocn\u00fdm d\u017e\u00fasom). Pred pou\u017eit\u00edm dobre pretrepte.<\/p>\n<p><strong>Recept:<\/strong> Vysk\u00fa\u0161ajte Aloe Vera Gel Intense Sivera s poh\u00e1rom pomaran\u010dov\u00e9ho d\u017e\u00fasu alebo zmie\u0161ajte g\u00e9l v \u010derstvo namie\u0161anom smoothie s mno\u017estvom zdrav\u00e9ho ovocia a zeleniny.<\/p>\n<p>Pred pou\u017eit\u00edm dobre pretrepte. Po otvoren\u00ed skladujte v chladni\u010dke a r\u00fdchlo spotrebujte. Odpor\u00fa\u010dan\u00e1 denn\u00e1 d\u00e1vka sa nem\u00e1 prekro\u010di\u0165. Doplnky v\u00fd\u017eivy nie s\u00fa n\u00e1hradou pestrej a vyv\u00e1\u017eenej stravy, ktor\u00e1 je d\u00f4le\u017eit\u00e1 v spojen\u00ed so zdrav\u00fdm \u017eivotn\u00fdm \u0161t\u00fdlom. Uchov\u00e1vajte v\u00fdrobok mimo dosahu mal\u00fdch det\u00ed.<\/p>\n<p>&nbsp;<\/p>\n<p><strong>Aloe vera g\u00e9l Sivera nem\u00e1 na trhu ekvivalentn\u00fd produkt, ktor\u00fd sa vyrovn\u00e1 jeho \u00fa\u010dinkom.<\/strong><\/p>\n<p>Vedeck\u00fd v\u00fdskum je z\u00e1kladom inovat\u00edvnych koncepci\u00ed produktov. To je d\u00f4vod, pre\u010do <strong>L<\/strong><strong>R<\/strong> investuje ve\u013ea \u010dasu a pe\u0148az\u00ed, aby udr\u017eal aktu\u00e1lne inform\u00e1cie o vede a v\u00fdskume. Lr Aloe Vera Napoj Sivera je len jedn\u00fdm pr\u00edkladom toho, ako Lr kombinuje cenn\u00e9 pr\u00edrodn\u00e9 zlo\u017eky a produkuje pre v\u00e1s najvy\u0161\u0161iu kvalitu v\u00fdrobkov z <strong>Aloe Vera<\/strong>.<\/p>\n","protected":false},"excerpt":{"rendered":"<ul>\n<li><span style=\"color: #ff0000;\"><strong>Limitovan\u00e1 ponuka<\/strong><\/span><\/li>\n<li>90% \u010dist\u00fd listov\u00fd g\u00e9l z aloe vera<\/li>\n<li>7% medu z kvetov<\/li>\n<li>\u00fa\u010dinn\u00fd na k\u0155\u010dov\u00e9 \u017eily, hemoroidy, ve\u013ek\u00e1 tvorba modr\u00edn, r\u016f\u017eovka, krv\u00e1canie z \u010fasien<\/li>\n<li>S v\u00fd\u0165a\u017ekom zo \u017eih\u013eavy pre vysok\u00fd obsahom pr\u00edrodn\u00e9ho krem\u00edka<\/li>\n<li>Obsah: 2 x 1000 ml<\/li>\n<\/ul>\n<p>&nbsp;<\/p>\n","protected":false},"featured_media":13728,"comment_status":"open","ping_status":"closed","template":"","meta":{"_kad_blocks_custom_css":"","_kad_blocks_head_custom_js":"","_kad_blocks_body_custom_js":"","_kad_blocks_footer_custom_js":"","_kadence_starter_templates_imported_post":false,"_kad_post_transparent":"default","_kad_post_title":"","_kad_post_layout":"default","_kad_post_sidebar_id":"","_kad_post_content_style":"default","_kad_post_vertical_padding":"default","_kad_post_feature":"","_kad_post_feature_position":"","_kad_post_header":false,"_kad_post_footer":false,"_kad_post_classname":""},"product_brand":[],"product_cat":[295,438,468,426,459,402,355],"product_tag":[622],"class_list":{"0":"post-13718","1":"product","2":"type-product","3":"status-publish","4":"has-post-thumbnail","6":"product_cat-gely-na-pitie","7":"product_cat-creva-a-travenie","8":"product_cat-specialista","9":"product_cat-srdce-a-krvny-obeh","10":"product_cat-usetrite-v-setoch","11":"product_cat-zaklad","12":"product_cat-zlavy","13":"product_tag-detoxikacne-napoje","15":"first","16":"instock","17":"sale","18":"taxable","19":"shipping-taxable","20":"purchasable","21":"product-type-simple","22":"entry","23":"content-bg","24":"loop-entry"},"yoast_head":"<!-- This site is optimized with the Yoast SEO Premium plugin v27.4 (Yoast SEO v27.4) - https:\/\/yoast.com\/product\/yoast-seo-premium-wordpress\/ -->\n<title>Gel Sivera Limitovan\u00e1 ponuka 2 kusy s 90% aloe vera<\/title>\n<meta name=\"description\" content=\"Vysk\u00fa\u0161ajte Gel Sivera s poh\u00e1rom pomaran\u010dov\u00e9ho d\u017e\u00fasu, alebo zmie\u0161ajte g\u00e9l do \u010derstvo rozmixovan\u00e9ho smoothie s mno\u017estvom zdrav\u00e9ho ovocia a zeleniny.\" \/>\n<meta name=\"robots\" content=\"index, follow, max-snippet:-1, max-image-preview:large, max-video-preview:-1\" \/>\n<link rel=\"canonical\" href=\"https:\/\/www.lraloeverashop.eu\/sk\/produkt\/gel-sivera-limitovana-ponuka\/\" \/>\n<meta property=\"og:locale\" content=\"sk_SK\" \/>\n<meta property=\"og:type\" content=\"article\" \/>\n<meta property=\"og:title\" content=\"Gel Sivera Limitovan\u00e1 ponuka 2 F\u013ea\u0161e\" \/>\n<meta property=\"og:description\" content=\"Vysk\u00fa\u0161ajte Gel Sivera s poh\u00e1rom pomaran\u010dov\u00e9ho d\u017e\u00fasu, alebo zmie\u0161ajte g\u00e9l do \u010derstvo rozmixovan\u00e9ho smoothie s mno\u017estvom zdrav\u00e9ho ovocia a zeleniny.\" \/>\n<meta property=\"og:url\" content=\"https:\/\/www.lraloeverashop.eu\/sk\/produkt\/gel-sivera-limitovana-ponuka\/\" \/>\n<meta property=\"og:site_name\" content=\"Lr Obchod Aloe Vera\" \/>\n<meta property=\"article:publisher\" content=\"https:\/\/www.facebook.com\/lraloeverashop.eu\" \/>\n<meta property=\"article:modified_time\" content=\"2025-09-12T07:14:51+00:00\" \/>\n<meta property=\"og:image\" content=\"https:\/\/www.lraloeverashop.eu\/wp-content\/uploads\/2023\/11\/Drinking-gel-sivera-2-er-set-limited.jpg\" \/>\n\t<meta property=\"og:image:width\" content=\"1200\" \/>\n\t<meta property=\"og:image:height\" content=\"1200\" \/>\n\t<meta property=\"og:image:type\" content=\"image\/jpeg\" \/>\n<meta name=\"twitter:card\" content=\"summary_large_image\" \/>\n<meta name=\"twitter:site\" content=\"@natur__kosmetik\" \/>\n<script type=\"application\/ld+json\" class=\"yoast-schema-graph\">{\"@context\":\"https:\\\/\\\/schema.org\",\"@graph\":[{\"@type\":[\"WebPage\",\"ItemPage\"],\"@id\":\"https:\\\/\\\/www.lraloeverashop.eu\\\/sk\\\/produkt\\\/gel-sivera-limitovana-ponuka\\\/\",\"url\":\"https:\\\/\\\/www.lraloeverashop.eu\\\/sk\\\/produkt\\\/gel-sivera-limitovana-ponuka\\\/\",\"name\":\"Gel Sivera Limitovan\u00e1 ponuka 2 kusy s 90% aloe vera\",\"isPartOf\":{\"@id\":\"https:\\\/\\\/www.lraloeverashop.eu\\\/sk\\\/#website\"},\"primaryImageOfPage\":{\"@id\":\"https:\\\/\\\/www.lraloeverashop.eu\\\/sk\\\/produkt\\\/gel-sivera-limitovana-ponuka\\\/#primaryimage\"},\"image\":{\"@id\":\"https:\\\/\\\/www.lraloeverashop.eu\\\/sk\\\/produkt\\\/gel-sivera-limitovana-ponuka\\\/#primaryimage\"},\"thumbnailUrl\":\"https:\\\/\\\/www.lraloeverashop.eu\\\/wp-content\\\/uploads\\\/2023\\\/11\\\/Drinking-gel-sivera-2-er-set-limited.jpg\",\"datePublished\":\"2023-11-01T05:28:15+00:00\",\"dateModified\":\"2025-09-12T07:14:51+00:00\",\"description\":\"Vysk\u00fa\u0161ajte Gel Sivera s poh\u00e1rom pomaran\u010dov\u00e9ho d\u017e\u00fasu, alebo zmie\u0161ajte g\u00e9l do \u010derstvo rozmixovan\u00e9ho smoothie s mno\u017estvom zdrav\u00e9ho ovocia a zeleniny.\",\"breadcrumb\":{\"@id\":\"https:\\\/\\\/www.lraloeverashop.eu\\\/sk\\\/produkt\\\/gel-sivera-limitovana-ponuka\\\/#breadcrumb\"},\"inLanguage\":\"sk-SK\",\"potentialAction\":[{\"@type\":\"ReadAction\",\"target\":[\"https:\\\/\\\/www.lraloeverashop.eu\\\/sk\\\/produkt\\\/gel-sivera-limitovana-ponuka\\\/\"]}]},{\"@type\":\"ImageObject\",\"inLanguage\":\"sk-SK\",\"@id\":\"https:\\\/\\\/www.lraloeverashop.eu\\\/sk\\\/produkt\\\/gel-sivera-limitovana-ponuka\\\/#primaryimage\",\"url\":\"https:\\\/\\\/www.lraloeverashop.eu\\\/wp-content\\\/uploads\\\/2023\\\/11\\\/Drinking-gel-sivera-2-er-set-limited.jpg\",\"contentUrl\":\"https:\\\/\\\/www.lraloeverashop.eu\\\/wp-content\\\/uploads\\\/2023\\\/11\\\/Drinking-gel-sivera-2-er-set-limited.jpg\",\"width\":1200,\"height\":1200,\"caption\":\"Drinking gel sivera 2 er set limited\"},{\"@type\":\"BreadcrumbList\",\"@id\":\"https:\\\/\\\/www.lraloeverashop.eu\\\/sk\\\/produkt\\\/gel-sivera-limitovana-ponuka\\\/#breadcrumb\",\"itemListElement\":[{\"@type\":\"ListItem\",\"position\":1,\"name\":\"Home\",\"item\":\"https:\\\/\\\/www.lraloeverashop.eu\\\/sk\\\/\"},{\"@type\":\"ListItem\",\"position\":2,\"name\":\"Obchod\",\"item\":\"https:\\\/\\\/www.lraloeverashop.eu\\\/shop\\\/\"},{\"@type\":\"ListItem\",\"position\":3,\"name\":\"Gel Sivera Limitovan\u00e1 ponuka 2 F\u013ea\u0161e\"}]},{\"@type\":\"WebSite\",\"@id\":\"https:\\\/\\\/www.lraloeverashop.eu\\\/sk\\\/#website\",\"url\":\"https:\\\/\\\/www.lraloeverashop.eu\\\/sk\\\/\",\"name\":\"Lr Obchod Aloe Vera\",\"description\":\"High Quality Lr Aloe Vera Gel, Aloe Vera Cream and Shampoo\",\"publisher\":{\"@id\":\"https:\\\/\\\/www.lraloeverashop.eu\\\/sk\\\/#organization\"},\"potentialAction\":[{\"@type\":\"SearchAction\",\"target\":{\"@type\":\"EntryPoint\",\"urlTemplate\":\"https:\\\/\\\/www.lraloeverashop.eu\\\/sk\\\/?s={search_term_string}\"},\"query-input\":{\"@type\":\"PropertyValueSpecification\",\"valueRequired\":true,\"valueName\":\"search_term_string\"}}],\"inLanguage\":\"sk-SK\"},{\"@type\":\"Organization\",\"@id\":\"https:\\\/\\\/www.lraloeverashop.eu\\\/sk\\\/#organization\",\"name\":\"Lr Obchod Aloe Vera\",\"alternateName\":\"LR\",\"url\":\"https:\\\/\\\/www.lraloeverashop.eu\\\/sk\\\/\",\"logo\":{\"@type\":\"ImageObject\",\"inLanguage\":\"sk-SK\",\"@id\":\"https:\\\/\\\/www.lraloeverashop.eu\\\/sk\\\/#\\\/schema\\\/logo\\\/image\\\/\",\"url\":\"https:\\\/\\\/www.lraloeverashop.eu\\\/wp-content\\\/uploads\\\/2022\\\/09\\\/cropped-Lr-Aloe-Vera-Shop.jpg\",\"contentUrl\":\"https:\\\/\\\/www.lraloeverashop.eu\\\/wp-content\\\/uploads\\\/2022\\\/09\\\/cropped-Lr-Aloe-Vera-Shop.jpg\",\"width\":228,\"height\":76,\"caption\":\"Lr Obchod Aloe Vera\"},\"image\":{\"@id\":\"https:\\\/\\\/www.lraloeverashop.eu\\\/sk\\\/#\\\/schema\\\/logo\\\/image\\\/\"},\"sameAs\":[\"https:\\\/\\\/www.facebook.com\\\/lraloeverashop.eu\",\"https:\\\/\\\/x.com\\\/natur__kosmetik\",\"https:\\\/\\\/www.youtube.com\\\/channel\\\/UC5oN7BJ8nfYb8RpVtjwDEBA\",\"https:\\\/\\\/www.instagram.com\\\/lrbeautyeu\\\/\"],\"description\":\"Obchod Lr Aloe Vera je va\u0161\u00edm d\u00f4veryhodn\u00fdm miestom pre pr\u00e9miov\u00e9 produkty LR Health & Beauty vyroben\u00e9 v Nemecku. Pon\u00fakame vysokokvalitn\u00e9 rie\u0161enia starostlivosti o ple\u0165 s Aloe Vera, v\u00fd\u017eivu a proti starnutiu, vyroben\u00e9 z \u010dist\u00fdch ingredienci\u00ed a podlo\u017een\u00e9 vedeck\u00fdm v\u00fdskumom. Objavte pr\u00edrodn\u00fa starostlivos\u0165, ktor\u00e1 regeneruje, chr\u00e1ni a revitalizuje va\u0161u ple\u0165 \u2013 a vyu\u017eite exkluz\u00edvne mesa\u010dn\u00e9 ponuky na na\u0161e najpred\u00e1vanej\u0161ie produkty LR Aloe Vera.\\nZa\u010dnite svoju cestu za pr\u00edrodnou starostlivos\u0165ou o ple\u0165 e\u0161te dnes a poc\u00ed\u0165te rozdiel.\",\"email\":\"info@lraloeverashop.eu\",\"telephone\":\"+49 17670609653\",\"legalName\":\"Lr Aloe Vera Shop\",\"foundingDate\":\"2018-04-21\",\"numberOfEmployees\":{\"@type\":\"QuantitativeValue\",\"minValue\":\"1\",\"maxValue\":\"10\"}}]}<\/script>\n<meta property=\"product:price:amount\" content=\"86.99\" \/>\n<meta property=\"product:price:currency\" content=\"EUR\" \/>\n<meta property=\"og:availability\" content=\"instock\" \/>\n<meta property=\"product:availability\" content=\"instock\" \/>\n<meta property=\"product:retailer_item_id\" content=\"80802-781SK\" \/>\n<meta property=\"product:condition\" content=\"new\" \/>\n<!-- \/ Yoast SEO Premium plugin. -->","yoast_head_json":{"title":"Gel Sivera Limitovan\u00e1 ponuka 2 kusy s 90% aloe vera","description":"Vysk\u00fa\u0161ajte Gel Sivera s poh\u00e1rom pomaran\u010dov\u00e9ho d\u017e\u00fasu, alebo zmie\u0161ajte g\u00e9l do \u010derstvo rozmixovan\u00e9ho smoothie s mno\u017estvom zdrav\u00e9ho ovocia a zeleniny.","robots":{"index":"index","follow":"follow","max-snippet":"max-snippet:-1","max-image-preview":"max-image-preview:large","max-video-preview":"max-video-preview:-1"},"canonical":"https:\/\/www.lraloeverashop.eu\/sk\/produkt\/gel-sivera-limitovana-ponuka\/","og_locale":"sk_SK","og_type":"article","og_title":"Gel Sivera Limitovan\u00e1 ponuka 2 F\u013ea\u0161e","og_description":"Vysk\u00fa\u0161ajte Gel Sivera s poh\u00e1rom pomaran\u010dov\u00e9ho d\u017e\u00fasu, alebo zmie\u0161ajte g\u00e9l do \u010derstvo rozmixovan\u00e9ho smoothie s mno\u017estvom zdrav\u00e9ho ovocia a zeleniny.","og_url":"https:\/\/www.lraloeverashop.eu\/sk\/produkt\/gel-sivera-limitovana-ponuka\/","og_site_name":"Lr Obchod Aloe Vera","article_publisher":"https:\/\/www.facebook.com\/lraloeverashop.eu","article_modified_time":"2025-09-12T07:14:51+00:00","og_image":[{"width":1200,"height":1200,"url":"https:\/\/www.lraloeverashop.eu\/wp-content\/uploads\/2023\/11\/Drinking-gel-sivera-2-er-set-limited.jpg","type":"image\/jpeg"}],"twitter_card":"summary_large_image","twitter_site":"@natur__kosmetik","schema":{"@context":"https:\/\/schema.org","@graph":[{"@type":["WebPage","ItemPage"],"@id":"https:\/\/www.lraloeverashop.eu\/sk\/produkt\/gel-sivera-limitovana-ponuka\/","url":"https:\/\/www.lraloeverashop.eu\/sk\/produkt\/gel-sivera-limitovana-ponuka\/","name":"Gel Sivera Limitovan\u00e1 ponuka 2 kusy s 90% aloe vera","isPartOf":{"@id":"https:\/\/www.lraloeverashop.eu\/sk\/#website"},"primaryImageOfPage":{"@id":"https:\/\/www.lraloeverashop.eu\/sk\/produkt\/gel-sivera-limitovana-ponuka\/#primaryimage"},"image":{"@id":"https:\/\/www.lraloeverashop.eu\/sk\/produkt\/gel-sivera-limitovana-ponuka\/#primaryimage"},"thumbnailUrl":"https:\/\/www.lraloeverashop.eu\/wp-content\/uploads\/2023\/11\/Drinking-gel-sivera-2-er-set-limited.jpg","datePublished":"2023-11-01T05:28:15+00:00","dateModified":"2025-09-12T07:14:51+00:00","description":"Vysk\u00fa\u0161ajte Gel Sivera s poh\u00e1rom pomaran\u010dov\u00e9ho d\u017e\u00fasu, alebo zmie\u0161ajte g\u00e9l do \u010derstvo rozmixovan\u00e9ho smoothie s mno\u017estvom zdrav\u00e9ho ovocia a zeleniny.","breadcrumb":{"@id":"https:\/\/www.lraloeverashop.eu\/sk\/produkt\/gel-sivera-limitovana-ponuka\/#breadcrumb"},"inLanguage":"sk-SK","potentialAction":[{"@type":"ReadAction","target":["https:\/\/www.lraloeverashop.eu\/sk\/produkt\/gel-sivera-limitovana-ponuka\/"]}]},{"@type":"ImageObject","inLanguage":"sk-SK","@id":"https:\/\/www.lraloeverashop.eu\/sk\/produkt\/gel-sivera-limitovana-ponuka\/#primaryimage","url":"https:\/\/www.lraloeverashop.eu\/wp-content\/uploads\/2023\/11\/Drinking-gel-sivera-2-er-set-limited.jpg","contentUrl":"https:\/\/www.lraloeverashop.eu\/wp-content\/uploads\/2023\/11\/Drinking-gel-sivera-2-er-set-limited.jpg","width":1200,"height":1200,"caption":"Drinking gel sivera 2 er set limited"},{"@type":"BreadcrumbList","@id":"https:\/\/www.lraloeverashop.eu\/sk\/produkt\/gel-sivera-limitovana-ponuka\/#breadcrumb","itemListElement":[{"@type":"ListItem","position":1,"name":"Home","item":"https:\/\/www.lraloeverashop.eu\/sk\/"},{"@type":"ListItem","position":2,"name":"Obchod","item":"https:\/\/www.lraloeverashop.eu\/shop\/"},{"@type":"ListItem","position":3,"name":"Gel Sivera Limitovan\u00e1 ponuka 2 F\u013ea\u0161e"}]},{"@type":"WebSite","@id":"https:\/\/www.lraloeverashop.eu\/sk\/#website","url":"https:\/\/www.lraloeverashop.eu\/sk\/","name":"Lr Obchod Aloe Vera","description":"High Quality Lr Aloe Vera Gel, Aloe Vera Cream and Shampoo","publisher":{"@id":"https:\/\/www.lraloeverashop.eu\/sk\/#organization"},"potentialAction":[{"@type":"SearchAction","target":{"@type":"EntryPoint","urlTemplate":"https:\/\/www.lraloeverashop.eu\/sk\/?s={search_term_string}"},"query-input":{"@type":"PropertyValueSpecification","valueRequired":true,"valueName":"search_term_string"}}],"inLanguage":"sk-SK"},{"@type":"Organization","@id":"https:\/\/www.lraloeverashop.eu\/sk\/#organization","name":"Lr Obchod Aloe Vera","alternateName":"LR","url":"https:\/\/www.lraloeverashop.eu\/sk\/","logo":{"@type":"ImageObject","inLanguage":"sk-SK","@id":"https:\/\/www.lraloeverashop.eu\/sk\/#\/schema\/logo\/image\/","url":"https:\/\/www.lraloeverashop.eu\/wp-content\/uploads\/2022\/09\/cropped-Lr-Aloe-Vera-Shop.jpg","contentUrl":"https:\/\/www.lraloeverashop.eu\/wp-content\/uploads\/2022\/09\/cropped-Lr-Aloe-Vera-Shop.jpg","width":228,"height":76,"caption":"Lr Obchod Aloe Vera"},"image":{"@id":"https:\/\/www.lraloeverashop.eu\/sk\/#\/schema\/logo\/image\/"},"sameAs":["https:\/\/www.facebook.com\/lraloeverashop.eu","https:\/\/x.com\/natur__kosmetik","https:\/\/www.youtube.com\/channel\/UC5oN7BJ8nfYb8RpVtjwDEBA","https:\/\/www.instagram.com\/lrbeautyeu\/"],"description":"Obchod Lr Aloe Vera je va\u0161\u00edm d\u00f4veryhodn\u00fdm miestom pre pr\u00e9miov\u00e9 produkty LR Health & Beauty vyroben\u00e9 v Nemecku. Pon\u00fakame vysokokvalitn\u00e9 rie\u0161enia starostlivosti o ple\u0165 s Aloe Vera, v\u00fd\u017eivu a proti starnutiu, vyroben\u00e9 z \u010dist\u00fdch ingredienci\u00ed a podlo\u017een\u00e9 vedeck\u00fdm v\u00fdskumom. Objavte pr\u00edrodn\u00fa starostlivos\u0165, ktor\u00e1 regeneruje, chr\u00e1ni a revitalizuje va\u0161u ple\u0165 \u2013 a vyu\u017eite exkluz\u00edvne mesa\u010dn\u00e9 ponuky na na\u0161e najpred\u00e1vanej\u0161ie produkty LR Aloe Vera.\nZa\u010dnite svoju cestu za pr\u00edrodnou starostlivos\u0165ou o ple\u0165 e\u0161te dnes a poc\u00ed\u0165te rozdiel.","email":"info@lraloeverashop.eu","telephone":"+49 17670609653","legalName":"Lr Aloe Vera Shop","foundingDate":"2018-04-21","numberOfEmployees":{"@type":"QuantitativeValue","minValue":"1","maxValue":"10"}}]},"product_price_amount":"86.99","product_price_currency":"EUR","og_availability":"instock","product_availability":"instock","product_retailer_item_id":"80802-781SK","product_condition":"new"},"taxonomy_info":{"product_cat":[{"value":295,"label":"Aloe Vera G\u00e9ly na pitie"},{"value":438,"label":"\u010crev\u00e1 a Tr\u00e1venie"},{"value":468,"label":"\u0160pecialisti"},{"value":426,"label":"Srdce a Krvn\u00fd Obeh"},{"value":459,"label":"U\u0161etrite v setoch"},{"value":402,"label":"Z\u00e1klad"},{"value":355,"label":"Z\u013eavy"}],"product_tag":[{"value":622,"label":"Detoxika\u010dn\u00e9 n\u00e1poje"}]},"featured_image_src_large":["https:\/\/www.lraloeverashop.eu\/wp-content\/uploads\/2023\/11\/Drinking-gel-sivera-2-er-set-limited-1024x1024.jpg",1024,1024,true],"author_info":[],"comment_info":0,"_links":{"self":[{"href":"https:\/\/www.lraloeverashop.eu\/sk\/wp-json\/wp\/v2\/product\/13718","targetHints":{"allow":["GET"]}}],"collection":[{"href":"https:\/\/www.lraloeverashop.eu\/sk\/wp-json\/wp\/v2\/product"}],"about":[{"href":"https:\/\/www.lraloeverashop.eu\/sk\/wp-json\/wp\/v2\/types\/product"}],"replies":[{"embeddable":true,"href":"https:\/\/www.lraloeverashop.eu\/sk\/wp-json\/wp\/v2\/comments?post=13718"}],"wp:featuredmedia":[{"embeddable":true,"href":"https:\/\/www.lraloeverashop.eu\/sk\/wp-json\/wp\/v2\/media\/13728"}],"wp:attachment":[{"href":"https:\/\/www.lraloeverashop.eu\/sk\/wp-json\/wp\/v2\/media?parent=13718"}],"wp:term":[{"taxonomy":"product_brand","embeddable":true,"href":"https:\/\/www.lraloeverashop.eu\/sk\/wp-json\/wp\/v2\/product_brand?post=13718"},{"taxonomy":"product_cat","embeddable":true,"href":"https:\/\/www.lraloeverashop.eu\/sk\/wp-json\/wp\/v2\/product_cat?post=13718"},{"taxonomy":"product_tag","embeddable":true,"href":"https:\/\/www.lraloeverashop.eu\/sk\/wp-json\/wp\/v2\/product_tag?post=13718"}],"curies":[{"name":"wp","href":"https:\/\/api.w.org\/{rel}","templated":true}]}}