{"id":11905,"date":"2023-04-02T07:35:07","date_gmt":"2023-04-02T05:35:07","guid":{"rendered":"https:\/\/www.lraloeverashop.eu\/?post_type=product&#038;p=11905"},"modified":"2026-02-18T19:11:08","modified_gmt":"2026-02-18T18:11:08","slug":"zubna-pasta-bez-fluoridu-aloe-vera","status":"publish","type":"product","link":"https:\/\/www.lraloeverashop.eu\/sk\/produkt\/zubna-pasta-bez-fluoridu-aloe-vera\/","title":{"rendered":"Zubna Pasta Bez Fluoridu Aloe Vera"},"content":{"rendered":"<h2><span style=\"font-size: 16pt;\"><strong>Zubna Pasta Bez Fluoridu Aloe Vera<\/strong><\/span><\/h2>\n<p><span style=\"font-size: 14pt;\"><strong>Zubna Pasta Bez Fluoridu Aloe Vera pre pr\u00edjemn\u00fd pocit svie\u017eosti<\/strong><\/span><\/p>\n<p>Pr\u00edpravok na starostlivos\u0165 o \u00fastnu dutinu bez fluoridu vo forme hydrog\u00e9lu na jemn\u00e9 a d\u00f4kladn\u00e9 \u010distenie \u010fasien a zubov. Zabra\u0148uje tvorbe zubn\u00e9ho povlaku a poskytuje svie\u017ei pocit v \u00fastach. Podporuje <a href=\"https:\/\/www.lraloeverashop.eu\/sk\/produkt\/aloe-vera-extra-sviezia-zubna-pasta\/\">zdrav\u00e9 \u010fasn\u00e1<\/a>, jasn\u00e9 zuby a svie\u017ei dych. So 43 % aloe vera a extraktom z echinacey.<\/p>\n<p>Zubna Pasta Bez Fluoridu s Aloe Vera jemne \u010dist\u00ed zuby a \u00fastnu dutinu od st\u00f4p potravy a zubn\u00e9ho povlaku, ktor\u00e9 m\u00f4\u017eu sp\u00f4sobi\u0165 kaz a z\u00e1pal \u010fasien. Zanech\u00e1va \u010dist\u00e9 a chladn\u00e9 d\u00fdchanie.<\/p>\n<p>&nbsp;<\/p>\n<p>Kombin\u00e1cia propolisov\u00e9ho vosku a extraktu z echinacey pom\u00e1ha udr\u017eiava\u0165 zdrav\u00e9 \u010fasn\u00e1 pri \u010disten\u00ed zubov.<\/p>\n<p>Pre ve\u013emi citliv\u00e9 zuby a \u010fasn\u00e1 pou\u017e\u00edvajte zubn\u00fa pastu <a href=\"https:\/\/www.lraloeverashop.eu\/sk\/produkt\/aloe-vera-ochranna-zubna-pasta\/\">Sensitive s fluoridom<\/a> zo s\u00e9rie Lr Aloe Vera.<\/p>\n<p>&nbsp;<\/p>\n<h3><span style=\"font-size: 16pt;\"><strong>Ako pou\u017e\u00edva\u0165<\/strong><\/span><\/h3>\n<p>Odpor\u00fa\u010da sa \u010disti\u0165 si zuby dvakr\u00e1t alebo trikr\u00e1t denne a po jedle. Aby ste si boli ist\u00ed, \u017ee ste odstr\u00e1nili v\u0161etky zvy\u0161ky, ka\u017ed\u00e9 \u010distenie by malo trva\u0165 aspo\u0148 dve a\u017e tri min\u00faty.<\/p>\n<p>&nbsp;<\/p>\n<h4><span style=\"font-size: 16pt;\"><strong>Vedeli ste?<\/strong><\/span><\/h4>\n<p>Po konzum\u00e1cii kysl\u00fdch potrav\u00edn alebo n\u00e1pojov, ako je v\u00edno, citrusov\u00e9 ovocie, ovocn\u00e1 \u0161\u0165ava, jogurt alebo \u0161al\u00e1t s olejov\u00fdm a octov\u00fdm dresingom, po\u010dkajte aspo\u0148 pol hodiny pred \u010disten\u00edm zubov. Kyselina z potravy m\u00f4\u017ee rozp\u00fa\u0161\u0165a\u0165 miner\u00e1ly zo zubnej skloviny. Po kr\u00e1tkom \u010dase m\u00f4\u017ee by\u0165 povrch zuba remineralizovan\u00fd pomocou sl\u00edn.<\/p>\n","protected":false},"excerpt":{"rendered":"<ul>\n<li><strong><span style=\"color: #ff0000;\">Limitovan\u00e1 ponuka<\/span><\/strong><\/li>\n<li>So 43% Aloe Vera<\/li>\n<li>S extraktom Echinacea<\/li>\n<li>Bez Fluoru<\/li>\n<li>Pon\u00faka \u00fapln\u00e9 \u010distenie zubov a \u010fasien<\/li>\n<li>Pon\u00faka pr\u00edjemn\u00fd pocit svie\u017eosti<\/li>\n<li>Obsah: 2 x 100 ml<\/li>\n<\/ul>\n<p>&nbsp;<\/p>\n","protected":false},"featured_media":11865,"comment_status":"open","ping_status":"closed","template":"","meta":{"_kad_blocks_custom_css":"","_kad_blocks_head_custom_js":"","_kad_blocks_body_custom_js":"","_kad_blocks_footer_custom_js":"","_kadence_starter_templates_imported_post":false,"_kad_post_transparent":"default","_kad_post_title":"","_kad_post_layout":"default","_kad_post_sidebar_id":"","_kad_post_content_style":"default","_kad_post_vertical_padding":"default","_kad_post_feature":"","_kad_post_feature_position":"","_kad_post_header":false,"_kad_post_footer":false,"_kad_post_classname":""},"product_brand":[],"product_cat":[216,355,258],"product_tag":[562,567],"class_list":{"0":"post-11905","1":"product","2":"type-product","3":"status-publish","4":"has-post-thumbnail","6":"product_cat-aloe-vera-sk","7":"product_cat-zlavy","8":"product_cat-zubna-starostlivost","9":"product_tag-dasna","10":"product_tag-zuby","12":"first","13":"outofstock","14":"sale","15":"taxable","16":"shipping-taxable","17":"purchasable","18":"product-type-simple","19":"entry","20":"content-bg","21":"loop-entry"},"yoast_head":"<!-- This site is optimized with the Yoast SEO Premium plugin v27.3 (Yoast SEO v27.3) - https:\/\/yoast.com\/product\/yoast-seo-premium-wordpress\/ -->\n<title>Zubna Pasta Bez Fluoridu Aloe Vera pre pr\u00edjemn\u00fd pocit svie\u017eosti<\/title>\n<meta name=\"description\" content=\"Zubna Pasta Bez Fluoridu so 43% Aloe Vera Gelom a extraktom z echinacey jemne \u010dist\u00ed zuby a \u00fastnu dutinu od st\u00f4p potravy a zubn\u00e9ho povlaku.\" \/>\n<meta name=\"robots\" content=\"index, follow, max-snippet:-1, max-image-preview:large, max-video-preview:-1\" \/>\n<link rel=\"canonical\" href=\"https:\/\/www.lraloeverashop.eu\/sk\/produkt\/zubna-pasta-bez-fluoridu-aloe-vera\/\" \/>\n<meta property=\"og:locale\" content=\"sk_SK\" \/>\n<meta property=\"og:type\" content=\"article\" \/>\n<meta property=\"og:title\" content=\"Zubna Pasta Bez Fluoridu Aloe Vera\" \/>\n<meta property=\"og:description\" content=\"Zubna Pasta Bez Fluoridu so 43% Aloe Vera Gelom a extraktom z echinacey jemne \u010dist\u00ed zuby a \u00fastnu dutinu od st\u00f4p potravy a zubn\u00e9ho povlaku.\" \/>\n<meta property=\"og:url\" content=\"https:\/\/www.lraloeverashop.eu\/sk\/produkt\/zubna-pasta-bez-fluoridu-aloe-vera\/\" \/>\n<meta property=\"og:site_name\" content=\"Lr Obchod Aloe Vera\" \/>\n<meta property=\"article:publisher\" content=\"https:\/\/www.facebook.com\/lraloeverashop.eu\" \/>\n<meta property=\"article:modified_time\" content=\"2026-02-18T18:11:08+00:00\" \/>\n<meta property=\"og:image\" content=\"https:\/\/www.lraloeverashop.eu\/wp-content\/uploads\/2023\/04\/Tooth-Paste-without-fluoride-Set.jpeg\" \/>\n\t<meta property=\"og:image:width\" content=\"1200\" \/>\n\t<meta property=\"og:image:height\" content=\"1200\" \/>\n\t<meta property=\"og:image:type\" content=\"image\/jpeg\" \/>\n<meta name=\"twitter:card\" content=\"summary_large_image\" \/>\n<meta name=\"twitter:site\" content=\"@natur__kosmetik\" \/>\n<script type=\"application\/ld+json\" class=\"yoast-schema-graph\">{\"@context\":\"https:\\\/\\\/schema.org\",\"@graph\":[{\"@type\":[\"WebPage\",\"ItemPage\"],\"@id\":\"https:\\\/\\\/www.lraloeverashop.eu\\\/sk\\\/produkt\\\/zubna-pasta-bez-fluoridu-aloe-vera\\\/\",\"url\":\"https:\\\/\\\/www.lraloeverashop.eu\\\/sk\\\/produkt\\\/zubna-pasta-bez-fluoridu-aloe-vera\\\/\",\"name\":\"Zubna Pasta Bez Fluoridu Aloe Vera pre pr\u00edjemn\u00fd pocit svie\u017eosti\",\"isPartOf\":{\"@id\":\"https:\\\/\\\/www.lraloeverashop.eu\\\/sk\\\/#website\"},\"primaryImageOfPage\":{\"@id\":\"https:\\\/\\\/www.lraloeverashop.eu\\\/sk\\\/produkt\\\/zubna-pasta-bez-fluoridu-aloe-vera\\\/#primaryimage\"},\"image\":{\"@id\":\"https:\\\/\\\/www.lraloeverashop.eu\\\/sk\\\/produkt\\\/zubna-pasta-bez-fluoridu-aloe-vera\\\/#primaryimage\"},\"thumbnailUrl\":\"https:\\\/\\\/www.lraloeverashop.eu\\\/wp-content\\\/uploads\\\/2023\\\/04\\\/Tooth-Paste-without-fluoride-Set.jpeg\",\"datePublished\":\"2023-04-02T05:35:07+00:00\",\"dateModified\":\"2026-02-18T18:11:08+00:00\",\"description\":\"Zubna Pasta Bez Fluoridu so 43% Aloe Vera Gelom a extraktom z echinacey jemne \u010dist\u00ed zuby a \u00fastnu dutinu od st\u00f4p potravy a zubn\u00e9ho povlaku.\",\"breadcrumb\":{\"@id\":\"https:\\\/\\\/www.lraloeverashop.eu\\\/sk\\\/produkt\\\/zubna-pasta-bez-fluoridu-aloe-vera\\\/#breadcrumb\"},\"inLanguage\":\"sk-SK\",\"potentialAction\":[{\"@type\":\"ReadAction\",\"target\":[\"https:\\\/\\\/www.lraloeverashop.eu\\\/sk\\\/produkt\\\/zubna-pasta-bez-fluoridu-aloe-vera\\\/\"]}]},{\"@type\":\"ImageObject\",\"inLanguage\":\"sk-SK\",\"@id\":\"https:\\\/\\\/www.lraloeverashop.eu\\\/sk\\\/produkt\\\/zubna-pasta-bez-fluoridu-aloe-vera\\\/#primaryimage\",\"url\":\"https:\\\/\\\/www.lraloeverashop.eu\\\/wp-content\\\/uploads\\\/2023\\\/04\\\/Tooth-Paste-without-fluoride-Set.jpeg\",\"contentUrl\":\"https:\\\/\\\/www.lraloeverashop.eu\\\/wp-content\\\/uploads\\\/2023\\\/04\\\/Tooth-Paste-without-fluoride-Set.jpeg\",\"width\":1200,\"height\":1200,\"caption\":\"Pasta na zuby bez fluoru s 46% Aloe Vera\"},{\"@type\":\"BreadcrumbList\",\"@id\":\"https:\\\/\\\/www.lraloeverashop.eu\\\/sk\\\/produkt\\\/zubna-pasta-bez-fluoridu-aloe-vera\\\/#breadcrumb\",\"itemListElement\":[{\"@type\":\"ListItem\",\"position\":1,\"name\":\"Home\",\"item\":\"https:\\\/\\\/www.lraloeverashop.eu\\\/sk\\\/\"},{\"@type\":\"ListItem\",\"position\":2,\"name\":\"Obchod\",\"item\":\"https:\\\/\\\/www.lraloeverashop.eu\\\/shop\\\/\"},{\"@type\":\"ListItem\",\"position\":3,\"name\":\"Zubna Pasta Bez Fluoridu Aloe Vera\"}]},{\"@type\":\"WebSite\",\"@id\":\"https:\\\/\\\/www.lraloeverashop.eu\\\/sk\\\/#website\",\"url\":\"https:\\\/\\\/www.lraloeverashop.eu\\\/sk\\\/\",\"name\":\"Lr Obchod Aloe Vera\",\"description\":\"High Quality Lr Aloe Vera Gel, Aloe Vera Cream and Shampoo\",\"publisher\":{\"@id\":\"https:\\\/\\\/www.lraloeverashop.eu\\\/sk\\\/#organization\"},\"potentialAction\":[{\"@type\":\"SearchAction\",\"target\":{\"@type\":\"EntryPoint\",\"urlTemplate\":\"https:\\\/\\\/www.lraloeverashop.eu\\\/sk\\\/?s={search_term_string}\"},\"query-input\":{\"@type\":\"PropertyValueSpecification\",\"valueRequired\":true,\"valueName\":\"search_term_string\"}}],\"inLanguage\":\"sk-SK\"},{\"@type\":\"Organization\",\"@id\":\"https:\\\/\\\/www.lraloeverashop.eu\\\/sk\\\/#organization\",\"name\":\"Lr Obchod Aloe Vera\",\"alternateName\":\"LR\",\"url\":\"https:\\\/\\\/www.lraloeverashop.eu\\\/sk\\\/\",\"logo\":{\"@type\":\"ImageObject\",\"inLanguage\":\"sk-SK\",\"@id\":\"https:\\\/\\\/www.lraloeverashop.eu\\\/sk\\\/#\\\/schema\\\/logo\\\/image\\\/\",\"url\":\"https:\\\/\\\/www.lraloeverashop.eu\\\/wp-content\\\/uploads\\\/2022\\\/09\\\/cropped-Lr-Aloe-Vera-Shop.jpg\",\"contentUrl\":\"https:\\\/\\\/www.lraloeverashop.eu\\\/wp-content\\\/uploads\\\/2022\\\/09\\\/cropped-Lr-Aloe-Vera-Shop.jpg\",\"width\":228,\"height\":76,\"caption\":\"Lr Obchod Aloe Vera\"},\"image\":{\"@id\":\"https:\\\/\\\/www.lraloeverashop.eu\\\/sk\\\/#\\\/schema\\\/logo\\\/image\\\/\"},\"sameAs\":[\"https:\\\/\\\/www.facebook.com\\\/lraloeverashop.eu\",\"https:\\\/\\\/x.com\\\/natur__kosmetik\",\"https:\\\/\\\/www.youtube.com\\\/channel\\\/UC5oN7BJ8nfYb8RpVtjwDEBA\",\"https:\\\/\\\/www.instagram.com\\\/lrbeautyeu\\\/\"]}]}<\/script>\n<meta property=\"product:price:amount\" content=\"12.99\" \/>\n<meta property=\"product:price:currency\" content=\"EUR\" \/>\n<meta property=\"og:availability\" content=\"out of stock\" \/>\n<meta property=\"product:availability\" content=\"out of stock\" \/>\n<meta property=\"product:retailer_item_id\" content=\"20783-2SK\" \/>\n<meta property=\"product:condition\" content=\"new\" \/>\n<!-- \/ Yoast SEO Premium plugin. -->","yoast_head_json":{"title":"Zubna Pasta Bez Fluoridu Aloe Vera pre pr\u00edjemn\u00fd pocit svie\u017eosti","description":"Zubna Pasta Bez Fluoridu so 43% Aloe Vera Gelom a extraktom z echinacey jemne \u010dist\u00ed zuby a \u00fastnu dutinu od st\u00f4p potravy a zubn\u00e9ho povlaku.","robots":{"index":"index","follow":"follow","max-snippet":"max-snippet:-1","max-image-preview":"max-image-preview:large","max-video-preview":"max-video-preview:-1"},"canonical":"https:\/\/www.lraloeverashop.eu\/sk\/produkt\/zubna-pasta-bez-fluoridu-aloe-vera\/","og_locale":"sk_SK","og_type":"article","og_title":"Zubna Pasta Bez Fluoridu Aloe Vera","og_description":"Zubna Pasta Bez Fluoridu so 43% Aloe Vera Gelom a extraktom z echinacey jemne \u010dist\u00ed zuby a \u00fastnu dutinu od st\u00f4p potravy a zubn\u00e9ho povlaku.","og_url":"https:\/\/www.lraloeverashop.eu\/sk\/produkt\/zubna-pasta-bez-fluoridu-aloe-vera\/","og_site_name":"Lr Obchod Aloe Vera","article_publisher":"https:\/\/www.facebook.com\/lraloeverashop.eu","article_modified_time":"2026-02-18T18:11:08+00:00","og_image":[{"width":1200,"height":1200,"url":"https:\/\/www.lraloeverashop.eu\/wp-content\/uploads\/2023\/04\/Tooth-Paste-without-fluoride-Set.jpeg","type":"image\/jpeg"}],"twitter_card":"summary_large_image","twitter_site":"@natur__kosmetik","schema":{"@context":"https:\/\/schema.org","@graph":[{"@type":["WebPage","ItemPage"],"@id":"https:\/\/www.lraloeverashop.eu\/sk\/produkt\/zubna-pasta-bez-fluoridu-aloe-vera\/","url":"https:\/\/www.lraloeverashop.eu\/sk\/produkt\/zubna-pasta-bez-fluoridu-aloe-vera\/","name":"Zubna Pasta Bez Fluoridu Aloe Vera pre pr\u00edjemn\u00fd pocit svie\u017eosti","isPartOf":{"@id":"https:\/\/www.lraloeverashop.eu\/sk\/#website"},"primaryImageOfPage":{"@id":"https:\/\/www.lraloeverashop.eu\/sk\/produkt\/zubna-pasta-bez-fluoridu-aloe-vera\/#primaryimage"},"image":{"@id":"https:\/\/www.lraloeverashop.eu\/sk\/produkt\/zubna-pasta-bez-fluoridu-aloe-vera\/#primaryimage"},"thumbnailUrl":"https:\/\/www.lraloeverashop.eu\/wp-content\/uploads\/2023\/04\/Tooth-Paste-without-fluoride-Set.jpeg","datePublished":"2023-04-02T05:35:07+00:00","dateModified":"2026-02-18T18:11:08+00:00","description":"Zubna Pasta Bez Fluoridu so 43% Aloe Vera Gelom a extraktom z echinacey jemne \u010dist\u00ed zuby a \u00fastnu dutinu od st\u00f4p potravy a zubn\u00e9ho povlaku.","breadcrumb":{"@id":"https:\/\/www.lraloeverashop.eu\/sk\/produkt\/zubna-pasta-bez-fluoridu-aloe-vera\/#breadcrumb"},"inLanguage":"sk-SK","potentialAction":[{"@type":"ReadAction","target":["https:\/\/www.lraloeverashop.eu\/sk\/produkt\/zubna-pasta-bez-fluoridu-aloe-vera\/"]}]},{"@type":"ImageObject","inLanguage":"sk-SK","@id":"https:\/\/www.lraloeverashop.eu\/sk\/produkt\/zubna-pasta-bez-fluoridu-aloe-vera\/#primaryimage","url":"https:\/\/www.lraloeverashop.eu\/wp-content\/uploads\/2023\/04\/Tooth-Paste-without-fluoride-Set.jpeg","contentUrl":"https:\/\/www.lraloeverashop.eu\/wp-content\/uploads\/2023\/04\/Tooth-Paste-without-fluoride-Set.jpeg","width":1200,"height":1200,"caption":"Pasta na zuby bez fluoru s 46% Aloe Vera"},{"@type":"BreadcrumbList","@id":"https:\/\/www.lraloeverashop.eu\/sk\/produkt\/zubna-pasta-bez-fluoridu-aloe-vera\/#breadcrumb","itemListElement":[{"@type":"ListItem","position":1,"name":"Home","item":"https:\/\/www.lraloeverashop.eu\/sk\/"},{"@type":"ListItem","position":2,"name":"Obchod","item":"https:\/\/www.lraloeverashop.eu\/shop\/"},{"@type":"ListItem","position":3,"name":"Zubna Pasta Bez Fluoridu Aloe Vera"}]},{"@type":"WebSite","@id":"https:\/\/www.lraloeverashop.eu\/sk\/#website","url":"https:\/\/www.lraloeverashop.eu\/sk\/","name":"Lr Obchod Aloe Vera","description":"High Quality Lr Aloe Vera Gel, Aloe Vera Cream and Shampoo","publisher":{"@id":"https:\/\/www.lraloeverashop.eu\/sk\/#organization"},"potentialAction":[{"@type":"SearchAction","target":{"@type":"EntryPoint","urlTemplate":"https:\/\/www.lraloeverashop.eu\/sk\/?s={search_term_string}"},"query-input":{"@type":"PropertyValueSpecification","valueRequired":true,"valueName":"search_term_string"}}],"inLanguage":"sk-SK"},{"@type":"Organization","@id":"https:\/\/www.lraloeverashop.eu\/sk\/#organization","name":"Lr Obchod Aloe Vera","alternateName":"LR","url":"https:\/\/www.lraloeverashop.eu\/sk\/","logo":{"@type":"ImageObject","inLanguage":"sk-SK","@id":"https:\/\/www.lraloeverashop.eu\/sk\/#\/schema\/logo\/image\/","url":"https:\/\/www.lraloeverashop.eu\/wp-content\/uploads\/2022\/09\/cropped-Lr-Aloe-Vera-Shop.jpg","contentUrl":"https:\/\/www.lraloeverashop.eu\/wp-content\/uploads\/2022\/09\/cropped-Lr-Aloe-Vera-Shop.jpg","width":228,"height":76,"caption":"Lr Obchod Aloe Vera"},"image":{"@id":"https:\/\/www.lraloeverashop.eu\/sk\/#\/schema\/logo\/image\/"},"sameAs":["https:\/\/www.facebook.com\/lraloeverashop.eu","https:\/\/x.com\/natur__kosmetik","https:\/\/www.youtube.com\/channel\/UC5oN7BJ8nfYb8RpVtjwDEBA","https:\/\/www.instagram.com\/lrbeautyeu\/"]}]},"product_price_amount":"12.99","product_price_currency":"EUR","og_availability":"out of stock","product_availability":"out of stock","product_retailer_item_id":"20783-2SK","product_condition":"new"},"taxonomy_info":{"product_cat":[{"value":216,"label":"Aloe Vera"},{"value":355,"label":"Z\u013eavy"},{"value":258,"label":"Zubn\u00e1 starostlivos\u0165"}],"product_tag":[{"value":562,"label":"\u010fasn\u00e1"},{"value":567,"label":"Zuby"}]},"featured_image_src_large":["https:\/\/www.lraloeverashop.eu\/wp-content\/uploads\/2023\/04\/Tooth-Paste-without-fluoride-Set-1024x1024.jpeg",1024,1024,true],"author_info":[],"comment_info":0,"_links":{"self":[{"href":"https:\/\/www.lraloeverashop.eu\/sk\/wp-json\/wp\/v2\/product\/11905","targetHints":{"allow":["GET"]}}],"collection":[{"href":"https:\/\/www.lraloeverashop.eu\/sk\/wp-json\/wp\/v2\/product"}],"about":[{"href":"https:\/\/www.lraloeverashop.eu\/sk\/wp-json\/wp\/v2\/types\/product"}],"replies":[{"embeddable":true,"href":"https:\/\/www.lraloeverashop.eu\/sk\/wp-json\/wp\/v2\/comments?post=11905"}],"wp:featuredmedia":[{"embeddable":true,"href":"https:\/\/www.lraloeverashop.eu\/sk\/wp-json\/wp\/v2\/media\/11865"}],"wp:attachment":[{"href":"https:\/\/www.lraloeverashop.eu\/sk\/wp-json\/wp\/v2\/media?parent=11905"}],"wp:term":[{"taxonomy":"product_brand","embeddable":true,"href":"https:\/\/www.lraloeverashop.eu\/sk\/wp-json\/wp\/v2\/product_brand?post=11905"},{"taxonomy":"product_cat","embeddable":true,"href":"https:\/\/www.lraloeverashop.eu\/sk\/wp-json\/wp\/v2\/product_cat?post=11905"},{"taxonomy":"product_tag","embeddable":true,"href":"https:\/\/www.lraloeverashop.eu\/sk\/wp-json\/wp\/v2\/product_tag?post=11905"}],"curies":[{"name":"wp","href":"https:\/\/api.w.org\/{rel}","templated":true}]}}