{"id":11824,"date":"2023-03-31T18:24:26","date_gmt":"2023-03-31T16:24:26","guid":{"rendered":"https:\/\/www.lraloeverashop.eu\/?post_type=product&#038;p=11824"},"modified":"2025-03-29T18:27:26","modified_gmt":"2025-03-29T17:27:26","slug":"damska-pena-na-holenie-s-aloe-vera","status":"publish","type":"product","link":"https:\/\/www.lraloeverashop.eu\/sk\/produkt\/damska-pena-na-holenie-s-aloe-vera\/","title":{"rendered":"D\u00e1mska pena na holenie s aloe vera"},"content":{"rendered":"<h2><span style=\"font-size: 16pt;\"><strong>D\u00e1mska pena na holenie s aloe vera<\/strong><\/span><\/h2>\n<p><span style=\"font-size: 14pt;\"><strong>D\u00e1mska pena na holenie 2v1 Na sprchovanie a holenie v jednom kroku<\/strong><\/span><\/p>\n<p>Mal\u00e1 \u0161kvrna, ve\u013ek\u00fd efekt! \u013dahk\u00e1, kr\u00e9mov\u00e1, nad\u00fdchan\u00e1 text\u00fara sa rozpl\u00fdva na povrchu poko\u017eky hne\u010f po aplik\u00e1cii. Umo\u017e\u0148uje r\u00fdchle a \u0161etrn\u00e9 \u010distenie a z\u00e1rove\u0148 d\u00f4kladn\u00e9, no jemn\u00e9 oholenie. Pena na holenie pre jemn\u00fa poko\u017eku. <a href=\"https:\/\/www.lraloeverashop.eu\/sk\/produkt\/cistiaca-pena-na-tvar\/\">\u010cist\u00ed<\/a>, osvie\u017euje a chr\u00e1ni va\u0161u poko\u017eku pred vysu\u0161en\u00edm s mno\u017estvom g\u00e9lu z aloe vera a organick\u00e9ho extraktu z kiwi.<\/p>\n<p><strong>INFO:<\/strong> Lr Aloe Vera je s\u00e9ria starostlivosti s cenn\u00fdmi akt\u00edvnymi zlo\u017ekami z Aloe Vera Barbadensis Miller a \u010fal\u0161\u00edmi vybran\u00fdmi pr\u00edrodn\u00fdmi zlo\u017ekami.<\/p>\n<p>&nbsp;<\/p>\n<h3><strong><span style=\"font-size: 16pt;\">Ako pou\u017ei\u0165<\/span><\/strong><\/h3>\n<p>D\u00e1msku penu na holenie naneste rovnomerne na telo &#8211; oholte sa &#8211; osprchujte &#8211; hotovo!<\/p>\n<p>&nbsp;<\/p>\n<h4><strong><span style=\"font-size: 16pt;\">Vedeli ste?<\/span><\/strong><\/h4>\n<p>Organick\u00fd extrakt z kiwi zais\u0165uje svie\u017eu, jasn\u00fa ple\u0165 a zvy\u0161uje pocit \u010distoty na poko\u017eke. Takmer \u017eiadne ovocie neobsahuje viac vitam\u00ednu C ako kiwi. Zvlh\u010duje poko\u017eku a dod\u00e1va jej v\u00e4\u010d\u0161iu elasticitu.<\/p>\n","protected":false},"excerpt":{"rendered":"<ul>\n<li>Hydrata\u010dn\u00e1 pena do sprchy a na holenie<\/li>\n<li>S 35% Aloe Vera a bio extraktom z kiwi<\/li>\n<li>\u010cist\u00ed, osvie\u017euje a chr\u00e1ni pred vysu\u0161en\u00edm<\/li>\n<li>Jemn\u00e9 oholenie po\u010das sprchovania<\/li>\n<li>Vhodn\u00e9 pre ka\u017ed\u00fd typ pleti<\/li>\n<li>Mno\u017estvo: 200 ml<\/li>\n<\/ul>\n<p>&nbsp;<\/p>\n","protected":false},"featured_media":11813,"comment_status":"open","ping_status":"closed","template":"","meta":{"_kad_blocks_custom_css":"","_kad_blocks_head_custom_js":"","_kad_blocks_body_custom_js":"","_kad_blocks_footer_custom_js":"","_kadence_starter_templates_imported_post":false,"_kad_post_transparent":"default","_kad_post_title":"","_kad_post_layout":"default","_kad_post_sidebar_id":"","_kad_post_content_style":"default","_kad_post_vertical_padding":"default","_kad_post_feature":"","_kad_post_feature_position":"","_kad_post_header":false,"_kad_post_footer":false,"_kad_post_classname":""},"product_brand":[],"product_cat":[216,241],"product_tag":[680],"class_list":{"0":"post-11824","1":"product","2":"type-product","3":"status-publish","4":"has-post-thumbnail","6":"product_cat-aloe-vera-sk","7":"product_cat-starostlivost-o-tvar","8":"product_tag-na-cistenie-tvare","10":"first","11":"outofstock","12":"taxable","13":"shipping-taxable","14":"purchasable","15":"product-type-simple","16":"entry","17":"content-bg","18":"loop-entry"},"yoast_head":"<!-- This site is optimized with the Yoast SEO Premium plugin v27.6 (Yoast SEO v27.6) - https:\/\/yoast.com\/product\/yoast-seo-premium-wordpress\/ -->\n<title>D\u00e1mska pena na holenie S 35% Aloe Vera a bio extraktom z kiwi<\/title>\n<meta name=\"description\" content=\"Maly obsah, ve\u013ek\u00fd efekt! D\u00e1mska pena na holenie umo\u017e\u0148uje r\u00fdchle a \u0161etrn\u00e9 \u010distenie a z\u00e1rove\u0148 d\u00f4kladn\u00e9, no jemn\u00e9 oholenie. Vhodna pre ka\u017ed\u00fd typ pleti.\" \/>\n<meta name=\"robots\" content=\"index, follow, max-snippet:-1, max-image-preview:large, max-video-preview:-1\" \/>\n<link rel=\"canonical\" href=\"https:\/\/www.lraloeverashop.eu\/sk\/produkt\/damska-pena-na-holenie-s-aloe-vera\/\" \/>\n<meta property=\"og:locale\" content=\"sk_SK\" \/>\n<meta property=\"og:type\" content=\"article\" \/>\n<meta property=\"og:title\" content=\"D\u00e1mska pena na holenie s aloe vera\" \/>\n<meta property=\"og:description\" content=\"Maly obsah, ve\u013ek\u00fd efekt! D\u00e1mska pena na holenie umo\u017e\u0148uje r\u00fdchle a \u0161etrn\u00e9 \u010distenie a z\u00e1rove\u0148 d\u00f4kladn\u00e9, no jemn\u00e9 oholenie. Vhodna pre ka\u017ed\u00fd typ pleti.\" \/>\n<meta property=\"og:url\" content=\"https:\/\/www.lraloeverashop.eu\/sk\/produkt\/damska-pena-na-holenie-s-aloe-vera\/\" \/>\n<meta property=\"og:site_name\" content=\"Lr Obchod Aloe Vera\" \/>\n<meta property=\"article:publisher\" content=\"https:\/\/www.facebook.com\/lraloeverashop.eu\" \/>\n<meta property=\"article:modified_time\" content=\"2025-03-29T17:27:26+00:00\" \/>\n<meta property=\"og:image\" content=\"https:\/\/www.lraloeverashop.eu\/wp-content\/uploads\/2023\/03\/Womens-Shaving-Foam-with-aloe-vera.jpg\" \/>\n\t<meta property=\"og:image:width\" content=\"1200\" \/>\n\t<meta property=\"og:image:height\" content=\"1200\" \/>\n\t<meta property=\"og:image:type\" content=\"image\/jpeg\" \/>\n<meta name=\"twitter:card\" content=\"summary_large_image\" \/>\n<meta name=\"twitter:site\" content=\"@natur__kosmetik\" \/>\n<script type=\"application\/ld+json\" class=\"yoast-schema-graph\">{\"@context\":\"https:\\\/\\\/schema.org\",\"@graph\":[{\"@type\":[\"WebPage\",\"ItemPage\"],\"@id\":\"https:\\\/\\\/www.lraloeverashop.eu\\\/sk\\\/produkt\\\/damska-pena-na-holenie-s-aloe-vera\\\/\",\"url\":\"https:\\\/\\\/www.lraloeverashop.eu\\\/sk\\\/produkt\\\/damska-pena-na-holenie-s-aloe-vera\\\/\",\"name\":\"D\u00e1mska pena na holenie S 35% Aloe Vera a bio extraktom z kiwi\",\"isPartOf\":{\"@id\":\"https:\\\/\\\/www.lraloeverashop.eu\\\/sk\\\/#website\"},\"primaryImageOfPage\":{\"@id\":\"https:\\\/\\\/www.lraloeverashop.eu\\\/sk\\\/produkt\\\/damska-pena-na-holenie-s-aloe-vera\\\/#primaryimage\"},\"image\":{\"@id\":\"https:\\\/\\\/www.lraloeverashop.eu\\\/sk\\\/produkt\\\/damska-pena-na-holenie-s-aloe-vera\\\/#primaryimage\"},\"thumbnailUrl\":\"https:\\\/\\\/www.lraloeverashop.eu\\\/wp-content\\\/uploads\\\/2023\\\/03\\\/Womens-Shaving-Foam-with-aloe-vera.jpg\",\"datePublished\":\"2023-03-31T16:24:26+00:00\",\"dateModified\":\"2025-03-29T17:27:26+00:00\",\"description\":\"Maly obsah, ve\u013ek\u00fd efekt! D\u00e1mska pena na holenie umo\u017e\u0148uje r\u00fdchle a \u0161etrn\u00e9 \u010distenie a z\u00e1rove\u0148 d\u00f4kladn\u00e9, no jemn\u00e9 oholenie. Vhodna pre ka\u017ed\u00fd typ pleti.\",\"breadcrumb\":{\"@id\":\"https:\\\/\\\/www.lraloeverashop.eu\\\/sk\\\/produkt\\\/damska-pena-na-holenie-s-aloe-vera\\\/#breadcrumb\"},\"inLanguage\":\"sk-SK\",\"potentialAction\":[{\"@type\":\"ReadAction\",\"target\":[\"https:\\\/\\\/www.lraloeverashop.eu\\\/sk\\\/produkt\\\/damska-pena-na-holenie-s-aloe-vera\\\/\"]}]},{\"@type\":\"ImageObject\",\"inLanguage\":\"sk-SK\",\"@id\":\"https:\\\/\\\/www.lraloeverashop.eu\\\/sk\\\/produkt\\\/damska-pena-na-holenie-s-aloe-vera\\\/#primaryimage\",\"url\":\"https:\\\/\\\/www.lraloeverashop.eu\\\/wp-content\\\/uploads\\\/2023\\\/03\\\/Womens-Shaving-Foam-with-aloe-vera.jpg\",\"contentUrl\":\"https:\\\/\\\/www.lraloeverashop.eu\\\/wp-content\\\/uploads\\\/2023\\\/03\\\/Womens-Shaving-Foam-with-aloe-vera.jpg\",\"width\":1200,\"height\":1200,\"caption\":\"D\u00e1mska Pena na Holenie s Aloe Vera\"},{\"@type\":\"BreadcrumbList\",\"@id\":\"https:\\\/\\\/www.lraloeverashop.eu\\\/sk\\\/produkt\\\/damska-pena-na-holenie-s-aloe-vera\\\/#breadcrumb\",\"itemListElement\":[{\"@type\":\"ListItem\",\"position\":1,\"name\":\"Home\",\"item\":\"https:\\\/\\\/www.lraloeverashop.eu\\\/sk\\\/aloe-vera-obchod-vsetko-pre-vasu-krasu-a-pohodu\\\/\"},{\"@type\":\"ListItem\",\"position\":2,\"name\":\"Obchod\",\"item\":\"https:\\\/\\\/www.lraloeverashop.eu\\\/sk\\\/obchod\\\/\"},{\"@type\":\"ListItem\",\"position\":3,\"name\":\"D\u00e1mska pena na holenie s aloe vera\"}]},{\"@type\":\"WebSite\",\"@id\":\"https:\\\/\\\/www.lraloeverashop.eu\\\/sk\\\/#website\",\"url\":\"https:\\\/\\\/www.lraloeverashop.eu\\\/sk\\\/\",\"name\":\"Lr Obchod Aloe Vera\",\"description\":\"High Quality Lr Aloe Vera Gel, Aloe Vera Cream and Shampoo\",\"publisher\":{\"@id\":\"https:\\\/\\\/www.lraloeverashop.eu\\\/sk\\\/#organization\"},\"alternateName\":\"LR\",\"potentialAction\":[{\"@type\":\"SearchAction\",\"target\":{\"@type\":\"EntryPoint\",\"urlTemplate\":\"https:\\\/\\\/www.lraloeverashop.eu\\\/sk\\\/?s={search_term_string}\"},\"query-input\":{\"@type\":\"PropertyValueSpecification\",\"valueRequired\":true,\"valueName\":\"search_term_string\"}}],\"inLanguage\":\"sk-SK\"},{\"@type\":\"Organization\",\"@id\":\"https:\\\/\\\/www.lraloeverashop.eu\\\/sk\\\/#organization\",\"name\":\"Lr Obchod Aloe Vera\",\"alternateName\":\"LR\",\"url\":\"https:\\\/\\\/www.lraloeverashop.eu\\\/sk\\\/\",\"logo\":{\"@type\":\"ImageObject\",\"inLanguage\":\"sk-SK\",\"@id\":\"https:\\\/\\\/www.lraloeverashop.eu\\\/sk\\\/#\\\/schema\\\/logo\\\/image\\\/\",\"url\":\"https:\\\/\\\/www.lraloeverashop.eu\\\/wp-content\\\/uploads\\\/2022\\\/09\\\/cropped-Lr-Aloe-Vera-Shop.jpg\",\"contentUrl\":\"https:\\\/\\\/www.lraloeverashop.eu\\\/wp-content\\\/uploads\\\/2022\\\/09\\\/cropped-Lr-Aloe-Vera-Shop.jpg\",\"width\":228,\"height\":76,\"caption\":\"Lr Obchod Aloe Vera\"},\"image\":{\"@id\":\"https:\\\/\\\/www.lraloeverashop.eu\\\/sk\\\/#\\\/schema\\\/logo\\\/image\\\/\"},\"sameAs\":[\"https:\\\/\\\/www.facebook.com\\\/lraloeverashop.eu\",\"https:\\\/\\\/x.com\\\/natur__kosmetik\",\"https:\\\/\\\/www.youtube.com\\\/channel\\\/UC5oN7BJ8nfYb8RpVtjwDEBA\",\"https:\\\/\\\/www.instagram.com\\\/lrbeautyeu\\\/\"],\"description\":\"Obchod Lr Aloe Vera je va\u0161\u00edm d\u00f4veryhodn\u00fdm miestom pre pr\u00e9miov\u00e9 produkty LR Health & Beauty vyroben\u00e9 v Nemecku. Pon\u00fakame vysokokvalitn\u00e9 rie\u0161enia starostlivosti o ple\u0165 s Aloe Vera, v\u00fd\u017eivu a proti starnutiu, vyroben\u00e9 z \u010dist\u00fdch ingredienci\u00ed a podlo\u017een\u00e9 vedeck\u00fdm v\u00fdskumom. Objavte pr\u00edrodn\u00fa starostlivos\u0165, ktor\u00e1 regeneruje, chr\u00e1ni a revitalizuje va\u0161u ple\u0165 \u2013 a vyu\u017eite exkluz\u00edvne mesa\u010dn\u00e9 ponuky na na\u0161e najpred\u00e1vanej\u0161ie produkty LR Aloe Vera.\\nZa\u010dnite svoju cestu za pr\u00edrodnou starostlivos\u0165ou o ple\u0165 e\u0161te dnes a poc\u00ed\u0165te rozdiel.\",\"email\":\"info@lraloeverashop.eu\",\"telephone\":\"+49 17670609653\",\"legalName\":\"Lr Aloe Vera Shop\",\"foundingDate\":\"2018-04-21\",\"numberOfEmployees\":{\"@type\":\"QuantitativeValue\",\"minValue\":\"1\",\"maxValue\":\"10\"}}]}<\/script>\n<meta property=\"product:price:amount\" content=\"13.49\" \/>\n<meta property=\"product:price:currency\" content=\"EUR\" \/>\n<meta property=\"og:availability\" content=\"out of stock\" \/>\n<meta property=\"product:availability\" content=\"out of stock\" \/>\n<meta property=\"product:retailer_item_id\" content=\"20638-1SK\" \/>\n<meta property=\"product:condition\" content=\"new\" \/>\n<!-- \/ Yoast SEO Premium plugin. -->","yoast_head_json":{"title":"D\u00e1mska pena na holenie S 35% Aloe Vera a bio extraktom z kiwi","description":"Maly obsah, ve\u013ek\u00fd efekt! D\u00e1mska pena na holenie umo\u017e\u0148uje r\u00fdchle a \u0161etrn\u00e9 \u010distenie a z\u00e1rove\u0148 d\u00f4kladn\u00e9, no jemn\u00e9 oholenie. Vhodna pre ka\u017ed\u00fd typ pleti.","robots":{"index":"index","follow":"follow","max-snippet":"max-snippet:-1","max-image-preview":"max-image-preview:large","max-video-preview":"max-video-preview:-1"},"canonical":"https:\/\/www.lraloeverashop.eu\/sk\/produkt\/damska-pena-na-holenie-s-aloe-vera\/","og_locale":"sk_SK","og_type":"article","og_title":"D\u00e1mska pena na holenie s aloe vera","og_description":"Maly obsah, ve\u013ek\u00fd efekt! D\u00e1mska pena na holenie umo\u017e\u0148uje r\u00fdchle a \u0161etrn\u00e9 \u010distenie a z\u00e1rove\u0148 d\u00f4kladn\u00e9, no jemn\u00e9 oholenie. Vhodna pre ka\u017ed\u00fd typ pleti.","og_url":"https:\/\/www.lraloeverashop.eu\/sk\/produkt\/damska-pena-na-holenie-s-aloe-vera\/","og_site_name":"Lr Obchod Aloe Vera","article_publisher":"https:\/\/www.facebook.com\/lraloeverashop.eu","article_modified_time":"2025-03-29T17:27:26+00:00","og_image":[{"width":1200,"height":1200,"url":"https:\/\/www.lraloeverashop.eu\/wp-content\/uploads\/2023\/03\/Womens-Shaving-Foam-with-aloe-vera.jpg","type":"image\/jpeg"}],"twitter_card":"summary_large_image","twitter_site":"@natur__kosmetik","schema":{"@context":"https:\/\/schema.org","@graph":[{"@type":["WebPage","ItemPage"],"@id":"https:\/\/www.lraloeverashop.eu\/sk\/produkt\/damska-pena-na-holenie-s-aloe-vera\/","url":"https:\/\/www.lraloeverashop.eu\/sk\/produkt\/damska-pena-na-holenie-s-aloe-vera\/","name":"D\u00e1mska pena na holenie S 35% Aloe Vera a bio extraktom z kiwi","isPartOf":{"@id":"https:\/\/www.lraloeverashop.eu\/sk\/#website"},"primaryImageOfPage":{"@id":"https:\/\/www.lraloeverashop.eu\/sk\/produkt\/damska-pena-na-holenie-s-aloe-vera\/#primaryimage"},"image":{"@id":"https:\/\/www.lraloeverashop.eu\/sk\/produkt\/damska-pena-na-holenie-s-aloe-vera\/#primaryimage"},"thumbnailUrl":"https:\/\/www.lraloeverashop.eu\/wp-content\/uploads\/2023\/03\/Womens-Shaving-Foam-with-aloe-vera.jpg","datePublished":"2023-03-31T16:24:26+00:00","dateModified":"2025-03-29T17:27:26+00:00","description":"Maly obsah, ve\u013ek\u00fd efekt! D\u00e1mska pena na holenie umo\u017e\u0148uje r\u00fdchle a \u0161etrn\u00e9 \u010distenie a z\u00e1rove\u0148 d\u00f4kladn\u00e9, no jemn\u00e9 oholenie. Vhodna pre ka\u017ed\u00fd typ pleti.","breadcrumb":{"@id":"https:\/\/www.lraloeverashop.eu\/sk\/produkt\/damska-pena-na-holenie-s-aloe-vera\/#breadcrumb"},"inLanguage":"sk-SK","potentialAction":[{"@type":"ReadAction","target":["https:\/\/www.lraloeverashop.eu\/sk\/produkt\/damska-pena-na-holenie-s-aloe-vera\/"]}]},{"@type":"ImageObject","inLanguage":"sk-SK","@id":"https:\/\/www.lraloeverashop.eu\/sk\/produkt\/damska-pena-na-holenie-s-aloe-vera\/#primaryimage","url":"https:\/\/www.lraloeverashop.eu\/wp-content\/uploads\/2023\/03\/Womens-Shaving-Foam-with-aloe-vera.jpg","contentUrl":"https:\/\/www.lraloeverashop.eu\/wp-content\/uploads\/2023\/03\/Womens-Shaving-Foam-with-aloe-vera.jpg","width":1200,"height":1200,"caption":"D\u00e1mska Pena na Holenie s Aloe Vera"},{"@type":"BreadcrumbList","@id":"https:\/\/www.lraloeverashop.eu\/sk\/produkt\/damska-pena-na-holenie-s-aloe-vera\/#breadcrumb","itemListElement":[{"@type":"ListItem","position":1,"name":"Home","item":"https:\/\/www.lraloeverashop.eu\/sk\/aloe-vera-obchod-vsetko-pre-vasu-krasu-a-pohodu\/"},{"@type":"ListItem","position":2,"name":"Obchod","item":"https:\/\/www.lraloeverashop.eu\/sk\/obchod\/"},{"@type":"ListItem","position":3,"name":"D\u00e1mska pena na holenie s aloe vera"}]},{"@type":"WebSite","@id":"https:\/\/www.lraloeverashop.eu\/sk\/#website","url":"https:\/\/www.lraloeverashop.eu\/sk\/","name":"Lr Obchod Aloe Vera","description":"High Quality Lr Aloe Vera Gel, Aloe Vera Cream and Shampoo","publisher":{"@id":"https:\/\/www.lraloeverashop.eu\/sk\/#organization"},"alternateName":"LR","potentialAction":[{"@type":"SearchAction","target":{"@type":"EntryPoint","urlTemplate":"https:\/\/www.lraloeverashop.eu\/sk\/?s={search_term_string}"},"query-input":{"@type":"PropertyValueSpecification","valueRequired":true,"valueName":"search_term_string"}}],"inLanguage":"sk-SK"},{"@type":"Organization","@id":"https:\/\/www.lraloeverashop.eu\/sk\/#organization","name":"Lr Obchod Aloe Vera","alternateName":"LR","url":"https:\/\/www.lraloeverashop.eu\/sk\/","logo":{"@type":"ImageObject","inLanguage":"sk-SK","@id":"https:\/\/www.lraloeverashop.eu\/sk\/#\/schema\/logo\/image\/","url":"https:\/\/www.lraloeverashop.eu\/wp-content\/uploads\/2022\/09\/cropped-Lr-Aloe-Vera-Shop.jpg","contentUrl":"https:\/\/www.lraloeverashop.eu\/wp-content\/uploads\/2022\/09\/cropped-Lr-Aloe-Vera-Shop.jpg","width":228,"height":76,"caption":"Lr Obchod Aloe Vera"},"image":{"@id":"https:\/\/www.lraloeverashop.eu\/sk\/#\/schema\/logo\/image\/"},"sameAs":["https:\/\/www.facebook.com\/lraloeverashop.eu","https:\/\/x.com\/natur__kosmetik","https:\/\/www.youtube.com\/channel\/UC5oN7BJ8nfYb8RpVtjwDEBA","https:\/\/www.instagram.com\/lrbeautyeu\/"],"description":"Obchod Lr Aloe Vera je va\u0161\u00edm d\u00f4veryhodn\u00fdm miestom pre pr\u00e9miov\u00e9 produkty LR Health & Beauty vyroben\u00e9 v Nemecku. Pon\u00fakame vysokokvalitn\u00e9 rie\u0161enia starostlivosti o ple\u0165 s Aloe Vera, v\u00fd\u017eivu a proti starnutiu, vyroben\u00e9 z \u010dist\u00fdch ingredienci\u00ed a podlo\u017een\u00e9 vedeck\u00fdm v\u00fdskumom. Objavte pr\u00edrodn\u00fa starostlivos\u0165, ktor\u00e1 regeneruje, chr\u00e1ni a revitalizuje va\u0161u ple\u0165 \u2013 a vyu\u017eite exkluz\u00edvne mesa\u010dn\u00e9 ponuky na na\u0161e najpred\u00e1vanej\u0161ie produkty LR Aloe Vera.\nZa\u010dnite svoju cestu za pr\u00edrodnou starostlivos\u0165ou o ple\u0165 e\u0161te dnes a poc\u00ed\u0165te rozdiel.","email":"info@lraloeverashop.eu","telephone":"+49 17670609653","legalName":"Lr Aloe Vera Shop","foundingDate":"2018-04-21","numberOfEmployees":{"@type":"QuantitativeValue","minValue":"1","maxValue":"10"}}]},"product_price_amount":"13.49","product_price_currency":"EUR","og_availability":"out of stock","product_availability":"out of stock","product_retailer_item_id":"20638-1SK","product_condition":"new"},"taxonomy_info":{"product_cat":[{"value":216,"label":"Aloe Vera"},{"value":241,"label":"Starostlivos\u0165 o tv\u00e1r"}],"product_tag":[{"value":680,"label":"na \u010distenie tv\u00e1re"}]},"featured_image_src_large":["https:\/\/www.lraloeverashop.eu\/wp-content\/uploads\/2023\/03\/Womens-Shaving-Foam-with-aloe-vera-1024x1024.jpg",1024,1024,true],"author_info":[],"comment_info":0,"_links":{"self":[{"href":"https:\/\/www.lraloeverashop.eu\/sk\/wp-json\/wp\/v2\/product\/11824","targetHints":{"allow":["GET"]}}],"collection":[{"href":"https:\/\/www.lraloeverashop.eu\/sk\/wp-json\/wp\/v2\/product"}],"about":[{"href":"https:\/\/www.lraloeverashop.eu\/sk\/wp-json\/wp\/v2\/types\/product"}],"replies":[{"embeddable":true,"href":"https:\/\/www.lraloeverashop.eu\/sk\/wp-json\/wp\/v2\/comments?post=11824"}],"wp:featuredmedia":[{"embeddable":true,"href":"https:\/\/www.lraloeverashop.eu\/sk\/wp-json\/wp\/v2\/media\/11813"}],"wp:attachment":[{"href":"https:\/\/www.lraloeverashop.eu\/sk\/wp-json\/wp\/v2\/media?parent=11824"}],"wp:term":[{"taxonomy":"product_brand","embeddable":true,"href":"https:\/\/www.lraloeverashop.eu\/sk\/wp-json\/wp\/v2\/product_brand?post=11824"},{"taxonomy":"product_cat","embeddable":true,"href":"https:\/\/www.lraloeverashop.eu\/sk\/wp-json\/wp\/v2\/product_cat?post=11824"},{"taxonomy":"product_tag","embeddable":true,"href":"https:\/\/www.lraloeverashop.eu\/sk\/wp-json\/wp\/v2\/product_tag?post=11824"}],"curies":[{"name":"wp","href":"https:\/\/api.w.org\/{rel}","templated":true}]}}