{"id":10935,"date":"2021-02-06T21:01:27","date_gmt":"2021-02-06T20:01:27","guid":{"rendered":"https:\/\/www.lraloeverashop.eu\/product\/aloe-vera-specialny-box\/"},"modified":"2025-04-11T23:27:00","modified_gmt":"2025-04-11T21:27:00","slug":"aloe-vera-specialny-box","status":"publish","type":"product","link":"https:\/\/www.lraloeverashop.eu\/sk\/produkt\/aloe-vera-specialny-box\/","title":{"rendered":"Aloe Vera \u0161peci\u00e1lny box s Fermentovan\u00fdm Aloe Vera G\u00e9lom"},"content":{"rendered":"<h2><span style=\"font-size: 16pt;\"><strong>Aloe Vera \u0161peci\u00e1lny box<\/strong><\/span><\/h2>\n<p><span style=\"font-size: 14pt;\"><strong>Aloe Vera \u0161peci\u00e1lny box-&#8220;Sada prvej pomoci&#8221; pre v\u0161etky pr\u00edpady. Teraz s Fermentovan\u00fdm Aloe Vera G\u00e9lom<\/strong><\/span><\/p>\n<p>T\u00fdto \u0161tyria Aloe Vera \u0161pecialisti podporuj\u00fa prirodzen\u00fa regener\u00e1ciu podr\u00e1\u017edenej poko\u017eky a poskytuj\u00fa mimoriadnu starostlivos\u0165. Aloe Vera \u0161peci\u00e1lny box je ide\u00e1lna starostlivos\u0165 pre dom\u00e1cnos\u0165 ale aj na cest\u00e1ch.<\/p>\n<p><strong>Tr\u00e1pi V\u00e1s Psori\u00e1za, Atopick\u00e1 Dermatit\u00edda, Ichty\u00f3za, Akn\u00e9 alebo Lupus? Tu ste na spr\u00e1vnom mieste.<\/strong><\/p>\n<p>&nbsp;<\/p>\n<p><a href=\"https:\/\/www.lraloeverashop.eu\/sk\/produkt\/aloe-vera-hydratacny-gelovy-koncentrat\/\"><strong>Lr Aloe Vera Hydrata\u010dn\u00fd g\u00e9lov\u00fd koncentr\u00e1t<\/strong><\/a> s 90% \u010dist\u00fdm g\u00e9lom z aloe vera ochladzuje a dod\u00e1va pleti upokojuj\u00facu vlhkos\u0165. Such\u00e1 ple\u0165 sa v\u00fdznamne zlep\u0161uje v\u010faka hydrata\u010dn\u00fdm vlastnostiam koncentr\u00e1tu. Aloe Vera poskytuje svie\u017eu pru\u017enej\u0161iu ple\u0165.<\/p>\n<p><span style=\"color: #008000;\"><strong>Chlad\u00ed, upokojuje a podporuje jej regener\u00e1ciu. Ve\u013emi dobr\u00fd pre lie\u010dbu ekz\u00e9mu, akn\u00e9, pri porezan\u00ed no\u017eom, pop\u00e1len\u00ed atd.<\/strong><\/span><\/p>\n<p>&nbsp;<\/p>\n<p><a href=\"https:\/\/www.lraloeverashop.eu\/sk\/produkt\/aloe-vera-rychly-sprej-prvej-pomoci\/\"><strong>Aloe Vera Sprej prvej pomoci<\/strong><\/a> vytv\u00e1ra ochrann\u00fd n\u00e1ter na n\u00e1ro\u010dn\u00fdch miestach poko\u017eky. V\u010faka svojmu 83% obsahu z Aloe Vera a 12 vybran\u00fdch a testovan\u00fdch rastlinn\u00fdch extraktoch upokojuje, chr\u00e1ni a poskytuje poko\u017eke maxim\u00e1lnu hydrat\u00e1ciu. Dokonal\u00e1 <a href=\"https:\/\/www.lraloeverashop.eu\/sk\/lr-aloe-vera-sprej-prvej-pomoci\/\">n\u00fadzov\u00e1 starostlivos\u0165<\/a> zo silou Aloe Vera.<\/p>\n<p><strong><span style=\"color: #008000;\">Vhodny na ekz\u00e9my, opary a k\u00fatiky, p\u00e1sov\u00e9 opary, pliesne, myk\u00f3zy, akn\u00e9, lupiny a lupienka, zapareniny, z\u00e1pal stredn\u00e9ho ucha atd.<\/span><\/strong><\/p>\n<p>&nbsp;<\/p>\n<p><a href=\"https:\/\/www.lraloeverashop.eu\/sk\/produkt\/aloe-vera-ochranny-krem-s-propolisom\/\"><strong>Aloe Vera Ochrann\u00fd kr\u00e9m s propolisom<\/strong><\/a> s 79% Aloe Vera je vhodn\u00fd na o\u0161etrenie suchej, n\u00e1ro\u010dnej poko\u017eky. Zvy\u0161uje prirodzen\u00fa bari\u00e9ru poko\u017eky a na poko\u017eku nan\u00e1\u0161a ochrann\u00fd pl\u00e1\u0161\u0165. Propolis sa extrahuje z medov\u00e9ho pl\u00e1stu a poskytuje pocit starostlivosti a \u00fa\u013eavy na poko\u017eku v\u010faka svojej tepelnej izol\u00e1cii v kombin\u00e1cii s hydrata\u010dn\u00fdm \u00fa\u010dinkom aloe vera.<\/p>\n<p><strong><span style=\"color: #008000;\">Doporu\u010dujeme pou\u017eiva\u0165 na velmi such\u00e9 ruky, akn\u00e9, ekz\u00e9m a ine ko\u017en\u00e9 choroby po vylieceni ked su rany suche<\/span>.<\/strong><\/p>\n<p>&nbsp;<\/p>\n<p><strong>Aloe Vera G\u00e9l Kr\u00e9m Prvej Pomoci<\/strong> ur\u00fdch\u013euje regener\u00e1ciu poko\u017eky v reakcii na r\u00f4zne drobn\u00e9 ka\u017edodenn\u00e9 ne\u0161\u0165astia, ktor\u00e9 postihuj\u00fa poko\u017eku.* Vytv\u00e1ra \u013eahk\u00fd ochrann\u00fd film a poskytuje h\u013abkov\u00fa hydrat\u00e1ciu s okam\u017eit\u00fdm a dlhodob\u00fdm \u00fa\u010dinkom: Hladina vlhkosti poko\u017eky je viac ako dvojn\u00e1sobn\u00e1 u\u017e po 20 min\u00fatach.** Kr\u00e9mov\u00fd g\u00e9l obnovuje rovnov\u00e1hu poko\u017eky, posil\u0148uje ochrann\u00fa bari\u00e9ru poko\u017eky, a t\u00fdm zlep\u0161uje jej odolnos\u0165.<\/p>\n<p>&nbsp;<\/p>\n<p><strong>+139%<\/strong> vlhkosti ako okam\u017eit\u00fd \u00fa\u010dinok po 20 min.<br \/>\n<strong>+176%<\/strong> vlhkosti ako dlhodob\u00fd efekt po 4 t\u00fd\u017ed\u0148och.<br \/>\n<strong>\u00a0 \u00a090%<\/strong> testovan\u00fdch os\u00f4b potvrdilo r\u00fdchlej\u0161iu regener\u00e1ciu a upokojenie podr\u00e1\u017edenej poko\u017eky.<br \/>\n<strong>\u00a0 \u00a095%<\/strong> testovan\u00fdch os\u00f4b potvrdilo pocit hladkej a pru\u017enej poko\u017eky.<br \/>\n<strong>\u00a0+53%<\/strong> zlep\u0161enie celkov\u00e9ho vzh\u013eadu poko\u017eky.<\/p>\n<p>&nbsp;<\/p>\n<p>* Potvrden\u00e9 aplika\u010dn\u00fdmi testami po\u010das 4 t\u00fd\u017ed\u0148ov s 20 dobrovo\u013en\u00edkmi a n\u00e1sledn\u00fdm dermatologick\u00fdm hodnoten\u00edm v okt\u00f3bri 2024<br \/>\n** Potvrden\u00e9 meran\u00edm korneometra na 20 dobrovo\u013en\u00edkoch v okt\u00f3bri 2024<\/p>\n<p>&nbsp;<\/p>\n<h3><strong><span style=\"font-size: 16pt;\">\u010co je to vlastne Aloe Vera \u0161peci\u00e1lny box Power Duo?<\/span><\/strong><\/h3>\n<p>Vy\u017eivuj\u00faca a regenera\u010dn\u00e1 sila aloe vera g\u00e9lu je posilnen\u00e1 s fermentovan\u00fdm aloe vera g\u00e9lom a doplnen\u00e1 o mno\u017estvo pozit\u00edvnych vlastnost\u00ed. Ferment\u00e1ciou aloe vera g\u00e9lu sa zo zlo\u017eiek extrahuje st\u00e1le viac \u00fa\u010dinn\u00fdch \u017eiv\u00edn, \u010do umo\u017e\u0148uje pln\u00e9 vyu\u017eitie potenci\u00e1lu aloe vera.<\/p>\n<p>&nbsp;<\/p>\n<h3><strong><span style=\"font-size: 16pt;\">Ak\u00e9 s\u00fa v\u00fdhody fermentovan\u00e9ho aloe vera g\u00e9lu?<\/span><\/strong><\/h3>\n<p><strong>Fermentovan\u00fd g\u00e9l z aloe vera:<\/strong><\/p>\n<ol>\n<li>Prenik\u00e1 hlb\u0161ie do poko\u017eky<\/li>\n<li>Umo\u017e\u0148uje poko\u017eke r\u00fdchlej\u0161ie absorbova\u0165 \u017eiviny<\/li>\n<li>Ur\u00fdch\u013euje regener\u00e1ciu poko\u017eky<\/li>\n<li>Hlboko hydratuje<\/li>\n<li>P\u00f4sob\u00ed ako pr\u00edrodn\u00fd prostriedok proti starnutiu<\/li>\n<\/ol>\n<p>&nbsp;<\/p>\n<p>S t\u00fdmito odborn\u00edkmi na \u0161peci\u00e1lnu starostlivos\u0165 ste vy a va\u0161i bl\u00edzki dokonale vybaven\u00ed na v\u0161etky ka\u017edodenn\u00e9 v\u00fdzvy. \u0160peci\u00e1lna sada starostlivosti so \u0161tyrmi multitalentovan\u00fdmi produktmi je va\u0161\u00edm ide\u00e1lnym spolo\u010dn\u00edkom pre trvalo kr\u00e1snu a zdrav\u00fa poko\u017eku.<\/p>\n<p><strong>To najlep\u0161ie:<\/strong> Aloe Vera \u0161peci\u00e1lny box v praktickej ta\u0161ke, m\u00e1te Aloe Vera Produkty v\u017edy so sebou a v pr\u00edpade potreby ste perfektne pripraven\u00ed!<\/p>\n<p>&nbsp;<\/p>\n<h3><strong><span style=\"font-size: 16pt;\">Vysk\u00fa\u0161ajte Nov\u00fd Aloe Vera \u0161peci\u00e1lny box a presved\u010dte sa sami<\/span><\/strong><\/h3>\n<p>V\u010faka unik\u00e1tnemu Power Duo poskytuj\u00fa na\u0161i \u0161tyria profesion\u00e1li v starostlivosti o ple\u0165 intenz\u00edvnu hydrata\u010dn\u00fa starostlivos\u0165 a r\u00fdchlu regener\u00e1ciu najm\u00e4 pre extr\u00e9mne nam\u00e1han\u00e9 oblasti poko\u017eky.<\/p>\n","protected":false},"excerpt":{"rendered":"<ul>\n<li>Lr Aloe Vera Sprej prvej pomoci 150 ml, lie\u010di, upokojuje a ochladzuje<\/li>\n<li>Lr Aloe Vera hydrata\u010dn\u00fd g\u00e9lov\u00fd koncentr\u00e1t 100 ml, podporuje regener\u00e1ciu<\/li>\n<li>Lr Aloe Vera Ochrann\u00fd kr\u00e9m s propolisom 100 ml, poskytuje vlhkos\u0165 a pru\u017enos\u0165 poko\u017eky.<\/li>\n<li>Aloe Vera G\u00e9l Kr\u00e9m Prvej Pomoci 30 ml, ur\u00fdchli regener\u00e1ciu poko\u017eky<\/li>\n<\/ul>\n<p>&nbsp;<\/p>\n","protected":false},"featured_media":27255,"comment_status":"open","ping_status":"closed","template":"","meta":{"_kad_blocks_custom_css":"","_kad_blocks_head_custom_js":"","_kad_blocks_body_custom_js":"","_kad_blocks_footer_custom_js":"","_kadence_starter_templates_imported_post":false,"_kad_post_transparent":"default","_kad_post_title":"","_kad_post_layout":"default","_kad_post_sidebar_id":"","_kad_post_content_style":"default","_kad_post_vertical_padding":"default","_kad_post_feature":"","_kad_post_feature_position":"","_kad_post_header":false,"_kad_post_footer":false,"_kad_post_classname":""},"product_brand":[],"product_cat":[216,264,231,241],"product_tag":[561,1204,618,560,626],"class_list":{"0":"post-10935","1":"product","2":"type-product","3":"status-publish","4":"has-post-thumbnail","6":"product_cat-aloe-vera-sk","7":"product_cat-specialna-starostlivost","8":"product_cat-starostlivost-o-telo","9":"product_cat-starostlivost-o-tvar","10":"product_tag-ekzem-sk","11":"product_tag-fermentovany-aloe-gel","12":"product_tag-rany","13":"product_tag-rezy","14":"product_tag-suche-ruky","16":"first","17":"instock","18":"taxable","19":"shipping-taxable","20":"purchasable","21":"product-type-simple","22":"entry","23":"content-bg","24":"loop-entry"},"yoast_head":"<!-- This site is optimized with the Yoast SEO Premium plugin v27.5 (Yoast SEO v27.5) - https:\/\/yoast.com\/product\/yoast-seo-premium-wordpress\/ -->\n<title>Aloe Vera \u0161peci\u00e1lny box-&quot;Sada prvej pomoci&quot; pre v\u0161etky pr\u00edpady<\/title>\n<meta name=\"description\" content=\"Tr\u00e1pi V\u00e1s Psori\u00e1za, Atopick\u00e1 Dermatit\u00edda, Ichty\u00f3za, Akn\u00e9 alebo Lupus? Tu ste na spr\u00e1vnom mieste. Aloe Vera \u0161peci\u00e1lny box poskytuje mimoriadnu starostlivos\u0165\" \/>\n<meta name=\"robots\" content=\"index, follow, max-snippet:-1, max-image-preview:large, max-video-preview:-1\" \/>\n<link rel=\"canonical\" href=\"https:\/\/www.lraloeverashop.eu\/sk\/produkt\/aloe-vera-specialny-box\/\" \/>\n<meta property=\"og:locale\" content=\"sk_SK\" \/>\n<meta property=\"og:type\" content=\"article\" \/>\n<meta property=\"og:title\" content=\"Aloe Vera \u0161peci\u00e1lny box s Fermentovan\u00fdm Aloe Vera G\u00e9lom\" \/>\n<meta property=\"og:description\" content=\"Tr\u00e1pi V\u00e1s Psori\u00e1za, Atopick\u00e1 Dermatit\u00edda, Ichty\u00f3za, Akn\u00e9 alebo Lupus? Tu ste na spr\u00e1vnom mieste. Aloe Vera \u0161peci\u00e1lny box poskytuje mimoriadnu starostlivos\u0165\" \/>\n<meta property=\"og:url\" content=\"https:\/\/www.lraloeverashop.eu\/sk\/produkt\/aloe-vera-specialny-box\/\" \/>\n<meta property=\"og:site_name\" content=\"Lr Obchod Aloe Vera\" \/>\n<meta property=\"article:publisher\" content=\"https:\/\/www.facebook.com\/lraloeverashop.eu\" \/>\n<meta property=\"article:modified_time\" content=\"2025-04-11T21:27:00+00:00\" \/>\n<meta property=\"og:image\" content=\"https:\/\/www.lraloeverashop.eu\/wp-content\/uploads\/2025\/04\/Aloe-Vera-Special-Care-Bag.jpg\" \/>\n\t<meta property=\"og:image:width\" content=\"1200\" \/>\n\t<meta property=\"og:image:height\" content=\"1200\" \/>\n\t<meta property=\"og:image:type\" content=\"image\/jpeg\" \/>\n<meta name=\"twitter:card\" content=\"summary_large_image\" \/>\n<meta name=\"twitter:site\" content=\"@natur__kosmetik\" \/>\n<script type=\"application\/ld+json\" class=\"yoast-schema-graph\">{\"@context\":\"https:\\\/\\\/schema.org\",\"@graph\":[{\"@type\":[\"WebPage\",\"ItemPage\"],\"@id\":\"https:\\\/\\\/www.lraloeverashop.eu\\\/sk\\\/produkt\\\/aloe-vera-specialny-box\\\/\",\"url\":\"https:\\\/\\\/www.lraloeverashop.eu\\\/sk\\\/produkt\\\/aloe-vera-specialny-box\\\/\",\"name\":\"Aloe Vera \u0161peci\u00e1lny box-\\\"Sada prvej pomoci\\\" pre v\u0161etky pr\u00edpady\",\"isPartOf\":{\"@id\":\"https:\\\/\\\/www.lraloeverashop.eu\\\/sk\\\/#website\"},\"primaryImageOfPage\":{\"@id\":\"https:\\\/\\\/www.lraloeverashop.eu\\\/sk\\\/produkt\\\/aloe-vera-specialny-box\\\/#primaryimage\"},\"image\":{\"@id\":\"https:\\\/\\\/www.lraloeverashop.eu\\\/sk\\\/produkt\\\/aloe-vera-specialny-box\\\/#primaryimage\"},\"thumbnailUrl\":\"https:\\\/\\\/www.lraloeverashop.eu\\\/wp-content\\\/uploads\\\/2025\\\/04\\\/Aloe-Vera-Special-Care-Bag.jpg\",\"datePublished\":\"2021-02-06T20:01:27+00:00\",\"dateModified\":\"2025-04-11T21:27:00+00:00\",\"description\":\"Tr\u00e1pi V\u00e1s Psori\u00e1za, Atopick\u00e1 Dermatit\u00edda, Ichty\u00f3za, Akn\u00e9 alebo Lupus? Tu ste na spr\u00e1vnom mieste. Aloe Vera \u0161peci\u00e1lny box poskytuje mimoriadnu starostlivos\u0165\",\"breadcrumb\":{\"@id\":\"https:\\\/\\\/www.lraloeverashop.eu\\\/sk\\\/produkt\\\/aloe-vera-specialny-box\\\/#breadcrumb\"},\"inLanguage\":\"sk-SK\",\"potentialAction\":[{\"@type\":\"ReadAction\",\"target\":[\"https:\\\/\\\/www.lraloeverashop.eu\\\/sk\\\/produkt\\\/aloe-vera-specialny-box\\\/\"]}]},{\"@type\":\"ImageObject\",\"inLanguage\":\"sk-SK\",\"@id\":\"https:\\\/\\\/www.lraloeverashop.eu\\\/sk\\\/produkt\\\/aloe-vera-specialny-box\\\/#primaryimage\",\"url\":\"https:\\\/\\\/www.lraloeverashop.eu\\\/wp-content\\\/uploads\\\/2025\\\/04\\\/Aloe-Vera-Special-Care-Bag.jpg\",\"contentUrl\":\"https:\\\/\\\/www.lraloeverashop.eu\\\/wp-content\\\/uploads\\\/2025\\\/04\\\/Aloe-Vera-Special-Care-Bag.jpg\",\"width\":1200,\"height\":1200,\"caption\":\"Aloe Vera Ta\u0161ka Prvej Pomoci - Aloe Vera \u0160pecialisti pre ka\u017ed\u00fd pr\u00edpad\"},{\"@type\":\"BreadcrumbList\",\"@id\":\"https:\\\/\\\/www.lraloeverashop.eu\\\/sk\\\/produkt\\\/aloe-vera-specialny-box\\\/#breadcrumb\",\"itemListElement\":[{\"@type\":\"ListItem\",\"position\":1,\"name\":\"Home\",\"item\":\"https:\\\/\\\/www.lraloeverashop.eu\\\/sk\\\/aloe-vera-obchod-vsetko-pre-vasu-krasu-a-pohodu\\\/\"},{\"@type\":\"ListItem\",\"position\":2,\"name\":\"Obchod\",\"item\":\"https:\\\/\\\/www.lraloeverashop.eu\\\/sk\\\/obchod\\\/\"},{\"@type\":\"ListItem\",\"position\":3,\"name\":\"Aloe Vera \u0161peci\u00e1lny box s Fermentovan\u00fdm Aloe Vera G\u00e9lom\"}]},{\"@type\":\"WebSite\",\"@id\":\"https:\\\/\\\/www.lraloeverashop.eu\\\/sk\\\/#website\",\"url\":\"https:\\\/\\\/www.lraloeverashop.eu\\\/sk\\\/\",\"name\":\"Lr Obchod Aloe Vera\",\"description\":\"High Quality Lr Aloe Vera Gel, Aloe Vera Cream and Shampoo\",\"publisher\":{\"@id\":\"https:\\\/\\\/www.lraloeverashop.eu\\\/sk\\\/#organization\"},\"alternateName\":\"LR\",\"potentialAction\":[{\"@type\":\"SearchAction\",\"target\":{\"@type\":\"EntryPoint\",\"urlTemplate\":\"https:\\\/\\\/www.lraloeverashop.eu\\\/sk\\\/?s={search_term_string}\"},\"query-input\":{\"@type\":\"PropertyValueSpecification\",\"valueRequired\":true,\"valueName\":\"search_term_string\"}}],\"inLanguage\":\"sk-SK\"},{\"@type\":\"Organization\",\"@id\":\"https:\\\/\\\/www.lraloeverashop.eu\\\/sk\\\/#organization\",\"name\":\"Lr Obchod Aloe Vera\",\"alternateName\":\"LR\",\"url\":\"https:\\\/\\\/www.lraloeverashop.eu\\\/sk\\\/\",\"logo\":{\"@type\":\"ImageObject\",\"inLanguage\":\"sk-SK\",\"@id\":\"https:\\\/\\\/www.lraloeverashop.eu\\\/sk\\\/#\\\/schema\\\/logo\\\/image\\\/\",\"url\":\"https:\\\/\\\/www.lraloeverashop.eu\\\/wp-content\\\/uploads\\\/2022\\\/09\\\/cropped-Lr-Aloe-Vera-Shop.jpg\",\"contentUrl\":\"https:\\\/\\\/www.lraloeverashop.eu\\\/wp-content\\\/uploads\\\/2022\\\/09\\\/cropped-Lr-Aloe-Vera-Shop.jpg\",\"width\":228,\"height\":76,\"caption\":\"Lr Obchod Aloe Vera\"},\"image\":{\"@id\":\"https:\\\/\\\/www.lraloeverashop.eu\\\/sk\\\/#\\\/schema\\\/logo\\\/image\\\/\"},\"sameAs\":[\"https:\\\/\\\/www.facebook.com\\\/lraloeverashop.eu\",\"https:\\\/\\\/x.com\\\/natur__kosmetik\",\"https:\\\/\\\/www.youtube.com\\\/channel\\\/UC5oN7BJ8nfYb8RpVtjwDEBA\",\"https:\\\/\\\/www.instagram.com\\\/lrbeautyeu\\\/\"],\"description\":\"Obchod Lr Aloe Vera je va\u0161\u00edm d\u00f4veryhodn\u00fdm miestom pre pr\u00e9miov\u00e9 produkty LR Health & Beauty vyroben\u00e9 v Nemecku. Pon\u00fakame vysokokvalitn\u00e9 rie\u0161enia starostlivosti o ple\u0165 s Aloe Vera, v\u00fd\u017eivu a proti starnutiu, vyroben\u00e9 z \u010dist\u00fdch ingredienci\u00ed a podlo\u017een\u00e9 vedeck\u00fdm v\u00fdskumom. Objavte pr\u00edrodn\u00fa starostlivos\u0165, ktor\u00e1 regeneruje, chr\u00e1ni a revitalizuje va\u0161u ple\u0165 \u2013 a vyu\u017eite exkluz\u00edvne mesa\u010dn\u00e9 ponuky na na\u0161e najpred\u00e1vanej\u0161ie produkty LR Aloe Vera.\\nZa\u010dnite svoju cestu za pr\u00edrodnou starostlivos\u0165ou o ple\u0165 e\u0161te dnes a poc\u00ed\u0165te rozdiel.\",\"email\":\"info@lraloeverashop.eu\",\"telephone\":\"+49 17670609653\",\"legalName\":\"Lr Aloe Vera Shop\",\"foundingDate\":\"2018-04-21\",\"numberOfEmployees\":{\"@type\":\"QuantitativeValue\",\"minValue\":\"1\",\"maxValue\":\"10\"}}]}<\/script>\n<meta property=\"product:price:amount\" content=\"76.89\" \/>\n<meta property=\"product:price:currency\" content=\"EUR\" \/>\n<meta property=\"og:availability\" content=\"instock\" \/>\n<meta property=\"product:availability\" content=\"instock\" \/>\n<meta property=\"product:retailer_item_id\" content=\"20905-1SK\" \/>\n<meta property=\"product:condition\" content=\"new\" \/>\n<!-- \/ Yoast SEO Premium plugin. -->","yoast_head_json":{"title":"Aloe Vera \u0161peci\u00e1lny box-\"Sada prvej pomoci\" pre v\u0161etky pr\u00edpady","description":"Tr\u00e1pi V\u00e1s Psori\u00e1za, Atopick\u00e1 Dermatit\u00edda, Ichty\u00f3za, Akn\u00e9 alebo Lupus? Tu ste na spr\u00e1vnom mieste. Aloe Vera \u0161peci\u00e1lny box poskytuje mimoriadnu starostlivos\u0165","robots":{"index":"index","follow":"follow","max-snippet":"max-snippet:-1","max-image-preview":"max-image-preview:large","max-video-preview":"max-video-preview:-1"},"canonical":"https:\/\/www.lraloeverashop.eu\/sk\/produkt\/aloe-vera-specialny-box\/","og_locale":"sk_SK","og_type":"article","og_title":"Aloe Vera \u0161peci\u00e1lny box s Fermentovan\u00fdm Aloe Vera G\u00e9lom","og_description":"Tr\u00e1pi V\u00e1s Psori\u00e1za, Atopick\u00e1 Dermatit\u00edda, Ichty\u00f3za, Akn\u00e9 alebo Lupus? Tu ste na spr\u00e1vnom mieste. Aloe Vera \u0161peci\u00e1lny box poskytuje mimoriadnu starostlivos\u0165","og_url":"https:\/\/www.lraloeverashop.eu\/sk\/produkt\/aloe-vera-specialny-box\/","og_site_name":"Lr Obchod Aloe Vera","article_publisher":"https:\/\/www.facebook.com\/lraloeverashop.eu","article_modified_time":"2025-04-11T21:27:00+00:00","og_image":[{"width":1200,"height":1200,"url":"https:\/\/www.lraloeverashop.eu\/wp-content\/uploads\/2025\/04\/Aloe-Vera-Special-Care-Bag.jpg","type":"image\/jpeg"}],"twitter_card":"summary_large_image","twitter_site":"@natur__kosmetik","schema":{"@context":"https:\/\/schema.org","@graph":[{"@type":["WebPage","ItemPage"],"@id":"https:\/\/www.lraloeverashop.eu\/sk\/produkt\/aloe-vera-specialny-box\/","url":"https:\/\/www.lraloeverashop.eu\/sk\/produkt\/aloe-vera-specialny-box\/","name":"Aloe Vera \u0161peci\u00e1lny box-\"Sada prvej pomoci\" pre v\u0161etky pr\u00edpady","isPartOf":{"@id":"https:\/\/www.lraloeverashop.eu\/sk\/#website"},"primaryImageOfPage":{"@id":"https:\/\/www.lraloeverashop.eu\/sk\/produkt\/aloe-vera-specialny-box\/#primaryimage"},"image":{"@id":"https:\/\/www.lraloeverashop.eu\/sk\/produkt\/aloe-vera-specialny-box\/#primaryimage"},"thumbnailUrl":"https:\/\/www.lraloeverashop.eu\/wp-content\/uploads\/2025\/04\/Aloe-Vera-Special-Care-Bag.jpg","datePublished":"2021-02-06T20:01:27+00:00","dateModified":"2025-04-11T21:27:00+00:00","description":"Tr\u00e1pi V\u00e1s Psori\u00e1za, Atopick\u00e1 Dermatit\u00edda, Ichty\u00f3za, Akn\u00e9 alebo Lupus? Tu ste na spr\u00e1vnom mieste. Aloe Vera \u0161peci\u00e1lny box poskytuje mimoriadnu starostlivos\u0165","breadcrumb":{"@id":"https:\/\/www.lraloeverashop.eu\/sk\/produkt\/aloe-vera-specialny-box\/#breadcrumb"},"inLanguage":"sk-SK","potentialAction":[{"@type":"ReadAction","target":["https:\/\/www.lraloeverashop.eu\/sk\/produkt\/aloe-vera-specialny-box\/"]}]},{"@type":"ImageObject","inLanguage":"sk-SK","@id":"https:\/\/www.lraloeverashop.eu\/sk\/produkt\/aloe-vera-specialny-box\/#primaryimage","url":"https:\/\/www.lraloeverashop.eu\/wp-content\/uploads\/2025\/04\/Aloe-Vera-Special-Care-Bag.jpg","contentUrl":"https:\/\/www.lraloeverashop.eu\/wp-content\/uploads\/2025\/04\/Aloe-Vera-Special-Care-Bag.jpg","width":1200,"height":1200,"caption":"Aloe Vera Ta\u0161ka Prvej Pomoci - Aloe Vera \u0160pecialisti pre ka\u017ed\u00fd pr\u00edpad"},{"@type":"BreadcrumbList","@id":"https:\/\/www.lraloeverashop.eu\/sk\/produkt\/aloe-vera-specialny-box\/#breadcrumb","itemListElement":[{"@type":"ListItem","position":1,"name":"Home","item":"https:\/\/www.lraloeverashop.eu\/sk\/aloe-vera-obchod-vsetko-pre-vasu-krasu-a-pohodu\/"},{"@type":"ListItem","position":2,"name":"Obchod","item":"https:\/\/www.lraloeverashop.eu\/sk\/obchod\/"},{"@type":"ListItem","position":3,"name":"Aloe Vera \u0161peci\u00e1lny box s Fermentovan\u00fdm Aloe Vera G\u00e9lom"}]},{"@type":"WebSite","@id":"https:\/\/www.lraloeverashop.eu\/sk\/#website","url":"https:\/\/www.lraloeverashop.eu\/sk\/","name":"Lr Obchod Aloe Vera","description":"High Quality Lr Aloe Vera Gel, Aloe Vera Cream and Shampoo","publisher":{"@id":"https:\/\/www.lraloeverashop.eu\/sk\/#organization"},"alternateName":"LR","potentialAction":[{"@type":"SearchAction","target":{"@type":"EntryPoint","urlTemplate":"https:\/\/www.lraloeverashop.eu\/sk\/?s={search_term_string}"},"query-input":{"@type":"PropertyValueSpecification","valueRequired":true,"valueName":"search_term_string"}}],"inLanguage":"sk-SK"},{"@type":"Organization","@id":"https:\/\/www.lraloeverashop.eu\/sk\/#organization","name":"Lr Obchod Aloe Vera","alternateName":"LR","url":"https:\/\/www.lraloeverashop.eu\/sk\/","logo":{"@type":"ImageObject","inLanguage":"sk-SK","@id":"https:\/\/www.lraloeverashop.eu\/sk\/#\/schema\/logo\/image\/","url":"https:\/\/www.lraloeverashop.eu\/wp-content\/uploads\/2022\/09\/cropped-Lr-Aloe-Vera-Shop.jpg","contentUrl":"https:\/\/www.lraloeverashop.eu\/wp-content\/uploads\/2022\/09\/cropped-Lr-Aloe-Vera-Shop.jpg","width":228,"height":76,"caption":"Lr Obchod Aloe Vera"},"image":{"@id":"https:\/\/www.lraloeverashop.eu\/sk\/#\/schema\/logo\/image\/"},"sameAs":["https:\/\/www.facebook.com\/lraloeverashop.eu","https:\/\/x.com\/natur__kosmetik","https:\/\/www.youtube.com\/channel\/UC5oN7BJ8nfYb8RpVtjwDEBA","https:\/\/www.instagram.com\/lrbeautyeu\/"],"description":"Obchod Lr Aloe Vera je va\u0161\u00edm d\u00f4veryhodn\u00fdm miestom pre pr\u00e9miov\u00e9 produkty LR Health & Beauty vyroben\u00e9 v Nemecku. Pon\u00fakame vysokokvalitn\u00e9 rie\u0161enia starostlivosti o ple\u0165 s Aloe Vera, v\u00fd\u017eivu a proti starnutiu, vyroben\u00e9 z \u010dist\u00fdch ingredienci\u00ed a podlo\u017een\u00e9 vedeck\u00fdm v\u00fdskumom. Objavte pr\u00edrodn\u00fa starostlivos\u0165, ktor\u00e1 regeneruje, chr\u00e1ni a revitalizuje va\u0161u ple\u0165 \u2013 a vyu\u017eite exkluz\u00edvne mesa\u010dn\u00e9 ponuky na na\u0161e najpred\u00e1vanej\u0161ie produkty LR Aloe Vera.\nZa\u010dnite svoju cestu za pr\u00edrodnou starostlivos\u0165ou o ple\u0165 e\u0161te dnes a poc\u00ed\u0165te rozdiel.","email":"info@lraloeverashop.eu","telephone":"+49 17670609653","legalName":"Lr Aloe Vera Shop","foundingDate":"2018-04-21","numberOfEmployees":{"@type":"QuantitativeValue","minValue":"1","maxValue":"10"}}]},"product_price_amount":"76.89","product_price_currency":"EUR","og_availability":"instock","product_availability":"instock","product_retailer_item_id":"20905-1SK","product_condition":"new"},"taxonomy_info":{"product_cat":[{"value":216,"label":"Aloe Vera"},{"value":264,"label":"\u0160peci\u00e1lna starostlivos\u0165"},{"value":231,"label":"Starostlivos\u0165 o telo"},{"value":241,"label":"Starostlivos\u0165 o tv\u00e1r"}],"product_tag":[{"value":561,"label":"Ekz\u00e9m"},{"value":1204,"label":"Fermentovan\u00fd aloe g\u00e9l"},{"value":618,"label":"Rany"},{"value":560,"label":"rezy"},{"value":626,"label":"Such\u00e9 ruky"}]},"featured_image_src_large":["https:\/\/www.lraloeverashop.eu\/wp-content\/uploads\/2025\/04\/Aloe-Vera-Special-Care-Bag-1024x1024.jpg",1024,1024,true],"author_info":[],"comment_info":0,"_links":{"self":[{"href":"https:\/\/www.lraloeverashop.eu\/sk\/wp-json\/wp\/v2\/product\/10935","targetHints":{"allow":["GET"]}}],"collection":[{"href":"https:\/\/www.lraloeverashop.eu\/sk\/wp-json\/wp\/v2\/product"}],"about":[{"href":"https:\/\/www.lraloeverashop.eu\/sk\/wp-json\/wp\/v2\/types\/product"}],"replies":[{"embeddable":true,"href":"https:\/\/www.lraloeverashop.eu\/sk\/wp-json\/wp\/v2\/comments?post=10935"}],"wp:featuredmedia":[{"embeddable":true,"href":"https:\/\/www.lraloeverashop.eu\/sk\/wp-json\/wp\/v2\/media\/27255"}],"wp:attachment":[{"href":"https:\/\/www.lraloeverashop.eu\/sk\/wp-json\/wp\/v2\/media?parent=10935"}],"wp:term":[{"taxonomy":"product_brand","embeddable":true,"href":"https:\/\/www.lraloeverashop.eu\/sk\/wp-json\/wp\/v2\/product_brand?post=10935"},{"taxonomy":"product_cat","embeddable":true,"href":"https:\/\/www.lraloeverashop.eu\/sk\/wp-json\/wp\/v2\/product_cat?post=10935"},{"taxonomy":"product_tag","embeddable":true,"href":"https:\/\/www.lraloeverashop.eu\/sk\/wp-json\/wp\/v2\/product_tag?post=10935"}],"curies":[{"name":"wp","href":"https:\/\/api.w.org\/{rel}","templated":true}]}}