{"id":10929,"date":"2022-10-09T09:02:56","date_gmt":"2022-10-09T07:02:56","guid":{"rendered":"https:\/\/www.lraloeverashop.eu\/product\/aloe-vera-vitalizacna-sada\/"},"modified":"2025-03-29T18:58:51","modified_gmt":"2025-03-29T17:58:51","slug":"aloe-vera-vitalizacna-sada","status":"publish","type":"product","link":"https:\/\/www.lraloeverashop.eu\/sk\/produkt\/aloe-vera-vitalizacna-sada\/","title":{"rendered":"Aloe Vera Vitaliza\u010dn\u00e1 Sada"},"content":{"rendered":"<h2><span style=\"font-size: 16pt;\"><strong>Aloe Vera Vitaliza\u010dn\u00e1 Sada<\/strong><\/span><\/h2>\n<p><span style=\"font-size: 14pt;\"><strong>Aloe Vera Vitaliza\u010dn\u00e1 Sada &#8211;\u00a0S Lr Aloe Vera k relax\u00e1cii a pohode<\/strong><\/span><\/p>\n<p>Po n\u00e1ro\u010dnej fyzickej aktivite alebo len tak, ke\u010f potrebujete r\u00fdchlu \u00fa\u013eavu od bolesti, je t\u00e1to Aloe Vera sada tak\u00e1, na ktor\u00fa sa m\u00f4\u017eete spo\u013eahn\u00fa\u0165. Obsahuje zmes jemn\u00fdch ingredienci\u00ed, ktor\u00e9 spolo\u010dne pom\u00e1haj\u00fa udr\u017eiava\u0165 va\u0161u poko\u017eku a telo vo v\u00fdbornom stave. Vysk\u00fa\u0161ajte to e\u0161te dnes a uvid\u00edte \u00fa\u017easn\u00e9 v\u00fdsledky, ktor\u00e9 pon\u00faka pre va\u0161e unaven\u00e9 k\u013aby a such\u00fa poko\u017eku!<\/p>\n<p>&nbsp;<\/p>\n<h3><span style=\"font-size: 16pt;\"><strong>Sada obsahuje:<\/strong><\/span><\/h3>\n<p>Lr Aloe Vera Multifunk\u010dn\u00fd MSM telov\u00fd g\u00e9l je jemn\u00fd g\u00e9l, ktor\u00fd sa r\u00fdchlo a \u013eahko vstreb\u00e1va do ko\u017ee. Obsahuje 60% v\u00fd\u0165a\u017eku z Aloe Vera, medvedice lekarskej a v\u00fd\u0165a\u017eku z k\u00f4ry. Svoj\u00edm osvie\u017euj\u00facim \u00fa\u010dinkom a hodnotn\u00fdmi rastlinn\u00fdmi v\u00fd\u0165a\u017ekami m\u00e1 priazniv\u00e9 \u00fa\u010dinky na <a href=\"https:\/\/www.lraloeverashop.eu\/sk\/lr-aloe-vera-msm-telovy-gel\/\">bolestiv\u00e9 k\u013aby<\/a>.<\/p>\n<p>Jeho vysok\u00fd obsah aloe vera pon\u00faka pevnos\u0165 a elasticitu poko\u017eky. Listy medvedice lekarskej obsahuj\u00fa rastlinn\u00fa zlo\u017eku arbutin. Okrem toho s\u00fa listy bohat\u00e9 na triesloviny a flavonoidy. Arbut\u00edn je premenen\u00fd na biologicky dostupn\u00fd hydrochin\u00f3n vo vn\u00fatri tela.<\/p>\n<p><a href=\"https:\/\/www.lraloeverashop.eu\/sk\/produkt\/aloe-vera-relaxacne-hrejive-mlieko\/\">Lr Aloe Vera Relaxa\u010dn\u00e9 hrejiv\u00e9 mlieko<\/a> obsahuje 45% Aloe Vera a ide\u00e1lne mas\u00e1\u017ene mlieko. Esenci\u00e1lne oleje ktor\u00e9 obsahuje, poskytuj\u00fa poko\u017eke \u013eahk\u00fd pocit svie\u017eosti a pomaly sa vyv\u00edjaj\u00fa do pr\u00edjemn\u00e9ho pocitu tepla ktor\u00fd prin\u00e1\u0161a okam\u017eit\u00fa relax\u00e1ciu.<\/p>\n<p>Eukapyptov\u00fd olej zvy\u0161uje krvn\u00fd obeh v mas\u00edrovanej oblasti a z\u00e1rove\u0148 poskytuje poko\u017eke pr\u00edjemn\u00e9 chladenie. Jeho vysok\u00fd obsah aloe vera a jej vy\u017eivuj\u00faca \u0161trukt\u00fara, bohat\u00e1 na jemn\u00e9 oleje, je ve\u013emi <a href=\"https:\/\/www.lraloeverashop.eu\/sk\/\">prospe\u0161n\u00e1 pre poko\u017eku<\/a>.<\/p>\n<p>Vysk\u00fa\u0161ajte aj \u010fal\u0161\u00edch \u0161pecialistov na starostlivos\u0165 z Aloe Vera: Hydrata\u010dn\u00fd g\u00e9lov\u00fd koncentr\u00e1t, Ochrann\u00fd propolisov\u00fd kr\u00e9m, Rapid n\u00fadzov\u00fd sprej alebo Regula\u010dn\u00fd kr\u00e9m DermaIntense.<\/p>\n","protected":false},"excerpt":{"rendered":"<ul>\n<li>Lr Aloe Vera Relaxa\u010dn\u00e9 hrejiv\u00e9 mlieko<\/li>\n<li>45% Aloe Vera g\u00e9l a pr\u00edrodn\u00e9 esenci\u00e1lne oleje<\/li>\n<li>Lr Aloe Vera Multifunk\u010dn\u00fd MSM telov\u00fd g\u00e9l<\/li>\n<li>S 60% Aloe Vera g\u00e9lom, \u0161peci\u00e1lnou zl\u00fa\u010deninou s\u00edry MSM<\/li>\n<li>V\u00fdrobky bez parab\u00e9nov<\/li>\n<\/ul>\n<p>&nbsp;<\/p>\n","protected":false},"featured_media":4768,"comment_status":"open","ping_status":"closed","template":"","meta":{"_kad_blocks_custom_css":"","_kad_blocks_head_custom_js":"","_kad_blocks_body_custom_js":"","_kad_blocks_footer_custom_js":"","_kadence_starter_templates_imported_post":false,"_kad_post_transparent":"default","_kad_post_title":"","_kad_post_layout":"default","_kad_post_sidebar_id":"","_kad_post_content_style":"default","_kad_post_vertical_padding":"default","_kad_post_feature":"","_kad_post_feature_position":"","_kad_post_header":false,"_kad_post_footer":false,"_kad_post_classname":""},"product_brand":[],"product_cat":[216,264,231],"product_tag":[563,564,566,568],"class_list":{"0":"post-10929","1":"product","2":"type-product","3":"status-publish","4":"has-post-thumbnail","6":"product_cat-aloe-vera-sk","7":"product_cat-specialna-starostlivost","8":"product_cat-starostlivost-o-telo","9":"product_tag-bolest-klbov","10":"product_tag-masaz","11":"product_tag-svalove-napatie","12":"product_tag-unavene-nohy","14":"first","15":"outofstock","16":"taxable","17":"shipping-taxable","18":"purchasable","19":"product-type-simple","20":"entry","21":"content-bg","22":"loop-entry"},"yoast_head":"<!-- This site is optimized with the Yoast SEO Premium plugin v27.4 (Yoast SEO v27.4) - https:\/\/yoast.com\/product\/yoast-seo-premium-wordpress\/ -->\n<title>Aloe Vera Vitaliza\u010dn\u00e1 Sada pom\u00f4\u017ee po n\u00e1ro\u010dnej fyzickej aktivite<\/title>\n<meta name=\"description\" content=\"Aloe Vera Vitaliza\u010dn\u00e1 Sada r\u00fdchlu \u00fa\u013eavu od bolesti. Obsahuje zmes jemn\u00fdch ingredienci\u00ed, ktor\u00e9 pom\u00e1haj\u00fa udr\u017eiava\u0165 va\u0161u poko\u017eku a telo vo v\u00fdbornom stave\" \/>\n<meta name=\"robots\" content=\"index, follow, max-snippet:-1, max-image-preview:large, max-video-preview:-1\" \/>\n<link rel=\"canonical\" href=\"https:\/\/www.lraloeverashop.eu\/sk\/produkt\/aloe-vera-vitalizacna-sada\/\" \/>\n<meta property=\"og:locale\" content=\"sk_SK\" \/>\n<meta property=\"og:type\" content=\"article\" \/>\n<meta property=\"og:title\" content=\"Aloe Vera Vitaliza\u010dn\u00e1 Sada\" \/>\n<meta property=\"og:description\" content=\"Aloe Vera Vitaliza\u010dn\u00e1 Sada r\u00fdchlu \u00fa\u013eavu od bolesti. Obsahuje zmes jemn\u00fdch ingredienci\u00ed, ktor\u00e9 pom\u00e1haj\u00fa udr\u017eiava\u0165 va\u0161u poko\u017eku a telo vo v\u00fdbornom stave\" \/>\n<meta property=\"og:url\" content=\"https:\/\/www.lraloeverashop.eu\/sk\/produkt\/aloe-vera-vitalizacna-sada\/\" \/>\n<meta property=\"og:site_name\" content=\"Lr Obchod Aloe Vera\" \/>\n<meta property=\"article:publisher\" content=\"https:\/\/www.facebook.com\/lraloeverashop.eu\" \/>\n<meta property=\"article:modified_time\" content=\"2025-03-29T17:58:51+00:00\" \/>\n<meta property=\"og:image\" content=\"https:\/\/www.lraloeverashop.eu\/wp-content\/uploads\/2022\/10\/Lr-Aloe-Vera-Vital-Set.jpg\" \/>\n\t<meta property=\"og:image:width\" content=\"1200\" \/>\n\t<meta property=\"og:image:height\" content=\"1200\" \/>\n\t<meta property=\"og:image:type\" content=\"image\/jpeg\" \/>\n<meta name=\"twitter:card\" content=\"summary_large_image\" \/>\n<meta name=\"twitter:site\" content=\"@natur__kosmetik\" \/>\n<script type=\"application\/ld+json\" class=\"yoast-schema-graph\">{\"@context\":\"https:\\\/\\\/schema.org\",\"@graph\":[{\"@type\":[\"WebPage\",\"ItemPage\"],\"@id\":\"https:\\\/\\\/www.lraloeverashop.eu\\\/sk\\\/produkt\\\/aloe-vera-vitalizacna-sada\\\/\",\"url\":\"https:\\\/\\\/www.lraloeverashop.eu\\\/sk\\\/produkt\\\/aloe-vera-vitalizacna-sada\\\/\",\"name\":\"Aloe Vera Vitaliza\u010dn\u00e1 Sada pom\u00f4\u017ee po n\u00e1ro\u010dnej fyzickej aktivite\",\"isPartOf\":{\"@id\":\"https:\\\/\\\/www.lraloeverashop.eu\\\/sk\\\/#website\"},\"primaryImageOfPage\":{\"@id\":\"https:\\\/\\\/www.lraloeverashop.eu\\\/sk\\\/produkt\\\/aloe-vera-vitalizacna-sada\\\/#primaryimage\"},\"image\":{\"@id\":\"https:\\\/\\\/www.lraloeverashop.eu\\\/sk\\\/produkt\\\/aloe-vera-vitalizacna-sada\\\/#primaryimage\"},\"thumbnailUrl\":\"https:\\\/\\\/www.lraloeverashop.eu\\\/wp-content\\\/uploads\\\/2022\\\/10\\\/Lr-Aloe-Vera-Vital-Set.jpg\",\"datePublished\":\"2022-10-09T07:02:56+00:00\",\"dateModified\":\"2025-03-29T17:58:51+00:00\",\"description\":\"Aloe Vera Vitaliza\u010dn\u00e1 Sada r\u00fdchlu \u00fa\u013eavu od bolesti. Obsahuje zmes jemn\u00fdch ingredienci\u00ed, ktor\u00e9 pom\u00e1haj\u00fa udr\u017eiava\u0165 va\u0161u poko\u017eku a telo vo v\u00fdbornom stave\",\"breadcrumb\":{\"@id\":\"https:\\\/\\\/www.lraloeverashop.eu\\\/sk\\\/produkt\\\/aloe-vera-vitalizacna-sada\\\/#breadcrumb\"},\"inLanguage\":\"sk-SK\",\"potentialAction\":[{\"@type\":\"ReadAction\",\"target\":[\"https:\\\/\\\/www.lraloeverashop.eu\\\/sk\\\/produkt\\\/aloe-vera-vitalizacna-sada\\\/\"]}]},{\"@type\":\"ImageObject\",\"inLanguage\":\"sk-SK\",\"@id\":\"https:\\\/\\\/www.lraloeverashop.eu\\\/sk\\\/produkt\\\/aloe-vera-vitalizacna-sada\\\/#primaryimage\",\"url\":\"https:\\\/\\\/www.lraloeverashop.eu\\\/wp-content\\\/uploads\\\/2022\\\/10\\\/Lr-Aloe-Vera-Vital-Set.jpg\",\"contentUrl\":\"https:\\\/\\\/www.lraloeverashop.eu\\\/wp-content\\\/uploads\\\/2022\\\/10\\\/Lr-Aloe-Vera-Vital-Set.jpg\",\"width\":1200,\"height\":1200,\"caption\":\"Lr Aloe Vera Vitaliza\u010dn\u00e1 Sada k relax\u00e1cii a pohode\"},{\"@type\":\"BreadcrumbList\",\"@id\":\"https:\\\/\\\/www.lraloeverashop.eu\\\/sk\\\/produkt\\\/aloe-vera-vitalizacna-sada\\\/#breadcrumb\",\"itemListElement\":[{\"@type\":\"ListItem\",\"position\":1,\"name\":\"Home\",\"item\":\"https:\\\/\\\/www.lraloeverashop.eu\\\/sk\\\/\"},{\"@type\":\"ListItem\",\"position\":2,\"name\":\"Obchod\",\"item\":\"https:\\\/\\\/www.lraloeverashop.eu\\\/shop\\\/\"},{\"@type\":\"ListItem\",\"position\":3,\"name\":\"Aloe Vera Vitaliza\u010dn\u00e1 Sada\"}]},{\"@type\":\"WebSite\",\"@id\":\"https:\\\/\\\/www.lraloeverashop.eu\\\/sk\\\/#website\",\"url\":\"https:\\\/\\\/www.lraloeverashop.eu\\\/sk\\\/\",\"name\":\"Lr Obchod Aloe Vera\",\"description\":\"High Quality Lr Aloe Vera Gel, Aloe Vera Cream and Shampoo\",\"publisher\":{\"@id\":\"https:\\\/\\\/www.lraloeverashop.eu\\\/sk\\\/#organization\"},\"potentialAction\":[{\"@type\":\"SearchAction\",\"target\":{\"@type\":\"EntryPoint\",\"urlTemplate\":\"https:\\\/\\\/www.lraloeverashop.eu\\\/sk\\\/?s={search_term_string}\"},\"query-input\":{\"@type\":\"PropertyValueSpecification\",\"valueRequired\":true,\"valueName\":\"search_term_string\"}}],\"inLanguage\":\"sk-SK\"},{\"@type\":\"Organization\",\"@id\":\"https:\\\/\\\/www.lraloeverashop.eu\\\/sk\\\/#organization\",\"name\":\"Lr Obchod Aloe Vera\",\"alternateName\":\"LR\",\"url\":\"https:\\\/\\\/www.lraloeverashop.eu\\\/sk\\\/\",\"logo\":{\"@type\":\"ImageObject\",\"inLanguage\":\"sk-SK\",\"@id\":\"https:\\\/\\\/www.lraloeverashop.eu\\\/sk\\\/#\\\/schema\\\/logo\\\/image\\\/\",\"url\":\"https:\\\/\\\/www.lraloeverashop.eu\\\/wp-content\\\/uploads\\\/2022\\\/09\\\/cropped-Lr-Aloe-Vera-Shop.jpg\",\"contentUrl\":\"https:\\\/\\\/www.lraloeverashop.eu\\\/wp-content\\\/uploads\\\/2022\\\/09\\\/cropped-Lr-Aloe-Vera-Shop.jpg\",\"width\":228,\"height\":76,\"caption\":\"Lr Obchod Aloe Vera\"},\"image\":{\"@id\":\"https:\\\/\\\/www.lraloeverashop.eu\\\/sk\\\/#\\\/schema\\\/logo\\\/image\\\/\"},\"sameAs\":[\"https:\\\/\\\/www.facebook.com\\\/lraloeverashop.eu\",\"https:\\\/\\\/x.com\\\/natur__kosmetik\",\"https:\\\/\\\/www.youtube.com\\\/channel\\\/UC5oN7BJ8nfYb8RpVtjwDEBA\",\"https:\\\/\\\/www.instagram.com\\\/lrbeautyeu\\\/\"],\"description\":\"Obchod Lr Aloe Vera je va\u0161\u00edm d\u00f4veryhodn\u00fdm miestom pre pr\u00e9miov\u00e9 produkty LR Health & Beauty vyroben\u00e9 v Nemecku. Pon\u00fakame vysokokvalitn\u00e9 rie\u0161enia starostlivosti o ple\u0165 s Aloe Vera, v\u00fd\u017eivu a proti starnutiu, vyroben\u00e9 z \u010dist\u00fdch ingredienci\u00ed a podlo\u017een\u00e9 vedeck\u00fdm v\u00fdskumom. Objavte pr\u00edrodn\u00fa starostlivos\u0165, ktor\u00e1 regeneruje, chr\u00e1ni a revitalizuje va\u0161u ple\u0165 \u2013 a vyu\u017eite exkluz\u00edvne mesa\u010dn\u00e9 ponuky na na\u0161e najpred\u00e1vanej\u0161ie produkty LR Aloe Vera.\\nZa\u010dnite svoju cestu za pr\u00edrodnou starostlivos\u0165ou o ple\u0165 e\u0161te dnes a poc\u00ed\u0165te rozdiel.\",\"email\":\"info@lraloeverashop.eu\",\"telephone\":\"+49 17670609653\",\"legalName\":\"Lr Aloe Vera Shop\",\"foundingDate\":\"2018-04-21\",\"numberOfEmployees\":{\"@type\":\"QuantitativeValue\",\"minValue\":\"1\",\"maxValue\":\"10\"}}]}<\/script>\n<meta property=\"product:price:amount\" content=\"46.99\" \/>\n<meta property=\"product:price:currency\" content=\"EUR\" \/>\n<meta property=\"og:availability\" content=\"out of stock\" \/>\n<meta property=\"product:availability\" content=\"out of stock\" \/>\n<meta property=\"product:retailer_item_id\" content=\"20718-1SK\" \/>\n<meta property=\"product:condition\" content=\"new\" \/>\n<!-- \/ Yoast SEO Premium plugin. -->","yoast_head_json":{"title":"Aloe Vera Vitaliza\u010dn\u00e1 Sada pom\u00f4\u017ee po n\u00e1ro\u010dnej fyzickej aktivite","description":"Aloe Vera Vitaliza\u010dn\u00e1 Sada r\u00fdchlu \u00fa\u013eavu od bolesti. Obsahuje zmes jemn\u00fdch ingredienci\u00ed, ktor\u00e9 pom\u00e1haj\u00fa udr\u017eiava\u0165 va\u0161u poko\u017eku a telo vo v\u00fdbornom stave","robots":{"index":"index","follow":"follow","max-snippet":"max-snippet:-1","max-image-preview":"max-image-preview:large","max-video-preview":"max-video-preview:-1"},"canonical":"https:\/\/www.lraloeverashop.eu\/sk\/produkt\/aloe-vera-vitalizacna-sada\/","og_locale":"sk_SK","og_type":"article","og_title":"Aloe Vera Vitaliza\u010dn\u00e1 Sada","og_description":"Aloe Vera Vitaliza\u010dn\u00e1 Sada r\u00fdchlu \u00fa\u013eavu od bolesti. Obsahuje zmes jemn\u00fdch ingredienci\u00ed, ktor\u00e9 pom\u00e1haj\u00fa udr\u017eiava\u0165 va\u0161u poko\u017eku a telo vo v\u00fdbornom stave","og_url":"https:\/\/www.lraloeverashop.eu\/sk\/produkt\/aloe-vera-vitalizacna-sada\/","og_site_name":"Lr Obchod Aloe Vera","article_publisher":"https:\/\/www.facebook.com\/lraloeverashop.eu","article_modified_time":"2025-03-29T17:58:51+00:00","og_image":[{"width":1200,"height":1200,"url":"https:\/\/www.lraloeverashop.eu\/wp-content\/uploads\/2022\/10\/Lr-Aloe-Vera-Vital-Set.jpg","type":"image\/jpeg"}],"twitter_card":"summary_large_image","twitter_site":"@natur__kosmetik","schema":{"@context":"https:\/\/schema.org","@graph":[{"@type":["WebPage","ItemPage"],"@id":"https:\/\/www.lraloeverashop.eu\/sk\/produkt\/aloe-vera-vitalizacna-sada\/","url":"https:\/\/www.lraloeverashop.eu\/sk\/produkt\/aloe-vera-vitalizacna-sada\/","name":"Aloe Vera Vitaliza\u010dn\u00e1 Sada pom\u00f4\u017ee po n\u00e1ro\u010dnej fyzickej aktivite","isPartOf":{"@id":"https:\/\/www.lraloeverashop.eu\/sk\/#website"},"primaryImageOfPage":{"@id":"https:\/\/www.lraloeverashop.eu\/sk\/produkt\/aloe-vera-vitalizacna-sada\/#primaryimage"},"image":{"@id":"https:\/\/www.lraloeverashop.eu\/sk\/produkt\/aloe-vera-vitalizacna-sada\/#primaryimage"},"thumbnailUrl":"https:\/\/www.lraloeverashop.eu\/wp-content\/uploads\/2022\/10\/Lr-Aloe-Vera-Vital-Set.jpg","datePublished":"2022-10-09T07:02:56+00:00","dateModified":"2025-03-29T17:58:51+00:00","description":"Aloe Vera Vitaliza\u010dn\u00e1 Sada r\u00fdchlu \u00fa\u013eavu od bolesti. Obsahuje zmes jemn\u00fdch ingredienci\u00ed, ktor\u00e9 pom\u00e1haj\u00fa udr\u017eiava\u0165 va\u0161u poko\u017eku a telo vo v\u00fdbornom stave","breadcrumb":{"@id":"https:\/\/www.lraloeverashop.eu\/sk\/produkt\/aloe-vera-vitalizacna-sada\/#breadcrumb"},"inLanguage":"sk-SK","potentialAction":[{"@type":"ReadAction","target":["https:\/\/www.lraloeverashop.eu\/sk\/produkt\/aloe-vera-vitalizacna-sada\/"]}]},{"@type":"ImageObject","inLanguage":"sk-SK","@id":"https:\/\/www.lraloeverashop.eu\/sk\/produkt\/aloe-vera-vitalizacna-sada\/#primaryimage","url":"https:\/\/www.lraloeverashop.eu\/wp-content\/uploads\/2022\/10\/Lr-Aloe-Vera-Vital-Set.jpg","contentUrl":"https:\/\/www.lraloeverashop.eu\/wp-content\/uploads\/2022\/10\/Lr-Aloe-Vera-Vital-Set.jpg","width":1200,"height":1200,"caption":"Lr Aloe Vera Vitaliza\u010dn\u00e1 Sada k relax\u00e1cii a pohode"},{"@type":"BreadcrumbList","@id":"https:\/\/www.lraloeverashop.eu\/sk\/produkt\/aloe-vera-vitalizacna-sada\/#breadcrumb","itemListElement":[{"@type":"ListItem","position":1,"name":"Home","item":"https:\/\/www.lraloeverashop.eu\/sk\/"},{"@type":"ListItem","position":2,"name":"Obchod","item":"https:\/\/www.lraloeverashop.eu\/shop\/"},{"@type":"ListItem","position":3,"name":"Aloe Vera Vitaliza\u010dn\u00e1 Sada"}]},{"@type":"WebSite","@id":"https:\/\/www.lraloeverashop.eu\/sk\/#website","url":"https:\/\/www.lraloeverashop.eu\/sk\/","name":"Lr Obchod Aloe Vera","description":"High Quality Lr Aloe Vera Gel, Aloe Vera Cream and Shampoo","publisher":{"@id":"https:\/\/www.lraloeverashop.eu\/sk\/#organization"},"potentialAction":[{"@type":"SearchAction","target":{"@type":"EntryPoint","urlTemplate":"https:\/\/www.lraloeverashop.eu\/sk\/?s={search_term_string}"},"query-input":{"@type":"PropertyValueSpecification","valueRequired":true,"valueName":"search_term_string"}}],"inLanguage":"sk-SK"},{"@type":"Organization","@id":"https:\/\/www.lraloeverashop.eu\/sk\/#organization","name":"Lr Obchod Aloe Vera","alternateName":"LR","url":"https:\/\/www.lraloeverashop.eu\/sk\/","logo":{"@type":"ImageObject","inLanguage":"sk-SK","@id":"https:\/\/www.lraloeverashop.eu\/sk\/#\/schema\/logo\/image\/","url":"https:\/\/www.lraloeverashop.eu\/wp-content\/uploads\/2022\/09\/cropped-Lr-Aloe-Vera-Shop.jpg","contentUrl":"https:\/\/www.lraloeverashop.eu\/wp-content\/uploads\/2022\/09\/cropped-Lr-Aloe-Vera-Shop.jpg","width":228,"height":76,"caption":"Lr Obchod Aloe Vera"},"image":{"@id":"https:\/\/www.lraloeverashop.eu\/sk\/#\/schema\/logo\/image\/"},"sameAs":["https:\/\/www.facebook.com\/lraloeverashop.eu","https:\/\/x.com\/natur__kosmetik","https:\/\/www.youtube.com\/channel\/UC5oN7BJ8nfYb8RpVtjwDEBA","https:\/\/www.instagram.com\/lrbeautyeu\/"],"description":"Obchod Lr Aloe Vera je va\u0161\u00edm d\u00f4veryhodn\u00fdm miestom pre pr\u00e9miov\u00e9 produkty LR Health & Beauty vyroben\u00e9 v Nemecku. Pon\u00fakame vysokokvalitn\u00e9 rie\u0161enia starostlivosti o ple\u0165 s Aloe Vera, v\u00fd\u017eivu a proti starnutiu, vyroben\u00e9 z \u010dist\u00fdch ingredienci\u00ed a podlo\u017een\u00e9 vedeck\u00fdm v\u00fdskumom. Objavte pr\u00edrodn\u00fa starostlivos\u0165, ktor\u00e1 regeneruje, chr\u00e1ni a revitalizuje va\u0161u ple\u0165 \u2013 a vyu\u017eite exkluz\u00edvne mesa\u010dn\u00e9 ponuky na na\u0161e najpred\u00e1vanej\u0161ie produkty LR Aloe Vera.\nZa\u010dnite svoju cestu za pr\u00edrodnou starostlivos\u0165ou o ple\u0165 e\u0161te dnes a poc\u00ed\u0165te rozdiel.","email":"info@lraloeverashop.eu","telephone":"+49 17670609653","legalName":"Lr Aloe Vera Shop","foundingDate":"2018-04-21","numberOfEmployees":{"@type":"QuantitativeValue","minValue":"1","maxValue":"10"}}]},"product_price_amount":"46.99","product_price_currency":"EUR","og_availability":"out of stock","product_availability":"out of stock","product_retailer_item_id":"20718-1SK","product_condition":"new"},"taxonomy_info":{"product_cat":[{"value":216,"label":"Aloe Vera"},{"value":264,"label":"\u0160peci\u00e1lna starostlivos\u0165"},{"value":231,"label":"Starostlivos\u0165 o telo"}],"product_tag":[{"value":563,"label":"Boles\u0165 k\u013abov"},{"value":564,"label":"Mas\u00e1\u017e"},{"value":566,"label":"Svalov\u00e9 nap\u00e4tie"},{"value":568,"label":"Unaven\u00e9 nohy"}]},"featured_image_src_large":["https:\/\/www.lraloeverashop.eu\/wp-content\/uploads\/2022\/10\/Lr-Aloe-Vera-Vital-Set-1024x1024.jpg",1024,1024,true],"author_info":[],"comment_info":0,"_links":{"self":[{"href":"https:\/\/www.lraloeverashop.eu\/sk\/wp-json\/wp\/v2\/product\/10929","targetHints":{"allow":["GET"]}}],"collection":[{"href":"https:\/\/www.lraloeverashop.eu\/sk\/wp-json\/wp\/v2\/product"}],"about":[{"href":"https:\/\/www.lraloeverashop.eu\/sk\/wp-json\/wp\/v2\/types\/product"}],"replies":[{"embeddable":true,"href":"https:\/\/www.lraloeverashop.eu\/sk\/wp-json\/wp\/v2\/comments?post=10929"}],"wp:featuredmedia":[{"embeddable":true,"href":"https:\/\/www.lraloeverashop.eu\/sk\/wp-json\/wp\/v2\/media\/4768"}],"wp:attachment":[{"href":"https:\/\/www.lraloeverashop.eu\/sk\/wp-json\/wp\/v2\/media?parent=10929"}],"wp:term":[{"taxonomy":"product_brand","embeddable":true,"href":"https:\/\/www.lraloeverashop.eu\/sk\/wp-json\/wp\/v2\/product_brand?post=10929"},{"taxonomy":"product_cat","embeddable":true,"href":"https:\/\/www.lraloeverashop.eu\/sk\/wp-json\/wp\/v2\/product_cat?post=10929"},{"taxonomy":"product_tag","embeddable":true,"href":"https:\/\/www.lraloeverashop.eu\/sk\/wp-json\/wp\/v2\/product_tag?post=10929"}],"curies":[{"name":"wp","href":"https:\/\/api.w.org\/{rel}","templated":true}]}}