{"id":10921,"date":"2022-10-09T11:01:05","date_gmt":"2022-10-09T09:01:05","guid":{"rendered":"https:\/\/www.lraloeverashop.eu\/product\/aloe-vera-relaxacne-hrejive-mlieko\/"},"modified":"2025-12-15T08:22:57","modified_gmt":"2025-12-15T07:22:57","slug":"aloe-vera-relaxacne-hrejive-mlieko","status":"publish","type":"product","link":"https:\/\/www.lraloeverashop.eu\/sk\/produkt\/aloe-vera-relaxacne-hrejive-mlieko\/","title":{"rendered":"Aloe Vera Relaxa\u010dn\u00e9 hrejiv\u00e9 mlieko"},"content":{"rendered":"<h2><span style=\"font-size: 16pt;\"><strong>Aloe Vera Relaxa\u010dn\u00e9 hrejiv\u00e9 mlieko<\/strong><\/span><\/h2>\n<p><span style=\"font-size: 14pt;\"><strong>Aloe Vera Relaxa\u010dn\u00e9 hrejiv\u00e9 mlieko pre pr\u00edjemn\u00e9 teplo na ko\u017ei<\/strong><\/span><\/p>\n<p>Jemn\u00e9 Lr Aloe Vera hrejiv\u00e9 mlieko obsahuje 45% Aloe Vera a ide\u00e1lne mas\u00e1\u017ene mlieko. Esenci\u00e1lne oleje ktor\u00e9 obsahuje, poskytuj\u00fa poko\u017eke \u013eahk\u00fd pocit svie\u017eosti a pomaly sa vyv\u00edjaj\u00fa do pr\u00edjemn\u00e9ho pocitu tepla ktor\u00fd prin\u00e1\u0161a okam\u017eit\u00fa relax\u00e1ciu.<\/p>\n<p>Eukapyptov\u00fd olej zvy\u0161uje krvn\u00fd obeh v mas\u00edrovanej oblasti a z\u00e1rove\u0148 poskytuje poko\u017eke pr\u00edjemn\u00e9 chladenie. Jeho vysok\u00fd obsah aloe vera a jej vy\u017eivuj\u00faca \u0161trukt\u00fara, bohat\u00e1 na jemn\u00e9 oleje, je ve\u013emi prospe\u0161n\u00e1 pre poko\u017eku.<\/p>\n<p>&nbsp;<\/p>\n<h3><strong><span style=\"font-size: 16pt;\">Ako pou\u017eiva\u0165 Relaxa\u010dn\u00e9 hrejiv\u00e9 mlieko<\/span><\/strong><\/h3>\n<p>Aplikujte Lr Aloe Vera Relaxa\u010dn\u00e9 hrejiv\u00e9 mlieko na poko\u017eku a jemne vmas\u00edrujte. Zabr\u00e1\u0148te kontaktu s o\u010dami a d\u00f4kladne si umyte ruky po ka\u017edej aplik\u00e1cii!<\/p>\n<p>&nbsp;<\/p>\n<h3><strong><span style=\"font-size: 16pt;\">Vedeli ste?<\/span><\/strong><\/h3>\n<p>Vysk\u00fa\u0161ajte aj \u010fal\u0161\u00edch \u0161pecialistov na starostlivos\u0165 o Aloe Vera: Hydrata\u010dn\u00fd g\u00e9lov\u00fd koncentr\u00e1t, <a href=\"https:\/\/www.lraloeverashop.eu\/sk\/produkt\/aloe-vera-ochranny-krem-s-propolisom\/\">Ochrann\u00fd propolisov\u00fd kr\u00e9m<\/a>, Sprej prvej pomoci alebo Regula\u010dn\u00fd kr\u00e9m DermaIntense.<\/p>\n<p>Najm\u00e4 v ka\u017edodennom \u017eivote pon\u00faka relaxa\u010dn\u00e9 term\u00e1lne mlieko s <a href=\"https:\/\/www.lraloeverashop.eu\/sk\/lr-aloe-vera-gel-na-tvar-vlasy-a-telo-ucinky-aloe-vera\/\">aloe vera<\/a> upokojuj\u00facu relax\u00e1ciu: po dlhom seden\u00ed alebo st\u00e1t\u00ed je mlieko v kombin\u00e1cii s mas\u00e1\u017eou relaxom pre nohy a nam\u00e1han\u00e9 k\u013aby. Po o\u0161etren\u00ed je vhodn\u00e9 vylo\u017ei\u0165 si nohy a chv\u00ed\u013eu relaxova\u0165.<\/p>\n<p>&nbsp;<\/p>\n<h4><strong><span style=\"font-size: 16pt;\">\u010casto kladen\u00e9 ot\u00e1zky<\/span><\/strong><\/h4>\n<p><strong>V ak\u00fdch pr\u00edpadoch sa odpor\u00fa\u010da pou\u017ei\u0165 Aloe Vera Thermolotion hrejiv\u00e9 mlieko?<\/strong><br \/>\nLr Aloe Vera Relaxa\u010dn\u00e9 mlieko pr\u00edjemn\u00fa relax\u00e1ciu v na\u0161om ka\u017edodennom \u017eivote. Po dlh\u00fdch hodin\u00e1ch v sedacej alebo stojacej polohe mas\u00e1\u017e s mliekom uvo\u013e\u0148uje nohy a <a href=\"https:\/\/www.lraloeverashop.eu\/sk\/produkt\/aloe-vera-gel-na-pitie-freedom\/\">opotrebovan\u00e9 k\u013aby<\/a>. Po mas\u00e1\u017ei sa odpor\u00fa\u010da chv\u00ed\u013eu \u013eahn\u00fa\u0165 a odpo\u010din\u00fa\u0165 si nohy.<\/p>\n<p><strong>Je Aloe Vera Thermolotion Relaxa\u010dn\u00e9 mlieko vhodn\u00e9 pre \u0161portov\u00fa mas\u00e1\u017e?<\/strong><br \/>\n<a href=\"https:\/\/www.lraloeverashop.eu\/sk\/lr-aloe-vera-relaxacne-hrejive-mliecko-ucinne-zmiernuje-bolesti\/\">Lr Aloe Vera hrejiv\u00e9 mlieko<\/a> kombinuje hydrata\u010dn\u00e9 vlastnosti Aloe Vera s pr\u00edrodn\u00fdmi olejmi, ako je eukalyptov\u00fd olej, ktor\u00e9 zlep\u0161uj\u00fa krvn\u00fd obeh. Je vhodn\u00fd pre starostlivos\u0165 a relaxa\u010dn\u00fa mas\u00e1\u017e.<\/p>\n<p><strong>M\u00f4\u017ee sa Aloe Vera Relaxa\u010dn\u00e9 hrejiv\u00e9 mlieko pou\u017ei\u0165 na natieranie studen\u00fdch n\u00f4h?<\/strong><br \/>\nStuden\u00e9 nohy s\u00fa be\u017en\u00fd problem najm\u00e4 pre \u017eeny po\u010das zimy. Ak sa vyskytne tento probl\u00e9m a m\u00e1te \u0165a\u017ekosti so zasp\u00e1van\u00edm, m\u00f4\u017eete pravidelne pou\u017e\u00edva\u0165 hrejiv\u00e9 mlieko na nohy.<\/p>\n","protected":false},"excerpt":{"rendered":"<ul>\n<li style=\"list-style-type: none;\">\n<ul>\n<li style=\"list-style-type: none;\"><\/li>\n<\/ul>\n<\/li>\n<li>Lie\u010div\u00fd ple\u0165ov\u00fd kr\u00e9m pre svalov\u00e9 nap\u00e4tie<\/li>\n<li>45% aloe vera g\u00e9l a pr\u00edrodn\u00e9 esenci\u00e1lne oleje<\/li>\n<li>Zvlh\u010duje a vy\u017eivuje<\/li>\n<li>Podporuje krvn\u00fd obeh<\/li>\n<li>Svaly s\u00fa uvo\u013enen\u00e9 a poko\u017eka je pru\u017en\u00e1<\/li>\n<li>Obsah: 100 ml<\/li>\n<\/ul>\n<p>&nbsp;<\/p>\n","protected":false},"featured_media":4780,"comment_status":"open","ping_status":"closed","template":"","meta":{"_kad_blocks_custom_css":"","_kad_blocks_head_custom_js":"","_kad_blocks_body_custom_js":"","_kad_blocks_footer_custom_js":"","_kadence_starter_templates_imported_post":false,"_kad_post_transparent":"default","_kad_post_title":"","_kad_post_layout":"default","_kad_post_sidebar_id":"","_kad_post_content_style":"default","_kad_post_vertical_padding":"default","_kad_post_feature":"","_kad_post_feature_position":"","_kad_post_header":false,"_kad_post_footer":false,"_kad_post_classname":""},"product_brand":[],"product_cat":[216,264],"product_tag":[563,564,566,568],"class_list":{"0":"post-10921","1":"product","2":"type-product","3":"status-publish","4":"has-post-thumbnail","6":"product_cat-aloe-vera-sk","7":"product_cat-specialna-starostlivost","8":"product_tag-bolest-klbov","9":"product_tag-masaz","10":"product_tag-svalove-napatie","11":"product_tag-unavene-nohy","13":"first","14":"instock","15":"taxable","16":"shipping-taxable","17":"purchasable","18":"product-type-simple","19":"entry","20":"content-bg","21":"loop-entry"},"yoast_head":"<!-- This site is optimized with the Yoast SEO Premium plugin v27.4 (Yoast SEO v27.4) - https:\/\/yoast.com\/product\/yoast-seo-premium-wordpress\/ -->\n<title>Aloe Vera Relaxa\u010dn\u00e9 hrejiv\u00e9 mlieko na svalov\u00e9 nap\u00e4tie a relax\u00e1ciu<\/title>\n<meta name=\"description\" content=\"Aloe Vera Relaxa\u010dn\u00e9 hrejiv\u00e9 mlieko kombinuje hydrata\u010dn\u00e9 vlastnosti Aloe Vera s pr\u00edrodn\u00fdmi olejmi. Po mas\u00e1\u017ei sa odpor\u00fa\u010da chv\u00ed\u013eu \u013eahn\u00fa\u0165 a odpo\u010din\u00fa\u0165\" \/>\n<meta name=\"robots\" content=\"index, follow, max-snippet:-1, max-image-preview:large, max-video-preview:-1\" \/>\n<link rel=\"canonical\" href=\"https:\/\/www.lraloeverashop.eu\/sk\/produkt\/aloe-vera-relaxacne-hrejive-mlieko\/\" \/>\n<meta property=\"og:locale\" content=\"sk_SK\" \/>\n<meta property=\"og:type\" content=\"article\" \/>\n<meta property=\"og:title\" content=\"Aloe Vera Relaxa\u010dn\u00e9 hrejiv\u00e9 mlieko\" \/>\n<meta property=\"og:description\" content=\"Aloe Vera Relaxa\u010dn\u00e9 hrejiv\u00e9 mlieko kombinuje hydrata\u010dn\u00e9 vlastnosti Aloe Vera s pr\u00edrodn\u00fdmi olejmi. Po mas\u00e1\u017ei sa odpor\u00fa\u010da chv\u00ed\u013eu \u013eahn\u00fa\u0165 a odpo\u010din\u00fa\u0165\" \/>\n<meta property=\"og:url\" content=\"https:\/\/www.lraloeverashop.eu\/sk\/produkt\/aloe-vera-relaxacne-hrejive-mlieko\/\" \/>\n<meta property=\"og:site_name\" content=\"Lr Obchod Aloe Vera\" \/>\n<meta property=\"article:publisher\" content=\"https:\/\/www.facebook.com\/lraloeverashop.eu\" \/>\n<meta property=\"article:modified_time\" content=\"2025-12-15T07:22:57+00:00\" \/>\n<meta property=\"og:image\" content=\"https:\/\/www.lraloeverashop.eu\/wp-content\/uploads\/2022\/10\/Thermo-Lotion-from-Lr-Aloe-Vera.jpg\" \/>\n\t<meta property=\"og:image:width\" content=\"1200\" \/>\n\t<meta property=\"og:image:height\" content=\"1200\" \/>\n\t<meta property=\"og:image:type\" content=\"image\/jpeg\" \/>\n<meta name=\"twitter:card\" content=\"summary_large_image\" \/>\n<meta name=\"twitter:site\" content=\"@natur__kosmetik\" \/>\n<script type=\"application\/ld+json\" class=\"yoast-schema-graph\">{\"@context\":\"https:\\\/\\\/schema.org\",\"@graph\":[{\"@type\":[\"WebPage\",\"ItemPage\"],\"@id\":\"https:\\\/\\\/www.lraloeverashop.eu\\\/sk\\\/produkt\\\/aloe-vera-relaxacne-hrejive-mlieko\\\/\",\"url\":\"https:\\\/\\\/www.lraloeverashop.eu\\\/sk\\\/produkt\\\/aloe-vera-relaxacne-hrejive-mlieko\\\/\",\"name\":\"Aloe Vera Relaxa\u010dn\u00e9 hrejiv\u00e9 mlieko na svalov\u00e9 nap\u00e4tie a relax\u00e1ciu\",\"isPartOf\":{\"@id\":\"https:\\\/\\\/www.lraloeverashop.eu\\\/sk\\\/#website\"},\"primaryImageOfPage\":{\"@id\":\"https:\\\/\\\/www.lraloeverashop.eu\\\/sk\\\/produkt\\\/aloe-vera-relaxacne-hrejive-mlieko\\\/#primaryimage\"},\"image\":{\"@id\":\"https:\\\/\\\/www.lraloeverashop.eu\\\/sk\\\/produkt\\\/aloe-vera-relaxacne-hrejive-mlieko\\\/#primaryimage\"},\"thumbnailUrl\":\"https:\\\/\\\/www.lraloeverashop.eu\\\/wp-content\\\/uploads\\\/2022\\\/10\\\/Thermo-Lotion-from-Lr-Aloe-Vera.jpg\",\"datePublished\":\"2022-10-09T09:01:05+00:00\",\"dateModified\":\"2025-12-15T07:22:57+00:00\",\"description\":\"Aloe Vera Relaxa\u010dn\u00e9 hrejiv\u00e9 mlieko kombinuje hydrata\u010dn\u00e9 vlastnosti Aloe Vera s pr\u00edrodn\u00fdmi olejmi. Po mas\u00e1\u017ei sa odpor\u00fa\u010da chv\u00ed\u013eu \u013eahn\u00fa\u0165 a odpo\u010din\u00fa\u0165\",\"breadcrumb\":{\"@id\":\"https:\\\/\\\/www.lraloeverashop.eu\\\/sk\\\/produkt\\\/aloe-vera-relaxacne-hrejive-mlieko\\\/#breadcrumb\"},\"inLanguage\":\"sk-SK\",\"potentialAction\":[{\"@type\":\"ReadAction\",\"target\":[\"https:\\\/\\\/www.lraloeverashop.eu\\\/sk\\\/produkt\\\/aloe-vera-relaxacne-hrejive-mlieko\\\/\"]}]},{\"@type\":\"ImageObject\",\"inLanguage\":\"sk-SK\",\"@id\":\"https:\\\/\\\/www.lraloeverashop.eu\\\/sk\\\/produkt\\\/aloe-vera-relaxacne-hrejive-mlieko\\\/#primaryimage\",\"url\":\"https:\\\/\\\/www.lraloeverashop.eu\\\/wp-content\\\/uploads\\\/2022\\\/10\\\/Thermo-Lotion-from-Lr-Aloe-Vera.jpg\",\"contentUrl\":\"https:\\\/\\\/www.lraloeverashop.eu\\\/wp-content\\\/uploads\\\/2022\\\/10\\\/Thermo-Lotion-from-Lr-Aloe-Vera.jpg\",\"width\":1200,\"height\":1200,\"caption\":\"Lr Aloe Vera Relaxa\u010dn\u00e9 hrejiv\u00e9 mlieko na svalov\u00e9 nap\u00e4tie\"},{\"@type\":\"BreadcrumbList\",\"@id\":\"https:\\\/\\\/www.lraloeverashop.eu\\\/sk\\\/produkt\\\/aloe-vera-relaxacne-hrejive-mlieko\\\/#breadcrumb\",\"itemListElement\":[{\"@type\":\"ListItem\",\"position\":1,\"name\":\"Home\",\"item\":\"https:\\\/\\\/www.lraloeverashop.eu\\\/sk\\\/\"},{\"@type\":\"ListItem\",\"position\":2,\"name\":\"Obchod\",\"item\":\"https:\\\/\\\/www.lraloeverashop.eu\\\/shop\\\/\"},{\"@type\":\"ListItem\",\"position\":3,\"name\":\"Aloe Vera Relaxa\u010dn\u00e9 hrejiv\u00e9 mlieko\"}]},{\"@type\":\"WebSite\",\"@id\":\"https:\\\/\\\/www.lraloeverashop.eu\\\/sk\\\/#website\",\"url\":\"https:\\\/\\\/www.lraloeverashop.eu\\\/sk\\\/\",\"name\":\"Lr Obchod Aloe Vera\",\"description\":\"High Quality Lr Aloe Vera Gel, Aloe Vera Cream and Shampoo\",\"publisher\":{\"@id\":\"https:\\\/\\\/www.lraloeverashop.eu\\\/sk\\\/#organization\"},\"potentialAction\":[{\"@type\":\"SearchAction\",\"target\":{\"@type\":\"EntryPoint\",\"urlTemplate\":\"https:\\\/\\\/www.lraloeverashop.eu\\\/sk\\\/?s={search_term_string}\"},\"query-input\":{\"@type\":\"PropertyValueSpecification\",\"valueRequired\":true,\"valueName\":\"search_term_string\"}}],\"inLanguage\":\"sk-SK\"},{\"@type\":\"Organization\",\"@id\":\"https:\\\/\\\/www.lraloeverashop.eu\\\/sk\\\/#organization\",\"name\":\"Lr Obchod Aloe Vera\",\"alternateName\":\"LR\",\"url\":\"https:\\\/\\\/www.lraloeverashop.eu\\\/sk\\\/\",\"logo\":{\"@type\":\"ImageObject\",\"inLanguage\":\"sk-SK\",\"@id\":\"https:\\\/\\\/www.lraloeverashop.eu\\\/sk\\\/#\\\/schema\\\/logo\\\/image\\\/\",\"url\":\"https:\\\/\\\/www.lraloeverashop.eu\\\/wp-content\\\/uploads\\\/2022\\\/09\\\/cropped-Lr-Aloe-Vera-Shop.jpg\",\"contentUrl\":\"https:\\\/\\\/www.lraloeverashop.eu\\\/wp-content\\\/uploads\\\/2022\\\/09\\\/cropped-Lr-Aloe-Vera-Shop.jpg\",\"width\":228,\"height\":76,\"caption\":\"Lr Obchod Aloe Vera\"},\"image\":{\"@id\":\"https:\\\/\\\/www.lraloeverashop.eu\\\/sk\\\/#\\\/schema\\\/logo\\\/image\\\/\"},\"sameAs\":[\"https:\\\/\\\/www.facebook.com\\\/lraloeverashop.eu\",\"https:\\\/\\\/x.com\\\/natur__kosmetik\",\"https:\\\/\\\/www.youtube.com\\\/channel\\\/UC5oN7BJ8nfYb8RpVtjwDEBA\",\"https:\\\/\\\/www.instagram.com\\\/lrbeautyeu\\\/\"],\"description\":\"Obchod Lr Aloe Vera je va\u0161\u00edm d\u00f4veryhodn\u00fdm miestom pre pr\u00e9miov\u00e9 produkty LR Health & Beauty vyroben\u00e9 v Nemecku. Pon\u00fakame vysokokvalitn\u00e9 rie\u0161enia starostlivosti o ple\u0165 s Aloe Vera, v\u00fd\u017eivu a proti starnutiu, vyroben\u00e9 z \u010dist\u00fdch ingredienci\u00ed a podlo\u017een\u00e9 vedeck\u00fdm v\u00fdskumom. Objavte pr\u00edrodn\u00fa starostlivos\u0165, ktor\u00e1 regeneruje, chr\u00e1ni a revitalizuje va\u0161u ple\u0165 \u2013 a vyu\u017eite exkluz\u00edvne mesa\u010dn\u00e9 ponuky na na\u0161e najpred\u00e1vanej\u0161ie produkty LR Aloe Vera.\\nZa\u010dnite svoju cestu za pr\u00edrodnou starostlivos\u0165ou o ple\u0165 e\u0161te dnes a poc\u00ed\u0165te rozdiel.\",\"email\":\"info@lraloeverashop.eu\",\"telephone\":\"+49 17670609653\",\"legalName\":\"Lr Aloe Vera Shop\",\"foundingDate\":\"2018-04-21\",\"numberOfEmployees\":{\"@type\":\"QuantitativeValue\",\"minValue\":\"1\",\"maxValue\":\"10\"}}]}<\/script>\n<meta property=\"product:price:amount\" content=\"19.99\" \/>\n<meta property=\"product:price:currency\" content=\"EUR\" \/>\n<meta property=\"og:availability\" content=\"instock\" \/>\n<meta property=\"product:availability\" content=\"instock\" \/>\n<meta property=\"product:retailer_item_id\" content=\"20603-101SK\" \/>\n<meta property=\"product:condition\" content=\"new\" \/>\n<!-- \/ Yoast SEO Premium plugin. -->","yoast_head_json":{"title":"Aloe Vera Relaxa\u010dn\u00e9 hrejiv\u00e9 mlieko na svalov\u00e9 nap\u00e4tie a relax\u00e1ciu","description":"Aloe Vera Relaxa\u010dn\u00e9 hrejiv\u00e9 mlieko kombinuje hydrata\u010dn\u00e9 vlastnosti Aloe Vera s pr\u00edrodn\u00fdmi olejmi. Po mas\u00e1\u017ei sa odpor\u00fa\u010da chv\u00ed\u013eu \u013eahn\u00fa\u0165 a odpo\u010din\u00fa\u0165","robots":{"index":"index","follow":"follow","max-snippet":"max-snippet:-1","max-image-preview":"max-image-preview:large","max-video-preview":"max-video-preview:-1"},"canonical":"https:\/\/www.lraloeverashop.eu\/sk\/produkt\/aloe-vera-relaxacne-hrejive-mlieko\/","og_locale":"sk_SK","og_type":"article","og_title":"Aloe Vera Relaxa\u010dn\u00e9 hrejiv\u00e9 mlieko","og_description":"Aloe Vera Relaxa\u010dn\u00e9 hrejiv\u00e9 mlieko kombinuje hydrata\u010dn\u00e9 vlastnosti Aloe Vera s pr\u00edrodn\u00fdmi olejmi. Po mas\u00e1\u017ei sa odpor\u00fa\u010da chv\u00ed\u013eu \u013eahn\u00fa\u0165 a odpo\u010din\u00fa\u0165","og_url":"https:\/\/www.lraloeverashop.eu\/sk\/produkt\/aloe-vera-relaxacne-hrejive-mlieko\/","og_site_name":"Lr Obchod Aloe Vera","article_publisher":"https:\/\/www.facebook.com\/lraloeverashop.eu","article_modified_time":"2025-12-15T07:22:57+00:00","og_image":[{"width":1200,"height":1200,"url":"https:\/\/www.lraloeverashop.eu\/wp-content\/uploads\/2022\/10\/Thermo-Lotion-from-Lr-Aloe-Vera.jpg","type":"image\/jpeg"}],"twitter_card":"summary_large_image","twitter_site":"@natur__kosmetik","schema":{"@context":"https:\/\/schema.org","@graph":[{"@type":["WebPage","ItemPage"],"@id":"https:\/\/www.lraloeverashop.eu\/sk\/produkt\/aloe-vera-relaxacne-hrejive-mlieko\/","url":"https:\/\/www.lraloeverashop.eu\/sk\/produkt\/aloe-vera-relaxacne-hrejive-mlieko\/","name":"Aloe Vera Relaxa\u010dn\u00e9 hrejiv\u00e9 mlieko na svalov\u00e9 nap\u00e4tie a relax\u00e1ciu","isPartOf":{"@id":"https:\/\/www.lraloeverashop.eu\/sk\/#website"},"primaryImageOfPage":{"@id":"https:\/\/www.lraloeverashop.eu\/sk\/produkt\/aloe-vera-relaxacne-hrejive-mlieko\/#primaryimage"},"image":{"@id":"https:\/\/www.lraloeverashop.eu\/sk\/produkt\/aloe-vera-relaxacne-hrejive-mlieko\/#primaryimage"},"thumbnailUrl":"https:\/\/www.lraloeverashop.eu\/wp-content\/uploads\/2022\/10\/Thermo-Lotion-from-Lr-Aloe-Vera.jpg","datePublished":"2022-10-09T09:01:05+00:00","dateModified":"2025-12-15T07:22:57+00:00","description":"Aloe Vera Relaxa\u010dn\u00e9 hrejiv\u00e9 mlieko kombinuje hydrata\u010dn\u00e9 vlastnosti Aloe Vera s pr\u00edrodn\u00fdmi olejmi. Po mas\u00e1\u017ei sa odpor\u00fa\u010da chv\u00ed\u013eu \u013eahn\u00fa\u0165 a odpo\u010din\u00fa\u0165","breadcrumb":{"@id":"https:\/\/www.lraloeverashop.eu\/sk\/produkt\/aloe-vera-relaxacne-hrejive-mlieko\/#breadcrumb"},"inLanguage":"sk-SK","potentialAction":[{"@type":"ReadAction","target":["https:\/\/www.lraloeverashop.eu\/sk\/produkt\/aloe-vera-relaxacne-hrejive-mlieko\/"]}]},{"@type":"ImageObject","inLanguage":"sk-SK","@id":"https:\/\/www.lraloeverashop.eu\/sk\/produkt\/aloe-vera-relaxacne-hrejive-mlieko\/#primaryimage","url":"https:\/\/www.lraloeverashop.eu\/wp-content\/uploads\/2022\/10\/Thermo-Lotion-from-Lr-Aloe-Vera.jpg","contentUrl":"https:\/\/www.lraloeverashop.eu\/wp-content\/uploads\/2022\/10\/Thermo-Lotion-from-Lr-Aloe-Vera.jpg","width":1200,"height":1200,"caption":"Lr Aloe Vera Relaxa\u010dn\u00e9 hrejiv\u00e9 mlieko na svalov\u00e9 nap\u00e4tie"},{"@type":"BreadcrumbList","@id":"https:\/\/www.lraloeverashop.eu\/sk\/produkt\/aloe-vera-relaxacne-hrejive-mlieko\/#breadcrumb","itemListElement":[{"@type":"ListItem","position":1,"name":"Home","item":"https:\/\/www.lraloeverashop.eu\/sk\/"},{"@type":"ListItem","position":2,"name":"Obchod","item":"https:\/\/www.lraloeverashop.eu\/shop\/"},{"@type":"ListItem","position":3,"name":"Aloe Vera Relaxa\u010dn\u00e9 hrejiv\u00e9 mlieko"}]},{"@type":"WebSite","@id":"https:\/\/www.lraloeverashop.eu\/sk\/#website","url":"https:\/\/www.lraloeverashop.eu\/sk\/","name":"Lr Obchod Aloe Vera","description":"High Quality Lr Aloe Vera Gel, Aloe Vera Cream and Shampoo","publisher":{"@id":"https:\/\/www.lraloeverashop.eu\/sk\/#organization"},"potentialAction":[{"@type":"SearchAction","target":{"@type":"EntryPoint","urlTemplate":"https:\/\/www.lraloeverashop.eu\/sk\/?s={search_term_string}"},"query-input":{"@type":"PropertyValueSpecification","valueRequired":true,"valueName":"search_term_string"}}],"inLanguage":"sk-SK"},{"@type":"Organization","@id":"https:\/\/www.lraloeverashop.eu\/sk\/#organization","name":"Lr Obchod Aloe Vera","alternateName":"LR","url":"https:\/\/www.lraloeverashop.eu\/sk\/","logo":{"@type":"ImageObject","inLanguage":"sk-SK","@id":"https:\/\/www.lraloeverashop.eu\/sk\/#\/schema\/logo\/image\/","url":"https:\/\/www.lraloeverashop.eu\/wp-content\/uploads\/2022\/09\/cropped-Lr-Aloe-Vera-Shop.jpg","contentUrl":"https:\/\/www.lraloeverashop.eu\/wp-content\/uploads\/2022\/09\/cropped-Lr-Aloe-Vera-Shop.jpg","width":228,"height":76,"caption":"Lr Obchod Aloe Vera"},"image":{"@id":"https:\/\/www.lraloeverashop.eu\/sk\/#\/schema\/logo\/image\/"},"sameAs":["https:\/\/www.facebook.com\/lraloeverashop.eu","https:\/\/x.com\/natur__kosmetik","https:\/\/www.youtube.com\/channel\/UC5oN7BJ8nfYb8RpVtjwDEBA","https:\/\/www.instagram.com\/lrbeautyeu\/"],"description":"Obchod Lr Aloe Vera je va\u0161\u00edm d\u00f4veryhodn\u00fdm miestom pre pr\u00e9miov\u00e9 produkty LR Health & Beauty vyroben\u00e9 v Nemecku. Pon\u00fakame vysokokvalitn\u00e9 rie\u0161enia starostlivosti o ple\u0165 s Aloe Vera, v\u00fd\u017eivu a proti starnutiu, vyroben\u00e9 z \u010dist\u00fdch ingredienci\u00ed a podlo\u017een\u00e9 vedeck\u00fdm v\u00fdskumom. Objavte pr\u00edrodn\u00fa starostlivos\u0165, ktor\u00e1 regeneruje, chr\u00e1ni a revitalizuje va\u0161u ple\u0165 \u2013 a vyu\u017eite exkluz\u00edvne mesa\u010dn\u00e9 ponuky na na\u0161e najpred\u00e1vanej\u0161ie produkty LR Aloe Vera.\nZa\u010dnite svoju cestu za pr\u00edrodnou starostlivos\u0165ou o ple\u0165 e\u0161te dnes a poc\u00ed\u0165te rozdiel.","email":"info@lraloeverashop.eu","telephone":"+49 17670609653","legalName":"Lr Aloe Vera Shop","foundingDate":"2018-04-21","numberOfEmployees":{"@type":"QuantitativeValue","minValue":"1","maxValue":"10"}}]},"product_price_amount":"19.99","product_price_currency":"EUR","og_availability":"instock","product_availability":"instock","product_retailer_item_id":"20603-101SK","product_condition":"new"},"taxonomy_info":{"product_cat":[{"value":216,"label":"Aloe Vera"},{"value":264,"label":"\u0160peci\u00e1lna starostlivos\u0165"}],"product_tag":[{"value":563,"label":"Boles\u0165 k\u013abov"},{"value":564,"label":"Mas\u00e1\u017e"},{"value":566,"label":"Svalov\u00e9 nap\u00e4tie"},{"value":568,"label":"Unaven\u00e9 nohy"}]},"featured_image_src_large":["https:\/\/www.lraloeverashop.eu\/wp-content\/uploads\/2022\/10\/Thermo-Lotion-from-Lr-Aloe-Vera-1024x1024.jpg",1024,1024,true],"author_info":[],"comment_info":0,"_links":{"self":[{"href":"https:\/\/www.lraloeverashop.eu\/sk\/wp-json\/wp\/v2\/product\/10921","targetHints":{"allow":["GET"]}}],"collection":[{"href":"https:\/\/www.lraloeverashop.eu\/sk\/wp-json\/wp\/v2\/product"}],"about":[{"href":"https:\/\/www.lraloeverashop.eu\/sk\/wp-json\/wp\/v2\/types\/product"}],"replies":[{"embeddable":true,"href":"https:\/\/www.lraloeverashop.eu\/sk\/wp-json\/wp\/v2\/comments?post=10921"}],"wp:featuredmedia":[{"embeddable":true,"href":"https:\/\/www.lraloeverashop.eu\/sk\/wp-json\/wp\/v2\/media\/4780"}],"wp:attachment":[{"href":"https:\/\/www.lraloeverashop.eu\/sk\/wp-json\/wp\/v2\/media?parent=10921"}],"wp:term":[{"taxonomy":"product_brand","embeddable":true,"href":"https:\/\/www.lraloeverashop.eu\/sk\/wp-json\/wp\/v2\/product_brand?post=10921"},{"taxonomy":"product_cat","embeddable":true,"href":"https:\/\/www.lraloeverashop.eu\/sk\/wp-json\/wp\/v2\/product_cat?post=10921"},{"taxonomy":"product_tag","embeddable":true,"href":"https:\/\/www.lraloeverashop.eu\/sk\/wp-json\/wp\/v2\/product_tag?post=10921"}],"curies":[{"name":"wp","href":"https:\/\/api.w.org\/{rel}","templated":true}]}}