{"id":10897,"date":"2022-10-09T11:47:33","date_gmt":"2022-10-09T09:47:33","guid":{"rendered":"https:\/\/www.lraloeverashop.eu\/product\/aloe-vera-hydratacny-gelovy-koncentrat\/"},"modified":"2025-04-06T19:46:21","modified_gmt":"2025-04-06T17:46:21","slug":"aloe-vera-hydratacny-gelovy-koncentrat","status":"publish","type":"product","link":"https:\/\/www.lraloeverashop.eu\/sk\/produkt\/aloe-vera-hydratacny-gelovy-koncentrat\/","title":{"rendered":"Aloe Vera Hydrata\u010dn\u00fd G\u00e9lov\u00fd koncentr\u00e1t"},"content":{"rendered":"<h2><span style=\"font-size: 16pt;\"><strong>Aloe Vera Hydrata\u010dn\u00fd G\u00e9lov\u00fd koncentr\u00e1t<\/strong><\/span><\/h2>\n<p><span style=\"font-size: 14pt;\"><strong>Aloe Vera Hydrata\u010dn\u00fd g\u00e9lov\u00fd koncentr\u00e1t\u00a0zlep\u0161uje pru\u017enos\u0165 ko\u017ee<\/strong><\/span><\/p>\n<p>Lr Aloe Vera Hydrata\u010dn\u00fd g\u00e9lov\u00fd koncentr\u00e1t s 90% \u010dist\u00fdm g\u00e9lom z aloe vera ochladzuje a dod\u00e1va pleti upokojuj\u00facu vlhkos\u0165. Such\u00e1 ple\u0165 sa v\u00fdznamne zlep\u0161uje v\u010faka hydrata\u010dn\u00fdm vlastnostiam koncentr\u00e1tu. Aloe Vera poskytuje svie\u017eu pru\u017enej\u0161iu ple\u0165.<\/p>\n<p>R\u00fdchlo absorbuj\u00faci g\u00e9l sa m\u00f4\u017ee pou\u017ei\u0165 ako \u0161peci\u00e1lny produkt na <a href=\"https:\/\/www.lraloeverashop.eu\/sk\/lr-aloe-vera-gel-na-tvar-vlasy-a-telo-ucinky-aloe-vera\/\">starostlivos\u0165 o poko\u017eku<\/a>. V pr\u00edpade nadmern\u00e9ho vystavenia slne\u010dn\u00e9mu \u017eiareniu napr\u00edklad koncentr\u00e1t chlad\u00ed a udr\u017eiava postihnut\u00fa oblas\u0165 rovnomerne.<\/p>\n<p>&nbsp;<\/p>\n<p><strong>Testovan\u00e9 osoby uviedli:<\/strong><\/p>\n<p>\u2022 70 % s\u00fahlas\u00ed, \u017ee sa poko\u017eka po pou\u017eit\u00ed c\u00edti ve\u013emi pohodlne**<br \/>\n\u2022 67 % s\u00fahlas\u00ed s t\u00fdm, \u017ee koncentr\u00e1t zmier\u0148uje suchos\u0165 poko\u017eky**<br \/>\n\u2022 63 % s\u00fahlas\u00ed s t\u00fdm, \u017ee poko\u017eka je okam\u017eite vy\u017eiven\u00e1 a hydratovan\u00e1**<\/p>\n<p>** Aloe Vera koncentr\u00e1t bol testovan\u00fd na 30 \u017een\u00e1ch vo veku 30 a\u017e 49 rokov spolo\u010dnos\u0165ou Dermatest GmbH po\u010das 2 t\u00fd\u017ed\u0148ov v okt\u00f3bri 2007.<\/p>\n<p>Do koncentr\u00e1tu sa neprid\u00e1vaj\u00fa \u017eiadne \u010fal\u0161ie vonn\u00e9 l\u00e1tky, tak\u017ee mierne citi aloe vera. G\u00e9l je sk\u00fasen\u00fd a testovan\u00fd zvlh\u010dova\u010d. Perfektn\u00e1 kombin\u00e1cia s <a href=\"https:\/\/www.lraloeverashop.eu\/sk\/produkt\/aloe-vera-rychly-sprej-prvej-pomoci\/\">Aloe Vera Sprejom prvej pomoci<\/a>.<\/p>\n<p>LR Aloe Vera hydrata\u010dn\u00fd koncentr\u00e1t je mimoriadne prospe\u0161n\u00fd na zostresovan\u00fa a podr\u00e1\u017eden\u00fa poko\u017eku. Chlad\u00ed, upokojuje a podporuje jej regener\u00e1ciu. Ve\u013emi dobr\u00fd pre lie\u010dbu ekz\u00e9mu, akn\u00e9, pri porezan\u00ed no\u017eom, pop\u00e1len\u00ed atd.<\/p>\n<p>&nbsp;<\/p>\n<h3><span style=\"font-size: 16pt;\"><strong>Vedeli ste?<\/strong><\/span><\/h3>\n<p>Zv\u00fd\u0161en\u00fd \u00fa\u010dinok dosiahnete nastriekan\u00edm Aloe Vera spreja prvej pomoci pred aplik\u00e1ciou koncentrovan\u00e9ho g\u00e9lu Aloe Vera. Ak ho pou\u017eijete na tv\u00e1r, mali by ste si ju n\u00e1sledne natrie\u0165 kr\u00e9mom. Napr\u00edklad <a href=\"https:\/\/www.lraloeverashop.eu\/sk\/produkt\/aloe-vera-multi-aktivny-denny-krem\/\">Multi-Activny denn\u00fd kr\u00e9m<\/a>.<\/p>\n<p>Ne\u010dist\u00e1 ple\u0165 \u0165a\u017e\u00ed z hydrata\u010dn\u00fdch a vyrovn\u00e1vac\u00edch vlastnost\u00ed g\u00e9lu z aloe vera. Poko\u017eke podr\u00e1\u017edenej slnkom prospieva chladiv\u00fd \u00fa\u010dinok koncentr\u00e1tu z aloe vera. <a href=\"https:\/\/www.lraloeverashop.eu\/sk\/lr-aloe-vera-koncentrat\/\">G\u00e9l upokojuje a hydratuje<\/a>.<\/p>\n","protected":false},"excerpt":{"rendered":"<ul>\n<li>Koncentrovan\u00fd hydrata\u010dn\u00fd g\u00e9l pre podr\u00e1\u017eden\u00fa, dehydratovan\u00fa poko\u017eku<\/li>\n<li>S 90% g\u00e9lom z aloe vera<\/li>\n<li>S fermentovan\u00fdm aloe vera g\u00e9lom pre v\u00e4\u010d\u0161iu vlhkos\u0165<\/li>\n<li>Zlep\u0161uje pru\u017enos\u0165<\/li>\n<li>Ko\u017ea je okam\u017eite upokojen\u00e1 a uvo\u013enen\u00e1<\/li>\n<li>Obsah: 100 ml<\/li>\n<\/ul>\n<p>&nbsp;<\/p>\n","protected":false},"featured_media":27239,"comment_status":"open","ping_status":"closed","template":"","meta":{"_kad_blocks_custom_css":"","_kad_blocks_head_custom_js":"","_kad_blocks_body_custom_js":"","_kad_blocks_footer_custom_js":"","_kadence_starter_templates_imported_post":false,"_kad_post_transparent":"default","_kad_post_title":"","_kad_post_layout":"default","_kad_post_sidebar_id":"","_kad_post_content_style":"default","_kad_post_vertical_padding":"default","_kad_post_feature":"","_kad_post_feature_position":"","_kad_post_header":false,"_kad_post_footer":false,"_kad_post_classname":""},"product_brand":[],"product_cat":[216,264],"product_tag":[561,1204,618,560],"class_list":{"0":"post-10897","1":"product","2":"type-product","3":"status-publish","4":"has-post-thumbnail","6":"product_cat-aloe-vera-sk","7":"product_cat-specialna-starostlivost","8":"product_tag-ekzem-sk","9":"product_tag-fermentovany-aloe-gel","10":"product_tag-rany","11":"product_tag-rezy","13":"first","14":"instock","15":"taxable","16":"shipping-taxable","17":"purchasable","18":"product-type-simple","19":"entry","20":"content-bg","21":"loop-entry"},"yoast_head":"<!-- This site is optimized with the Yoast SEO Premium plugin v27.4 (Yoast SEO v27.4) - https:\/\/yoast.com\/product\/yoast-seo-premium-wordpress\/ -->\n<title>Aloe Vera Hydrata\u010dn\u00fd g\u00e9lov\u00fd koncentr\u00e1t\u00a0zlep\u0161uje pru\u017enos\u0165 ko\u017ee<\/title>\n<meta name=\"description\" content=\"Aloe Vera Hydrata\u010dn\u00fd g\u00e9lov\u00fd koncentr\u00e1t e mimoriadne prospe\u0161n\u00fd na zostresovan\u00fa a podr\u00e1\u017eden\u00fa poko\u017eku. Ve\u013emi dobr\u00fd na ekz\u00e9m, akn\u00e9, pri porezan\u00ed no\u017eom atd.\" \/>\n<meta name=\"robots\" content=\"index, follow, max-snippet:-1, max-image-preview:large, max-video-preview:-1\" \/>\n<link rel=\"canonical\" href=\"https:\/\/www.lraloeverashop.eu\/sk\/produkt\/aloe-vera-hydratacny-gelovy-koncentrat\/\" \/>\n<meta property=\"og:locale\" content=\"sk_SK\" \/>\n<meta property=\"og:type\" content=\"article\" \/>\n<meta property=\"og:title\" content=\"Aloe Vera Hydrata\u010dn\u00fd G\u00e9lov\u00fd koncentr\u00e1t\" \/>\n<meta property=\"og:description\" content=\"Aloe Vera Hydrata\u010dn\u00fd g\u00e9lov\u00fd koncentr\u00e1t e mimoriadne prospe\u0161n\u00fd na zostresovan\u00fa a podr\u00e1\u017eden\u00fa poko\u017eku. Ve\u013emi dobr\u00fd na ekz\u00e9m, akn\u00e9, pri porezan\u00ed no\u017eom atd.\" \/>\n<meta property=\"og:url\" content=\"https:\/\/www.lraloeverashop.eu\/sk\/produkt\/aloe-vera-hydratacny-gelovy-koncentrat\/\" \/>\n<meta property=\"og:site_name\" content=\"Lr Obchod Aloe Vera\" \/>\n<meta property=\"article:publisher\" content=\"https:\/\/www.facebook.com\/lraloeverashop.eu\" \/>\n<meta property=\"article:modified_time\" content=\"2025-04-06T17:46:21+00:00\" \/>\n<meta property=\"og:image\" content=\"https:\/\/www.lraloeverashop.eu\/wp-content\/uploads\/2025\/04\/Lr-Aloe-Vera-Concentrated-Gel.jpg\" \/>\n\t<meta property=\"og:image:width\" content=\"1200\" \/>\n\t<meta property=\"og:image:height\" content=\"1200\" \/>\n\t<meta property=\"og:image:type\" content=\"image\/jpeg\" \/>\n<meta name=\"twitter:card\" content=\"summary_large_image\" \/>\n<meta name=\"twitter:site\" content=\"@natur__kosmetik\" \/>\n<script type=\"application\/ld+json\" class=\"yoast-schema-graph\">{\"@context\":\"https:\\\/\\\/schema.org\",\"@graph\":[{\"@type\":[\"WebPage\",\"ItemPage\"],\"@id\":\"https:\\\/\\\/www.lraloeverashop.eu\\\/sk\\\/produkt\\\/aloe-vera-hydratacny-gelovy-koncentrat\\\/\",\"url\":\"https:\\\/\\\/www.lraloeverashop.eu\\\/sk\\\/produkt\\\/aloe-vera-hydratacny-gelovy-koncentrat\\\/\",\"name\":\"Aloe Vera Hydrata\u010dn\u00fd g\u00e9lov\u00fd koncentr\u00e1t\u00a0zlep\u0161uje pru\u017enos\u0165 ko\u017ee\",\"isPartOf\":{\"@id\":\"https:\\\/\\\/www.lraloeverashop.eu\\\/sk\\\/#website\"},\"primaryImageOfPage\":{\"@id\":\"https:\\\/\\\/www.lraloeverashop.eu\\\/sk\\\/produkt\\\/aloe-vera-hydratacny-gelovy-koncentrat\\\/#primaryimage\"},\"image\":{\"@id\":\"https:\\\/\\\/www.lraloeverashop.eu\\\/sk\\\/produkt\\\/aloe-vera-hydratacny-gelovy-koncentrat\\\/#primaryimage\"},\"thumbnailUrl\":\"https:\\\/\\\/www.lraloeverashop.eu\\\/wp-content\\\/uploads\\\/2025\\\/04\\\/Lr-Aloe-Vera-Concentrated-Gel.jpg\",\"datePublished\":\"2022-10-09T09:47:33+00:00\",\"dateModified\":\"2025-04-06T17:46:21+00:00\",\"description\":\"Aloe Vera Hydrata\u010dn\u00fd g\u00e9lov\u00fd koncentr\u00e1t e mimoriadne prospe\u0161n\u00fd na zostresovan\u00fa a podr\u00e1\u017eden\u00fa poko\u017eku. Ve\u013emi dobr\u00fd na ekz\u00e9m, akn\u00e9, pri porezan\u00ed no\u017eom atd.\",\"breadcrumb\":{\"@id\":\"https:\\\/\\\/www.lraloeverashop.eu\\\/sk\\\/produkt\\\/aloe-vera-hydratacny-gelovy-koncentrat\\\/#breadcrumb\"},\"inLanguage\":\"sk-SK\",\"potentialAction\":[{\"@type\":\"ReadAction\",\"target\":[\"https:\\\/\\\/www.lraloeverashop.eu\\\/sk\\\/produkt\\\/aloe-vera-hydratacny-gelovy-koncentrat\\\/\"]}]},{\"@type\":\"ImageObject\",\"inLanguage\":\"sk-SK\",\"@id\":\"https:\\\/\\\/www.lraloeverashop.eu\\\/sk\\\/produkt\\\/aloe-vera-hydratacny-gelovy-koncentrat\\\/#primaryimage\",\"url\":\"https:\\\/\\\/www.lraloeverashop.eu\\\/wp-content\\\/uploads\\\/2025\\\/04\\\/Lr-Aloe-Vera-Concentrated-Gel.jpg\",\"contentUrl\":\"https:\\\/\\\/www.lraloeverashop.eu\\\/wp-content\\\/uploads\\\/2025\\\/04\\\/Lr-Aloe-Vera-Concentrated-Gel.jpg\",\"width\":1200,\"height\":1200,\"caption\":\"Aloe Vera g\u00e9lov\u00fd koncentr\u00e1t S fermentovan\u00fdm aloe vera g\u00e9lom pre v\u00e4\u010d\u0161iu vlhkos\u0165\"},{\"@type\":\"BreadcrumbList\",\"@id\":\"https:\\\/\\\/www.lraloeverashop.eu\\\/sk\\\/produkt\\\/aloe-vera-hydratacny-gelovy-koncentrat\\\/#breadcrumb\",\"itemListElement\":[{\"@type\":\"ListItem\",\"position\":1,\"name\":\"Home\",\"item\":\"https:\\\/\\\/www.lraloeverashop.eu\\\/sk\\\/\"},{\"@type\":\"ListItem\",\"position\":2,\"name\":\"Obchod\",\"item\":\"https:\\\/\\\/www.lraloeverashop.eu\\\/shop\\\/\"},{\"@type\":\"ListItem\",\"position\":3,\"name\":\"Aloe Vera Hydrata\u010dn\u00fd G\u00e9lov\u00fd koncentr\u00e1t\"}]},{\"@type\":\"WebSite\",\"@id\":\"https:\\\/\\\/www.lraloeverashop.eu\\\/sk\\\/#website\",\"url\":\"https:\\\/\\\/www.lraloeverashop.eu\\\/sk\\\/\",\"name\":\"Lr Obchod Aloe Vera\",\"description\":\"High Quality Lr Aloe Vera Gel, Aloe Vera Cream and Shampoo\",\"publisher\":{\"@id\":\"https:\\\/\\\/www.lraloeverashop.eu\\\/sk\\\/#organization\"},\"potentialAction\":[{\"@type\":\"SearchAction\",\"target\":{\"@type\":\"EntryPoint\",\"urlTemplate\":\"https:\\\/\\\/www.lraloeverashop.eu\\\/sk\\\/?s={search_term_string}\"},\"query-input\":{\"@type\":\"PropertyValueSpecification\",\"valueRequired\":true,\"valueName\":\"search_term_string\"}}],\"inLanguage\":\"sk-SK\"},{\"@type\":\"Organization\",\"@id\":\"https:\\\/\\\/www.lraloeverashop.eu\\\/sk\\\/#organization\",\"name\":\"Lr Obchod Aloe Vera\",\"alternateName\":\"LR\",\"url\":\"https:\\\/\\\/www.lraloeverashop.eu\\\/sk\\\/\",\"logo\":{\"@type\":\"ImageObject\",\"inLanguage\":\"sk-SK\",\"@id\":\"https:\\\/\\\/www.lraloeverashop.eu\\\/sk\\\/#\\\/schema\\\/logo\\\/image\\\/\",\"url\":\"https:\\\/\\\/www.lraloeverashop.eu\\\/wp-content\\\/uploads\\\/2022\\\/09\\\/cropped-Lr-Aloe-Vera-Shop.jpg\",\"contentUrl\":\"https:\\\/\\\/www.lraloeverashop.eu\\\/wp-content\\\/uploads\\\/2022\\\/09\\\/cropped-Lr-Aloe-Vera-Shop.jpg\",\"width\":228,\"height\":76,\"caption\":\"Lr Obchod Aloe Vera\"},\"image\":{\"@id\":\"https:\\\/\\\/www.lraloeverashop.eu\\\/sk\\\/#\\\/schema\\\/logo\\\/image\\\/\"},\"sameAs\":[\"https:\\\/\\\/www.facebook.com\\\/lraloeverashop.eu\",\"https:\\\/\\\/x.com\\\/natur__kosmetik\",\"https:\\\/\\\/www.youtube.com\\\/channel\\\/UC5oN7BJ8nfYb8RpVtjwDEBA\",\"https:\\\/\\\/www.instagram.com\\\/lrbeautyeu\\\/\"],\"description\":\"Obchod Lr Aloe Vera je va\u0161\u00edm d\u00f4veryhodn\u00fdm miestom pre pr\u00e9miov\u00e9 produkty LR Health & Beauty vyroben\u00e9 v Nemecku. Pon\u00fakame vysokokvalitn\u00e9 rie\u0161enia starostlivosti o ple\u0165 s Aloe Vera, v\u00fd\u017eivu a proti starnutiu, vyroben\u00e9 z \u010dist\u00fdch ingredienci\u00ed a podlo\u017een\u00e9 vedeck\u00fdm v\u00fdskumom. Objavte pr\u00edrodn\u00fa starostlivos\u0165, ktor\u00e1 regeneruje, chr\u00e1ni a revitalizuje va\u0161u ple\u0165 \u2013 a vyu\u017eite exkluz\u00edvne mesa\u010dn\u00e9 ponuky na na\u0161e najpred\u00e1vanej\u0161ie produkty LR Aloe Vera.\\nZa\u010dnite svoju cestu za pr\u00edrodnou starostlivos\u0165ou o ple\u0165 e\u0161te dnes a poc\u00ed\u0165te rozdiel.\",\"email\":\"info@lraloeverashop.eu\",\"telephone\":\"+49 17670609653\",\"legalName\":\"Lr Aloe Vera Shop\",\"foundingDate\":\"2018-04-21\",\"numberOfEmployees\":{\"@type\":\"QuantitativeValue\",\"minValue\":\"1\",\"maxValue\":\"10\"}}]}<\/script>\n<meta property=\"product:price:amount\" content=\"21.99\" \/>\n<meta property=\"product:price:currency\" content=\"EUR\" \/>\n<meta property=\"og:availability\" content=\"instock\" \/>\n<meta property=\"product:availability\" content=\"instock\" \/>\n<meta property=\"product:retailer_item_id\" content=\"20601-101SK\" \/>\n<meta property=\"product:condition\" content=\"new\" \/>\n<!-- \/ Yoast SEO Premium plugin. -->","yoast_head_json":{"title":"Aloe Vera Hydrata\u010dn\u00fd g\u00e9lov\u00fd koncentr\u00e1t\u00a0zlep\u0161uje pru\u017enos\u0165 ko\u017ee","description":"Aloe Vera Hydrata\u010dn\u00fd g\u00e9lov\u00fd koncentr\u00e1t e mimoriadne prospe\u0161n\u00fd na zostresovan\u00fa a podr\u00e1\u017eden\u00fa poko\u017eku. Ve\u013emi dobr\u00fd na ekz\u00e9m, akn\u00e9, pri porezan\u00ed no\u017eom atd.","robots":{"index":"index","follow":"follow","max-snippet":"max-snippet:-1","max-image-preview":"max-image-preview:large","max-video-preview":"max-video-preview:-1"},"canonical":"https:\/\/www.lraloeverashop.eu\/sk\/produkt\/aloe-vera-hydratacny-gelovy-koncentrat\/","og_locale":"sk_SK","og_type":"article","og_title":"Aloe Vera Hydrata\u010dn\u00fd G\u00e9lov\u00fd koncentr\u00e1t","og_description":"Aloe Vera Hydrata\u010dn\u00fd g\u00e9lov\u00fd koncentr\u00e1t e mimoriadne prospe\u0161n\u00fd na zostresovan\u00fa a podr\u00e1\u017eden\u00fa poko\u017eku. Ve\u013emi dobr\u00fd na ekz\u00e9m, akn\u00e9, pri porezan\u00ed no\u017eom atd.","og_url":"https:\/\/www.lraloeverashop.eu\/sk\/produkt\/aloe-vera-hydratacny-gelovy-koncentrat\/","og_site_name":"Lr Obchod Aloe Vera","article_publisher":"https:\/\/www.facebook.com\/lraloeverashop.eu","article_modified_time":"2025-04-06T17:46:21+00:00","og_image":[{"width":1200,"height":1200,"url":"https:\/\/www.lraloeverashop.eu\/wp-content\/uploads\/2025\/04\/Lr-Aloe-Vera-Concentrated-Gel.jpg","type":"image\/jpeg"}],"twitter_card":"summary_large_image","twitter_site":"@natur__kosmetik","schema":{"@context":"https:\/\/schema.org","@graph":[{"@type":["WebPage","ItemPage"],"@id":"https:\/\/www.lraloeverashop.eu\/sk\/produkt\/aloe-vera-hydratacny-gelovy-koncentrat\/","url":"https:\/\/www.lraloeverashop.eu\/sk\/produkt\/aloe-vera-hydratacny-gelovy-koncentrat\/","name":"Aloe Vera Hydrata\u010dn\u00fd g\u00e9lov\u00fd koncentr\u00e1t\u00a0zlep\u0161uje pru\u017enos\u0165 ko\u017ee","isPartOf":{"@id":"https:\/\/www.lraloeverashop.eu\/sk\/#website"},"primaryImageOfPage":{"@id":"https:\/\/www.lraloeverashop.eu\/sk\/produkt\/aloe-vera-hydratacny-gelovy-koncentrat\/#primaryimage"},"image":{"@id":"https:\/\/www.lraloeverashop.eu\/sk\/produkt\/aloe-vera-hydratacny-gelovy-koncentrat\/#primaryimage"},"thumbnailUrl":"https:\/\/www.lraloeverashop.eu\/wp-content\/uploads\/2025\/04\/Lr-Aloe-Vera-Concentrated-Gel.jpg","datePublished":"2022-10-09T09:47:33+00:00","dateModified":"2025-04-06T17:46:21+00:00","description":"Aloe Vera Hydrata\u010dn\u00fd g\u00e9lov\u00fd koncentr\u00e1t e mimoriadne prospe\u0161n\u00fd na zostresovan\u00fa a podr\u00e1\u017eden\u00fa poko\u017eku. Ve\u013emi dobr\u00fd na ekz\u00e9m, akn\u00e9, pri porezan\u00ed no\u017eom atd.","breadcrumb":{"@id":"https:\/\/www.lraloeverashop.eu\/sk\/produkt\/aloe-vera-hydratacny-gelovy-koncentrat\/#breadcrumb"},"inLanguage":"sk-SK","potentialAction":[{"@type":"ReadAction","target":["https:\/\/www.lraloeverashop.eu\/sk\/produkt\/aloe-vera-hydratacny-gelovy-koncentrat\/"]}]},{"@type":"ImageObject","inLanguage":"sk-SK","@id":"https:\/\/www.lraloeverashop.eu\/sk\/produkt\/aloe-vera-hydratacny-gelovy-koncentrat\/#primaryimage","url":"https:\/\/www.lraloeverashop.eu\/wp-content\/uploads\/2025\/04\/Lr-Aloe-Vera-Concentrated-Gel.jpg","contentUrl":"https:\/\/www.lraloeverashop.eu\/wp-content\/uploads\/2025\/04\/Lr-Aloe-Vera-Concentrated-Gel.jpg","width":1200,"height":1200,"caption":"Aloe Vera g\u00e9lov\u00fd koncentr\u00e1t S fermentovan\u00fdm aloe vera g\u00e9lom pre v\u00e4\u010d\u0161iu vlhkos\u0165"},{"@type":"BreadcrumbList","@id":"https:\/\/www.lraloeverashop.eu\/sk\/produkt\/aloe-vera-hydratacny-gelovy-koncentrat\/#breadcrumb","itemListElement":[{"@type":"ListItem","position":1,"name":"Home","item":"https:\/\/www.lraloeverashop.eu\/sk\/"},{"@type":"ListItem","position":2,"name":"Obchod","item":"https:\/\/www.lraloeverashop.eu\/shop\/"},{"@type":"ListItem","position":3,"name":"Aloe Vera Hydrata\u010dn\u00fd G\u00e9lov\u00fd koncentr\u00e1t"}]},{"@type":"WebSite","@id":"https:\/\/www.lraloeverashop.eu\/sk\/#website","url":"https:\/\/www.lraloeverashop.eu\/sk\/","name":"Lr Obchod Aloe Vera","description":"High Quality Lr Aloe Vera Gel, Aloe Vera Cream and Shampoo","publisher":{"@id":"https:\/\/www.lraloeverashop.eu\/sk\/#organization"},"potentialAction":[{"@type":"SearchAction","target":{"@type":"EntryPoint","urlTemplate":"https:\/\/www.lraloeverashop.eu\/sk\/?s={search_term_string}"},"query-input":{"@type":"PropertyValueSpecification","valueRequired":true,"valueName":"search_term_string"}}],"inLanguage":"sk-SK"},{"@type":"Organization","@id":"https:\/\/www.lraloeverashop.eu\/sk\/#organization","name":"Lr Obchod Aloe Vera","alternateName":"LR","url":"https:\/\/www.lraloeverashop.eu\/sk\/","logo":{"@type":"ImageObject","inLanguage":"sk-SK","@id":"https:\/\/www.lraloeverashop.eu\/sk\/#\/schema\/logo\/image\/","url":"https:\/\/www.lraloeverashop.eu\/wp-content\/uploads\/2022\/09\/cropped-Lr-Aloe-Vera-Shop.jpg","contentUrl":"https:\/\/www.lraloeverashop.eu\/wp-content\/uploads\/2022\/09\/cropped-Lr-Aloe-Vera-Shop.jpg","width":228,"height":76,"caption":"Lr Obchod Aloe Vera"},"image":{"@id":"https:\/\/www.lraloeverashop.eu\/sk\/#\/schema\/logo\/image\/"},"sameAs":["https:\/\/www.facebook.com\/lraloeverashop.eu","https:\/\/x.com\/natur__kosmetik","https:\/\/www.youtube.com\/channel\/UC5oN7BJ8nfYb8RpVtjwDEBA","https:\/\/www.instagram.com\/lrbeautyeu\/"],"description":"Obchod Lr Aloe Vera je va\u0161\u00edm d\u00f4veryhodn\u00fdm miestom pre pr\u00e9miov\u00e9 produkty LR Health & Beauty vyroben\u00e9 v Nemecku. Pon\u00fakame vysokokvalitn\u00e9 rie\u0161enia starostlivosti o ple\u0165 s Aloe Vera, v\u00fd\u017eivu a proti starnutiu, vyroben\u00e9 z \u010dist\u00fdch ingredienci\u00ed a podlo\u017een\u00e9 vedeck\u00fdm v\u00fdskumom. Objavte pr\u00edrodn\u00fa starostlivos\u0165, ktor\u00e1 regeneruje, chr\u00e1ni a revitalizuje va\u0161u ple\u0165 \u2013 a vyu\u017eite exkluz\u00edvne mesa\u010dn\u00e9 ponuky na na\u0161e najpred\u00e1vanej\u0161ie produkty LR Aloe Vera.\nZa\u010dnite svoju cestu za pr\u00edrodnou starostlivos\u0165ou o ple\u0165 e\u0161te dnes a poc\u00ed\u0165te rozdiel.","email":"info@lraloeverashop.eu","telephone":"+49 17670609653","legalName":"Lr Aloe Vera Shop","foundingDate":"2018-04-21","numberOfEmployees":{"@type":"QuantitativeValue","minValue":"1","maxValue":"10"}}]},"product_price_amount":"21.99","product_price_currency":"EUR","og_availability":"instock","product_availability":"instock","product_retailer_item_id":"20601-101SK","product_condition":"new"},"taxonomy_info":{"product_cat":[{"value":216,"label":"Aloe Vera"},{"value":264,"label":"\u0160peci\u00e1lna starostlivos\u0165"}],"product_tag":[{"value":561,"label":"Ekz\u00e9m"},{"value":1204,"label":"Fermentovan\u00fd aloe g\u00e9l"},{"value":618,"label":"Rany"},{"value":560,"label":"rezy"}]},"featured_image_src_large":["https:\/\/www.lraloeverashop.eu\/wp-content\/uploads\/2025\/04\/Lr-Aloe-Vera-Concentrated-Gel-1024x1024.jpg",1024,1024,true],"author_info":[],"comment_info":0,"_links":{"self":[{"href":"https:\/\/www.lraloeverashop.eu\/sk\/wp-json\/wp\/v2\/product\/10897","targetHints":{"allow":["GET"]}}],"collection":[{"href":"https:\/\/www.lraloeverashop.eu\/sk\/wp-json\/wp\/v2\/product"}],"about":[{"href":"https:\/\/www.lraloeverashop.eu\/sk\/wp-json\/wp\/v2\/types\/product"}],"replies":[{"embeddable":true,"href":"https:\/\/www.lraloeverashop.eu\/sk\/wp-json\/wp\/v2\/comments?post=10897"}],"wp:featuredmedia":[{"embeddable":true,"href":"https:\/\/www.lraloeverashop.eu\/sk\/wp-json\/wp\/v2\/media\/27239"}],"wp:attachment":[{"href":"https:\/\/www.lraloeverashop.eu\/sk\/wp-json\/wp\/v2\/media?parent=10897"}],"wp:term":[{"taxonomy":"product_brand","embeddable":true,"href":"https:\/\/www.lraloeverashop.eu\/sk\/wp-json\/wp\/v2\/product_brand?post=10897"},{"taxonomy":"product_cat","embeddable":true,"href":"https:\/\/www.lraloeverashop.eu\/sk\/wp-json\/wp\/v2\/product_cat?post=10897"},{"taxonomy":"product_tag","embeddable":true,"href":"https:\/\/www.lraloeverashop.eu\/sk\/wp-json\/wp\/v2\/product_tag?post=10897"}],"curies":[{"name":"wp","href":"https:\/\/api.w.org\/{rel}","templated":true}]}}