{"id":10885,"date":"2022-10-09T12:39:53","date_gmt":"2022-10-09T10:39:53","guid":{"rendered":"https:\/\/www.lraloeverashop.eu\/product\/aloe-vera-rychly-sprej-prvej-pomoci\/"},"modified":"2025-12-15T08:21:10","modified_gmt":"2025-12-15T07:21:10","slug":"aloe-vera-rychly-sprej-prvej-pomoci","status":"publish","type":"product","link":"https:\/\/www.lraloeverashop.eu\/sk\/produkt\/aloe-vera-rychly-sprej-prvej-pomoci\/","title":{"rendered":"Aloe Vera r\u00fdchly Sprej prvej pomoci"},"content":{"rendered":"<h2><span style=\"font-size: 16pt;\"><strong>Aloe Vera r\u00fdchly Sprej prvej pomoci<\/strong><\/span><\/h2>\n<p><span style=\"font-size: 14pt;\"><strong>Aloe Vera R\u00fdchly Sprej Prvej Pomoci &#8211; \u0160pecialista so Silou Aloe Vera<\/strong><\/span><\/p>\n<p>Va\u0161a poko\u017eka je zostresovan\u00e1 a potrebuje siln\u00fa kombin\u00e1ciu? Aloe Vera Sprej prvej pomoci vytv\u00e1ra ochrann\u00fd n\u00e1ter na n\u00e1ro\u010dn\u00fdch miestach poko\u017eky. V\u010faka svojmu 83% obsahu z Aloe Vera a 12 vybran\u00fdch a testovan\u00fdch rastlinn\u00fdch extraktoch upokojuje, chr\u00e1ni a poskytuje poko\u017eke maxim\u00e1lnu hydrat\u00e1ciu. Dokonal\u00e1 n\u00fadzov\u00e1 starostlivos\u0165 zo silou Aloe Vera.<\/p>\n<p>&nbsp;<\/p>\n<h3><span style=\"font-size: 16pt;\"><strong>Aloe Vera Sprej prvej pomoci pou\u017eitie:<\/strong><\/span><\/h3>\n<ul>\n<li>rezn\u00e9 rany, odreniny &#8211; mo\u017eno aplikova\u0165 na povrchov\u00e9 rany<\/li>\n<li>\u00fa\u013eava unaven\u00fdm o\u010diam, priklada\u0165 navlh\u010den\u00fd tamp\u00f3n<\/li>\n<li>bolesti v krku &#8211; ve\u013emi \u00fa\u010dinn\u00fd na z\u00e1paly mandl\u00ed, nosohltanu<\/li>\n<li>vypad\u00e1vanie vlasov, o\u0161etrenie ko\u017ee po ondul\u00e1cii a depil\u00e1cii<\/li>\n<li>pomlia\u017edeniny, prele\u017eaniny, modriny a narazen\u00e9 miesta<\/li>\n<li>bolesti zubov &#8211; vytrhnut\u00e9 zuby, dezinfekcia \u00fastnej dutiny<\/li>\n<li>gynekologick\u00e9 \u0165a\u017ekosti &#8211; kvasinkov\u00e9 v\u00fdtoky, herpesy<\/li>\n<li>pliesne, myk\u00f3zy, akn\u00e9, lupiny a lupienka<\/li>\n<li>zapareniny, z\u00e1pal stredn\u00e9ho ucha<\/li>\n<li>za\u010dervenan\u00e1 ko\u017ea po nadmernom opa\u013eovan\u00ed<\/li>\n<li>ekz\u00e9my, opary a k\u00fatiky, p\u00e1sov\u00e9 opary<\/li>\n<li>u\u0161tipnutie hmyzom, <a href=\"https:\/\/www.lraloeverashop.eu\/sk\/produkt\/aloe-vera-hydratacny-gelovy-koncentrat\/\">pop\u00e1leniny<\/a><\/li>\n<li>za\u010d\u00ednaj\u00faci i chronick\u00e1 n\u00e1dcha, zduren\u00e9 sliznice<\/li>\n<\/ul>\n<p>&nbsp;<\/p>\n<p>Vyu\u017eite expert\u00edzu Aloe Vera expertov! Ich vysok\u00fd obsah \u010dist\u00e9ho g\u00e9lu z Aloe Vera listov pon\u00faka maxim\u00e1lnu hydrat\u00e1ciu. S organick\u00fdmi pr\u00edsadami z certifikovan\u00fdch plod\u00edn a dermatolologicky testovan\u00fdch v\u00fdrobkov bez parab\u00e9nov a miner\u00e1lnych olejov pon\u00faka <a href=\"https:\/\/www.lraloeverashop.eu\/sk\/produkt\/aloe-vera-specialny-box\/\">Lr Aloe Vera Special Care<\/a> intenz\u00edvnu starostlivos\u0165 a \u00fa\u010dinnos\u0165.<\/p>\n<p><strong>Nav\u0161t\u00edvte kategoriu produktov pre \u0160peci\u00e1lnu starostlivos\u0165!<\/strong><\/p>\n<div class=\"entry-content-asset videofit\"><iframe loading=\"lazy\" title=\"Healing power of Aloe Vera emergency Spray\" width=\"720\" height=\"405\" src=\"https:\/\/www.youtube.com\/embed\/cHbvBlJ98Kk?feature=oembed\" frameborder=\"0\" allow=\"accelerometer; autoplay; clipboard-write; encrypted-media; gyroscope; picture-in-picture; web-share\" allowfullscreen><\/iframe><\/div>\n<h2><strong><span style=\"font-size: 16pt;\">Ako pou\u017eiva\u0165 Aloe Vera r\u00fdchly Sprej prvej pomoci<\/span><\/strong><\/h2>\n<p>Aplikujte <a href=\"https:\/\/www.lraloeverashop.eu\/sk\/lr-aloe-vera-sprej-prvej-pomoci\/\">Lr Aloe Vera Sprej prvej pomoci<\/a> najlep\u0161ie po o\u010disten\u00ed a pred aplik\u00e1ciou be\u017enej starostlivosti o tv\u00e1r a telo. Sprej je vhodn\u00fd na r\u00f4zne sp\u00f4soby pou\u017eitia, ako je napr\u00edklad reli\u00e9fna such\u00e1, stresovan\u00e1 poko\u017eka po opa\u013eovan\u00ed alebo pri ekz\u00e9me, akn\u00e9 a \u010fal\u0161\u00edch probl\u00e9moch s ko\u017eou.<\/p>\n<h3><span style=\"font-size: 16pt;\"><strong>\u010casto kladen\u00e9 ot\u00e1zky<\/strong><\/span><\/h3>\n<p><strong>Kde je mo\u017en\u00e9 pou\u017ei\u0165 Lr Aloe Vera Sprej prvej pomoci?<\/strong><br \/>\nOkrem in\u00e9ho sa m\u00f4\u017ee aplikova\u0165 na nieko\u013eko stresov\u00fdch oblast\u00ed poko\u017eky. Naneste priamo na stresovan\u00fa poko\u017eku a nechajte ju rozpt\u00fdli\u0165.<\/p>\n<p><strong>M\u00f4\u017ee Aloe Vera Sprej prvej pomoci pom\u00f4c\u0165 vy\u010derpan\u00fdm noh\u00e1m?<\/strong><br \/>\nNajm\u00e4 v hor\u00facich letn\u00fdch mesiacoch nohy trpia po\u0165en\u00edm a \u00fanavou. Aloe Vera r\u00fdchle Sprej prvej pomoci pon\u00faka okam\u017eit\u00e9 osvie\u017euj\u00face \u00fa\u010dinky. Jeho bylinn\u00e9 v\u00fd\u0165a\u017eky upokojuj\u00fa poko\u017eku.<\/p>\n<p>\u010cast\u00e9 holenie dr\u00e1\u017edi poko\u017eku mu\u017ea. Najlep\u0161ia rie\u0161enie je postrieka\u0165 po holen\u00ed nieko\u013eko kr\u00e1t Aloe Vera r\u00fdchle Prs\u00favajte prv\u00fa pomoc na va\u0161e ruky a naneste ju na tv\u00e1r a jemne ju roztrite ako po \u0161iji. Upokojuje a uvo\u013e\u0148uje podr\u00e1\u017eden\u00fa poko\u017eku.<\/p>\n<p><strong>M\u00f4\u017eete pou\u017ei\u0165 Lr Aloe Vera Sprej prvej pomoci na poko\u017eku hlavy?<\/strong><br \/>\nAk pocitite ze m\u00e1te poko\u017eku hlavy mastn\u00fa, jednoducho rozstrekujte Aloe Vera r\u00fdchly Sprej prvej pomoci na poko\u017eku hlavy a jemne ju mas\u00edrujte prstami.<\/p>\n","protected":false},"excerpt":{"rendered":"<ul>\n<li>S 83% Aloe Vera<\/li>\n<li>S 12 vybran\u00fdmi a testovan\u00fdmi rastlinn\u00fdmi v\u00fd\u0165a\u017ekami<\/li>\n<li>S fermentovan\u00fdm aloe vera g\u00e9lom pre v\u00e4\u010d\u0161iu vlhkos\u0165<\/li>\n<li>D\u00e1va ochrann\u00fa vrstvu na n\u00e1ro\u010dn\u00fa ple\u0165<\/li>\n<li>S upokojuj\u00facim a chladiacim \u00fa\u010dinkom<\/li>\n<li>Obsah: 400 ml<\/li>\n<\/ul>\n<p>&nbsp;<\/p>\n","protected":false},"featured_media":27199,"comment_status":"open","ping_status":"closed","template":"","meta":{"_kad_blocks_custom_css":"","_kad_blocks_head_custom_js":"","_kad_blocks_body_custom_js":"","_kad_blocks_footer_custom_js":"","_kadence_starter_templates_imported_post":false,"_kad_post_transparent":"default","_kad_post_title":"","_kad_post_layout":"default","_kad_post_sidebar_id":"","_kad_post_content_style":"default","_kad_post_vertical_padding":"default","_kad_post_feature":"","_kad_post_feature_position":"","_kad_post_header":false,"_kad_post_footer":false,"_kad_post_classname":""},"product_brand":[],"product_cat":[216,264,231],"product_tag":[561,1204,618,560],"class_list":{"0":"post-10885","1":"product","2":"type-product","3":"status-publish","4":"has-post-thumbnail","6":"product_cat-aloe-vera-sk","7":"product_cat-specialna-starostlivost","8":"product_cat-starostlivost-o-telo","9":"product_tag-ekzem-sk","10":"product_tag-fermentovany-aloe-gel","11":"product_tag-rany","12":"product_tag-rezy","14":"first","15":"instock","16":"taxable","17":"shipping-taxable","18":"purchasable","19":"product-type-simple","20":"entry","21":"content-bg","22":"loop-entry"},"yoast_head":"<!-- This site is optimized with the Yoast SEO Premium plugin v27.4 (Yoast SEO v27.4) - https:\/\/yoast.com\/product\/yoast-seo-premium-wordpress\/ -->\n<title>Aloe Vera r\u00fdchly sprej prvej pomoci - \u0160pecialista na povrchov\u00e9 rany<\/title>\n<meta name=\"description\" content=\"Va\u0161a poko\u017eka je zostresovan\u00e1 a potrebuje siln\u00fa kombin\u00e1ciu? Aloe Vera R\u00fdchly Sprej Prvej Pomoci je vhodny na rezn\u00e9 rany, odreniny , ekz\u00e9my, opary, k\u00fatiky...\" \/>\n<meta name=\"robots\" content=\"index, follow, max-snippet:-1, max-image-preview:large, max-video-preview:-1\" \/>\n<link rel=\"canonical\" href=\"https:\/\/www.lraloeverashop.eu\/sk\/produkt\/aloe-vera-rychly-sprej-prvej-pomoci\/\" \/>\n<meta property=\"og:locale\" content=\"sk_SK\" \/>\n<meta property=\"og:type\" content=\"article\" \/>\n<meta property=\"og:title\" content=\"Aloe Vera r\u00fdchly Sprej prvej pomoci\" \/>\n<meta property=\"og:description\" content=\"Va\u0161a poko\u017eka je zostresovan\u00e1 a potrebuje siln\u00fa kombin\u00e1ciu? Aloe Vera R\u00fdchly Sprej Prvej Pomoci je vhodny na rezn\u00e9 rany, odreniny , ekz\u00e9my, opary, k\u00fatiky...\" \/>\n<meta property=\"og:url\" content=\"https:\/\/www.lraloeverashop.eu\/sk\/produkt\/aloe-vera-rychly-sprej-prvej-pomoci\/\" \/>\n<meta property=\"og:site_name\" content=\"Lr Obchod Aloe Vera\" \/>\n<meta property=\"article:publisher\" content=\"https:\/\/www.facebook.com\/lraloeverashop.eu\" \/>\n<meta property=\"article:modified_time\" content=\"2025-12-15T07:21:10+00:00\" \/>\n<meta property=\"og:image\" content=\"https:\/\/www.lraloeverashop.eu\/wp-content\/uploads\/2025\/04\/Lr-Aloe-Vera-emergency-spray-new.jpg\" \/>\n\t<meta property=\"og:image:width\" content=\"1200\" \/>\n\t<meta property=\"og:image:height\" content=\"1200\" \/>\n\t<meta property=\"og:image:type\" content=\"image\/jpeg\" \/>\n<meta name=\"twitter:card\" content=\"summary_large_image\" \/>\n<meta name=\"twitter:site\" content=\"@natur__kosmetik\" \/>\n<script type=\"application\/ld+json\" class=\"yoast-schema-graph\">{\"@context\":\"https:\\\/\\\/schema.org\",\"@graph\":[{\"@type\":[\"WebPage\",\"ItemPage\"],\"@id\":\"https:\\\/\\\/www.lraloeverashop.eu\\\/sk\\\/produkt\\\/aloe-vera-rychly-sprej-prvej-pomoci\\\/\",\"url\":\"https:\\\/\\\/www.lraloeverashop.eu\\\/sk\\\/produkt\\\/aloe-vera-rychly-sprej-prvej-pomoci\\\/\",\"name\":\"Aloe Vera r\u00fdchly sprej prvej pomoci - \u0160pecialista na povrchov\u00e9 rany\",\"isPartOf\":{\"@id\":\"https:\\\/\\\/www.lraloeverashop.eu\\\/sk\\\/#website\"},\"primaryImageOfPage\":{\"@id\":\"https:\\\/\\\/www.lraloeverashop.eu\\\/sk\\\/produkt\\\/aloe-vera-rychly-sprej-prvej-pomoci\\\/#primaryimage\"},\"image\":{\"@id\":\"https:\\\/\\\/www.lraloeverashop.eu\\\/sk\\\/produkt\\\/aloe-vera-rychly-sprej-prvej-pomoci\\\/#primaryimage\"},\"thumbnailUrl\":\"https:\\\/\\\/www.lraloeverashop.eu\\\/wp-content\\\/uploads\\\/2025\\\/04\\\/Lr-Aloe-Vera-emergency-spray-new.jpg\",\"datePublished\":\"2022-10-09T10:39:53+00:00\",\"dateModified\":\"2025-12-15T07:21:10+00:00\",\"description\":\"Va\u0161a poko\u017eka je zostresovan\u00e1 a potrebuje siln\u00fa kombin\u00e1ciu? Aloe Vera R\u00fdchly Sprej Prvej Pomoci je vhodny na rezn\u00e9 rany, odreniny , ekz\u00e9my, opary, k\u00fatiky...\",\"breadcrumb\":{\"@id\":\"https:\\\/\\\/www.lraloeverashop.eu\\\/sk\\\/produkt\\\/aloe-vera-rychly-sprej-prvej-pomoci\\\/#breadcrumb\"},\"inLanguage\":\"sk-SK\",\"potentialAction\":[{\"@type\":\"ReadAction\",\"target\":[\"https:\\\/\\\/www.lraloeverashop.eu\\\/sk\\\/produkt\\\/aloe-vera-rychly-sprej-prvej-pomoci\\\/\"]}]},{\"@type\":\"ImageObject\",\"inLanguage\":\"sk-SK\",\"@id\":\"https:\\\/\\\/www.lraloeverashop.eu\\\/sk\\\/produkt\\\/aloe-vera-rychly-sprej-prvej-pomoci\\\/#primaryimage\",\"url\":\"https:\\\/\\\/www.lraloeverashop.eu\\\/wp-content\\\/uploads\\\/2025\\\/04\\\/Lr-Aloe-Vera-emergency-spray-new.jpg\",\"contentUrl\":\"https:\\\/\\\/www.lraloeverashop.eu\\\/wp-content\\\/uploads\\\/2025\\\/04\\\/Lr-Aloe-Vera-emergency-spray-new.jpg\",\"width\":1200,\"height\":1200,\"caption\":\"Aloe Vera Sprej prvej pomoci S fermentovan\u00fdm aloe vera g\u00e9lom\"},{\"@type\":\"BreadcrumbList\",\"@id\":\"https:\\\/\\\/www.lraloeverashop.eu\\\/sk\\\/produkt\\\/aloe-vera-rychly-sprej-prvej-pomoci\\\/#breadcrumb\",\"itemListElement\":[{\"@type\":\"ListItem\",\"position\":1,\"name\":\"Home\",\"item\":\"https:\\\/\\\/www.lraloeverashop.eu\\\/sk\\\/\"},{\"@type\":\"ListItem\",\"position\":2,\"name\":\"Obchod\",\"item\":\"https:\\\/\\\/www.lraloeverashop.eu\\\/shop\\\/\"},{\"@type\":\"ListItem\",\"position\":3,\"name\":\"Aloe Vera r\u00fdchly Sprej prvej pomoci\"}]},{\"@type\":\"WebSite\",\"@id\":\"https:\\\/\\\/www.lraloeverashop.eu\\\/sk\\\/#website\",\"url\":\"https:\\\/\\\/www.lraloeverashop.eu\\\/sk\\\/\",\"name\":\"Lr Obchod Aloe Vera\",\"description\":\"High Quality Lr Aloe Vera Gel, Aloe Vera Cream and Shampoo\",\"publisher\":{\"@id\":\"https:\\\/\\\/www.lraloeverashop.eu\\\/sk\\\/#organization\"},\"potentialAction\":[{\"@type\":\"SearchAction\",\"target\":{\"@type\":\"EntryPoint\",\"urlTemplate\":\"https:\\\/\\\/www.lraloeverashop.eu\\\/sk\\\/?s={search_term_string}\"},\"query-input\":{\"@type\":\"PropertyValueSpecification\",\"valueRequired\":true,\"valueName\":\"search_term_string\"}}],\"inLanguage\":\"sk-SK\"},{\"@type\":\"Organization\",\"@id\":\"https:\\\/\\\/www.lraloeverashop.eu\\\/sk\\\/#organization\",\"name\":\"Lr Obchod Aloe Vera\",\"alternateName\":\"LR\",\"url\":\"https:\\\/\\\/www.lraloeverashop.eu\\\/sk\\\/\",\"logo\":{\"@type\":\"ImageObject\",\"inLanguage\":\"sk-SK\",\"@id\":\"https:\\\/\\\/www.lraloeverashop.eu\\\/sk\\\/#\\\/schema\\\/logo\\\/image\\\/\",\"url\":\"https:\\\/\\\/www.lraloeverashop.eu\\\/wp-content\\\/uploads\\\/2022\\\/09\\\/cropped-Lr-Aloe-Vera-Shop.jpg\",\"contentUrl\":\"https:\\\/\\\/www.lraloeverashop.eu\\\/wp-content\\\/uploads\\\/2022\\\/09\\\/cropped-Lr-Aloe-Vera-Shop.jpg\",\"width\":228,\"height\":76,\"caption\":\"Lr Obchod Aloe Vera\"},\"image\":{\"@id\":\"https:\\\/\\\/www.lraloeverashop.eu\\\/sk\\\/#\\\/schema\\\/logo\\\/image\\\/\"},\"sameAs\":[\"https:\\\/\\\/www.facebook.com\\\/lraloeverashop.eu\",\"https:\\\/\\\/x.com\\\/natur__kosmetik\",\"https:\\\/\\\/www.youtube.com\\\/channel\\\/UC5oN7BJ8nfYb8RpVtjwDEBA\",\"https:\\\/\\\/www.instagram.com\\\/lrbeautyeu\\\/\"],\"description\":\"Obchod Lr Aloe Vera je va\u0161\u00edm d\u00f4veryhodn\u00fdm miestom pre pr\u00e9miov\u00e9 produkty LR Health & Beauty vyroben\u00e9 v Nemecku. Pon\u00fakame vysokokvalitn\u00e9 rie\u0161enia starostlivosti o ple\u0165 s Aloe Vera, v\u00fd\u017eivu a proti starnutiu, vyroben\u00e9 z \u010dist\u00fdch ingredienci\u00ed a podlo\u017een\u00e9 vedeck\u00fdm v\u00fdskumom. Objavte pr\u00edrodn\u00fa starostlivos\u0165, ktor\u00e1 regeneruje, chr\u00e1ni a revitalizuje va\u0161u ple\u0165 \u2013 a vyu\u017eite exkluz\u00edvne mesa\u010dn\u00e9 ponuky na na\u0161e najpred\u00e1vanej\u0161ie produkty LR Aloe Vera.\\nZa\u010dnite svoju cestu za pr\u00edrodnou starostlivos\u0165ou o ple\u0165 e\u0161te dnes a poc\u00ed\u0165te rozdiel.\",\"email\":\"info@lraloeverashop.eu\",\"telephone\":\"+49 17670609653\",\"legalName\":\"Lr Aloe Vera Shop\",\"foundingDate\":\"2018-04-21\",\"numberOfEmployees\":{\"@type\":\"QuantitativeValue\",\"minValue\":\"1\",\"maxValue\":\"10\"}}]}<\/script>\n<meta property=\"product:price:amount\" content=\"27.99\" \/>\n<meta property=\"product:price:currency\" content=\"EUR\" \/>\n<meta property=\"og:availability\" content=\"instock\" \/>\n<meta property=\"product:availability\" content=\"instock\" \/>\n<meta property=\"product:retailer_item_id\" content=\"20600-101SK\" \/>\n<meta property=\"product:condition\" content=\"new\" \/>\n<!-- \/ Yoast SEO Premium plugin. -->","yoast_head_json":{"title":"Aloe Vera r\u00fdchly sprej prvej pomoci - \u0160pecialista na povrchov\u00e9 rany","description":"Va\u0161a poko\u017eka je zostresovan\u00e1 a potrebuje siln\u00fa kombin\u00e1ciu? Aloe Vera R\u00fdchly Sprej Prvej Pomoci je vhodny na rezn\u00e9 rany, odreniny , ekz\u00e9my, opary, k\u00fatiky...","robots":{"index":"index","follow":"follow","max-snippet":"max-snippet:-1","max-image-preview":"max-image-preview:large","max-video-preview":"max-video-preview:-1"},"canonical":"https:\/\/www.lraloeverashop.eu\/sk\/produkt\/aloe-vera-rychly-sprej-prvej-pomoci\/","og_locale":"sk_SK","og_type":"article","og_title":"Aloe Vera r\u00fdchly Sprej prvej pomoci","og_description":"Va\u0161a poko\u017eka je zostresovan\u00e1 a potrebuje siln\u00fa kombin\u00e1ciu? Aloe Vera R\u00fdchly Sprej Prvej Pomoci je vhodny na rezn\u00e9 rany, odreniny , ekz\u00e9my, opary, k\u00fatiky...","og_url":"https:\/\/www.lraloeverashop.eu\/sk\/produkt\/aloe-vera-rychly-sprej-prvej-pomoci\/","og_site_name":"Lr Obchod Aloe Vera","article_publisher":"https:\/\/www.facebook.com\/lraloeverashop.eu","article_modified_time":"2025-12-15T07:21:10+00:00","og_image":[{"width":1200,"height":1200,"url":"https:\/\/www.lraloeverashop.eu\/wp-content\/uploads\/2025\/04\/Lr-Aloe-Vera-emergency-spray-new.jpg","type":"image\/jpeg"}],"twitter_card":"summary_large_image","twitter_site":"@natur__kosmetik","schema":{"@context":"https:\/\/schema.org","@graph":[{"@type":["WebPage","ItemPage"],"@id":"https:\/\/www.lraloeverashop.eu\/sk\/produkt\/aloe-vera-rychly-sprej-prvej-pomoci\/","url":"https:\/\/www.lraloeverashop.eu\/sk\/produkt\/aloe-vera-rychly-sprej-prvej-pomoci\/","name":"Aloe Vera r\u00fdchly sprej prvej pomoci - \u0160pecialista na povrchov\u00e9 rany","isPartOf":{"@id":"https:\/\/www.lraloeverashop.eu\/sk\/#website"},"primaryImageOfPage":{"@id":"https:\/\/www.lraloeverashop.eu\/sk\/produkt\/aloe-vera-rychly-sprej-prvej-pomoci\/#primaryimage"},"image":{"@id":"https:\/\/www.lraloeverashop.eu\/sk\/produkt\/aloe-vera-rychly-sprej-prvej-pomoci\/#primaryimage"},"thumbnailUrl":"https:\/\/www.lraloeverashop.eu\/wp-content\/uploads\/2025\/04\/Lr-Aloe-Vera-emergency-spray-new.jpg","datePublished":"2022-10-09T10:39:53+00:00","dateModified":"2025-12-15T07:21:10+00:00","description":"Va\u0161a poko\u017eka je zostresovan\u00e1 a potrebuje siln\u00fa kombin\u00e1ciu? Aloe Vera R\u00fdchly Sprej Prvej Pomoci je vhodny na rezn\u00e9 rany, odreniny , ekz\u00e9my, opary, k\u00fatiky...","breadcrumb":{"@id":"https:\/\/www.lraloeverashop.eu\/sk\/produkt\/aloe-vera-rychly-sprej-prvej-pomoci\/#breadcrumb"},"inLanguage":"sk-SK","potentialAction":[{"@type":"ReadAction","target":["https:\/\/www.lraloeverashop.eu\/sk\/produkt\/aloe-vera-rychly-sprej-prvej-pomoci\/"]}]},{"@type":"ImageObject","inLanguage":"sk-SK","@id":"https:\/\/www.lraloeverashop.eu\/sk\/produkt\/aloe-vera-rychly-sprej-prvej-pomoci\/#primaryimage","url":"https:\/\/www.lraloeverashop.eu\/wp-content\/uploads\/2025\/04\/Lr-Aloe-Vera-emergency-spray-new.jpg","contentUrl":"https:\/\/www.lraloeverashop.eu\/wp-content\/uploads\/2025\/04\/Lr-Aloe-Vera-emergency-spray-new.jpg","width":1200,"height":1200,"caption":"Aloe Vera Sprej prvej pomoci S fermentovan\u00fdm aloe vera g\u00e9lom"},{"@type":"BreadcrumbList","@id":"https:\/\/www.lraloeverashop.eu\/sk\/produkt\/aloe-vera-rychly-sprej-prvej-pomoci\/#breadcrumb","itemListElement":[{"@type":"ListItem","position":1,"name":"Home","item":"https:\/\/www.lraloeverashop.eu\/sk\/"},{"@type":"ListItem","position":2,"name":"Obchod","item":"https:\/\/www.lraloeverashop.eu\/shop\/"},{"@type":"ListItem","position":3,"name":"Aloe Vera r\u00fdchly Sprej prvej pomoci"}]},{"@type":"WebSite","@id":"https:\/\/www.lraloeverashop.eu\/sk\/#website","url":"https:\/\/www.lraloeverashop.eu\/sk\/","name":"Lr Obchod Aloe Vera","description":"High Quality Lr Aloe Vera Gel, Aloe Vera Cream and Shampoo","publisher":{"@id":"https:\/\/www.lraloeverashop.eu\/sk\/#organization"},"potentialAction":[{"@type":"SearchAction","target":{"@type":"EntryPoint","urlTemplate":"https:\/\/www.lraloeverashop.eu\/sk\/?s={search_term_string}"},"query-input":{"@type":"PropertyValueSpecification","valueRequired":true,"valueName":"search_term_string"}}],"inLanguage":"sk-SK"},{"@type":"Organization","@id":"https:\/\/www.lraloeverashop.eu\/sk\/#organization","name":"Lr Obchod Aloe Vera","alternateName":"LR","url":"https:\/\/www.lraloeverashop.eu\/sk\/","logo":{"@type":"ImageObject","inLanguage":"sk-SK","@id":"https:\/\/www.lraloeverashop.eu\/sk\/#\/schema\/logo\/image\/","url":"https:\/\/www.lraloeverashop.eu\/wp-content\/uploads\/2022\/09\/cropped-Lr-Aloe-Vera-Shop.jpg","contentUrl":"https:\/\/www.lraloeverashop.eu\/wp-content\/uploads\/2022\/09\/cropped-Lr-Aloe-Vera-Shop.jpg","width":228,"height":76,"caption":"Lr Obchod Aloe Vera"},"image":{"@id":"https:\/\/www.lraloeverashop.eu\/sk\/#\/schema\/logo\/image\/"},"sameAs":["https:\/\/www.facebook.com\/lraloeverashop.eu","https:\/\/x.com\/natur__kosmetik","https:\/\/www.youtube.com\/channel\/UC5oN7BJ8nfYb8RpVtjwDEBA","https:\/\/www.instagram.com\/lrbeautyeu\/"],"description":"Obchod Lr Aloe Vera je va\u0161\u00edm d\u00f4veryhodn\u00fdm miestom pre pr\u00e9miov\u00e9 produkty LR Health & Beauty vyroben\u00e9 v Nemecku. Pon\u00fakame vysokokvalitn\u00e9 rie\u0161enia starostlivosti o ple\u0165 s Aloe Vera, v\u00fd\u017eivu a proti starnutiu, vyroben\u00e9 z \u010dist\u00fdch ingredienci\u00ed a podlo\u017een\u00e9 vedeck\u00fdm v\u00fdskumom. Objavte pr\u00edrodn\u00fa starostlivos\u0165, ktor\u00e1 regeneruje, chr\u00e1ni a revitalizuje va\u0161u ple\u0165 \u2013 a vyu\u017eite exkluz\u00edvne mesa\u010dn\u00e9 ponuky na na\u0161e najpred\u00e1vanej\u0161ie produkty LR Aloe Vera.\nZa\u010dnite svoju cestu za pr\u00edrodnou starostlivos\u0165ou o ple\u0165 e\u0161te dnes a poc\u00ed\u0165te rozdiel.","email":"info@lraloeverashop.eu","telephone":"+49 17670609653","legalName":"Lr Aloe Vera Shop","foundingDate":"2018-04-21","numberOfEmployees":{"@type":"QuantitativeValue","minValue":"1","maxValue":"10"}}]},"product_price_amount":"27.99","product_price_currency":"EUR","og_availability":"instock","product_availability":"instock","product_retailer_item_id":"20600-101SK","product_condition":"new"},"taxonomy_info":{"product_cat":[{"value":216,"label":"Aloe Vera"},{"value":264,"label":"\u0160peci\u00e1lna starostlivos\u0165"},{"value":231,"label":"Starostlivos\u0165 o telo"}],"product_tag":[{"value":561,"label":"Ekz\u00e9m"},{"value":1204,"label":"Fermentovan\u00fd aloe g\u00e9l"},{"value":618,"label":"Rany"},{"value":560,"label":"rezy"}]},"featured_image_src_large":["https:\/\/www.lraloeverashop.eu\/wp-content\/uploads\/2025\/04\/Lr-Aloe-Vera-emergency-spray-new-1024x1024.jpg",1024,1024,true],"author_info":[],"comment_info":0,"_links":{"self":[{"href":"https:\/\/www.lraloeverashop.eu\/sk\/wp-json\/wp\/v2\/product\/10885","targetHints":{"allow":["GET"]}}],"collection":[{"href":"https:\/\/www.lraloeverashop.eu\/sk\/wp-json\/wp\/v2\/product"}],"about":[{"href":"https:\/\/www.lraloeverashop.eu\/sk\/wp-json\/wp\/v2\/types\/product"}],"replies":[{"embeddable":true,"href":"https:\/\/www.lraloeverashop.eu\/sk\/wp-json\/wp\/v2\/comments?post=10885"}],"wp:featuredmedia":[{"embeddable":true,"href":"https:\/\/www.lraloeverashop.eu\/sk\/wp-json\/wp\/v2\/media\/27199"}],"wp:attachment":[{"href":"https:\/\/www.lraloeverashop.eu\/sk\/wp-json\/wp\/v2\/media?parent=10885"}],"wp:term":[{"taxonomy":"product_brand","embeddable":true,"href":"https:\/\/www.lraloeverashop.eu\/sk\/wp-json\/wp\/v2\/product_brand?post=10885"},{"taxonomy":"product_cat","embeddable":true,"href":"https:\/\/www.lraloeverashop.eu\/sk\/wp-json\/wp\/v2\/product_cat?post=10885"},{"taxonomy":"product_tag","embeddable":true,"href":"https:\/\/www.lraloeverashop.eu\/sk\/wp-json\/wp\/v2\/product_tag?post=10885"}],"curies":[{"name":"wp","href":"https:\/\/api.w.org\/{rel}","templated":true}]}}