{"id":10873,"date":"2022-10-09T13:04:55","date_gmt":"2022-10-09T11:04:55","guid":{"rendered":"https:\/\/www.lraloeverashop.eu\/product\/aloe-vera-ochranny-krem-s-propolisom\/"},"modified":"2025-12-15T08:19:37","modified_gmt":"2025-12-15T07:19:37","slug":"aloe-vera-ochranny-krem-s-propolisom","status":"publish","type":"product","link":"https:\/\/www.lraloeverashop.eu\/sk\/produkt\/aloe-vera-ochranny-krem-s-propolisom\/","title":{"rendered":"Propolisov\u00fd Kr\u00e9m Aloe Vera"},"content":{"rendered":"<h2><span style=\"font-size: 16pt; color: #000000;\"><strong>Propolisov\u00fd Kr\u00e9m Aloe Vera<\/strong><\/span><\/h2>\n<p><span style=\"font-size: 14pt; color: #000000;\"><strong>Propolisov\u00fd Kr\u00e9m Aloe Vera \u2013 Ochrann\u00fd kr\u00e9m na extra such\u00fa n\u00e1ro\u010dn\u00fa poko\u017eku<\/strong><\/span><\/p>\n<p>Aloe Vera <a href=\"https:\/\/www.lraloeverashop.eu\/sk\/aloe-vera-krem-s-propolisom\/\">Ochrann\u00fd kr\u00e9m s propolisom<\/a> a s 79% Aloe Vera je vhodn\u00fd na o\u0161etrenie suchej, n\u00e1ro\u010dnej poko\u017eky. Zvy\u0161uje prirodzen\u00fa bari\u00e9ru poko\u017eky a na poko\u017eku nan\u00e1\u0161a ochrann\u00fd pl\u00e1\u0161\u0165. Propolis sa extrahuje z medov\u00e9ho pl\u00e1stu a poskytuje pocit starostlivosti a \u00fa\u013eavy na poko\u017eku v\u010faka svojej tepelnej izol\u00e1cii v kombin\u00e1cii s <a href=\"https:\/\/www.lraloeverashop.eu\/sk\/lr-aloe-vera-gel-na-tvar-vlasy-a-telo-ucinky-aloe-vera\/\">hydrata\u010dn\u00fdm \u00fa\u010dinkom aloe vera<\/a>. Doporu\u010dujeme pou\u017eiva\u0165 na velmi <a href=\"https:\/\/www.lraloeverashop.eu\/sk\/produkt\/aloe-vera-jemny-krem-na-ruky\/\">such\u00e9 ruky<\/a>, akn\u00e9, ekz\u00e9m a ine ko\u017en\u00e9 choroby.<\/p>\n<p>&nbsp;<\/p>\n<h3><span style=\"font-size: 16pt;\"><strong>Ako pou\u017eiva\u0165 Lr Propolis Kr\u00e9m Aloe Vera<\/strong><\/span><\/h3>\n<p>Propolisov\u00fd Kr\u00e9m Aloe Vera sa odpor\u00fa\u010da zvl\u00e1\u0161\u0165 na ochranu suchej tv\u00e1re a r\u00fak. Kr\u00e9m mo\u017eno aplikova\u0165 na v\u0161etky extra such\u00e9 oblasti poko\u017eky, ktor\u00e9 vy\u017eaduj\u00fa <a href=\"https:\/\/www.lraloeverashop.eu\/sk\/produkt\/aloe-vera-detsky-jemny-ochranny-krem\/\">intenz\u00edvnu starostlivos\u0165<\/a>. Aplikujte ju na n\u00e1ro\u010dn\u00fa poko\u017eku jemn\u00fdm mas\u00edrovan\u00edm. Propolisov\u00fd Kr\u00e9m\u00a0 je velmi dobr\u00fd na ko\u017en\u00e9 choroby napr. Ekz\u00e9m, Akn\u00e9 a.t.d<\/p>\n<p>&nbsp;<\/p>\n<h4><span style=\"font-size: 16pt;\"><strong>Vedeli ste?<\/strong><\/span><\/h4>\n<p>Okrem Aloe Vera je propolis jedn\u00fdm z najd\u00f4le\u017eitej\u0161\u00edch zlo\u017eiek kr\u00e9mu. V\u010dely produkuj\u00fa t\u00fato \u017eivicov\u00fa l\u00e1tku, aby ju mohli pou\u017ei\u0165 ako stavebn\u00fd materi\u00e1l pre svoj medov\u00fd hrebe\u0148.<\/p>\n<p>&nbsp;<\/p>\n<h5><span style=\"font-size: 16pt;\"><strong>\u010casto kladen\u00e9 ot\u00e1zky<\/strong><\/span><\/h5>\n<p><strong>\u010co je to propolis?<\/strong><br \/>\nPropolis je \u017eivicov\u00e1 l\u00e1tka vyroben\u00e1 v\u010delami a pou\u017e\u00edvan\u00e1 ako stavebn\u00fd materi\u00e1l pre ich vo\u0161tinu. V\u010dely ju pou\u017e\u00edvaj\u00fa na zakrytie povrchov \u00falu alebo na utesnenie mal\u00fdch otvorov a trhl\u00edn.<\/p>\n<p><strong>Ak\u00e9 s\u00fa zlo\u017eky propolisu?<\/strong><br \/>\nPropolis sa sklad\u00e1 v\u00e4\u010d\u0161inou z pr\u00edrodn\u00fdch \u017eiv\u00edc stromov\u00fdch k\u00f4rov a pukov a je obohaten\u00fd medom, pe\u013eom, \u00e9terick\u00fdmi olejmi, stopov\u00fdmi prvkami a vitam\u00ednmi.<\/p>\n","protected":false},"excerpt":{"rendered":"<ul>\n<li>Bohat\u00fd kr\u00e9m na such\u00fa poko\u017eku, ktor\u00e1 potrebuje starostlivos\u0165<\/li>\n<li>S 79% Aloe Vera a extraktom z v\u010delieho vosku<\/li>\n<li>S fermentovan\u00fdm aloe vera g\u00e9lom pre v\u00e4\u010d\u0161iu vlhkos\u0165<\/li>\n<li>Zvy\u0161uje prirodzen\u00fa bari\u00e9ru poko\u017eky a na poko\u017eku nan\u00e1\u0161a ochrann\u00fd pl\u00e1\u0161\u0165<\/li>\n<li>Uvo\u013e\u0148uje a upokojuje poko\u017eku pri ekz\u00e9me<\/li>\n<li>Obsah: 100ml<\/li>\n<\/ul>\n<p>&nbsp;<\/p>\n","protected":false},"featured_media":27231,"comment_status":"open","ping_status":"closed","template":"","meta":{"_kad_blocks_custom_css":"","_kad_blocks_head_custom_js":"","_kad_blocks_body_custom_js":"","_kad_blocks_footer_custom_js":"","_kadence_starter_templates_imported_post":false,"_kad_post_transparent":"default","_kad_post_title":"","_kad_post_layout":"default","_kad_post_sidebar_id":"","_kad_post_content_style":"default","_kad_post_vertical_padding":"default","_kad_post_feature":"","_kad_post_feature_position":"","_kad_post_header":false,"_kad_post_footer":false,"_kad_post_classname":""},"product_brand":[],"product_cat":[216,264],"product_tag":[1204,627,626],"class_list":{"0":"post-10873","1":"product","2":"type-product","3":"status-publish","4":"has-post-thumbnail","6":"product_cat-aloe-vera-sk","7":"product_cat-specialna-starostlivost","8":"product_tag-fermentovany-aloe-gel","9":"product_tag-sucha-koza","10":"product_tag-suche-ruky","12":"first","13":"instock","14":"taxable","15":"shipping-taxable","16":"purchasable","17":"product-type-simple","18":"entry","19":"content-bg","20":"loop-entry"},"yoast_head":"<!-- This site is optimized with the Yoast SEO Premium plugin v27.4 (Yoast SEO v27.4) - https:\/\/yoast.com\/product\/yoast-seo-premium-wordpress\/ -->\n<title>Propolisov\u00fd Kr\u00e9m Aloe Vera na extra such\u00fa n\u00e1ro\u010dn\u00fa poko\u017eku<\/title>\n<meta name=\"description\" content=\"Propolisov\u00fd Kr\u00e9m s 79% Aloe Vera a extraktom z v\u010delieho vosku je vhodny napriklad po ekzeme alebo akne. Pon\u00faka intenz\u00edvnu vlhkos\u0165 a starostlivos\u0165.\" \/>\n<meta name=\"robots\" content=\"index, follow, max-snippet:-1, max-image-preview:large, max-video-preview:-1\" \/>\n<link rel=\"canonical\" href=\"https:\/\/www.lraloeverashop.eu\/sk\/produkt\/aloe-vera-ochranny-krem-s-propolisom\/\" \/>\n<meta property=\"og:locale\" content=\"sk_SK\" \/>\n<meta property=\"og:type\" content=\"article\" \/>\n<meta property=\"og:title\" content=\"Propolisov\u00fd Kr\u00e9m Aloe Vera\" \/>\n<meta property=\"og:description\" content=\"Propolisov\u00fd Kr\u00e9m s 79% Aloe Vera a extraktom z v\u010delieho vosku je vhodny napriklad po ekzeme alebo akne. Pon\u00faka intenz\u00edvnu vlhkos\u0165 a starostlivos\u0165.\" \/>\n<meta property=\"og:url\" content=\"https:\/\/www.lraloeverashop.eu\/sk\/produkt\/aloe-vera-ochranny-krem-s-propolisom\/\" \/>\n<meta property=\"og:site_name\" content=\"Lr Obchod Aloe Vera\" \/>\n<meta property=\"article:publisher\" content=\"https:\/\/www.facebook.com\/lraloeverashop.eu\" \/>\n<meta property=\"article:modified_time\" content=\"2025-12-15T07:19:37+00:00\" \/>\n<meta property=\"og:image\" content=\"https:\/\/www.lraloeverashop.eu\/wp-content\/uploads\/2025\/04\/Aloe-Vera-Cream-with-Propolis.jpg\" \/>\n\t<meta property=\"og:image:width\" content=\"1200\" \/>\n\t<meta property=\"og:image:height\" content=\"1200\" \/>\n\t<meta property=\"og:image:type\" content=\"image\/jpeg\" \/>\n<meta name=\"twitter:card\" content=\"summary_large_image\" \/>\n<meta name=\"twitter:site\" content=\"@natur__kosmetik\" \/>\n<script type=\"application\/ld+json\" class=\"yoast-schema-graph\">{\"@context\":\"https:\\\/\\\/schema.org\",\"@graph\":[{\"@type\":[\"WebPage\",\"ItemPage\"],\"@id\":\"https:\\\/\\\/www.lraloeverashop.eu\\\/sk\\\/produkt\\\/aloe-vera-ochranny-krem-s-propolisom\\\/\",\"url\":\"https:\\\/\\\/www.lraloeverashop.eu\\\/sk\\\/produkt\\\/aloe-vera-ochranny-krem-s-propolisom\\\/\",\"name\":\"Propolisov\u00fd Kr\u00e9m Aloe Vera na extra such\u00fa n\u00e1ro\u010dn\u00fa poko\u017eku\",\"isPartOf\":{\"@id\":\"https:\\\/\\\/www.lraloeverashop.eu\\\/sk\\\/#website\"},\"primaryImageOfPage\":{\"@id\":\"https:\\\/\\\/www.lraloeverashop.eu\\\/sk\\\/produkt\\\/aloe-vera-ochranny-krem-s-propolisom\\\/#primaryimage\"},\"image\":{\"@id\":\"https:\\\/\\\/www.lraloeverashop.eu\\\/sk\\\/produkt\\\/aloe-vera-ochranny-krem-s-propolisom\\\/#primaryimage\"},\"thumbnailUrl\":\"https:\\\/\\\/www.lraloeverashop.eu\\\/wp-content\\\/uploads\\\/2025\\\/04\\\/Aloe-Vera-Cream-with-Propolis.jpg\",\"datePublished\":\"2022-10-09T11:04:55+00:00\",\"dateModified\":\"2025-12-15T07:19:37+00:00\",\"description\":\"Propolisov\u00fd Kr\u00e9m s 79% Aloe Vera a extraktom z v\u010delieho vosku je vhodny napriklad po ekzeme alebo akne. Pon\u00faka intenz\u00edvnu vlhkos\u0165 a starostlivos\u0165.\",\"breadcrumb\":{\"@id\":\"https:\\\/\\\/www.lraloeverashop.eu\\\/sk\\\/produkt\\\/aloe-vera-ochranny-krem-s-propolisom\\\/#breadcrumb\"},\"inLanguage\":\"sk-SK\",\"potentialAction\":[{\"@type\":\"ReadAction\",\"target\":[\"https:\\\/\\\/www.lraloeverashop.eu\\\/sk\\\/produkt\\\/aloe-vera-ochranny-krem-s-propolisom\\\/\"]}]},{\"@type\":\"ImageObject\",\"inLanguage\":\"sk-SK\",\"@id\":\"https:\\\/\\\/www.lraloeverashop.eu\\\/sk\\\/produkt\\\/aloe-vera-ochranny-krem-s-propolisom\\\/#primaryimage\",\"url\":\"https:\\\/\\\/www.lraloeverashop.eu\\\/wp-content\\\/uploads\\\/2025\\\/04\\\/Aloe-Vera-Cream-with-Propolis.jpg\",\"contentUrl\":\"https:\\\/\\\/www.lraloeverashop.eu\\\/wp-content\\\/uploads\\\/2025\\\/04\\\/Aloe-Vera-Cream-with-Propolis.jpg\",\"width\":1200,\"height\":1200,\"caption\":\"Aloe Vera kr\u00e9m s propolisom a fermentovan\u00fdm aloe vera g\u00e9lom pre v\u00e4\u010d\u0161iu vlhkos\u0165\"},{\"@type\":\"BreadcrumbList\",\"@id\":\"https:\\\/\\\/www.lraloeverashop.eu\\\/sk\\\/produkt\\\/aloe-vera-ochranny-krem-s-propolisom\\\/#breadcrumb\",\"itemListElement\":[{\"@type\":\"ListItem\",\"position\":1,\"name\":\"Home\",\"item\":\"https:\\\/\\\/www.lraloeverashop.eu\\\/sk\\\/\"},{\"@type\":\"ListItem\",\"position\":2,\"name\":\"Obchod\",\"item\":\"https:\\\/\\\/www.lraloeverashop.eu\\\/shop\\\/\"},{\"@type\":\"ListItem\",\"position\":3,\"name\":\"Propolisov\u00fd Kr\u00e9m Aloe Vera\"}]},{\"@type\":\"WebSite\",\"@id\":\"https:\\\/\\\/www.lraloeverashop.eu\\\/sk\\\/#website\",\"url\":\"https:\\\/\\\/www.lraloeverashop.eu\\\/sk\\\/\",\"name\":\"Lr Obchod Aloe Vera\",\"description\":\"High Quality Lr Aloe Vera Gel, Aloe Vera Cream and Shampoo\",\"publisher\":{\"@id\":\"https:\\\/\\\/www.lraloeverashop.eu\\\/sk\\\/#organization\"},\"potentialAction\":[{\"@type\":\"SearchAction\",\"target\":{\"@type\":\"EntryPoint\",\"urlTemplate\":\"https:\\\/\\\/www.lraloeverashop.eu\\\/sk\\\/?s={search_term_string}\"},\"query-input\":{\"@type\":\"PropertyValueSpecification\",\"valueRequired\":true,\"valueName\":\"search_term_string\"}}],\"inLanguage\":\"sk-SK\"},{\"@type\":\"Organization\",\"@id\":\"https:\\\/\\\/www.lraloeverashop.eu\\\/sk\\\/#organization\",\"name\":\"Lr Obchod Aloe Vera\",\"alternateName\":\"LR\",\"url\":\"https:\\\/\\\/www.lraloeverashop.eu\\\/sk\\\/\",\"logo\":{\"@type\":\"ImageObject\",\"inLanguage\":\"sk-SK\",\"@id\":\"https:\\\/\\\/www.lraloeverashop.eu\\\/sk\\\/#\\\/schema\\\/logo\\\/image\\\/\",\"url\":\"https:\\\/\\\/www.lraloeverashop.eu\\\/wp-content\\\/uploads\\\/2022\\\/09\\\/cropped-Lr-Aloe-Vera-Shop.jpg\",\"contentUrl\":\"https:\\\/\\\/www.lraloeverashop.eu\\\/wp-content\\\/uploads\\\/2022\\\/09\\\/cropped-Lr-Aloe-Vera-Shop.jpg\",\"width\":228,\"height\":76,\"caption\":\"Lr Obchod Aloe Vera\"},\"image\":{\"@id\":\"https:\\\/\\\/www.lraloeverashop.eu\\\/sk\\\/#\\\/schema\\\/logo\\\/image\\\/\"},\"sameAs\":[\"https:\\\/\\\/www.facebook.com\\\/lraloeverashop.eu\",\"https:\\\/\\\/x.com\\\/natur__kosmetik\",\"https:\\\/\\\/www.youtube.com\\\/channel\\\/UC5oN7BJ8nfYb8RpVtjwDEBA\",\"https:\\\/\\\/www.instagram.com\\\/lrbeautyeu\\\/\"],\"description\":\"Obchod Lr Aloe Vera je va\u0161\u00edm d\u00f4veryhodn\u00fdm miestom pre pr\u00e9miov\u00e9 produkty LR Health & Beauty vyroben\u00e9 v Nemecku. Pon\u00fakame vysokokvalitn\u00e9 rie\u0161enia starostlivosti o ple\u0165 s Aloe Vera, v\u00fd\u017eivu a proti starnutiu, vyroben\u00e9 z \u010dist\u00fdch ingredienci\u00ed a podlo\u017een\u00e9 vedeck\u00fdm v\u00fdskumom. Objavte pr\u00edrodn\u00fa starostlivos\u0165, ktor\u00e1 regeneruje, chr\u00e1ni a revitalizuje va\u0161u ple\u0165 \u2013 a vyu\u017eite exkluz\u00edvne mesa\u010dn\u00e9 ponuky na na\u0161e najpred\u00e1vanej\u0161ie produkty LR Aloe Vera.\\nZa\u010dnite svoju cestu za pr\u00edrodnou starostlivos\u0165ou o ple\u0165 e\u0161te dnes a poc\u00ed\u0165te rozdiel.\",\"email\":\"info@lraloeverashop.eu\",\"telephone\":\"+49 17670609653\",\"legalName\":\"Lr Aloe Vera Shop\",\"foundingDate\":\"2018-04-21\",\"numberOfEmployees\":{\"@type\":\"QuantitativeValue\",\"minValue\":\"1\",\"maxValue\":\"10\"}}]}<\/script>\n<meta property=\"product:price:amount\" content=\"27.99\" \/>\n<meta property=\"product:price:currency\" content=\"EUR\" \/>\n<meta property=\"og:availability\" content=\"instock\" \/>\n<meta property=\"product:availability\" content=\"instock\" \/>\n<meta property=\"product:retailer_item_id\" content=\"20602-201SK\" \/>\n<meta property=\"product:condition\" content=\"new\" \/>\n<!-- \/ Yoast SEO Premium plugin. -->","yoast_head_json":{"title":"Propolisov\u00fd Kr\u00e9m Aloe Vera na extra such\u00fa n\u00e1ro\u010dn\u00fa poko\u017eku","description":"Propolisov\u00fd Kr\u00e9m s 79% Aloe Vera a extraktom z v\u010delieho vosku je vhodny napriklad po ekzeme alebo akne. Pon\u00faka intenz\u00edvnu vlhkos\u0165 a starostlivos\u0165.","robots":{"index":"index","follow":"follow","max-snippet":"max-snippet:-1","max-image-preview":"max-image-preview:large","max-video-preview":"max-video-preview:-1"},"canonical":"https:\/\/www.lraloeverashop.eu\/sk\/produkt\/aloe-vera-ochranny-krem-s-propolisom\/","og_locale":"sk_SK","og_type":"article","og_title":"Propolisov\u00fd Kr\u00e9m Aloe Vera","og_description":"Propolisov\u00fd Kr\u00e9m s 79% Aloe Vera a extraktom z v\u010delieho vosku je vhodny napriklad po ekzeme alebo akne. Pon\u00faka intenz\u00edvnu vlhkos\u0165 a starostlivos\u0165.","og_url":"https:\/\/www.lraloeverashop.eu\/sk\/produkt\/aloe-vera-ochranny-krem-s-propolisom\/","og_site_name":"Lr Obchod Aloe Vera","article_publisher":"https:\/\/www.facebook.com\/lraloeverashop.eu","article_modified_time":"2025-12-15T07:19:37+00:00","og_image":[{"width":1200,"height":1200,"url":"https:\/\/www.lraloeverashop.eu\/wp-content\/uploads\/2025\/04\/Aloe-Vera-Cream-with-Propolis.jpg","type":"image\/jpeg"}],"twitter_card":"summary_large_image","twitter_site":"@natur__kosmetik","schema":{"@context":"https:\/\/schema.org","@graph":[{"@type":["WebPage","ItemPage"],"@id":"https:\/\/www.lraloeverashop.eu\/sk\/produkt\/aloe-vera-ochranny-krem-s-propolisom\/","url":"https:\/\/www.lraloeverashop.eu\/sk\/produkt\/aloe-vera-ochranny-krem-s-propolisom\/","name":"Propolisov\u00fd Kr\u00e9m Aloe Vera na extra such\u00fa n\u00e1ro\u010dn\u00fa poko\u017eku","isPartOf":{"@id":"https:\/\/www.lraloeverashop.eu\/sk\/#website"},"primaryImageOfPage":{"@id":"https:\/\/www.lraloeverashop.eu\/sk\/produkt\/aloe-vera-ochranny-krem-s-propolisom\/#primaryimage"},"image":{"@id":"https:\/\/www.lraloeverashop.eu\/sk\/produkt\/aloe-vera-ochranny-krem-s-propolisom\/#primaryimage"},"thumbnailUrl":"https:\/\/www.lraloeverashop.eu\/wp-content\/uploads\/2025\/04\/Aloe-Vera-Cream-with-Propolis.jpg","datePublished":"2022-10-09T11:04:55+00:00","dateModified":"2025-12-15T07:19:37+00:00","description":"Propolisov\u00fd Kr\u00e9m s 79% Aloe Vera a extraktom z v\u010delieho vosku je vhodny napriklad po ekzeme alebo akne. Pon\u00faka intenz\u00edvnu vlhkos\u0165 a starostlivos\u0165.","breadcrumb":{"@id":"https:\/\/www.lraloeverashop.eu\/sk\/produkt\/aloe-vera-ochranny-krem-s-propolisom\/#breadcrumb"},"inLanguage":"sk-SK","potentialAction":[{"@type":"ReadAction","target":["https:\/\/www.lraloeverashop.eu\/sk\/produkt\/aloe-vera-ochranny-krem-s-propolisom\/"]}]},{"@type":"ImageObject","inLanguage":"sk-SK","@id":"https:\/\/www.lraloeverashop.eu\/sk\/produkt\/aloe-vera-ochranny-krem-s-propolisom\/#primaryimage","url":"https:\/\/www.lraloeverashop.eu\/wp-content\/uploads\/2025\/04\/Aloe-Vera-Cream-with-Propolis.jpg","contentUrl":"https:\/\/www.lraloeverashop.eu\/wp-content\/uploads\/2025\/04\/Aloe-Vera-Cream-with-Propolis.jpg","width":1200,"height":1200,"caption":"Aloe Vera kr\u00e9m s propolisom a fermentovan\u00fdm aloe vera g\u00e9lom pre v\u00e4\u010d\u0161iu vlhkos\u0165"},{"@type":"BreadcrumbList","@id":"https:\/\/www.lraloeverashop.eu\/sk\/produkt\/aloe-vera-ochranny-krem-s-propolisom\/#breadcrumb","itemListElement":[{"@type":"ListItem","position":1,"name":"Home","item":"https:\/\/www.lraloeverashop.eu\/sk\/"},{"@type":"ListItem","position":2,"name":"Obchod","item":"https:\/\/www.lraloeverashop.eu\/shop\/"},{"@type":"ListItem","position":3,"name":"Propolisov\u00fd Kr\u00e9m Aloe Vera"}]},{"@type":"WebSite","@id":"https:\/\/www.lraloeverashop.eu\/sk\/#website","url":"https:\/\/www.lraloeverashop.eu\/sk\/","name":"Lr Obchod Aloe Vera","description":"High Quality Lr Aloe Vera Gel, Aloe Vera Cream and Shampoo","publisher":{"@id":"https:\/\/www.lraloeverashop.eu\/sk\/#organization"},"potentialAction":[{"@type":"SearchAction","target":{"@type":"EntryPoint","urlTemplate":"https:\/\/www.lraloeverashop.eu\/sk\/?s={search_term_string}"},"query-input":{"@type":"PropertyValueSpecification","valueRequired":true,"valueName":"search_term_string"}}],"inLanguage":"sk-SK"},{"@type":"Organization","@id":"https:\/\/www.lraloeverashop.eu\/sk\/#organization","name":"Lr Obchod Aloe Vera","alternateName":"LR","url":"https:\/\/www.lraloeverashop.eu\/sk\/","logo":{"@type":"ImageObject","inLanguage":"sk-SK","@id":"https:\/\/www.lraloeverashop.eu\/sk\/#\/schema\/logo\/image\/","url":"https:\/\/www.lraloeverashop.eu\/wp-content\/uploads\/2022\/09\/cropped-Lr-Aloe-Vera-Shop.jpg","contentUrl":"https:\/\/www.lraloeverashop.eu\/wp-content\/uploads\/2022\/09\/cropped-Lr-Aloe-Vera-Shop.jpg","width":228,"height":76,"caption":"Lr Obchod Aloe Vera"},"image":{"@id":"https:\/\/www.lraloeverashop.eu\/sk\/#\/schema\/logo\/image\/"},"sameAs":["https:\/\/www.facebook.com\/lraloeverashop.eu","https:\/\/x.com\/natur__kosmetik","https:\/\/www.youtube.com\/channel\/UC5oN7BJ8nfYb8RpVtjwDEBA","https:\/\/www.instagram.com\/lrbeautyeu\/"],"description":"Obchod Lr Aloe Vera je va\u0161\u00edm d\u00f4veryhodn\u00fdm miestom pre pr\u00e9miov\u00e9 produkty LR Health & Beauty vyroben\u00e9 v Nemecku. Pon\u00fakame vysokokvalitn\u00e9 rie\u0161enia starostlivosti o ple\u0165 s Aloe Vera, v\u00fd\u017eivu a proti starnutiu, vyroben\u00e9 z \u010dist\u00fdch ingredienci\u00ed a podlo\u017een\u00e9 vedeck\u00fdm v\u00fdskumom. Objavte pr\u00edrodn\u00fa starostlivos\u0165, ktor\u00e1 regeneruje, chr\u00e1ni a revitalizuje va\u0161u ple\u0165 \u2013 a vyu\u017eite exkluz\u00edvne mesa\u010dn\u00e9 ponuky na na\u0161e najpred\u00e1vanej\u0161ie produkty LR Aloe Vera.\nZa\u010dnite svoju cestu za pr\u00edrodnou starostlivos\u0165ou o ple\u0165 e\u0161te dnes a poc\u00ed\u0165te rozdiel.","email":"info@lraloeverashop.eu","telephone":"+49 17670609653","legalName":"Lr Aloe Vera Shop","foundingDate":"2018-04-21","numberOfEmployees":{"@type":"QuantitativeValue","minValue":"1","maxValue":"10"}}]},"product_price_amount":"27.99","product_price_currency":"EUR","og_availability":"instock","product_availability":"instock","product_retailer_item_id":"20602-201SK","product_condition":"new"},"taxonomy_info":{"product_cat":[{"value":216,"label":"Aloe Vera"},{"value":264,"label":"\u0160peci\u00e1lna starostlivos\u0165"}],"product_tag":[{"value":1204,"label":"Fermentovan\u00fd aloe g\u00e9l"},{"value":627,"label":"Such\u00e1 ko\u017ea"},{"value":626,"label":"Such\u00e9 ruky"}]},"featured_image_src_large":["https:\/\/www.lraloeverashop.eu\/wp-content\/uploads\/2025\/04\/Aloe-Vera-Cream-with-Propolis-1024x1024.jpg",1024,1024,true],"author_info":[],"comment_info":0,"_links":{"self":[{"href":"https:\/\/www.lraloeverashop.eu\/sk\/wp-json\/wp\/v2\/product\/10873","targetHints":{"allow":["GET"]}}],"collection":[{"href":"https:\/\/www.lraloeverashop.eu\/sk\/wp-json\/wp\/v2\/product"}],"about":[{"href":"https:\/\/www.lraloeverashop.eu\/sk\/wp-json\/wp\/v2\/types\/product"}],"replies":[{"embeddable":true,"href":"https:\/\/www.lraloeverashop.eu\/sk\/wp-json\/wp\/v2\/comments?post=10873"}],"wp:featuredmedia":[{"embeddable":true,"href":"https:\/\/www.lraloeverashop.eu\/sk\/wp-json\/wp\/v2\/media\/27231"}],"wp:attachment":[{"href":"https:\/\/www.lraloeverashop.eu\/sk\/wp-json\/wp\/v2\/media?parent=10873"}],"wp:term":[{"taxonomy":"product_brand","embeddable":true,"href":"https:\/\/www.lraloeverashop.eu\/sk\/wp-json\/wp\/v2\/product_brand?post=10873"},{"taxonomy":"product_cat","embeddable":true,"href":"https:\/\/www.lraloeverashop.eu\/sk\/wp-json\/wp\/v2\/product_cat?post=10873"},{"taxonomy":"product_tag","embeddable":true,"href":"https:\/\/www.lraloeverashop.eu\/sk\/wp-json\/wp\/v2\/product_tag?post=10873"}],"curies":[{"name":"wp","href":"https:\/\/api.w.org\/{rel}","templated":true}]}}