{"id":10861,"date":"2022-10-09T13:28:06","date_gmt":"2022-10-09T11:28:06","guid":{"rendered":"https:\/\/www.lraloeverashop.eu\/product\/aloe-vera-regeneracny-krem-dermaintense\/"},"modified":"2025-03-29T18:58:15","modified_gmt":"2025-03-29T17:58:15","slug":"aloe-vera-regeneracny-krem-dermaintense","status":"publish","type":"product","link":"https:\/\/www.lraloeverashop.eu\/sk\/produkt\/aloe-vera-regeneracny-krem-dermaintense\/","title":{"rendered":"Aloe Vera Regenera\u010dn\u00fd kr\u00e9m DermaIntense"},"content":{"rendered":"<h2><strong><span style=\"font-size: 16pt;\">Aloe Vera Regenera\u010dn\u00fd kr\u00e9m DermaIntense<\/span><\/strong><\/h2>\n<p><strong><span style=\"font-size: 14pt;\">Aloe Vera Regenera\u010dn\u00fd kr\u00e9m DermaIntense pre najn\u00e1ro\u010dnej\u0161ie \u010dasti poko\u017eky<\/span><\/strong><\/p>\n<p>Aloe Vera DermaIntense je inovat\u00edvne rie\u0161enie pre n\u00e1ro\u010dn\u00fa ple\u0165. Je ur\u010den\u00fd najm\u00e4 na o\u0161etrenie citliv\u00fdch oblast\u00ed poko\u017eky, ako je tv\u00e1r, krk, lakte a kolen\u00e1. S \u00fa\u010dinnou kombin\u00e1ciou akt\u00edvnych zlo\u017eiek, ako je Aloe Vera, olej z ve\u010dern\u00fdch oliviek, extrakt z hlohu a <a href=\"https:\/\/sk.wikipedia.org\/wiki\/Vitam%C3%ADn_B12\">vitam\u00edn B12<\/a>, ktor\u00e9 vy\u017eivuj\u00fa poko\u017eku a s\u00fa \u0161peci\u00e1lne vyvinut\u00e9 pre stresov\u00e9 oblasti poko\u017eky.<\/p>\n<p>Aloe Vera podporuje prirodzen\u00e9 ochrann\u00e9 bari\u00e9ry pleti. Okrem toho cenn\u00e9 zlo\u017eky Aloe Vera zvy\u0161uj\u00fa elasticitu poko\u017eky a pon\u00fakaj\u00fa zdrav\u00fd vzh\u013ead. Olej z ve\u010dern\u00fdch oliviek m\u00e1 priazniv\u00e9 vlastnosti pre such\u00fa, podr\u00e1\u017eden\u00fa poko\u017eku a zlep\u0161uje jej vzh\u013ead. extrakt z hlohu sa m\u00f4\u017ee pou\u017ei\u0165 na lie\u010dbu podr\u00e1\u017edenia poko\u017eky v\u010faka jej upokojuj\u00facemu antimikrobi\u00e1lnemu \u00fa\u010dinku. Vitam\u00edn B12 prispieva k regener\u00e1cii such\u00e9j a nam\u00e1han\u00e9ej ko\u017ee.<\/p>\n<p>&nbsp;<\/p>\n<h3><strong><span style=\"font-size: 16pt;\">Ako pou\u017eiva\u0165\u00a0<\/span><\/strong><\/h3>\n<p>Naneste dostato\u010dn\u00e9 mno\u017estvo na \u010dist\u00fa poko\u017eku.<br \/>\nPre extra intenz\u00edvnu starostlivos\u0165 naneste kr\u00e9m a mas\u00edrujte ho do ko\u017ee.<\/p>\n<p>&nbsp;<\/p>\n<h4><strong><span style=\"font-size: 16pt;\">Vedeli ste?<\/span><\/strong><\/h4>\n<p>\u00da\u010dinnos\u0165 pupalky oby\u010dajnej je zalo\u017een\u00e1 na ve\u013emi vysokom podiele kyseliny gama linol\u00e9novej, trojitej nenas\u00fdtenej esenci\u00e1lnej mastnej kyseliny. Pupalkov\u00fd olej sa ve\u013emi odpor\u00fa\u010da \u013eu\u010fom s ve\u013emi suchou popraskanou poko\u017ekou. <a href=\"https:\/\/www.lraloeverashop.eu\/sk\/produkt\/aloe-vera-regeneracny-nocny-krem\/\">Ple\u0165<\/a> je op\u00e4\u0165 v\u00fdrazne lep\u0161ia a hlad\u0161ia.<\/p>\n<p>&nbsp;<\/p>\n<h5><strong><span style=\"font-size: 16pt;\">\u010casto kladen\u00e9 ot\u00e1zky<\/span><\/strong><\/h5>\n<p><span style=\"font-size: 12pt;\"><strong>V ak\u00fdch pr\u00edpadoch sa odpor\u00fa\u010da pou\u017ei\u0165 Aloe Vera DermaIntense?<\/strong><\/span><br \/>\nAloe Vera Regenera\u010dn\u00fd Kr\u00e9m DermaIntense bol \u0161peci\u00e1lne vytvoren\u00fd na cielen\u00e9 o\u0161etrenie najn\u00e1ro\u010dnej\u0161\u00edch, extra such\u00fdch oblast\u00ed poko\u017eky. Pon\u00faka \u00fa\u010dinn\u00fa starostlivos\u0165 o <a href=\"https:\/\/www.lraloeverashop.eu\/sk\/aloe-vera-krem-s-propolisom\/\">najcitlivej\u0161ie \u010dasti tela<\/a>, ako s\u00fa lakte a kolen\u00e1.<\/p>\n<p><span style=\"font-size: 12pt;\"><strong>\u010co sp\u00f4sobuje ru\u017eov\u00fa farbu v Aloe Vera Regenera\u010dnom Kr\u00e9me DermaIntense?<\/strong><\/span><br \/>\nKr\u00e9m je nepigmentovan\u00fd. Jeho farba je sp\u00f4soben\u00e1 vitam\u00ednom B12, ktor\u00fd obsahuje.<\/p>\n<p><span style=\"font-size: 12pt;\"><strong>M\u00e1 kr\u00e9m \u00fa\u010dinok proti starnutiu?<\/strong><\/span><br \/>\nOlej z ve\u010dernej pup\u00ednky je d\u00f4le\u017eitou s\u00fa\u010das\u0165ou kr\u00e9mu DermaIntense. T\u00e1to zlo\u017eka pon\u00faka intenz\u00edvnu starostlivos\u0165 a mladistv\u00fd vzh\u013ead poko\u017eky. Okrem toho zvy\u0161uje elasticitu a prirodzen\u00fa vlhkos\u0165 poko\u017eky.<\/p>\n","protected":false},"excerpt":{"rendered":"<ul>\n<li>S 20% Aloe Vera<\/li>\n<li>S prvotriednym pupalkov\u00fdm olejom, extraktom z hlohu a vitam\u00ednom B12<\/li>\n<li>Na cielen\u00e9 o\u0161etrenie stresovej, extrasuhej poko\u017eky<\/li>\n<li>Ko\u017ea je regenerovan\u00e1 a obnoven\u00e1 do prirodzenej rovnov\u00e1hy<\/li>\n<li>Neobsahuje parfumov\u00fd olej<\/li>\n<li>Obsah: 50 ml<\/li>\n<\/ul>\n<p>&nbsp;<\/p>\n","protected":false},"featured_media":4738,"comment_status":"open","ping_status":"closed","template":"","meta":{"_kad_blocks_custom_css":"","_kad_blocks_head_custom_js":"","_kad_blocks_body_custom_js":"","_kad_blocks_footer_custom_js":"","_kadence_starter_templates_imported_post":false,"_kad_post_transparent":"default","_kad_post_title":"","_kad_post_layout":"default","_kad_post_sidebar_id":"","_kad_post_content_style":"default","_kad_post_vertical_padding":"default","_kad_post_feature":"","_kad_post_feature_position":"","_kad_post_header":false,"_kad_post_footer":false,"_kad_post_classname":""},"product_brand":[],"product_cat":[216,264],"product_tag":[627,626],"class_list":{"0":"post-10861","1":"product","2":"type-product","3":"status-publish","4":"has-post-thumbnail","6":"product_cat-aloe-vera-sk","7":"product_cat-specialna-starostlivost","8":"product_tag-sucha-koza","9":"product_tag-suche-ruky","11":"first","12":"instock","13":"taxable","14":"shipping-taxable","15":"purchasable","16":"product-type-simple","17":"entry","18":"content-bg","19":"loop-entry"},"yoast_head":"<!-- This site is optimized with the Yoast SEO Premium plugin v27.4 (Yoast SEO v27.4) - https:\/\/yoast.com\/product\/yoast-seo-premium-wordpress\/ -->\n<title>Aloe Vera Regenera\u010dn\u00fd kr\u00e9m DermaIntense s vitam\u00ednom B12<\/title>\n<meta name=\"description\" content=\"Aloe Vera Regenera\u010dn\u00fd kr\u00e9m DermaIntense bol \u0161peci\u00e1lne vytvoren\u00fd na cielen\u00e9 o\u0161etrenie najn\u00e1ro\u010dnej\u0161\u00edch, extra such\u00fdch oblast\u00ed poko\u017eky. Super na lakte a kolen\u00e1\" \/>\n<meta name=\"robots\" content=\"index, follow, max-snippet:-1, max-image-preview:large, max-video-preview:-1\" \/>\n<link rel=\"canonical\" href=\"https:\/\/www.lraloeverashop.eu\/sk\/produkt\/aloe-vera-regeneracny-krem-dermaintense\/\" \/>\n<meta property=\"og:locale\" content=\"sk_SK\" \/>\n<meta property=\"og:type\" content=\"article\" \/>\n<meta property=\"og:title\" content=\"Aloe Vera Regenera\u010dn\u00fd kr\u00e9m DermaIntense\" \/>\n<meta property=\"og:description\" content=\"Aloe Vera Regenera\u010dn\u00fd kr\u00e9m DermaIntense bol \u0161peci\u00e1lne vytvoren\u00fd na cielen\u00e9 o\u0161etrenie najn\u00e1ro\u010dnej\u0161\u00edch, extra such\u00fdch oblast\u00ed poko\u017eky. Super na lakte a kolen\u00e1\" \/>\n<meta property=\"og:url\" content=\"https:\/\/www.lraloeverashop.eu\/sk\/produkt\/aloe-vera-regeneracny-krem-dermaintense\/\" \/>\n<meta property=\"og:site_name\" content=\"Lr Obchod Aloe Vera\" \/>\n<meta property=\"article:publisher\" content=\"https:\/\/www.facebook.com\/lraloeverashop.eu\" \/>\n<meta property=\"article:modified_time\" content=\"2025-03-29T17:58:15+00:00\" \/>\n<meta property=\"og:image\" content=\"https:\/\/www.lraloeverashop.eu\/wp-content\/uploads\/2022\/10\/Lr-Aloe-Vera-Acute-Control-DermaIntense-Cream.jpg\" \/>\n\t<meta property=\"og:image:width\" content=\"1200\" \/>\n\t<meta property=\"og:image:height\" content=\"1200\" \/>\n\t<meta property=\"og:image:type\" content=\"image\/jpeg\" \/>\n<meta name=\"twitter:card\" content=\"summary_large_image\" \/>\n<meta name=\"twitter:site\" content=\"@natur__kosmetik\" \/>\n<script type=\"application\/ld+json\" class=\"yoast-schema-graph\">{\"@context\":\"https:\\\/\\\/schema.org\",\"@graph\":[{\"@type\":[\"WebPage\",\"ItemPage\"],\"@id\":\"https:\\\/\\\/www.lraloeverashop.eu\\\/sk\\\/produkt\\\/aloe-vera-regeneracny-krem-dermaintense\\\/\",\"url\":\"https:\\\/\\\/www.lraloeverashop.eu\\\/sk\\\/produkt\\\/aloe-vera-regeneracny-krem-dermaintense\\\/\",\"name\":\"Aloe Vera Regenera\u010dn\u00fd kr\u00e9m DermaIntense s vitam\u00ednom B12\",\"isPartOf\":{\"@id\":\"https:\\\/\\\/www.lraloeverashop.eu\\\/sk\\\/#website\"},\"primaryImageOfPage\":{\"@id\":\"https:\\\/\\\/www.lraloeverashop.eu\\\/sk\\\/produkt\\\/aloe-vera-regeneracny-krem-dermaintense\\\/#primaryimage\"},\"image\":{\"@id\":\"https:\\\/\\\/www.lraloeverashop.eu\\\/sk\\\/produkt\\\/aloe-vera-regeneracny-krem-dermaintense\\\/#primaryimage\"},\"thumbnailUrl\":\"https:\\\/\\\/www.lraloeverashop.eu\\\/wp-content\\\/uploads\\\/2022\\\/10\\\/Lr-Aloe-Vera-Acute-Control-DermaIntense-Cream.jpg\",\"datePublished\":\"2022-10-09T11:28:06+00:00\",\"dateModified\":\"2025-03-29T17:58:15+00:00\",\"description\":\"Aloe Vera Regenera\u010dn\u00fd kr\u00e9m DermaIntense bol \u0161peci\u00e1lne vytvoren\u00fd na cielen\u00e9 o\u0161etrenie najn\u00e1ro\u010dnej\u0161\u00edch, extra such\u00fdch oblast\u00ed poko\u017eky. Super na lakte a kolen\u00e1\",\"breadcrumb\":{\"@id\":\"https:\\\/\\\/www.lraloeverashop.eu\\\/sk\\\/produkt\\\/aloe-vera-regeneracny-krem-dermaintense\\\/#breadcrumb\"},\"inLanguage\":\"sk-SK\",\"potentialAction\":[{\"@type\":\"ReadAction\",\"target\":[\"https:\\\/\\\/www.lraloeverashop.eu\\\/sk\\\/produkt\\\/aloe-vera-regeneracny-krem-dermaintense\\\/\"]}]},{\"@type\":\"ImageObject\",\"inLanguage\":\"sk-SK\",\"@id\":\"https:\\\/\\\/www.lraloeverashop.eu\\\/sk\\\/produkt\\\/aloe-vera-regeneracny-krem-dermaintense\\\/#primaryimage\",\"url\":\"https:\\\/\\\/www.lraloeverashop.eu\\\/wp-content\\\/uploads\\\/2022\\\/10\\\/Lr-Aloe-Vera-Acute-Control-DermaIntense-Cream.jpg\",\"contentUrl\":\"https:\\\/\\\/www.lraloeverashop.eu\\\/wp-content\\\/uploads\\\/2022\\\/10\\\/Lr-Aloe-Vera-Acute-Control-DermaIntense-Cream.jpg\",\"width\":1200,\"height\":1200,\"caption\":\"Lr Aloe Vera Regenera\u010dn\u00fd kr\u00e9m DermaIntense na cielen\u00e9 o\u0161etrenie stresovej, extrasuhej poko\u017eky\"},{\"@type\":\"BreadcrumbList\",\"@id\":\"https:\\\/\\\/www.lraloeverashop.eu\\\/sk\\\/produkt\\\/aloe-vera-regeneracny-krem-dermaintense\\\/#breadcrumb\",\"itemListElement\":[{\"@type\":\"ListItem\",\"position\":1,\"name\":\"Home\",\"item\":\"https:\\\/\\\/www.lraloeverashop.eu\\\/sk\\\/\"},{\"@type\":\"ListItem\",\"position\":2,\"name\":\"Obchod\",\"item\":\"https:\\\/\\\/www.lraloeverashop.eu\\\/shop\\\/\"},{\"@type\":\"ListItem\",\"position\":3,\"name\":\"Aloe Vera Regenera\u010dn\u00fd kr\u00e9m DermaIntense\"}]},{\"@type\":\"WebSite\",\"@id\":\"https:\\\/\\\/www.lraloeverashop.eu\\\/sk\\\/#website\",\"url\":\"https:\\\/\\\/www.lraloeverashop.eu\\\/sk\\\/\",\"name\":\"Lr Obchod Aloe Vera\",\"description\":\"High Quality Lr Aloe Vera Gel, Aloe Vera Cream and Shampoo\",\"publisher\":{\"@id\":\"https:\\\/\\\/www.lraloeverashop.eu\\\/sk\\\/#organization\"},\"potentialAction\":[{\"@type\":\"SearchAction\",\"target\":{\"@type\":\"EntryPoint\",\"urlTemplate\":\"https:\\\/\\\/www.lraloeverashop.eu\\\/sk\\\/?s={search_term_string}\"},\"query-input\":{\"@type\":\"PropertyValueSpecification\",\"valueRequired\":true,\"valueName\":\"search_term_string\"}}],\"inLanguage\":\"sk-SK\"},{\"@type\":\"Organization\",\"@id\":\"https:\\\/\\\/www.lraloeverashop.eu\\\/sk\\\/#organization\",\"name\":\"Lr Obchod Aloe Vera\",\"alternateName\":\"LR\",\"url\":\"https:\\\/\\\/www.lraloeverashop.eu\\\/sk\\\/\",\"logo\":{\"@type\":\"ImageObject\",\"inLanguage\":\"sk-SK\",\"@id\":\"https:\\\/\\\/www.lraloeverashop.eu\\\/sk\\\/#\\\/schema\\\/logo\\\/image\\\/\",\"url\":\"https:\\\/\\\/www.lraloeverashop.eu\\\/wp-content\\\/uploads\\\/2022\\\/09\\\/cropped-Lr-Aloe-Vera-Shop.jpg\",\"contentUrl\":\"https:\\\/\\\/www.lraloeverashop.eu\\\/wp-content\\\/uploads\\\/2022\\\/09\\\/cropped-Lr-Aloe-Vera-Shop.jpg\",\"width\":228,\"height\":76,\"caption\":\"Lr Obchod Aloe Vera\"},\"image\":{\"@id\":\"https:\\\/\\\/www.lraloeverashop.eu\\\/sk\\\/#\\\/schema\\\/logo\\\/image\\\/\"},\"sameAs\":[\"https:\\\/\\\/www.facebook.com\\\/lraloeverashop.eu\",\"https:\\\/\\\/x.com\\\/natur__kosmetik\",\"https:\\\/\\\/www.youtube.com\\\/channel\\\/UC5oN7BJ8nfYb8RpVtjwDEBA\",\"https:\\\/\\\/www.instagram.com\\\/lrbeautyeu\\\/\"],\"description\":\"Obchod Lr Aloe Vera je va\u0161\u00edm d\u00f4veryhodn\u00fdm miestom pre pr\u00e9miov\u00e9 produkty LR Health & Beauty vyroben\u00e9 v Nemecku. Pon\u00fakame vysokokvalitn\u00e9 rie\u0161enia starostlivosti o ple\u0165 s Aloe Vera, v\u00fd\u017eivu a proti starnutiu, vyroben\u00e9 z \u010dist\u00fdch ingredienci\u00ed a podlo\u017een\u00e9 vedeck\u00fdm v\u00fdskumom. Objavte pr\u00edrodn\u00fa starostlivos\u0165, ktor\u00e1 regeneruje, chr\u00e1ni a revitalizuje va\u0161u ple\u0165 \u2013 a vyu\u017eite exkluz\u00edvne mesa\u010dn\u00e9 ponuky na na\u0161e najpred\u00e1vanej\u0161ie produkty LR Aloe Vera.\\nZa\u010dnite svoju cestu za pr\u00edrodnou starostlivos\u0165ou o ple\u0165 e\u0161te dnes a poc\u00ed\u0165te rozdiel.\",\"email\":\"info@lraloeverashop.eu\",\"telephone\":\"+49 17670609653\",\"legalName\":\"Lr Aloe Vera Shop\",\"foundingDate\":\"2018-04-21\",\"numberOfEmployees\":{\"@type\":\"QuantitativeValue\",\"minValue\":\"1\",\"maxValue\":\"10\"}}]}<\/script>\n<meta property=\"product:price:amount\" content=\"38.79\" \/>\n<meta property=\"product:price:currency\" content=\"EUR\" \/>\n<meta property=\"og:availability\" content=\"instock\" \/>\n<meta property=\"product:availability\" content=\"instock\" \/>\n<meta property=\"product:retailer_item_id\" content=\"20606-101SK\" \/>\n<meta property=\"product:condition\" content=\"new\" \/>\n<!-- \/ Yoast SEO Premium plugin. -->","yoast_head_json":{"title":"Aloe Vera Regenera\u010dn\u00fd kr\u00e9m DermaIntense s vitam\u00ednom B12","description":"Aloe Vera Regenera\u010dn\u00fd kr\u00e9m DermaIntense bol \u0161peci\u00e1lne vytvoren\u00fd na cielen\u00e9 o\u0161etrenie najn\u00e1ro\u010dnej\u0161\u00edch, extra such\u00fdch oblast\u00ed poko\u017eky. Super na lakte a kolen\u00e1","robots":{"index":"index","follow":"follow","max-snippet":"max-snippet:-1","max-image-preview":"max-image-preview:large","max-video-preview":"max-video-preview:-1"},"canonical":"https:\/\/www.lraloeverashop.eu\/sk\/produkt\/aloe-vera-regeneracny-krem-dermaintense\/","og_locale":"sk_SK","og_type":"article","og_title":"Aloe Vera Regenera\u010dn\u00fd kr\u00e9m DermaIntense","og_description":"Aloe Vera Regenera\u010dn\u00fd kr\u00e9m DermaIntense bol \u0161peci\u00e1lne vytvoren\u00fd na cielen\u00e9 o\u0161etrenie najn\u00e1ro\u010dnej\u0161\u00edch, extra such\u00fdch oblast\u00ed poko\u017eky. Super na lakte a kolen\u00e1","og_url":"https:\/\/www.lraloeverashop.eu\/sk\/produkt\/aloe-vera-regeneracny-krem-dermaintense\/","og_site_name":"Lr Obchod Aloe Vera","article_publisher":"https:\/\/www.facebook.com\/lraloeverashop.eu","article_modified_time":"2025-03-29T17:58:15+00:00","og_image":[{"width":1200,"height":1200,"url":"https:\/\/www.lraloeverashop.eu\/wp-content\/uploads\/2022\/10\/Lr-Aloe-Vera-Acute-Control-DermaIntense-Cream.jpg","type":"image\/jpeg"}],"twitter_card":"summary_large_image","twitter_site":"@natur__kosmetik","schema":{"@context":"https:\/\/schema.org","@graph":[{"@type":["WebPage","ItemPage"],"@id":"https:\/\/www.lraloeverashop.eu\/sk\/produkt\/aloe-vera-regeneracny-krem-dermaintense\/","url":"https:\/\/www.lraloeverashop.eu\/sk\/produkt\/aloe-vera-regeneracny-krem-dermaintense\/","name":"Aloe Vera Regenera\u010dn\u00fd kr\u00e9m DermaIntense s vitam\u00ednom B12","isPartOf":{"@id":"https:\/\/www.lraloeverashop.eu\/sk\/#website"},"primaryImageOfPage":{"@id":"https:\/\/www.lraloeverashop.eu\/sk\/produkt\/aloe-vera-regeneracny-krem-dermaintense\/#primaryimage"},"image":{"@id":"https:\/\/www.lraloeverashop.eu\/sk\/produkt\/aloe-vera-regeneracny-krem-dermaintense\/#primaryimage"},"thumbnailUrl":"https:\/\/www.lraloeverashop.eu\/wp-content\/uploads\/2022\/10\/Lr-Aloe-Vera-Acute-Control-DermaIntense-Cream.jpg","datePublished":"2022-10-09T11:28:06+00:00","dateModified":"2025-03-29T17:58:15+00:00","description":"Aloe Vera Regenera\u010dn\u00fd kr\u00e9m DermaIntense bol \u0161peci\u00e1lne vytvoren\u00fd na cielen\u00e9 o\u0161etrenie najn\u00e1ro\u010dnej\u0161\u00edch, extra such\u00fdch oblast\u00ed poko\u017eky. Super na lakte a kolen\u00e1","breadcrumb":{"@id":"https:\/\/www.lraloeverashop.eu\/sk\/produkt\/aloe-vera-regeneracny-krem-dermaintense\/#breadcrumb"},"inLanguage":"sk-SK","potentialAction":[{"@type":"ReadAction","target":["https:\/\/www.lraloeverashop.eu\/sk\/produkt\/aloe-vera-regeneracny-krem-dermaintense\/"]}]},{"@type":"ImageObject","inLanguage":"sk-SK","@id":"https:\/\/www.lraloeverashop.eu\/sk\/produkt\/aloe-vera-regeneracny-krem-dermaintense\/#primaryimage","url":"https:\/\/www.lraloeverashop.eu\/wp-content\/uploads\/2022\/10\/Lr-Aloe-Vera-Acute-Control-DermaIntense-Cream.jpg","contentUrl":"https:\/\/www.lraloeverashop.eu\/wp-content\/uploads\/2022\/10\/Lr-Aloe-Vera-Acute-Control-DermaIntense-Cream.jpg","width":1200,"height":1200,"caption":"Lr Aloe Vera Regenera\u010dn\u00fd kr\u00e9m DermaIntense na cielen\u00e9 o\u0161etrenie stresovej, extrasuhej poko\u017eky"},{"@type":"BreadcrumbList","@id":"https:\/\/www.lraloeverashop.eu\/sk\/produkt\/aloe-vera-regeneracny-krem-dermaintense\/#breadcrumb","itemListElement":[{"@type":"ListItem","position":1,"name":"Home","item":"https:\/\/www.lraloeverashop.eu\/sk\/"},{"@type":"ListItem","position":2,"name":"Obchod","item":"https:\/\/www.lraloeverashop.eu\/shop\/"},{"@type":"ListItem","position":3,"name":"Aloe Vera Regenera\u010dn\u00fd kr\u00e9m DermaIntense"}]},{"@type":"WebSite","@id":"https:\/\/www.lraloeverashop.eu\/sk\/#website","url":"https:\/\/www.lraloeverashop.eu\/sk\/","name":"Lr Obchod Aloe Vera","description":"High Quality Lr Aloe Vera Gel, Aloe Vera Cream and Shampoo","publisher":{"@id":"https:\/\/www.lraloeverashop.eu\/sk\/#organization"},"potentialAction":[{"@type":"SearchAction","target":{"@type":"EntryPoint","urlTemplate":"https:\/\/www.lraloeverashop.eu\/sk\/?s={search_term_string}"},"query-input":{"@type":"PropertyValueSpecification","valueRequired":true,"valueName":"search_term_string"}}],"inLanguage":"sk-SK"},{"@type":"Organization","@id":"https:\/\/www.lraloeverashop.eu\/sk\/#organization","name":"Lr Obchod Aloe Vera","alternateName":"LR","url":"https:\/\/www.lraloeverashop.eu\/sk\/","logo":{"@type":"ImageObject","inLanguage":"sk-SK","@id":"https:\/\/www.lraloeverashop.eu\/sk\/#\/schema\/logo\/image\/","url":"https:\/\/www.lraloeverashop.eu\/wp-content\/uploads\/2022\/09\/cropped-Lr-Aloe-Vera-Shop.jpg","contentUrl":"https:\/\/www.lraloeverashop.eu\/wp-content\/uploads\/2022\/09\/cropped-Lr-Aloe-Vera-Shop.jpg","width":228,"height":76,"caption":"Lr Obchod Aloe Vera"},"image":{"@id":"https:\/\/www.lraloeverashop.eu\/sk\/#\/schema\/logo\/image\/"},"sameAs":["https:\/\/www.facebook.com\/lraloeverashop.eu","https:\/\/x.com\/natur__kosmetik","https:\/\/www.youtube.com\/channel\/UC5oN7BJ8nfYb8RpVtjwDEBA","https:\/\/www.instagram.com\/lrbeautyeu\/"],"description":"Obchod Lr Aloe Vera je va\u0161\u00edm d\u00f4veryhodn\u00fdm miestom pre pr\u00e9miov\u00e9 produkty LR Health & Beauty vyroben\u00e9 v Nemecku. Pon\u00fakame vysokokvalitn\u00e9 rie\u0161enia starostlivosti o ple\u0165 s Aloe Vera, v\u00fd\u017eivu a proti starnutiu, vyroben\u00e9 z \u010dist\u00fdch ingredienci\u00ed a podlo\u017een\u00e9 vedeck\u00fdm v\u00fdskumom. Objavte pr\u00edrodn\u00fa starostlivos\u0165, ktor\u00e1 regeneruje, chr\u00e1ni a revitalizuje va\u0161u ple\u0165 \u2013 a vyu\u017eite exkluz\u00edvne mesa\u010dn\u00e9 ponuky na na\u0161e najpred\u00e1vanej\u0161ie produkty LR Aloe Vera.\nZa\u010dnite svoju cestu za pr\u00edrodnou starostlivos\u0165ou o ple\u0165 e\u0161te dnes a poc\u00ed\u0165te rozdiel.","email":"info@lraloeverashop.eu","telephone":"+49 17670609653","legalName":"Lr Aloe Vera Shop","foundingDate":"2018-04-21","numberOfEmployees":{"@type":"QuantitativeValue","minValue":"1","maxValue":"10"}}]},"product_price_amount":"38.79","product_price_currency":"EUR","og_availability":"instock","product_availability":"instock","product_retailer_item_id":"20606-101SK","product_condition":"new"},"taxonomy_info":{"product_cat":[{"value":216,"label":"Aloe Vera"},{"value":264,"label":"\u0160peci\u00e1lna starostlivos\u0165"}],"product_tag":[{"value":627,"label":"Such\u00e1 ko\u017ea"},{"value":626,"label":"Such\u00e9 ruky"}]},"featured_image_src_large":["https:\/\/www.lraloeverashop.eu\/wp-content\/uploads\/2022\/10\/Lr-Aloe-Vera-Acute-Control-DermaIntense-Cream-1024x1024.jpg",1024,1024,true],"author_info":[],"comment_info":0,"_links":{"self":[{"href":"https:\/\/www.lraloeverashop.eu\/sk\/wp-json\/wp\/v2\/product\/10861","targetHints":{"allow":["GET"]}}],"collection":[{"href":"https:\/\/www.lraloeverashop.eu\/sk\/wp-json\/wp\/v2\/product"}],"about":[{"href":"https:\/\/www.lraloeverashop.eu\/sk\/wp-json\/wp\/v2\/types\/product"}],"replies":[{"embeddable":true,"href":"https:\/\/www.lraloeverashop.eu\/sk\/wp-json\/wp\/v2\/comments?post=10861"}],"wp:featuredmedia":[{"embeddable":true,"href":"https:\/\/www.lraloeverashop.eu\/sk\/wp-json\/wp\/v2\/media\/4738"}],"wp:attachment":[{"href":"https:\/\/www.lraloeverashop.eu\/sk\/wp-json\/wp\/v2\/media?parent=10861"}],"wp:term":[{"taxonomy":"product_brand","embeddable":true,"href":"https:\/\/www.lraloeverashop.eu\/sk\/wp-json\/wp\/v2\/product_brand?post=10861"},{"taxonomy":"product_cat","embeddable":true,"href":"https:\/\/www.lraloeverashop.eu\/sk\/wp-json\/wp\/v2\/product_cat?post=10861"},{"taxonomy":"product_tag","embeddable":true,"href":"https:\/\/www.lraloeverashop.eu\/sk\/wp-json\/wp\/v2\/product_tag?post=10861"}],"curies":[{"name":"wp","href":"https:\/\/api.w.org\/{rel}","templated":true}]}}