{"id":10837,"date":"2022-10-09T15:33:02","date_gmt":"2022-10-09T13:33:02","guid":{"rendered":"https:\/\/www.lraloeverashop.eu\/product\/aloe-vera-hydratacny-balzam-na-pery\/"},"modified":"2025-03-29T18:58:03","modified_gmt":"2025-03-29T17:58:03","slug":"aloe-vera-hydratacny-balzam-na-pery","status":"publish","type":"product","link":"https:\/\/www.lraloeverashop.eu\/sk\/produkt\/aloe-vera-hydratacny-balzam-na-pery\/","title":{"rendered":"Balzam na pery s  Aloe Vera"},"content":{"rendered":"<h2><span style=\"font-size: 16pt; color: #000000;\"><strong>balzam na pery s Aloe Vera<\/strong><\/span><\/h2>\n<p><span style=\"font-size: 14pt; color: #000000;\"><strong>Balzam na pery s Aloe Vera &#8211; Jemn\u00e1 starostlivos\u0165 pre hladk\u00e9, m\u00e4kk\u00e9 pery<\/strong><\/span><\/p>\n<p>Balzam na pery s 40% Aloe Vera o\u0161etruje a chr\u00e1ni pery pred vonkaj\u0161\u00edmi faktormi, ako je vietor, poveternostn\u00e9 podmienky at\u010f., ktor\u00e9 pery za\u0165a\u017euj\u00fa a dehydruj\u00fa. Hydrata\u010dn\u00fd balzam na pery s Aloe Vera pon\u00faka <a href=\"https:\/\/www.lraloeverashop.eu\/sk\/produkt\/aloe-vera-hydratacny-telovy-balzam\/\">maxim\u00e1lnu vlhkos\u0165<\/a> pre zamatovo jemn\u00e9 pery. Naneste balzam na pery v\u017edy, ke\u010f budete c\u00edti\u0165 potrebu, a rozl\u00fa\u010dte sa so such\u00fdmi a popraskan\u00fdmi perami.<\/p>\n<p>Kombin\u00e1cia rastlinn\u00fdch olejov, ric\u00ednov\u00e9ho oleja, jojobov\u00e9ho oleja, kandelilov\u00e9ho vosku, zmesi v\u010delieho vosku a babasov\u00e9ho oleja tvor\u00ed z\u00e1klad bohatej recept\u00fary.<\/p>\n<p>&nbsp;<\/p>\n<h3><span style=\"color: #000000;\"><strong><span style=\"font-size: 16pt;\">Ako pou\u017e\u00edva\u0165<\/span><\/strong><\/span><\/h3>\n<p>Aplikujte balzam na pery viac ako raz denne, kedyko\u013evek budete c\u00edti\u0165 potrebu.<\/p>\n<p>&nbsp;<\/p>\n<h4><span style=\"color: #000000;\"><strong><span style=\"font-size: 16pt;\">\u010casto kladen\u00e9 ot\u00e1zky<\/span><\/strong><\/span><\/h4>\n<p><strong>\u010co je rastlina Aloe Vera a pre\u010do sa pou\u017e\u00edva v produktoch starostlivosti o ple\u0165?<\/strong><br \/>\nAloe Vera je rastlina, ktorej sa dar\u00ed vo ve\u013emi hor\u00facom a suchom podneb\u00ed a oblastiach, ako je \u0160panielsko a Mexiko. Vn\u00fatro listov pozost\u00e1va z g\u00e9lu listov, ktor\u00fd sa v starostlivosti o ple\u0165 pou\u017e\u00edva u\u017e mnoho rokov. Je zn\u00e1me, \u017ee jeho zlo\u017eky posil\u0148uj\u00fa prirodzen\u00fa ochranu poko\u017eky a udr\u017eiavaj\u00fa jej vysok\u00fa \u00farove\u0148 vlhkosti. V\u010faka t\u00fdmto vlastnostiam Aloe Vera vyhladzuje a <a href=\"https:\/\/www.lraloeverashop.eu\/sk\/produkt\/aloe-vera-hydratacny-gelovy-koncentrat\/\">hydratuje poko\u017eku<\/a> a z\u00e1rove\u0148 pon\u00faka zdrav\u00fd, \u017eiariv\u00fd vzh\u013ead pri pravidelnom pou\u017e\u00edvan\u00ed.<\/p>\n<p><strong>\u010co je na LR Aloe Vera Care tak\u00e9 v\u00fdnimo\u010dn\u00e9?<\/strong><br \/>\nExtr\u00e9mne vysok\u00fd obsah Aloe Vera Gelu a vybran\u00e9 akt\u00edvne zlo\u017eky robia produkty <a href=\"https:\/\/www.lraloeverashop.eu\/sk\/\">LR Aloe Vera<\/a> tak jedine\u010dn\u00fdmi. Od roku 2001 vyv\u00edjame a vyr\u00e1bame produkty s tvrden\u00edm, \u017ee s\u00fa \u0161pi\u010dkou v tejto oblasti. Z tohto d\u00f4vodu pou\u017e\u00edvame len g\u00e9l z listov Aloe Vera z vybran\u00fdch plod\u00edn v Mexiku \u2013 predpoklad vysokej kvality.<\/p>\n<p>Okrem toho, \u010dist\u00fd g\u00e9l z listov Aloe Vera prech\u00e1dza d\u00f4kladn\u00fdm spracovan\u00edm, aby sa v \u010do najv\u00e4\u010d\u0161ej miere zachovali jeho cenn\u00e9 zlo\u017eky a z\u00e1rove\u0148 bola zabezpe\u010den\u00e1 \u0161pi\u010dkov\u00e1 kvalita ve\u013emi vysok\u00e9ho obsahu g\u00e9lu Aloe Vera v na\u0161ich produktoch.<\/p>\n<p>S viac ako 50 v\u00fdrobkami starostlivosti o ple\u0165 z <a href=\"https:\/\/www.lraloeverashop.eu\/sk\/kategoria-produktu\/aloe-vera-sk\/\">Aloe Vera<\/a> najvy\u0161\u0161ej kvality sa sna\u017e\u00edme splni\u0165 va\u0161e o\u010dak\u00e1vania t\u00fdkaj\u00face sa ide\u00e1lnej starostlivosti o ple\u0165.<\/p>\n","protected":false},"excerpt":{"rendered":"<ul>\n<li>S 40% Aloe Vera<\/li>\n<li>Pre optim\u00e1lnu ochranu a starostlivos\u0165<\/li>\n<li>Intenz\u00edvna vlhkos\u0165 pre such\u00e9 a popraskan\u00e9 pery<\/li>\n<li>Jemn\u00e1 starostlivos\u0165 o hladk\u00e9, jemn\u00e9 pery<\/li>\n<li>Balzam vyroben\u00fd v Nemecku<\/li>\n<li>Mno\u017estvo: 4,80g<\/li>\n<\/ul>\n<p>&nbsp;<\/p>\n","protected":false},"featured_media":4804,"comment_status":"open","ping_status":"closed","template":"","meta":{"_kad_blocks_custom_css":"","_kad_blocks_head_custom_js":"","_kad_blocks_body_custom_js":"","_kad_blocks_footer_custom_js":"","_kadence_starter_templates_imported_post":false,"_kad_post_transparent":"default","_kad_post_title":"","_kad_post_layout":"default","_kad_post_sidebar_id":"","_kad_post_content_style":"default","_kad_post_vertical_padding":"default","_kad_post_feature":"","_kad_post_feature_position":"","_kad_post_header":false,"_kad_post_footer":false,"_kad_post_classname":""},"product_brand":[],"product_cat":[216,241,258],"product_tag":[685,627],"class_list":{"0":"post-10837","1":"product","2":"type-product","3":"status-publish","4":"has-post-thumbnail","6":"product_cat-aloe-vera-sk","7":"product_cat-starostlivost-o-tvar","8":"product_cat-zubna-starostlivost","9":"product_tag-pery","10":"product_tag-sucha-koza","12":"first","13":"instock","14":"taxable","15":"shipping-taxable","16":"purchasable","17":"product-type-simple","18":"entry","19":"content-bg","20":"loop-entry"},"yoast_head":"<!-- This site is optimized with the Yoast SEO Premium plugin v27.4 (Yoast SEO v27.4) - https:\/\/yoast.com\/product\/yoast-seo-premium-wordpress\/ -->\n<title>Balzam na pery s Aloe Vera na such\u00e9 a popraskan\u00e9 peramy<\/title>\n<meta name=\"description\" content=\"Hydrata\u010dn\u00fd balzam na pery s Aloe Vera Intenz\u00edvnu vlhkos\u0165 pre such\u00e9 a popraskan\u00e9 pery. O\u0161etruje a chr\u00e1ni pery pred vonkaj\u0161\u00edmi faktormi ako je vietor, slnko\" \/>\n<meta name=\"robots\" content=\"index, follow, max-snippet:-1, max-image-preview:large, max-video-preview:-1\" \/>\n<link rel=\"canonical\" href=\"https:\/\/www.lraloeverashop.eu\/sk\/produkt\/aloe-vera-hydratacny-balzam-na-pery\/\" \/>\n<meta property=\"og:locale\" content=\"sk_SK\" \/>\n<meta property=\"og:type\" content=\"article\" \/>\n<meta property=\"og:title\" content=\"Balzam na pery s Aloe Vera\" \/>\n<meta property=\"og:description\" content=\"Hydrata\u010dn\u00fd balzam na pery s Aloe Vera Intenz\u00edvnu vlhkos\u0165 pre such\u00e9 a popraskan\u00e9 pery. O\u0161etruje a chr\u00e1ni pery pred vonkaj\u0161\u00edmi faktormi ako je vietor, slnko\" \/>\n<meta property=\"og:url\" content=\"https:\/\/www.lraloeverashop.eu\/sk\/produkt\/aloe-vera-hydratacny-balzam-na-pery\/\" \/>\n<meta property=\"og:site_name\" content=\"Lr Obchod Aloe Vera\" \/>\n<meta property=\"article:publisher\" content=\"https:\/\/www.facebook.com\/lraloeverashop.eu\" \/>\n<meta property=\"article:modified_time\" content=\"2025-03-29T17:58:03+00:00\" \/>\n<meta property=\"og:image\" content=\"https:\/\/www.lraloeverashop.eu\/wp-content\/uploads\/2022\/10\/Lr-Aloe-Vera-Moisturizing-Lip-Balm.jpg\" \/>\n\t<meta property=\"og:image:width\" content=\"1200\" \/>\n\t<meta property=\"og:image:height\" content=\"1200\" \/>\n\t<meta property=\"og:image:type\" content=\"image\/jpeg\" \/>\n<meta name=\"twitter:card\" content=\"summary_large_image\" \/>\n<meta name=\"twitter:site\" content=\"@natur__kosmetik\" \/>\n<script type=\"application\/ld+json\" class=\"yoast-schema-graph\">{\"@context\":\"https:\\\/\\\/schema.org\",\"@graph\":[{\"@type\":[\"WebPage\",\"ItemPage\"],\"@id\":\"https:\\\/\\\/www.lraloeverashop.eu\\\/sk\\\/produkt\\\/aloe-vera-hydratacny-balzam-na-pery\\\/\",\"url\":\"https:\\\/\\\/www.lraloeverashop.eu\\\/sk\\\/produkt\\\/aloe-vera-hydratacny-balzam-na-pery\\\/\",\"name\":\"Balzam na pery s Aloe Vera na such\u00e9 a popraskan\u00e9 peramy\",\"isPartOf\":{\"@id\":\"https:\\\/\\\/www.lraloeverashop.eu\\\/sk\\\/#website\"},\"primaryImageOfPage\":{\"@id\":\"https:\\\/\\\/www.lraloeverashop.eu\\\/sk\\\/produkt\\\/aloe-vera-hydratacny-balzam-na-pery\\\/#primaryimage\"},\"image\":{\"@id\":\"https:\\\/\\\/www.lraloeverashop.eu\\\/sk\\\/produkt\\\/aloe-vera-hydratacny-balzam-na-pery\\\/#primaryimage\"},\"thumbnailUrl\":\"https:\\\/\\\/www.lraloeverashop.eu\\\/wp-content\\\/uploads\\\/2022\\\/10\\\/Lr-Aloe-Vera-Moisturizing-Lip-Balm.jpg\",\"datePublished\":\"2022-10-09T13:33:02+00:00\",\"dateModified\":\"2025-03-29T17:58:03+00:00\",\"description\":\"Hydrata\u010dn\u00fd balzam na pery s Aloe Vera Intenz\u00edvnu vlhkos\u0165 pre such\u00e9 a popraskan\u00e9 pery. O\u0161etruje a chr\u00e1ni pery pred vonkaj\u0161\u00edmi faktormi ako je vietor, slnko\",\"breadcrumb\":{\"@id\":\"https:\\\/\\\/www.lraloeverashop.eu\\\/sk\\\/produkt\\\/aloe-vera-hydratacny-balzam-na-pery\\\/#breadcrumb\"},\"inLanguage\":\"sk-SK\",\"potentialAction\":[{\"@type\":\"ReadAction\",\"target\":[\"https:\\\/\\\/www.lraloeverashop.eu\\\/sk\\\/produkt\\\/aloe-vera-hydratacny-balzam-na-pery\\\/\"]}]},{\"@type\":\"ImageObject\",\"inLanguage\":\"sk-SK\",\"@id\":\"https:\\\/\\\/www.lraloeverashop.eu\\\/sk\\\/produkt\\\/aloe-vera-hydratacny-balzam-na-pery\\\/#primaryimage\",\"url\":\"https:\\\/\\\/www.lraloeverashop.eu\\\/wp-content\\\/uploads\\\/2022\\\/10\\\/Lr-Aloe-Vera-Moisturizing-Lip-Balm.jpg\",\"contentUrl\":\"https:\\\/\\\/www.lraloeverashop.eu\\\/wp-content\\\/uploads\\\/2022\\\/10\\\/Lr-Aloe-Vera-Moisturizing-Lip-Balm.jpg\",\"width\":1200,\"height\":1200,\"caption\":\"Aloe Vera Hydrata\u010dn\u00fd balzam na pery pre optim\u00e1lnu ochranu a starostlivos\u0165\"},{\"@type\":\"BreadcrumbList\",\"@id\":\"https:\\\/\\\/www.lraloeverashop.eu\\\/sk\\\/produkt\\\/aloe-vera-hydratacny-balzam-na-pery\\\/#breadcrumb\",\"itemListElement\":[{\"@type\":\"ListItem\",\"position\":1,\"name\":\"Home\",\"item\":\"https:\\\/\\\/www.lraloeverashop.eu\\\/sk\\\/\"},{\"@type\":\"ListItem\",\"position\":2,\"name\":\"Obchod\",\"item\":\"https:\\\/\\\/www.lraloeverashop.eu\\\/shop\\\/\"},{\"@type\":\"ListItem\",\"position\":3,\"name\":\"Balzam na pery s Aloe Vera\"}]},{\"@type\":\"WebSite\",\"@id\":\"https:\\\/\\\/www.lraloeverashop.eu\\\/sk\\\/#website\",\"url\":\"https:\\\/\\\/www.lraloeverashop.eu\\\/sk\\\/\",\"name\":\"Lr Obchod Aloe Vera\",\"description\":\"High Quality Lr Aloe Vera Gel, Aloe Vera Cream and Shampoo\",\"publisher\":{\"@id\":\"https:\\\/\\\/www.lraloeverashop.eu\\\/sk\\\/#organization\"},\"potentialAction\":[{\"@type\":\"SearchAction\",\"target\":{\"@type\":\"EntryPoint\",\"urlTemplate\":\"https:\\\/\\\/www.lraloeverashop.eu\\\/sk\\\/?s={search_term_string}\"},\"query-input\":{\"@type\":\"PropertyValueSpecification\",\"valueRequired\":true,\"valueName\":\"search_term_string\"}}],\"inLanguage\":\"sk-SK\"},{\"@type\":\"Organization\",\"@id\":\"https:\\\/\\\/www.lraloeverashop.eu\\\/sk\\\/#organization\",\"name\":\"Lr Obchod Aloe Vera\",\"alternateName\":\"LR\",\"url\":\"https:\\\/\\\/www.lraloeverashop.eu\\\/sk\\\/\",\"logo\":{\"@type\":\"ImageObject\",\"inLanguage\":\"sk-SK\",\"@id\":\"https:\\\/\\\/www.lraloeverashop.eu\\\/sk\\\/#\\\/schema\\\/logo\\\/image\\\/\",\"url\":\"https:\\\/\\\/www.lraloeverashop.eu\\\/wp-content\\\/uploads\\\/2022\\\/09\\\/cropped-Lr-Aloe-Vera-Shop.jpg\",\"contentUrl\":\"https:\\\/\\\/www.lraloeverashop.eu\\\/wp-content\\\/uploads\\\/2022\\\/09\\\/cropped-Lr-Aloe-Vera-Shop.jpg\",\"width\":228,\"height\":76,\"caption\":\"Lr Obchod Aloe Vera\"},\"image\":{\"@id\":\"https:\\\/\\\/www.lraloeverashop.eu\\\/sk\\\/#\\\/schema\\\/logo\\\/image\\\/\"},\"sameAs\":[\"https:\\\/\\\/www.facebook.com\\\/lraloeverashop.eu\",\"https:\\\/\\\/x.com\\\/natur__kosmetik\",\"https:\\\/\\\/www.youtube.com\\\/channel\\\/UC5oN7BJ8nfYb8RpVtjwDEBA\",\"https:\\\/\\\/www.instagram.com\\\/lrbeautyeu\\\/\"],\"description\":\"Obchod Lr Aloe Vera je va\u0161\u00edm d\u00f4veryhodn\u00fdm miestom pre pr\u00e9miov\u00e9 produkty LR Health & Beauty vyroben\u00e9 v Nemecku. Pon\u00fakame vysokokvalitn\u00e9 rie\u0161enia starostlivosti o ple\u0165 s Aloe Vera, v\u00fd\u017eivu a proti starnutiu, vyroben\u00e9 z \u010dist\u00fdch ingredienci\u00ed a podlo\u017een\u00e9 vedeck\u00fdm v\u00fdskumom. Objavte pr\u00edrodn\u00fa starostlivos\u0165, ktor\u00e1 regeneruje, chr\u00e1ni a revitalizuje va\u0161u ple\u0165 \u2013 a vyu\u017eite exkluz\u00edvne mesa\u010dn\u00e9 ponuky na na\u0161e najpred\u00e1vanej\u0161ie produkty LR Aloe Vera.\\nZa\u010dnite svoju cestu za pr\u00edrodnou starostlivos\u0165ou o ple\u0165 e\u0161te dnes a poc\u00ed\u0165te rozdiel.\",\"email\":\"info@lraloeverashop.eu\",\"telephone\":\"+49 17670609653\",\"legalName\":\"Lr Aloe Vera Shop\",\"foundingDate\":\"2018-04-21\",\"numberOfEmployees\":{\"@type\":\"QuantitativeValue\",\"minValue\":\"1\",\"maxValue\":\"10\"}}]}<\/script>\n<meta property=\"product:price:amount\" content=\"7.98\" \/>\n<meta property=\"product:price:currency\" content=\"EUR\" \/>\n<meta property=\"og:availability\" content=\"instock\" \/>\n<meta property=\"product:availability\" content=\"instock\" \/>\n<meta property=\"product:retailer_item_id\" content=\"20676-101SK\" \/>\n<meta property=\"product:condition\" content=\"new\" \/>\n<!-- \/ Yoast SEO Premium plugin. -->","yoast_head_json":{"title":"Balzam na pery s Aloe Vera na such\u00e9 a popraskan\u00e9 peramy","description":"Hydrata\u010dn\u00fd balzam na pery s Aloe Vera Intenz\u00edvnu vlhkos\u0165 pre such\u00e9 a popraskan\u00e9 pery. O\u0161etruje a chr\u00e1ni pery pred vonkaj\u0161\u00edmi faktormi ako je vietor, slnko","robots":{"index":"index","follow":"follow","max-snippet":"max-snippet:-1","max-image-preview":"max-image-preview:large","max-video-preview":"max-video-preview:-1"},"canonical":"https:\/\/www.lraloeverashop.eu\/sk\/produkt\/aloe-vera-hydratacny-balzam-na-pery\/","og_locale":"sk_SK","og_type":"article","og_title":"Balzam na pery s Aloe Vera","og_description":"Hydrata\u010dn\u00fd balzam na pery s Aloe Vera Intenz\u00edvnu vlhkos\u0165 pre such\u00e9 a popraskan\u00e9 pery. O\u0161etruje a chr\u00e1ni pery pred vonkaj\u0161\u00edmi faktormi ako je vietor, slnko","og_url":"https:\/\/www.lraloeverashop.eu\/sk\/produkt\/aloe-vera-hydratacny-balzam-na-pery\/","og_site_name":"Lr Obchod Aloe Vera","article_publisher":"https:\/\/www.facebook.com\/lraloeverashop.eu","article_modified_time":"2025-03-29T17:58:03+00:00","og_image":[{"width":1200,"height":1200,"url":"https:\/\/www.lraloeverashop.eu\/wp-content\/uploads\/2022\/10\/Lr-Aloe-Vera-Moisturizing-Lip-Balm.jpg","type":"image\/jpeg"}],"twitter_card":"summary_large_image","twitter_site":"@natur__kosmetik","schema":{"@context":"https:\/\/schema.org","@graph":[{"@type":["WebPage","ItemPage"],"@id":"https:\/\/www.lraloeverashop.eu\/sk\/produkt\/aloe-vera-hydratacny-balzam-na-pery\/","url":"https:\/\/www.lraloeverashop.eu\/sk\/produkt\/aloe-vera-hydratacny-balzam-na-pery\/","name":"Balzam na pery s Aloe Vera na such\u00e9 a popraskan\u00e9 peramy","isPartOf":{"@id":"https:\/\/www.lraloeverashop.eu\/sk\/#website"},"primaryImageOfPage":{"@id":"https:\/\/www.lraloeverashop.eu\/sk\/produkt\/aloe-vera-hydratacny-balzam-na-pery\/#primaryimage"},"image":{"@id":"https:\/\/www.lraloeverashop.eu\/sk\/produkt\/aloe-vera-hydratacny-balzam-na-pery\/#primaryimage"},"thumbnailUrl":"https:\/\/www.lraloeverashop.eu\/wp-content\/uploads\/2022\/10\/Lr-Aloe-Vera-Moisturizing-Lip-Balm.jpg","datePublished":"2022-10-09T13:33:02+00:00","dateModified":"2025-03-29T17:58:03+00:00","description":"Hydrata\u010dn\u00fd balzam na pery s Aloe Vera Intenz\u00edvnu vlhkos\u0165 pre such\u00e9 a popraskan\u00e9 pery. O\u0161etruje a chr\u00e1ni pery pred vonkaj\u0161\u00edmi faktormi ako je vietor, slnko","breadcrumb":{"@id":"https:\/\/www.lraloeverashop.eu\/sk\/produkt\/aloe-vera-hydratacny-balzam-na-pery\/#breadcrumb"},"inLanguage":"sk-SK","potentialAction":[{"@type":"ReadAction","target":["https:\/\/www.lraloeverashop.eu\/sk\/produkt\/aloe-vera-hydratacny-balzam-na-pery\/"]}]},{"@type":"ImageObject","inLanguage":"sk-SK","@id":"https:\/\/www.lraloeverashop.eu\/sk\/produkt\/aloe-vera-hydratacny-balzam-na-pery\/#primaryimage","url":"https:\/\/www.lraloeverashop.eu\/wp-content\/uploads\/2022\/10\/Lr-Aloe-Vera-Moisturizing-Lip-Balm.jpg","contentUrl":"https:\/\/www.lraloeverashop.eu\/wp-content\/uploads\/2022\/10\/Lr-Aloe-Vera-Moisturizing-Lip-Balm.jpg","width":1200,"height":1200,"caption":"Aloe Vera Hydrata\u010dn\u00fd balzam na pery pre optim\u00e1lnu ochranu a starostlivos\u0165"},{"@type":"BreadcrumbList","@id":"https:\/\/www.lraloeverashop.eu\/sk\/produkt\/aloe-vera-hydratacny-balzam-na-pery\/#breadcrumb","itemListElement":[{"@type":"ListItem","position":1,"name":"Home","item":"https:\/\/www.lraloeverashop.eu\/sk\/"},{"@type":"ListItem","position":2,"name":"Obchod","item":"https:\/\/www.lraloeverashop.eu\/shop\/"},{"@type":"ListItem","position":3,"name":"Balzam na pery s Aloe Vera"}]},{"@type":"WebSite","@id":"https:\/\/www.lraloeverashop.eu\/sk\/#website","url":"https:\/\/www.lraloeverashop.eu\/sk\/","name":"Lr Obchod Aloe Vera","description":"High Quality Lr Aloe Vera Gel, Aloe Vera Cream and Shampoo","publisher":{"@id":"https:\/\/www.lraloeverashop.eu\/sk\/#organization"},"potentialAction":[{"@type":"SearchAction","target":{"@type":"EntryPoint","urlTemplate":"https:\/\/www.lraloeverashop.eu\/sk\/?s={search_term_string}"},"query-input":{"@type":"PropertyValueSpecification","valueRequired":true,"valueName":"search_term_string"}}],"inLanguage":"sk-SK"},{"@type":"Organization","@id":"https:\/\/www.lraloeverashop.eu\/sk\/#organization","name":"Lr Obchod Aloe Vera","alternateName":"LR","url":"https:\/\/www.lraloeverashop.eu\/sk\/","logo":{"@type":"ImageObject","inLanguage":"sk-SK","@id":"https:\/\/www.lraloeverashop.eu\/sk\/#\/schema\/logo\/image\/","url":"https:\/\/www.lraloeverashop.eu\/wp-content\/uploads\/2022\/09\/cropped-Lr-Aloe-Vera-Shop.jpg","contentUrl":"https:\/\/www.lraloeverashop.eu\/wp-content\/uploads\/2022\/09\/cropped-Lr-Aloe-Vera-Shop.jpg","width":228,"height":76,"caption":"Lr Obchod Aloe Vera"},"image":{"@id":"https:\/\/www.lraloeverashop.eu\/sk\/#\/schema\/logo\/image\/"},"sameAs":["https:\/\/www.facebook.com\/lraloeverashop.eu","https:\/\/x.com\/natur__kosmetik","https:\/\/www.youtube.com\/channel\/UC5oN7BJ8nfYb8RpVtjwDEBA","https:\/\/www.instagram.com\/lrbeautyeu\/"],"description":"Obchod Lr Aloe Vera je va\u0161\u00edm d\u00f4veryhodn\u00fdm miestom pre pr\u00e9miov\u00e9 produkty LR Health & Beauty vyroben\u00e9 v Nemecku. Pon\u00fakame vysokokvalitn\u00e9 rie\u0161enia starostlivosti o ple\u0165 s Aloe Vera, v\u00fd\u017eivu a proti starnutiu, vyroben\u00e9 z \u010dist\u00fdch ingredienci\u00ed a podlo\u017een\u00e9 vedeck\u00fdm v\u00fdskumom. Objavte pr\u00edrodn\u00fa starostlivos\u0165, ktor\u00e1 regeneruje, chr\u00e1ni a revitalizuje va\u0161u ple\u0165 \u2013 a vyu\u017eite exkluz\u00edvne mesa\u010dn\u00e9 ponuky na na\u0161e najpred\u00e1vanej\u0161ie produkty LR Aloe Vera.\nZa\u010dnite svoju cestu za pr\u00edrodnou starostlivos\u0165ou o ple\u0165 e\u0161te dnes a poc\u00ed\u0165te rozdiel.","email":"info@lraloeverashop.eu","telephone":"+49 17670609653","legalName":"Lr Aloe Vera Shop","foundingDate":"2018-04-21","numberOfEmployees":{"@type":"QuantitativeValue","minValue":"1","maxValue":"10"}}]},"product_price_amount":"7.98","product_price_currency":"EUR","og_availability":"instock","product_availability":"instock","product_retailer_item_id":"20676-101SK","product_condition":"new"},"taxonomy_info":{"product_cat":[{"value":216,"label":"Aloe Vera"},{"value":241,"label":"Starostlivos\u0165 o tv\u00e1r"},{"value":258,"label":"Zubn\u00e1 starostlivos\u0165"}],"product_tag":[{"value":685,"label":"na pery"},{"value":627,"label":"Such\u00e1 ko\u017ea"}]},"featured_image_src_large":["https:\/\/www.lraloeverashop.eu\/wp-content\/uploads\/2022\/10\/Lr-Aloe-Vera-Moisturizing-Lip-Balm-1024x1024.jpg",1024,1024,true],"author_info":[],"comment_info":0,"_links":{"self":[{"href":"https:\/\/www.lraloeverashop.eu\/sk\/wp-json\/wp\/v2\/product\/10837","targetHints":{"allow":["GET"]}}],"collection":[{"href":"https:\/\/www.lraloeverashop.eu\/sk\/wp-json\/wp\/v2\/product"}],"about":[{"href":"https:\/\/www.lraloeverashop.eu\/sk\/wp-json\/wp\/v2\/types\/product"}],"replies":[{"embeddable":true,"href":"https:\/\/www.lraloeverashop.eu\/sk\/wp-json\/wp\/v2\/comments?post=10837"}],"wp:featuredmedia":[{"embeddable":true,"href":"https:\/\/www.lraloeverashop.eu\/sk\/wp-json\/wp\/v2\/media\/4804"}],"wp:attachment":[{"href":"https:\/\/www.lraloeverashop.eu\/sk\/wp-json\/wp\/v2\/media?parent=10837"}],"wp:term":[{"taxonomy":"product_brand","embeddable":true,"href":"https:\/\/www.lraloeverashop.eu\/sk\/wp-json\/wp\/v2\/product_brand?post=10837"},{"taxonomy":"product_cat","embeddable":true,"href":"https:\/\/www.lraloeverashop.eu\/sk\/wp-json\/wp\/v2\/product_cat?post=10837"},{"taxonomy":"product_tag","embeddable":true,"href":"https:\/\/www.lraloeverashop.eu\/sk\/wp-json\/wp\/v2\/product_tag?post=10837"}],"curies":[{"name":"wp","href":"https:\/\/api.w.org\/{rel}","templated":true}]}}