{"id":10825,"date":"2022-10-09T15:46:17","date_gmt":"2022-10-09T13:46:17","guid":{"rendered":"https:\/\/www.lraloeverashop.eu\/product\/aloe-vera-extra-sviezia-zubna-pasta\/"},"modified":"2025-03-29T18:57:57","modified_gmt":"2025-03-29T17:57:57","slug":"aloe-vera-extra-sviezia-zubna-pasta","status":"publish","type":"product","link":"https:\/\/www.lraloeverashop.eu\/sk\/produkt\/aloe-vera-extra-sviezia-zubna-pasta\/","title":{"rendered":"Zubn\u00e1 Pasta Bez Fluoru Aloe Vera"},"content":{"rendered":"<h2><span style=\"font-size: 16pt;\"><strong>Zubn\u00e1 Pasta Bez Fluoru Aloe Vera Extra Svie\u017eia<\/strong><\/span><\/h2>\n<p><span style=\"font-size: 14pt;\"><strong>Zubn\u00e1 Pasta Bez Fluoru Aloe Vera na miernu ale \u00fa\u010dinnu starostlivos\u0165 o zuby<\/strong><\/span><\/p>\n<p>Pr\u00edpravok na starostlivos\u0165 o \u00fastnu dutinu bez fluoru vo forme hydrog\u00e9lu na jemn\u00e9 a d\u00f4kladn\u00e9 \u010distenie \u010fasien a zubov. Zabra\u0148uje tvorbe zubn\u00e9ho povlaku a poskytuje svie\u017ei pocit v \u00fastach. Podporuje zdrav\u00e9 \u010fasn\u00e1, jasn\u00e9 zuby a svie\u017ei dych. So 43 % aloe vera a extraktom z echinacey.<\/p>\n<p>Extra svie\u017ea Zubn\u00e1 Pasta bez Fluoru s Aloe Vera jemne \u010dist\u00ed zuby a \u00fastnu dutinu od st\u00f4p potravy a zubn\u00e9ho povlaku, ktor\u00e9 m\u00f4\u017eu sp\u00f4sobi\u0165 kaz a <a href=\"https:\/\/www.lraloeverashop.eu\/sk\/produkt\/aloe-vera-rychly-sprej-prvej-pomoci\/\">z\u00e1pal \u010fasien<\/a>. Zanech\u00e1va \u010dist\u00e9 a chladn\u00e9 d\u00fdchanie.<\/p>\n<p>Kombin\u00e1cia propolisov\u00e9ho vosku a extraktu z echinacey pom\u00e1ha udr\u017eiava\u0165 zdrav\u00e9 \u010fasn\u00e1 pri \u010disten\u00ed zubov.<\/p>\n<p>Pre ve\u013emi citliv\u00e9 zuby a \u010fasn\u00e1 pou\u017e\u00edvajte <a href=\"https:\/\/www.lraloeverashop.eu\/sk\/produkt\/aloe-vera-ochranna-zubna-pasta\/\">zubn\u00fa pastu Sensitive s fluoridom<\/a> zo s\u00e9rie Lr Aloe Vera.<\/p>\n<p>&nbsp;<\/p>\n<h3><span style=\"font-size: 16pt;\"><strong>Ako pou\u017e\u00edva\u0165<\/strong><\/span><\/h3>\n<p>Odpor\u00fa\u010da sa \u010disti\u0165 si zuby dvakr\u00e1t alebo trikr\u00e1t denne a po jedle. Aby ste si boli ist\u00ed, \u017ee ste odstr\u00e1nili v\u0161etky zvy\u0161ky, ka\u017ed\u00e9 \u010distenie by malo trva\u0165 aspo\u0148 dve a\u017e tri min\u00faty.<\/p>\n<p>&nbsp;<\/p>\n<h4><span style=\"font-size: 16pt;\"><strong>Vedeli ste?<\/strong><\/span><\/h4>\n<p>Po konzum\u00e1cii kysl\u00fdch potrav\u00edn alebo n\u00e1pojov, ako je v\u00edno, citrusov\u00e9 ovocie, ovocn\u00e1 \u0161\u0165ava, jogurt alebo \u0161al\u00e1t s olejov\u00fdm a octov\u00fdm dresingom, po\u010dkajte aspo\u0148 pol hodiny pred \u010disten\u00edm zubov. Kyselina z potravy m\u00f4\u017ee rozp\u00fa\u0161\u0165a\u0165 miner\u00e1ly zo zubnej skloviny. Po kr\u00e1tkom \u010dase m\u00f4\u017ee by\u0165 povrch zuba remineralizovan\u00fd pomocou sl\u00edn.<\/p>\n","protected":false},"excerpt":{"rendered":"<ul>\n<li>So 43% Aloe Vera<\/li>\n<li>S extraktom Echinacea<\/li>\n<li>Bez Fluoru<\/li>\n<li>Pon\u00faka \u00fapln\u00e9 \u010distenie zubov a \u010fasien<\/li>\n<li>Pon\u00faka pr\u00edjemn\u00fd pocit svie\u017eosti<\/li>\n<li>Obsah: 100 ml<\/li>\n<\/ul>\n<p>&nbsp;<\/p>\n","protected":false},"featured_media":4810,"comment_status":"open","ping_status":"closed","template":"","meta":{"_kad_blocks_custom_css":"","_kad_blocks_head_custom_js":"","_kad_blocks_body_custom_js":"","_kad_blocks_footer_custom_js":"","_kadence_starter_templates_imported_post":false,"_kad_post_transparent":"default","_kad_post_title":"","_kad_post_layout":"default","_kad_post_sidebar_id":"","_kad_post_content_style":"default","_kad_post_vertical_padding":"default","_kad_post_feature":"","_kad_post_feature_position":"","_kad_post_header":false,"_kad_post_footer":false,"_kad_post_classname":""},"product_brand":[],"product_cat":[216,258],"product_tag":[562,567],"class_list":{"0":"post-10825","1":"product","2":"type-product","3":"status-publish","4":"has-post-thumbnail","6":"product_cat-aloe-vera-sk","7":"product_cat-zubna-starostlivost","8":"product_tag-dasna","9":"product_tag-zuby","11":"first","12":"instock","13":"taxable","14":"shipping-taxable","15":"purchasable","16":"product-type-simple","17":"entry","18":"content-bg","19":"loop-entry"},"yoast_head":"<!-- This site is optimized with the Yoast SEO Premium plugin v27.4 (Yoast SEO v27.4) - https:\/\/yoast.com\/product\/yoast-seo-premium-wordpress\/ -->\n<title>Zubn\u00e1 Pasta Bez Fluoru Aloe Vera na \u00fa\u010dinnu starostlivos\u0165 o zuby<\/title>\n<meta name=\"description\" content=\"Zubn\u00e1 Pasta Bez Fluoru Aloe Vera s 43% Aloe Vera gelom a extraktom s Echinacey pom\u00e1ha udr\u017eiava\u0165 zdrav\u00e9 \u010fasn\u00e1, jasn\u00e9 zuby a svie\u017ei dych.\" \/>\n<meta name=\"robots\" content=\"index, follow, max-snippet:-1, max-image-preview:large, max-video-preview:-1\" \/>\n<link rel=\"canonical\" href=\"https:\/\/www.lraloeverashop.eu\/sk\/produkt\/aloe-vera-extra-sviezia-zubna-pasta\/\" \/>\n<meta property=\"og:locale\" content=\"sk_SK\" \/>\n<meta property=\"og:type\" content=\"article\" \/>\n<meta property=\"og:title\" content=\"Zubn\u00e1 Pasta Bez Fluoru Aloe Vera\" \/>\n<meta property=\"og:description\" content=\"Zubn\u00e1 Pasta Bez Fluoru Aloe Vera s 43% Aloe Vera gelom a extraktom s Echinacey pom\u00e1ha udr\u017eiava\u0165 zdrav\u00e9 \u010fasn\u00e1, jasn\u00e9 zuby a svie\u017ei dych.\" \/>\n<meta property=\"og:url\" content=\"https:\/\/www.lraloeverashop.eu\/sk\/produkt\/aloe-vera-extra-sviezia-zubna-pasta\/\" \/>\n<meta property=\"og:site_name\" content=\"Lr Obchod Aloe Vera\" \/>\n<meta property=\"article:publisher\" content=\"https:\/\/www.facebook.com\/lraloeverashop.eu\" \/>\n<meta property=\"article:modified_time\" content=\"2025-03-29T17:57:57+00:00\" \/>\n<meta property=\"og:image\" content=\"https:\/\/www.lraloeverashop.eu\/wp-content\/uploads\/2022\/10\/Aloe-Vera-Tooth-Gel.jpg\" \/>\n\t<meta property=\"og:image:width\" content=\"1200\" \/>\n\t<meta property=\"og:image:height\" content=\"1200\" \/>\n\t<meta property=\"og:image:type\" content=\"image\/jpeg\" \/>\n<meta name=\"twitter:card\" content=\"summary_large_image\" \/>\n<meta name=\"twitter:site\" content=\"@natur__kosmetik\" \/>\n<script type=\"application\/ld+json\" class=\"yoast-schema-graph\">{\"@context\":\"https:\\\/\\\/schema.org\",\"@graph\":[{\"@type\":[\"WebPage\",\"ItemPage\"],\"@id\":\"https:\\\/\\\/www.lraloeverashop.eu\\\/sk\\\/produkt\\\/aloe-vera-extra-sviezia-zubna-pasta\\\/\",\"url\":\"https:\\\/\\\/www.lraloeverashop.eu\\\/sk\\\/produkt\\\/aloe-vera-extra-sviezia-zubna-pasta\\\/\",\"name\":\"Zubn\u00e1 Pasta Bez Fluoru Aloe Vera na \u00fa\u010dinnu starostlivos\u0165 o zuby\",\"isPartOf\":{\"@id\":\"https:\\\/\\\/www.lraloeverashop.eu\\\/sk\\\/#website\"},\"primaryImageOfPage\":{\"@id\":\"https:\\\/\\\/www.lraloeverashop.eu\\\/sk\\\/produkt\\\/aloe-vera-extra-sviezia-zubna-pasta\\\/#primaryimage\"},\"image\":{\"@id\":\"https:\\\/\\\/www.lraloeverashop.eu\\\/sk\\\/produkt\\\/aloe-vera-extra-sviezia-zubna-pasta\\\/#primaryimage\"},\"thumbnailUrl\":\"https:\\\/\\\/www.lraloeverashop.eu\\\/wp-content\\\/uploads\\\/2022\\\/10\\\/Aloe-Vera-Tooth-Gel.jpg\",\"datePublished\":\"2022-10-09T13:46:17+00:00\",\"dateModified\":\"2025-03-29T17:57:57+00:00\",\"description\":\"Zubn\u00e1 Pasta Bez Fluoru Aloe Vera s 43% Aloe Vera gelom a extraktom s Echinacey pom\u00e1ha udr\u017eiava\u0165 zdrav\u00e9 \u010fasn\u00e1, jasn\u00e9 zuby a svie\u017ei dych.\",\"breadcrumb\":{\"@id\":\"https:\\\/\\\/www.lraloeverashop.eu\\\/sk\\\/produkt\\\/aloe-vera-extra-sviezia-zubna-pasta\\\/#breadcrumb\"},\"inLanguage\":\"sk-SK\",\"potentialAction\":[{\"@type\":\"ReadAction\",\"target\":[\"https:\\\/\\\/www.lraloeverashop.eu\\\/sk\\\/produkt\\\/aloe-vera-extra-sviezia-zubna-pasta\\\/\"]}]},{\"@type\":\"ImageObject\",\"inLanguage\":\"sk-SK\",\"@id\":\"https:\\\/\\\/www.lraloeverashop.eu\\\/sk\\\/produkt\\\/aloe-vera-extra-sviezia-zubna-pasta\\\/#primaryimage\",\"url\":\"https:\\\/\\\/www.lraloeverashop.eu\\\/wp-content\\\/uploads\\\/2022\\\/10\\\/Aloe-Vera-Tooth-Gel.jpg\",\"contentUrl\":\"https:\\\/\\\/www.lraloeverashop.eu\\\/wp-content\\\/uploads\\\/2022\\\/10\\\/Aloe-Vera-Tooth-Gel.jpg\",\"width\":1200,\"height\":1200,\"caption\":\"Aloe Vera Extra Svie\u017eia Zubn\u00e1 Pasta pon\u00faka pr\u00edjemn\u00fd pocit svie\u017eosti\"},{\"@type\":\"BreadcrumbList\",\"@id\":\"https:\\\/\\\/www.lraloeverashop.eu\\\/sk\\\/produkt\\\/aloe-vera-extra-sviezia-zubna-pasta\\\/#breadcrumb\",\"itemListElement\":[{\"@type\":\"ListItem\",\"position\":1,\"name\":\"Home\",\"item\":\"https:\\\/\\\/www.lraloeverashop.eu\\\/sk\\\/\"},{\"@type\":\"ListItem\",\"position\":2,\"name\":\"Obchod\",\"item\":\"https:\\\/\\\/www.lraloeverashop.eu\\\/shop\\\/\"},{\"@type\":\"ListItem\",\"position\":3,\"name\":\"Zubn\u00e1 Pasta Bez Fluoru Aloe Vera\"}]},{\"@type\":\"WebSite\",\"@id\":\"https:\\\/\\\/www.lraloeverashop.eu\\\/sk\\\/#website\",\"url\":\"https:\\\/\\\/www.lraloeverashop.eu\\\/sk\\\/\",\"name\":\"Lr Obchod Aloe Vera\",\"description\":\"High Quality Lr Aloe Vera Gel, Aloe Vera Cream and Shampoo\",\"publisher\":{\"@id\":\"https:\\\/\\\/www.lraloeverashop.eu\\\/sk\\\/#organization\"},\"potentialAction\":[{\"@type\":\"SearchAction\",\"target\":{\"@type\":\"EntryPoint\",\"urlTemplate\":\"https:\\\/\\\/www.lraloeverashop.eu\\\/sk\\\/?s={search_term_string}\"},\"query-input\":{\"@type\":\"PropertyValueSpecification\",\"valueRequired\":true,\"valueName\":\"search_term_string\"}}],\"inLanguage\":\"sk-SK\"},{\"@type\":\"Organization\",\"@id\":\"https:\\\/\\\/www.lraloeverashop.eu\\\/sk\\\/#organization\",\"name\":\"Lr Obchod Aloe Vera\",\"alternateName\":\"LR\",\"url\":\"https:\\\/\\\/www.lraloeverashop.eu\\\/sk\\\/\",\"logo\":{\"@type\":\"ImageObject\",\"inLanguage\":\"sk-SK\",\"@id\":\"https:\\\/\\\/www.lraloeverashop.eu\\\/sk\\\/#\\\/schema\\\/logo\\\/image\\\/\",\"url\":\"https:\\\/\\\/www.lraloeverashop.eu\\\/wp-content\\\/uploads\\\/2022\\\/09\\\/cropped-Lr-Aloe-Vera-Shop.jpg\",\"contentUrl\":\"https:\\\/\\\/www.lraloeverashop.eu\\\/wp-content\\\/uploads\\\/2022\\\/09\\\/cropped-Lr-Aloe-Vera-Shop.jpg\",\"width\":228,\"height\":76,\"caption\":\"Lr Obchod Aloe Vera\"},\"image\":{\"@id\":\"https:\\\/\\\/www.lraloeverashop.eu\\\/sk\\\/#\\\/schema\\\/logo\\\/image\\\/\"},\"sameAs\":[\"https:\\\/\\\/www.facebook.com\\\/lraloeverashop.eu\",\"https:\\\/\\\/x.com\\\/natur__kosmetik\",\"https:\\\/\\\/www.youtube.com\\\/channel\\\/UC5oN7BJ8nfYb8RpVtjwDEBA\",\"https:\\\/\\\/www.instagram.com\\\/lrbeautyeu\\\/\"],\"description\":\"Obchod Lr Aloe Vera je va\u0161\u00edm d\u00f4veryhodn\u00fdm miestom pre pr\u00e9miov\u00e9 produkty LR Health & Beauty vyroben\u00e9 v Nemecku. Pon\u00fakame vysokokvalitn\u00e9 rie\u0161enia starostlivosti o ple\u0165 s Aloe Vera, v\u00fd\u017eivu a proti starnutiu, vyroben\u00e9 z \u010dist\u00fdch ingredienci\u00ed a podlo\u017een\u00e9 vedeck\u00fdm v\u00fdskumom. Objavte pr\u00edrodn\u00fa starostlivos\u0165, ktor\u00e1 regeneruje, chr\u00e1ni a revitalizuje va\u0161u ple\u0165 \u2013 a vyu\u017eite exkluz\u00edvne mesa\u010dn\u00e9 ponuky na na\u0161e najpred\u00e1vanej\u0161ie produkty LR Aloe Vera.\\nZa\u010dnite svoju cestu za pr\u00edrodnou starostlivos\u0165ou o ple\u0165 e\u0161te dnes a poc\u00ed\u0165te rozdiel.\",\"email\":\"info@lraloeverashop.eu\",\"telephone\":\"+49 17670609653\",\"legalName\":\"Lr Aloe Vera Shop\",\"foundingDate\":\"2018-04-21\",\"numberOfEmployees\":{\"@type\":\"QuantitativeValue\",\"minValue\":\"1\",\"maxValue\":\"10\"}}]}<\/script>\n<meta property=\"product:price:amount\" content=\"7.98\" \/>\n<meta property=\"product:price:currency\" content=\"EUR\" \/>\n<meta property=\"og:availability\" content=\"instock\" \/>\n<meta property=\"product:availability\" content=\"instock\" \/>\n<meta property=\"product:retailer_item_id\" content=\"20690-101SK\" \/>\n<meta property=\"product:condition\" content=\"new\" \/>\n<!-- \/ Yoast SEO Premium plugin. -->","yoast_head_json":{"title":"Zubn\u00e1 Pasta Bez Fluoru Aloe Vera na \u00fa\u010dinnu starostlivos\u0165 o zuby","description":"Zubn\u00e1 Pasta Bez Fluoru Aloe Vera s 43% Aloe Vera gelom a extraktom s Echinacey pom\u00e1ha udr\u017eiava\u0165 zdrav\u00e9 \u010fasn\u00e1, jasn\u00e9 zuby a svie\u017ei dych.","robots":{"index":"index","follow":"follow","max-snippet":"max-snippet:-1","max-image-preview":"max-image-preview:large","max-video-preview":"max-video-preview:-1"},"canonical":"https:\/\/www.lraloeverashop.eu\/sk\/produkt\/aloe-vera-extra-sviezia-zubna-pasta\/","og_locale":"sk_SK","og_type":"article","og_title":"Zubn\u00e1 Pasta Bez Fluoru Aloe Vera","og_description":"Zubn\u00e1 Pasta Bez Fluoru Aloe Vera s 43% Aloe Vera gelom a extraktom s Echinacey pom\u00e1ha udr\u017eiava\u0165 zdrav\u00e9 \u010fasn\u00e1, jasn\u00e9 zuby a svie\u017ei dych.","og_url":"https:\/\/www.lraloeverashop.eu\/sk\/produkt\/aloe-vera-extra-sviezia-zubna-pasta\/","og_site_name":"Lr Obchod Aloe Vera","article_publisher":"https:\/\/www.facebook.com\/lraloeverashop.eu","article_modified_time":"2025-03-29T17:57:57+00:00","og_image":[{"width":1200,"height":1200,"url":"https:\/\/www.lraloeverashop.eu\/wp-content\/uploads\/2022\/10\/Aloe-Vera-Tooth-Gel.jpg","type":"image\/jpeg"}],"twitter_card":"summary_large_image","twitter_site":"@natur__kosmetik","schema":{"@context":"https:\/\/schema.org","@graph":[{"@type":["WebPage","ItemPage"],"@id":"https:\/\/www.lraloeverashop.eu\/sk\/produkt\/aloe-vera-extra-sviezia-zubna-pasta\/","url":"https:\/\/www.lraloeverashop.eu\/sk\/produkt\/aloe-vera-extra-sviezia-zubna-pasta\/","name":"Zubn\u00e1 Pasta Bez Fluoru Aloe Vera na \u00fa\u010dinnu starostlivos\u0165 o zuby","isPartOf":{"@id":"https:\/\/www.lraloeverashop.eu\/sk\/#website"},"primaryImageOfPage":{"@id":"https:\/\/www.lraloeverashop.eu\/sk\/produkt\/aloe-vera-extra-sviezia-zubna-pasta\/#primaryimage"},"image":{"@id":"https:\/\/www.lraloeverashop.eu\/sk\/produkt\/aloe-vera-extra-sviezia-zubna-pasta\/#primaryimage"},"thumbnailUrl":"https:\/\/www.lraloeverashop.eu\/wp-content\/uploads\/2022\/10\/Aloe-Vera-Tooth-Gel.jpg","datePublished":"2022-10-09T13:46:17+00:00","dateModified":"2025-03-29T17:57:57+00:00","description":"Zubn\u00e1 Pasta Bez Fluoru Aloe Vera s 43% Aloe Vera gelom a extraktom s Echinacey pom\u00e1ha udr\u017eiava\u0165 zdrav\u00e9 \u010fasn\u00e1, jasn\u00e9 zuby a svie\u017ei dych.","breadcrumb":{"@id":"https:\/\/www.lraloeverashop.eu\/sk\/produkt\/aloe-vera-extra-sviezia-zubna-pasta\/#breadcrumb"},"inLanguage":"sk-SK","potentialAction":[{"@type":"ReadAction","target":["https:\/\/www.lraloeverashop.eu\/sk\/produkt\/aloe-vera-extra-sviezia-zubna-pasta\/"]}]},{"@type":"ImageObject","inLanguage":"sk-SK","@id":"https:\/\/www.lraloeverashop.eu\/sk\/produkt\/aloe-vera-extra-sviezia-zubna-pasta\/#primaryimage","url":"https:\/\/www.lraloeverashop.eu\/wp-content\/uploads\/2022\/10\/Aloe-Vera-Tooth-Gel.jpg","contentUrl":"https:\/\/www.lraloeverashop.eu\/wp-content\/uploads\/2022\/10\/Aloe-Vera-Tooth-Gel.jpg","width":1200,"height":1200,"caption":"Aloe Vera Extra Svie\u017eia Zubn\u00e1 Pasta pon\u00faka pr\u00edjemn\u00fd pocit svie\u017eosti"},{"@type":"BreadcrumbList","@id":"https:\/\/www.lraloeverashop.eu\/sk\/produkt\/aloe-vera-extra-sviezia-zubna-pasta\/#breadcrumb","itemListElement":[{"@type":"ListItem","position":1,"name":"Home","item":"https:\/\/www.lraloeverashop.eu\/sk\/"},{"@type":"ListItem","position":2,"name":"Obchod","item":"https:\/\/www.lraloeverashop.eu\/shop\/"},{"@type":"ListItem","position":3,"name":"Zubn\u00e1 Pasta Bez Fluoru Aloe Vera"}]},{"@type":"WebSite","@id":"https:\/\/www.lraloeverashop.eu\/sk\/#website","url":"https:\/\/www.lraloeverashop.eu\/sk\/","name":"Lr Obchod Aloe Vera","description":"High Quality Lr Aloe Vera Gel, Aloe Vera Cream and Shampoo","publisher":{"@id":"https:\/\/www.lraloeverashop.eu\/sk\/#organization"},"potentialAction":[{"@type":"SearchAction","target":{"@type":"EntryPoint","urlTemplate":"https:\/\/www.lraloeverashop.eu\/sk\/?s={search_term_string}"},"query-input":{"@type":"PropertyValueSpecification","valueRequired":true,"valueName":"search_term_string"}}],"inLanguage":"sk-SK"},{"@type":"Organization","@id":"https:\/\/www.lraloeverashop.eu\/sk\/#organization","name":"Lr Obchod Aloe Vera","alternateName":"LR","url":"https:\/\/www.lraloeverashop.eu\/sk\/","logo":{"@type":"ImageObject","inLanguage":"sk-SK","@id":"https:\/\/www.lraloeverashop.eu\/sk\/#\/schema\/logo\/image\/","url":"https:\/\/www.lraloeverashop.eu\/wp-content\/uploads\/2022\/09\/cropped-Lr-Aloe-Vera-Shop.jpg","contentUrl":"https:\/\/www.lraloeverashop.eu\/wp-content\/uploads\/2022\/09\/cropped-Lr-Aloe-Vera-Shop.jpg","width":228,"height":76,"caption":"Lr Obchod Aloe Vera"},"image":{"@id":"https:\/\/www.lraloeverashop.eu\/sk\/#\/schema\/logo\/image\/"},"sameAs":["https:\/\/www.facebook.com\/lraloeverashop.eu","https:\/\/x.com\/natur__kosmetik","https:\/\/www.youtube.com\/channel\/UC5oN7BJ8nfYb8RpVtjwDEBA","https:\/\/www.instagram.com\/lrbeautyeu\/"],"description":"Obchod Lr Aloe Vera je va\u0161\u00edm d\u00f4veryhodn\u00fdm miestom pre pr\u00e9miov\u00e9 produkty LR Health & Beauty vyroben\u00e9 v Nemecku. Pon\u00fakame vysokokvalitn\u00e9 rie\u0161enia starostlivosti o ple\u0165 s Aloe Vera, v\u00fd\u017eivu a proti starnutiu, vyroben\u00e9 z \u010dist\u00fdch ingredienci\u00ed a podlo\u017een\u00e9 vedeck\u00fdm v\u00fdskumom. Objavte pr\u00edrodn\u00fa starostlivos\u0165, ktor\u00e1 regeneruje, chr\u00e1ni a revitalizuje va\u0161u ple\u0165 \u2013 a vyu\u017eite exkluz\u00edvne mesa\u010dn\u00e9 ponuky na na\u0161e najpred\u00e1vanej\u0161ie produkty LR Aloe Vera.\nZa\u010dnite svoju cestu za pr\u00edrodnou starostlivos\u0165ou o ple\u0165 e\u0161te dnes a poc\u00ed\u0165te rozdiel.","email":"info@lraloeverashop.eu","telephone":"+49 17670609653","legalName":"Lr Aloe Vera Shop","foundingDate":"2018-04-21","numberOfEmployees":{"@type":"QuantitativeValue","minValue":"1","maxValue":"10"}}]},"product_price_amount":"7.98","product_price_currency":"EUR","og_availability":"instock","product_availability":"instock","product_retailer_item_id":"20690-101SK","product_condition":"new"},"taxonomy_info":{"product_cat":[{"value":216,"label":"Aloe Vera"},{"value":258,"label":"Zubn\u00e1 starostlivos\u0165"}],"product_tag":[{"value":562,"label":"\u010fasn\u00e1"},{"value":567,"label":"Zuby"}]},"featured_image_src_large":["https:\/\/www.lraloeverashop.eu\/wp-content\/uploads\/2022\/10\/Aloe-Vera-Tooth-Gel-1024x1024.jpg",1024,1024,true],"author_info":[],"comment_info":0,"_links":{"self":[{"href":"https:\/\/www.lraloeverashop.eu\/sk\/wp-json\/wp\/v2\/product\/10825","targetHints":{"allow":["GET"]}}],"collection":[{"href":"https:\/\/www.lraloeverashop.eu\/sk\/wp-json\/wp\/v2\/product"}],"about":[{"href":"https:\/\/www.lraloeverashop.eu\/sk\/wp-json\/wp\/v2\/types\/product"}],"replies":[{"embeddable":true,"href":"https:\/\/www.lraloeverashop.eu\/sk\/wp-json\/wp\/v2\/comments?post=10825"}],"wp:featuredmedia":[{"embeddable":true,"href":"https:\/\/www.lraloeverashop.eu\/sk\/wp-json\/wp\/v2\/media\/4810"}],"wp:attachment":[{"href":"https:\/\/www.lraloeverashop.eu\/sk\/wp-json\/wp\/v2\/media?parent=10825"}],"wp:term":[{"taxonomy":"product_brand","embeddable":true,"href":"https:\/\/www.lraloeverashop.eu\/sk\/wp-json\/wp\/v2\/product_brand?post=10825"},{"taxonomy":"product_cat","embeddable":true,"href":"https:\/\/www.lraloeverashop.eu\/sk\/wp-json\/wp\/v2\/product_cat?post=10825"},{"taxonomy":"product_tag","embeddable":true,"href":"https:\/\/www.lraloeverashop.eu\/sk\/wp-json\/wp\/v2\/product_tag?post=10825"}],"curies":[{"name":"wp","href":"https:\/\/api.w.org\/{rel}","templated":true}]}}