{"id":10800,"date":"2022-10-09T17:04:18","date_gmt":"2022-10-09T15:04:18","guid":{"rendered":"https:\/\/www.lraloeverashop.eu\/product\/aloe-vera-seria-pre-muzov-iii\/"},"modified":"2025-03-29T18:57:44","modified_gmt":"2025-03-29T17:57:44","slug":"aloe-vera-seria-pre-muzov-iii","status":"publish","type":"product","link":"https:\/\/www.lraloeverashop.eu\/sk\/produkt\/aloe-vera-seria-pre-muzov-iii\/","title":{"rendered":"Aloe Vera S\u00e9ria Pre Mu\u017eov III"},"content":{"rendered":"<h2><span style=\"font-size: 16pt;\">Aloe Vera S\u00e9ria Pre Mu\u017eov III<\/span><\/h2>\n<p><strong><span style=\"font-size: 14pt;\">Aloe Vera S\u00e9ria Pre Mu\u017eov III &#8211; V\u0161etko, \u010do mu\u017e potrebuje na ka\u017edodenn\u00fa starostlivos\u0165!<\/span><\/strong><\/p>\n<p>Je pre v\u00e1s d\u00f4le\u017eit\u00e9, aby ste boli v\u017edy \u010do najlep\u0161\u00ed? S t\u00fdmto bal\u00edkom starostlivosti Aloe Vera S\u00e9ria Pre Mu\u017eov III zo seba dostanete maximum! Funk\u010dn\u00e9 ritu\u00e1ly starostlivosti pre skuto\u010dn\u00fdch chlapov s revitaliza\u010dn\u00fdm organick\u00fdm chme\u013eov\u00fdm extraktom, hydrata\u010dn\u00fdm aloe vera a mu\u017enou drevitou v\u00f4\u0148ou.<\/p>\n<p>&nbsp;<\/p>\n<p><strong>Aloe Vera Set obsahuje:<\/strong><\/p>\n<p><a href=\"https:\/\/www.lraloeverashop.eu\/sk\/produkt\/aloe-vera-pansky-esencialny-sampon\/\"><strong>Aloe Vera P\u00e1nsky Esenci\u00e1lny \u0160amp\u00f3n<\/strong><\/a> na Telo, Tv\u00e1r. Vlasy a F\u00fazy s aloe vera a organick\u00fdm chme\u013eov\u00fdm extraktom. Esenci\u00e1lny \u0160amp\u00f3n jemne \u010dist\u00ed a osvie\u017euje cel\u00e9 telo v jednom \u0165ahu.<\/p>\n<p>Praktick\u00fd sprchov\u00fd pr\u00edpravok s 15% aloe vera a organick\u00fdm extraktom z chme\u013eu. Neodolate\u013en\u00e1, svie\u017ea, drevit\u00e1 v\u00f4\u0148a dotv\u00e1ra z\u00e1\u017eitok zo sprchovania.<\/p>\n<p><a href=\"https:\/\/www.lraloeverashop.eu\/sk\/produkt\/aloe-vera-pansky-esencialny-olej-na-tvar-a-fuzy\/\"><strong>Aloe Vera P\u00e1nsky esenci\u00e1lny olej na tv\u00e1r a f\u00fazy 2v1<\/strong><\/a> s okam\u017eitou pru\u017enos\u0165ou pre va\u0161u poko\u017eku a f\u00fazy! S aloe vera a organick\u00fdm v\u00fd\u0165a\u017ekom z chme\u013eu chr\u00e1ni va\u0161u poko\u017eku a f\u00fazy pred stratou hydrat\u00e1cie. Olej na Bradu Aloe Vera sa star\u00e1 o poko\u017eku a vlasy, zmier\u0148uje svrbenie a zanech\u00e1va poko\u017eku pru\u017en\u00fa a upraven\u00fa.<\/p>\n<p><a href=\"https:\/\/www.lraloeverashop.eu\/sk\/produkt\/aloe-vera-stylingovy-balzam-na-vlasy-a-fuzy\/\"><strong>Stylingov\u00fd balzam na vlasy a bradu 2v1<\/strong><\/a> dod\u00e1va vlasom pevnos\u0165 a zais\u0165uje dokonal\u00fd \u0161t\u00fdl brady a \u00fa\u010desu. S 15% aloe vera a organick\u00fdm extraktom z chme\u013eu hydratuje, skrot\u00ed krepovit\u00e9 vlasy a zlep\u0161uje ich roz\u010des\u00e1vanie. V sprievode drevito-svie\u017eej v\u00f4ne dost\u00e1vaj\u00fa f\u00fazy a vlasy prirodzen\u00fd lesk a \u0161t\u00fdlov\u00fd vzh\u013ead. M\u00f4\u017ee zabr\u00e1ni\u0165 dedi\u010dn\u00e9mu vypad\u00e1vaniu vlasov.<\/p>\n<p>&nbsp;<\/p>\n<h3><span style=\"font-size: 16pt;\">Vedeli ste?<\/span><\/h3>\n<p>Organick\u00fd chme\u013eov\u00fd extrakt je v kozmetike zn\u00e1my pre svoju starostlivos\u0165 o poko\u017eku a upokojuj\u00face vlastnosti. Vysok\u00fd po\u010det flavonoidov pon\u00faka dobr\u00fa v\u0161estrann\u00fa ochranu pred vo\u013en\u00fdmi radik\u00e1lmi. Zlo\u017eky Kamperol a Quercetin maj\u00fa siln\u00fd antioxida\u010dn\u00fd \u00fa\u010dinok a zais\u0165uj\u00fa hebk\u00fa, dobre upraven\u00fa poko\u017eku. Chme\u013e tie\u017e upokojuje poko\u017eku hlavy a dod\u00e1va vlasom silu a plnos\u0165.<\/p>\n<p>Aloe Vera S\u00e9ria Pre Mu\u017eov III obsahuje Aloe Vera 4v1 sprchov\u00fd g\u00e9l na tv\u00e1r, telo, vlasy a f\u00fazy (250 ml) + Aloe Vera 2v1 olej na tv\u00e1r a f\u00fazy (30 ml) + Aloe Vera 2v1 stylingov\u00fd balzam na vlasy a bradu (50 ml)<\/p>\n","protected":false},"excerpt":{"rendered":"<ul>\n<li>Perfektne \u010distenie od hlavy a\u017e po p\u00e4ty<\/li>\n<li>S 15 % aloe vera a organick\u00fdm v\u00fd\u0165a\u017ekom z chme\u013eu<\/li>\n<li>1 x Esenci\u00e1lny Olej na tv\u00e1r a f\u00fazy,<\/li>\n<li>1 x \u0160amp\u00f3n na Telo, Tv\u00e1r. Vlasy a F\u00fazy<\/li>\n<li>1 x balzam na \u00fapravu vlasov a brady<\/li>\n<li>Vyroben\u00e9 v Nemecku<\/li>\n<\/ul>\n<p>&nbsp;<\/p>\n","protected":false},"featured_media":4840,"comment_status":"open","ping_status":"closed","template":"","meta":{"_kad_blocks_custom_css":"","_kad_blocks_head_custom_js":"","_kad_blocks_body_custom_js":"","_kad_blocks_footer_custom_js":"","_kadence_starter_templates_imported_post":false,"_kad_post_transparent":"default","_kad_post_title":"","_kad_post_layout":"default","_kad_post_sidebar_id":"","_kad_post_content_style":"default","_kad_post_vertical_padding":"default","_kad_post_feature":"","_kad_post_feature_position":"","_kad_post_header":false,"_kad_post_footer":false,"_kad_post_classname":""},"product_brand":[],"product_cat":[216,252,355],"product_tag":[523,565],"class_list":{"0":"post-10800","1":"product","2":"type-product","3":"status-publish","4":"has-post-thumbnail","6":"product_cat-aloe-vera-sk","7":"product_cat-starostlivost-pre-muzov","8":"product_cat-zlavy","9":"product_tag-brada","10":"product_tag-produkty-pre-muzov","12":"first","13":"outofstock","14":"sale","15":"taxable","16":"shipping-taxable","17":"purchasable","18":"product-type-simple","19":"entry","20":"content-bg","21":"loop-entry"},"yoast_head":"<!-- This site is optimized with the Yoast SEO Premium plugin v27.5 (Yoast SEO v27.5) - https:\/\/yoast.com\/product\/yoast-seo-premium-wordpress\/ -->\n<title>Aloe Vera S\u00e9ria Pre Mu\u017eov III na ka\u017edodenn\u00fa starostlivos\u0165!<\/title>\n<meta name=\"description\" content=\"Aloe Vera S\u00e9ria Pre Mu\u017eov III ponuka Esenci\u00e1lny Olej na tv\u00e1r a f\u00fazy, \u0160amp\u00f3n a balzam na \u00fapravu vlasov a brady. Ritu\u00e1l starostlivosti pre skuto\u010dn\u00fdch chlapov\" \/>\n<meta name=\"robots\" content=\"index, follow, max-snippet:-1, max-image-preview:large, max-video-preview:-1\" \/>\n<link rel=\"canonical\" href=\"https:\/\/www.lraloeverashop.eu\/sk\/produkt\/aloe-vera-seria-pre-muzov-iii\/\" \/>\n<meta property=\"og:locale\" content=\"sk_SK\" \/>\n<meta property=\"og:type\" content=\"article\" \/>\n<meta property=\"og:title\" content=\"Aloe Vera S\u00e9ria Pre Mu\u017eov III\" \/>\n<meta property=\"og:description\" content=\"Aloe Vera S\u00e9ria Pre Mu\u017eov III ponuka Esenci\u00e1lny Olej na tv\u00e1r a f\u00fazy, \u0160amp\u00f3n a balzam na \u00fapravu vlasov a brady. Ritu\u00e1l starostlivosti pre skuto\u010dn\u00fdch chlapov\" \/>\n<meta property=\"og:url\" content=\"https:\/\/www.lraloeverashop.eu\/sk\/produkt\/aloe-vera-seria-pre-muzov-iii\/\" \/>\n<meta property=\"og:site_name\" content=\"Lr Obchod Aloe Vera\" \/>\n<meta property=\"article:publisher\" content=\"https:\/\/www.facebook.com\/lraloeverashop.eu\" \/>\n<meta property=\"article:modified_time\" content=\"2025-03-29T17:57:44+00:00\" \/>\n<meta property=\"og:image\" content=\"https:\/\/www.lraloeverashop.eu\/wp-content\/uploads\/2022\/10\/Lr-Aloe-Vera-Men-Set-III.jpg\" \/>\n\t<meta property=\"og:image:width\" content=\"1200\" \/>\n\t<meta property=\"og:image:height\" content=\"1200\" \/>\n\t<meta property=\"og:image:type\" content=\"image\/jpeg\" \/>\n<meta name=\"twitter:card\" content=\"summary_large_image\" \/>\n<meta name=\"twitter:site\" content=\"@natur__kosmetik\" \/>\n<script type=\"application\/ld+json\" class=\"yoast-schema-graph\">{\"@context\":\"https:\\\/\\\/schema.org\",\"@graph\":[{\"@type\":[\"WebPage\",\"ItemPage\"],\"@id\":\"https:\\\/\\\/www.lraloeverashop.eu\\\/sk\\\/produkt\\\/aloe-vera-seria-pre-muzov-iii\\\/\",\"url\":\"https:\\\/\\\/www.lraloeverashop.eu\\\/sk\\\/produkt\\\/aloe-vera-seria-pre-muzov-iii\\\/\",\"name\":\"Aloe Vera S\u00e9ria Pre Mu\u017eov III na ka\u017edodenn\u00fa starostlivos\u0165!\",\"isPartOf\":{\"@id\":\"https:\\\/\\\/www.lraloeverashop.eu\\\/sk\\\/#website\"},\"primaryImageOfPage\":{\"@id\":\"https:\\\/\\\/www.lraloeverashop.eu\\\/sk\\\/produkt\\\/aloe-vera-seria-pre-muzov-iii\\\/#primaryimage\"},\"image\":{\"@id\":\"https:\\\/\\\/www.lraloeverashop.eu\\\/sk\\\/produkt\\\/aloe-vera-seria-pre-muzov-iii\\\/#primaryimage\"},\"thumbnailUrl\":\"https:\\\/\\\/www.lraloeverashop.eu\\\/wp-content\\\/uploads\\\/2022\\\/10\\\/Lr-Aloe-Vera-Men-Set-III.jpg\",\"datePublished\":\"2022-10-09T15:04:18+00:00\",\"dateModified\":\"2025-03-29T17:57:44+00:00\",\"description\":\"Aloe Vera S\u00e9ria Pre Mu\u017eov III ponuka Esenci\u00e1lny Olej na tv\u00e1r a f\u00fazy, \u0160amp\u00f3n a balzam na \u00fapravu vlasov a brady. Ritu\u00e1l starostlivosti pre skuto\u010dn\u00fdch chlapov\",\"breadcrumb\":{\"@id\":\"https:\\\/\\\/www.lraloeverashop.eu\\\/sk\\\/produkt\\\/aloe-vera-seria-pre-muzov-iii\\\/#breadcrumb\"},\"inLanguage\":\"sk-SK\",\"potentialAction\":[{\"@type\":\"ReadAction\",\"target\":[\"https:\\\/\\\/www.lraloeverashop.eu\\\/sk\\\/produkt\\\/aloe-vera-seria-pre-muzov-iii\\\/\"]}]},{\"@type\":\"ImageObject\",\"inLanguage\":\"sk-SK\",\"@id\":\"https:\\\/\\\/www.lraloeverashop.eu\\\/sk\\\/produkt\\\/aloe-vera-seria-pre-muzov-iii\\\/#primaryimage\",\"url\":\"https:\\\/\\\/www.lraloeverashop.eu\\\/wp-content\\\/uploads\\\/2022\\\/10\\\/Lr-Aloe-Vera-Men-Set-III.jpg\",\"contentUrl\":\"https:\\\/\\\/www.lraloeverashop.eu\\\/wp-content\\\/uploads\\\/2022\\\/10\\\/Lr-Aloe-Vera-Men-Set-III.jpg\",\"width\":1200,\"height\":1200,\"caption\":\"Lr Aloe Vera S\u00e9ria Pre Mu\u017eov III pre ka\u017edodenn\u00fa starostlivos\u0165\"},{\"@type\":\"BreadcrumbList\",\"@id\":\"https:\\\/\\\/www.lraloeverashop.eu\\\/sk\\\/produkt\\\/aloe-vera-seria-pre-muzov-iii\\\/#breadcrumb\",\"itemListElement\":[{\"@type\":\"ListItem\",\"position\":1,\"name\":\"Home\",\"item\":\"https:\\\/\\\/www.lraloeverashop.eu\\\/sk\\\/aloe-vera-obchod-vsetko-pre-vasu-krasu-a-pohodu\\\/\"},{\"@type\":\"ListItem\",\"position\":2,\"name\":\"Obchod\",\"item\":\"https:\\\/\\\/www.lraloeverashop.eu\\\/sk\\\/obchod\\\/\"},{\"@type\":\"ListItem\",\"position\":3,\"name\":\"Aloe Vera S\u00e9ria Pre Mu\u017eov III\"}]},{\"@type\":\"WebSite\",\"@id\":\"https:\\\/\\\/www.lraloeverashop.eu\\\/sk\\\/#website\",\"url\":\"https:\\\/\\\/www.lraloeverashop.eu\\\/sk\\\/\",\"name\":\"Lr Obchod Aloe Vera\",\"description\":\"High Quality Lr Aloe Vera Gel, Aloe Vera Cream and Shampoo\",\"publisher\":{\"@id\":\"https:\\\/\\\/www.lraloeverashop.eu\\\/sk\\\/#organization\"},\"alternateName\":\"LR\",\"potentialAction\":[{\"@type\":\"SearchAction\",\"target\":{\"@type\":\"EntryPoint\",\"urlTemplate\":\"https:\\\/\\\/www.lraloeverashop.eu\\\/sk\\\/?s={search_term_string}\"},\"query-input\":{\"@type\":\"PropertyValueSpecification\",\"valueRequired\":true,\"valueName\":\"search_term_string\"}}],\"inLanguage\":\"sk-SK\"},{\"@type\":\"Organization\",\"@id\":\"https:\\\/\\\/www.lraloeverashop.eu\\\/sk\\\/#organization\",\"name\":\"Lr Obchod Aloe Vera\",\"alternateName\":\"LR\",\"url\":\"https:\\\/\\\/www.lraloeverashop.eu\\\/sk\\\/\",\"logo\":{\"@type\":\"ImageObject\",\"inLanguage\":\"sk-SK\",\"@id\":\"https:\\\/\\\/www.lraloeverashop.eu\\\/sk\\\/#\\\/schema\\\/logo\\\/image\\\/\",\"url\":\"https:\\\/\\\/www.lraloeverashop.eu\\\/wp-content\\\/uploads\\\/2022\\\/09\\\/cropped-Lr-Aloe-Vera-Shop.jpg\",\"contentUrl\":\"https:\\\/\\\/www.lraloeverashop.eu\\\/wp-content\\\/uploads\\\/2022\\\/09\\\/cropped-Lr-Aloe-Vera-Shop.jpg\",\"width\":228,\"height\":76,\"caption\":\"Lr Obchod Aloe Vera\"},\"image\":{\"@id\":\"https:\\\/\\\/www.lraloeverashop.eu\\\/sk\\\/#\\\/schema\\\/logo\\\/image\\\/\"},\"sameAs\":[\"https:\\\/\\\/www.facebook.com\\\/lraloeverashop.eu\",\"https:\\\/\\\/x.com\\\/natur__kosmetik\",\"https:\\\/\\\/www.youtube.com\\\/channel\\\/UC5oN7BJ8nfYb8RpVtjwDEBA\",\"https:\\\/\\\/www.instagram.com\\\/lrbeautyeu\\\/\"],\"description\":\"Obchod Lr Aloe Vera je va\u0161\u00edm d\u00f4veryhodn\u00fdm miestom pre pr\u00e9miov\u00e9 produkty LR Health & Beauty vyroben\u00e9 v Nemecku. Pon\u00fakame vysokokvalitn\u00e9 rie\u0161enia starostlivosti o ple\u0165 s Aloe Vera, v\u00fd\u017eivu a proti starnutiu, vyroben\u00e9 z \u010dist\u00fdch ingredienci\u00ed a podlo\u017een\u00e9 vedeck\u00fdm v\u00fdskumom. Objavte pr\u00edrodn\u00fa starostlivos\u0165, ktor\u00e1 regeneruje, chr\u00e1ni a revitalizuje va\u0161u ple\u0165 \u2013 a vyu\u017eite exkluz\u00edvne mesa\u010dn\u00e9 ponuky na na\u0161e najpred\u00e1vanej\u0161ie produkty LR Aloe Vera.\\nZa\u010dnite svoju cestu za pr\u00edrodnou starostlivos\u0165ou o ple\u0165 e\u0161te dnes a poc\u00ed\u0165te rozdiel.\",\"email\":\"info@lraloeverashop.eu\",\"telephone\":\"+49 17670609653\",\"legalName\":\"Lr Aloe Vera Shop\",\"foundingDate\":\"2018-04-21\",\"numberOfEmployees\":{\"@type\":\"QuantitativeValue\",\"minValue\":\"1\",\"maxValue\":\"10\"}}]}<\/script>\n<meta property=\"product:price:amount\" content=\"43.99\" \/>\n<meta property=\"product:price:currency\" content=\"EUR\" \/>\n<meta property=\"og:availability\" content=\"out of stock\" \/>\n<meta property=\"product:availability\" content=\"out of stock\" \/>\n<meta property=\"product:retailer_item_id\" content=\"20441-1SK\" \/>\n<meta property=\"product:condition\" content=\"new\" \/>\n<!-- \/ Yoast SEO Premium plugin. -->","yoast_head_json":{"title":"Aloe Vera S\u00e9ria Pre Mu\u017eov III na ka\u017edodenn\u00fa starostlivos\u0165!","description":"Aloe Vera S\u00e9ria Pre Mu\u017eov III ponuka Esenci\u00e1lny Olej na tv\u00e1r a f\u00fazy, \u0160amp\u00f3n a balzam na \u00fapravu vlasov a brady. Ritu\u00e1l starostlivosti pre skuto\u010dn\u00fdch chlapov","robots":{"index":"index","follow":"follow","max-snippet":"max-snippet:-1","max-image-preview":"max-image-preview:large","max-video-preview":"max-video-preview:-1"},"canonical":"https:\/\/www.lraloeverashop.eu\/sk\/produkt\/aloe-vera-seria-pre-muzov-iii\/","og_locale":"sk_SK","og_type":"article","og_title":"Aloe Vera S\u00e9ria Pre Mu\u017eov III","og_description":"Aloe Vera S\u00e9ria Pre Mu\u017eov III ponuka Esenci\u00e1lny Olej na tv\u00e1r a f\u00fazy, \u0160amp\u00f3n a balzam na \u00fapravu vlasov a brady. Ritu\u00e1l starostlivosti pre skuto\u010dn\u00fdch chlapov","og_url":"https:\/\/www.lraloeverashop.eu\/sk\/produkt\/aloe-vera-seria-pre-muzov-iii\/","og_site_name":"Lr Obchod Aloe Vera","article_publisher":"https:\/\/www.facebook.com\/lraloeverashop.eu","article_modified_time":"2025-03-29T17:57:44+00:00","og_image":[{"width":1200,"height":1200,"url":"https:\/\/www.lraloeverashop.eu\/wp-content\/uploads\/2022\/10\/Lr-Aloe-Vera-Men-Set-III.jpg","type":"image\/jpeg"}],"twitter_card":"summary_large_image","twitter_site":"@natur__kosmetik","schema":{"@context":"https:\/\/schema.org","@graph":[{"@type":["WebPage","ItemPage"],"@id":"https:\/\/www.lraloeverashop.eu\/sk\/produkt\/aloe-vera-seria-pre-muzov-iii\/","url":"https:\/\/www.lraloeverashop.eu\/sk\/produkt\/aloe-vera-seria-pre-muzov-iii\/","name":"Aloe Vera S\u00e9ria Pre Mu\u017eov III na ka\u017edodenn\u00fa starostlivos\u0165!","isPartOf":{"@id":"https:\/\/www.lraloeverashop.eu\/sk\/#website"},"primaryImageOfPage":{"@id":"https:\/\/www.lraloeverashop.eu\/sk\/produkt\/aloe-vera-seria-pre-muzov-iii\/#primaryimage"},"image":{"@id":"https:\/\/www.lraloeverashop.eu\/sk\/produkt\/aloe-vera-seria-pre-muzov-iii\/#primaryimage"},"thumbnailUrl":"https:\/\/www.lraloeverashop.eu\/wp-content\/uploads\/2022\/10\/Lr-Aloe-Vera-Men-Set-III.jpg","datePublished":"2022-10-09T15:04:18+00:00","dateModified":"2025-03-29T17:57:44+00:00","description":"Aloe Vera S\u00e9ria Pre Mu\u017eov III ponuka Esenci\u00e1lny Olej na tv\u00e1r a f\u00fazy, \u0160amp\u00f3n a balzam na \u00fapravu vlasov a brady. Ritu\u00e1l starostlivosti pre skuto\u010dn\u00fdch chlapov","breadcrumb":{"@id":"https:\/\/www.lraloeverashop.eu\/sk\/produkt\/aloe-vera-seria-pre-muzov-iii\/#breadcrumb"},"inLanguage":"sk-SK","potentialAction":[{"@type":"ReadAction","target":["https:\/\/www.lraloeverashop.eu\/sk\/produkt\/aloe-vera-seria-pre-muzov-iii\/"]}]},{"@type":"ImageObject","inLanguage":"sk-SK","@id":"https:\/\/www.lraloeverashop.eu\/sk\/produkt\/aloe-vera-seria-pre-muzov-iii\/#primaryimage","url":"https:\/\/www.lraloeverashop.eu\/wp-content\/uploads\/2022\/10\/Lr-Aloe-Vera-Men-Set-III.jpg","contentUrl":"https:\/\/www.lraloeverashop.eu\/wp-content\/uploads\/2022\/10\/Lr-Aloe-Vera-Men-Set-III.jpg","width":1200,"height":1200,"caption":"Lr Aloe Vera S\u00e9ria Pre Mu\u017eov III pre ka\u017edodenn\u00fa starostlivos\u0165"},{"@type":"BreadcrumbList","@id":"https:\/\/www.lraloeverashop.eu\/sk\/produkt\/aloe-vera-seria-pre-muzov-iii\/#breadcrumb","itemListElement":[{"@type":"ListItem","position":1,"name":"Home","item":"https:\/\/www.lraloeverashop.eu\/sk\/aloe-vera-obchod-vsetko-pre-vasu-krasu-a-pohodu\/"},{"@type":"ListItem","position":2,"name":"Obchod","item":"https:\/\/www.lraloeverashop.eu\/sk\/obchod\/"},{"@type":"ListItem","position":3,"name":"Aloe Vera S\u00e9ria Pre Mu\u017eov III"}]},{"@type":"WebSite","@id":"https:\/\/www.lraloeverashop.eu\/sk\/#website","url":"https:\/\/www.lraloeverashop.eu\/sk\/","name":"Lr Obchod Aloe Vera","description":"High Quality Lr Aloe Vera Gel, Aloe Vera Cream and Shampoo","publisher":{"@id":"https:\/\/www.lraloeverashop.eu\/sk\/#organization"},"alternateName":"LR","potentialAction":[{"@type":"SearchAction","target":{"@type":"EntryPoint","urlTemplate":"https:\/\/www.lraloeverashop.eu\/sk\/?s={search_term_string}"},"query-input":{"@type":"PropertyValueSpecification","valueRequired":true,"valueName":"search_term_string"}}],"inLanguage":"sk-SK"},{"@type":"Organization","@id":"https:\/\/www.lraloeverashop.eu\/sk\/#organization","name":"Lr Obchod Aloe Vera","alternateName":"LR","url":"https:\/\/www.lraloeverashop.eu\/sk\/","logo":{"@type":"ImageObject","inLanguage":"sk-SK","@id":"https:\/\/www.lraloeverashop.eu\/sk\/#\/schema\/logo\/image\/","url":"https:\/\/www.lraloeverashop.eu\/wp-content\/uploads\/2022\/09\/cropped-Lr-Aloe-Vera-Shop.jpg","contentUrl":"https:\/\/www.lraloeverashop.eu\/wp-content\/uploads\/2022\/09\/cropped-Lr-Aloe-Vera-Shop.jpg","width":228,"height":76,"caption":"Lr Obchod Aloe Vera"},"image":{"@id":"https:\/\/www.lraloeverashop.eu\/sk\/#\/schema\/logo\/image\/"},"sameAs":["https:\/\/www.facebook.com\/lraloeverashop.eu","https:\/\/x.com\/natur__kosmetik","https:\/\/www.youtube.com\/channel\/UC5oN7BJ8nfYb8RpVtjwDEBA","https:\/\/www.instagram.com\/lrbeautyeu\/"],"description":"Obchod Lr Aloe Vera je va\u0161\u00edm d\u00f4veryhodn\u00fdm miestom pre pr\u00e9miov\u00e9 produkty LR Health & Beauty vyroben\u00e9 v Nemecku. Pon\u00fakame vysokokvalitn\u00e9 rie\u0161enia starostlivosti o ple\u0165 s Aloe Vera, v\u00fd\u017eivu a proti starnutiu, vyroben\u00e9 z \u010dist\u00fdch ingredienci\u00ed a podlo\u017een\u00e9 vedeck\u00fdm v\u00fdskumom. Objavte pr\u00edrodn\u00fa starostlivos\u0165, ktor\u00e1 regeneruje, chr\u00e1ni a revitalizuje va\u0161u ple\u0165 \u2013 a vyu\u017eite exkluz\u00edvne mesa\u010dn\u00e9 ponuky na na\u0161e najpred\u00e1vanej\u0161ie produkty LR Aloe Vera.\nZa\u010dnite svoju cestu za pr\u00edrodnou starostlivos\u0165ou o ple\u0165 e\u0161te dnes a poc\u00ed\u0165te rozdiel.","email":"info@lraloeverashop.eu","telephone":"+49 17670609653","legalName":"Lr Aloe Vera Shop","foundingDate":"2018-04-21","numberOfEmployees":{"@type":"QuantitativeValue","minValue":"1","maxValue":"10"}}]},"product_price_amount":"43.99","product_price_currency":"EUR","og_availability":"out of stock","product_availability":"out of stock","product_retailer_item_id":"20441-1SK","product_condition":"new"},"taxonomy_info":{"product_cat":[{"value":216,"label":"Aloe Vera"},{"value":252,"label":"Starostlivos\u0165 pre mu\u017eov"},{"value":355,"label":"Z\u013eavy"}],"product_tag":[{"value":523,"label":"Brada"},{"value":565,"label":"Produkty pre mu\u017eov"}]},"featured_image_src_large":["https:\/\/www.lraloeverashop.eu\/wp-content\/uploads\/2022\/10\/Lr-Aloe-Vera-Men-Set-III-1024x1024.jpg",1024,1024,true],"author_info":[],"comment_info":0,"_links":{"self":[{"href":"https:\/\/www.lraloeverashop.eu\/sk\/wp-json\/wp\/v2\/product\/10800","targetHints":{"allow":["GET"]}}],"collection":[{"href":"https:\/\/www.lraloeverashop.eu\/sk\/wp-json\/wp\/v2\/product"}],"about":[{"href":"https:\/\/www.lraloeverashop.eu\/sk\/wp-json\/wp\/v2\/types\/product"}],"replies":[{"embeddable":true,"href":"https:\/\/www.lraloeverashop.eu\/sk\/wp-json\/wp\/v2\/comments?post=10800"}],"wp:featuredmedia":[{"embeddable":true,"href":"https:\/\/www.lraloeverashop.eu\/sk\/wp-json\/wp\/v2\/media\/4840"}],"wp:attachment":[{"href":"https:\/\/www.lraloeverashop.eu\/sk\/wp-json\/wp\/v2\/media?parent=10800"}],"wp:term":[{"taxonomy":"product_brand","embeddable":true,"href":"https:\/\/www.lraloeverashop.eu\/sk\/wp-json\/wp\/v2\/product_brand?post=10800"},{"taxonomy":"product_cat","embeddable":true,"href":"https:\/\/www.lraloeverashop.eu\/sk\/wp-json\/wp\/v2\/product_cat?post=10800"},{"taxonomy":"product_tag","embeddable":true,"href":"https:\/\/www.lraloeverashop.eu\/sk\/wp-json\/wp\/v2\/product_tag?post=10800"}],"curies":[{"name":"wp","href":"https:\/\/api.w.org\/{rel}","templated":true}]}}