{"id":10752,"date":"2022-10-09T18:00:44","date_gmt":"2022-10-09T16:00:44","guid":{"rendered":"https:\/\/www.lraloeverashop.eu\/product\/aloe-vera-upokojujuca-pena-na-holenie\/"},"modified":"2025-10-19T15:29:19","modified_gmt":"2025-10-19T13:29:19","slug":"aloe-vera-upokojujuca-pena-na-holenie","status":"publish","type":"product","link":"https:\/\/www.lraloeverashop.eu\/sk\/produkt\/aloe-vera-upokojujuca-pena-na-holenie\/","title":{"rendered":"Pena na Holenie Aloe Vera"},"content":{"rendered":"<h2><span style=\"font-size: 16pt;\"><strong>Pena na Holenie Aloe Vera<\/strong><\/span><\/h2>\n<p><span style=\"font-size: 14pt;\"><strong>Pena na Holenie Aloe Vera Pre efekt\u00edvne a d\u00f4kladn\u00e9 oholenie<\/strong><\/span><\/p>\n<p>Chcete za\u010da\u0165 d\u00f4kladn\u00e9 a efekt\u00edvne oholenie bez podr\u00e1\u017edenia poko\u017eky? Aloe Vera Upokojuj\u00faca Pena Vam v tom pom\u00f4\u017ee. V\u010faka vysok\u00e9mu obsahu Aloe Vera 30% je ko\u017ea upokojen\u00e1 a vybaven\u00e1 dostato\u010dnou <a href=\"https:\/\/www.lraloeverashop.eu\/sk\/produkt\/cistiaca-pena-na-tvar\/\">vlhkos\u0165ou<\/a>.<\/p>\n<p>Lr Aloe Vera s\u00e9ria P\u00e1nska starostlivos\u0165 je dokonale prisp\u00f4soben\u00e1 \u0161peci\u00e1lnym po\u017eiadavk\u00e1m mu\u017eskej poko\u017eky, a to v\u010faka \u0161peci\u00e1lnej kombin\u00e1cii hydrata\u010dnej Aloe Vera a upokojuj\u00facej extrakcii organick\u00e9ho nechtika.<\/p>\n<p>Je to klasick\u00fd produkt <a href=\"https:\/\/www.lraloeverashop.eu\/sk\/produkt\/aloe-vera-upokojujuci-gel-na-holenie\/\">na mokr\u00e9 holenie<\/a>. V\u00fdhody spo\u010d\u00edvaj\u00fa v \u013eahkej manipul\u00e1cii, presnom d\u00e1vkovan\u00ed a st\u00e1lej kvalite peny.<\/p>\n<p>&nbsp;<\/p>\n<h3><span style=\"font-size: 16pt;\"><strong>Ako pou\u017e\u00edva\u0165<\/strong><\/span><\/h3>\n<p>Naneste mal\u00e9 mno\u017estvo priamo na vlhk\u00fa poko\u017eku a d\u00f4kladne rozotrite. Nechajte kr\u00e1tko p\u00f4sobi\u0165 a pustite sa do mokr\u00e9ho holenia.<\/p>\n","protected":false},"excerpt":{"rendered":"<ul>\n<li>S 30% aloe vera<\/li>\n<li>Upokojuje poko\u017eku a chr\u00e1ni ju pred podr\u00e1\u017eden\u00edm<\/li>\n<li>Pena hydratuje a vy\u017eivuje e\u0161te pred holen\u00edm<\/li>\n<li>Oholen\u00e1 poko\u017eka je hladk\u00e1 a jemn\u00e1<\/li>\n<li>Pre efekt\u00edvne a d\u00f4kladn\u00e9 oholenie<\/li>\n<li>Obsah: 200 ml<\/li>\n<\/ul>\n<p>&nbsp;<\/p>\n","protected":false},"featured_media":4870,"comment_status":"open","ping_status":"closed","template":"","meta":{"_kad_blocks_custom_css":"","_kad_blocks_head_custom_js":"","_kad_blocks_body_custom_js":"","_kad_blocks_footer_custom_js":"","_kadence_starter_templates_imported_post":false,"_kad_post_transparent":"default","_kad_post_title":"","_kad_post_layout":"default","_kad_post_sidebar_id":"","_kad_post_content_style":"default","_kad_post_vertical_padding":"default","_kad_post_feature":"","_kad_post_feature_position":"","_kad_post_header":false,"_kad_post_footer":false,"_kad_post_classname":""},"product_brand":[],"product_cat":[216,252],"product_tag":[523,565],"class_list":{"0":"post-10752","1":"product","2":"type-product","3":"status-publish","4":"has-post-thumbnail","6":"product_cat-aloe-vera-sk","7":"product_cat-starostlivost-pre-muzov","8":"product_tag-brada","9":"product_tag-produkty-pre-muzov","11":"first","12":"instock","13":"taxable","14":"shipping-taxable","15":"purchasable","16":"product-type-simple","17":"entry","18":"content-bg","19":"loop-entry"},"yoast_head":"<!-- This site is optimized with the Yoast SEO Premium plugin v27.5 (Yoast SEO v27.5) - https:\/\/yoast.com\/product\/yoast-seo-premium-wordpress\/ -->\n<title>Pena na Holenie Aloe Vera chr\u00e1ni poko\u017eku pred podr\u00e1\u017eden\u00edm<\/title>\n<meta name=\"description\" content=\"Chcete za\u010da\u0165 d\u00f4kladn\u00e9 a efekt\u00edvne oholenie bez podr\u00e1\u017edenia poko\u017eky? Aloe Vera Upokojuj\u00faca Pena na Holenie Vam v tom pom\u00f4\u017ee. Hydratuje a vy\u017eivuje. 30% aloe\" \/>\n<meta name=\"robots\" content=\"index, follow, max-snippet:-1, max-image-preview:large, max-video-preview:-1\" \/>\n<link rel=\"canonical\" href=\"https:\/\/www.lraloeverashop.eu\/sk\/produkt\/aloe-vera-upokojujuca-pena-na-holenie\/\" \/>\n<meta property=\"og:locale\" content=\"sk_SK\" \/>\n<meta property=\"og:type\" content=\"article\" \/>\n<meta property=\"og:title\" content=\"Pena na Holenie Aloe Vera\" \/>\n<meta property=\"og:description\" content=\"Chcete za\u010da\u0165 d\u00f4kladn\u00e9 a efekt\u00edvne oholenie bez podr\u00e1\u017edenia poko\u017eky? Aloe Vera Upokojuj\u00faca Pena na Holenie Vam v tom pom\u00f4\u017ee. Hydratuje a vy\u017eivuje. 30% aloe\" \/>\n<meta property=\"og:url\" content=\"https:\/\/www.lraloeverashop.eu\/sk\/produkt\/aloe-vera-upokojujuca-pena-na-holenie\/\" \/>\n<meta property=\"og:site_name\" content=\"Lr Obchod Aloe Vera\" \/>\n<meta property=\"article:publisher\" content=\"https:\/\/www.facebook.com\/lraloeverashop.eu\" \/>\n<meta property=\"article:modified_time\" content=\"2025-10-19T13:29:19+00:00\" \/>\n<meta property=\"og:image\" content=\"https:\/\/www.lraloeverashop.eu\/wp-content\/uploads\/2022\/10\/Lr-Aloe-Vera-Anti-Irritation-Shaving-Foam.jpg\" \/>\n\t<meta property=\"og:image:width\" content=\"1200\" \/>\n\t<meta property=\"og:image:height\" content=\"1200\" \/>\n\t<meta property=\"og:image:type\" content=\"image\/jpeg\" \/>\n<meta name=\"twitter:card\" content=\"summary_large_image\" \/>\n<meta name=\"twitter:site\" content=\"@natur__kosmetik\" \/>\n<script type=\"application\/ld+json\" class=\"yoast-schema-graph\">{\"@context\":\"https:\\\/\\\/schema.org\",\"@graph\":[{\"@type\":[\"WebPage\",\"ItemPage\"],\"@id\":\"https:\\\/\\\/www.lraloeverashop.eu\\\/sk\\\/produkt\\\/aloe-vera-upokojujuca-pena-na-holenie\\\/\",\"url\":\"https:\\\/\\\/www.lraloeverashop.eu\\\/sk\\\/produkt\\\/aloe-vera-upokojujuca-pena-na-holenie\\\/\",\"name\":\"Pena na Holenie Aloe Vera chr\u00e1ni poko\u017eku pred podr\u00e1\u017eden\u00edm\",\"isPartOf\":{\"@id\":\"https:\\\/\\\/www.lraloeverashop.eu\\\/sk\\\/#website\"},\"primaryImageOfPage\":{\"@id\":\"https:\\\/\\\/www.lraloeverashop.eu\\\/sk\\\/produkt\\\/aloe-vera-upokojujuca-pena-na-holenie\\\/#primaryimage\"},\"image\":{\"@id\":\"https:\\\/\\\/www.lraloeverashop.eu\\\/sk\\\/produkt\\\/aloe-vera-upokojujuca-pena-na-holenie\\\/#primaryimage\"},\"thumbnailUrl\":\"https:\\\/\\\/www.lraloeverashop.eu\\\/wp-content\\\/uploads\\\/2022\\\/10\\\/Lr-Aloe-Vera-Anti-Irritation-Shaving-Foam.jpg\",\"datePublished\":\"2022-10-09T16:00:44+00:00\",\"dateModified\":\"2025-10-19T13:29:19+00:00\",\"description\":\"Chcete za\u010da\u0165 d\u00f4kladn\u00e9 a efekt\u00edvne oholenie bez podr\u00e1\u017edenia poko\u017eky? Aloe Vera Upokojuj\u00faca Pena na Holenie Vam v tom pom\u00f4\u017ee. Hydratuje a vy\u017eivuje. 30% aloe\",\"breadcrumb\":{\"@id\":\"https:\\\/\\\/www.lraloeverashop.eu\\\/sk\\\/produkt\\\/aloe-vera-upokojujuca-pena-na-holenie\\\/#breadcrumb\"},\"inLanguage\":\"sk-SK\",\"potentialAction\":[{\"@type\":\"ReadAction\",\"target\":[\"https:\\\/\\\/www.lraloeverashop.eu\\\/sk\\\/produkt\\\/aloe-vera-upokojujuca-pena-na-holenie\\\/\"]}]},{\"@type\":\"ImageObject\",\"inLanguage\":\"sk-SK\",\"@id\":\"https:\\\/\\\/www.lraloeverashop.eu\\\/sk\\\/produkt\\\/aloe-vera-upokojujuca-pena-na-holenie\\\/#primaryimage\",\"url\":\"https:\\\/\\\/www.lraloeverashop.eu\\\/wp-content\\\/uploads\\\/2022\\\/10\\\/Lr-Aloe-Vera-Anti-Irritation-Shaving-Foam.jpg\",\"contentUrl\":\"https:\\\/\\\/www.lraloeverashop.eu\\\/wp-content\\\/uploads\\\/2022\\\/10\\\/Lr-Aloe-Vera-Anti-Irritation-Shaving-Foam.jpg\",\"width\":1200,\"height\":1200,\"caption\":\"Lr Aloe Vera Upokojuj\u00faca Pena na Holenie hydratuje a vy\u017eivuje e\u0161te pred holen\u00edm\"},{\"@type\":\"BreadcrumbList\",\"@id\":\"https:\\\/\\\/www.lraloeverashop.eu\\\/sk\\\/produkt\\\/aloe-vera-upokojujuca-pena-na-holenie\\\/#breadcrumb\",\"itemListElement\":[{\"@type\":\"ListItem\",\"position\":1,\"name\":\"Home\",\"item\":\"https:\\\/\\\/www.lraloeverashop.eu\\\/sk\\\/aloe-vera-obchod-vsetko-pre-vasu-krasu-a-pohodu\\\/\"},{\"@type\":\"ListItem\",\"position\":2,\"name\":\"Obchod\",\"item\":\"https:\\\/\\\/www.lraloeverashop.eu\\\/sk\\\/obchod\\\/\"},{\"@type\":\"ListItem\",\"position\":3,\"name\":\"Pena na Holenie Aloe Vera\"}]},{\"@type\":\"WebSite\",\"@id\":\"https:\\\/\\\/www.lraloeverashop.eu\\\/sk\\\/#website\",\"url\":\"https:\\\/\\\/www.lraloeverashop.eu\\\/sk\\\/\",\"name\":\"Lr Obchod Aloe Vera\",\"description\":\"High Quality Lr Aloe Vera Gel, Aloe Vera Cream and Shampoo\",\"publisher\":{\"@id\":\"https:\\\/\\\/www.lraloeverashop.eu\\\/sk\\\/#organization\"},\"alternateName\":\"LR\",\"potentialAction\":[{\"@type\":\"SearchAction\",\"target\":{\"@type\":\"EntryPoint\",\"urlTemplate\":\"https:\\\/\\\/www.lraloeverashop.eu\\\/sk\\\/?s={search_term_string}\"},\"query-input\":{\"@type\":\"PropertyValueSpecification\",\"valueRequired\":true,\"valueName\":\"search_term_string\"}}],\"inLanguage\":\"sk-SK\"},{\"@type\":\"Organization\",\"@id\":\"https:\\\/\\\/www.lraloeverashop.eu\\\/sk\\\/#organization\",\"name\":\"Lr Obchod Aloe Vera\",\"alternateName\":\"LR\",\"url\":\"https:\\\/\\\/www.lraloeverashop.eu\\\/sk\\\/\",\"logo\":{\"@type\":\"ImageObject\",\"inLanguage\":\"sk-SK\",\"@id\":\"https:\\\/\\\/www.lraloeverashop.eu\\\/sk\\\/#\\\/schema\\\/logo\\\/image\\\/\",\"url\":\"https:\\\/\\\/www.lraloeverashop.eu\\\/wp-content\\\/uploads\\\/2022\\\/09\\\/cropped-Lr-Aloe-Vera-Shop.jpg\",\"contentUrl\":\"https:\\\/\\\/www.lraloeverashop.eu\\\/wp-content\\\/uploads\\\/2022\\\/09\\\/cropped-Lr-Aloe-Vera-Shop.jpg\",\"width\":228,\"height\":76,\"caption\":\"Lr Obchod Aloe Vera\"},\"image\":{\"@id\":\"https:\\\/\\\/www.lraloeverashop.eu\\\/sk\\\/#\\\/schema\\\/logo\\\/image\\\/\"},\"sameAs\":[\"https:\\\/\\\/www.facebook.com\\\/lraloeverashop.eu\",\"https:\\\/\\\/x.com\\\/natur__kosmetik\",\"https:\\\/\\\/www.youtube.com\\\/channel\\\/UC5oN7BJ8nfYb8RpVtjwDEBA\",\"https:\\\/\\\/www.instagram.com\\\/lrbeautyeu\\\/\"],\"description\":\"Obchod Lr Aloe Vera je va\u0161\u00edm d\u00f4veryhodn\u00fdm miestom pre pr\u00e9miov\u00e9 produkty LR Health & Beauty vyroben\u00e9 v Nemecku. Pon\u00fakame vysokokvalitn\u00e9 rie\u0161enia starostlivosti o ple\u0165 s Aloe Vera, v\u00fd\u017eivu a proti starnutiu, vyroben\u00e9 z \u010dist\u00fdch ingredienci\u00ed a podlo\u017een\u00e9 vedeck\u00fdm v\u00fdskumom. Objavte pr\u00edrodn\u00fa starostlivos\u0165, ktor\u00e1 regeneruje, chr\u00e1ni a revitalizuje va\u0161u ple\u0165 \u2013 a vyu\u017eite exkluz\u00edvne mesa\u010dn\u00e9 ponuky na na\u0161e najpred\u00e1vanej\u0161ie produkty LR Aloe Vera.\\nZa\u010dnite svoju cestu za pr\u00edrodnou starostlivos\u0165ou o ple\u0165 e\u0161te dnes a poc\u00ed\u0165te rozdiel.\",\"email\":\"info@lraloeverashop.eu\",\"telephone\":\"+49 17670609653\",\"legalName\":\"Lr Aloe Vera Shop\",\"foundingDate\":\"2018-04-21\",\"numberOfEmployees\":{\"@type\":\"QuantitativeValue\",\"minValue\":\"1\",\"maxValue\":\"10\"}}]}<\/script>\n<meta property=\"product:price:amount\" content=\"12.99\" \/>\n<meta property=\"product:price:currency\" content=\"EUR\" \/>\n<meta property=\"og:availability\" content=\"instock\" \/>\n<meta property=\"product:availability\" content=\"instock\" \/>\n<meta property=\"product:retailer_item_id\" content=\"20420-201SK\" \/>\n<meta property=\"product:condition\" content=\"new\" \/>\n<!-- \/ Yoast SEO Premium plugin. -->","yoast_head_json":{"title":"Pena na Holenie Aloe Vera chr\u00e1ni poko\u017eku pred podr\u00e1\u017eden\u00edm","description":"Chcete za\u010da\u0165 d\u00f4kladn\u00e9 a efekt\u00edvne oholenie bez podr\u00e1\u017edenia poko\u017eky? Aloe Vera Upokojuj\u00faca Pena na Holenie Vam v tom pom\u00f4\u017ee. Hydratuje a vy\u017eivuje. 30% aloe","robots":{"index":"index","follow":"follow","max-snippet":"max-snippet:-1","max-image-preview":"max-image-preview:large","max-video-preview":"max-video-preview:-1"},"canonical":"https:\/\/www.lraloeverashop.eu\/sk\/produkt\/aloe-vera-upokojujuca-pena-na-holenie\/","og_locale":"sk_SK","og_type":"article","og_title":"Pena na Holenie Aloe Vera","og_description":"Chcete za\u010da\u0165 d\u00f4kladn\u00e9 a efekt\u00edvne oholenie bez podr\u00e1\u017edenia poko\u017eky? Aloe Vera Upokojuj\u00faca Pena na Holenie Vam v tom pom\u00f4\u017ee. Hydratuje a vy\u017eivuje. 30% aloe","og_url":"https:\/\/www.lraloeverashop.eu\/sk\/produkt\/aloe-vera-upokojujuca-pena-na-holenie\/","og_site_name":"Lr Obchod Aloe Vera","article_publisher":"https:\/\/www.facebook.com\/lraloeverashop.eu","article_modified_time":"2025-10-19T13:29:19+00:00","og_image":[{"width":1200,"height":1200,"url":"https:\/\/www.lraloeverashop.eu\/wp-content\/uploads\/2022\/10\/Lr-Aloe-Vera-Anti-Irritation-Shaving-Foam.jpg","type":"image\/jpeg"}],"twitter_card":"summary_large_image","twitter_site":"@natur__kosmetik","schema":{"@context":"https:\/\/schema.org","@graph":[{"@type":["WebPage","ItemPage"],"@id":"https:\/\/www.lraloeverashop.eu\/sk\/produkt\/aloe-vera-upokojujuca-pena-na-holenie\/","url":"https:\/\/www.lraloeverashop.eu\/sk\/produkt\/aloe-vera-upokojujuca-pena-na-holenie\/","name":"Pena na Holenie Aloe Vera chr\u00e1ni poko\u017eku pred podr\u00e1\u017eden\u00edm","isPartOf":{"@id":"https:\/\/www.lraloeverashop.eu\/sk\/#website"},"primaryImageOfPage":{"@id":"https:\/\/www.lraloeverashop.eu\/sk\/produkt\/aloe-vera-upokojujuca-pena-na-holenie\/#primaryimage"},"image":{"@id":"https:\/\/www.lraloeverashop.eu\/sk\/produkt\/aloe-vera-upokojujuca-pena-na-holenie\/#primaryimage"},"thumbnailUrl":"https:\/\/www.lraloeverashop.eu\/wp-content\/uploads\/2022\/10\/Lr-Aloe-Vera-Anti-Irritation-Shaving-Foam.jpg","datePublished":"2022-10-09T16:00:44+00:00","dateModified":"2025-10-19T13:29:19+00:00","description":"Chcete za\u010da\u0165 d\u00f4kladn\u00e9 a efekt\u00edvne oholenie bez podr\u00e1\u017edenia poko\u017eky? Aloe Vera Upokojuj\u00faca Pena na Holenie Vam v tom pom\u00f4\u017ee. Hydratuje a vy\u017eivuje. 30% aloe","breadcrumb":{"@id":"https:\/\/www.lraloeverashop.eu\/sk\/produkt\/aloe-vera-upokojujuca-pena-na-holenie\/#breadcrumb"},"inLanguage":"sk-SK","potentialAction":[{"@type":"ReadAction","target":["https:\/\/www.lraloeverashop.eu\/sk\/produkt\/aloe-vera-upokojujuca-pena-na-holenie\/"]}]},{"@type":"ImageObject","inLanguage":"sk-SK","@id":"https:\/\/www.lraloeverashop.eu\/sk\/produkt\/aloe-vera-upokojujuca-pena-na-holenie\/#primaryimage","url":"https:\/\/www.lraloeverashop.eu\/wp-content\/uploads\/2022\/10\/Lr-Aloe-Vera-Anti-Irritation-Shaving-Foam.jpg","contentUrl":"https:\/\/www.lraloeverashop.eu\/wp-content\/uploads\/2022\/10\/Lr-Aloe-Vera-Anti-Irritation-Shaving-Foam.jpg","width":1200,"height":1200,"caption":"Lr Aloe Vera Upokojuj\u00faca Pena na Holenie hydratuje a vy\u017eivuje e\u0161te pred holen\u00edm"},{"@type":"BreadcrumbList","@id":"https:\/\/www.lraloeverashop.eu\/sk\/produkt\/aloe-vera-upokojujuca-pena-na-holenie\/#breadcrumb","itemListElement":[{"@type":"ListItem","position":1,"name":"Home","item":"https:\/\/www.lraloeverashop.eu\/sk\/aloe-vera-obchod-vsetko-pre-vasu-krasu-a-pohodu\/"},{"@type":"ListItem","position":2,"name":"Obchod","item":"https:\/\/www.lraloeverashop.eu\/sk\/obchod\/"},{"@type":"ListItem","position":3,"name":"Pena na Holenie Aloe Vera"}]},{"@type":"WebSite","@id":"https:\/\/www.lraloeverashop.eu\/sk\/#website","url":"https:\/\/www.lraloeverashop.eu\/sk\/","name":"Lr Obchod Aloe Vera","description":"High Quality Lr Aloe Vera Gel, Aloe Vera Cream and Shampoo","publisher":{"@id":"https:\/\/www.lraloeverashop.eu\/sk\/#organization"},"alternateName":"LR","potentialAction":[{"@type":"SearchAction","target":{"@type":"EntryPoint","urlTemplate":"https:\/\/www.lraloeverashop.eu\/sk\/?s={search_term_string}"},"query-input":{"@type":"PropertyValueSpecification","valueRequired":true,"valueName":"search_term_string"}}],"inLanguage":"sk-SK"},{"@type":"Organization","@id":"https:\/\/www.lraloeverashop.eu\/sk\/#organization","name":"Lr Obchod Aloe Vera","alternateName":"LR","url":"https:\/\/www.lraloeverashop.eu\/sk\/","logo":{"@type":"ImageObject","inLanguage":"sk-SK","@id":"https:\/\/www.lraloeverashop.eu\/sk\/#\/schema\/logo\/image\/","url":"https:\/\/www.lraloeverashop.eu\/wp-content\/uploads\/2022\/09\/cropped-Lr-Aloe-Vera-Shop.jpg","contentUrl":"https:\/\/www.lraloeverashop.eu\/wp-content\/uploads\/2022\/09\/cropped-Lr-Aloe-Vera-Shop.jpg","width":228,"height":76,"caption":"Lr Obchod Aloe Vera"},"image":{"@id":"https:\/\/www.lraloeverashop.eu\/sk\/#\/schema\/logo\/image\/"},"sameAs":["https:\/\/www.facebook.com\/lraloeverashop.eu","https:\/\/x.com\/natur__kosmetik","https:\/\/www.youtube.com\/channel\/UC5oN7BJ8nfYb8RpVtjwDEBA","https:\/\/www.instagram.com\/lrbeautyeu\/"],"description":"Obchod Lr Aloe Vera je va\u0161\u00edm d\u00f4veryhodn\u00fdm miestom pre pr\u00e9miov\u00e9 produkty LR Health & Beauty vyroben\u00e9 v Nemecku. Pon\u00fakame vysokokvalitn\u00e9 rie\u0161enia starostlivosti o ple\u0165 s Aloe Vera, v\u00fd\u017eivu a proti starnutiu, vyroben\u00e9 z \u010dist\u00fdch ingredienci\u00ed a podlo\u017een\u00e9 vedeck\u00fdm v\u00fdskumom. Objavte pr\u00edrodn\u00fa starostlivos\u0165, ktor\u00e1 regeneruje, chr\u00e1ni a revitalizuje va\u0161u ple\u0165 \u2013 a vyu\u017eite exkluz\u00edvne mesa\u010dn\u00e9 ponuky na na\u0161e najpred\u00e1vanej\u0161ie produkty LR Aloe Vera.\nZa\u010dnite svoju cestu za pr\u00edrodnou starostlivos\u0165ou o ple\u0165 e\u0161te dnes a poc\u00ed\u0165te rozdiel.","email":"info@lraloeverashop.eu","telephone":"+49 17670609653","legalName":"Lr Aloe Vera Shop","foundingDate":"2018-04-21","numberOfEmployees":{"@type":"QuantitativeValue","minValue":"1","maxValue":"10"}}]},"product_price_amount":"12.99","product_price_currency":"EUR","og_availability":"instock","product_availability":"instock","product_retailer_item_id":"20420-201SK","product_condition":"new"},"taxonomy_info":{"product_cat":[{"value":216,"label":"Aloe Vera"},{"value":252,"label":"Starostlivos\u0165 pre mu\u017eov"}],"product_tag":[{"value":523,"label":"Brada"},{"value":565,"label":"Produkty pre mu\u017eov"}]},"featured_image_src_large":["https:\/\/www.lraloeverashop.eu\/wp-content\/uploads\/2022\/10\/Lr-Aloe-Vera-Anti-Irritation-Shaving-Foam-1024x1024.jpg",1024,1024,true],"author_info":[],"comment_info":0,"_links":{"self":[{"href":"https:\/\/www.lraloeverashop.eu\/sk\/wp-json\/wp\/v2\/product\/10752","targetHints":{"allow":["GET"]}}],"collection":[{"href":"https:\/\/www.lraloeverashop.eu\/sk\/wp-json\/wp\/v2\/product"}],"about":[{"href":"https:\/\/www.lraloeverashop.eu\/sk\/wp-json\/wp\/v2\/types\/product"}],"replies":[{"embeddable":true,"href":"https:\/\/www.lraloeverashop.eu\/sk\/wp-json\/wp\/v2\/comments?post=10752"}],"wp:featuredmedia":[{"embeddable":true,"href":"https:\/\/www.lraloeverashop.eu\/sk\/wp-json\/wp\/v2\/media\/4870"}],"wp:attachment":[{"href":"https:\/\/www.lraloeverashop.eu\/sk\/wp-json\/wp\/v2\/media?parent=10752"}],"wp:term":[{"taxonomy":"product_brand","embeddable":true,"href":"https:\/\/www.lraloeverashop.eu\/sk\/wp-json\/wp\/v2\/product_brand?post=10752"},{"taxonomy":"product_cat","embeddable":true,"href":"https:\/\/www.lraloeverashop.eu\/sk\/wp-json\/wp\/v2\/product_cat?post=10752"},{"taxonomy":"product_tag","embeddable":true,"href":"https:\/\/www.lraloeverashop.eu\/sk\/wp-json\/wp\/v2\/product_tag?post=10752"}],"curies":[{"name":"wp","href":"https:\/\/api.w.org\/{rel}","templated":true}]}}