{"id":10699,"date":"2022-10-09T18:36:11","date_gmt":"2022-10-09T16:36:11","guid":{"rendered":"https:\/\/www.lraloeverashop.eu\/product\/aloe-vera-seria-pre-muzov-ii\/"},"modified":"2025-03-29T18:56:50","modified_gmt":"2025-03-29T17:56:50","slug":"aloe-vera-seria-pre-muzov-ii","status":"publish","type":"product","link":"https:\/\/www.lraloeverashop.eu\/sk\/produkt\/aloe-vera-seria-pre-muzov-ii\/","title":{"rendered":"Aloe Vera S\u00e9ria pre Mu\u017eov II"},"content":{"rendered":"<h2><span style=\"font-size: 16pt;\"><strong>Aloe Vera S\u00e9ria pre Mu\u017eov II<\/strong><\/span><\/h2>\n<p><span style=\"font-size: 14pt;\"><strong>Aloe Vera S\u00e9ria pre Mu\u017eov II &#8211; Perfektne holenie bez podr\u00e1\u017edenia poko\u017eky<\/strong><\/span><\/p>\n<p>Efekt\u00edvny Aloe Vera Upokojuj\u00faci G\u00e9l na Holenie u\u013eah\u010duje holenie ne\u017e kedyko\u013evek predt\u00fdm a je obzvl\u00e1\u0161\u0165 \u00fa\u010dinn\u00fd. Hydrata\u010dn\u00e9 zlo\u017eky holiaceho g\u00e9lu zm\u00e4k\u010duj\u00fa chlpy a holiaci stroj\u010dek \u013eahko k\u013a\u017ee po ko\u017ei. \u013dahk\u00e1 konzistencia g\u00e9lu zaru\u010duje d\u00f4kladn\u00e9 a pohodln\u00e9 oholenie. V\u010faka uklud\u0148uj\u00facemu a chladiacemu zlo\u017eeniu za\u017eijete jedine\u010dn\u00e9 oholenie bez stresu alebo podr\u00e1\u017edenia.<\/p>\n<p>Aloe Vera <a href=\"https:\/\/www.lraloeverashop.eu\/sk\/produkt\/aloe-vera-antistresovy-krem\/\">Antistresov\u00fd kr\u00e9m<\/a> vy\u017eivuje, osvie\u017euje a omladzuje poko\u017eku v ka\u017edom \u010dase. S 50% v\u00fd\u0165a\u017ekom z Aloe Vera a extraktu z bieleho \u010daju va\u0161a poko\u017eka vyzer\u00e1 \u017eivo a svie\u017ee. Vhodn\u00fd na ka\u017edodenn\u00fa starostlivos\u0165 o tv\u00e1r.<\/p>\n<p>Aloe Vera <a href=\"https:\/\/www.lraloeverashop.eu\/sk\/produkt\/aloe-vera-balzam-po-holeni\/\">Balzam po holen\u00ed<\/a> je upokojuj\u00faci balzam na poko\u017eku. Vzh\u013eadom na 50% Aloe Vera a extraktu z bieleho \u010daju balzam zjem\u0148uje a pon\u00faka \u00fa\u010dinn\u00fa hydrat\u00e1ciu.<\/p>\n<p>T\u00e1to S\u00e9ria pre Mu\u017eov II je dokonale prisp\u00f4soben\u00e1 \u0161peci\u00e1lnym po\u017eiadavk\u00e1m <a href=\"https:\/\/www.lraloeverashop.eu\/sk\/produkt\/aloe-vera-seria-pre-muzov-iii\/\">mu\u017eskej poko\u017eky<\/a> v\u010faka svojej \u0161peci\u00e1lnej kombin\u00e1cii hydrata\u010dnej Aloe Vera a upokojuj\u00facej extrakcii organick\u00e9ho nechtika. S touto sadou si dokonale vybaven\u00fd pre d\u00f4kladn\u00e9 oholenie bez podr\u00e1\u017edenia poko\u017eky.<\/p>\n","protected":false},"excerpt":{"rendered":"<ul>\n<li>V\u0161etko, \u010do potrebuje\u0161 pre dokonal\u00e9 oholenie<\/li>\n<li>Lr Aloe Vera Upokojuj\u00faci g\u00e9l na efekt\u00edvne holenie bez podr\u00e1\u017edenia<\/li>\n<li>Lr Aloe Vera Balzam po holen\u00ed upokojuje poko\u017eku<\/li>\n<li>Lr Aloe Vera Antistresov\u00fd kr\u00e9m revitalizuje poko\u017eku<\/li>\n<li>V\u00fdrobky vyroben\u00e9 v Nemecku<\/li>\n<li>Vysok\u00e1 kvalita<\/li>\n<\/ul>\n<p>&nbsp;<\/p>\n","protected":false},"featured_media":30078,"comment_status":"open","ping_status":"closed","template":"","meta":{"_kad_blocks_custom_css":"","_kad_blocks_head_custom_js":"","_kad_blocks_body_custom_js":"","_kad_blocks_footer_custom_js":"","_kadence_starter_templates_imported_post":false,"_kad_post_transparent":"default","_kad_post_title":"","_kad_post_layout":"default","_kad_post_sidebar_id":"","_kad_post_content_style":"default","_kad_post_vertical_padding":"default","_kad_post_feature":"","_kad_post_feature_position":"","_kad_post_header":false,"_kad_post_footer":false,"_kad_post_classname":""},"product_brand":[],"product_cat":[216,252],"product_tag":[523,565],"class_list":{"0":"post-10699","1":"product","2":"type-product","3":"status-publish","4":"has-post-thumbnail","6":"product_cat-aloe-vera-sk","7":"product_cat-starostlivost-pre-muzov","8":"product_tag-brada","9":"product_tag-produkty-pre-muzov","11":"first","12":"instock","13":"taxable","14":"shipping-taxable","15":"purchasable","16":"product-type-simple","17":"entry","18":"content-bg","19":"loop-entry"},"yoast_head":"<!-- This site is optimized with the Yoast SEO Premium plugin v27.4 (Yoast SEO v27.4) - https:\/\/yoast.com\/product\/yoast-seo-premium-wordpress\/ -->\n<title>Aloe Vera S\u00e9ria pre Mu\u017eov II na d\u00f4kladn\u00e9 a pohodln\u00e9 oholenie<\/title>\n<meta name=\"description\" content=\"Aloe Vera S\u00e9ria pre Mu\u017eov II obsahuje Upokojuj\u00faci g\u00e9l na efekt\u00edvne holenie bez podr\u00e1\u017edenia, Balzam po holen\u00ed a Antistresov\u00fd kr\u00e9m na revitalizaciu poko\u017eku\" \/>\n<meta name=\"robots\" content=\"index, follow, max-snippet:-1, max-image-preview:large, max-video-preview:-1\" \/>\n<link rel=\"canonical\" href=\"https:\/\/www.lraloeverashop.eu\/sk\/produkt\/aloe-vera-seria-pre-muzov-ii\/\" \/>\n<meta property=\"og:locale\" content=\"sk_SK\" \/>\n<meta property=\"og:type\" content=\"article\" \/>\n<meta property=\"og:title\" content=\"Aloe Vera S\u00e9ria pre Mu\u017eov II\" \/>\n<meta property=\"og:description\" content=\"Aloe Vera S\u00e9ria pre Mu\u017eov II obsahuje Upokojuj\u00faci g\u00e9l na efekt\u00edvne holenie bez podr\u00e1\u017edenia, Balzam po holen\u00ed a Antistresov\u00fd kr\u00e9m na revitalizaciu poko\u017eku\" \/>\n<meta property=\"og:url\" content=\"https:\/\/www.lraloeverashop.eu\/sk\/produkt\/aloe-vera-seria-pre-muzov-ii\/\" \/>\n<meta property=\"og:site_name\" content=\"Lr Obchod Aloe Vera\" \/>\n<meta property=\"article:publisher\" content=\"https:\/\/www.facebook.com\/lraloeverashop.eu\" \/>\n<meta property=\"article:modified_time\" content=\"2025-03-29T17:56:50+00:00\" \/>\n<meta property=\"og:image\" content=\"https:\/\/www.lraloeverashop.eu\/wp-content\/uploads\/2022\/10\/Lr-Aloe-Vera-Men-Set-II.jpg\" \/>\n\t<meta property=\"og:image:width\" content=\"1200\" \/>\n\t<meta property=\"og:image:height\" content=\"1200\" \/>\n\t<meta property=\"og:image:type\" content=\"image\/jpeg\" \/>\n<meta name=\"twitter:card\" content=\"summary_large_image\" \/>\n<meta name=\"twitter:site\" content=\"@natur__kosmetik\" \/>\n<script type=\"application\/ld+json\" class=\"yoast-schema-graph\">{\"@context\":\"https:\\\/\\\/schema.org\",\"@graph\":[{\"@type\":[\"WebPage\",\"ItemPage\"],\"@id\":\"https:\\\/\\\/www.lraloeverashop.eu\\\/sk\\\/produkt\\\/aloe-vera-seria-pre-muzov-ii\\\/\",\"url\":\"https:\\\/\\\/www.lraloeverashop.eu\\\/sk\\\/produkt\\\/aloe-vera-seria-pre-muzov-ii\\\/\",\"name\":\"Aloe Vera S\u00e9ria pre Mu\u017eov II na d\u00f4kladn\u00e9 a pohodln\u00e9 oholenie\",\"isPartOf\":{\"@id\":\"https:\\\/\\\/www.lraloeverashop.eu\\\/sk\\\/#website\"},\"primaryImageOfPage\":{\"@id\":\"https:\\\/\\\/www.lraloeverashop.eu\\\/sk\\\/produkt\\\/aloe-vera-seria-pre-muzov-ii\\\/#primaryimage\"},\"image\":{\"@id\":\"https:\\\/\\\/www.lraloeverashop.eu\\\/sk\\\/produkt\\\/aloe-vera-seria-pre-muzov-ii\\\/#primaryimage\"},\"thumbnailUrl\":\"https:\\\/\\\/www.lraloeverashop.eu\\\/wp-content\\\/uploads\\\/2026\\\/04\\\/Lr-Aloe-Vera-Men-Set-II.jpg\",\"datePublished\":\"2022-10-09T16:36:11+00:00\",\"dateModified\":\"2025-03-29T17:56:50+00:00\",\"description\":\"Aloe Vera S\u00e9ria pre Mu\u017eov II obsahuje Upokojuj\u00faci g\u00e9l na efekt\u00edvne holenie bez podr\u00e1\u017edenia, Balzam po holen\u00ed a Antistresov\u00fd kr\u00e9m na revitalizaciu poko\u017eku\",\"breadcrumb\":{\"@id\":\"https:\\\/\\\/www.lraloeverashop.eu\\\/sk\\\/produkt\\\/aloe-vera-seria-pre-muzov-ii\\\/#breadcrumb\"},\"inLanguage\":\"sk-SK\",\"potentialAction\":[{\"@type\":\"ReadAction\",\"target\":[\"https:\\\/\\\/www.lraloeverashop.eu\\\/sk\\\/produkt\\\/aloe-vera-seria-pre-muzov-ii\\\/\"]}]},{\"@type\":\"ImageObject\",\"inLanguage\":\"sk-SK\",\"@id\":\"https:\\\/\\\/www.lraloeverashop.eu\\\/sk\\\/produkt\\\/aloe-vera-seria-pre-muzov-ii\\\/#primaryimage\",\"url\":\"https:\\\/\\\/www.lraloeverashop.eu\\\/wp-content\\\/uploads\\\/2026\\\/04\\\/Lr-Aloe-Vera-Men-Set-II.jpg\",\"contentUrl\":\"https:\\\/\\\/www.lraloeverashop.eu\\\/wp-content\\\/uploads\\\/2026\\\/04\\\/Lr-Aloe-Vera-Men-Set-II.jpg\",\"width\":1200,\"height\":1200,\"caption\":\"Aloe Vera S\u00e9ria pre Mu\u017eov II s 50 % aloe vera\"},{\"@type\":\"BreadcrumbList\",\"@id\":\"https:\\\/\\\/www.lraloeverashop.eu\\\/sk\\\/produkt\\\/aloe-vera-seria-pre-muzov-ii\\\/#breadcrumb\",\"itemListElement\":[{\"@type\":\"ListItem\",\"position\":1,\"name\":\"Home\",\"item\":\"https:\\\/\\\/www.lraloeverashop.eu\\\/sk\\\/\"},{\"@type\":\"ListItem\",\"position\":2,\"name\":\"Obchod\",\"item\":\"https:\\\/\\\/www.lraloeverashop.eu\\\/shop\\\/\"},{\"@type\":\"ListItem\",\"position\":3,\"name\":\"Aloe Vera S\u00e9ria pre Mu\u017eov II\"}]},{\"@type\":\"WebSite\",\"@id\":\"https:\\\/\\\/www.lraloeverashop.eu\\\/sk\\\/#website\",\"url\":\"https:\\\/\\\/www.lraloeverashop.eu\\\/sk\\\/\",\"name\":\"Lr Obchod Aloe Vera\",\"description\":\"High Quality Lr Aloe Vera Gel, Aloe Vera Cream and Shampoo\",\"publisher\":{\"@id\":\"https:\\\/\\\/www.lraloeverashop.eu\\\/sk\\\/#organization\"},\"potentialAction\":[{\"@type\":\"SearchAction\",\"target\":{\"@type\":\"EntryPoint\",\"urlTemplate\":\"https:\\\/\\\/www.lraloeverashop.eu\\\/sk\\\/?s={search_term_string}\"},\"query-input\":{\"@type\":\"PropertyValueSpecification\",\"valueRequired\":true,\"valueName\":\"search_term_string\"}}],\"inLanguage\":\"sk-SK\"},{\"@type\":\"Organization\",\"@id\":\"https:\\\/\\\/www.lraloeverashop.eu\\\/sk\\\/#organization\",\"name\":\"Lr Obchod Aloe Vera\",\"alternateName\":\"LR\",\"url\":\"https:\\\/\\\/www.lraloeverashop.eu\\\/sk\\\/\",\"logo\":{\"@type\":\"ImageObject\",\"inLanguage\":\"sk-SK\",\"@id\":\"https:\\\/\\\/www.lraloeverashop.eu\\\/sk\\\/#\\\/schema\\\/logo\\\/image\\\/\",\"url\":\"https:\\\/\\\/www.lraloeverashop.eu\\\/wp-content\\\/uploads\\\/2022\\\/09\\\/cropped-Lr-Aloe-Vera-Shop.jpg\",\"contentUrl\":\"https:\\\/\\\/www.lraloeverashop.eu\\\/wp-content\\\/uploads\\\/2022\\\/09\\\/cropped-Lr-Aloe-Vera-Shop.jpg\",\"width\":228,\"height\":76,\"caption\":\"Lr Obchod Aloe Vera\"},\"image\":{\"@id\":\"https:\\\/\\\/www.lraloeverashop.eu\\\/sk\\\/#\\\/schema\\\/logo\\\/image\\\/\"},\"sameAs\":[\"https:\\\/\\\/www.facebook.com\\\/lraloeverashop.eu\",\"https:\\\/\\\/x.com\\\/natur__kosmetik\",\"https:\\\/\\\/www.youtube.com\\\/channel\\\/UC5oN7BJ8nfYb8RpVtjwDEBA\",\"https:\\\/\\\/www.instagram.com\\\/lrbeautyeu\\\/\"],\"description\":\"Obchod Lr Aloe Vera je va\u0161\u00edm d\u00f4veryhodn\u00fdm miestom pre pr\u00e9miov\u00e9 produkty LR Health & Beauty vyroben\u00e9 v Nemecku. Pon\u00fakame vysokokvalitn\u00e9 rie\u0161enia starostlivosti o ple\u0165 s Aloe Vera, v\u00fd\u017eivu a proti starnutiu, vyroben\u00e9 z \u010dist\u00fdch ingredienci\u00ed a podlo\u017een\u00e9 vedeck\u00fdm v\u00fdskumom. Objavte pr\u00edrodn\u00fa starostlivos\u0165, ktor\u00e1 regeneruje, chr\u00e1ni a revitalizuje va\u0161u ple\u0165 \u2013 a vyu\u017eite exkluz\u00edvne mesa\u010dn\u00e9 ponuky na na\u0161e najpred\u00e1vanej\u0161ie produkty LR Aloe Vera.\\nZa\u010dnite svoju cestu za pr\u00edrodnou starostlivos\u0165ou o ple\u0165 e\u0161te dnes a poc\u00ed\u0165te rozdiel.\",\"email\":\"info@lraloeverashop.eu\",\"telephone\":\"+49 17670609653\",\"legalName\":\"Lr Aloe Vera Shop\",\"foundingDate\":\"2018-04-21\",\"numberOfEmployees\":{\"@type\":\"QuantitativeValue\",\"minValue\":\"1\",\"maxValue\":\"10\"}}]}<\/script>\n<meta property=\"product:price:amount\" content=\"45.99\" \/>\n<meta property=\"product:price:currency\" content=\"EUR\" \/>\n<meta property=\"og:availability\" content=\"instock\" \/>\n<meta property=\"product:availability\" content=\"instock\" \/>\n<meta property=\"product:retailer_item_id\" content=\"20425-201SK\" \/>\n<meta property=\"product:condition\" content=\"new\" \/>\n<!-- \/ Yoast SEO Premium plugin. -->","yoast_head_json":{"title":"Aloe Vera S\u00e9ria pre Mu\u017eov II na d\u00f4kladn\u00e9 a pohodln\u00e9 oholenie","description":"Aloe Vera S\u00e9ria pre Mu\u017eov II obsahuje Upokojuj\u00faci g\u00e9l na efekt\u00edvne holenie bez podr\u00e1\u017edenia, Balzam po holen\u00ed a Antistresov\u00fd kr\u00e9m na revitalizaciu poko\u017eku","robots":{"index":"index","follow":"follow","max-snippet":"max-snippet:-1","max-image-preview":"max-image-preview:large","max-video-preview":"max-video-preview:-1"},"canonical":"https:\/\/www.lraloeverashop.eu\/sk\/produkt\/aloe-vera-seria-pre-muzov-ii\/","og_locale":"sk_SK","og_type":"article","og_title":"Aloe Vera S\u00e9ria pre Mu\u017eov II","og_description":"Aloe Vera S\u00e9ria pre Mu\u017eov II obsahuje Upokojuj\u00faci g\u00e9l na efekt\u00edvne holenie bez podr\u00e1\u017edenia, Balzam po holen\u00ed a Antistresov\u00fd kr\u00e9m na revitalizaciu poko\u017eku","og_url":"https:\/\/www.lraloeverashop.eu\/sk\/produkt\/aloe-vera-seria-pre-muzov-ii\/","og_site_name":"Lr Obchod Aloe Vera","article_publisher":"https:\/\/www.facebook.com\/lraloeverashop.eu","article_modified_time":"2025-03-29T17:56:50+00:00","og_image":[{"width":1200,"height":1200,"url":"https:\/\/www.lraloeverashop.eu\/wp-content\/uploads\/2022\/10\/Lr-Aloe-Vera-Men-Set-II.jpg","type":"image\/jpeg"}],"twitter_card":"summary_large_image","twitter_site":"@natur__kosmetik","schema":{"@context":"https:\/\/schema.org","@graph":[{"@type":["WebPage","ItemPage"],"@id":"https:\/\/www.lraloeverashop.eu\/sk\/produkt\/aloe-vera-seria-pre-muzov-ii\/","url":"https:\/\/www.lraloeverashop.eu\/sk\/produkt\/aloe-vera-seria-pre-muzov-ii\/","name":"Aloe Vera S\u00e9ria pre Mu\u017eov II na d\u00f4kladn\u00e9 a pohodln\u00e9 oholenie","isPartOf":{"@id":"https:\/\/www.lraloeverashop.eu\/sk\/#website"},"primaryImageOfPage":{"@id":"https:\/\/www.lraloeverashop.eu\/sk\/produkt\/aloe-vera-seria-pre-muzov-ii\/#primaryimage"},"image":{"@id":"https:\/\/www.lraloeverashop.eu\/sk\/produkt\/aloe-vera-seria-pre-muzov-ii\/#primaryimage"},"thumbnailUrl":"https:\/\/www.lraloeverashop.eu\/wp-content\/uploads\/2026\/04\/Lr-Aloe-Vera-Men-Set-II.jpg","datePublished":"2022-10-09T16:36:11+00:00","dateModified":"2025-03-29T17:56:50+00:00","description":"Aloe Vera S\u00e9ria pre Mu\u017eov II obsahuje Upokojuj\u00faci g\u00e9l na efekt\u00edvne holenie bez podr\u00e1\u017edenia, Balzam po holen\u00ed a Antistresov\u00fd kr\u00e9m na revitalizaciu poko\u017eku","breadcrumb":{"@id":"https:\/\/www.lraloeverashop.eu\/sk\/produkt\/aloe-vera-seria-pre-muzov-ii\/#breadcrumb"},"inLanguage":"sk-SK","potentialAction":[{"@type":"ReadAction","target":["https:\/\/www.lraloeverashop.eu\/sk\/produkt\/aloe-vera-seria-pre-muzov-ii\/"]}]},{"@type":"ImageObject","inLanguage":"sk-SK","@id":"https:\/\/www.lraloeverashop.eu\/sk\/produkt\/aloe-vera-seria-pre-muzov-ii\/#primaryimage","url":"https:\/\/www.lraloeverashop.eu\/wp-content\/uploads\/2026\/04\/Lr-Aloe-Vera-Men-Set-II.jpg","contentUrl":"https:\/\/www.lraloeverashop.eu\/wp-content\/uploads\/2026\/04\/Lr-Aloe-Vera-Men-Set-II.jpg","width":1200,"height":1200,"caption":"Aloe Vera S\u00e9ria pre Mu\u017eov II s 50 % aloe vera"},{"@type":"BreadcrumbList","@id":"https:\/\/www.lraloeverashop.eu\/sk\/produkt\/aloe-vera-seria-pre-muzov-ii\/#breadcrumb","itemListElement":[{"@type":"ListItem","position":1,"name":"Home","item":"https:\/\/www.lraloeverashop.eu\/sk\/"},{"@type":"ListItem","position":2,"name":"Obchod","item":"https:\/\/www.lraloeverashop.eu\/shop\/"},{"@type":"ListItem","position":3,"name":"Aloe Vera S\u00e9ria pre Mu\u017eov II"}]},{"@type":"WebSite","@id":"https:\/\/www.lraloeverashop.eu\/sk\/#website","url":"https:\/\/www.lraloeverashop.eu\/sk\/","name":"Lr Obchod Aloe Vera","description":"High Quality Lr Aloe Vera Gel, Aloe Vera Cream and Shampoo","publisher":{"@id":"https:\/\/www.lraloeverashop.eu\/sk\/#organization"},"potentialAction":[{"@type":"SearchAction","target":{"@type":"EntryPoint","urlTemplate":"https:\/\/www.lraloeverashop.eu\/sk\/?s={search_term_string}"},"query-input":{"@type":"PropertyValueSpecification","valueRequired":true,"valueName":"search_term_string"}}],"inLanguage":"sk-SK"},{"@type":"Organization","@id":"https:\/\/www.lraloeverashop.eu\/sk\/#organization","name":"Lr Obchod Aloe Vera","alternateName":"LR","url":"https:\/\/www.lraloeverashop.eu\/sk\/","logo":{"@type":"ImageObject","inLanguage":"sk-SK","@id":"https:\/\/www.lraloeverashop.eu\/sk\/#\/schema\/logo\/image\/","url":"https:\/\/www.lraloeverashop.eu\/wp-content\/uploads\/2022\/09\/cropped-Lr-Aloe-Vera-Shop.jpg","contentUrl":"https:\/\/www.lraloeverashop.eu\/wp-content\/uploads\/2022\/09\/cropped-Lr-Aloe-Vera-Shop.jpg","width":228,"height":76,"caption":"Lr Obchod Aloe Vera"},"image":{"@id":"https:\/\/www.lraloeverashop.eu\/sk\/#\/schema\/logo\/image\/"},"sameAs":["https:\/\/www.facebook.com\/lraloeverashop.eu","https:\/\/x.com\/natur__kosmetik","https:\/\/www.youtube.com\/channel\/UC5oN7BJ8nfYb8RpVtjwDEBA","https:\/\/www.instagram.com\/lrbeautyeu\/"],"description":"Obchod Lr Aloe Vera je va\u0161\u00edm d\u00f4veryhodn\u00fdm miestom pre pr\u00e9miov\u00e9 produkty LR Health & Beauty vyroben\u00e9 v Nemecku. Pon\u00fakame vysokokvalitn\u00e9 rie\u0161enia starostlivosti o ple\u0165 s Aloe Vera, v\u00fd\u017eivu a proti starnutiu, vyroben\u00e9 z \u010dist\u00fdch ingredienci\u00ed a podlo\u017een\u00e9 vedeck\u00fdm v\u00fdskumom. Objavte pr\u00edrodn\u00fa starostlivos\u0165, ktor\u00e1 regeneruje, chr\u00e1ni a revitalizuje va\u0161u ple\u0165 \u2013 a vyu\u017eite exkluz\u00edvne mesa\u010dn\u00e9 ponuky na na\u0161e najpred\u00e1vanej\u0161ie produkty LR Aloe Vera.\nZa\u010dnite svoju cestu za pr\u00edrodnou starostlivos\u0165ou o ple\u0165 e\u0161te dnes a poc\u00ed\u0165te rozdiel.","email":"info@lraloeverashop.eu","telephone":"+49 17670609653","legalName":"Lr Aloe Vera Shop","foundingDate":"2018-04-21","numberOfEmployees":{"@type":"QuantitativeValue","minValue":"1","maxValue":"10"}}]},"product_price_amount":"45.99","product_price_currency":"EUR","og_availability":"instock","product_availability":"instock","product_retailer_item_id":"20425-201SK","product_condition":"new"},"taxonomy_info":{"product_cat":[{"value":216,"label":"Aloe Vera"},{"value":252,"label":"Starostlivos\u0165 pre mu\u017eov"}],"product_tag":[{"value":523,"label":"Brada"},{"value":565,"label":"Produkty pre mu\u017eov"}]},"featured_image_src_large":["https:\/\/www.lraloeverashop.eu\/wp-content\/uploads\/2026\/04\/Lr-Aloe-Vera-Men-Set-II-1024x1024.jpg",1024,1024,true],"author_info":[],"comment_info":0,"_links":{"self":[{"href":"https:\/\/www.lraloeverashop.eu\/sk\/wp-json\/wp\/v2\/product\/10699","targetHints":{"allow":["GET"]}}],"collection":[{"href":"https:\/\/www.lraloeverashop.eu\/sk\/wp-json\/wp\/v2\/product"}],"about":[{"href":"https:\/\/www.lraloeverashop.eu\/sk\/wp-json\/wp\/v2\/types\/product"}],"replies":[{"embeddable":true,"href":"https:\/\/www.lraloeverashop.eu\/sk\/wp-json\/wp\/v2\/comments?post=10699"}],"wp:featuredmedia":[{"embeddable":true,"href":"https:\/\/www.lraloeverashop.eu\/sk\/wp-json\/wp\/v2\/media\/30078"}],"wp:attachment":[{"href":"https:\/\/www.lraloeverashop.eu\/sk\/wp-json\/wp\/v2\/media?parent=10699"}],"wp:term":[{"taxonomy":"product_brand","embeddable":true,"href":"https:\/\/www.lraloeverashop.eu\/sk\/wp-json\/wp\/v2\/product_brand?post=10699"},{"taxonomy":"product_cat","embeddable":true,"href":"https:\/\/www.lraloeverashop.eu\/sk\/wp-json\/wp\/v2\/product_cat?post=10699"},{"taxonomy":"product_tag","embeddable":true,"href":"https:\/\/www.lraloeverashop.eu\/sk\/wp-json\/wp\/v2\/product_tag?post=10699"}],"curies":[{"name":"wp","href":"https:\/\/api.w.org\/{rel}","templated":true}]}}