{"id":10675,"date":"2022-10-09T22:13:20","date_gmt":"2022-10-09T20:13:20","guid":{"rendered":"https:\/\/www.lraloeverashop.eu\/product\/aloe-vera-sada-na-vlasy-a-telo\/"},"modified":"2026-04-06T12:07:43","modified_gmt":"2026-04-06T10:07:43","slug":"aloe-vera-sada-na-vlasy-a-telo","status":"publish","type":"product","link":"https:\/\/www.lraloeverashop.eu\/sk\/produkt\/aloe-vera-sada-na-vlasy-a-telo\/","title":{"rendered":"Aloe Vera Sada na Vlasy a Telo"},"content":{"rendered":"<h2><span style=\"font-size: 16pt;\"><strong>Aloe Vera Sada na Vlasy a Telo<\/strong><\/span><\/h2>\n<p><span style=\"font-size: 14pt;\"><strong>Aloe Vera Sada na Vlasy a Telo &#8211; Teraz sa m\u00f4\u017eete c\u00edti\u0165 \u00faplne osvie\u017eene.<\/strong><\/span><\/p>\n<p>S na\u0161ou perfektne sladenou sadou sa m\u00f4\u017eete c\u00edti\u0165 \u00faplne osvie\u017eene. Aloe Vera \u0160amp\u00f3n na vlasy jemne \u010dist\u00ed a hydratuje. Lr Aloe Vera Sprchov\u00fd g\u00e9l osvie\u017euje cel\u00e9 telo. S Aloe Vera telov\u00fdm balzamom sa intenz\u00edvne star\u00e1te o va\u0161u poko\u017eku.<\/p>\n<p><a href=\"https:\/\/www.lraloeverashop.eu\/sk\/produkt\/aloe-vera-nutri-repair-vlasovy-sampon\/\">\u0160amp\u00f3n na vlasy s aloe vera<\/a> obsahuje zlo\u017eky, ktor\u00e9 p\u00f4sobia ako magnet pri zbavovan\u00ed vlasov ne\u010dist\u00f4t, zanech\u00e1va ich \u010dist\u00e9, svie\u017ee a zdrav\u00e9. V\u010faka obsahu provitam\u00ednu B5 s\u00fa vlasy pevnej\u0161ie a hlad\u0161ie ako kedyko\u013evek predt\u00fdm. So 45 percentami obsahu aloe vera pom\u00e1ha hydratova\u0165 vlasy a rob\u00ed ich zdrav\u00fdmi. Zamilujete si ovocn\u00fa v\u00f4\u0148u \u0161amp\u00f3nu, ktor\u00e1 povzbud\u00ed va\u0161e zmysly.<\/p>\n<p>Vitalizuj\u00faci sprchov\u00fd g\u00e9l Aloe Vera s v\u00fd\u0165a\u017ekom z Aloe Vera a kiwi hydratuje a vy\u017eivuje poko\u017eku. Poskytuje jemn\u00e9 \u010distenie bez naru\u0161enia norm\u00e1lnej funkcie ochrann\u00e9ho kysl\u00e9ho pl\u00e1\u0161\u0165a poko\u017eky. Vhodn\u00e9 pre v\u0161etky typy pleti, dokonca aj pre <a href=\"https:\/\/www.lraloeverashop.eu\/sk\/produkt\/aloe-vera-hydratacny-gelovy-koncentrat\/\">extra such\u00fa<\/a> a citliv\u00fa poko\u017eku.<\/p>\n<p>Telov\u00fd balzam Aloe Vera pon\u00faka ide\u00e1lnu starostlivos\u0165 o poko\u017eku po \u010disten\u00ed v\u010faka hladkej text\u00fare a relaxa\u010dnej v\u00f4ni. <a href=\"https:\/\/www.lraloeverashop.eu\/sk\/produkt\/aloe-vera-hydratacny-telovy-balzam\/\">Hydrata\u010dn\u00fd telov\u00fd balzam<\/a> Aloe Vera so 69% obsahom Aloe Vera pon\u00faka bohat\u00fa vlhkos\u0165 a zanech\u00e1va svie\u017ei pocit na poko\u017eke.<\/p>\n<p>Nav\u0161t\u00edvte aj n\u00e1\u0161 blog a pre\u010d\u00edtajte si o Aloe Vera pre po\u0161koden\u00e9 vlasy<\/p>\n","protected":false},"excerpt":{"rendered":"<ul>\n<li>Starostlivos\u0165 o vlasy a telo<\/li>\n<li>Lr Aloe Vera V\u00fd\u017eivn\u00fd vlasov\u00fd \u0161amp\u00f3n \u010dist\u00ed jemne ka\u017ed\u00fd vlas<\/li>\n<li>Lr Aloe Vera hydrata\u010dn\u00fd telov\u00fd balz\u00e1m hladko vy\u017eivuje poko\u017eku<\/li>\n<li>Lr Aloe Vera Revitaliza\u010dn\u00fd sprchov\u00fd g\u00e9l osvie\u017euje<\/li>\n<li>Bez parab\u00e9nov<\/li>\n<\/ul>\n<p>&nbsp;<\/p>\n","protected":false},"featured_media":4888,"comment_status":"open","ping_status":"closed","template":"","meta":{"_kad_blocks_custom_css":"","_kad_blocks_head_custom_js":"","_kad_blocks_body_custom_js":"","_kad_blocks_footer_custom_js":"","_kadence_starter_templates_imported_post":false,"_kad_post_transparent":"default","_kad_post_title":"","_kad_post_layout":"default","_kad_post_sidebar_id":"","_kad_post_content_style":"default","_kad_post_vertical_padding":"default","_kad_post_feature":"","_kad_post_feature_position":"","_kad_post_header":false,"_kad_post_footer":false,"_kad_post_classname":""},"product_brand":[],"product_cat":[216,231,246],"product_tag":[627,625],"class_list":{"0":"post-10675","1":"product","2":"type-product","3":"status-publish","4":"has-post-thumbnail","6":"product_cat-aloe-vera-sk","7":"product_cat-starostlivost-o-telo","8":"product_cat-starostlivost-o-vlasy","9":"product_tag-sucha-koza","10":"product_tag-suche-vlasy","12":"first","13":"instock","14":"taxable","15":"shipping-taxable","16":"purchasable","17":"product-type-simple","18":"entry","19":"content-bg","20":"loop-entry"},"yoast_head":"<!-- This site is optimized with the Yoast SEO Premium plugin v27.4 (Yoast SEO v27.4) - https:\/\/yoast.com\/product\/yoast-seo-premium-wordpress\/ -->\n<title>Aloe Vera Sada na Vlasy a Telo pon\u00faka ide\u00e1lnu starostlivos\u0165<\/title>\n<meta name=\"description\" content=\"Aloe Vera Sada na Vlasy a Telo V\u00e1m pon\u00faka V\u00fd\u017eivn\u00fd \u0161amp\u00f3n, hydrata\u010dn\u00fd telov\u00fd balz\u00e1m a Revitaliza\u010dn\u00fd sprchov\u00fd g\u00e9l v tej najlep\u0161ej kvalite. Bez parab\u00e9nov\" \/>\n<meta name=\"robots\" content=\"index, follow, max-snippet:-1, max-image-preview:large, max-video-preview:-1\" \/>\n<link rel=\"canonical\" href=\"https:\/\/www.lraloeverashop.eu\/sk\/produkt\/aloe-vera-sada-na-vlasy-a-telo\/\" \/>\n<meta property=\"og:locale\" content=\"sk_SK\" \/>\n<meta property=\"og:type\" content=\"article\" \/>\n<meta property=\"og:title\" content=\"Aloe Vera Sada na Vlasy a Telo\" \/>\n<meta property=\"og:description\" content=\"Aloe Vera Sada na Vlasy a Telo V\u00e1m pon\u00faka V\u00fd\u017eivn\u00fd \u0161amp\u00f3n, hydrata\u010dn\u00fd telov\u00fd balz\u00e1m a Revitaliza\u010dn\u00fd sprchov\u00fd g\u00e9l v tej najlep\u0161ej kvalite. Bez parab\u00e9nov\" \/>\n<meta property=\"og:url\" content=\"https:\/\/www.lraloeverashop.eu\/sk\/produkt\/aloe-vera-sada-na-vlasy-a-telo\/\" \/>\n<meta property=\"og:site_name\" content=\"Lr Obchod Aloe Vera\" \/>\n<meta property=\"article:publisher\" content=\"https:\/\/www.facebook.com\/lraloeverashop.eu\" \/>\n<meta property=\"article:modified_time\" content=\"2026-04-06T10:07:43+00:00\" \/>\n<meta property=\"og:image\" content=\"https:\/\/www.lraloeverashop.eu\/wp-content\/uploads\/2022\/10\/Lr-Aloe-Vera-Hair-body-set.jpg\" \/>\n\t<meta property=\"og:image:width\" content=\"1200\" \/>\n\t<meta property=\"og:image:height\" content=\"1200\" \/>\n\t<meta property=\"og:image:type\" content=\"image\/jpeg\" \/>\n<meta name=\"twitter:card\" content=\"summary_large_image\" \/>\n<meta name=\"twitter:site\" content=\"@natur__kosmetik\" \/>\n<script type=\"application\/ld+json\" class=\"yoast-schema-graph\">{\"@context\":\"https:\\\/\\\/schema.org\",\"@graph\":[{\"@type\":[\"WebPage\",\"ItemPage\"],\"@id\":\"https:\\\/\\\/www.lraloeverashop.eu\\\/sk\\\/produkt\\\/aloe-vera-sada-na-vlasy-a-telo\\\/\",\"url\":\"https:\\\/\\\/www.lraloeverashop.eu\\\/sk\\\/produkt\\\/aloe-vera-sada-na-vlasy-a-telo\\\/\",\"name\":\"Aloe Vera Sada na Vlasy a Telo pon\u00faka ide\u00e1lnu starostlivos\u0165\",\"isPartOf\":{\"@id\":\"https:\\\/\\\/www.lraloeverashop.eu\\\/sk\\\/#website\"},\"primaryImageOfPage\":{\"@id\":\"https:\\\/\\\/www.lraloeverashop.eu\\\/sk\\\/produkt\\\/aloe-vera-sada-na-vlasy-a-telo\\\/#primaryimage\"},\"image\":{\"@id\":\"https:\\\/\\\/www.lraloeverashop.eu\\\/sk\\\/produkt\\\/aloe-vera-sada-na-vlasy-a-telo\\\/#primaryimage\"},\"thumbnailUrl\":\"https:\\\/\\\/www.lraloeverashop.eu\\\/wp-content\\\/uploads\\\/2022\\\/10\\\/Lr-Aloe-Vera-Hair-body-set.jpg\",\"datePublished\":\"2022-10-09T20:13:20+00:00\",\"dateModified\":\"2026-04-06T10:07:43+00:00\",\"description\":\"Aloe Vera Sada na Vlasy a Telo V\u00e1m pon\u00faka V\u00fd\u017eivn\u00fd \u0161amp\u00f3n, hydrata\u010dn\u00fd telov\u00fd balz\u00e1m a Revitaliza\u010dn\u00fd sprchov\u00fd g\u00e9l v tej najlep\u0161ej kvalite. Bez parab\u00e9nov\",\"breadcrumb\":{\"@id\":\"https:\\\/\\\/www.lraloeverashop.eu\\\/sk\\\/produkt\\\/aloe-vera-sada-na-vlasy-a-telo\\\/#breadcrumb\"},\"inLanguage\":\"sk-SK\",\"potentialAction\":[{\"@type\":\"ReadAction\",\"target\":[\"https:\\\/\\\/www.lraloeverashop.eu\\\/sk\\\/produkt\\\/aloe-vera-sada-na-vlasy-a-telo\\\/\"]}]},{\"@type\":\"ImageObject\",\"inLanguage\":\"sk-SK\",\"@id\":\"https:\\\/\\\/www.lraloeverashop.eu\\\/sk\\\/produkt\\\/aloe-vera-sada-na-vlasy-a-telo\\\/#primaryimage\",\"url\":\"https:\\\/\\\/www.lraloeverashop.eu\\\/wp-content\\\/uploads\\\/2022\\\/10\\\/Lr-Aloe-Vera-Hair-body-set.jpg\",\"contentUrl\":\"https:\\\/\\\/www.lraloeverashop.eu\\\/wp-content\\\/uploads\\\/2022\\\/10\\\/Lr-Aloe-Vera-Hair-body-set.jpg\",\"width\":1200,\"height\":1200,\"caption\":\"Lr Aloe Vera Sada na Vlasy a Telo - Starostlivos\u0165 a \u010distenie pre vlasy a telo\"},{\"@type\":\"BreadcrumbList\",\"@id\":\"https:\\\/\\\/www.lraloeverashop.eu\\\/sk\\\/produkt\\\/aloe-vera-sada-na-vlasy-a-telo\\\/#breadcrumb\",\"itemListElement\":[{\"@type\":\"ListItem\",\"position\":1,\"name\":\"Home\",\"item\":\"https:\\\/\\\/www.lraloeverashop.eu\\\/sk\\\/\"},{\"@type\":\"ListItem\",\"position\":2,\"name\":\"Obchod\",\"item\":\"https:\\\/\\\/www.lraloeverashop.eu\\\/shop\\\/\"},{\"@type\":\"ListItem\",\"position\":3,\"name\":\"Aloe Vera Sada na Vlasy a Telo\"}]},{\"@type\":\"WebSite\",\"@id\":\"https:\\\/\\\/www.lraloeverashop.eu\\\/sk\\\/#website\",\"url\":\"https:\\\/\\\/www.lraloeverashop.eu\\\/sk\\\/\",\"name\":\"Lr Obchod Aloe Vera\",\"description\":\"High Quality Lr Aloe Vera Gel, Aloe Vera Cream and Shampoo\",\"publisher\":{\"@id\":\"https:\\\/\\\/www.lraloeverashop.eu\\\/sk\\\/#organization\"},\"potentialAction\":[{\"@type\":\"SearchAction\",\"target\":{\"@type\":\"EntryPoint\",\"urlTemplate\":\"https:\\\/\\\/www.lraloeverashop.eu\\\/sk\\\/?s={search_term_string}\"},\"query-input\":{\"@type\":\"PropertyValueSpecification\",\"valueRequired\":true,\"valueName\":\"search_term_string\"}}],\"inLanguage\":\"sk-SK\"},{\"@type\":\"Organization\",\"@id\":\"https:\\\/\\\/www.lraloeverashop.eu\\\/sk\\\/#organization\",\"name\":\"Lr Obchod Aloe Vera\",\"alternateName\":\"LR\",\"url\":\"https:\\\/\\\/www.lraloeverashop.eu\\\/sk\\\/\",\"logo\":{\"@type\":\"ImageObject\",\"inLanguage\":\"sk-SK\",\"@id\":\"https:\\\/\\\/www.lraloeverashop.eu\\\/sk\\\/#\\\/schema\\\/logo\\\/image\\\/\",\"url\":\"https:\\\/\\\/www.lraloeverashop.eu\\\/wp-content\\\/uploads\\\/2022\\\/09\\\/cropped-Lr-Aloe-Vera-Shop.jpg\",\"contentUrl\":\"https:\\\/\\\/www.lraloeverashop.eu\\\/wp-content\\\/uploads\\\/2022\\\/09\\\/cropped-Lr-Aloe-Vera-Shop.jpg\",\"width\":228,\"height\":76,\"caption\":\"Lr Obchod Aloe Vera\"},\"image\":{\"@id\":\"https:\\\/\\\/www.lraloeverashop.eu\\\/sk\\\/#\\\/schema\\\/logo\\\/image\\\/\"},\"sameAs\":[\"https:\\\/\\\/www.facebook.com\\\/lraloeverashop.eu\",\"https:\\\/\\\/x.com\\\/natur__kosmetik\",\"https:\\\/\\\/www.youtube.com\\\/channel\\\/UC5oN7BJ8nfYb8RpVtjwDEBA\",\"https:\\\/\\\/www.instagram.com\\\/lrbeautyeu\\\/\"],\"description\":\"Obchod Lr Aloe Vera je va\u0161\u00edm d\u00f4veryhodn\u00fdm miestom pre pr\u00e9miov\u00e9 produkty LR Health & Beauty vyroben\u00e9 v Nemecku. Pon\u00fakame vysokokvalitn\u00e9 rie\u0161enia starostlivosti o ple\u0165 s Aloe Vera, v\u00fd\u017eivu a proti starnutiu, vyroben\u00e9 z \u010dist\u00fdch ingredienci\u00ed a podlo\u017een\u00e9 vedeck\u00fdm v\u00fdskumom. Objavte pr\u00edrodn\u00fa starostlivos\u0165, ktor\u00e1 regeneruje, chr\u00e1ni a revitalizuje va\u0161u ple\u0165 \u2013 a vyu\u017eite exkluz\u00edvne mesa\u010dn\u00e9 ponuky na na\u0161e najpred\u00e1vanej\u0161ie produkty LR Aloe Vera.\\nZa\u010dnite svoju cestu za pr\u00edrodnou starostlivos\u0165ou o ple\u0165 e\u0161te dnes a poc\u00ed\u0165te rozdiel.\",\"email\":\"info@lraloeverashop.eu\",\"telephone\":\"+49 17670609653\",\"legalName\":\"Lr Aloe Vera Shop\",\"foundingDate\":\"2018-04-21\",\"numberOfEmployees\":{\"@type\":\"QuantitativeValue\",\"minValue\":\"1\",\"maxValue\":\"10\"}}]}<\/script>\n<meta property=\"product:price:amount\" content=\"44.52\" \/>\n<meta property=\"product:price:currency\" content=\"EUR\" \/>\n<meta property=\"og:availability\" content=\"instock\" \/>\n<meta property=\"product:availability\" content=\"instock\" \/>\n<meta property=\"product:retailer_item_id\" content=\"20706-201SK\" \/>\n<meta property=\"product:condition\" content=\"new\" \/>\n<!-- \/ Yoast SEO Premium plugin. -->","yoast_head_json":{"title":"Aloe Vera Sada na Vlasy a Telo pon\u00faka ide\u00e1lnu starostlivos\u0165","description":"Aloe Vera Sada na Vlasy a Telo V\u00e1m pon\u00faka V\u00fd\u017eivn\u00fd \u0161amp\u00f3n, hydrata\u010dn\u00fd telov\u00fd balz\u00e1m a Revitaliza\u010dn\u00fd sprchov\u00fd g\u00e9l v tej najlep\u0161ej kvalite. Bez parab\u00e9nov","robots":{"index":"index","follow":"follow","max-snippet":"max-snippet:-1","max-image-preview":"max-image-preview:large","max-video-preview":"max-video-preview:-1"},"canonical":"https:\/\/www.lraloeverashop.eu\/sk\/produkt\/aloe-vera-sada-na-vlasy-a-telo\/","og_locale":"sk_SK","og_type":"article","og_title":"Aloe Vera Sada na Vlasy a Telo","og_description":"Aloe Vera Sada na Vlasy a Telo V\u00e1m pon\u00faka V\u00fd\u017eivn\u00fd \u0161amp\u00f3n, hydrata\u010dn\u00fd telov\u00fd balz\u00e1m a Revitaliza\u010dn\u00fd sprchov\u00fd g\u00e9l v tej najlep\u0161ej kvalite. Bez parab\u00e9nov","og_url":"https:\/\/www.lraloeverashop.eu\/sk\/produkt\/aloe-vera-sada-na-vlasy-a-telo\/","og_site_name":"Lr Obchod Aloe Vera","article_publisher":"https:\/\/www.facebook.com\/lraloeverashop.eu","article_modified_time":"2026-04-06T10:07:43+00:00","og_image":[{"width":1200,"height":1200,"url":"https:\/\/www.lraloeverashop.eu\/wp-content\/uploads\/2022\/10\/Lr-Aloe-Vera-Hair-body-set.jpg","type":"image\/jpeg"}],"twitter_card":"summary_large_image","twitter_site":"@natur__kosmetik","schema":{"@context":"https:\/\/schema.org","@graph":[{"@type":["WebPage","ItemPage"],"@id":"https:\/\/www.lraloeverashop.eu\/sk\/produkt\/aloe-vera-sada-na-vlasy-a-telo\/","url":"https:\/\/www.lraloeverashop.eu\/sk\/produkt\/aloe-vera-sada-na-vlasy-a-telo\/","name":"Aloe Vera Sada na Vlasy a Telo pon\u00faka ide\u00e1lnu starostlivos\u0165","isPartOf":{"@id":"https:\/\/www.lraloeverashop.eu\/sk\/#website"},"primaryImageOfPage":{"@id":"https:\/\/www.lraloeverashop.eu\/sk\/produkt\/aloe-vera-sada-na-vlasy-a-telo\/#primaryimage"},"image":{"@id":"https:\/\/www.lraloeverashop.eu\/sk\/produkt\/aloe-vera-sada-na-vlasy-a-telo\/#primaryimage"},"thumbnailUrl":"https:\/\/www.lraloeverashop.eu\/wp-content\/uploads\/2022\/10\/Lr-Aloe-Vera-Hair-body-set.jpg","datePublished":"2022-10-09T20:13:20+00:00","dateModified":"2026-04-06T10:07:43+00:00","description":"Aloe Vera Sada na Vlasy a Telo V\u00e1m pon\u00faka V\u00fd\u017eivn\u00fd \u0161amp\u00f3n, hydrata\u010dn\u00fd telov\u00fd balz\u00e1m a Revitaliza\u010dn\u00fd sprchov\u00fd g\u00e9l v tej najlep\u0161ej kvalite. Bez parab\u00e9nov","breadcrumb":{"@id":"https:\/\/www.lraloeverashop.eu\/sk\/produkt\/aloe-vera-sada-na-vlasy-a-telo\/#breadcrumb"},"inLanguage":"sk-SK","potentialAction":[{"@type":"ReadAction","target":["https:\/\/www.lraloeverashop.eu\/sk\/produkt\/aloe-vera-sada-na-vlasy-a-telo\/"]}]},{"@type":"ImageObject","inLanguage":"sk-SK","@id":"https:\/\/www.lraloeverashop.eu\/sk\/produkt\/aloe-vera-sada-na-vlasy-a-telo\/#primaryimage","url":"https:\/\/www.lraloeverashop.eu\/wp-content\/uploads\/2022\/10\/Lr-Aloe-Vera-Hair-body-set.jpg","contentUrl":"https:\/\/www.lraloeverashop.eu\/wp-content\/uploads\/2022\/10\/Lr-Aloe-Vera-Hair-body-set.jpg","width":1200,"height":1200,"caption":"Lr Aloe Vera Sada na Vlasy a Telo - Starostlivos\u0165 a \u010distenie pre vlasy a telo"},{"@type":"BreadcrumbList","@id":"https:\/\/www.lraloeverashop.eu\/sk\/produkt\/aloe-vera-sada-na-vlasy-a-telo\/#breadcrumb","itemListElement":[{"@type":"ListItem","position":1,"name":"Home","item":"https:\/\/www.lraloeverashop.eu\/sk\/"},{"@type":"ListItem","position":2,"name":"Obchod","item":"https:\/\/www.lraloeverashop.eu\/shop\/"},{"@type":"ListItem","position":3,"name":"Aloe Vera Sada na Vlasy a Telo"}]},{"@type":"WebSite","@id":"https:\/\/www.lraloeverashop.eu\/sk\/#website","url":"https:\/\/www.lraloeverashop.eu\/sk\/","name":"Lr Obchod Aloe Vera","description":"High Quality Lr Aloe Vera Gel, Aloe Vera Cream and Shampoo","publisher":{"@id":"https:\/\/www.lraloeverashop.eu\/sk\/#organization"},"potentialAction":[{"@type":"SearchAction","target":{"@type":"EntryPoint","urlTemplate":"https:\/\/www.lraloeverashop.eu\/sk\/?s={search_term_string}"},"query-input":{"@type":"PropertyValueSpecification","valueRequired":true,"valueName":"search_term_string"}}],"inLanguage":"sk-SK"},{"@type":"Organization","@id":"https:\/\/www.lraloeverashop.eu\/sk\/#organization","name":"Lr Obchod Aloe Vera","alternateName":"LR","url":"https:\/\/www.lraloeverashop.eu\/sk\/","logo":{"@type":"ImageObject","inLanguage":"sk-SK","@id":"https:\/\/www.lraloeverashop.eu\/sk\/#\/schema\/logo\/image\/","url":"https:\/\/www.lraloeverashop.eu\/wp-content\/uploads\/2022\/09\/cropped-Lr-Aloe-Vera-Shop.jpg","contentUrl":"https:\/\/www.lraloeverashop.eu\/wp-content\/uploads\/2022\/09\/cropped-Lr-Aloe-Vera-Shop.jpg","width":228,"height":76,"caption":"Lr Obchod Aloe Vera"},"image":{"@id":"https:\/\/www.lraloeverashop.eu\/sk\/#\/schema\/logo\/image\/"},"sameAs":["https:\/\/www.facebook.com\/lraloeverashop.eu","https:\/\/x.com\/natur__kosmetik","https:\/\/www.youtube.com\/channel\/UC5oN7BJ8nfYb8RpVtjwDEBA","https:\/\/www.instagram.com\/lrbeautyeu\/"],"description":"Obchod Lr Aloe Vera je va\u0161\u00edm d\u00f4veryhodn\u00fdm miestom pre pr\u00e9miov\u00e9 produkty LR Health & Beauty vyroben\u00e9 v Nemecku. Pon\u00fakame vysokokvalitn\u00e9 rie\u0161enia starostlivosti o ple\u0165 s Aloe Vera, v\u00fd\u017eivu a proti starnutiu, vyroben\u00e9 z \u010dist\u00fdch ingredienci\u00ed a podlo\u017een\u00e9 vedeck\u00fdm v\u00fdskumom. Objavte pr\u00edrodn\u00fa starostlivos\u0165, ktor\u00e1 regeneruje, chr\u00e1ni a revitalizuje va\u0161u ple\u0165 \u2013 a vyu\u017eite exkluz\u00edvne mesa\u010dn\u00e9 ponuky na na\u0161e najpred\u00e1vanej\u0161ie produkty LR Aloe Vera.\nZa\u010dnite svoju cestu za pr\u00edrodnou starostlivos\u0165ou o ple\u0165 e\u0161te dnes a poc\u00ed\u0165te rozdiel.","email":"info@lraloeverashop.eu","telephone":"+49 17670609653","legalName":"Lr Aloe Vera Shop","foundingDate":"2018-04-21","numberOfEmployees":{"@type":"QuantitativeValue","minValue":"1","maxValue":"10"}}]},"product_price_amount":"44.52","product_price_currency":"EUR","og_availability":"instock","product_availability":"instock","product_retailer_item_id":"20706-201SK","product_condition":"new"},"taxonomy_info":{"product_cat":[{"value":216,"label":"Aloe Vera"},{"value":231,"label":"Starostlivos\u0165 o telo"},{"value":246,"label":"Starostlivos\u0165 o vlasy"}],"product_tag":[{"value":627,"label":"Such\u00e1 ko\u017ea"},{"value":625,"label":"Such\u00e9 vlasy"}]},"featured_image_src_large":["https:\/\/www.lraloeverashop.eu\/wp-content\/uploads\/2022\/10\/Lr-Aloe-Vera-Hair-body-set-1024x1024.jpg",1024,1024,true],"author_info":[],"comment_info":0,"_links":{"self":[{"href":"https:\/\/www.lraloeverashop.eu\/sk\/wp-json\/wp\/v2\/product\/10675","targetHints":{"allow":["GET"]}}],"collection":[{"href":"https:\/\/www.lraloeverashop.eu\/sk\/wp-json\/wp\/v2\/product"}],"about":[{"href":"https:\/\/www.lraloeverashop.eu\/sk\/wp-json\/wp\/v2\/types\/product"}],"replies":[{"embeddable":true,"href":"https:\/\/www.lraloeverashop.eu\/sk\/wp-json\/wp\/v2\/comments?post=10675"}],"wp:featuredmedia":[{"embeddable":true,"href":"https:\/\/www.lraloeverashop.eu\/sk\/wp-json\/wp\/v2\/media\/4888"}],"wp:attachment":[{"href":"https:\/\/www.lraloeverashop.eu\/sk\/wp-json\/wp\/v2\/media?parent=10675"}],"wp:term":[{"taxonomy":"product_brand","embeddable":true,"href":"https:\/\/www.lraloeverashop.eu\/sk\/wp-json\/wp\/v2\/product_brand?post=10675"},{"taxonomy":"product_cat","embeddable":true,"href":"https:\/\/www.lraloeverashop.eu\/sk\/wp-json\/wp\/v2\/product_cat?post=10675"},{"taxonomy":"product_tag","embeddable":true,"href":"https:\/\/www.lraloeverashop.eu\/sk\/wp-json\/wp\/v2\/product_tag?post=10675"}],"curies":[{"name":"wp","href":"https:\/\/api.w.org\/{rel}","templated":true}]}}