{"id":10667,"date":"2022-10-09T22:40:39","date_gmt":"2022-10-09T20:40:39","guid":{"rendered":"https:\/\/www.lraloeverashop.eu\/product\/aloe-vera-nutri-repair-leave-in-kura\/"},"modified":"2025-04-01T20:46:44","modified_gmt":"2025-04-01T18:46:44","slug":"aloe-vera-nutri-repair-leave-in-kura","status":"publish","type":"product","link":"https:\/\/www.lraloeverashop.eu\/sk\/produkt\/aloe-vera-nutri-repair-leave-in-kura\/","title":{"rendered":"K\u00fara na Vlasy Aloe Vera"},"content":{"rendered":"<h2><span style=\"font-size: 16pt;\"><strong>K\u00fara na Vlasy Aloe Vera<\/strong><\/span><\/h2>\n<p><span style=\"font-size: 14pt;\"><strong>K\u00fara na Vlasy Aloe Vera &#8211; kr\u00e1sa a \u0161t\u00fdlov\u00e9 o\u0161etrenie pre kr\u00e1sne vlasy<\/strong><\/span><\/p>\n<p>K\u00fara na Vlasy d\u00e1va vlasom lesk, zdravie a rob\u00ed ich super hladk\u00e9.<\/p>\n<p>Aloe Vera Nutri Repair Leave-In K\u00fara p\u00f4sob\u00ed ako ochran\u00fd \u0161t\u00edt a vy\u017eivuje vlasy t\u00fdm, \u017ee zabra\u0148uje po\u0161kodeniu sp\u00f4soben\u00e9mu nadmern\u00fdm pou\u017e\u00edvan\u00edm stylingov\u00fdch v\u00fdrobkov. Kombin\u00e1cia \u00fa\u010dinn\u00fdch zlo\u017eiek a 60% aloe vera g\u00e9lu spolu s organick\u00fdm bambusov\u00fdm extraktom to rob\u00ed <a href=\"https:\/\/www.lraloeverashop.eu\/sk\/aloe-vera-na-vlasy-nutri-repair-kura-na-suche-a-poskodene-vlasy\/\">perfektne pre va\u0161e vlasy<\/a>.<\/p>\n<p>&nbsp;<\/p>\n<h3><span style=\"font-size: 16pt;\"><strong>Ako pou\u017eiva\u0165 Aloe Vera Nutri Repair\u00a0<\/strong><\/span><\/h3>\n<p>Naneste mal\u00e9 mno\u017estvo na \u010dist\u00e9 vlasy pred vyhladzovan\u00edm, su\u0161en\u00edm a vytvrdnut\u00edm. Nie je potrebn\u00e9 opl\u00e1chnutie. Pri <a href=\"https:\/\/www.lraloeverashop.eu\/sk\/produkt\/aloe-vera-nutri-repair-vlasova-maska\/\">such\u00fdch vlasoch<\/a> nasprejujte v\u00e4\u010d\u0161ie mno\u017estvo, a\u017e k\u00fdm nenadobudnu po\u017eadovan\u00fd lesk.<\/p>\n<p>&nbsp;<\/p>\n<h4><span style=\"font-size: 16pt;\"><strong>Vedeli ste?<\/strong><\/span><\/h4>\n<p>Extr\u00e9mne teplo, napr\u00edklad sp\u00f4soben\u00e9 f\u00e9novan\u00edm alebo narovn\u00e1van\u00edm, nap\u00e1da kutikulu vlasov. Bez n\u00e1le\u017eitej ochrany by vlasy vyschli, vyzerali krehko a vlasy by sa mohli dokonca l\u00e1ma\u0165.<\/p>\n<p>Nav\u0161t\u00edvte na\u0161u kateg\u00f3riu Aloe Vera starostlivosti o vlasy.<\/p>\n","protected":false},"excerpt":{"rendered":"<ul>\n<li>Ochrana pred teplom a po\u0161koden\u00edm, aby vlasy boli zdrav\u00e9 a leskl\u00e9<\/li>\n<li>Obsahuje 60% aloe vera g\u00e9l a pr\u00edrodn\u00fd bambusov\u00fd extrakt (organick\u00fd)<\/li>\n<li>Chr\u00e1ni vlasy pred teplom, ktor\u00e9 sp\u00f4sobuje po\u0161kodenie<\/li>\n<li>D\u00e1va vlasom straten\u00fa vlhkos\u0165<\/li>\n<li>Ide\u00e1lny na pou\u017eitie na such\u00e9 alebo mokr\u00e9 vlasy pred stylingom<\/li>\n<li>Obsah: 150 ml<\/li>\n<\/ul>\n<p>&nbsp;<\/p>\n","protected":false},"featured_media":4354,"comment_status":"open","ping_status":"closed","template":"","meta":{"_kad_blocks_custom_css":"","_kad_blocks_head_custom_js":"","_kad_blocks_body_custom_js":"","_kad_blocks_footer_custom_js":"","_kadence_starter_templates_imported_post":false,"_kad_post_transparent":"default","_kad_post_title":"","_kad_post_layout":"default","_kad_post_sidebar_id":"","_kad_post_content_style":"default","_kad_post_vertical_padding":"default","_kad_post_feature":"","_kad_post_feature_position":"","_kad_post_header":false,"_kad_post_footer":false,"_kad_post_classname":""},"product_brand":[],"product_cat":[216,246],"product_tag":[621,625],"class_list":{"0":"post-10667","1":"product","2":"type-product","3":"status-publish","4":"has-post-thumbnail","6":"product_cat-aloe-vera-sk","7":"product_cat-starostlivost-o-vlasy","8":"product_tag-poskodene-vlasy","9":"product_tag-suche-vlasy","11":"first","12":"instock","13":"taxable","14":"shipping-taxable","15":"purchasable","16":"product-type-simple","17":"entry","18":"content-bg","19":"loop-entry"},"yoast_head":"<!-- This site is optimized with the Yoast SEO Premium plugin v27.5 (Yoast SEO v27.5) - https:\/\/yoast.com\/product\/yoast-seo-premium-wordpress\/ -->\n<title>K\u00fara na Vlasy Aloe Vera d\u00e1va vlasom lesk a rob\u00ed ich super hladk\u00e9.<\/title>\n<meta name=\"description\" content=\"K\u00fara na Vlasy Aloe Vera p\u00f4sob\u00ed ako ochran\u00fd \u0161t\u00edt a vy\u017eivuje vlasy t\u00fdm, \u017ee zabra\u0148uje po\u0161kodeniu sp\u00f4soben\u00e9mu pou\u017e\u00edvan\u00edm stylingov\u00fdch v\u00fdrobkov.\" \/>\n<meta name=\"robots\" content=\"index, follow, max-snippet:-1, max-image-preview:large, max-video-preview:-1\" \/>\n<link rel=\"canonical\" href=\"https:\/\/www.lraloeverashop.eu\/sk\/produkt\/aloe-vera-nutri-repair-leave-in-kura\/\" \/>\n<meta property=\"og:locale\" content=\"sk_SK\" \/>\n<meta property=\"og:type\" content=\"article\" \/>\n<meta property=\"og:title\" content=\"K\u00fara na Vlasy Aloe Vera\" \/>\n<meta property=\"og:description\" content=\"K\u00fara na Vlasy Aloe Vera p\u00f4sob\u00ed ako ochran\u00fd \u0161t\u00edt a vy\u017eivuje vlasy t\u00fdm, \u017ee zabra\u0148uje po\u0161kodeniu sp\u00f4soben\u00e9mu pou\u017e\u00edvan\u00edm stylingov\u00fdch v\u00fdrobkov.\" \/>\n<meta property=\"og:url\" content=\"https:\/\/www.lraloeverashop.eu\/sk\/produkt\/aloe-vera-nutri-repair-leave-in-kura\/\" \/>\n<meta property=\"og:site_name\" content=\"Lr Obchod Aloe Vera\" \/>\n<meta property=\"article:publisher\" content=\"https:\/\/www.facebook.com\/lraloeverashop.eu\" \/>\n<meta property=\"article:modified_time\" content=\"2025-04-01T18:46:44+00:00\" \/>\n<meta property=\"og:image\" content=\"https:\/\/www.lraloeverashop.eu\/wp-content\/uploads\/2022\/10\/Hair-Cure-From-Lr-Aloe-Vera.jpg\" \/>\n\t<meta property=\"og:image:width\" content=\"1200\" \/>\n\t<meta property=\"og:image:height\" content=\"1200\" \/>\n\t<meta property=\"og:image:type\" content=\"image\/jpeg\" \/>\n<meta name=\"twitter:card\" content=\"summary_large_image\" \/>\n<meta name=\"twitter:site\" content=\"@natur__kosmetik\" \/>\n<script type=\"application\/ld+json\" class=\"yoast-schema-graph\">{\"@context\":\"https:\\\/\\\/schema.org\",\"@graph\":[{\"@type\":[\"WebPage\",\"ItemPage\"],\"@id\":\"https:\\\/\\\/www.lraloeverashop.eu\\\/sk\\\/produkt\\\/aloe-vera-nutri-repair-leave-in-kura\\\/\",\"url\":\"https:\\\/\\\/www.lraloeverashop.eu\\\/sk\\\/produkt\\\/aloe-vera-nutri-repair-leave-in-kura\\\/\",\"name\":\"K\u00fara na Vlasy Aloe Vera d\u00e1va vlasom lesk a rob\u00ed ich super hladk\u00e9.\",\"isPartOf\":{\"@id\":\"https:\\\/\\\/www.lraloeverashop.eu\\\/sk\\\/#website\"},\"primaryImageOfPage\":{\"@id\":\"https:\\\/\\\/www.lraloeverashop.eu\\\/sk\\\/produkt\\\/aloe-vera-nutri-repair-leave-in-kura\\\/#primaryimage\"},\"image\":{\"@id\":\"https:\\\/\\\/www.lraloeverashop.eu\\\/sk\\\/produkt\\\/aloe-vera-nutri-repair-leave-in-kura\\\/#primaryimage\"},\"thumbnailUrl\":\"https:\\\/\\\/www.lraloeverashop.eu\\\/wp-content\\\/uploads\\\/2022\\\/10\\\/Hair-Cure-From-Lr-Aloe-Vera.jpg\",\"datePublished\":\"2022-10-09T20:40:39+00:00\",\"dateModified\":\"2025-04-01T18:46:44+00:00\",\"description\":\"K\u00fara na Vlasy Aloe Vera p\u00f4sob\u00ed ako ochran\u00fd \u0161t\u00edt a vy\u017eivuje vlasy t\u00fdm, \u017ee zabra\u0148uje po\u0161kodeniu sp\u00f4soben\u00e9mu pou\u017e\u00edvan\u00edm stylingov\u00fdch v\u00fdrobkov.\",\"breadcrumb\":{\"@id\":\"https:\\\/\\\/www.lraloeverashop.eu\\\/sk\\\/produkt\\\/aloe-vera-nutri-repair-leave-in-kura\\\/#breadcrumb\"},\"inLanguage\":\"sk-SK\",\"potentialAction\":[{\"@type\":\"ReadAction\",\"target\":[\"https:\\\/\\\/www.lraloeverashop.eu\\\/sk\\\/produkt\\\/aloe-vera-nutri-repair-leave-in-kura\\\/\"]}]},{\"@type\":\"ImageObject\",\"inLanguage\":\"sk-SK\",\"@id\":\"https:\\\/\\\/www.lraloeverashop.eu\\\/sk\\\/produkt\\\/aloe-vera-nutri-repair-leave-in-kura\\\/#primaryimage\",\"url\":\"https:\\\/\\\/www.lraloeverashop.eu\\\/wp-content\\\/uploads\\\/2022\\\/10\\\/Hair-Cure-From-Lr-Aloe-Vera.jpg\",\"contentUrl\":\"https:\\\/\\\/www.lraloeverashop.eu\\\/wp-content\\\/uploads\\\/2022\\\/10\\\/Hair-Cure-From-Lr-Aloe-Vera.jpg\",\"width\":1200,\"height\":1200,\"caption\":\"Aloe Vera Nutri Repair Leave-In K\u00fara d\u00e1va vlasom straten\u00fa vlhkos\u0165\"},{\"@type\":\"BreadcrumbList\",\"@id\":\"https:\\\/\\\/www.lraloeverashop.eu\\\/sk\\\/produkt\\\/aloe-vera-nutri-repair-leave-in-kura\\\/#breadcrumb\",\"itemListElement\":[{\"@type\":\"ListItem\",\"position\":1,\"name\":\"Home\",\"item\":\"https:\\\/\\\/www.lraloeverashop.eu\\\/sk\\\/aloe-vera-obchod-vsetko-pre-vasu-krasu-a-pohodu\\\/\"},{\"@type\":\"ListItem\",\"position\":2,\"name\":\"Obchod\",\"item\":\"https:\\\/\\\/www.lraloeverashop.eu\\\/sk\\\/obchod\\\/\"},{\"@type\":\"ListItem\",\"position\":3,\"name\":\"K\u00fara na Vlasy Aloe Vera\"}]},{\"@type\":\"WebSite\",\"@id\":\"https:\\\/\\\/www.lraloeverashop.eu\\\/sk\\\/#website\",\"url\":\"https:\\\/\\\/www.lraloeverashop.eu\\\/sk\\\/\",\"name\":\"Lr Obchod Aloe Vera\",\"description\":\"High Quality Lr Aloe Vera Gel, Aloe Vera Cream and Shampoo\",\"publisher\":{\"@id\":\"https:\\\/\\\/www.lraloeverashop.eu\\\/sk\\\/#organization\"},\"alternateName\":\"LR\",\"potentialAction\":[{\"@type\":\"SearchAction\",\"target\":{\"@type\":\"EntryPoint\",\"urlTemplate\":\"https:\\\/\\\/www.lraloeverashop.eu\\\/sk\\\/?s={search_term_string}\"},\"query-input\":{\"@type\":\"PropertyValueSpecification\",\"valueRequired\":true,\"valueName\":\"search_term_string\"}}],\"inLanguage\":\"sk-SK\"},{\"@type\":\"Organization\",\"@id\":\"https:\\\/\\\/www.lraloeverashop.eu\\\/sk\\\/#organization\",\"name\":\"Lr Obchod Aloe Vera\",\"alternateName\":\"LR\",\"url\":\"https:\\\/\\\/www.lraloeverashop.eu\\\/sk\\\/\",\"logo\":{\"@type\":\"ImageObject\",\"inLanguage\":\"sk-SK\",\"@id\":\"https:\\\/\\\/www.lraloeverashop.eu\\\/sk\\\/#\\\/schema\\\/logo\\\/image\\\/\",\"url\":\"https:\\\/\\\/www.lraloeverashop.eu\\\/wp-content\\\/uploads\\\/2022\\\/09\\\/cropped-Lr-Aloe-Vera-Shop.jpg\",\"contentUrl\":\"https:\\\/\\\/www.lraloeverashop.eu\\\/wp-content\\\/uploads\\\/2022\\\/09\\\/cropped-Lr-Aloe-Vera-Shop.jpg\",\"width\":228,\"height\":76,\"caption\":\"Lr Obchod Aloe Vera\"},\"image\":{\"@id\":\"https:\\\/\\\/www.lraloeverashop.eu\\\/sk\\\/#\\\/schema\\\/logo\\\/image\\\/\"},\"sameAs\":[\"https:\\\/\\\/www.facebook.com\\\/lraloeverashop.eu\",\"https:\\\/\\\/x.com\\\/natur__kosmetik\",\"https:\\\/\\\/www.youtube.com\\\/channel\\\/UC5oN7BJ8nfYb8RpVtjwDEBA\",\"https:\\\/\\\/www.instagram.com\\\/lrbeautyeu\\\/\"],\"description\":\"Obchod Lr Aloe Vera je va\u0161\u00edm d\u00f4veryhodn\u00fdm miestom pre pr\u00e9miov\u00e9 produkty LR Health & Beauty vyroben\u00e9 v Nemecku. Pon\u00fakame vysokokvalitn\u00e9 rie\u0161enia starostlivosti o ple\u0165 s Aloe Vera, v\u00fd\u017eivu a proti starnutiu, vyroben\u00e9 z \u010dist\u00fdch ingredienci\u00ed a podlo\u017een\u00e9 vedeck\u00fdm v\u00fdskumom. Objavte pr\u00edrodn\u00fa starostlivos\u0165, ktor\u00e1 regeneruje, chr\u00e1ni a revitalizuje va\u0161u ple\u0165 \u2013 a vyu\u017eite exkluz\u00edvne mesa\u010dn\u00e9 ponuky na na\u0161e najpred\u00e1vanej\u0161ie produkty LR Aloe Vera.\\nZa\u010dnite svoju cestu za pr\u00edrodnou starostlivos\u0165ou o ple\u0165 e\u0161te dnes a poc\u00ed\u0165te rozdiel.\",\"email\":\"info@lraloeverashop.eu\",\"telephone\":\"+49 17670609653\",\"legalName\":\"Lr Aloe Vera Shop\",\"foundingDate\":\"2018-04-21\",\"numberOfEmployees\":{\"@type\":\"QuantitativeValue\",\"minValue\":\"1\",\"maxValue\":\"10\"}}]}<\/script>\n<meta property=\"product:price:amount\" content=\"15.39\" \/>\n<meta property=\"product:price:currency\" content=\"EUR\" \/>\n<meta property=\"og:availability\" content=\"instock\" \/>\n<meta property=\"product:availability\" content=\"instock\" \/>\n<meta property=\"product:retailer_item_id\" content=\"20647-1SK\" \/>\n<meta property=\"product:condition\" content=\"new\" \/>\n<!-- \/ Yoast SEO Premium plugin. -->","yoast_head_json":{"title":"K\u00fara na Vlasy Aloe Vera d\u00e1va vlasom lesk a rob\u00ed ich super hladk\u00e9.","description":"K\u00fara na Vlasy Aloe Vera p\u00f4sob\u00ed ako ochran\u00fd \u0161t\u00edt a vy\u017eivuje vlasy t\u00fdm, \u017ee zabra\u0148uje po\u0161kodeniu sp\u00f4soben\u00e9mu pou\u017e\u00edvan\u00edm stylingov\u00fdch v\u00fdrobkov.","robots":{"index":"index","follow":"follow","max-snippet":"max-snippet:-1","max-image-preview":"max-image-preview:large","max-video-preview":"max-video-preview:-1"},"canonical":"https:\/\/www.lraloeverashop.eu\/sk\/produkt\/aloe-vera-nutri-repair-leave-in-kura\/","og_locale":"sk_SK","og_type":"article","og_title":"K\u00fara na Vlasy Aloe Vera","og_description":"K\u00fara na Vlasy Aloe Vera p\u00f4sob\u00ed ako ochran\u00fd \u0161t\u00edt a vy\u017eivuje vlasy t\u00fdm, \u017ee zabra\u0148uje po\u0161kodeniu sp\u00f4soben\u00e9mu pou\u017e\u00edvan\u00edm stylingov\u00fdch v\u00fdrobkov.","og_url":"https:\/\/www.lraloeverashop.eu\/sk\/produkt\/aloe-vera-nutri-repair-leave-in-kura\/","og_site_name":"Lr Obchod Aloe Vera","article_publisher":"https:\/\/www.facebook.com\/lraloeverashop.eu","article_modified_time":"2025-04-01T18:46:44+00:00","og_image":[{"width":1200,"height":1200,"url":"https:\/\/www.lraloeverashop.eu\/wp-content\/uploads\/2022\/10\/Hair-Cure-From-Lr-Aloe-Vera.jpg","type":"image\/jpeg"}],"twitter_card":"summary_large_image","twitter_site":"@natur__kosmetik","schema":{"@context":"https:\/\/schema.org","@graph":[{"@type":["WebPage","ItemPage"],"@id":"https:\/\/www.lraloeverashop.eu\/sk\/produkt\/aloe-vera-nutri-repair-leave-in-kura\/","url":"https:\/\/www.lraloeverashop.eu\/sk\/produkt\/aloe-vera-nutri-repair-leave-in-kura\/","name":"K\u00fara na Vlasy Aloe Vera d\u00e1va vlasom lesk a rob\u00ed ich super hladk\u00e9.","isPartOf":{"@id":"https:\/\/www.lraloeverashop.eu\/sk\/#website"},"primaryImageOfPage":{"@id":"https:\/\/www.lraloeverashop.eu\/sk\/produkt\/aloe-vera-nutri-repair-leave-in-kura\/#primaryimage"},"image":{"@id":"https:\/\/www.lraloeverashop.eu\/sk\/produkt\/aloe-vera-nutri-repair-leave-in-kura\/#primaryimage"},"thumbnailUrl":"https:\/\/www.lraloeverashop.eu\/wp-content\/uploads\/2022\/10\/Hair-Cure-From-Lr-Aloe-Vera.jpg","datePublished":"2022-10-09T20:40:39+00:00","dateModified":"2025-04-01T18:46:44+00:00","description":"K\u00fara na Vlasy Aloe Vera p\u00f4sob\u00ed ako ochran\u00fd \u0161t\u00edt a vy\u017eivuje vlasy t\u00fdm, \u017ee zabra\u0148uje po\u0161kodeniu sp\u00f4soben\u00e9mu pou\u017e\u00edvan\u00edm stylingov\u00fdch v\u00fdrobkov.","breadcrumb":{"@id":"https:\/\/www.lraloeverashop.eu\/sk\/produkt\/aloe-vera-nutri-repair-leave-in-kura\/#breadcrumb"},"inLanguage":"sk-SK","potentialAction":[{"@type":"ReadAction","target":["https:\/\/www.lraloeverashop.eu\/sk\/produkt\/aloe-vera-nutri-repair-leave-in-kura\/"]}]},{"@type":"ImageObject","inLanguage":"sk-SK","@id":"https:\/\/www.lraloeverashop.eu\/sk\/produkt\/aloe-vera-nutri-repair-leave-in-kura\/#primaryimage","url":"https:\/\/www.lraloeverashop.eu\/wp-content\/uploads\/2022\/10\/Hair-Cure-From-Lr-Aloe-Vera.jpg","contentUrl":"https:\/\/www.lraloeverashop.eu\/wp-content\/uploads\/2022\/10\/Hair-Cure-From-Lr-Aloe-Vera.jpg","width":1200,"height":1200,"caption":"Aloe Vera Nutri Repair Leave-In K\u00fara d\u00e1va vlasom straten\u00fa vlhkos\u0165"},{"@type":"BreadcrumbList","@id":"https:\/\/www.lraloeverashop.eu\/sk\/produkt\/aloe-vera-nutri-repair-leave-in-kura\/#breadcrumb","itemListElement":[{"@type":"ListItem","position":1,"name":"Home","item":"https:\/\/www.lraloeverashop.eu\/sk\/aloe-vera-obchod-vsetko-pre-vasu-krasu-a-pohodu\/"},{"@type":"ListItem","position":2,"name":"Obchod","item":"https:\/\/www.lraloeverashop.eu\/sk\/obchod\/"},{"@type":"ListItem","position":3,"name":"K\u00fara na Vlasy Aloe Vera"}]},{"@type":"WebSite","@id":"https:\/\/www.lraloeverashop.eu\/sk\/#website","url":"https:\/\/www.lraloeverashop.eu\/sk\/","name":"Lr Obchod Aloe Vera","description":"High Quality Lr Aloe Vera Gel, Aloe Vera Cream and Shampoo","publisher":{"@id":"https:\/\/www.lraloeverashop.eu\/sk\/#organization"},"alternateName":"LR","potentialAction":[{"@type":"SearchAction","target":{"@type":"EntryPoint","urlTemplate":"https:\/\/www.lraloeverashop.eu\/sk\/?s={search_term_string}"},"query-input":{"@type":"PropertyValueSpecification","valueRequired":true,"valueName":"search_term_string"}}],"inLanguage":"sk-SK"},{"@type":"Organization","@id":"https:\/\/www.lraloeverashop.eu\/sk\/#organization","name":"Lr Obchod Aloe Vera","alternateName":"LR","url":"https:\/\/www.lraloeverashop.eu\/sk\/","logo":{"@type":"ImageObject","inLanguage":"sk-SK","@id":"https:\/\/www.lraloeverashop.eu\/sk\/#\/schema\/logo\/image\/","url":"https:\/\/www.lraloeverashop.eu\/wp-content\/uploads\/2022\/09\/cropped-Lr-Aloe-Vera-Shop.jpg","contentUrl":"https:\/\/www.lraloeverashop.eu\/wp-content\/uploads\/2022\/09\/cropped-Lr-Aloe-Vera-Shop.jpg","width":228,"height":76,"caption":"Lr Obchod Aloe Vera"},"image":{"@id":"https:\/\/www.lraloeverashop.eu\/sk\/#\/schema\/logo\/image\/"},"sameAs":["https:\/\/www.facebook.com\/lraloeverashop.eu","https:\/\/x.com\/natur__kosmetik","https:\/\/www.youtube.com\/channel\/UC5oN7BJ8nfYb8RpVtjwDEBA","https:\/\/www.instagram.com\/lrbeautyeu\/"],"description":"Obchod Lr Aloe Vera je va\u0161\u00edm d\u00f4veryhodn\u00fdm miestom pre pr\u00e9miov\u00e9 produkty LR Health & Beauty vyroben\u00e9 v Nemecku. Pon\u00fakame vysokokvalitn\u00e9 rie\u0161enia starostlivosti o ple\u0165 s Aloe Vera, v\u00fd\u017eivu a proti starnutiu, vyroben\u00e9 z \u010dist\u00fdch ingredienci\u00ed a podlo\u017een\u00e9 vedeck\u00fdm v\u00fdskumom. Objavte pr\u00edrodn\u00fa starostlivos\u0165, ktor\u00e1 regeneruje, chr\u00e1ni a revitalizuje va\u0161u ple\u0165 \u2013 a vyu\u017eite exkluz\u00edvne mesa\u010dn\u00e9 ponuky na na\u0161e najpred\u00e1vanej\u0161ie produkty LR Aloe Vera.\nZa\u010dnite svoju cestu za pr\u00edrodnou starostlivos\u0165ou o ple\u0165 e\u0161te dnes a poc\u00ed\u0165te rozdiel.","email":"info@lraloeverashop.eu","telephone":"+49 17670609653","legalName":"Lr Aloe Vera Shop","foundingDate":"2018-04-21","numberOfEmployees":{"@type":"QuantitativeValue","minValue":"1","maxValue":"10"}}]},"product_price_amount":"15.39","product_price_currency":"EUR","og_availability":"instock","product_availability":"instock","product_retailer_item_id":"20647-1SK","product_condition":"new"},"taxonomy_info":{"product_cat":[{"value":216,"label":"Aloe Vera"},{"value":246,"label":"Starostlivos\u0165 o vlasy"}],"product_tag":[{"value":621,"label":"Po\u0161koden\u00e9 vlasy"},{"value":625,"label":"Such\u00e9 vlasy"}]},"featured_image_src_large":["https:\/\/www.lraloeverashop.eu\/wp-content\/uploads\/2022\/10\/Hair-Cure-From-Lr-Aloe-Vera-1024x1024.jpg",1024,1024,true],"author_info":[],"comment_info":0,"_links":{"self":[{"href":"https:\/\/www.lraloeverashop.eu\/sk\/wp-json\/wp\/v2\/product\/10667","targetHints":{"allow":["GET"]}}],"collection":[{"href":"https:\/\/www.lraloeverashop.eu\/sk\/wp-json\/wp\/v2\/product"}],"about":[{"href":"https:\/\/www.lraloeverashop.eu\/sk\/wp-json\/wp\/v2\/types\/product"}],"replies":[{"embeddable":true,"href":"https:\/\/www.lraloeverashop.eu\/sk\/wp-json\/wp\/v2\/comments?post=10667"}],"wp:featuredmedia":[{"embeddable":true,"href":"https:\/\/www.lraloeverashop.eu\/sk\/wp-json\/wp\/v2\/media\/4354"}],"wp:attachment":[{"href":"https:\/\/www.lraloeverashop.eu\/sk\/wp-json\/wp\/v2\/media?parent=10667"}],"wp:term":[{"taxonomy":"product_brand","embeddable":true,"href":"https:\/\/www.lraloeverashop.eu\/sk\/wp-json\/wp\/v2\/product_brand?post=10667"},{"taxonomy":"product_cat","embeddable":true,"href":"https:\/\/www.lraloeverashop.eu\/sk\/wp-json\/wp\/v2\/product_cat?post=10667"},{"taxonomy":"product_tag","embeddable":true,"href":"https:\/\/www.lraloeverashop.eu\/sk\/wp-json\/wp\/v2\/product_tag?post=10667"}],"curies":[{"name":"wp","href":"https:\/\/api.w.org\/{rel}","templated":true}]}}