{"id":10643,"date":"2022-10-09T22:51:26","date_gmt":"2022-10-09T20:51:26","guid":{"rendered":"https:\/\/www.lraloeverashop.eu\/product\/aloe-vera-nutri-repair-vlasovy-sampon\/"},"modified":"2025-04-01T20:44:34","modified_gmt":"2025-04-01T18:44:34","slug":"aloe-vera-nutri-repair-vlasovy-sampon","status":"publish","type":"product","link":"https:\/\/www.lraloeverashop.eu\/sk\/produkt\/aloe-vera-nutri-repair-vlasovy-sampon\/","title":{"rendered":"\u0160amp\u00f3n na Vlasy Aloe Vera Nutri Repair"},"content":{"rendered":"<h2><span style=\"font-size: 16pt;\"><strong>\u0160amp\u00f3n na Vlasy Aloe Vera Nutri Repair<\/strong><\/span><\/h2>\n<p><span style=\"font-size: 14pt;\"><strong>\u0160amp\u00f3n na Vlasy Aloe Vera Nutri Repair pre siln\u00e9, leskl\u00e9 vlasy a poko\u017eku hlavy<\/strong><\/span><\/p>\n<p>Zdrav\u00e9 a hodv\u00e1bne jemn\u00e9 vlasy m\u00f4\u017eu by\u0165 dnes va\u0161e. Pou\u017e\u00edvajte Aloe Vera Nutri Repair \u0161amp\u00f3n denne, aby jemne vy\u017eivoval poko\u017eku hlavy a <a href=\"https:\/\/www.lraloeverashop.eu\/sk\/lr-aloe-vera-gel-na-tvar-vlasy-a-telo-ucinky-aloe-vera\/\">vlasov<\/a>.<\/p>\n<p>Aloe Vera \u0161amp\u00f3n obsahuje zlo\u017eky, ktor\u00e9 p\u00f4sobia ako magnet na odstr\u00e1nenie ne\u010dist\u00f4t z vlasov a udr\u017euj\u00fa ich \u010dist\u00e9, svie\u017ee a zdrav\u00e9. <a href=\"https:\/\/sk.wikipedia.org\/wiki\/Kyselina_pantot%C3%A9nov%C3%A1\">Pro Vitam\u00edn B5<\/a> rob\u00ed vlasy silnej\u0161\u00edmi a hlad\u0161\u00edmi ako kedyko\u013evek predt\u00fdm. Svoj\u00edm 45% obsahom aloe vera pom\u00e1ha hydratova\u0165 a lie\u010di\u0165 vlasy. Budete milova\u0165 ovocn\u00fa v\u00f4\u0148u \u0161amp\u00f3nu, ktor\u00e1 stimuluje va\u0161e zmysly. Vysk\u00fa\u0161ajte \u0160amp\u00f3n na Vlasy Aloe Vera pre prirodzene kr\u00e1sne vlasy, ktor\u00e9 sa v\u00e1m bud\u00fa p\u00e1\u010di\u0165!<\/p>\n<p>&nbsp;<\/p>\n<h3><span style=\"font-size: 16pt;\"><strong>Ako pou\u017eiva\u0165 \u0161amp\u00f3n<\/strong><\/span><\/h3>\n<p>Ide\u00e1lne pre ka\u017edodenn\u00e9 pou\u017eitie. Na vlhk\u00e9 vlasy naneste \u010das\u0165 \u0161amp\u00f3nu vo velkosti vla\u0161skeho orechu potom dobre opl\u00e1chnite.<\/p>\n<p>Pre dosiahnutie najlep\u0161\u00edch v\u00fdsledkov postupujte v s\u00falade s Aloe Vera Nutri-Repair Kondicionerom. Z\u00edskajte maxim\u00e1lnu \u00fapravu vlasov <a href=\"https:\/\/www.lraloeverashop.eu\/sk\/produkt\/aloe-vera-nutri-repair-vlasova-maska\/\">maskou na vlasy<\/a> asi 1 a\u017e 2 kr\u00e1t t\u00fd\u017edenne namiesto kondicion\u00e9ra. Aplikujte Aloe Vera Nutri-Repair hair Cure na dodato\u010dn\u00fa ochranu<\/p>\n<p>&nbsp;<\/p>\n<h4><span style=\"font-size: 16pt;\"><strong>Vedeli ste?<\/strong><\/span><\/h4>\n<p>\u0160amp\u00f3n na Vlasy Aloe Vera Nutri Repair \u010dist\u00ed vonkaj\u0161iu vrstvu vlasov rozpusten\u00edm ne\u010dist\u00f4t, odstra\u0148ovan\u00edm nadbyto\u010dn\u00fdch olejov a odstra\u0148ovan\u00edm zvy\u0161kov z ka\u017edodenn\u00e9ho pou\u017e\u00edvania stylingov\u00fdch v\u00fdrobkov. Vlasy, ktor\u00e9 neobsahuj\u00fa <a href=\"https:\/\/www.lraloeverashop.eu\/sk\/produkt\/aloe-vera-vlasova-sada\/\">\u0161pinu a ne\u010distoty<\/a>, m\u00f4\u017eu \u00fa\u010dinnej\u0161ie absorbova\u0165 \u017eiviny zo \u0161amp\u00f3nu.<\/p>\n<p><strong>\u0160t\u00fadie potvrdzuj\u00fa \u00fa\u010dinnos\u0165 Aloe Vera Nutri-Repair starostlivosti o vlasy z t\u00fdchto testov:<\/strong><\/p>\n<p>\u2013 Vlasy s\u00fa hodv\u00e1bne jemn\u00e9 a trikr\u00e1t \u013eah\u0161ie sa \u010de\u0161\u00fa a upravuj\u00fa*<br \/>\n\u2013 Z\u00edskaj\u00fa prirodzen\u00fd lesk a m\u00e4kkos\u0165, \u010do vedie k 90% men\u0161iemu l\u00e1maniu *<br \/>\n\u2013 90% \u00fa\u010dastn\u00edkov \u0161t\u00fadie je nad\u0161en\u00fdch osvie\u017euj\u00facou v\u00f4\u0148ou \u0161amp\u00f3nu **<\/p>\n<p>* Denn\u00e9 pou\u017e\u00edvanie <a href=\"https:\/\/www.lraloeverashop.eu\/sk\/aloe-vera-na-vlasy-nutri-repair-kura-na-suche-a-poskodene-vlasy\/\"><strong>Aloe Vera Nutri \u0161amp\u00f3nu a masky na vlasy<\/strong><\/a> zlep\u0161uje odolnos\u0165 proti vypad\u00e1vaniu vlasov. V\u00fdsledky s\u00fa s\u013eubnej\u0161ie ne\u017e t\u00ed, ktor\u00ed pou\u017e\u00edvaj\u00fa iba \u0161amp\u00f3n. Toto bolo zalo\u017een\u00e9 na \u0161t\u00fadii, ktor\u00fa uskuto\u010dnil proDERM v janu\u00e1ri 2018.<\/p>\n<p>** Na z\u00e1klade v\u00fdsledkov 40 \u00fa\u010dastn\u00edkov testu v Dermatest Institute v decembri 2017<\/p>\n","protected":false},"excerpt":{"rendered":"<ul>\n<li>Odstra\u0148uje ne\u010distoty z vlasov, aby sa udr\u017eali \u010dist\u00e9 zvn\u00fatra<\/li>\n<li>Provitam\u00edn B5 vy\u017eivuje vlasy a posil\u0148uje ich<\/li>\n<li>Aloe vera (45%) udr\u017euje vlasy a vlasov\u00fa poko\u017eku hydratovan\u00fa<\/li>\n<li>Ide\u00e1lne pre ka\u017edodenn\u00e9 pou\u017eitie<\/li>\n<li>Obsah: 200 ml<\/li>\n<\/ul>\n<p>&nbsp;<\/p>\n","protected":false},"featured_media":4366,"comment_status":"open","ping_status":"closed","template":"","meta":{"_kad_blocks_custom_css":"","_kad_blocks_head_custom_js":"","_kad_blocks_body_custom_js":"","_kad_blocks_footer_custom_js":"","_kadence_starter_templates_imported_post":false,"_kad_post_transparent":"default","_kad_post_title":"","_kad_post_layout":"default","_kad_post_sidebar_id":"","_kad_post_content_style":"default","_kad_post_vertical_padding":"default","_kad_post_feature":"","_kad_post_feature_position":"","_kad_post_header":false,"_kad_post_footer":false,"_kad_post_classname":""},"product_brand":[],"product_cat":[216,246],"product_tag":[621,625],"class_list":{"0":"post-10643","1":"product","2":"type-product","3":"status-publish","4":"has-post-thumbnail","6":"product_cat-aloe-vera-sk","7":"product_cat-starostlivost-o-vlasy","8":"product_tag-poskodene-vlasy","9":"product_tag-suche-vlasy","11":"first","12":"instock","13":"taxable","14":"shipping-taxable","15":"purchasable","16":"product-type-simple","17":"entry","18":"content-bg","19":"loop-entry"},"yoast_head":"<!-- This site is optimized with the Yoast SEO Premium plugin v27.6 (Yoast SEO v27.6) - https:\/\/yoast.com\/product\/yoast-seo-premium-wordpress\/ -->\n<title>\u0160amp\u00f3n na vlasy s 45% Aloe Vera Gelom a Provitam\u00ednom B5<\/title>\n<meta name=\"description\" content=\"Zdrav\u00e9 a hodv\u00e1bne jemn\u00e9 vlasy m\u00f4\u017eu by\u0165 dnes va\u0161e. Pou\u017e\u00edvajte \u0161amp\u00f3n na vlasy Aloe Vera Nutri Repair denne, aby jemne vy\u017eivoval poko\u017eku hlavy a vlasov.\" \/>\n<meta name=\"robots\" content=\"index, follow, max-snippet:-1, max-image-preview:large, max-video-preview:-1\" \/>\n<link rel=\"canonical\" href=\"https:\/\/www.lraloeverashop.eu\/sk\/produkt\/aloe-vera-nutri-repair-vlasovy-sampon\/\" \/>\n<meta property=\"og:locale\" content=\"sk_SK\" \/>\n<meta property=\"og:type\" content=\"article\" \/>\n<meta property=\"og:title\" content=\"\u0160amp\u00f3n na Vlasy Aloe Vera Nutri Repair\" \/>\n<meta property=\"og:description\" content=\"Zdrav\u00e9 a hodv\u00e1bne jemn\u00e9 vlasy m\u00f4\u017eu by\u0165 dnes va\u0161e. Pou\u017e\u00edvajte \u0161amp\u00f3n na vlasy Aloe Vera Nutri Repair denne, aby jemne vy\u017eivoval poko\u017eku hlavy a vlasov.\" \/>\n<meta property=\"og:url\" content=\"https:\/\/www.lraloeverashop.eu\/sk\/produkt\/aloe-vera-nutri-repair-vlasovy-sampon\/\" \/>\n<meta property=\"og:site_name\" content=\"Lr Obchod Aloe Vera\" \/>\n<meta property=\"article:publisher\" content=\"https:\/\/www.facebook.com\/lraloeverashop.eu\" \/>\n<meta property=\"article:modified_time\" content=\"2025-04-01T18:44:34+00:00\" \/>\n<meta property=\"og:image\" content=\"https:\/\/www.lraloeverashop.eu\/wp-content\/uploads\/2022\/10\/Strengthening-Hair-Shampoo.jpg\" \/>\n\t<meta property=\"og:image:width\" content=\"1200\" \/>\n\t<meta property=\"og:image:height\" content=\"1200\" \/>\n\t<meta property=\"og:image:type\" content=\"image\/jpeg\" \/>\n<meta name=\"twitter:card\" content=\"summary_large_image\" \/>\n<meta name=\"twitter:site\" content=\"@natur__kosmetik\" \/>\n<script type=\"application\/ld+json\" class=\"yoast-schema-graph\">{\"@context\":\"https:\\\/\\\/schema.org\",\"@graph\":[{\"@type\":[\"WebPage\",\"ItemPage\"],\"@id\":\"https:\\\/\\\/www.lraloeverashop.eu\\\/sk\\\/produkt\\\/aloe-vera-nutri-repair-vlasovy-sampon\\\/\",\"url\":\"https:\\\/\\\/www.lraloeverashop.eu\\\/sk\\\/produkt\\\/aloe-vera-nutri-repair-vlasovy-sampon\\\/\",\"name\":\"\u0160amp\u00f3n na vlasy s 45% Aloe Vera Gelom a Provitam\u00ednom B5\",\"isPartOf\":{\"@id\":\"https:\\\/\\\/www.lraloeverashop.eu\\\/sk\\\/#website\"},\"primaryImageOfPage\":{\"@id\":\"https:\\\/\\\/www.lraloeverashop.eu\\\/sk\\\/produkt\\\/aloe-vera-nutri-repair-vlasovy-sampon\\\/#primaryimage\"},\"image\":{\"@id\":\"https:\\\/\\\/www.lraloeverashop.eu\\\/sk\\\/produkt\\\/aloe-vera-nutri-repair-vlasovy-sampon\\\/#primaryimage\"},\"thumbnailUrl\":\"https:\\\/\\\/www.lraloeverashop.eu\\\/wp-content\\\/uploads\\\/2022\\\/10\\\/Strengthening-Hair-Shampoo.jpg\",\"datePublished\":\"2022-10-09T20:51:26+00:00\",\"dateModified\":\"2025-04-01T18:44:34+00:00\",\"description\":\"Zdrav\u00e9 a hodv\u00e1bne jemn\u00e9 vlasy m\u00f4\u017eu by\u0165 dnes va\u0161e. Pou\u017e\u00edvajte \u0161amp\u00f3n na vlasy Aloe Vera Nutri Repair denne, aby jemne vy\u017eivoval poko\u017eku hlavy a vlasov.\",\"breadcrumb\":{\"@id\":\"https:\\\/\\\/www.lraloeverashop.eu\\\/sk\\\/produkt\\\/aloe-vera-nutri-repair-vlasovy-sampon\\\/#breadcrumb\"},\"inLanguage\":\"sk-SK\",\"potentialAction\":[{\"@type\":\"ReadAction\",\"target\":[\"https:\\\/\\\/www.lraloeverashop.eu\\\/sk\\\/produkt\\\/aloe-vera-nutri-repair-vlasovy-sampon\\\/\"]}]},{\"@type\":\"ImageObject\",\"inLanguage\":\"sk-SK\",\"@id\":\"https:\\\/\\\/www.lraloeverashop.eu\\\/sk\\\/produkt\\\/aloe-vera-nutri-repair-vlasovy-sampon\\\/#primaryimage\",\"url\":\"https:\\\/\\\/www.lraloeverashop.eu\\\/wp-content\\\/uploads\\\/2022\\\/10\\\/Strengthening-Hair-Shampoo.jpg\",\"contentUrl\":\"https:\\\/\\\/www.lraloeverashop.eu\\\/wp-content\\\/uploads\\\/2022\\\/10\\\/Strengthening-Hair-Shampoo.jpg\",\"width\":1200,\"height\":1200,\"caption\":\"Aloe Vera Nutri Repair \u0160amp\u00f3n na vlasy Ide\u00e1lny pre ka\u017edodenn\u00e9 pou\u017eitie\"},{\"@type\":\"BreadcrumbList\",\"@id\":\"https:\\\/\\\/www.lraloeverashop.eu\\\/sk\\\/produkt\\\/aloe-vera-nutri-repair-vlasovy-sampon\\\/#breadcrumb\",\"itemListElement\":[{\"@type\":\"ListItem\",\"position\":1,\"name\":\"Home\",\"item\":\"https:\\\/\\\/www.lraloeverashop.eu\\\/sk\\\/aloe-vera-obchod-vsetko-pre-vasu-krasu-a-pohodu\\\/\"},{\"@type\":\"ListItem\",\"position\":2,\"name\":\"Obchod\",\"item\":\"https:\\\/\\\/www.lraloeverashop.eu\\\/sk\\\/obchod\\\/\"},{\"@type\":\"ListItem\",\"position\":3,\"name\":\"\u0160amp\u00f3n na Vlasy Aloe Vera Nutri Repair\"}]},{\"@type\":\"WebSite\",\"@id\":\"https:\\\/\\\/www.lraloeverashop.eu\\\/sk\\\/#website\",\"url\":\"https:\\\/\\\/www.lraloeverashop.eu\\\/sk\\\/\",\"name\":\"Lr Obchod Aloe Vera\",\"description\":\"High Quality Lr Aloe Vera Gel, Aloe Vera Cream and Shampoo\",\"publisher\":{\"@id\":\"https:\\\/\\\/www.lraloeverashop.eu\\\/sk\\\/#organization\"},\"alternateName\":\"LR\",\"potentialAction\":[{\"@type\":\"SearchAction\",\"target\":{\"@type\":\"EntryPoint\",\"urlTemplate\":\"https:\\\/\\\/www.lraloeverashop.eu\\\/sk\\\/?s={search_term_string}\"},\"query-input\":{\"@type\":\"PropertyValueSpecification\",\"valueRequired\":true,\"valueName\":\"search_term_string\"}}],\"inLanguage\":\"sk-SK\"},{\"@type\":\"Organization\",\"@id\":\"https:\\\/\\\/www.lraloeverashop.eu\\\/sk\\\/#organization\",\"name\":\"Lr Obchod Aloe Vera\",\"alternateName\":\"LR\",\"url\":\"https:\\\/\\\/www.lraloeverashop.eu\\\/sk\\\/\",\"logo\":{\"@type\":\"ImageObject\",\"inLanguage\":\"sk-SK\",\"@id\":\"https:\\\/\\\/www.lraloeverashop.eu\\\/sk\\\/#\\\/schema\\\/logo\\\/image\\\/\",\"url\":\"https:\\\/\\\/www.lraloeverashop.eu\\\/wp-content\\\/uploads\\\/2022\\\/09\\\/cropped-Lr-Aloe-Vera-Shop.jpg\",\"contentUrl\":\"https:\\\/\\\/www.lraloeverashop.eu\\\/wp-content\\\/uploads\\\/2022\\\/09\\\/cropped-Lr-Aloe-Vera-Shop.jpg\",\"width\":228,\"height\":76,\"caption\":\"Lr Obchod Aloe Vera\"},\"image\":{\"@id\":\"https:\\\/\\\/www.lraloeverashop.eu\\\/sk\\\/#\\\/schema\\\/logo\\\/image\\\/\"},\"sameAs\":[\"https:\\\/\\\/www.facebook.com\\\/lraloeverashop.eu\",\"https:\\\/\\\/x.com\\\/natur__kosmetik\",\"https:\\\/\\\/www.youtube.com\\\/channel\\\/UC5oN7BJ8nfYb8RpVtjwDEBA\",\"https:\\\/\\\/www.instagram.com\\\/lrbeautyeu\\\/\"],\"description\":\"Obchod Lr Aloe Vera je va\u0161\u00edm d\u00f4veryhodn\u00fdm miestom pre pr\u00e9miov\u00e9 produkty LR Health & Beauty vyroben\u00e9 v Nemecku. Pon\u00fakame vysokokvalitn\u00e9 rie\u0161enia starostlivosti o ple\u0165 s Aloe Vera, v\u00fd\u017eivu a proti starnutiu, vyroben\u00e9 z \u010dist\u00fdch ingredienci\u00ed a podlo\u017een\u00e9 vedeck\u00fdm v\u00fdskumom. Objavte pr\u00edrodn\u00fa starostlivos\u0165, ktor\u00e1 regeneruje, chr\u00e1ni a revitalizuje va\u0161u ple\u0165 \u2013 a vyu\u017eite exkluz\u00edvne mesa\u010dn\u00e9 ponuky na na\u0161e najpred\u00e1vanej\u0161ie produkty LR Aloe Vera.\\nZa\u010dnite svoju cestu za pr\u00edrodnou starostlivos\u0165ou o ple\u0165 e\u0161te dnes a poc\u00ed\u0165te rozdiel.\",\"email\":\"info@lraloeverashop.eu\",\"telephone\":\"+49 17670609653\",\"legalName\":\"Lr Aloe Vera Shop\",\"foundingDate\":\"2018-04-21\",\"numberOfEmployees\":{\"@type\":\"QuantitativeValue\",\"minValue\":\"1\",\"maxValue\":\"10\"}}]}<\/script>\n<meta property=\"product:price:amount\" content=\"12.99\" \/>\n<meta property=\"product:price:currency\" content=\"EUR\" \/>\n<meta property=\"og:availability\" content=\"instock\" \/>\n<meta property=\"product:availability\" content=\"instock\" \/>\n<meta property=\"product:retailer_item_id\" content=\"20648-1SK\" \/>\n<meta property=\"product:condition\" content=\"new\" \/>\n<!-- \/ Yoast SEO Premium plugin. -->","yoast_head_json":{"title":"\u0160amp\u00f3n na vlasy s 45% Aloe Vera Gelom a Provitam\u00ednom B5","description":"Zdrav\u00e9 a hodv\u00e1bne jemn\u00e9 vlasy m\u00f4\u017eu by\u0165 dnes va\u0161e. Pou\u017e\u00edvajte \u0161amp\u00f3n na vlasy Aloe Vera Nutri Repair denne, aby jemne vy\u017eivoval poko\u017eku hlavy a vlasov.","robots":{"index":"index","follow":"follow","max-snippet":"max-snippet:-1","max-image-preview":"max-image-preview:large","max-video-preview":"max-video-preview:-1"},"canonical":"https:\/\/www.lraloeverashop.eu\/sk\/produkt\/aloe-vera-nutri-repair-vlasovy-sampon\/","og_locale":"sk_SK","og_type":"article","og_title":"\u0160amp\u00f3n na Vlasy Aloe Vera Nutri Repair","og_description":"Zdrav\u00e9 a hodv\u00e1bne jemn\u00e9 vlasy m\u00f4\u017eu by\u0165 dnes va\u0161e. Pou\u017e\u00edvajte \u0161amp\u00f3n na vlasy Aloe Vera Nutri Repair denne, aby jemne vy\u017eivoval poko\u017eku hlavy a vlasov.","og_url":"https:\/\/www.lraloeverashop.eu\/sk\/produkt\/aloe-vera-nutri-repair-vlasovy-sampon\/","og_site_name":"Lr Obchod Aloe Vera","article_publisher":"https:\/\/www.facebook.com\/lraloeverashop.eu","article_modified_time":"2025-04-01T18:44:34+00:00","og_image":[{"width":1200,"height":1200,"url":"https:\/\/www.lraloeverashop.eu\/wp-content\/uploads\/2022\/10\/Strengthening-Hair-Shampoo.jpg","type":"image\/jpeg"}],"twitter_card":"summary_large_image","twitter_site":"@natur__kosmetik","schema":{"@context":"https:\/\/schema.org","@graph":[{"@type":["WebPage","ItemPage"],"@id":"https:\/\/www.lraloeverashop.eu\/sk\/produkt\/aloe-vera-nutri-repair-vlasovy-sampon\/","url":"https:\/\/www.lraloeverashop.eu\/sk\/produkt\/aloe-vera-nutri-repair-vlasovy-sampon\/","name":"\u0160amp\u00f3n na vlasy s 45% Aloe Vera Gelom a Provitam\u00ednom B5","isPartOf":{"@id":"https:\/\/www.lraloeverashop.eu\/sk\/#website"},"primaryImageOfPage":{"@id":"https:\/\/www.lraloeverashop.eu\/sk\/produkt\/aloe-vera-nutri-repair-vlasovy-sampon\/#primaryimage"},"image":{"@id":"https:\/\/www.lraloeverashop.eu\/sk\/produkt\/aloe-vera-nutri-repair-vlasovy-sampon\/#primaryimage"},"thumbnailUrl":"https:\/\/www.lraloeverashop.eu\/wp-content\/uploads\/2022\/10\/Strengthening-Hair-Shampoo.jpg","datePublished":"2022-10-09T20:51:26+00:00","dateModified":"2025-04-01T18:44:34+00:00","description":"Zdrav\u00e9 a hodv\u00e1bne jemn\u00e9 vlasy m\u00f4\u017eu by\u0165 dnes va\u0161e. Pou\u017e\u00edvajte \u0161amp\u00f3n na vlasy Aloe Vera Nutri Repair denne, aby jemne vy\u017eivoval poko\u017eku hlavy a vlasov.","breadcrumb":{"@id":"https:\/\/www.lraloeverashop.eu\/sk\/produkt\/aloe-vera-nutri-repair-vlasovy-sampon\/#breadcrumb"},"inLanguage":"sk-SK","potentialAction":[{"@type":"ReadAction","target":["https:\/\/www.lraloeverashop.eu\/sk\/produkt\/aloe-vera-nutri-repair-vlasovy-sampon\/"]}]},{"@type":"ImageObject","inLanguage":"sk-SK","@id":"https:\/\/www.lraloeverashop.eu\/sk\/produkt\/aloe-vera-nutri-repair-vlasovy-sampon\/#primaryimage","url":"https:\/\/www.lraloeverashop.eu\/wp-content\/uploads\/2022\/10\/Strengthening-Hair-Shampoo.jpg","contentUrl":"https:\/\/www.lraloeverashop.eu\/wp-content\/uploads\/2022\/10\/Strengthening-Hair-Shampoo.jpg","width":1200,"height":1200,"caption":"Aloe Vera Nutri Repair \u0160amp\u00f3n na vlasy Ide\u00e1lny pre ka\u017edodenn\u00e9 pou\u017eitie"},{"@type":"BreadcrumbList","@id":"https:\/\/www.lraloeverashop.eu\/sk\/produkt\/aloe-vera-nutri-repair-vlasovy-sampon\/#breadcrumb","itemListElement":[{"@type":"ListItem","position":1,"name":"Home","item":"https:\/\/www.lraloeverashop.eu\/sk\/aloe-vera-obchod-vsetko-pre-vasu-krasu-a-pohodu\/"},{"@type":"ListItem","position":2,"name":"Obchod","item":"https:\/\/www.lraloeverashop.eu\/sk\/obchod\/"},{"@type":"ListItem","position":3,"name":"\u0160amp\u00f3n na Vlasy Aloe Vera Nutri Repair"}]},{"@type":"WebSite","@id":"https:\/\/www.lraloeverashop.eu\/sk\/#website","url":"https:\/\/www.lraloeverashop.eu\/sk\/","name":"Lr Obchod Aloe Vera","description":"High Quality Lr Aloe Vera Gel, Aloe Vera Cream and Shampoo","publisher":{"@id":"https:\/\/www.lraloeverashop.eu\/sk\/#organization"},"alternateName":"LR","potentialAction":[{"@type":"SearchAction","target":{"@type":"EntryPoint","urlTemplate":"https:\/\/www.lraloeverashop.eu\/sk\/?s={search_term_string}"},"query-input":{"@type":"PropertyValueSpecification","valueRequired":true,"valueName":"search_term_string"}}],"inLanguage":"sk-SK"},{"@type":"Organization","@id":"https:\/\/www.lraloeverashop.eu\/sk\/#organization","name":"Lr Obchod Aloe Vera","alternateName":"LR","url":"https:\/\/www.lraloeverashop.eu\/sk\/","logo":{"@type":"ImageObject","inLanguage":"sk-SK","@id":"https:\/\/www.lraloeverashop.eu\/sk\/#\/schema\/logo\/image\/","url":"https:\/\/www.lraloeverashop.eu\/wp-content\/uploads\/2022\/09\/cropped-Lr-Aloe-Vera-Shop.jpg","contentUrl":"https:\/\/www.lraloeverashop.eu\/wp-content\/uploads\/2022\/09\/cropped-Lr-Aloe-Vera-Shop.jpg","width":228,"height":76,"caption":"Lr Obchod Aloe Vera"},"image":{"@id":"https:\/\/www.lraloeverashop.eu\/sk\/#\/schema\/logo\/image\/"},"sameAs":["https:\/\/www.facebook.com\/lraloeverashop.eu","https:\/\/x.com\/natur__kosmetik","https:\/\/www.youtube.com\/channel\/UC5oN7BJ8nfYb8RpVtjwDEBA","https:\/\/www.instagram.com\/lrbeautyeu\/"],"description":"Obchod Lr Aloe Vera je va\u0161\u00edm d\u00f4veryhodn\u00fdm miestom pre pr\u00e9miov\u00e9 produkty LR Health & Beauty vyroben\u00e9 v Nemecku. Pon\u00fakame vysokokvalitn\u00e9 rie\u0161enia starostlivosti o ple\u0165 s Aloe Vera, v\u00fd\u017eivu a proti starnutiu, vyroben\u00e9 z \u010dist\u00fdch ingredienci\u00ed a podlo\u017een\u00e9 vedeck\u00fdm v\u00fdskumom. Objavte pr\u00edrodn\u00fa starostlivos\u0165, ktor\u00e1 regeneruje, chr\u00e1ni a revitalizuje va\u0161u ple\u0165 \u2013 a vyu\u017eite exkluz\u00edvne mesa\u010dn\u00e9 ponuky na na\u0161e najpred\u00e1vanej\u0161ie produkty LR Aloe Vera.\nZa\u010dnite svoju cestu za pr\u00edrodnou starostlivos\u0165ou o ple\u0165 e\u0161te dnes a poc\u00ed\u0165te rozdiel.","email":"info@lraloeverashop.eu","telephone":"+49 17670609653","legalName":"Lr Aloe Vera Shop","foundingDate":"2018-04-21","numberOfEmployees":{"@type":"QuantitativeValue","minValue":"1","maxValue":"10"}}]},"product_price_amount":"12.99","product_price_currency":"EUR","og_availability":"instock","product_availability":"instock","product_retailer_item_id":"20648-1SK","product_condition":"new"},"taxonomy_info":{"product_cat":[{"value":216,"label":"Aloe Vera"},{"value":246,"label":"Starostlivos\u0165 o vlasy"}],"product_tag":[{"value":621,"label":"Po\u0161koden\u00e9 vlasy"},{"value":625,"label":"Such\u00e9 vlasy"}]},"featured_image_src_large":["https:\/\/www.lraloeverashop.eu\/wp-content\/uploads\/2022\/10\/Strengthening-Hair-Shampoo-1024x1024.jpg",1024,1024,true],"author_info":[],"comment_info":0,"_links":{"self":[{"href":"https:\/\/www.lraloeverashop.eu\/sk\/wp-json\/wp\/v2\/product\/10643","targetHints":{"allow":["GET"]}}],"collection":[{"href":"https:\/\/www.lraloeverashop.eu\/sk\/wp-json\/wp\/v2\/product"}],"about":[{"href":"https:\/\/www.lraloeverashop.eu\/sk\/wp-json\/wp\/v2\/types\/product"}],"replies":[{"embeddable":true,"href":"https:\/\/www.lraloeverashop.eu\/sk\/wp-json\/wp\/v2\/comments?post=10643"}],"wp:featuredmedia":[{"embeddable":true,"href":"https:\/\/www.lraloeverashop.eu\/sk\/wp-json\/wp\/v2\/media\/4366"}],"wp:attachment":[{"href":"https:\/\/www.lraloeverashop.eu\/sk\/wp-json\/wp\/v2\/media?parent=10643"}],"wp:term":[{"taxonomy":"product_brand","embeddable":true,"href":"https:\/\/www.lraloeverashop.eu\/sk\/wp-json\/wp\/v2\/product_brand?post=10643"},{"taxonomy":"product_cat","embeddable":true,"href":"https:\/\/www.lraloeverashop.eu\/sk\/wp-json\/wp\/v2\/product_cat?post=10643"},{"taxonomy":"product_tag","embeddable":true,"href":"https:\/\/www.lraloeverashop.eu\/sk\/wp-json\/wp\/v2\/product_tag?post=10643"}],"curies":[{"name":"wp","href":"https:\/\/api.w.org\/{rel}","templated":true}]}}