{"id":10586,"date":"2022-10-10T17:21:02","date_gmt":"2022-10-10T15:21:02","guid":{"rendered":"https:\/\/www.lraloeverashop.eu\/product\/peeling-na-telo-aloe-vera-cbd\/"},"modified":"2025-03-29T18:55:06","modified_gmt":"2025-03-29T17:55:06","slug":"peeling-na-telo-aloe-vera-cbd","status":"publish","type":"product","link":"https:\/\/www.lraloeverashop.eu\/sk\/produkt\/peeling-na-telo-aloe-vera-cbd\/","title":{"rendered":"Peeling na Telo Aloe Vera CBD"},"content":{"rendered":"<h2><strong><span style=\"font-size: 16pt;\">Peeling na Telo Aloe Vera CBD<\/span><\/strong><\/h2>\n<p><strong><span style=\"font-size: 14pt;\">Peeling na Telo Aloe Vera CBD s kry\u0161t\u00e1lmi morskej soli!<\/span><\/strong><\/p>\n<p>Telovy Peeling Aloe Vera CBD jemne \u010dist\u00ed a vy\u017eivuje nam\u00e1han\u00fa poko\u017eku bez toho, aby ju vysu\u0161oval. Upokojuje poko\u017eku tela a <a href=\"https:\/\/www.lraloeverashop.eu\/sk\/produkt\/cistiaci-telovy-set-aloe-vera-cbd\/\">zjem\u0148uje text\u00faru poko\u017eky<\/a> prirodzen\u00fdm sp\u00f4sobom.<\/p>\n<p>Doprajte svojej pleti upokojuj\u00facu starostlivos\u0165 a regener\u00e1ciu s aloe vera, organick\u00fdm olejom zo semien cannabis sativa a CBD. Tajomstvom jedine\u010dn\u00e9ho \u00fa\u010dinku noveho Peelingu na Telo je kombin\u00e1cia hydrata\u010dnej aloe vera, ochrann\u00e9ho organick\u00e9ho oleja zo semien konope sativa a <a href=\"https:\/\/www.lraloeverashop.eu\/sk\/produkt\/sprchovy-gel-aloe-vera-cbd\/\">CBD<\/a>. Pre pocit vyv\u00e1\u017eenej, hydratovanej a uvo\u013enenej poko\u017eky!<\/p>\n<p>Morsk\u00e1 so\u013e je prirodzen\u00e1 exfolia\u010dn\u00e1 zlo\u017eka a pom\u00e1ha bojova\u0165 proti nedokonalostiam pleti. Jemne exfoliuje bez podr\u00e1\u017edenia poko\u017eky.<\/p>\n<p>&nbsp;<\/p>\n<h3><strong><span style=\"font-size: 16pt;\">Ako pou\u017e\u00edva\u0165<\/span><\/strong><\/h3>\n<p>Peeling na Telo naneste kr\u00fa\u017eiv\u00fdmi pohybmi na vlhk\u00fa poko\u017eku, opl\u00e1chnite vla\u017enou vodou.<\/p>\n<p>&nbsp;<\/p>\n<h4><strong><span style=\"font-size: 16pt;\">Vedeli ste?<\/span><\/strong><\/h4>\n<p>Organick\u00fd olej zo semien Cannabis Sativa je zn\u00e1my t\u00fdm, \u017ee svojimi ochrann\u00fdmi vlastnos\u0165ami upokojuje podr\u00e1\u017eden\u00fa poko\u017eku a upokojuje podr\u00e1\u017edenie poko\u017eky. CBD obsiahnut\u00e9 v konopnom oleji p\u00f4sob\u00ed relaxa\u010dne na nam\u00e1han\u00fa ple\u0165 so sklonom k za\u010dervenaniu a chr\u00e1ni ju pred vonkaj\u0161\u00edmi vplyvmi prostredia.<\/p>\n<p><strong>Kanabidiol \u2013 CBD<\/strong> je pr\u00edrodn\u00e1 zlo\u017eka z rastliny konope a z\u00edskava sa z jej listov a listov\u00fdch stoniek. Organick\u00fd olej zo semien kanabisu sativa zmie\u0161an\u00fd s CBD sa m\u00f4\u017ee obzvl\u00e1\u0161\u0165 dobre stara\u0165 o nam\u00e1han\u00fa poko\u017eku v\u010faka svojim upokojuj\u00facim vlastnostiam.<\/p>\n<p><strong>Udr\u017eate\u013en\u00e9 balenie:<\/strong> V porovnan\u00ed s konven\u010dn\u00fdm PET je rPET pri v\u00fdrobe ove\u013ea udr\u017eate\u013enej\u0161\u00ed a \u0161etr\u00ed zdroje. V d\u00f4sledku procesu recykl\u00e1cie sa m\u00f4\u017eu nadoby na Peeling na Telo Aloe Vera CBD zda\u0165 mierne sivast\u00e9.<\/p>\n","protected":false},"excerpt":{"rendered":"<ul>\n<li>Telov\u00fd peeling na upokojenie a v\u00fd\u017eivu poko\u017eky<\/li>\n<li>S kry\u0161t\u00e1lmi morskej soli<\/li>\n<li>Jemne \u010dist\u00ed bez vysu\u0161enia poko\u017eky<\/li>\n<li>Zjem\u0148uje text\u00faru poko\u017eky<\/li>\n<li>S aloe vera, organick\u00fdm olejom zo semien kanabisu sativa, CBD a morskou so\u013eou<\/li>\n<li>Mno\u017estvo: 300 ml<\/li>\n<\/ul>\n<p>&nbsp;<\/p>\n","protected":false},"featured_media":4906,"comment_status":"open","ping_status":"closed","template":"","meta":{"_kad_blocks_custom_css":"","_kad_blocks_head_custom_js":"","_kad_blocks_body_custom_js":"","_kad_blocks_footer_custom_js":"","_kadence_starter_templates_imported_post":false,"_kad_post_transparent":"default","_kad_post_title":"","_kad_post_layout":"default","_kad_post_sidebar_id":"","_kad_post_content_style":"default","_kad_post_vertical_padding":"default","_kad_post_feature":"","_kad_post_feature_position":"","_kad_post_header":false,"_kad_post_footer":false,"_kad_post_classname":""},"product_brand":[],"product_cat":[216,236,231],"product_tag":[619],"class_list":{"0":"post-10586","1":"product","2":"type-product","3":"status-publish","4":"has-post-thumbnail","6":"product_cat-aloe-vera-sk","7":"product_cat-cbd-sk","8":"product_cat-starostlivost-o-telo","9":"product_tag-cbd-produkty","11":"first","12":"outofstock","13":"taxable","14":"shipping-taxable","15":"purchasable","16":"product-type-simple","17":"entry","18":"content-bg","19":"loop-entry"},"yoast_head":"<!-- This site is optimized with the Yoast SEO Premium plugin v27.4 (Yoast SEO v27.4) - https:\/\/yoast.com\/product\/yoast-seo-premium-wordpress\/ -->\n<title>Peeling na Telo Aloe Vera CBD s kry\u0161t\u00e1lmi morskej soli<\/title>\n<meta name=\"description\" content=\"Peeling na Telo Aloe Vera CBD jemne \u010dist\u00ed a vy\u017eivuje nam\u00e1han\u00fa poko\u017eku bez toho, aby ju vysu\u0161oval. Upokojuje poko\u017eku tela prirodzen\u00fdm sp\u00f4sobom.\" \/>\n<meta name=\"robots\" content=\"index, follow, max-snippet:-1, max-image-preview:large, max-video-preview:-1\" \/>\n<link rel=\"canonical\" href=\"https:\/\/www.lraloeverashop.eu\/sk\/produkt\/peeling-na-telo-aloe-vera-cbd\/\" \/>\n<meta property=\"og:locale\" content=\"sk_SK\" \/>\n<meta property=\"og:type\" content=\"article\" \/>\n<meta property=\"og:title\" content=\"Peeling na Telo Aloe Vera CBD\" \/>\n<meta property=\"og:description\" content=\"Peeling na Telo Aloe Vera CBD jemne \u010dist\u00ed a vy\u017eivuje nam\u00e1han\u00fa poko\u017eku bez toho, aby ju vysu\u0161oval. Upokojuje poko\u017eku tela prirodzen\u00fdm sp\u00f4sobom.\" \/>\n<meta property=\"og:url\" content=\"https:\/\/www.lraloeverashop.eu\/sk\/produkt\/peeling-na-telo-aloe-vera-cbd\/\" \/>\n<meta property=\"og:site_name\" content=\"Lr Obchod Aloe Vera\" \/>\n<meta property=\"article:publisher\" content=\"https:\/\/www.facebook.com\/lraloeverashop.eu\" \/>\n<meta property=\"article:modified_time\" content=\"2025-03-29T17:55:06+00:00\" \/>\n<meta property=\"og:image\" content=\"https:\/\/www.lraloeverashop.eu\/wp-content\/uploads\/2022\/10\/Aloe-Vera-CBD-Salt-Body-Scrub.jpg\" \/>\n\t<meta property=\"og:image:width\" content=\"1200\" \/>\n\t<meta property=\"og:image:height\" content=\"1200\" \/>\n\t<meta property=\"og:image:type\" content=\"image\/jpeg\" \/>\n<meta name=\"twitter:card\" content=\"summary_large_image\" \/>\n<meta name=\"twitter:site\" content=\"@natur__kosmetik\" \/>\n<script type=\"application\/ld+json\" class=\"yoast-schema-graph\">{\"@context\":\"https:\\\/\\\/schema.org\",\"@graph\":[{\"@type\":[\"WebPage\",\"ItemPage\"],\"@id\":\"https:\\\/\\\/www.lraloeverashop.eu\\\/sk\\\/produkt\\\/peeling-na-telo-aloe-vera-cbd\\\/\",\"url\":\"https:\\\/\\\/www.lraloeverashop.eu\\\/sk\\\/produkt\\\/peeling-na-telo-aloe-vera-cbd\\\/\",\"name\":\"Peeling na Telo Aloe Vera CBD s kry\u0161t\u00e1lmi morskej soli\",\"isPartOf\":{\"@id\":\"https:\\\/\\\/www.lraloeverashop.eu\\\/sk\\\/#website\"},\"primaryImageOfPage\":{\"@id\":\"https:\\\/\\\/www.lraloeverashop.eu\\\/sk\\\/produkt\\\/peeling-na-telo-aloe-vera-cbd\\\/#primaryimage\"},\"image\":{\"@id\":\"https:\\\/\\\/www.lraloeverashop.eu\\\/sk\\\/produkt\\\/peeling-na-telo-aloe-vera-cbd\\\/#primaryimage\"},\"thumbnailUrl\":\"https:\\\/\\\/www.lraloeverashop.eu\\\/wp-content\\\/uploads\\\/2022\\\/10\\\/Aloe-Vera-CBD-Salt-Body-Scrub.jpg\",\"datePublished\":\"2022-10-10T15:21:02+00:00\",\"dateModified\":\"2025-03-29T17:55:06+00:00\",\"description\":\"Peeling na Telo Aloe Vera CBD jemne \u010dist\u00ed a vy\u017eivuje nam\u00e1han\u00fa poko\u017eku bez toho, aby ju vysu\u0161oval. Upokojuje poko\u017eku tela prirodzen\u00fdm sp\u00f4sobom.\",\"breadcrumb\":{\"@id\":\"https:\\\/\\\/www.lraloeverashop.eu\\\/sk\\\/produkt\\\/peeling-na-telo-aloe-vera-cbd\\\/#breadcrumb\"},\"inLanguage\":\"sk-SK\",\"potentialAction\":[{\"@type\":\"ReadAction\",\"target\":[\"https:\\\/\\\/www.lraloeverashop.eu\\\/sk\\\/produkt\\\/peeling-na-telo-aloe-vera-cbd\\\/\"]}]},{\"@type\":\"ImageObject\",\"inLanguage\":\"sk-SK\",\"@id\":\"https:\\\/\\\/www.lraloeverashop.eu\\\/sk\\\/produkt\\\/peeling-na-telo-aloe-vera-cbd\\\/#primaryimage\",\"url\":\"https:\\\/\\\/www.lraloeverashop.eu\\\/wp-content\\\/uploads\\\/2022\\\/10\\\/Aloe-Vera-CBD-Salt-Body-Scrub.jpg\",\"contentUrl\":\"https:\\\/\\\/www.lraloeverashop.eu\\\/wp-content\\\/uploads\\\/2022\\\/10\\\/Aloe-Vera-CBD-Salt-Body-Scrub.jpg\",\"width\":1200,\"height\":1200,\"caption\":\"Peeling na Telo Aloe Vera CBD jemne \u010dist\u00ed bez vysu\u0161enia poko\u017eky\"},{\"@type\":\"BreadcrumbList\",\"@id\":\"https:\\\/\\\/www.lraloeverashop.eu\\\/sk\\\/produkt\\\/peeling-na-telo-aloe-vera-cbd\\\/#breadcrumb\",\"itemListElement\":[{\"@type\":\"ListItem\",\"position\":1,\"name\":\"Home\",\"item\":\"https:\\\/\\\/www.lraloeverashop.eu\\\/sk\\\/\"},{\"@type\":\"ListItem\",\"position\":2,\"name\":\"Obchod\",\"item\":\"https:\\\/\\\/www.lraloeverashop.eu\\\/shop\\\/\"},{\"@type\":\"ListItem\",\"position\":3,\"name\":\"Peeling na Telo Aloe Vera CBD\"}]},{\"@type\":\"WebSite\",\"@id\":\"https:\\\/\\\/www.lraloeverashop.eu\\\/sk\\\/#website\",\"url\":\"https:\\\/\\\/www.lraloeverashop.eu\\\/sk\\\/\",\"name\":\"Lr Obchod Aloe Vera\",\"description\":\"High Quality Lr Aloe Vera Gel, Aloe Vera Cream and Shampoo\",\"publisher\":{\"@id\":\"https:\\\/\\\/www.lraloeverashop.eu\\\/sk\\\/#organization\"},\"potentialAction\":[{\"@type\":\"SearchAction\",\"target\":{\"@type\":\"EntryPoint\",\"urlTemplate\":\"https:\\\/\\\/www.lraloeverashop.eu\\\/sk\\\/?s={search_term_string}\"},\"query-input\":{\"@type\":\"PropertyValueSpecification\",\"valueRequired\":true,\"valueName\":\"search_term_string\"}}],\"inLanguage\":\"sk-SK\"},{\"@type\":\"Organization\",\"@id\":\"https:\\\/\\\/www.lraloeverashop.eu\\\/sk\\\/#organization\",\"name\":\"Lr Obchod Aloe Vera\",\"alternateName\":\"LR\",\"url\":\"https:\\\/\\\/www.lraloeverashop.eu\\\/sk\\\/\",\"logo\":{\"@type\":\"ImageObject\",\"inLanguage\":\"sk-SK\",\"@id\":\"https:\\\/\\\/www.lraloeverashop.eu\\\/sk\\\/#\\\/schema\\\/logo\\\/image\\\/\",\"url\":\"https:\\\/\\\/www.lraloeverashop.eu\\\/wp-content\\\/uploads\\\/2022\\\/09\\\/cropped-Lr-Aloe-Vera-Shop.jpg\",\"contentUrl\":\"https:\\\/\\\/www.lraloeverashop.eu\\\/wp-content\\\/uploads\\\/2022\\\/09\\\/cropped-Lr-Aloe-Vera-Shop.jpg\",\"width\":228,\"height\":76,\"caption\":\"Lr Obchod Aloe Vera\"},\"image\":{\"@id\":\"https:\\\/\\\/www.lraloeverashop.eu\\\/sk\\\/#\\\/schema\\\/logo\\\/image\\\/\"},\"sameAs\":[\"https:\\\/\\\/www.facebook.com\\\/lraloeverashop.eu\",\"https:\\\/\\\/x.com\\\/natur__kosmetik\",\"https:\\\/\\\/www.youtube.com\\\/channel\\\/UC5oN7BJ8nfYb8RpVtjwDEBA\",\"https:\\\/\\\/www.instagram.com\\\/lrbeautyeu\\\/\"],\"description\":\"Obchod Lr Aloe Vera je va\u0161\u00edm d\u00f4veryhodn\u00fdm miestom pre pr\u00e9miov\u00e9 produkty LR Health & Beauty vyroben\u00e9 v Nemecku. Pon\u00fakame vysokokvalitn\u00e9 rie\u0161enia starostlivosti o ple\u0165 s Aloe Vera, v\u00fd\u017eivu a proti starnutiu, vyroben\u00e9 z \u010dist\u00fdch ingredienci\u00ed a podlo\u017een\u00e9 vedeck\u00fdm v\u00fdskumom. Objavte pr\u00edrodn\u00fa starostlivos\u0165, ktor\u00e1 regeneruje, chr\u00e1ni a revitalizuje va\u0161u ple\u0165 \u2013 a vyu\u017eite exkluz\u00edvne mesa\u010dn\u00e9 ponuky na na\u0161e najpred\u00e1vanej\u0161ie produkty LR Aloe Vera.\\nZa\u010dnite svoju cestu za pr\u00edrodnou starostlivos\u0165ou o ple\u0165 e\u0161te dnes a poc\u00ed\u0165te rozdiel.\",\"email\":\"info@lraloeverashop.eu\",\"telephone\":\"+49 17670609653\",\"legalName\":\"Lr Aloe Vera Shop\",\"foundingDate\":\"2018-04-21\",\"numberOfEmployees\":{\"@type\":\"QuantitativeValue\",\"minValue\":\"1\",\"maxValue\":\"10\"}}]}<\/script>\n<meta property=\"product:price:amount\" content=\"16.39\" \/>\n<meta property=\"product:price:currency\" content=\"EUR\" \/>\n<meta property=\"og:availability\" content=\"out of stock\" \/>\n<meta property=\"product:availability\" content=\"out of stock\" \/>\n<meta property=\"product:retailer_item_id\" content=\"20823-1SK\" \/>\n<meta property=\"product:condition\" content=\"new\" \/>\n<!-- \/ Yoast SEO Premium plugin. -->","yoast_head_json":{"title":"Peeling na Telo Aloe Vera CBD s kry\u0161t\u00e1lmi morskej soli","description":"Peeling na Telo Aloe Vera CBD jemne \u010dist\u00ed a vy\u017eivuje nam\u00e1han\u00fa poko\u017eku bez toho, aby ju vysu\u0161oval. Upokojuje poko\u017eku tela prirodzen\u00fdm sp\u00f4sobom.","robots":{"index":"index","follow":"follow","max-snippet":"max-snippet:-1","max-image-preview":"max-image-preview:large","max-video-preview":"max-video-preview:-1"},"canonical":"https:\/\/www.lraloeverashop.eu\/sk\/produkt\/peeling-na-telo-aloe-vera-cbd\/","og_locale":"sk_SK","og_type":"article","og_title":"Peeling na Telo Aloe Vera CBD","og_description":"Peeling na Telo Aloe Vera CBD jemne \u010dist\u00ed a vy\u017eivuje nam\u00e1han\u00fa poko\u017eku bez toho, aby ju vysu\u0161oval. Upokojuje poko\u017eku tela prirodzen\u00fdm sp\u00f4sobom.","og_url":"https:\/\/www.lraloeverashop.eu\/sk\/produkt\/peeling-na-telo-aloe-vera-cbd\/","og_site_name":"Lr Obchod Aloe Vera","article_publisher":"https:\/\/www.facebook.com\/lraloeverashop.eu","article_modified_time":"2025-03-29T17:55:06+00:00","og_image":[{"width":1200,"height":1200,"url":"https:\/\/www.lraloeverashop.eu\/wp-content\/uploads\/2022\/10\/Aloe-Vera-CBD-Salt-Body-Scrub.jpg","type":"image\/jpeg"}],"twitter_card":"summary_large_image","twitter_site":"@natur__kosmetik","schema":{"@context":"https:\/\/schema.org","@graph":[{"@type":["WebPage","ItemPage"],"@id":"https:\/\/www.lraloeverashop.eu\/sk\/produkt\/peeling-na-telo-aloe-vera-cbd\/","url":"https:\/\/www.lraloeverashop.eu\/sk\/produkt\/peeling-na-telo-aloe-vera-cbd\/","name":"Peeling na Telo Aloe Vera CBD s kry\u0161t\u00e1lmi morskej soli","isPartOf":{"@id":"https:\/\/www.lraloeverashop.eu\/sk\/#website"},"primaryImageOfPage":{"@id":"https:\/\/www.lraloeverashop.eu\/sk\/produkt\/peeling-na-telo-aloe-vera-cbd\/#primaryimage"},"image":{"@id":"https:\/\/www.lraloeverashop.eu\/sk\/produkt\/peeling-na-telo-aloe-vera-cbd\/#primaryimage"},"thumbnailUrl":"https:\/\/www.lraloeverashop.eu\/wp-content\/uploads\/2022\/10\/Aloe-Vera-CBD-Salt-Body-Scrub.jpg","datePublished":"2022-10-10T15:21:02+00:00","dateModified":"2025-03-29T17:55:06+00:00","description":"Peeling na Telo Aloe Vera CBD jemne \u010dist\u00ed a vy\u017eivuje nam\u00e1han\u00fa poko\u017eku bez toho, aby ju vysu\u0161oval. Upokojuje poko\u017eku tela prirodzen\u00fdm sp\u00f4sobom.","breadcrumb":{"@id":"https:\/\/www.lraloeverashop.eu\/sk\/produkt\/peeling-na-telo-aloe-vera-cbd\/#breadcrumb"},"inLanguage":"sk-SK","potentialAction":[{"@type":"ReadAction","target":["https:\/\/www.lraloeverashop.eu\/sk\/produkt\/peeling-na-telo-aloe-vera-cbd\/"]}]},{"@type":"ImageObject","inLanguage":"sk-SK","@id":"https:\/\/www.lraloeverashop.eu\/sk\/produkt\/peeling-na-telo-aloe-vera-cbd\/#primaryimage","url":"https:\/\/www.lraloeverashop.eu\/wp-content\/uploads\/2022\/10\/Aloe-Vera-CBD-Salt-Body-Scrub.jpg","contentUrl":"https:\/\/www.lraloeverashop.eu\/wp-content\/uploads\/2022\/10\/Aloe-Vera-CBD-Salt-Body-Scrub.jpg","width":1200,"height":1200,"caption":"Peeling na Telo Aloe Vera CBD jemne \u010dist\u00ed bez vysu\u0161enia poko\u017eky"},{"@type":"BreadcrumbList","@id":"https:\/\/www.lraloeverashop.eu\/sk\/produkt\/peeling-na-telo-aloe-vera-cbd\/#breadcrumb","itemListElement":[{"@type":"ListItem","position":1,"name":"Home","item":"https:\/\/www.lraloeverashop.eu\/sk\/"},{"@type":"ListItem","position":2,"name":"Obchod","item":"https:\/\/www.lraloeverashop.eu\/shop\/"},{"@type":"ListItem","position":3,"name":"Peeling na Telo Aloe Vera CBD"}]},{"@type":"WebSite","@id":"https:\/\/www.lraloeverashop.eu\/sk\/#website","url":"https:\/\/www.lraloeverashop.eu\/sk\/","name":"Lr Obchod Aloe Vera","description":"High Quality Lr Aloe Vera Gel, Aloe Vera Cream and Shampoo","publisher":{"@id":"https:\/\/www.lraloeverashop.eu\/sk\/#organization"},"potentialAction":[{"@type":"SearchAction","target":{"@type":"EntryPoint","urlTemplate":"https:\/\/www.lraloeverashop.eu\/sk\/?s={search_term_string}"},"query-input":{"@type":"PropertyValueSpecification","valueRequired":true,"valueName":"search_term_string"}}],"inLanguage":"sk-SK"},{"@type":"Organization","@id":"https:\/\/www.lraloeverashop.eu\/sk\/#organization","name":"Lr Obchod Aloe Vera","alternateName":"LR","url":"https:\/\/www.lraloeverashop.eu\/sk\/","logo":{"@type":"ImageObject","inLanguage":"sk-SK","@id":"https:\/\/www.lraloeverashop.eu\/sk\/#\/schema\/logo\/image\/","url":"https:\/\/www.lraloeverashop.eu\/wp-content\/uploads\/2022\/09\/cropped-Lr-Aloe-Vera-Shop.jpg","contentUrl":"https:\/\/www.lraloeverashop.eu\/wp-content\/uploads\/2022\/09\/cropped-Lr-Aloe-Vera-Shop.jpg","width":228,"height":76,"caption":"Lr Obchod Aloe Vera"},"image":{"@id":"https:\/\/www.lraloeverashop.eu\/sk\/#\/schema\/logo\/image\/"},"sameAs":["https:\/\/www.facebook.com\/lraloeverashop.eu","https:\/\/x.com\/natur__kosmetik","https:\/\/www.youtube.com\/channel\/UC5oN7BJ8nfYb8RpVtjwDEBA","https:\/\/www.instagram.com\/lrbeautyeu\/"],"description":"Obchod Lr Aloe Vera je va\u0161\u00edm d\u00f4veryhodn\u00fdm miestom pre pr\u00e9miov\u00e9 produkty LR Health & Beauty vyroben\u00e9 v Nemecku. Pon\u00fakame vysokokvalitn\u00e9 rie\u0161enia starostlivosti o ple\u0165 s Aloe Vera, v\u00fd\u017eivu a proti starnutiu, vyroben\u00e9 z \u010dist\u00fdch ingredienci\u00ed a podlo\u017een\u00e9 vedeck\u00fdm v\u00fdskumom. Objavte pr\u00edrodn\u00fa starostlivos\u0165, ktor\u00e1 regeneruje, chr\u00e1ni a revitalizuje va\u0161u ple\u0165 \u2013 a vyu\u017eite exkluz\u00edvne mesa\u010dn\u00e9 ponuky na na\u0161e najpred\u00e1vanej\u0161ie produkty LR Aloe Vera.\nZa\u010dnite svoju cestu za pr\u00edrodnou starostlivos\u0165ou o ple\u0165 e\u0161te dnes a poc\u00ed\u0165te rozdiel.","email":"info@lraloeverashop.eu","telephone":"+49 17670609653","legalName":"Lr Aloe Vera Shop","foundingDate":"2018-04-21","numberOfEmployees":{"@type":"QuantitativeValue","minValue":"1","maxValue":"10"}}]},"product_price_amount":"16.39","product_price_currency":"EUR","og_availability":"out of stock","product_availability":"out of stock","product_retailer_item_id":"20823-1SK","product_condition":"new"},"taxonomy_info":{"product_cat":[{"value":216,"label":"Aloe Vera"},{"value":236,"label":"CBD"},{"value":231,"label":"Starostlivos\u0165 o telo"}],"product_tag":[{"value":619,"label":"Cbd produkty"}]},"featured_image_src_large":["https:\/\/www.lraloeverashop.eu\/wp-content\/uploads\/2022\/10\/Aloe-Vera-CBD-Salt-Body-Scrub-1024x1024.jpg",1024,1024,true],"author_info":[],"comment_info":0,"_links":{"self":[{"href":"https:\/\/www.lraloeverashop.eu\/sk\/wp-json\/wp\/v2\/product\/10586","targetHints":{"allow":["GET"]}}],"collection":[{"href":"https:\/\/www.lraloeverashop.eu\/sk\/wp-json\/wp\/v2\/product"}],"about":[{"href":"https:\/\/www.lraloeverashop.eu\/sk\/wp-json\/wp\/v2\/types\/product"}],"replies":[{"embeddable":true,"href":"https:\/\/www.lraloeverashop.eu\/sk\/wp-json\/wp\/v2\/comments?post=10586"}],"wp:featuredmedia":[{"embeddable":true,"href":"https:\/\/www.lraloeverashop.eu\/sk\/wp-json\/wp\/v2\/media\/4906"}],"wp:attachment":[{"href":"https:\/\/www.lraloeverashop.eu\/sk\/wp-json\/wp\/v2\/media?parent=10586"}],"wp:term":[{"taxonomy":"product_brand","embeddable":true,"href":"https:\/\/www.lraloeverashop.eu\/sk\/wp-json\/wp\/v2\/product_brand?post=10586"},{"taxonomy":"product_cat","embeddable":true,"href":"https:\/\/www.lraloeverashop.eu\/sk\/wp-json\/wp\/v2\/product_cat?post=10586"},{"taxonomy":"product_tag","embeddable":true,"href":"https:\/\/www.lraloeverashop.eu\/sk\/wp-json\/wp\/v2\/product_tag?post=10586"}],"curies":[{"name":"wp","href":"https:\/\/api.w.org\/{rel}","templated":true}]}}