{"id":10568,"date":"2022-10-10T18:21:56","date_gmt":"2022-10-10T16:21:56","guid":{"rendered":"https:\/\/www.lraloeverashop.eu\/product\/aloe-vera-tvarujuci-telovy-gel\/"},"modified":"2025-04-23T19:08:28","modified_gmt":"2025-04-23T17:08:28","slug":"aloe-vera-tvarujuci-telovy-gel","status":"publish","type":"product","link":"https:\/\/www.lraloeverashop.eu\/sk\/produkt\/aloe-vera-tvarujuci-telovy-gel\/","title":{"rendered":"Aloe Vera G\u00e9l na Celulit\u00eddu"},"content":{"rendered":"<h2><span style=\"font-size: 16pt;\"><strong>Aloe Vera G\u00e9l na Celulit\u00eddu<\/strong><\/span><\/h2>\n<p><span style=\"font-size: 14pt;\"><strong>Aloe Vera G\u00e9l na Celulit\u00eddu na bruchu, ramen\u00e1ch a stehn\u00e1ch<\/strong><\/span><\/p>\n<p>\u013dahko vstrebate\u013en\u00fd Lr Aloe Vera Telov\u00fd g\u00e9l posil\u0148uje a nap\u00edna ple\u0165 pravidelnou aplik\u00e1ciou a zlep\u0161uje pru\u017enos\u0165 tkaniva. V\u00fdkonn\u00e1 kombin\u00e1cia s 30% Aloe Vera Gelom, extraktom z bio \u010daju a Intenz\u00edvny (A) akt\u00edvny komplex v\u00e1m pom\u00f4\u017ee <a href=\"https:\/\/www.lraloeverashop.eu\/sk\/prirodny-elixir-krasy-pre-mladistvy-vzhlad\/\">c\u00edti\u0165 sa pohodlne<\/a> vo va\u0161ej poko\u017eke.<\/p>\n<p>&nbsp;<\/p>\n<h3><strong><span style=\"font-size: 16pt;\">Ako pou\u017ei\u0165<\/span><\/strong><\/h3>\n<p>Nan\u00e1\u0161ajte jemne G\u00e9l na Celulit\u00eddu dvakr\u00e1t denne\u00a0 po sprchovan\u00ed alebo k\u00fapan\u00ed. Vmasirujte kr\u00fa\u017eiv\u00fdmi pohybmi do poko\u017eky.<\/p>\n<p>\u2022 Pri pravidelnom pou\u017e\u00edvan\u00ed podporuje zmen\u0161enie obvodu p\u00e1sa<br \/>\n\u2022 Zlep\u0161uje elasticitu tkaniva<br \/>\n\u2022 Pri pravidelnom pou\u017e\u00edvan\u00ed <a href=\"https:\/\/www.lraloeverashop.eu\/sk\/produkt\/aloe-vera-korekcny-telovy-krem\/\">spev\u0148uje a nap\u00edna poko\u017eku<\/a><\/p>\n<p>&nbsp;<\/p>\n<h4><strong><span style=\"font-size: 16pt;\">Vedeli ste?<\/span><\/strong><\/h4>\n<p><strong>Vedeck\u00e1 \u0161t\u00fadia potvrdzuje \u00fa\u010dinok telov\u00e9ho g\u00e9lu:<\/strong><\/p>\n<p>G\u00e9l na Celulit\u00eddu podporuje zmen\u0161enie obvodu brucha a zais\u0165uje rovnomern\u00fa \u0161trukt\u00faru poko\u017eky<\/p>\n<p>\u2022 100% testovan\u00fdch os\u00f4b potvrdilo, \u017ee poko\u017eka sa c\u00edti zlep\u0161en\u00e1<br \/>\n\u2022 70% potvrdilo, \u017ee <a href=\"https:\/\/www.lraloeverashop.eu\/sk\/produkt\/zeitgard-pro-na-masaz-tela\/\">poko\u017eka p\u00f4sob\u00ed pru\u017enej\u0161ie<\/a><br \/>\n\u2022 70% tvrd\u00ed, \u017ee poko\u017eka vyzer\u00e1 vidite\u013ene napnutej\u0161ia a pevnej\u0161ia<\/p>\n<p>Vedeck\u00e1 \u0161t\u00fadia vykonan\u00e1 Dermatest Institute v marci 2017 na 20 subjektoch s ka\u017edodenn\u00fdm pou\u017e\u00edvan\u00edm na obvod p\u00e1sa.<\/p>\n<p><strong>TIP ODBORN\u00cdKA:<\/strong> Pre zv\u00fd\u0161enie prietoku krvi pou\u017eite na vmas\u00edrovanie sprchov\u00fa rukavicu.<\/p>\n","protected":false},"excerpt":{"rendered":"<ul>\n<li>R\u00fdchle vstreb\u00e1vajuci, osvie\u017euj\u00faci g\u00e9l pre brucho, ramen\u00e1 a stehn\u00e1<\/li>\n<li>30% g\u00e9l z aloe vera, extrakt z bio zelen\u00e9ho \u010daju a akt\u00edvny komplex zlo\u017eiek Intenslim\u00ae<\/li>\n<li>Zlep\u0161uje elasticitu poko\u017eky<\/li>\n<li>Podporuje redukciu obvodu brucha pri be\u017enej aplik\u00e1cii<\/li>\n<li>Upev\u0148uje poko\u017eku pei pravidelnom pou\u017e\u00edvani<\/li>\n<li>Obsah: 200 ml<\/li>\n<\/ul>\n","protected":false},"featured_media":5080,"comment_status":"open","ping_status":"closed","template":"","meta":{"_kad_blocks_custom_css":"","_kad_blocks_head_custom_js":"","_kad_blocks_body_custom_js":"","_kad_blocks_footer_custom_js":"","_kadence_starter_templates_imported_post":false,"_kad_post_transparent":"default","_kad_post_title":"","_kad_post_layout":"default","_kad_post_sidebar_id":"","_kad_post_content_style":"default","_kad_post_vertical_padding":"default","_kad_post_feature":"","_kad_post_feature_position":"","_kad_post_header":false,"_kad_post_footer":false,"_kad_post_classname":""},"product_brand":[],"product_cat":[216,231],"product_tag":[620],"class_list":{"0":"post-10568","1":"product","2":"type-product","3":"status-publish","4":"has-post-thumbnail","6":"product_cat-aloe-vera-sk","7":"product_cat-starostlivost-o-telo","8":"product_tag-celulitida","10":"first","11":"instock","12":"taxable","13":"shipping-taxable","14":"purchasable","15":"product-type-simple","16":"entry","17":"content-bg","18":"loop-entry"},"yoast_head":"<!-- This site is optimized with the Yoast SEO Premium plugin v27.4 (Yoast SEO v27.4) - https:\/\/yoast.com\/product\/yoast-seo-premium-wordpress\/ -->\n<title>Aloe Vera G\u00e9l na Celulit\u00eddu na bruchu, ramen\u00e1ch a stehn\u00e1ch<\/title>\n<meta name=\"description\" content=\"Aloe Vera G\u00e9l na Celulit\u00eddu podporuje redukciu brucha a stehien pri be\u017enej aplik\u00e1cii. 30% g\u00e9l z aloe vera a akt\u00edvny komplex Intenslim\u00ae\" \/>\n<meta name=\"robots\" content=\"index, follow, max-snippet:-1, max-image-preview:large, max-video-preview:-1\" \/>\n<link rel=\"canonical\" href=\"https:\/\/www.lraloeverashop.eu\/sk\/produkt\/aloe-vera-tvarujuci-telovy-gel\/\" \/>\n<meta property=\"og:locale\" content=\"sk_SK\" \/>\n<meta property=\"og:type\" content=\"article\" \/>\n<meta property=\"og:title\" content=\"Aloe Vera G\u00e9l na Celulit\u00eddu\" \/>\n<meta property=\"og:description\" content=\"Aloe Vera G\u00e9l na Celulit\u00eddu podporuje redukciu brucha a stehien pri be\u017enej aplik\u00e1cii. 30% g\u00e9l z aloe vera a akt\u00edvny komplex Intenslim\u00ae\" \/>\n<meta property=\"og:url\" content=\"https:\/\/www.lraloeverashop.eu\/sk\/produkt\/aloe-vera-tvarujuci-telovy-gel\/\" \/>\n<meta property=\"og:site_name\" content=\"Lr Obchod Aloe Vera\" \/>\n<meta property=\"article:publisher\" content=\"https:\/\/www.facebook.com\/lraloeverashop.eu\" \/>\n<meta property=\"article:modified_time\" content=\"2025-04-23T17:08:28+00:00\" \/>\n<meta property=\"og:image\" content=\"https:\/\/www.lraloeverashop.eu\/wp-content\/uploads\/2022\/10\/Aloe-Vera-Shaping-Body-Gel.jpg\" \/>\n\t<meta property=\"og:image:width\" content=\"1200\" \/>\n\t<meta property=\"og:image:height\" content=\"1200\" \/>\n\t<meta property=\"og:image:type\" content=\"image\/jpeg\" \/>\n<meta name=\"twitter:card\" content=\"summary_large_image\" \/>\n<meta name=\"twitter:site\" content=\"@natur__kosmetik\" \/>\n<script type=\"application\/ld+json\" class=\"yoast-schema-graph\">{\"@context\":\"https:\\\/\\\/schema.org\",\"@graph\":[{\"@type\":[\"WebPage\",\"ItemPage\"],\"@id\":\"https:\\\/\\\/www.lraloeverashop.eu\\\/sk\\\/produkt\\\/aloe-vera-tvarujuci-telovy-gel\\\/\",\"url\":\"https:\\\/\\\/www.lraloeverashop.eu\\\/sk\\\/produkt\\\/aloe-vera-tvarujuci-telovy-gel\\\/\",\"name\":\"Aloe Vera G\u00e9l na Celulit\u00eddu na bruchu, ramen\u00e1ch a stehn\u00e1ch\",\"isPartOf\":{\"@id\":\"https:\\\/\\\/www.lraloeverashop.eu\\\/sk\\\/#website\"},\"primaryImageOfPage\":{\"@id\":\"https:\\\/\\\/www.lraloeverashop.eu\\\/sk\\\/produkt\\\/aloe-vera-tvarujuci-telovy-gel\\\/#primaryimage\"},\"image\":{\"@id\":\"https:\\\/\\\/www.lraloeverashop.eu\\\/sk\\\/produkt\\\/aloe-vera-tvarujuci-telovy-gel\\\/#primaryimage\"},\"thumbnailUrl\":\"https:\\\/\\\/www.lraloeverashop.eu\\\/wp-content\\\/uploads\\\/2022\\\/10\\\/Aloe-Vera-Shaping-Body-Gel.jpg\",\"datePublished\":\"2022-10-10T16:21:56+00:00\",\"dateModified\":\"2025-04-23T17:08:28+00:00\",\"description\":\"Aloe Vera G\u00e9l na Celulit\u00eddu podporuje redukciu brucha a stehien pri be\u017enej aplik\u00e1cii. 30% g\u00e9l z aloe vera a akt\u00edvny komplex Intenslim\u00ae\",\"breadcrumb\":{\"@id\":\"https:\\\/\\\/www.lraloeverashop.eu\\\/sk\\\/produkt\\\/aloe-vera-tvarujuci-telovy-gel\\\/#breadcrumb\"},\"inLanguage\":\"sk-SK\",\"potentialAction\":[{\"@type\":\"ReadAction\",\"target\":[\"https:\\\/\\\/www.lraloeverashop.eu\\\/sk\\\/produkt\\\/aloe-vera-tvarujuci-telovy-gel\\\/\"]}]},{\"@type\":\"ImageObject\",\"inLanguage\":\"sk-SK\",\"@id\":\"https:\\\/\\\/www.lraloeverashop.eu\\\/sk\\\/produkt\\\/aloe-vera-tvarujuci-telovy-gel\\\/#primaryimage\",\"url\":\"https:\\\/\\\/www.lraloeverashop.eu\\\/wp-content\\\/uploads\\\/2022\\\/10\\\/Aloe-Vera-Shaping-Body-Gel.jpg\",\"contentUrl\":\"https:\\\/\\\/www.lraloeverashop.eu\\\/wp-content\\\/uploads\\\/2022\\\/10\\\/Aloe-Vera-Shaping-Body-Gel.jpg\",\"width\":1200,\"height\":1200,\"caption\":\"Aloe Vera Tvaruj\u00faci telov\u00fd g\u00e9l posil\u0148uje a nap\u00edna ple\u0165\"},{\"@type\":\"BreadcrumbList\",\"@id\":\"https:\\\/\\\/www.lraloeverashop.eu\\\/sk\\\/produkt\\\/aloe-vera-tvarujuci-telovy-gel\\\/#breadcrumb\",\"itemListElement\":[{\"@type\":\"ListItem\",\"position\":1,\"name\":\"Home\",\"item\":\"https:\\\/\\\/www.lraloeverashop.eu\\\/sk\\\/\"},{\"@type\":\"ListItem\",\"position\":2,\"name\":\"Obchod\",\"item\":\"https:\\\/\\\/www.lraloeverashop.eu\\\/shop\\\/\"},{\"@type\":\"ListItem\",\"position\":3,\"name\":\"Aloe Vera G\u00e9l na Celulit\u00eddu\"}]},{\"@type\":\"WebSite\",\"@id\":\"https:\\\/\\\/www.lraloeverashop.eu\\\/sk\\\/#website\",\"url\":\"https:\\\/\\\/www.lraloeverashop.eu\\\/sk\\\/\",\"name\":\"Lr Obchod Aloe Vera\",\"description\":\"High Quality Lr Aloe Vera Gel, Aloe Vera Cream and Shampoo\",\"publisher\":{\"@id\":\"https:\\\/\\\/www.lraloeverashop.eu\\\/sk\\\/#organization\"},\"potentialAction\":[{\"@type\":\"SearchAction\",\"target\":{\"@type\":\"EntryPoint\",\"urlTemplate\":\"https:\\\/\\\/www.lraloeverashop.eu\\\/sk\\\/?s={search_term_string}\"},\"query-input\":{\"@type\":\"PropertyValueSpecification\",\"valueRequired\":true,\"valueName\":\"search_term_string\"}}],\"inLanguage\":\"sk-SK\"},{\"@type\":\"Organization\",\"@id\":\"https:\\\/\\\/www.lraloeverashop.eu\\\/sk\\\/#organization\",\"name\":\"Lr Obchod Aloe Vera\",\"alternateName\":\"LR\",\"url\":\"https:\\\/\\\/www.lraloeverashop.eu\\\/sk\\\/\",\"logo\":{\"@type\":\"ImageObject\",\"inLanguage\":\"sk-SK\",\"@id\":\"https:\\\/\\\/www.lraloeverashop.eu\\\/sk\\\/#\\\/schema\\\/logo\\\/image\\\/\",\"url\":\"https:\\\/\\\/www.lraloeverashop.eu\\\/wp-content\\\/uploads\\\/2022\\\/09\\\/cropped-Lr-Aloe-Vera-Shop.jpg\",\"contentUrl\":\"https:\\\/\\\/www.lraloeverashop.eu\\\/wp-content\\\/uploads\\\/2022\\\/09\\\/cropped-Lr-Aloe-Vera-Shop.jpg\",\"width\":228,\"height\":76,\"caption\":\"Lr Obchod Aloe Vera\"},\"image\":{\"@id\":\"https:\\\/\\\/www.lraloeverashop.eu\\\/sk\\\/#\\\/schema\\\/logo\\\/image\\\/\"},\"sameAs\":[\"https:\\\/\\\/www.facebook.com\\\/lraloeverashop.eu\",\"https:\\\/\\\/x.com\\\/natur__kosmetik\",\"https:\\\/\\\/www.youtube.com\\\/channel\\\/UC5oN7BJ8nfYb8RpVtjwDEBA\",\"https:\\\/\\\/www.instagram.com\\\/lrbeautyeu\\\/\"],\"description\":\"Obchod Lr Aloe Vera je va\u0161\u00edm d\u00f4veryhodn\u00fdm miestom pre pr\u00e9miov\u00e9 produkty LR Health & Beauty vyroben\u00e9 v Nemecku. Pon\u00fakame vysokokvalitn\u00e9 rie\u0161enia starostlivosti o ple\u0165 s Aloe Vera, v\u00fd\u017eivu a proti starnutiu, vyroben\u00e9 z \u010dist\u00fdch ingredienci\u00ed a podlo\u017een\u00e9 vedeck\u00fdm v\u00fdskumom. Objavte pr\u00edrodn\u00fa starostlivos\u0165, ktor\u00e1 regeneruje, chr\u00e1ni a revitalizuje va\u0161u ple\u0165 \u2013 a vyu\u017eite exkluz\u00edvne mesa\u010dn\u00e9 ponuky na na\u0161e najpred\u00e1vanej\u0161ie produkty LR Aloe Vera.\\nZa\u010dnite svoju cestu za pr\u00edrodnou starostlivos\u0165ou o ple\u0165 e\u0161te dnes a poc\u00ed\u0165te rozdiel.\",\"email\":\"info@lraloeverashop.eu\",\"telephone\":\"+49 17670609653\",\"legalName\":\"Lr Aloe Vera Shop\",\"foundingDate\":\"2018-04-21\",\"numberOfEmployees\":{\"@type\":\"QuantitativeValue\",\"minValue\":\"1\",\"maxValue\":\"10\"}}]}<\/script>\n<meta property=\"product:price:amount\" content=\"23.69\" \/>\n<meta property=\"product:price:currency\" content=\"EUR\" \/>\n<meta property=\"og:availability\" content=\"instock\" \/>\n<meta property=\"product:availability\" content=\"instock\" \/>\n<meta property=\"product:retailer_item_id\" content=\"27536-1SK\" \/>\n<meta property=\"product:condition\" content=\"new\" \/>\n<!-- \/ Yoast SEO Premium plugin. -->","yoast_head_json":{"title":"Aloe Vera G\u00e9l na Celulit\u00eddu na bruchu, ramen\u00e1ch a stehn\u00e1ch","description":"Aloe Vera G\u00e9l na Celulit\u00eddu podporuje redukciu brucha a stehien pri be\u017enej aplik\u00e1cii. 30% g\u00e9l z aloe vera a akt\u00edvny komplex Intenslim\u00ae","robots":{"index":"index","follow":"follow","max-snippet":"max-snippet:-1","max-image-preview":"max-image-preview:large","max-video-preview":"max-video-preview:-1"},"canonical":"https:\/\/www.lraloeverashop.eu\/sk\/produkt\/aloe-vera-tvarujuci-telovy-gel\/","og_locale":"sk_SK","og_type":"article","og_title":"Aloe Vera G\u00e9l na Celulit\u00eddu","og_description":"Aloe Vera G\u00e9l na Celulit\u00eddu podporuje redukciu brucha a stehien pri be\u017enej aplik\u00e1cii. 30% g\u00e9l z aloe vera a akt\u00edvny komplex Intenslim\u00ae","og_url":"https:\/\/www.lraloeverashop.eu\/sk\/produkt\/aloe-vera-tvarujuci-telovy-gel\/","og_site_name":"Lr Obchod Aloe Vera","article_publisher":"https:\/\/www.facebook.com\/lraloeverashop.eu","article_modified_time":"2025-04-23T17:08:28+00:00","og_image":[{"width":1200,"height":1200,"url":"https:\/\/www.lraloeverashop.eu\/wp-content\/uploads\/2022\/10\/Aloe-Vera-Shaping-Body-Gel.jpg","type":"image\/jpeg"}],"twitter_card":"summary_large_image","twitter_site":"@natur__kosmetik","schema":{"@context":"https:\/\/schema.org","@graph":[{"@type":["WebPage","ItemPage"],"@id":"https:\/\/www.lraloeverashop.eu\/sk\/produkt\/aloe-vera-tvarujuci-telovy-gel\/","url":"https:\/\/www.lraloeverashop.eu\/sk\/produkt\/aloe-vera-tvarujuci-telovy-gel\/","name":"Aloe Vera G\u00e9l na Celulit\u00eddu na bruchu, ramen\u00e1ch a stehn\u00e1ch","isPartOf":{"@id":"https:\/\/www.lraloeverashop.eu\/sk\/#website"},"primaryImageOfPage":{"@id":"https:\/\/www.lraloeverashop.eu\/sk\/produkt\/aloe-vera-tvarujuci-telovy-gel\/#primaryimage"},"image":{"@id":"https:\/\/www.lraloeverashop.eu\/sk\/produkt\/aloe-vera-tvarujuci-telovy-gel\/#primaryimage"},"thumbnailUrl":"https:\/\/www.lraloeverashop.eu\/wp-content\/uploads\/2022\/10\/Aloe-Vera-Shaping-Body-Gel.jpg","datePublished":"2022-10-10T16:21:56+00:00","dateModified":"2025-04-23T17:08:28+00:00","description":"Aloe Vera G\u00e9l na Celulit\u00eddu podporuje redukciu brucha a stehien pri be\u017enej aplik\u00e1cii. 30% g\u00e9l z aloe vera a akt\u00edvny komplex Intenslim\u00ae","breadcrumb":{"@id":"https:\/\/www.lraloeverashop.eu\/sk\/produkt\/aloe-vera-tvarujuci-telovy-gel\/#breadcrumb"},"inLanguage":"sk-SK","potentialAction":[{"@type":"ReadAction","target":["https:\/\/www.lraloeverashop.eu\/sk\/produkt\/aloe-vera-tvarujuci-telovy-gel\/"]}]},{"@type":"ImageObject","inLanguage":"sk-SK","@id":"https:\/\/www.lraloeverashop.eu\/sk\/produkt\/aloe-vera-tvarujuci-telovy-gel\/#primaryimage","url":"https:\/\/www.lraloeverashop.eu\/wp-content\/uploads\/2022\/10\/Aloe-Vera-Shaping-Body-Gel.jpg","contentUrl":"https:\/\/www.lraloeverashop.eu\/wp-content\/uploads\/2022\/10\/Aloe-Vera-Shaping-Body-Gel.jpg","width":1200,"height":1200,"caption":"Aloe Vera Tvaruj\u00faci telov\u00fd g\u00e9l posil\u0148uje a nap\u00edna ple\u0165"},{"@type":"BreadcrumbList","@id":"https:\/\/www.lraloeverashop.eu\/sk\/produkt\/aloe-vera-tvarujuci-telovy-gel\/#breadcrumb","itemListElement":[{"@type":"ListItem","position":1,"name":"Home","item":"https:\/\/www.lraloeverashop.eu\/sk\/"},{"@type":"ListItem","position":2,"name":"Obchod","item":"https:\/\/www.lraloeverashop.eu\/shop\/"},{"@type":"ListItem","position":3,"name":"Aloe Vera G\u00e9l na Celulit\u00eddu"}]},{"@type":"WebSite","@id":"https:\/\/www.lraloeverashop.eu\/sk\/#website","url":"https:\/\/www.lraloeverashop.eu\/sk\/","name":"Lr Obchod Aloe Vera","description":"High Quality Lr Aloe Vera Gel, Aloe Vera Cream and Shampoo","publisher":{"@id":"https:\/\/www.lraloeverashop.eu\/sk\/#organization"},"potentialAction":[{"@type":"SearchAction","target":{"@type":"EntryPoint","urlTemplate":"https:\/\/www.lraloeverashop.eu\/sk\/?s={search_term_string}"},"query-input":{"@type":"PropertyValueSpecification","valueRequired":true,"valueName":"search_term_string"}}],"inLanguage":"sk-SK"},{"@type":"Organization","@id":"https:\/\/www.lraloeverashop.eu\/sk\/#organization","name":"Lr Obchod Aloe Vera","alternateName":"LR","url":"https:\/\/www.lraloeverashop.eu\/sk\/","logo":{"@type":"ImageObject","inLanguage":"sk-SK","@id":"https:\/\/www.lraloeverashop.eu\/sk\/#\/schema\/logo\/image\/","url":"https:\/\/www.lraloeverashop.eu\/wp-content\/uploads\/2022\/09\/cropped-Lr-Aloe-Vera-Shop.jpg","contentUrl":"https:\/\/www.lraloeverashop.eu\/wp-content\/uploads\/2022\/09\/cropped-Lr-Aloe-Vera-Shop.jpg","width":228,"height":76,"caption":"Lr Obchod Aloe Vera"},"image":{"@id":"https:\/\/www.lraloeverashop.eu\/sk\/#\/schema\/logo\/image\/"},"sameAs":["https:\/\/www.facebook.com\/lraloeverashop.eu","https:\/\/x.com\/natur__kosmetik","https:\/\/www.youtube.com\/channel\/UC5oN7BJ8nfYb8RpVtjwDEBA","https:\/\/www.instagram.com\/lrbeautyeu\/"],"description":"Obchod Lr Aloe Vera je va\u0161\u00edm d\u00f4veryhodn\u00fdm miestom pre pr\u00e9miov\u00e9 produkty LR Health & Beauty vyroben\u00e9 v Nemecku. Pon\u00fakame vysokokvalitn\u00e9 rie\u0161enia starostlivosti o ple\u0165 s Aloe Vera, v\u00fd\u017eivu a proti starnutiu, vyroben\u00e9 z \u010dist\u00fdch ingredienci\u00ed a podlo\u017een\u00e9 vedeck\u00fdm v\u00fdskumom. Objavte pr\u00edrodn\u00fa starostlivos\u0165, ktor\u00e1 regeneruje, chr\u00e1ni a revitalizuje va\u0161u ple\u0165 \u2013 a vyu\u017eite exkluz\u00edvne mesa\u010dn\u00e9 ponuky na na\u0161e najpred\u00e1vanej\u0161ie produkty LR Aloe Vera.\nZa\u010dnite svoju cestu za pr\u00edrodnou starostlivos\u0165ou o ple\u0165 e\u0161te dnes a poc\u00ed\u0165te rozdiel.","email":"info@lraloeverashop.eu","telephone":"+49 17670609653","legalName":"Lr Aloe Vera Shop","foundingDate":"2018-04-21","numberOfEmployees":{"@type":"QuantitativeValue","minValue":"1","maxValue":"10"}}]},"product_price_amount":"23.69","product_price_currency":"EUR","og_availability":"instock","product_availability":"instock","product_retailer_item_id":"27536-1SK","product_condition":"new"},"taxonomy_info":{"product_cat":[{"value":216,"label":"Aloe Vera"},{"value":231,"label":"Starostlivos\u0165 o telo"}],"product_tag":[{"value":620,"label":"Celulit\u00edda"}]},"featured_image_src_large":["https:\/\/www.lraloeverashop.eu\/wp-content\/uploads\/2022\/10\/Aloe-Vera-Shaping-Body-Gel-1024x1024.jpg",1024,1024,true],"author_info":[],"comment_info":0,"_links":{"self":[{"href":"https:\/\/www.lraloeverashop.eu\/sk\/wp-json\/wp\/v2\/product\/10568","targetHints":{"allow":["GET"]}}],"collection":[{"href":"https:\/\/www.lraloeverashop.eu\/sk\/wp-json\/wp\/v2\/product"}],"about":[{"href":"https:\/\/www.lraloeverashop.eu\/sk\/wp-json\/wp\/v2\/types\/product"}],"replies":[{"embeddable":true,"href":"https:\/\/www.lraloeverashop.eu\/sk\/wp-json\/wp\/v2\/comments?post=10568"}],"wp:featuredmedia":[{"embeddable":true,"href":"https:\/\/www.lraloeverashop.eu\/sk\/wp-json\/wp\/v2\/media\/5080"}],"wp:attachment":[{"href":"https:\/\/www.lraloeverashop.eu\/sk\/wp-json\/wp\/v2\/media?parent=10568"}],"wp:term":[{"taxonomy":"product_brand","embeddable":true,"href":"https:\/\/www.lraloeverashop.eu\/sk\/wp-json\/wp\/v2\/product_brand?post=10568"},{"taxonomy":"product_cat","embeddable":true,"href":"https:\/\/www.lraloeverashop.eu\/sk\/wp-json\/wp\/v2\/product_cat?post=10568"},{"taxonomy":"product_tag","embeddable":true,"href":"https:\/\/www.lraloeverashop.eu\/sk\/wp-json\/wp\/v2\/product_tag?post=10568"}],"curies":[{"name":"wp","href":"https:\/\/api.w.org\/{rel}","templated":true}]}}