{"id":10513,"date":"2022-10-10T18:59:56","date_gmt":"2022-10-10T16:59:56","guid":{"rendered":"https:\/\/www.lraloeverashop.eu\/product\/aloe-vera-ochranna-deo-gulicka\/"},"modified":"2025-04-01T20:39:09","modified_gmt":"2025-04-01T18:39:09","slug":"aloe-vera-ochranna-deo-gulicka","status":"publish","type":"product","link":"https:\/\/www.lraloeverashop.eu\/sk\/produkt\/aloe-vera-ochranna-deo-gulicka\/","title":{"rendered":"Aloe Vera Ochrann\u00e1 Deo Guli\u010dka"},"content":{"rendered":"<h2><span style=\"font-size: 16pt;\"><strong>Aloe Vera Ochrann\u00e1 Deo Guli\u010dka<\/strong><\/span><\/h2>\n<p><span style=\"font-size: 14pt;\"><strong>Aloe Vera Ochrann\u00e1 Deo Guli\u010dka &#8211; jemn\u00e1, \u010derstv\u00e1 a s dlhotrvaj\u00facim efektom<\/strong><\/span><\/p>\n<p>Ochrann\u00e1 Deo Guli\u010dka je ide\u00e1lna pre citliv\u00e9 typy pleti a m\u00f4\u017ee by\u0165 pou\u017eit\u00e1 ihne\u010f po holen\u00ed. Aloe Vera <a href=\"https:\/\/www.lraloeverashop.eu\/sk\/produkt\/aloe-vera-balzam-po-holeni\/\">Hydrata\u010dn\u00fd g\u00e9l<\/a>\u00a0 a extrakt z organickej bavlny zais\u0165uj\u00fa bezpe\u010dn\u00fd a svie\u017ei pocit po\u010das d\u0148a. Formul\u00e1cia bez alkoholu s jemnou v\u00f4\u0148ou osvie\u017ei a m\u00f4\u017ee sa pou\u017ei\u0165 aj v kombin\u00e1cii s ob\u013e\u00faben\u00fdm parfumom.<\/p>\n<p>&nbsp;<\/p>\n<h3><span style=\"font-size: 16pt;\"><strong>Ako Po\u017eiva\u0165 Guli\u010dku<\/strong><\/span><\/h3>\n<p>Aplikujte ka\u017ed\u00e9 r\u00e1no a ve\u010der na podpazu\u0161ie alebo pod\u013ea potreby osvie\u017ete.<\/p>\n<p>&nbsp;<\/p>\n<h4><span style=\"font-size: 16pt;\"><strong>Vedeli ste?<\/strong><\/span><\/h4>\n<p>Podpazu\u0161ie je najlep\u0161ie depilova\u0165 mokrou \u017eiletkou. Pred holen\u00edm odpor\u00fa\u010dame pou\u017ei\u0165 jemn\u00fa penu na holenie, ktor\u00e1 vlasy zjemn\u00ed. Potom prejdite mokr\u00fdm holiacim stroj\u010dekom po poko\u017eke podpazu\u0161ia z r\u00f4znych smerov, aby ste odstr\u00e1nili v\u0161etky ch\u013apky. Aloe Vera Deo Guli\u010dka bez alkoholu sa nan\u00e1\u0161a priamo po holen\u00ed, preto\u017ee jemn\u00e1 recept\u00fara \u200b\u200buvo\u013e\u0148uje poko\u017eku a poskytuje jej pr\u00edjemn\u00fd pocit svie\u017eosti.<\/p>\n<p>Nav\u0161t\u00edvte aj n\u00e1\u0161 blog a pre\u010d\u00edtajte si viac o Aloe Vera Produktoch s kategorie <a href=\"https:\/\/www.lraloeverashop.eu\/sk\/kategoria-produktu\/aloe-vera-sk\/specialna-starostlivost\/\">\u0160peci\u00e1lna starostlivos\u0165<\/a>, Starostlivos\u0165 o tv\u00e1r, o telo, o vlasy, pre deti alebo o zuby. U nas najdete v\u0161etko \u010do V\u00e1m treba.<\/p>\n","protected":false},"excerpt":{"rendered":"<ul>\n<li>Jemn\u00fd anti perspirant bez alkoholu<\/li>\n<li>Obsahuje 15% Aloe Vera g\u00e9lu a extrakt z organickej bavlny<\/li>\n<li>Bezpe\u010dn\u00e1 ochrana proti z\u00e1pachu tela<\/li>\n<li>Zanech\u00e1va pr\u00edjemn\u00fd pocit svie\u017eosti<\/li>\n<li>Dobr\u00e1 ko\u017en\u00e1 zn\u00e1\u0161anlivos\u0165 aj pri citlivej poko\u017eke<\/li>\n<li>Obzvl\u00e1\u0161\u0165 jemna po holen\u00ed<\/li>\n<li>Obsah: 50 ml<\/li>\n<\/ul>\n<p>&nbsp;<\/p>\n","protected":false},"featured_media":5110,"comment_status":"open","ping_status":"closed","template":"","meta":{"_kad_blocks_custom_css":"","_kad_blocks_head_custom_js":"","_kad_blocks_body_custom_js":"","_kad_blocks_footer_custom_js":"","_kadence_starter_templates_imported_post":false,"_kad_post_transparent":"default","_kad_post_title":"","_kad_post_layout":"default","_kad_post_sidebar_id":"","_kad_post_content_style":"default","_kad_post_vertical_padding":"default","_kad_post_feature":"","_kad_post_feature_position":"","_kad_post_header":false,"_kad_post_footer":false,"_kad_post_classname":""},"product_brand":[],"product_cat":[216,231],"product_tag":[],"class_list":{"0":"post-10513","1":"product","2":"type-product","3":"status-publish","4":"has-post-thumbnail","6":"product_cat-aloe-vera-sk","7":"product_cat-starostlivost-o-telo","9":"first","10":"instock","11":"taxable","12":"shipping-taxable","13":"purchasable","14":"product-type-simple","15":"entry","16":"content-bg","17":"loop-entry"},"yoast_head":"<!-- This site is optimized with the Yoast SEO Premium plugin v27.4 (Yoast SEO v27.4) - https:\/\/yoast.com\/product\/yoast-seo-premium-wordpress\/ -->\n<title>Aloe Vera Ochrann\u00e1 Deo Guli\u010dka s dlhotrvaj\u00facim efektom<\/title>\n<meta name=\"description\" content=\"Lr Aloe Vera Ochrann\u00e1 Deo Guli\u010dka je ide\u00e1lna pre citliv\u00e9 typy pleti a m\u00f4\u017ee by\u0165 pou\u017eit\u00e1 ihne\u010f po holen\u00ed. Anti perspirant bez alkoholu s 15% Aloe Vera g\u00e9lom.\" \/>\n<meta name=\"robots\" content=\"index, follow, max-snippet:-1, max-image-preview:large, max-video-preview:-1\" \/>\n<link rel=\"canonical\" href=\"https:\/\/www.lraloeverashop.eu\/sk\/produkt\/aloe-vera-ochranna-deo-gulicka\/\" \/>\n<meta property=\"og:locale\" content=\"sk_SK\" \/>\n<meta property=\"og:type\" content=\"article\" \/>\n<meta property=\"og:title\" content=\"Aloe Vera Ochrann\u00e1 Deo Guli\u010dka\" \/>\n<meta property=\"og:description\" content=\"Lr Aloe Vera Ochrann\u00e1 Deo Guli\u010dka je ide\u00e1lna pre citliv\u00e9 typy pleti a m\u00f4\u017ee by\u0165 pou\u017eit\u00e1 ihne\u010f po holen\u00ed. Anti perspirant bez alkoholu s 15% Aloe Vera g\u00e9lom.\" \/>\n<meta property=\"og:url\" content=\"https:\/\/www.lraloeverashop.eu\/sk\/produkt\/aloe-vera-ochranna-deo-gulicka\/\" \/>\n<meta property=\"og:site_name\" content=\"Lr Obchod Aloe Vera\" \/>\n<meta property=\"article:publisher\" content=\"https:\/\/www.facebook.com\/lraloeverashop.eu\" \/>\n<meta property=\"article:modified_time\" content=\"2025-04-01T18:39:09+00:00\" \/>\n<meta property=\"og:image\" content=\"https:\/\/www.lraloeverashop.eu\/wp-content\/uploads\/2022\/10\/Lr-Aloe-Vera-Protective-Deo-Roll-on.jpg\" \/>\n\t<meta property=\"og:image:width\" content=\"1200\" \/>\n\t<meta property=\"og:image:height\" content=\"1200\" \/>\n\t<meta property=\"og:image:type\" content=\"image\/jpeg\" \/>\n<meta name=\"twitter:card\" content=\"summary_large_image\" \/>\n<meta name=\"twitter:site\" content=\"@natur__kosmetik\" \/>\n<script type=\"application\/ld+json\" class=\"yoast-schema-graph\">{\"@context\":\"https:\\\/\\\/schema.org\",\"@graph\":[{\"@type\":[\"WebPage\",\"ItemPage\"],\"@id\":\"https:\\\/\\\/www.lraloeverashop.eu\\\/sk\\\/produkt\\\/aloe-vera-ochranna-deo-gulicka\\\/\",\"url\":\"https:\\\/\\\/www.lraloeverashop.eu\\\/sk\\\/produkt\\\/aloe-vera-ochranna-deo-gulicka\\\/\",\"name\":\"Aloe Vera Ochrann\u00e1 Deo Guli\u010dka s dlhotrvaj\u00facim efektom\",\"isPartOf\":{\"@id\":\"https:\\\/\\\/www.lraloeverashop.eu\\\/sk\\\/#website\"},\"primaryImageOfPage\":{\"@id\":\"https:\\\/\\\/www.lraloeverashop.eu\\\/sk\\\/produkt\\\/aloe-vera-ochranna-deo-gulicka\\\/#primaryimage\"},\"image\":{\"@id\":\"https:\\\/\\\/www.lraloeverashop.eu\\\/sk\\\/produkt\\\/aloe-vera-ochranna-deo-gulicka\\\/#primaryimage\"},\"thumbnailUrl\":\"https:\\\/\\\/www.lraloeverashop.eu\\\/wp-content\\\/uploads\\\/2022\\\/10\\\/Lr-Aloe-Vera-Protective-Deo-Roll-on.jpg\",\"datePublished\":\"2022-10-10T16:59:56+00:00\",\"dateModified\":\"2025-04-01T18:39:09+00:00\",\"description\":\"Lr Aloe Vera Ochrann\u00e1 Deo Guli\u010dka je ide\u00e1lna pre citliv\u00e9 typy pleti a m\u00f4\u017ee by\u0165 pou\u017eit\u00e1 ihne\u010f po holen\u00ed. Anti perspirant bez alkoholu s 15% Aloe Vera g\u00e9lom.\",\"breadcrumb\":{\"@id\":\"https:\\\/\\\/www.lraloeverashop.eu\\\/sk\\\/produkt\\\/aloe-vera-ochranna-deo-gulicka\\\/#breadcrumb\"},\"inLanguage\":\"sk-SK\",\"potentialAction\":[{\"@type\":\"ReadAction\",\"target\":[\"https:\\\/\\\/www.lraloeverashop.eu\\\/sk\\\/produkt\\\/aloe-vera-ochranna-deo-gulicka\\\/\"]}]},{\"@type\":\"ImageObject\",\"inLanguage\":\"sk-SK\",\"@id\":\"https:\\\/\\\/www.lraloeverashop.eu\\\/sk\\\/produkt\\\/aloe-vera-ochranna-deo-gulicka\\\/#primaryimage\",\"url\":\"https:\\\/\\\/www.lraloeverashop.eu\\\/wp-content\\\/uploads\\\/2022\\\/10\\\/Lr-Aloe-Vera-Protective-Deo-Roll-on.jpg\",\"contentUrl\":\"https:\\\/\\\/www.lraloeverashop.eu\\\/wp-content\\\/uploads\\\/2022\\\/10\\\/Lr-Aloe-Vera-Protective-Deo-Roll-on.jpg\",\"width\":1200,\"height\":1200,\"caption\":\"Aloe Vera Ochrann\u00e1 Deo Guli\u010dka zanech\u00e1va pr\u00edjemn\u00fd pocit svie\u017eosti\"},{\"@type\":\"BreadcrumbList\",\"@id\":\"https:\\\/\\\/www.lraloeverashop.eu\\\/sk\\\/produkt\\\/aloe-vera-ochranna-deo-gulicka\\\/#breadcrumb\",\"itemListElement\":[{\"@type\":\"ListItem\",\"position\":1,\"name\":\"Home\",\"item\":\"https:\\\/\\\/www.lraloeverashop.eu\\\/sk\\\/\"},{\"@type\":\"ListItem\",\"position\":2,\"name\":\"Obchod\",\"item\":\"https:\\\/\\\/www.lraloeverashop.eu\\\/shop\\\/\"},{\"@type\":\"ListItem\",\"position\":3,\"name\":\"Aloe Vera Ochrann\u00e1 Deo Guli\u010dka\"}]},{\"@type\":\"WebSite\",\"@id\":\"https:\\\/\\\/www.lraloeverashop.eu\\\/sk\\\/#website\",\"url\":\"https:\\\/\\\/www.lraloeverashop.eu\\\/sk\\\/\",\"name\":\"Lr Obchod Aloe Vera\",\"description\":\"High Quality Lr Aloe Vera Gel, Aloe Vera Cream and Shampoo\",\"publisher\":{\"@id\":\"https:\\\/\\\/www.lraloeverashop.eu\\\/sk\\\/#organization\"},\"potentialAction\":[{\"@type\":\"SearchAction\",\"target\":{\"@type\":\"EntryPoint\",\"urlTemplate\":\"https:\\\/\\\/www.lraloeverashop.eu\\\/sk\\\/?s={search_term_string}\"},\"query-input\":{\"@type\":\"PropertyValueSpecification\",\"valueRequired\":true,\"valueName\":\"search_term_string\"}}],\"inLanguage\":\"sk-SK\"},{\"@type\":\"Organization\",\"@id\":\"https:\\\/\\\/www.lraloeverashop.eu\\\/sk\\\/#organization\",\"name\":\"Lr Obchod Aloe Vera\",\"alternateName\":\"LR\",\"url\":\"https:\\\/\\\/www.lraloeverashop.eu\\\/sk\\\/\",\"logo\":{\"@type\":\"ImageObject\",\"inLanguage\":\"sk-SK\",\"@id\":\"https:\\\/\\\/www.lraloeverashop.eu\\\/sk\\\/#\\\/schema\\\/logo\\\/image\\\/\",\"url\":\"https:\\\/\\\/www.lraloeverashop.eu\\\/wp-content\\\/uploads\\\/2022\\\/09\\\/cropped-Lr-Aloe-Vera-Shop.jpg\",\"contentUrl\":\"https:\\\/\\\/www.lraloeverashop.eu\\\/wp-content\\\/uploads\\\/2022\\\/09\\\/cropped-Lr-Aloe-Vera-Shop.jpg\",\"width\":228,\"height\":76,\"caption\":\"Lr Obchod Aloe Vera\"},\"image\":{\"@id\":\"https:\\\/\\\/www.lraloeverashop.eu\\\/sk\\\/#\\\/schema\\\/logo\\\/image\\\/\"},\"sameAs\":[\"https:\\\/\\\/www.facebook.com\\\/lraloeverashop.eu\",\"https:\\\/\\\/x.com\\\/natur__kosmetik\",\"https:\\\/\\\/www.youtube.com\\\/channel\\\/UC5oN7BJ8nfYb8RpVtjwDEBA\",\"https:\\\/\\\/www.instagram.com\\\/lrbeautyeu\\\/\"],\"description\":\"Obchod Lr Aloe Vera je va\u0161\u00edm d\u00f4veryhodn\u00fdm miestom pre pr\u00e9miov\u00e9 produkty LR Health & Beauty vyroben\u00e9 v Nemecku. Pon\u00fakame vysokokvalitn\u00e9 rie\u0161enia starostlivosti o ple\u0165 s Aloe Vera, v\u00fd\u017eivu a proti starnutiu, vyroben\u00e9 z \u010dist\u00fdch ingredienci\u00ed a podlo\u017een\u00e9 vedeck\u00fdm v\u00fdskumom. Objavte pr\u00edrodn\u00fa starostlivos\u0165, ktor\u00e1 regeneruje, chr\u00e1ni a revitalizuje va\u0161u ple\u0165 \u2013 a vyu\u017eite exkluz\u00edvne mesa\u010dn\u00e9 ponuky na na\u0161e najpred\u00e1vanej\u0161ie produkty LR Aloe Vera.\\nZa\u010dnite svoju cestu za pr\u00edrodnou starostlivos\u0165ou o ple\u0165 e\u0161te dnes a poc\u00ed\u0165te rozdiel.\",\"email\":\"info@lraloeverashop.eu\",\"telephone\":\"+49 17670609653\",\"legalName\":\"Lr Aloe Vera Shop\",\"foundingDate\":\"2018-04-21\",\"numberOfEmployees\":{\"@type\":\"QuantitativeValue\",\"minValue\":\"1\",\"maxValue\":\"10\"}}]}<\/script>\n<meta property=\"product:price:amount\" content=\"7.99\" \/>\n<meta property=\"product:price:currency\" content=\"EUR\" \/>\n<meta property=\"og:availability\" content=\"instock\" \/>\n<meta property=\"product:availability\" content=\"instock\" \/>\n<meta property=\"product:retailer_item_id\" content=\"20643-301SK\" \/>\n<meta property=\"product:condition\" content=\"new\" \/>\n<!-- \/ Yoast SEO Premium plugin. -->","yoast_head_json":{"title":"Aloe Vera Ochrann\u00e1 Deo Guli\u010dka s dlhotrvaj\u00facim efektom","description":"Lr Aloe Vera Ochrann\u00e1 Deo Guli\u010dka je ide\u00e1lna pre citliv\u00e9 typy pleti a m\u00f4\u017ee by\u0165 pou\u017eit\u00e1 ihne\u010f po holen\u00ed. Anti perspirant bez alkoholu s 15% Aloe Vera g\u00e9lom.","robots":{"index":"index","follow":"follow","max-snippet":"max-snippet:-1","max-image-preview":"max-image-preview:large","max-video-preview":"max-video-preview:-1"},"canonical":"https:\/\/www.lraloeverashop.eu\/sk\/produkt\/aloe-vera-ochranna-deo-gulicka\/","og_locale":"sk_SK","og_type":"article","og_title":"Aloe Vera Ochrann\u00e1 Deo Guli\u010dka","og_description":"Lr Aloe Vera Ochrann\u00e1 Deo Guli\u010dka je ide\u00e1lna pre citliv\u00e9 typy pleti a m\u00f4\u017ee by\u0165 pou\u017eit\u00e1 ihne\u010f po holen\u00ed. Anti perspirant bez alkoholu s 15% Aloe Vera g\u00e9lom.","og_url":"https:\/\/www.lraloeverashop.eu\/sk\/produkt\/aloe-vera-ochranna-deo-gulicka\/","og_site_name":"Lr Obchod Aloe Vera","article_publisher":"https:\/\/www.facebook.com\/lraloeverashop.eu","article_modified_time":"2025-04-01T18:39:09+00:00","og_image":[{"width":1200,"height":1200,"url":"https:\/\/www.lraloeverashop.eu\/wp-content\/uploads\/2022\/10\/Lr-Aloe-Vera-Protective-Deo-Roll-on.jpg","type":"image\/jpeg"}],"twitter_card":"summary_large_image","twitter_site":"@natur__kosmetik","schema":{"@context":"https:\/\/schema.org","@graph":[{"@type":["WebPage","ItemPage"],"@id":"https:\/\/www.lraloeverashop.eu\/sk\/produkt\/aloe-vera-ochranna-deo-gulicka\/","url":"https:\/\/www.lraloeverashop.eu\/sk\/produkt\/aloe-vera-ochranna-deo-gulicka\/","name":"Aloe Vera Ochrann\u00e1 Deo Guli\u010dka s dlhotrvaj\u00facim efektom","isPartOf":{"@id":"https:\/\/www.lraloeverashop.eu\/sk\/#website"},"primaryImageOfPage":{"@id":"https:\/\/www.lraloeverashop.eu\/sk\/produkt\/aloe-vera-ochranna-deo-gulicka\/#primaryimage"},"image":{"@id":"https:\/\/www.lraloeverashop.eu\/sk\/produkt\/aloe-vera-ochranna-deo-gulicka\/#primaryimage"},"thumbnailUrl":"https:\/\/www.lraloeverashop.eu\/wp-content\/uploads\/2022\/10\/Lr-Aloe-Vera-Protective-Deo-Roll-on.jpg","datePublished":"2022-10-10T16:59:56+00:00","dateModified":"2025-04-01T18:39:09+00:00","description":"Lr Aloe Vera Ochrann\u00e1 Deo Guli\u010dka je ide\u00e1lna pre citliv\u00e9 typy pleti a m\u00f4\u017ee by\u0165 pou\u017eit\u00e1 ihne\u010f po holen\u00ed. Anti perspirant bez alkoholu s 15% Aloe Vera g\u00e9lom.","breadcrumb":{"@id":"https:\/\/www.lraloeverashop.eu\/sk\/produkt\/aloe-vera-ochranna-deo-gulicka\/#breadcrumb"},"inLanguage":"sk-SK","potentialAction":[{"@type":"ReadAction","target":["https:\/\/www.lraloeverashop.eu\/sk\/produkt\/aloe-vera-ochranna-deo-gulicka\/"]}]},{"@type":"ImageObject","inLanguage":"sk-SK","@id":"https:\/\/www.lraloeverashop.eu\/sk\/produkt\/aloe-vera-ochranna-deo-gulicka\/#primaryimage","url":"https:\/\/www.lraloeverashop.eu\/wp-content\/uploads\/2022\/10\/Lr-Aloe-Vera-Protective-Deo-Roll-on.jpg","contentUrl":"https:\/\/www.lraloeverashop.eu\/wp-content\/uploads\/2022\/10\/Lr-Aloe-Vera-Protective-Deo-Roll-on.jpg","width":1200,"height":1200,"caption":"Aloe Vera Ochrann\u00e1 Deo Guli\u010dka zanech\u00e1va pr\u00edjemn\u00fd pocit svie\u017eosti"},{"@type":"BreadcrumbList","@id":"https:\/\/www.lraloeverashop.eu\/sk\/produkt\/aloe-vera-ochranna-deo-gulicka\/#breadcrumb","itemListElement":[{"@type":"ListItem","position":1,"name":"Home","item":"https:\/\/www.lraloeverashop.eu\/sk\/"},{"@type":"ListItem","position":2,"name":"Obchod","item":"https:\/\/www.lraloeverashop.eu\/shop\/"},{"@type":"ListItem","position":3,"name":"Aloe Vera Ochrann\u00e1 Deo Guli\u010dka"}]},{"@type":"WebSite","@id":"https:\/\/www.lraloeverashop.eu\/sk\/#website","url":"https:\/\/www.lraloeverashop.eu\/sk\/","name":"Lr Obchod Aloe Vera","description":"High Quality Lr Aloe Vera Gel, Aloe Vera Cream and Shampoo","publisher":{"@id":"https:\/\/www.lraloeverashop.eu\/sk\/#organization"},"potentialAction":[{"@type":"SearchAction","target":{"@type":"EntryPoint","urlTemplate":"https:\/\/www.lraloeverashop.eu\/sk\/?s={search_term_string}"},"query-input":{"@type":"PropertyValueSpecification","valueRequired":true,"valueName":"search_term_string"}}],"inLanguage":"sk-SK"},{"@type":"Organization","@id":"https:\/\/www.lraloeverashop.eu\/sk\/#organization","name":"Lr Obchod Aloe Vera","alternateName":"LR","url":"https:\/\/www.lraloeverashop.eu\/sk\/","logo":{"@type":"ImageObject","inLanguage":"sk-SK","@id":"https:\/\/www.lraloeverashop.eu\/sk\/#\/schema\/logo\/image\/","url":"https:\/\/www.lraloeverashop.eu\/wp-content\/uploads\/2022\/09\/cropped-Lr-Aloe-Vera-Shop.jpg","contentUrl":"https:\/\/www.lraloeverashop.eu\/wp-content\/uploads\/2022\/09\/cropped-Lr-Aloe-Vera-Shop.jpg","width":228,"height":76,"caption":"Lr Obchod Aloe Vera"},"image":{"@id":"https:\/\/www.lraloeverashop.eu\/sk\/#\/schema\/logo\/image\/"},"sameAs":["https:\/\/www.facebook.com\/lraloeverashop.eu","https:\/\/x.com\/natur__kosmetik","https:\/\/www.youtube.com\/channel\/UC5oN7BJ8nfYb8RpVtjwDEBA","https:\/\/www.instagram.com\/lrbeautyeu\/"],"description":"Obchod Lr Aloe Vera je va\u0161\u00edm d\u00f4veryhodn\u00fdm miestom pre pr\u00e9miov\u00e9 produkty LR Health & Beauty vyroben\u00e9 v Nemecku. Pon\u00fakame vysokokvalitn\u00e9 rie\u0161enia starostlivosti o ple\u0165 s Aloe Vera, v\u00fd\u017eivu a proti starnutiu, vyroben\u00e9 z \u010dist\u00fdch ingredienci\u00ed a podlo\u017een\u00e9 vedeck\u00fdm v\u00fdskumom. Objavte pr\u00edrodn\u00fa starostlivos\u0165, ktor\u00e1 regeneruje, chr\u00e1ni a revitalizuje va\u0161u ple\u0165 \u2013 a vyu\u017eite exkluz\u00edvne mesa\u010dn\u00e9 ponuky na na\u0161e najpred\u00e1vanej\u0161ie produkty LR Aloe Vera.\nZa\u010dnite svoju cestu za pr\u00edrodnou starostlivos\u0165ou o ple\u0165 e\u0161te dnes a poc\u00ed\u0165te rozdiel.","email":"info@lraloeverashop.eu","telephone":"+49 17670609653","legalName":"Lr Aloe Vera Shop","foundingDate":"2018-04-21","numberOfEmployees":{"@type":"QuantitativeValue","minValue":"1","maxValue":"10"}}]},"product_price_amount":"7.99","product_price_currency":"EUR","og_availability":"instock","product_availability":"instock","product_retailer_item_id":"20643-301SK","product_condition":"new"},"taxonomy_info":{"product_cat":[{"value":216,"label":"Aloe Vera"},{"value":231,"label":"Starostlivos\u0165 o telo"}]},"featured_image_src_large":["https:\/\/www.lraloeverashop.eu\/wp-content\/uploads\/2022\/10\/Lr-Aloe-Vera-Protective-Deo-Roll-on-1024x1024.jpg",1024,1024,true],"author_info":[],"comment_info":0,"_links":{"self":[{"href":"https:\/\/www.lraloeverashop.eu\/sk\/wp-json\/wp\/v2\/product\/10513","targetHints":{"allow":["GET"]}}],"collection":[{"href":"https:\/\/www.lraloeverashop.eu\/sk\/wp-json\/wp\/v2\/product"}],"about":[{"href":"https:\/\/www.lraloeverashop.eu\/sk\/wp-json\/wp\/v2\/types\/product"}],"replies":[{"embeddable":true,"href":"https:\/\/www.lraloeverashop.eu\/sk\/wp-json\/wp\/v2\/comments?post=10513"}],"wp:featuredmedia":[{"embeddable":true,"href":"https:\/\/www.lraloeverashop.eu\/sk\/wp-json\/wp\/v2\/media\/5110"}],"wp:attachment":[{"href":"https:\/\/www.lraloeverashop.eu\/sk\/wp-json\/wp\/v2\/media?parent=10513"}],"wp:term":[{"taxonomy":"product_brand","embeddable":true,"href":"https:\/\/www.lraloeverashop.eu\/sk\/wp-json\/wp\/v2\/product_brand?post=10513"},{"taxonomy":"product_cat","embeddable":true,"href":"https:\/\/www.lraloeverashop.eu\/sk\/wp-json\/wp\/v2\/product_cat?post=10513"},{"taxonomy":"product_tag","embeddable":true,"href":"https:\/\/www.lraloeverashop.eu\/sk\/wp-json\/wp\/v2\/product_tag?post=10513"}],"curies":[{"name":"wp","href":"https:\/\/api.w.org\/{rel}","templated":true}]}}