{"id":10363,"date":"2022-10-11T07:15:07","date_gmt":"2022-10-11T05:15:07","guid":{"rendered":"https:\/\/www.lraloeverashop.eu\/product\/aloe-vera-zjemnujuci-ocny-krem\/"},"modified":"2025-04-06T18:51:03","modified_gmt":"2025-04-06T16:51:03","slug":"aloe-vera-zjemnujuci-ocny-krem","status":"publish","type":"product","link":"https:\/\/www.lraloeverashop.eu\/sk\/produkt\/aloe-vera-zjemnujuci-ocny-krem\/","title":{"rendered":"Aloe Vera Zjem\u0148uj\u00faci o\u010dn\u00fd kr\u00e9m"},"content":{"rendered":"<h2><span style=\"font-size: 16pt;\"><strong>Aloe Vera Zjem\u0148uj\u00faci o\u010dn\u00fd kr\u00e9m<\/strong><\/span><\/h2>\n<p><strong><span style=\"font-size: 14pt;\">Aloe Vera Zjem\u0148uj\u00faci o\u010dn\u00fd kr\u00e9m\u00a0s revitaliza\u010dn\u00fdm a stimuluj\u00facim \u00fa\u010dinkom<\/span><\/strong><\/p>\n<p>Starostlivos\u0165 o o\u010di by mala by\u0165 ur\u010dite za\u010dlenen\u00e1 do ka\u017edodennej starostlivosti o ple\u0165. Zjem\u0148uj\u00faci o\u010dn\u00fd kr\u00e9m je produkt ktor\u00fd potrebujete: Pon\u00faka maxim\u00e1lnu hydrat\u00e1ciu a ide\u00e1lnu lie\u010dbu <a href=\"https:\/\/www.lraloeverashop.eu\/sk\/produkt\/ocny-krem-na-vrasky-beauty-diamonds\/\">pre citliv\u00fa oblas\u0165 o\u010d\u00ed<\/a>.<br \/>\nOrganick\u00fd olivov\u00fd extrakt, ktor\u00fd sa vyr\u00e1ba z vybran\u00fdch a certifikovan\u00fdch bio plod\u00edn pon\u00faka jedine\u010dn\u00fa sk\u00fasenos\u0165 so starostlivos\u0165ou o ple\u0165. Aloe Vera o\u010dn\u00fd kr\u00e9m poskytuje oblasti o\u010d\u00ed \u017eiaros\u0165 a \u017eivos\u0165.<\/p>\n<p>&nbsp;<\/p>\n<h3><span style=\"font-size: 16pt;\"><strong>Ako pou\u017eiva\u0165<\/strong><\/span><\/h3>\n<p>Aplikujte kon\u010dekmi prstov jemne pod o\u010di r\u00e1no a ve\u010der.<\/p>\n<p><strong>Odpor\u00fa\u010danie:<\/strong> O\u010dn\u00fd kr\u00e9m z aloe vera pou\u017e\u00edvajte prevent\u00edvne a na such\u00fa poko\u017eku dvakr\u00e1t denne po vy\u010disten\u00ed a o\u0161etren\u00ed.<\/p>\n<p><strong>Aplik\u00e1cia:<\/strong> Kr\u00e9m mierne potrieme ukazov\u00e1kom okolo oka, nemas\u00edrujeme. To umo\u017en\u00ed kr\u00e9mu optim\u00e1lne prenikn\u00fa\u0165 do poko\u017eky.<\/p>\n<p>Nav\u0161t\u00edvte kateg\u00f3riu produktov pre <a href=\"https:\/\/www.lraloeverashop.eu\/sk\/kategoria-produktu\/aloe-vera-sk\/starostlivost-o-tvar\/\">Starostlivos\u0165 o tv\u00e1r<\/a>!<\/p>\n","protected":false},"excerpt":{"rendered":"<ul>\n<li>S 50% Aloe Vera pre bohat\u00fa hydrat\u00e1ciu<\/li>\n<li>Intenz\u00edvna starostlivos\u0165 o citliv\u00fa oblas\u0165 o\u010d\u00ed<\/li>\n<li>Pre maxim\u00e1lnu hydrat\u00e1ciu poko\u017eky<\/li>\n<li>Olivov\u00fd extrakt pre jemn\u00fa starostlivos\u0165<\/li>\n<li>S fermentovan\u00fdm aloe vera g\u00e9lom pre v\u00e4\u010d\u0161iu vlhkos\u0165<\/li>\n<li>Obsah: 15 ml<\/li>\n<\/ul>\n<p>&nbsp;<\/p>\n","protected":false},"featured_media":27207,"comment_status":"open","ping_status":"closed","template":"","meta":{"_kad_blocks_custom_css":"","_kad_blocks_head_custom_js":"","_kad_blocks_body_custom_js":"","_kad_blocks_footer_custom_js":"","_kadence_starter_templates_imported_post":false,"_kad_post_transparent":"default","_kad_post_title":"","_kad_post_layout":"default","_kad_post_sidebar_id":"","_kad_post_content_style":"default","_kad_post_vertical_padding":"default","_kad_post_feature":"","_kad_post_feature_position":"","_kad_post_header":false,"_kad_post_footer":false,"_kad_post_classname":""},"product_brand":[],"product_cat":[216,241],"product_tag":[1204,707,627],"class_list":{"0":"post-10363","1":"product","2":"type-product","3":"status-publish","4":"has-post-thumbnail","6":"product_cat-aloe-vera-sk","7":"product_cat-starostlivost-o-tvar","8":"product_tag-fermentovany-aloe-gel","9":"product_tag-na-vrasky-pod-ocami","10":"product_tag-sucha-koza","12":"first","13":"instock","14":"taxable","15":"shipping-taxable","16":"purchasable","17":"product-type-simple","18":"entry","19":"content-bg","20":"loop-entry"},"yoast_head":"<!-- This site is optimized with the Yoast SEO Premium plugin v27.4 (Yoast SEO v27.4) - https:\/\/yoast.com\/product\/yoast-seo-premium-wordpress\/ -->\n<title>Aloe Vera Zjem\u0148uj\u00faci o\u010dn\u00fd kr\u00e9m\u00a0s revitaliza\u010dn\u00fdm \u00fa\u010dinkom<\/title>\n<meta name=\"description\" content=\"Aloe Vera Zjem\u0148uj\u00faci o\u010dn\u00fd kr\u00e9m na Intenz\u00edvnu starostlivos\u0165 o citliv\u00fa oblas\u0165 o\u010d\u00ed. S 50% Aloe Vera pre bohat\u00fa hydrat\u00e1ciu a s haloxylom\u00ae na regener\u00e1ciu\" \/>\n<meta name=\"robots\" content=\"index, follow, max-snippet:-1, max-image-preview:large, max-video-preview:-1\" \/>\n<link rel=\"canonical\" href=\"https:\/\/www.lraloeverashop.eu\/sk\/produkt\/aloe-vera-zjemnujuci-ocny-krem\/\" \/>\n<meta property=\"og:locale\" content=\"sk_SK\" \/>\n<meta property=\"og:type\" content=\"article\" \/>\n<meta property=\"og:title\" content=\"Aloe Vera Zjem\u0148uj\u00faci o\u010dn\u00fd kr\u00e9m\" \/>\n<meta property=\"og:description\" content=\"Aloe Vera Zjem\u0148uj\u00faci o\u010dn\u00fd kr\u00e9m na Intenz\u00edvnu starostlivos\u0165 o citliv\u00fa oblas\u0165 o\u010d\u00ed. S 50% Aloe Vera pre bohat\u00fa hydrat\u00e1ciu a s haloxylom\u00ae na regener\u00e1ciu\" \/>\n<meta property=\"og:url\" content=\"https:\/\/www.lraloeverashop.eu\/sk\/produkt\/aloe-vera-zjemnujuci-ocny-krem\/\" \/>\n<meta property=\"og:site_name\" content=\"Lr Obchod Aloe Vera\" \/>\n<meta property=\"article:publisher\" content=\"https:\/\/www.facebook.com\/lraloeverashop.eu\" \/>\n<meta property=\"article:modified_time\" content=\"2025-04-06T16:51:03+00:00\" \/>\n<meta property=\"og:image\" content=\"https:\/\/www.lraloeverashop.eu\/wp-content\/uploads\/2025\/04\/Lr-Aloe-Vera-Eye-Cream-new.jpg\" \/>\n\t<meta property=\"og:image:width\" content=\"1200\" \/>\n\t<meta property=\"og:image:height\" content=\"1200\" \/>\n\t<meta property=\"og:image:type\" content=\"image\/jpeg\" \/>\n<meta name=\"twitter:card\" content=\"summary_large_image\" \/>\n<meta name=\"twitter:site\" content=\"@natur__kosmetik\" \/>\n<script type=\"application\/ld+json\" class=\"yoast-schema-graph\">{\"@context\":\"https:\\\/\\\/schema.org\",\"@graph\":[{\"@type\":[\"WebPage\",\"ItemPage\"],\"@id\":\"https:\\\/\\\/www.lraloeverashop.eu\\\/sk\\\/produkt\\\/aloe-vera-zjemnujuci-ocny-krem\\\/\",\"url\":\"https:\\\/\\\/www.lraloeverashop.eu\\\/sk\\\/produkt\\\/aloe-vera-zjemnujuci-ocny-krem\\\/\",\"name\":\"Aloe Vera Zjem\u0148uj\u00faci o\u010dn\u00fd kr\u00e9m\u00a0s revitaliza\u010dn\u00fdm \u00fa\u010dinkom\",\"isPartOf\":{\"@id\":\"https:\\\/\\\/www.lraloeverashop.eu\\\/sk\\\/#website\"},\"primaryImageOfPage\":{\"@id\":\"https:\\\/\\\/www.lraloeverashop.eu\\\/sk\\\/produkt\\\/aloe-vera-zjemnujuci-ocny-krem\\\/#primaryimage\"},\"image\":{\"@id\":\"https:\\\/\\\/www.lraloeverashop.eu\\\/sk\\\/produkt\\\/aloe-vera-zjemnujuci-ocny-krem\\\/#primaryimage\"},\"thumbnailUrl\":\"https:\\\/\\\/www.lraloeverashop.eu\\\/wp-content\\\/uploads\\\/2025\\\/04\\\/Lr-Aloe-Vera-Eye-Cream-new.jpg\",\"datePublished\":\"2022-10-11T05:15:07+00:00\",\"dateModified\":\"2025-04-06T16:51:03+00:00\",\"description\":\"Aloe Vera Zjem\u0148uj\u00faci o\u010dn\u00fd kr\u00e9m na Intenz\u00edvnu starostlivos\u0165 o citliv\u00fa oblas\u0165 o\u010d\u00ed. S 50% Aloe Vera pre bohat\u00fa hydrat\u00e1ciu a s haloxylom\u00ae na regener\u00e1ciu\",\"breadcrumb\":{\"@id\":\"https:\\\/\\\/www.lraloeverashop.eu\\\/sk\\\/produkt\\\/aloe-vera-zjemnujuci-ocny-krem\\\/#breadcrumb\"},\"inLanguage\":\"sk-SK\",\"potentialAction\":[{\"@type\":\"ReadAction\",\"target\":[\"https:\\\/\\\/www.lraloeverashop.eu\\\/sk\\\/produkt\\\/aloe-vera-zjemnujuci-ocny-krem\\\/\"]}]},{\"@type\":\"ImageObject\",\"inLanguage\":\"sk-SK\",\"@id\":\"https:\\\/\\\/www.lraloeverashop.eu\\\/sk\\\/produkt\\\/aloe-vera-zjemnujuci-ocny-krem\\\/#primaryimage\",\"url\":\"https:\\\/\\\/www.lraloeverashop.eu\\\/wp-content\\\/uploads\\\/2025\\\/04\\\/Lr-Aloe-Vera-Eye-Cream-new.jpg\",\"contentUrl\":\"https:\\\/\\\/www.lraloeverashop.eu\\\/wp-content\\\/uploads\\\/2025\\\/04\\\/Lr-Aloe-Vera-Eye-Cream-new.jpg\",\"width\":1200,\"height\":1200,\"caption\":\"Aloe Vera o\u010dn\u00fd kr\u00e9m s fermentovan\u00fdm aloe vera g\u00e9lom pre v\u00e4\u010d\u0161iu vlhkos\u0165\"},{\"@type\":\"BreadcrumbList\",\"@id\":\"https:\\\/\\\/www.lraloeverashop.eu\\\/sk\\\/produkt\\\/aloe-vera-zjemnujuci-ocny-krem\\\/#breadcrumb\",\"itemListElement\":[{\"@type\":\"ListItem\",\"position\":1,\"name\":\"Home\",\"item\":\"https:\\\/\\\/www.lraloeverashop.eu\\\/sk\\\/\"},{\"@type\":\"ListItem\",\"position\":2,\"name\":\"Obchod\",\"item\":\"https:\\\/\\\/www.lraloeverashop.eu\\\/shop\\\/\"},{\"@type\":\"ListItem\",\"position\":3,\"name\":\"Aloe Vera Zjem\u0148uj\u00faci o\u010dn\u00fd kr\u00e9m\"}]},{\"@type\":\"WebSite\",\"@id\":\"https:\\\/\\\/www.lraloeverashop.eu\\\/sk\\\/#website\",\"url\":\"https:\\\/\\\/www.lraloeverashop.eu\\\/sk\\\/\",\"name\":\"Lr Obchod Aloe Vera\",\"description\":\"High Quality Lr Aloe Vera Gel, Aloe Vera Cream and Shampoo\",\"publisher\":{\"@id\":\"https:\\\/\\\/www.lraloeverashop.eu\\\/sk\\\/#organization\"},\"potentialAction\":[{\"@type\":\"SearchAction\",\"target\":{\"@type\":\"EntryPoint\",\"urlTemplate\":\"https:\\\/\\\/www.lraloeverashop.eu\\\/sk\\\/?s={search_term_string}\"},\"query-input\":{\"@type\":\"PropertyValueSpecification\",\"valueRequired\":true,\"valueName\":\"search_term_string\"}}],\"inLanguage\":\"sk-SK\"},{\"@type\":\"Organization\",\"@id\":\"https:\\\/\\\/www.lraloeverashop.eu\\\/sk\\\/#organization\",\"name\":\"Lr Obchod Aloe Vera\",\"alternateName\":\"LR\",\"url\":\"https:\\\/\\\/www.lraloeverashop.eu\\\/sk\\\/\",\"logo\":{\"@type\":\"ImageObject\",\"inLanguage\":\"sk-SK\",\"@id\":\"https:\\\/\\\/www.lraloeverashop.eu\\\/sk\\\/#\\\/schema\\\/logo\\\/image\\\/\",\"url\":\"https:\\\/\\\/www.lraloeverashop.eu\\\/wp-content\\\/uploads\\\/2022\\\/09\\\/cropped-Lr-Aloe-Vera-Shop.jpg\",\"contentUrl\":\"https:\\\/\\\/www.lraloeverashop.eu\\\/wp-content\\\/uploads\\\/2022\\\/09\\\/cropped-Lr-Aloe-Vera-Shop.jpg\",\"width\":228,\"height\":76,\"caption\":\"Lr Obchod Aloe Vera\"},\"image\":{\"@id\":\"https:\\\/\\\/www.lraloeverashop.eu\\\/sk\\\/#\\\/schema\\\/logo\\\/image\\\/\"},\"sameAs\":[\"https:\\\/\\\/www.facebook.com\\\/lraloeverashop.eu\",\"https:\\\/\\\/x.com\\\/natur__kosmetik\",\"https:\\\/\\\/www.youtube.com\\\/channel\\\/UC5oN7BJ8nfYb8RpVtjwDEBA\",\"https:\\\/\\\/www.instagram.com\\\/lrbeautyeu\\\/\"],\"description\":\"Obchod Lr Aloe Vera je va\u0161\u00edm d\u00f4veryhodn\u00fdm miestom pre pr\u00e9miov\u00e9 produkty LR Health & Beauty vyroben\u00e9 v Nemecku. Pon\u00fakame vysokokvalitn\u00e9 rie\u0161enia starostlivosti o ple\u0165 s Aloe Vera, v\u00fd\u017eivu a proti starnutiu, vyroben\u00e9 z \u010dist\u00fdch ingredienci\u00ed a podlo\u017een\u00e9 vedeck\u00fdm v\u00fdskumom. Objavte pr\u00edrodn\u00fa starostlivos\u0165, ktor\u00e1 regeneruje, chr\u00e1ni a revitalizuje va\u0161u ple\u0165 \u2013 a vyu\u017eite exkluz\u00edvne mesa\u010dn\u00e9 ponuky na na\u0161e najpred\u00e1vanej\u0161ie produkty LR Aloe Vera.\\nZa\u010dnite svoju cestu za pr\u00edrodnou starostlivos\u0165ou o ple\u0165 e\u0161te dnes a poc\u00ed\u0165te rozdiel.\",\"email\":\"info@lraloeverashop.eu\",\"telephone\":\"+49 17670609653\",\"legalName\":\"Lr Aloe Vera Shop\",\"foundingDate\":\"2018-04-21\",\"numberOfEmployees\":{\"@type\":\"QuantitativeValue\",\"minValue\":\"1\",\"maxValue\":\"10\"}}]}<\/script>\n<meta property=\"product:price:amount\" content=\"26.99\" \/>\n<meta property=\"product:price:currency\" content=\"EUR\" \/>\n<meta property=\"og:availability\" content=\"instock\" \/>\n<meta property=\"product:availability\" content=\"instock\" \/>\n<meta property=\"product:retailer_item_id\" content=\"20677-201SK\" \/>\n<meta property=\"product:condition\" content=\"new\" \/>\n<!-- \/ Yoast SEO Premium plugin. -->","yoast_head_json":{"title":"Aloe Vera Zjem\u0148uj\u00faci o\u010dn\u00fd kr\u00e9m\u00a0s revitaliza\u010dn\u00fdm \u00fa\u010dinkom","description":"Aloe Vera Zjem\u0148uj\u00faci o\u010dn\u00fd kr\u00e9m na Intenz\u00edvnu starostlivos\u0165 o citliv\u00fa oblas\u0165 o\u010d\u00ed. S 50% Aloe Vera pre bohat\u00fa hydrat\u00e1ciu a s haloxylom\u00ae na regener\u00e1ciu","robots":{"index":"index","follow":"follow","max-snippet":"max-snippet:-1","max-image-preview":"max-image-preview:large","max-video-preview":"max-video-preview:-1"},"canonical":"https:\/\/www.lraloeverashop.eu\/sk\/produkt\/aloe-vera-zjemnujuci-ocny-krem\/","og_locale":"sk_SK","og_type":"article","og_title":"Aloe Vera Zjem\u0148uj\u00faci o\u010dn\u00fd kr\u00e9m","og_description":"Aloe Vera Zjem\u0148uj\u00faci o\u010dn\u00fd kr\u00e9m na Intenz\u00edvnu starostlivos\u0165 o citliv\u00fa oblas\u0165 o\u010d\u00ed. S 50% Aloe Vera pre bohat\u00fa hydrat\u00e1ciu a s haloxylom\u00ae na regener\u00e1ciu","og_url":"https:\/\/www.lraloeverashop.eu\/sk\/produkt\/aloe-vera-zjemnujuci-ocny-krem\/","og_site_name":"Lr Obchod Aloe Vera","article_publisher":"https:\/\/www.facebook.com\/lraloeverashop.eu","article_modified_time":"2025-04-06T16:51:03+00:00","og_image":[{"width":1200,"height":1200,"url":"https:\/\/www.lraloeverashop.eu\/wp-content\/uploads\/2025\/04\/Lr-Aloe-Vera-Eye-Cream-new.jpg","type":"image\/jpeg"}],"twitter_card":"summary_large_image","twitter_site":"@natur__kosmetik","schema":{"@context":"https:\/\/schema.org","@graph":[{"@type":["WebPage","ItemPage"],"@id":"https:\/\/www.lraloeverashop.eu\/sk\/produkt\/aloe-vera-zjemnujuci-ocny-krem\/","url":"https:\/\/www.lraloeverashop.eu\/sk\/produkt\/aloe-vera-zjemnujuci-ocny-krem\/","name":"Aloe Vera Zjem\u0148uj\u00faci o\u010dn\u00fd kr\u00e9m\u00a0s revitaliza\u010dn\u00fdm \u00fa\u010dinkom","isPartOf":{"@id":"https:\/\/www.lraloeverashop.eu\/sk\/#website"},"primaryImageOfPage":{"@id":"https:\/\/www.lraloeverashop.eu\/sk\/produkt\/aloe-vera-zjemnujuci-ocny-krem\/#primaryimage"},"image":{"@id":"https:\/\/www.lraloeverashop.eu\/sk\/produkt\/aloe-vera-zjemnujuci-ocny-krem\/#primaryimage"},"thumbnailUrl":"https:\/\/www.lraloeverashop.eu\/wp-content\/uploads\/2025\/04\/Lr-Aloe-Vera-Eye-Cream-new.jpg","datePublished":"2022-10-11T05:15:07+00:00","dateModified":"2025-04-06T16:51:03+00:00","description":"Aloe Vera Zjem\u0148uj\u00faci o\u010dn\u00fd kr\u00e9m na Intenz\u00edvnu starostlivos\u0165 o citliv\u00fa oblas\u0165 o\u010d\u00ed. S 50% Aloe Vera pre bohat\u00fa hydrat\u00e1ciu a s haloxylom\u00ae na regener\u00e1ciu","breadcrumb":{"@id":"https:\/\/www.lraloeverashop.eu\/sk\/produkt\/aloe-vera-zjemnujuci-ocny-krem\/#breadcrumb"},"inLanguage":"sk-SK","potentialAction":[{"@type":"ReadAction","target":["https:\/\/www.lraloeverashop.eu\/sk\/produkt\/aloe-vera-zjemnujuci-ocny-krem\/"]}]},{"@type":"ImageObject","inLanguage":"sk-SK","@id":"https:\/\/www.lraloeverashop.eu\/sk\/produkt\/aloe-vera-zjemnujuci-ocny-krem\/#primaryimage","url":"https:\/\/www.lraloeverashop.eu\/wp-content\/uploads\/2025\/04\/Lr-Aloe-Vera-Eye-Cream-new.jpg","contentUrl":"https:\/\/www.lraloeverashop.eu\/wp-content\/uploads\/2025\/04\/Lr-Aloe-Vera-Eye-Cream-new.jpg","width":1200,"height":1200,"caption":"Aloe Vera o\u010dn\u00fd kr\u00e9m s fermentovan\u00fdm aloe vera g\u00e9lom pre v\u00e4\u010d\u0161iu vlhkos\u0165"},{"@type":"BreadcrumbList","@id":"https:\/\/www.lraloeverashop.eu\/sk\/produkt\/aloe-vera-zjemnujuci-ocny-krem\/#breadcrumb","itemListElement":[{"@type":"ListItem","position":1,"name":"Home","item":"https:\/\/www.lraloeverashop.eu\/sk\/"},{"@type":"ListItem","position":2,"name":"Obchod","item":"https:\/\/www.lraloeverashop.eu\/shop\/"},{"@type":"ListItem","position":3,"name":"Aloe Vera Zjem\u0148uj\u00faci o\u010dn\u00fd kr\u00e9m"}]},{"@type":"WebSite","@id":"https:\/\/www.lraloeverashop.eu\/sk\/#website","url":"https:\/\/www.lraloeverashop.eu\/sk\/","name":"Lr Obchod Aloe Vera","description":"High Quality Lr Aloe Vera Gel, Aloe Vera Cream and Shampoo","publisher":{"@id":"https:\/\/www.lraloeverashop.eu\/sk\/#organization"},"potentialAction":[{"@type":"SearchAction","target":{"@type":"EntryPoint","urlTemplate":"https:\/\/www.lraloeverashop.eu\/sk\/?s={search_term_string}"},"query-input":{"@type":"PropertyValueSpecification","valueRequired":true,"valueName":"search_term_string"}}],"inLanguage":"sk-SK"},{"@type":"Organization","@id":"https:\/\/www.lraloeverashop.eu\/sk\/#organization","name":"Lr Obchod Aloe Vera","alternateName":"LR","url":"https:\/\/www.lraloeverashop.eu\/sk\/","logo":{"@type":"ImageObject","inLanguage":"sk-SK","@id":"https:\/\/www.lraloeverashop.eu\/sk\/#\/schema\/logo\/image\/","url":"https:\/\/www.lraloeverashop.eu\/wp-content\/uploads\/2022\/09\/cropped-Lr-Aloe-Vera-Shop.jpg","contentUrl":"https:\/\/www.lraloeverashop.eu\/wp-content\/uploads\/2022\/09\/cropped-Lr-Aloe-Vera-Shop.jpg","width":228,"height":76,"caption":"Lr Obchod Aloe Vera"},"image":{"@id":"https:\/\/www.lraloeverashop.eu\/sk\/#\/schema\/logo\/image\/"},"sameAs":["https:\/\/www.facebook.com\/lraloeverashop.eu","https:\/\/x.com\/natur__kosmetik","https:\/\/www.youtube.com\/channel\/UC5oN7BJ8nfYb8RpVtjwDEBA","https:\/\/www.instagram.com\/lrbeautyeu\/"],"description":"Obchod Lr Aloe Vera je va\u0161\u00edm d\u00f4veryhodn\u00fdm miestom pre pr\u00e9miov\u00e9 produkty LR Health & Beauty vyroben\u00e9 v Nemecku. Pon\u00fakame vysokokvalitn\u00e9 rie\u0161enia starostlivosti o ple\u0165 s Aloe Vera, v\u00fd\u017eivu a proti starnutiu, vyroben\u00e9 z \u010dist\u00fdch ingredienci\u00ed a podlo\u017een\u00e9 vedeck\u00fdm v\u00fdskumom. Objavte pr\u00edrodn\u00fa starostlivos\u0165, ktor\u00e1 regeneruje, chr\u00e1ni a revitalizuje va\u0161u ple\u0165 \u2013 a vyu\u017eite exkluz\u00edvne mesa\u010dn\u00e9 ponuky na na\u0161e najpred\u00e1vanej\u0161ie produkty LR Aloe Vera.\nZa\u010dnite svoju cestu za pr\u00edrodnou starostlivos\u0165ou o ple\u0165 e\u0161te dnes a poc\u00ed\u0165te rozdiel.","email":"info@lraloeverashop.eu","telephone":"+49 17670609653","legalName":"Lr Aloe Vera Shop","foundingDate":"2018-04-21","numberOfEmployees":{"@type":"QuantitativeValue","minValue":"1","maxValue":"10"}}]},"product_price_amount":"26.99","product_price_currency":"EUR","og_availability":"instock","product_availability":"instock","product_retailer_item_id":"20677-201SK","product_condition":"new"},"taxonomy_info":{"product_cat":[{"value":216,"label":"Aloe Vera"},{"value":241,"label":"Starostlivos\u0165 o tv\u00e1r"}],"product_tag":[{"value":1204,"label":"Fermentovan\u00fd aloe g\u00e9l"},{"value":707,"label":"na vr\u00e1sky pod o\u010dami"},{"value":627,"label":"Such\u00e1 ko\u017ea"}]},"featured_image_src_large":["https:\/\/www.lraloeverashop.eu\/wp-content\/uploads\/2025\/04\/Lr-Aloe-Vera-Eye-Cream-new-1024x1024.jpg",1024,1024,true],"author_info":[],"comment_info":0,"_links":{"self":[{"href":"https:\/\/www.lraloeverashop.eu\/sk\/wp-json\/wp\/v2\/product\/10363","targetHints":{"allow":["GET"]}}],"collection":[{"href":"https:\/\/www.lraloeverashop.eu\/sk\/wp-json\/wp\/v2\/product"}],"about":[{"href":"https:\/\/www.lraloeverashop.eu\/sk\/wp-json\/wp\/v2\/types\/product"}],"replies":[{"embeddable":true,"href":"https:\/\/www.lraloeverashop.eu\/sk\/wp-json\/wp\/v2\/comments?post=10363"}],"wp:featuredmedia":[{"embeddable":true,"href":"https:\/\/www.lraloeverashop.eu\/sk\/wp-json\/wp\/v2\/media\/27207"}],"wp:attachment":[{"href":"https:\/\/www.lraloeverashop.eu\/sk\/wp-json\/wp\/v2\/media?parent=10363"}],"wp:term":[{"taxonomy":"product_brand","embeddable":true,"href":"https:\/\/www.lraloeverashop.eu\/sk\/wp-json\/wp\/v2\/product_brand?post=10363"},{"taxonomy":"product_cat","embeddable":true,"href":"https:\/\/www.lraloeverashop.eu\/sk\/wp-json\/wp\/v2\/product_cat?post=10363"},{"taxonomy":"product_tag","embeddable":true,"href":"https:\/\/www.lraloeverashop.eu\/sk\/wp-json\/wp\/v2\/product_tag?post=10363"}],"curies":[{"name":"wp","href":"https:\/\/api.w.org\/{rel}","templated":true}]}}