{"id":10351,"date":"2022-10-11T07:27:08","date_gmt":"2022-10-11T05:27:08","guid":{"rendered":"https:\/\/www.lraloeverashop.eu\/product\/aloe-vera-hydratacny-kremovy-gel\/"},"modified":"2025-03-29T18:52:47","modified_gmt":"2025-03-29T17:52:47","slug":"aloe-vera-hydratacny-kremovy-gel","status":"publish","type":"product","link":"https:\/\/www.lraloeverashop.eu\/sk\/produkt\/aloe-vera-hydratacny-kremovy-gel\/","title":{"rendered":"Aloe Vera Hydrata\u010dn\u00fd kr\u00e9mov\u00fd g\u00e9l"},"content":{"rendered":"<h2><span style=\"font-size: 16pt;\"><strong>Aloe Vera Hydrata\u010dn\u00fd kr\u00e9mov\u00fd g\u00e9l<\/strong><\/span><\/h2>\n<p><span style=\"font-size: 14pt;\"><strong>Aloe Vera Hydrata\u010dn\u00fd kr\u00e9mov\u00fd g\u00e9l &#8211; s organick\u00fdm extraktom z ol\u00edv<\/strong><\/span><\/p>\n<p>Aloe Vera Osvie\u017euj\u00faci kr\u00e9mov\u00fd g\u00e9l dod\u00e1va poko\u017eke svie\u017eos\u0165 a \u017eiarivos\u0165. Stres, \u00fazkos\u0165 a fyzick\u00fd stres m\u00f4\u017eeme vidie\u0165 na <a href=\"https:\/\/www.lraloeverashop.eu\/sk\/produkt\/aloe-vera-hydratacny-gelovy-koncentrat\/\">na\u0161ej ko\u017ei<\/a>. Jemn\u00e1, osvie\u017euj\u00faca \u0161trukt\u00fara Aloe Vera Osvie\u017euj\u00faceho\u00a0kr\u00e9mov\u00e9ho g\u00e9lu pon\u00faka poko\u017eke intenz\u00edvnu hydrat\u00e1ciu. R\u00fdchlo sa vstreb\u00e1va a ponech\u00e1va <a href=\"https:\/\/www.lraloeverashop.eu\/sk\/produkt\/sada-intenzivnej-starostlivosti-o-tvar\/\">pr\u00edjemn\u00fd pocit jemnosti<\/a>. Tie\u017e je vhodn\u00fd pre zmie\u0161an\u00e9 poko\u017eky!<\/p>\n<p>&nbsp;<\/p>\n<h3><strong><span style=\"font-size: 16pt;\">Ako pou\u017eiva\u0165<\/span><\/strong><\/h3>\n<p>Aplikujte Lr Aloe Vera Osvie\u017euj\u00faci\u00a0kr\u00e9mov\u00fd g\u00e9l r\u00e1no a ve\u010der po o\u010disten\u00ed tv\u00e1re a krku. M\u00f4\u017ee sa pou\u017ei\u0165 aj ako z\u00e1klad pod make-up.<\/p>\n<p>Nav\u0161t\u00edvte kategoriu produktov pre Starostlivos\u0165 o tv\u00e1r!<\/p>\n","protected":false},"excerpt":{"rendered":"<ul>\n<li>S 50% aloe vera<\/li>\n<li>S organick\u00fdm extraktom z ol\u00edv<\/li>\n<li>D\u00e1va osvie\u017euj\u00faci pocit<\/li>\n<li>R\u00fdchlo zvlh\u010duje a zjem\u0148uje<\/li>\n<li>Produkt vyroben\u00fd v Nemecku<\/li>\n<li>Obsah: 50 ml<\/li>\n<\/ul>\n<p>&nbsp;<\/p>\n","protected":false},"featured_media":5002,"comment_status":"open","ping_status":"closed","template":"","meta":{"_kad_blocks_custom_css":"","_kad_blocks_head_custom_js":"","_kad_blocks_body_custom_js":"","_kad_blocks_footer_custom_js":"","_kadence_starter_templates_imported_post":false,"_kad_post_transparent":"default","_kad_post_title":"","_kad_post_layout":"default","_kad_post_sidebar_id":"","_kad_post_content_style":"default","_kad_post_vertical_padding":"default","_kad_post_feature":"","_kad_post_feature_position":"","_kad_post_header":false,"_kad_post_footer":false,"_kad_post_classname":""},"product_brand":[],"product_cat":[216,241],"product_tag":[624],"class_list":{"0":"post-10351","1":"product","2":"type-product","3":"status-publish","4":"has-post-thumbnail","6":"product_cat-aloe-vera-sk","7":"product_cat-starostlivost-o-tvar","8":"product_tag-sucha-tvar","10":"first","11":"instock","12":"taxable","13":"shipping-taxable","14":"purchasable","15":"product-type-simple","16":"entry","17":"content-bg","18":"loop-entry"},"yoast_head":"<!-- This site is optimized with the Yoast SEO Premium plugin v27.4 (Yoast SEO v27.4) - https:\/\/yoast.com\/product\/yoast-seo-premium-wordpress\/ -->\n<title>Aloe Vera Hydrata\u010dn\u00fd kr\u00e9mov\u00fd g\u00e9l - s organick\u00fdm extraktom z ol\u00edv<\/title>\n<meta name=\"description\" content=\"Aloe Vera Hydrata\u010dn\u00fd kr\u00e9mov\u00fd g\u00e9l pon\u00faka poko\u017eke intenz\u00edvnu hydrat\u00e1ciu. R\u00fdchlo sa vstreb\u00e1va a ponech\u00e1va pr\u00edjemn\u00fd pocit jemnosti. Aj pre zmie\u0161an\u00e9 poko\u017eky\" \/>\n<meta name=\"robots\" content=\"index, follow, max-snippet:-1, max-image-preview:large, max-video-preview:-1\" \/>\n<link rel=\"canonical\" href=\"https:\/\/www.lraloeverashop.eu\/sk\/produkt\/aloe-vera-hydratacny-kremovy-gel\/\" \/>\n<meta property=\"og:locale\" content=\"sk_SK\" \/>\n<meta property=\"og:type\" content=\"article\" \/>\n<meta property=\"og:title\" content=\"Aloe Vera Hydrata\u010dn\u00fd kr\u00e9mov\u00fd g\u00e9l\" \/>\n<meta property=\"og:description\" content=\"Aloe Vera Hydrata\u010dn\u00fd kr\u00e9mov\u00fd g\u00e9l pon\u00faka poko\u017eke intenz\u00edvnu hydrat\u00e1ciu. R\u00fdchlo sa vstreb\u00e1va a ponech\u00e1va pr\u00edjemn\u00fd pocit jemnosti. Aj pre zmie\u0161an\u00e9 poko\u017eky\" \/>\n<meta property=\"og:url\" content=\"https:\/\/www.lraloeverashop.eu\/sk\/produkt\/aloe-vera-hydratacny-kremovy-gel\/\" \/>\n<meta property=\"og:site_name\" content=\"Lr Obchod Aloe Vera\" \/>\n<meta property=\"article:publisher\" content=\"https:\/\/www.facebook.com\/lraloeverashop.eu\" \/>\n<meta property=\"article:modified_time\" content=\"2025-03-29T17:52:47+00:00\" \/>\n<meta property=\"og:image\" content=\"https:\/\/www.lraloeverashop.eu\/wp-content\/uploads\/2022\/10\/Lr-Aloe-Vera-Refreshing-Gel-Cream-for-face.jpg\" \/>\n\t<meta property=\"og:image:width\" content=\"1200\" \/>\n\t<meta property=\"og:image:height\" content=\"1200\" \/>\n\t<meta property=\"og:image:type\" content=\"image\/jpeg\" \/>\n<meta name=\"twitter:card\" content=\"summary_large_image\" \/>\n<meta name=\"twitter:site\" content=\"@natur__kosmetik\" \/>\n<script type=\"application\/ld+json\" class=\"yoast-schema-graph\">{\"@context\":\"https:\\\/\\\/schema.org\",\"@graph\":[{\"@type\":[\"WebPage\",\"ItemPage\"],\"@id\":\"https:\\\/\\\/www.lraloeverashop.eu\\\/sk\\\/produkt\\\/aloe-vera-hydratacny-kremovy-gel\\\/\",\"url\":\"https:\\\/\\\/www.lraloeverashop.eu\\\/sk\\\/produkt\\\/aloe-vera-hydratacny-kremovy-gel\\\/\",\"name\":\"Aloe Vera Hydrata\u010dn\u00fd kr\u00e9mov\u00fd g\u00e9l - s organick\u00fdm extraktom z ol\u00edv\",\"isPartOf\":{\"@id\":\"https:\\\/\\\/www.lraloeverashop.eu\\\/sk\\\/#website\"},\"primaryImageOfPage\":{\"@id\":\"https:\\\/\\\/www.lraloeverashop.eu\\\/sk\\\/produkt\\\/aloe-vera-hydratacny-kremovy-gel\\\/#primaryimage\"},\"image\":{\"@id\":\"https:\\\/\\\/www.lraloeverashop.eu\\\/sk\\\/produkt\\\/aloe-vera-hydratacny-kremovy-gel\\\/#primaryimage\"},\"thumbnailUrl\":\"https:\\\/\\\/www.lraloeverashop.eu\\\/wp-content\\\/uploads\\\/2022\\\/10\\\/Lr-Aloe-Vera-Refreshing-Gel-Cream-for-face.jpg\",\"datePublished\":\"2022-10-11T05:27:08+00:00\",\"dateModified\":\"2025-03-29T17:52:47+00:00\",\"description\":\"Aloe Vera Hydrata\u010dn\u00fd kr\u00e9mov\u00fd g\u00e9l pon\u00faka poko\u017eke intenz\u00edvnu hydrat\u00e1ciu. R\u00fdchlo sa vstreb\u00e1va a ponech\u00e1va pr\u00edjemn\u00fd pocit jemnosti. Aj pre zmie\u0161an\u00e9 poko\u017eky\",\"breadcrumb\":{\"@id\":\"https:\\\/\\\/www.lraloeverashop.eu\\\/sk\\\/produkt\\\/aloe-vera-hydratacny-kremovy-gel\\\/#breadcrumb\"},\"inLanguage\":\"sk-SK\",\"potentialAction\":[{\"@type\":\"ReadAction\",\"target\":[\"https:\\\/\\\/www.lraloeverashop.eu\\\/sk\\\/produkt\\\/aloe-vera-hydratacny-kremovy-gel\\\/\"]}]},{\"@type\":\"ImageObject\",\"inLanguage\":\"sk-SK\",\"@id\":\"https:\\\/\\\/www.lraloeverashop.eu\\\/sk\\\/produkt\\\/aloe-vera-hydratacny-kremovy-gel\\\/#primaryimage\",\"url\":\"https:\\\/\\\/www.lraloeverashop.eu\\\/wp-content\\\/uploads\\\/2022\\\/10\\\/Lr-Aloe-Vera-Refreshing-Gel-Cream-for-face.jpg\",\"contentUrl\":\"https:\\\/\\\/www.lraloeverashop.eu\\\/wp-content\\\/uploads\\\/2022\\\/10\\\/Lr-Aloe-Vera-Refreshing-Gel-Cream-for-face.jpg\",\"width\":1200,\"height\":1200,\"caption\":\"Aloe Vera Hydrata\u010dn\u00fd kr\u00e9mov\u00fd g\u00e9l r\u00fdchlo zvlh\u010duje a zjem\u0148uje\"},{\"@type\":\"BreadcrumbList\",\"@id\":\"https:\\\/\\\/www.lraloeverashop.eu\\\/sk\\\/produkt\\\/aloe-vera-hydratacny-kremovy-gel\\\/#breadcrumb\",\"itemListElement\":[{\"@type\":\"ListItem\",\"position\":1,\"name\":\"Home\",\"item\":\"https:\\\/\\\/www.lraloeverashop.eu\\\/sk\\\/\"},{\"@type\":\"ListItem\",\"position\":2,\"name\":\"Obchod\",\"item\":\"https:\\\/\\\/www.lraloeverashop.eu\\\/shop\\\/\"},{\"@type\":\"ListItem\",\"position\":3,\"name\":\"Aloe Vera Hydrata\u010dn\u00fd kr\u00e9mov\u00fd g\u00e9l\"}]},{\"@type\":\"WebSite\",\"@id\":\"https:\\\/\\\/www.lraloeverashop.eu\\\/sk\\\/#website\",\"url\":\"https:\\\/\\\/www.lraloeverashop.eu\\\/sk\\\/\",\"name\":\"Lr Obchod Aloe Vera\",\"description\":\"High Quality Lr Aloe Vera Gel, Aloe Vera Cream and Shampoo\",\"publisher\":{\"@id\":\"https:\\\/\\\/www.lraloeverashop.eu\\\/sk\\\/#organization\"},\"potentialAction\":[{\"@type\":\"SearchAction\",\"target\":{\"@type\":\"EntryPoint\",\"urlTemplate\":\"https:\\\/\\\/www.lraloeverashop.eu\\\/sk\\\/?s={search_term_string}\"},\"query-input\":{\"@type\":\"PropertyValueSpecification\",\"valueRequired\":true,\"valueName\":\"search_term_string\"}}],\"inLanguage\":\"sk-SK\"},{\"@type\":\"Organization\",\"@id\":\"https:\\\/\\\/www.lraloeverashop.eu\\\/sk\\\/#organization\",\"name\":\"Lr Obchod Aloe Vera\",\"alternateName\":\"LR\",\"url\":\"https:\\\/\\\/www.lraloeverashop.eu\\\/sk\\\/\",\"logo\":{\"@type\":\"ImageObject\",\"inLanguage\":\"sk-SK\",\"@id\":\"https:\\\/\\\/www.lraloeverashop.eu\\\/sk\\\/#\\\/schema\\\/logo\\\/image\\\/\",\"url\":\"https:\\\/\\\/www.lraloeverashop.eu\\\/wp-content\\\/uploads\\\/2022\\\/09\\\/cropped-Lr-Aloe-Vera-Shop.jpg\",\"contentUrl\":\"https:\\\/\\\/www.lraloeverashop.eu\\\/wp-content\\\/uploads\\\/2022\\\/09\\\/cropped-Lr-Aloe-Vera-Shop.jpg\",\"width\":228,\"height\":76,\"caption\":\"Lr Obchod Aloe Vera\"},\"image\":{\"@id\":\"https:\\\/\\\/www.lraloeverashop.eu\\\/sk\\\/#\\\/schema\\\/logo\\\/image\\\/\"},\"sameAs\":[\"https:\\\/\\\/www.facebook.com\\\/lraloeverashop.eu\",\"https:\\\/\\\/x.com\\\/natur__kosmetik\",\"https:\\\/\\\/www.youtube.com\\\/channel\\\/UC5oN7BJ8nfYb8RpVtjwDEBA\",\"https:\\\/\\\/www.instagram.com\\\/lrbeautyeu\\\/\"],\"description\":\"Obchod Lr Aloe Vera je va\u0161\u00edm d\u00f4veryhodn\u00fdm miestom pre pr\u00e9miov\u00e9 produkty LR Health & Beauty vyroben\u00e9 v Nemecku. Pon\u00fakame vysokokvalitn\u00e9 rie\u0161enia starostlivosti o ple\u0165 s Aloe Vera, v\u00fd\u017eivu a proti starnutiu, vyroben\u00e9 z \u010dist\u00fdch ingredienci\u00ed a podlo\u017een\u00e9 vedeck\u00fdm v\u00fdskumom. Objavte pr\u00edrodn\u00fa starostlivos\u0165, ktor\u00e1 regeneruje, chr\u00e1ni a revitalizuje va\u0161u ple\u0165 \u2013 a vyu\u017eite exkluz\u00edvne mesa\u010dn\u00e9 ponuky na na\u0161e najpred\u00e1vanej\u0161ie produkty LR Aloe Vera.\\nZa\u010dnite svoju cestu za pr\u00edrodnou starostlivos\u0165ou o ple\u0165 e\u0161te dnes a poc\u00ed\u0165te rozdiel.\",\"email\":\"info@lraloeverashop.eu\",\"telephone\":\"+49 17670609653\",\"legalName\":\"Lr Aloe Vera Shop\",\"foundingDate\":\"2018-04-21\",\"numberOfEmployees\":{\"@type\":\"QuantitativeValue\",\"minValue\":\"1\",\"maxValue\":\"10\"}}]}<\/script>\n<meta property=\"product:price:amount\" content=\"25.59\" \/>\n<meta property=\"product:price:currency\" content=\"EUR\" \/>\n<meta property=\"og:availability\" content=\"instock\" \/>\n<meta property=\"product:availability\" content=\"instock\" \/>\n<meta property=\"product:retailer_item_id\" content=\"20679-201SK\" \/>\n<meta property=\"product:condition\" content=\"new\" \/>\n<!-- \/ Yoast SEO Premium plugin. -->","yoast_head_json":{"title":"Aloe Vera Hydrata\u010dn\u00fd kr\u00e9mov\u00fd g\u00e9l - s organick\u00fdm extraktom z ol\u00edv","description":"Aloe Vera Hydrata\u010dn\u00fd kr\u00e9mov\u00fd g\u00e9l pon\u00faka poko\u017eke intenz\u00edvnu hydrat\u00e1ciu. R\u00fdchlo sa vstreb\u00e1va a ponech\u00e1va pr\u00edjemn\u00fd pocit jemnosti. Aj pre zmie\u0161an\u00e9 poko\u017eky","robots":{"index":"index","follow":"follow","max-snippet":"max-snippet:-1","max-image-preview":"max-image-preview:large","max-video-preview":"max-video-preview:-1"},"canonical":"https:\/\/www.lraloeverashop.eu\/sk\/produkt\/aloe-vera-hydratacny-kremovy-gel\/","og_locale":"sk_SK","og_type":"article","og_title":"Aloe Vera Hydrata\u010dn\u00fd kr\u00e9mov\u00fd g\u00e9l","og_description":"Aloe Vera Hydrata\u010dn\u00fd kr\u00e9mov\u00fd g\u00e9l pon\u00faka poko\u017eke intenz\u00edvnu hydrat\u00e1ciu. R\u00fdchlo sa vstreb\u00e1va a ponech\u00e1va pr\u00edjemn\u00fd pocit jemnosti. Aj pre zmie\u0161an\u00e9 poko\u017eky","og_url":"https:\/\/www.lraloeverashop.eu\/sk\/produkt\/aloe-vera-hydratacny-kremovy-gel\/","og_site_name":"Lr Obchod Aloe Vera","article_publisher":"https:\/\/www.facebook.com\/lraloeverashop.eu","article_modified_time":"2025-03-29T17:52:47+00:00","og_image":[{"width":1200,"height":1200,"url":"https:\/\/www.lraloeverashop.eu\/wp-content\/uploads\/2022\/10\/Lr-Aloe-Vera-Refreshing-Gel-Cream-for-face.jpg","type":"image\/jpeg"}],"twitter_card":"summary_large_image","twitter_site":"@natur__kosmetik","schema":{"@context":"https:\/\/schema.org","@graph":[{"@type":["WebPage","ItemPage"],"@id":"https:\/\/www.lraloeverashop.eu\/sk\/produkt\/aloe-vera-hydratacny-kremovy-gel\/","url":"https:\/\/www.lraloeverashop.eu\/sk\/produkt\/aloe-vera-hydratacny-kremovy-gel\/","name":"Aloe Vera Hydrata\u010dn\u00fd kr\u00e9mov\u00fd g\u00e9l - s organick\u00fdm extraktom z ol\u00edv","isPartOf":{"@id":"https:\/\/www.lraloeverashop.eu\/sk\/#website"},"primaryImageOfPage":{"@id":"https:\/\/www.lraloeverashop.eu\/sk\/produkt\/aloe-vera-hydratacny-kremovy-gel\/#primaryimage"},"image":{"@id":"https:\/\/www.lraloeverashop.eu\/sk\/produkt\/aloe-vera-hydratacny-kremovy-gel\/#primaryimage"},"thumbnailUrl":"https:\/\/www.lraloeverashop.eu\/wp-content\/uploads\/2022\/10\/Lr-Aloe-Vera-Refreshing-Gel-Cream-for-face.jpg","datePublished":"2022-10-11T05:27:08+00:00","dateModified":"2025-03-29T17:52:47+00:00","description":"Aloe Vera Hydrata\u010dn\u00fd kr\u00e9mov\u00fd g\u00e9l pon\u00faka poko\u017eke intenz\u00edvnu hydrat\u00e1ciu. R\u00fdchlo sa vstreb\u00e1va a ponech\u00e1va pr\u00edjemn\u00fd pocit jemnosti. Aj pre zmie\u0161an\u00e9 poko\u017eky","breadcrumb":{"@id":"https:\/\/www.lraloeverashop.eu\/sk\/produkt\/aloe-vera-hydratacny-kremovy-gel\/#breadcrumb"},"inLanguage":"sk-SK","potentialAction":[{"@type":"ReadAction","target":["https:\/\/www.lraloeverashop.eu\/sk\/produkt\/aloe-vera-hydratacny-kremovy-gel\/"]}]},{"@type":"ImageObject","inLanguage":"sk-SK","@id":"https:\/\/www.lraloeverashop.eu\/sk\/produkt\/aloe-vera-hydratacny-kremovy-gel\/#primaryimage","url":"https:\/\/www.lraloeverashop.eu\/wp-content\/uploads\/2022\/10\/Lr-Aloe-Vera-Refreshing-Gel-Cream-for-face.jpg","contentUrl":"https:\/\/www.lraloeverashop.eu\/wp-content\/uploads\/2022\/10\/Lr-Aloe-Vera-Refreshing-Gel-Cream-for-face.jpg","width":1200,"height":1200,"caption":"Aloe Vera Hydrata\u010dn\u00fd kr\u00e9mov\u00fd g\u00e9l r\u00fdchlo zvlh\u010duje a zjem\u0148uje"},{"@type":"BreadcrumbList","@id":"https:\/\/www.lraloeverashop.eu\/sk\/produkt\/aloe-vera-hydratacny-kremovy-gel\/#breadcrumb","itemListElement":[{"@type":"ListItem","position":1,"name":"Home","item":"https:\/\/www.lraloeverashop.eu\/sk\/"},{"@type":"ListItem","position":2,"name":"Obchod","item":"https:\/\/www.lraloeverashop.eu\/shop\/"},{"@type":"ListItem","position":3,"name":"Aloe Vera Hydrata\u010dn\u00fd kr\u00e9mov\u00fd g\u00e9l"}]},{"@type":"WebSite","@id":"https:\/\/www.lraloeverashop.eu\/sk\/#website","url":"https:\/\/www.lraloeverashop.eu\/sk\/","name":"Lr Obchod Aloe Vera","description":"High Quality Lr Aloe Vera Gel, Aloe Vera Cream and Shampoo","publisher":{"@id":"https:\/\/www.lraloeverashop.eu\/sk\/#organization"},"potentialAction":[{"@type":"SearchAction","target":{"@type":"EntryPoint","urlTemplate":"https:\/\/www.lraloeverashop.eu\/sk\/?s={search_term_string}"},"query-input":{"@type":"PropertyValueSpecification","valueRequired":true,"valueName":"search_term_string"}}],"inLanguage":"sk-SK"},{"@type":"Organization","@id":"https:\/\/www.lraloeverashop.eu\/sk\/#organization","name":"Lr Obchod Aloe Vera","alternateName":"LR","url":"https:\/\/www.lraloeverashop.eu\/sk\/","logo":{"@type":"ImageObject","inLanguage":"sk-SK","@id":"https:\/\/www.lraloeverashop.eu\/sk\/#\/schema\/logo\/image\/","url":"https:\/\/www.lraloeverashop.eu\/wp-content\/uploads\/2022\/09\/cropped-Lr-Aloe-Vera-Shop.jpg","contentUrl":"https:\/\/www.lraloeverashop.eu\/wp-content\/uploads\/2022\/09\/cropped-Lr-Aloe-Vera-Shop.jpg","width":228,"height":76,"caption":"Lr Obchod Aloe Vera"},"image":{"@id":"https:\/\/www.lraloeverashop.eu\/sk\/#\/schema\/logo\/image\/"},"sameAs":["https:\/\/www.facebook.com\/lraloeverashop.eu","https:\/\/x.com\/natur__kosmetik","https:\/\/www.youtube.com\/channel\/UC5oN7BJ8nfYb8RpVtjwDEBA","https:\/\/www.instagram.com\/lrbeautyeu\/"],"description":"Obchod Lr Aloe Vera je va\u0161\u00edm d\u00f4veryhodn\u00fdm miestom pre pr\u00e9miov\u00e9 produkty LR Health & Beauty vyroben\u00e9 v Nemecku. Pon\u00fakame vysokokvalitn\u00e9 rie\u0161enia starostlivosti o ple\u0165 s Aloe Vera, v\u00fd\u017eivu a proti starnutiu, vyroben\u00e9 z \u010dist\u00fdch ingredienci\u00ed a podlo\u017een\u00e9 vedeck\u00fdm v\u00fdskumom. Objavte pr\u00edrodn\u00fa starostlivos\u0165, ktor\u00e1 regeneruje, chr\u00e1ni a revitalizuje va\u0161u ple\u0165 \u2013 a vyu\u017eite exkluz\u00edvne mesa\u010dn\u00e9 ponuky na na\u0161e najpred\u00e1vanej\u0161ie produkty LR Aloe Vera.\nZa\u010dnite svoju cestu za pr\u00edrodnou starostlivos\u0165ou o ple\u0165 e\u0161te dnes a poc\u00ed\u0165te rozdiel.","email":"info@lraloeverashop.eu","telephone":"+49 17670609653","legalName":"Lr Aloe Vera Shop","foundingDate":"2018-04-21","numberOfEmployees":{"@type":"QuantitativeValue","minValue":"1","maxValue":"10"}}]},"product_price_amount":"25.59","product_price_currency":"EUR","og_availability":"instock","product_availability":"instock","product_retailer_item_id":"20679-201SK","product_condition":"new"},"taxonomy_info":{"product_cat":[{"value":216,"label":"Aloe Vera"},{"value":241,"label":"Starostlivos\u0165 o tv\u00e1r"}],"product_tag":[{"value":624,"label":"Such\u00e1 tv\u00e1r"}]},"featured_image_src_large":["https:\/\/www.lraloeverashop.eu\/wp-content\/uploads\/2022\/10\/Lr-Aloe-Vera-Refreshing-Gel-Cream-for-face-1024x1024.jpg",1024,1024,true],"author_info":[],"comment_info":0,"_links":{"self":[{"href":"https:\/\/www.lraloeverashop.eu\/sk\/wp-json\/wp\/v2\/product\/10351","targetHints":{"allow":["GET"]}}],"collection":[{"href":"https:\/\/www.lraloeverashop.eu\/sk\/wp-json\/wp\/v2\/product"}],"about":[{"href":"https:\/\/www.lraloeverashop.eu\/sk\/wp-json\/wp\/v2\/types\/product"}],"replies":[{"embeddable":true,"href":"https:\/\/www.lraloeverashop.eu\/sk\/wp-json\/wp\/v2\/comments?post=10351"}],"wp:featuredmedia":[{"embeddable":true,"href":"https:\/\/www.lraloeverashop.eu\/sk\/wp-json\/wp\/v2\/media\/5002"}],"wp:attachment":[{"href":"https:\/\/www.lraloeverashop.eu\/sk\/wp-json\/wp\/v2\/media?parent=10351"}],"wp:term":[{"taxonomy":"product_brand","embeddable":true,"href":"https:\/\/www.lraloeverashop.eu\/sk\/wp-json\/wp\/v2\/product_brand?post=10351"},{"taxonomy":"product_cat","embeddable":true,"href":"https:\/\/www.lraloeverashop.eu\/sk\/wp-json\/wp\/v2\/product_cat?post=10351"},{"taxonomy":"product_tag","embeddable":true,"href":"https:\/\/www.lraloeverashop.eu\/sk\/wp-json\/wp\/v2\/product_tag?post=10351"}],"curies":[{"name":"wp","href":"https:\/\/api.w.org\/{rel}","templated":true}]}}