{"id":10303,"date":"2022-10-11T08:22:36","date_gmt":"2022-10-11T06:22:36","guid":{"rendered":"https:\/\/www.lraloeverashop.eu\/product\/aloe-vera-pletove-cistiace-obrusky\/"},"modified":"2025-03-29T18:52:21","modified_gmt":"2025-03-29T17:52:21","slug":"aloe-vera-pletove-cistiace-obrusky","status":"publish","type":"product","link":"https:\/\/www.lraloeverashop.eu\/sk\/produkt\/aloe-vera-pletove-cistiace-obrusky\/","title":{"rendered":"Aloe Vera Ple\u0165ov\u00e9 \u010distiace obr\u00fasky"},"content":{"rendered":"<p><span style=\"font-size: 14pt;\"><strong>Aloe Vera Ple\u0165ov\u00e9 \u010distiace obr\u00fasky &#8211; Jemn\u00e9 a efekt\u00edvne \u010distenie, praktick\u00e9 na cestu<\/strong><\/span><\/p>\n<p>Ple\u0165ov\u00e9 \u010distiace obr\u00fasky s 30% aloe vera pon\u00fakaj\u00fa jemn\u00e9 \u010distenie tv\u00e1re a oblasti o\u010d\u00ed. obr\u00fasky m\u00f4\u017eu nahradi\u0165 konven\u010dn\u00e9 \u010distiace prostriedky, ako je odstra\u0148ova\u010d o\u010dn\u00fdch make-upov a <a href=\"https:\/\/www.lraloeverashop.eu\/sk\/produkt\/lr-aloe-vera-rozjasnujuca-pletova-voda\/\">voda na tv\u00e1r<\/a> . Ich sametov\u00e1 m\u00e4kk\u00e1 l\u00e1tka a starostliv\u00e1 text\u00fara s\u00fa mimoriadne jemn\u00e9 na poko\u017eku Praktick\u00e9 obr\u00fasky s\u00fa nevyhnutn\u00e9 ke\u010f ste na cest\u00e1ch. Ich jemn\u00e9 mlie\u010dko bez obsahu alkoholu nesp\u00f4sobuje sucho. Aloe Vera pon\u00faka n\u00e1dhern\u00fd pocit <a href=\"https:\/\/www.lraloeverashop.eu\/sk\/produkt\/aloe-vera-harmonizujuce-cistiace-mlieko\/\">\u010distoty a svie\u017eosti poko\u017eky<\/a>.<\/p>\n<p>&nbsp;<\/p>\n<h3><span style=\"font-size: 16pt;\"><strong>Ako pou\u017eiva\u0165<\/strong><\/span><\/h3>\n<p>Opatrne prejdite \u010distiacim obr\u00faskom cez tv\u00e1r, krk a uzavret\u00e9 o\u010di, aby ste odstr\u00e1nili make-up a ne\u010distoty. V pr\u00edpade potreby opakujte.<\/p>\n","protected":false},"excerpt":{"rendered":"<ul>\n<li>S 30% Aloe Vera<\/li>\n<li>S organick\u00fdm extraktom z div\u00fdch ru\u017e\u00ed<\/li>\n<li>Pre mierne a \u00fa\u010dinn\u00e9 \u010distenie tv\u00e1re, krku a o\u010d\u00ed<\/li>\n<li>Nevysu\u0161uje poko\u017eku<\/li>\n<li>Bez alkoholu<\/li>\n<li>Praktick\u00e9 na cestu<\/li>\n<\/ul>\n<p>&nbsp;<\/p>\n","protected":false},"featured_media":4972,"comment_status":"open","ping_status":"closed","template":"","meta":{"_kad_blocks_custom_css":"","_kad_blocks_head_custom_js":"","_kad_blocks_body_custom_js":"","_kad_blocks_footer_custom_js":"","_kadence_starter_templates_imported_post":false,"_kad_post_transparent":"default","_kad_post_title":"","_kad_post_layout":"default","_kad_post_sidebar_id":"","_kad_post_content_style":"default","_kad_post_vertical_padding":"default","_kad_post_feature":"","_kad_post_feature_position":"","_kad_post_header":false,"_kad_post_footer":false,"_kad_post_classname":""},"product_brand":[],"product_cat":[216,241],"product_tag":[680],"class_list":{"0":"post-10303","1":"product","2":"type-product","3":"status-publish","4":"has-post-thumbnail","6":"product_cat-aloe-vera-sk","7":"product_cat-starostlivost-o-tvar","8":"product_tag-na-cistenie-tvare","10":"first","11":"instock","12":"taxable","13":"shipping-taxable","14":"purchasable","15":"product-type-simple","16":"entry","17":"content-bg","18":"loop-entry"},"yoast_head":"<!-- This site is optimized with the Yoast SEO Premium plugin v27.5 (Yoast SEO v27.5) - https:\/\/yoast.com\/product\/yoast-seo-premium-wordpress\/ -->\n<title>Aloe Vera Ple\u0165ov\u00e9 \u010distiace obr\u00fasky na Jemn\u00e9 a efekt\u00edvne \u010distenie<\/title>\n<meta name=\"description\" content=\"Aloe Vera Ple\u0165ov\u00e9 \u010distiace obr\u00fasky bez Alkoholu. S 30% Aloe Vera a extraktom z div\u00fdch ru\u017e\u00ed na mierne a \u00fa\u010dinn\u00e9 \u010distenie tv\u00e1re, krku a o\u010d\u00ed. Nevysu\u0161uje poko\u017eku\" \/>\n<meta name=\"robots\" content=\"index, follow, max-snippet:-1, max-image-preview:large, max-video-preview:-1\" \/>\n<link rel=\"canonical\" href=\"https:\/\/www.lraloeverashop.eu\/sk\/produkt\/aloe-vera-pletove-cistiace-obrusky\/\" \/>\n<meta property=\"og:locale\" content=\"sk_SK\" \/>\n<meta property=\"og:type\" content=\"article\" \/>\n<meta property=\"og:title\" content=\"Aloe Vera Ple\u0165ov\u00e9 \u010distiace obr\u00fasky\" \/>\n<meta property=\"og:description\" content=\"Aloe Vera Ple\u0165ov\u00e9 \u010distiace obr\u00fasky bez Alkoholu. S 30% Aloe Vera a extraktom z div\u00fdch ru\u017e\u00ed na mierne a \u00fa\u010dinn\u00e9 \u010distenie tv\u00e1re, krku a o\u010d\u00ed. Nevysu\u0161uje poko\u017eku\" \/>\n<meta property=\"og:url\" content=\"https:\/\/www.lraloeverashop.eu\/sk\/produkt\/aloe-vera-pletove-cistiace-obrusky\/\" \/>\n<meta property=\"og:site_name\" content=\"Lr Obchod Aloe Vera\" \/>\n<meta property=\"article:publisher\" content=\"https:\/\/www.facebook.com\/lraloeverashop.eu\" \/>\n<meta property=\"article:modified_time\" content=\"2025-03-29T17:52:21+00:00\" \/>\n<meta property=\"og:image\" content=\"https:\/\/www.lraloeverashop.eu\/wp-content\/uploads\/2022\/10\/Lr-Aloe-Vera-Caring-Cleansing-Tissues.jpg\" \/>\n\t<meta property=\"og:image:width\" content=\"1200\" \/>\n\t<meta property=\"og:image:height\" content=\"1200\" \/>\n\t<meta property=\"og:image:type\" content=\"image\/jpeg\" \/>\n<meta name=\"twitter:card\" content=\"summary_large_image\" \/>\n<meta name=\"twitter:site\" content=\"@natur__kosmetik\" \/>\n<script type=\"application\/ld+json\" class=\"yoast-schema-graph\">{\"@context\":\"https:\\\/\\\/schema.org\",\"@graph\":[{\"@type\":[\"WebPage\",\"ItemPage\"],\"@id\":\"https:\\\/\\\/www.lraloeverashop.eu\\\/sk\\\/produkt\\\/aloe-vera-pletove-cistiace-obrusky\\\/\",\"url\":\"https:\\\/\\\/www.lraloeverashop.eu\\\/sk\\\/produkt\\\/aloe-vera-pletove-cistiace-obrusky\\\/\",\"name\":\"Aloe Vera Ple\u0165ov\u00e9 \u010distiace obr\u00fasky na Jemn\u00e9 a efekt\u00edvne \u010distenie\",\"isPartOf\":{\"@id\":\"https:\\\/\\\/www.lraloeverashop.eu\\\/sk\\\/#website\"},\"primaryImageOfPage\":{\"@id\":\"https:\\\/\\\/www.lraloeverashop.eu\\\/sk\\\/produkt\\\/aloe-vera-pletove-cistiace-obrusky\\\/#primaryimage\"},\"image\":{\"@id\":\"https:\\\/\\\/www.lraloeverashop.eu\\\/sk\\\/produkt\\\/aloe-vera-pletove-cistiace-obrusky\\\/#primaryimage\"},\"thumbnailUrl\":\"https:\\\/\\\/www.lraloeverashop.eu\\\/wp-content\\\/uploads\\\/2022\\\/10\\\/Lr-Aloe-Vera-Caring-Cleansing-Tissues.jpg\",\"datePublished\":\"2022-10-11T06:22:36+00:00\",\"dateModified\":\"2025-03-29T17:52:21+00:00\",\"description\":\"Aloe Vera Ple\u0165ov\u00e9 \u010distiace obr\u00fasky bez Alkoholu. S 30% Aloe Vera a extraktom z div\u00fdch ru\u017e\u00ed na mierne a \u00fa\u010dinn\u00e9 \u010distenie tv\u00e1re, krku a o\u010d\u00ed. Nevysu\u0161uje poko\u017eku\",\"breadcrumb\":{\"@id\":\"https:\\\/\\\/www.lraloeverashop.eu\\\/sk\\\/produkt\\\/aloe-vera-pletove-cistiace-obrusky\\\/#breadcrumb\"},\"inLanguage\":\"sk-SK\",\"potentialAction\":[{\"@type\":\"ReadAction\",\"target\":[\"https:\\\/\\\/www.lraloeverashop.eu\\\/sk\\\/produkt\\\/aloe-vera-pletove-cistiace-obrusky\\\/\"]}]},{\"@type\":\"ImageObject\",\"inLanguage\":\"sk-SK\",\"@id\":\"https:\\\/\\\/www.lraloeverashop.eu\\\/sk\\\/produkt\\\/aloe-vera-pletove-cistiace-obrusky\\\/#primaryimage\",\"url\":\"https:\\\/\\\/www.lraloeverashop.eu\\\/wp-content\\\/uploads\\\/2022\\\/10\\\/Lr-Aloe-Vera-Caring-Cleansing-Tissues.jpg\",\"contentUrl\":\"https:\\\/\\\/www.lraloeverashop.eu\\\/wp-content\\\/uploads\\\/2022\\\/10\\\/Lr-Aloe-Vera-Caring-Cleansing-Tissues.jpg\",\"width\":1200,\"height\":1200,\"caption\":\"Aloe Vera Ple\u0165ov\u00e9 \u010distiace obr\u00fasky pre mierne a \u00fa\u010dinn\u00e9 \u010distenie tv\u00e1re, krku a o\u010d\u00ed\"},{\"@type\":\"BreadcrumbList\",\"@id\":\"https:\\\/\\\/www.lraloeverashop.eu\\\/sk\\\/produkt\\\/aloe-vera-pletove-cistiace-obrusky\\\/#breadcrumb\",\"itemListElement\":[{\"@type\":\"ListItem\",\"position\":1,\"name\":\"Home\",\"item\":\"https:\\\/\\\/www.lraloeverashop.eu\\\/sk\\\/aloe-vera-obchod-vsetko-pre-vasu-krasu-a-pohodu\\\/\"},{\"@type\":\"ListItem\",\"position\":2,\"name\":\"Obchod\",\"item\":\"https:\\\/\\\/www.lraloeverashop.eu\\\/sk\\\/obchod\\\/\"},{\"@type\":\"ListItem\",\"position\":3,\"name\":\"Aloe Vera Ple\u0165ov\u00e9 \u010distiace obr\u00fasky\"}]},{\"@type\":\"WebSite\",\"@id\":\"https:\\\/\\\/www.lraloeverashop.eu\\\/sk\\\/#website\",\"url\":\"https:\\\/\\\/www.lraloeverashop.eu\\\/sk\\\/\",\"name\":\"Lr Obchod Aloe Vera\",\"description\":\"High Quality Lr Aloe Vera Gel, Aloe Vera Cream and Shampoo\",\"publisher\":{\"@id\":\"https:\\\/\\\/www.lraloeverashop.eu\\\/sk\\\/#organization\"},\"alternateName\":\"LR\",\"potentialAction\":[{\"@type\":\"SearchAction\",\"target\":{\"@type\":\"EntryPoint\",\"urlTemplate\":\"https:\\\/\\\/www.lraloeverashop.eu\\\/sk\\\/?s={search_term_string}\"},\"query-input\":{\"@type\":\"PropertyValueSpecification\",\"valueRequired\":true,\"valueName\":\"search_term_string\"}}],\"inLanguage\":\"sk-SK\"},{\"@type\":\"Organization\",\"@id\":\"https:\\\/\\\/www.lraloeverashop.eu\\\/sk\\\/#organization\",\"name\":\"Lr Obchod Aloe Vera\",\"alternateName\":\"LR\",\"url\":\"https:\\\/\\\/www.lraloeverashop.eu\\\/sk\\\/\",\"logo\":{\"@type\":\"ImageObject\",\"inLanguage\":\"sk-SK\",\"@id\":\"https:\\\/\\\/www.lraloeverashop.eu\\\/sk\\\/#\\\/schema\\\/logo\\\/image\\\/\",\"url\":\"https:\\\/\\\/www.lraloeverashop.eu\\\/wp-content\\\/uploads\\\/2022\\\/09\\\/cropped-Lr-Aloe-Vera-Shop.jpg\",\"contentUrl\":\"https:\\\/\\\/www.lraloeverashop.eu\\\/wp-content\\\/uploads\\\/2022\\\/09\\\/cropped-Lr-Aloe-Vera-Shop.jpg\",\"width\":228,\"height\":76,\"caption\":\"Lr Obchod Aloe Vera\"},\"image\":{\"@id\":\"https:\\\/\\\/www.lraloeverashop.eu\\\/sk\\\/#\\\/schema\\\/logo\\\/image\\\/\"},\"sameAs\":[\"https:\\\/\\\/www.facebook.com\\\/lraloeverashop.eu\",\"https:\\\/\\\/x.com\\\/natur__kosmetik\",\"https:\\\/\\\/www.youtube.com\\\/channel\\\/UC5oN7BJ8nfYb8RpVtjwDEBA\",\"https:\\\/\\\/www.instagram.com\\\/lrbeautyeu\\\/\"],\"description\":\"Obchod Lr Aloe Vera je va\u0161\u00edm d\u00f4veryhodn\u00fdm miestom pre pr\u00e9miov\u00e9 produkty LR Health & Beauty vyroben\u00e9 v Nemecku. Pon\u00fakame vysokokvalitn\u00e9 rie\u0161enia starostlivosti o ple\u0165 s Aloe Vera, v\u00fd\u017eivu a proti starnutiu, vyroben\u00e9 z \u010dist\u00fdch ingredienci\u00ed a podlo\u017een\u00e9 vedeck\u00fdm v\u00fdskumom. Objavte pr\u00edrodn\u00fa starostlivos\u0165, ktor\u00e1 regeneruje, chr\u00e1ni a revitalizuje va\u0161u ple\u0165 \u2013 a vyu\u017eite exkluz\u00edvne mesa\u010dn\u00e9 ponuky na na\u0161e najpred\u00e1vanej\u0161ie produkty LR Aloe Vera.\\nZa\u010dnite svoju cestu za pr\u00edrodnou starostlivos\u0165ou o ple\u0165 e\u0161te dnes a poc\u00ed\u0165te rozdiel.\",\"email\":\"info@lraloeverashop.eu\",\"telephone\":\"+49 17670609653\",\"legalName\":\"Lr Aloe Vera Shop\",\"foundingDate\":\"2018-04-21\",\"numberOfEmployees\":{\"@type\":\"QuantitativeValue\",\"minValue\":\"1\",\"maxValue\":\"10\"}}]}<\/script>\n<meta property=\"product:price:amount\" content=\"6.99\" \/>\n<meta property=\"product:price:currency\" content=\"EUR\" \/>\n<meta property=\"og:availability\" content=\"instock\" \/>\n<meta property=\"product:availability\" content=\"instock\" \/>\n<meta property=\"product:retailer_item_id\" content=\"20672-201SK\" \/>\n<meta property=\"product:condition\" content=\"new\" \/>\n<!-- \/ Yoast SEO Premium plugin. -->","yoast_head_json":{"title":"Aloe Vera Ple\u0165ov\u00e9 \u010distiace obr\u00fasky na Jemn\u00e9 a efekt\u00edvne \u010distenie","description":"Aloe Vera Ple\u0165ov\u00e9 \u010distiace obr\u00fasky bez Alkoholu. S 30% Aloe Vera a extraktom z div\u00fdch ru\u017e\u00ed na mierne a \u00fa\u010dinn\u00e9 \u010distenie tv\u00e1re, krku a o\u010d\u00ed. Nevysu\u0161uje poko\u017eku","robots":{"index":"index","follow":"follow","max-snippet":"max-snippet:-1","max-image-preview":"max-image-preview:large","max-video-preview":"max-video-preview:-1"},"canonical":"https:\/\/www.lraloeverashop.eu\/sk\/produkt\/aloe-vera-pletove-cistiace-obrusky\/","og_locale":"sk_SK","og_type":"article","og_title":"Aloe Vera Ple\u0165ov\u00e9 \u010distiace obr\u00fasky","og_description":"Aloe Vera Ple\u0165ov\u00e9 \u010distiace obr\u00fasky bez Alkoholu. S 30% Aloe Vera a extraktom z div\u00fdch ru\u017e\u00ed na mierne a \u00fa\u010dinn\u00e9 \u010distenie tv\u00e1re, krku a o\u010d\u00ed. Nevysu\u0161uje poko\u017eku","og_url":"https:\/\/www.lraloeverashop.eu\/sk\/produkt\/aloe-vera-pletove-cistiace-obrusky\/","og_site_name":"Lr Obchod Aloe Vera","article_publisher":"https:\/\/www.facebook.com\/lraloeverashop.eu","article_modified_time":"2025-03-29T17:52:21+00:00","og_image":[{"width":1200,"height":1200,"url":"https:\/\/www.lraloeverashop.eu\/wp-content\/uploads\/2022\/10\/Lr-Aloe-Vera-Caring-Cleansing-Tissues.jpg","type":"image\/jpeg"}],"twitter_card":"summary_large_image","twitter_site":"@natur__kosmetik","schema":{"@context":"https:\/\/schema.org","@graph":[{"@type":["WebPage","ItemPage"],"@id":"https:\/\/www.lraloeverashop.eu\/sk\/produkt\/aloe-vera-pletove-cistiace-obrusky\/","url":"https:\/\/www.lraloeverashop.eu\/sk\/produkt\/aloe-vera-pletove-cistiace-obrusky\/","name":"Aloe Vera Ple\u0165ov\u00e9 \u010distiace obr\u00fasky na Jemn\u00e9 a efekt\u00edvne \u010distenie","isPartOf":{"@id":"https:\/\/www.lraloeverashop.eu\/sk\/#website"},"primaryImageOfPage":{"@id":"https:\/\/www.lraloeverashop.eu\/sk\/produkt\/aloe-vera-pletove-cistiace-obrusky\/#primaryimage"},"image":{"@id":"https:\/\/www.lraloeverashop.eu\/sk\/produkt\/aloe-vera-pletove-cistiace-obrusky\/#primaryimage"},"thumbnailUrl":"https:\/\/www.lraloeverashop.eu\/wp-content\/uploads\/2022\/10\/Lr-Aloe-Vera-Caring-Cleansing-Tissues.jpg","datePublished":"2022-10-11T06:22:36+00:00","dateModified":"2025-03-29T17:52:21+00:00","description":"Aloe Vera Ple\u0165ov\u00e9 \u010distiace obr\u00fasky bez Alkoholu. S 30% Aloe Vera a extraktom z div\u00fdch ru\u017e\u00ed na mierne a \u00fa\u010dinn\u00e9 \u010distenie tv\u00e1re, krku a o\u010d\u00ed. Nevysu\u0161uje poko\u017eku","breadcrumb":{"@id":"https:\/\/www.lraloeverashop.eu\/sk\/produkt\/aloe-vera-pletove-cistiace-obrusky\/#breadcrumb"},"inLanguage":"sk-SK","potentialAction":[{"@type":"ReadAction","target":["https:\/\/www.lraloeverashop.eu\/sk\/produkt\/aloe-vera-pletove-cistiace-obrusky\/"]}]},{"@type":"ImageObject","inLanguage":"sk-SK","@id":"https:\/\/www.lraloeverashop.eu\/sk\/produkt\/aloe-vera-pletove-cistiace-obrusky\/#primaryimage","url":"https:\/\/www.lraloeverashop.eu\/wp-content\/uploads\/2022\/10\/Lr-Aloe-Vera-Caring-Cleansing-Tissues.jpg","contentUrl":"https:\/\/www.lraloeverashop.eu\/wp-content\/uploads\/2022\/10\/Lr-Aloe-Vera-Caring-Cleansing-Tissues.jpg","width":1200,"height":1200,"caption":"Aloe Vera Ple\u0165ov\u00e9 \u010distiace obr\u00fasky pre mierne a \u00fa\u010dinn\u00e9 \u010distenie tv\u00e1re, krku a o\u010d\u00ed"},{"@type":"BreadcrumbList","@id":"https:\/\/www.lraloeverashop.eu\/sk\/produkt\/aloe-vera-pletove-cistiace-obrusky\/#breadcrumb","itemListElement":[{"@type":"ListItem","position":1,"name":"Home","item":"https:\/\/www.lraloeverashop.eu\/sk\/aloe-vera-obchod-vsetko-pre-vasu-krasu-a-pohodu\/"},{"@type":"ListItem","position":2,"name":"Obchod","item":"https:\/\/www.lraloeverashop.eu\/sk\/obchod\/"},{"@type":"ListItem","position":3,"name":"Aloe Vera Ple\u0165ov\u00e9 \u010distiace obr\u00fasky"}]},{"@type":"WebSite","@id":"https:\/\/www.lraloeverashop.eu\/sk\/#website","url":"https:\/\/www.lraloeverashop.eu\/sk\/","name":"Lr Obchod Aloe Vera","description":"High Quality Lr Aloe Vera Gel, Aloe Vera Cream and Shampoo","publisher":{"@id":"https:\/\/www.lraloeverashop.eu\/sk\/#organization"},"alternateName":"LR","potentialAction":[{"@type":"SearchAction","target":{"@type":"EntryPoint","urlTemplate":"https:\/\/www.lraloeverashop.eu\/sk\/?s={search_term_string}"},"query-input":{"@type":"PropertyValueSpecification","valueRequired":true,"valueName":"search_term_string"}}],"inLanguage":"sk-SK"},{"@type":"Organization","@id":"https:\/\/www.lraloeverashop.eu\/sk\/#organization","name":"Lr Obchod Aloe Vera","alternateName":"LR","url":"https:\/\/www.lraloeverashop.eu\/sk\/","logo":{"@type":"ImageObject","inLanguage":"sk-SK","@id":"https:\/\/www.lraloeverashop.eu\/sk\/#\/schema\/logo\/image\/","url":"https:\/\/www.lraloeverashop.eu\/wp-content\/uploads\/2022\/09\/cropped-Lr-Aloe-Vera-Shop.jpg","contentUrl":"https:\/\/www.lraloeverashop.eu\/wp-content\/uploads\/2022\/09\/cropped-Lr-Aloe-Vera-Shop.jpg","width":228,"height":76,"caption":"Lr Obchod Aloe Vera"},"image":{"@id":"https:\/\/www.lraloeverashop.eu\/sk\/#\/schema\/logo\/image\/"},"sameAs":["https:\/\/www.facebook.com\/lraloeverashop.eu","https:\/\/x.com\/natur__kosmetik","https:\/\/www.youtube.com\/channel\/UC5oN7BJ8nfYb8RpVtjwDEBA","https:\/\/www.instagram.com\/lrbeautyeu\/"],"description":"Obchod Lr Aloe Vera je va\u0161\u00edm d\u00f4veryhodn\u00fdm miestom pre pr\u00e9miov\u00e9 produkty LR Health & Beauty vyroben\u00e9 v Nemecku. Pon\u00fakame vysokokvalitn\u00e9 rie\u0161enia starostlivosti o ple\u0165 s Aloe Vera, v\u00fd\u017eivu a proti starnutiu, vyroben\u00e9 z \u010dist\u00fdch ingredienci\u00ed a podlo\u017een\u00e9 vedeck\u00fdm v\u00fdskumom. Objavte pr\u00edrodn\u00fa starostlivos\u0165, ktor\u00e1 regeneruje, chr\u00e1ni a revitalizuje va\u0161u ple\u0165 \u2013 a vyu\u017eite exkluz\u00edvne mesa\u010dn\u00e9 ponuky na na\u0161e najpred\u00e1vanej\u0161ie produkty LR Aloe Vera.\nZa\u010dnite svoju cestu za pr\u00edrodnou starostlivos\u0165ou o ple\u0165 e\u0161te dnes a poc\u00ed\u0165te rozdiel.","email":"info@lraloeverashop.eu","telephone":"+49 17670609653","legalName":"Lr Aloe Vera Shop","foundingDate":"2018-04-21","numberOfEmployees":{"@type":"QuantitativeValue","minValue":"1","maxValue":"10"}}]},"product_price_amount":"6.99","product_price_currency":"EUR","og_availability":"instock","product_availability":"instock","product_retailer_item_id":"20672-201SK","product_condition":"new"},"taxonomy_info":{"product_cat":[{"value":216,"label":"Aloe Vera"},{"value":241,"label":"Starostlivos\u0165 o tv\u00e1r"}],"product_tag":[{"value":680,"label":"na \u010distenie tv\u00e1re"}]},"featured_image_src_large":["https:\/\/www.lraloeverashop.eu\/wp-content\/uploads\/2022\/10\/Lr-Aloe-Vera-Caring-Cleansing-Tissues-1024x1024.jpg",1024,1024,true],"author_info":[],"comment_info":0,"_links":{"self":[{"href":"https:\/\/www.lraloeverashop.eu\/sk\/wp-json\/wp\/v2\/product\/10303","targetHints":{"allow":["GET"]}}],"collection":[{"href":"https:\/\/www.lraloeverashop.eu\/sk\/wp-json\/wp\/v2\/product"}],"about":[{"href":"https:\/\/www.lraloeverashop.eu\/sk\/wp-json\/wp\/v2\/types\/product"}],"replies":[{"embeddable":true,"href":"https:\/\/www.lraloeverashop.eu\/sk\/wp-json\/wp\/v2\/comments?post=10303"}],"wp:featuredmedia":[{"embeddable":true,"href":"https:\/\/www.lraloeverashop.eu\/sk\/wp-json\/wp\/v2\/media\/4972"}],"wp:attachment":[{"href":"https:\/\/www.lraloeverashop.eu\/sk\/wp-json\/wp\/v2\/media?parent=10303"}],"wp:term":[{"taxonomy":"product_brand","embeddable":true,"href":"https:\/\/www.lraloeverashop.eu\/sk\/wp-json\/wp\/v2\/product_brand?post=10303"},{"taxonomy":"product_cat","embeddable":true,"href":"https:\/\/www.lraloeverashop.eu\/sk\/wp-json\/wp\/v2\/product_cat?post=10303"},{"taxonomy":"product_tag","embeddable":true,"href":"https:\/\/www.lraloeverashop.eu\/sk\/wp-json\/wp\/v2\/product_tag?post=10303"}],"curies":[{"name":"wp","href":"https:\/\/api.w.org\/{rel}","templated":true}]}}