{"id":10287,"date":"2022-10-11T11:33:14","date_gmt":"2022-10-11T09:33:14","guid":{"rendered":"https:\/\/www.lraloeverashop.eu\/product\/detska-zubna-pasta-aloe-vera\/"},"modified":"2025-12-15T09:38:22","modified_gmt":"2025-12-15T08:38:22","slug":"detska-zubna-pasta-aloe-vera","status":"publish","type":"product","link":"https:\/\/www.lraloeverashop.eu\/sk\/produkt\/detska-zubna-pasta-aloe-vera\/","title":{"rendered":"Detska Zubna Pasta Aloe Vera"},"content":{"rendered":"<h2><strong><span style=\"font-size: 16pt;\">Detska Zubna Pasta Aloe Vera<\/span><\/strong><\/h2>\n<p><strong><span style=\"font-size: 14pt;\">Detska Zubna Pasta Aloe Vera &#8211; zuby siln\u00e9 ako tiger! <\/span><\/strong><\/p>\n<p>Aloe Vera zubna pasta pre deti d\u00f4kladne vy\u010dist\u00ed mlie\u010dne z\u00fabky, xylitol chr\u00e1ni pred zubn\u00fdm kazom a v\u00e1pnik posil\u0148uje zubn\u00fa sklovinu &#8211; pre siln\u00e9 a odoln\u00e9 detsk\u00e9 zuby ako tigr\u00edk. S obsahom <a href=\"https:\/\/www.lraloeverashop.eu\/sk\/produkt\/aloe-vera-ochranna-zubna-pasta\/\">fluoridov<\/a> vhodn\u00fdm pre deti a \u013eahkou m\u00e4tovou chu\u0165ou. Nielen\u017ee s\u00fa zuby \u010disten\u00e9 sp\u00f4sobom priate\u013esk\u00fdm k <a href=\"https:\/\/www.lraloeverashop.eu\/sk\/produkt\/aloe-vera-set-pre-deti\/\">de\u0165om<\/a>, ale um\u00fdvanie zubov je tie\u017e naozaj z\u00e1bavn\u00e9!<\/p>\n<p>&nbsp;<\/p>\n<h3><span style=\"font-size: 16pt;\"><strong>Ako pou\u017e\u00edva\u0165<\/strong><\/span><\/h3>\n<p>Ke\u010f sa objavia prv\u00e9 mlie\u010dne z\u00fabky, naneste na vlhk\u00fa zubn\u00fa kefku de\u0165om z Aloe Vera Detskej Zubnej Pasty o ve\u013ekosti hr\u00e1\u0161ku, umyte im zubky a dobre vypl\u00e1chnite \u00fasta. Pou\u017e\u00edvajte dvakr\u00e1t denne od 2 rokov.<\/p>\n<p>Aby sa deti vyhli nadmern\u00e9mu preh\u013ataniu, musia sa \u010distit zubky len pod doh\u013eadom.<\/p>\n<p>Nav\u0161t\u00edvte na\u0161u kateg\u00f3riu <a href=\"https:\/\/www.lraloeverashop.eu\/sk\/kategoria-produktu\/aloe-vera-sk\/starostlivost-o-dieta\/\">Starostlivosti o die\u0165a<\/a><\/p>\n","protected":false},"excerpt":{"rendered":"<ul>\n<li>Jemn\u00e9 \u010distenie a starostlivos\u0165 o mlie\u010dne zuby<\/li>\n<li>38% aloe vera lie\u010di \u010fasn\u00e1<\/li>\n<li>Xylitol chr\u00e1ni pred zubn\u00fdm kazom a v\u00e1pnik posil\u0148uje zubn\u00fa sklovinu<\/li>\n<li>S obsahom fluoridov vhodn\u00fdm pre deti a \u013eahkou m\u00e4tovou chu\u0165ou<\/li>\n<li>V\u010faka trblietavej g\u00e9lovej text\u00fare je \u010distenie zubov skuto\u010dn\u00fdm z\u00e1\u017eitkom<\/li>\n<\/ul>\n<p>&nbsp;<\/p>\n","protected":false},"featured_media":5038,"comment_status":"open","ping_status":"closed","template":"","meta":{"_kad_blocks_custom_css":"","_kad_blocks_head_custom_js":"","_kad_blocks_body_custom_js":"","_kad_blocks_footer_custom_js":"","_kadence_starter_templates_imported_post":false,"_kad_post_transparent":"default","_kad_post_title":"","_kad_post_layout":"default","_kad_post_sidebar_id":"","_kad_post_content_style":"default","_kad_post_vertical_padding":"default","_kad_post_feature":"","_kad_post_feature_position":"","_kad_post_header":false,"_kad_post_footer":false,"_kad_post_classname":""},"product_brand":[],"product_cat":[216,222],"product_tag":[],"class_list":{"0":"post-10287","1":"product","2":"type-product","3":"status-publish","4":"has-post-thumbnail","6":"product_cat-aloe-vera-sk","7":"product_cat-starostlivost-o-dieta","9":"first","10":"outofstock","11":"taxable","12":"shipping-taxable","13":"purchasable","14":"product-type-simple","15":"entry","16":"content-bg","17":"loop-entry"},"yoast_head":"<!-- This site is optimized with the Yoast SEO Premium plugin v27.4 (Yoast SEO v27.4) - https:\/\/yoast.com\/product\/yoast-seo-premium-wordpress\/ -->\n<title>Detska Zubna Pasta Aloe Vera - zuby siln\u00e9 ako tiger!<\/title>\n<meta name=\"description\" content=\"Detska Zubna Pasta Aloe Vera na Jemn\u00e9 \u010distenie a starostlivos\u0165 o mlie\u010dne zuby. Xylitol chr\u00e1ni pred zubn\u00fdm kazom a v\u00e1pnik posil\u0148uje zubn\u00fa sklovinu.\" \/>\n<meta name=\"robots\" content=\"index, follow, max-snippet:-1, max-image-preview:large, max-video-preview:-1\" \/>\n<link rel=\"canonical\" href=\"https:\/\/www.lraloeverashop.eu\/sk\/produkt\/detska-zubna-pasta-aloe-vera\/\" \/>\n<meta property=\"og:locale\" content=\"sk_SK\" \/>\n<meta property=\"og:type\" content=\"article\" \/>\n<meta property=\"og:title\" content=\"Detska Zubna Pasta Aloe Vera\" \/>\n<meta property=\"og:description\" content=\"Detska Zubna Pasta Aloe Vera na Jemn\u00e9 \u010distenie a starostlivos\u0165 o mlie\u010dne zuby. Xylitol chr\u00e1ni pred zubn\u00fdm kazom a v\u00e1pnik posil\u0148uje zubn\u00fa sklovinu.\" \/>\n<meta property=\"og:url\" content=\"https:\/\/www.lraloeverashop.eu\/sk\/produkt\/detska-zubna-pasta-aloe-vera\/\" \/>\n<meta property=\"og:site_name\" content=\"Lr Obchod Aloe Vera\" \/>\n<meta property=\"article:publisher\" content=\"https:\/\/www.facebook.com\/lraloeverashop.eu\" \/>\n<meta property=\"article:modified_time\" content=\"2025-12-15T08:38:22+00:00\" \/>\n<meta property=\"og:image\" content=\"https:\/\/www.lraloeverashop.eu\/wp-content\/uploads\/2022\/10\/Aloe-Vera-tooth-gel-for-kids.jpg\" \/>\n\t<meta property=\"og:image:width\" content=\"1200\" \/>\n\t<meta property=\"og:image:height\" content=\"1200\" \/>\n\t<meta property=\"og:image:type\" content=\"image\/jpeg\" \/>\n<meta name=\"twitter:card\" content=\"summary_large_image\" \/>\n<meta name=\"twitter:site\" content=\"@natur__kosmetik\" \/>\n<script type=\"application\/ld+json\" class=\"yoast-schema-graph\">{\"@context\":\"https:\\\/\\\/schema.org\",\"@graph\":[{\"@type\":[\"WebPage\",\"ItemPage\"],\"@id\":\"https:\\\/\\\/www.lraloeverashop.eu\\\/sk\\\/produkt\\\/detska-zubna-pasta-aloe-vera\\\/\",\"url\":\"https:\\\/\\\/www.lraloeverashop.eu\\\/sk\\\/produkt\\\/detska-zubna-pasta-aloe-vera\\\/\",\"name\":\"Detska Zubna Pasta Aloe Vera - zuby siln\u00e9 ako tiger!\",\"isPartOf\":{\"@id\":\"https:\\\/\\\/www.lraloeverashop.eu\\\/sk\\\/#website\"},\"primaryImageOfPage\":{\"@id\":\"https:\\\/\\\/www.lraloeverashop.eu\\\/sk\\\/produkt\\\/detska-zubna-pasta-aloe-vera\\\/#primaryimage\"},\"image\":{\"@id\":\"https:\\\/\\\/www.lraloeverashop.eu\\\/sk\\\/produkt\\\/detska-zubna-pasta-aloe-vera\\\/#primaryimage\"},\"thumbnailUrl\":\"https:\\\/\\\/www.lraloeverashop.eu\\\/wp-content\\\/uploads\\\/2022\\\/10\\\/Aloe-Vera-tooth-gel-for-kids.jpg\",\"datePublished\":\"2022-10-11T09:33:14+00:00\",\"dateModified\":\"2025-12-15T08:38:22+00:00\",\"description\":\"Detska Zubna Pasta Aloe Vera na Jemn\u00e9 \u010distenie a starostlivos\u0165 o mlie\u010dne zuby. Xylitol chr\u00e1ni pred zubn\u00fdm kazom a v\u00e1pnik posil\u0148uje zubn\u00fa sklovinu.\",\"breadcrumb\":{\"@id\":\"https:\\\/\\\/www.lraloeverashop.eu\\\/sk\\\/produkt\\\/detska-zubna-pasta-aloe-vera\\\/#breadcrumb\"},\"inLanguage\":\"sk-SK\",\"potentialAction\":[{\"@type\":\"ReadAction\",\"target\":[\"https:\\\/\\\/www.lraloeverashop.eu\\\/sk\\\/produkt\\\/detska-zubna-pasta-aloe-vera\\\/\"]}]},{\"@type\":\"ImageObject\",\"inLanguage\":\"sk-SK\",\"@id\":\"https:\\\/\\\/www.lraloeverashop.eu\\\/sk\\\/produkt\\\/detska-zubna-pasta-aloe-vera\\\/#primaryimage\",\"url\":\"https:\\\/\\\/www.lraloeverashop.eu\\\/wp-content\\\/uploads\\\/2022\\\/10\\\/Aloe-Vera-tooth-gel-for-kids.jpg\",\"contentUrl\":\"https:\\\/\\\/www.lraloeverashop.eu\\\/wp-content\\\/uploads\\\/2022\\\/10\\\/Aloe-Vera-tooth-gel-for-kids.jpg\",\"width\":1200,\"height\":1200,\"caption\":\"Aloe Vera detsk\u00fd magicky trblietav\u00fd g\u00e9l na zuby\"},{\"@type\":\"BreadcrumbList\",\"@id\":\"https:\\\/\\\/www.lraloeverashop.eu\\\/sk\\\/produkt\\\/detska-zubna-pasta-aloe-vera\\\/#breadcrumb\",\"itemListElement\":[{\"@type\":\"ListItem\",\"position\":1,\"name\":\"Home\",\"item\":\"https:\\\/\\\/www.lraloeverashop.eu\\\/sk\\\/\"},{\"@type\":\"ListItem\",\"position\":2,\"name\":\"Obchod\",\"item\":\"https:\\\/\\\/www.lraloeverashop.eu\\\/shop\\\/\"},{\"@type\":\"ListItem\",\"position\":3,\"name\":\"Detska Zubna Pasta Aloe Vera\"}]},{\"@type\":\"WebSite\",\"@id\":\"https:\\\/\\\/www.lraloeverashop.eu\\\/sk\\\/#website\",\"url\":\"https:\\\/\\\/www.lraloeverashop.eu\\\/sk\\\/\",\"name\":\"Lr Obchod Aloe Vera\",\"description\":\"High Quality Lr Aloe Vera Gel, Aloe Vera Cream and Shampoo\",\"publisher\":{\"@id\":\"https:\\\/\\\/www.lraloeverashop.eu\\\/sk\\\/#organization\"},\"potentialAction\":[{\"@type\":\"SearchAction\",\"target\":{\"@type\":\"EntryPoint\",\"urlTemplate\":\"https:\\\/\\\/www.lraloeverashop.eu\\\/sk\\\/?s={search_term_string}\"},\"query-input\":{\"@type\":\"PropertyValueSpecification\",\"valueRequired\":true,\"valueName\":\"search_term_string\"}}],\"inLanguage\":\"sk-SK\"},{\"@type\":\"Organization\",\"@id\":\"https:\\\/\\\/www.lraloeverashop.eu\\\/sk\\\/#organization\",\"name\":\"Lr Obchod Aloe Vera\",\"alternateName\":\"LR\",\"url\":\"https:\\\/\\\/www.lraloeverashop.eu\\\/sk\\\/\",\"logo\":{\"@type\":\"ImageObject\",\"inLanguage\":\"sk-SK\",\"@id\":\"https:\\\/\\\/www.lraloeverashop.eu\\\/sk\\\/#\\\/schema\\\/logo\\\/image\\\/\",\"url\":\"https:\\\/\\\/www.lraloeverashop.eu\\\/wp-content\\\/uploads\\\/2022\\\/09\\\/cropped-Lr-Aloe-Vera-Shop.jpg\",\"contentUrl\":\"https:\\\/\\\/www.lraloeverashop.eu\\\/wp-content\\\/uploads\\\/2022\\\/09\\\/cropped-Lr-Aloe-Vera-Shop.jpg\",\"width\":228,\"height\":76,\"caption\":\"Lr Obchod Aloe Vera\"},\"image\":{\"@id\":\"https:\\\/\\\/www.lraloeverashop.eu\\\/sk\\\/#\\\/schema\\\/logo\\\/image\\\/\"},\"sameAs\":[\"https:\\\/\\\/www.facebook.com\\\/lraloeverashop.eu\",\"https:\\\/\\\/x.com\\\/natur__kosmetik\",\"https:\\\/\\\/www.youtube.com\\\/channel\\\/UC5oN7BJ8nfYb8RpVtjwDEBA\",\"https:\\\/\\\/www.instagram.com\\\/lrbeautyeu\\\/\"],\"description\":\"Obchod Lr Aloe Vera je va\u0161\u00edm d\u00f4veryhodn\u00fdm miestom pre pr\u00e9miov\u00e9 produkty LR Health & Beauty vyroben\u00e9 v Nemecku. Pon\u00fakame vysokokvalitn\u00e9 rie\u0161enia starostlivosti o ple\u0165 s Aloe Vera, v\u00fd\u017eivu a proti starnutiu, vyroben\u00e9 z \u010dist\u00fdch ingredienci\u00ed a podlo\u017een\u00e9 vedeck\u00fdm v\u00fdskumom. Objavte pr\u00edrodn\u00fa starostlivos\u0165, ktor\u00e1 regeneruje, chr\u00e1ni a revitalizuje va\u0161u ple\u0165 \u2013 a vyu\u017eite exkluz\u00edvne mesa\u010dn\u00e9 ponuky na na\u0161e najpred\u00e1vanej\u0161ie produkty LR Aloe Vera.\\nZa\u010dnite svoju cestu za pr\u00edrodnou starostlivos\u0165ou o ple\u0165 e\u0161te dnes a poc\u00ed\u0165te rozdiel.\",\"email\":\"info@lraloeverashop.eu\",\"telephone\":\"+49 17670609653\",\"legalName\":\"Lr Aloe Vera Shop\",\"foundingDate\":\"2018-04-21\",\"numberOfEmployees\":{\"@type\":\"QuantitativeValue\",\"minValue\":\"1\",\"maxValue\":\"10\"}}]}<\/script>\n<meta property=\"product:price:amount\" content=\"6.20\" \/>\n<meta property=\"product:price:currency\" content=\"EUR\" \/>\n<meta property=\"og:availability\" content=\"out of stock\" \/>\n<meta property=\"product:availability\" content=\"out of stock\" \/>\n<meta property=\"product:retailer_item_id\" content=\"20329-1SK\" \/>\n<meta property=\"product:condition\" content=\"new\" \/>\n<!-- \/ Yoast SEO Premium plugin. -->","yoast_head_json":{"title":"Detska Zubna Pasta Aloe Vera - zuby siln\u00e9 ako tiger!","description":"Detska Zubna Pasta Aloe Vera na Jemn\u00e9 \u010distenie a starostlivos\u0165 o mlie\u010dne zuby. Xylitol chr\u00e1ni pred zubn\u00fdm kazom a v\u00e1pnik posil\u0148uje zubn\u00fa sklovinu.","robots":{"index":"index","follow":"follow","max-snippet":"max-snippet:-1","max-image-preview":"max-image-preview:large","max-video-preview":"max-video-preview:-1"},"canonical":"https:\/\/www.lraloeverashop.eu\/sk\/produkt\/detska-zubna-pasta-aloe-vera\/","og_locale":"sk_SK","og_type":"article","og_title":"Detska Zubna Pasta Aloe Vera","og_description":"Detska Zubna Pasta Aloe Vera na Jemn\u00e9 \u010distenie a starostlivos\u0165 o mlie\u010dne zuby. Xylitol chr\u00e1ni pred zubn\u00fdm kazom a v\u00e1pnik posil\u0148uje zubn\u00fa sklovinu.","og_url":"https:\/\/www.lraloeverashop.eu\/sk\/produkt\/detska-zubna-pasta-aloe-vera\/","og_site_name":"Lr Obchod Aloe Vera","article_publisher":"https:\/\/www.facebook.com\/lraloeverashop.eu","article_modified_time":"2025-12-15T08:38:22+00:00","og_image":[{"width":1200,"height":1200,"url":"https:\/\/www.lraloeverashop.eu\/wp-content\/uploads\/2022\/10\/Aloe-Vera-tooth-gel-for-kids.jpg","type":"image\/jpeg"}],"twitter_card":"summary_large_image","twitter_site":"@natur__kosmetik","schema":{"@context":"https:\/\/schema.org","@graph":[{"@type":["WebPage","ItemPage"],"@id":"https:\/\/www.lraloeverashop.eu\/sk\/produkt\/detska-zubna-pasta-aloe-vera\/","url":"https:\/\/www.lraloeverashop.eu\/sk\/produkt\/detska-zubna-pasta-aloe-vera\/","name":"Detska Zubna Pasta Aloe Vera - zuby siln\u00e9 ako tiger!","isPartOf":{"@id":"https:\/\/www.lraloeverashop.eu\/sk\/#website"},"primaryImageOfPage":{"@id":"https:\/\/www.lraloeverashop.eu\/sk\/produkt\/detska-zubna-pasta-aloe-vera\/#primaryimage"},"image":{"@id":"https:\/\/www.lraloeverashop.eu\/sk\/produkt\/detska-zubna-pasta-aloe-vera\/#primaryimage"},"thumbnailUrl":"https:\/\/www.lraloeverashop.eu\/wp-content\/uploads\/2022\/10\/Aloe-Vera-tooth-gel-for-kids.jpg","datePublished":"2022-10-11T09:33:14+00:00","dateModified":"2025-12-15T08:38:22+00:00","description":"Detska Zubna Pasta Aloe Vera na Jemn\u00e9 \u010distenie a starostlivos\u0165 o mlie\u010dne zuby. Xylitol chr\u00e1ni pred zubn\u00fdm kazom a v\u00e1pnik posil\u0148uje zubn\u00fa sklovinu.","breadcrumb":{"@id":"https:\/\/www.lraloeverashop.eu\/sk\/produkt\/detska-zubna-pasta-aloe-vera\/#breadcrumb"},"inLanguage":"sk-SK","potentialAction":[{"@type":"ReadAction","target":["https:\/\/www.lraloeverashop.eu\/sk\/produkt\/detska-zubna-pasta-aloe-vera\/"]}]},{"@type":"ImageObject","inLanguage":"sk-SK","@id":"https:\/\/www.lraloeverashop.eu\/sk\/produkt\/detska-zubna-pasta-aloe-vera\/#primaryimage","url":"https:\/\/www.lraloeverashop.eu\/wp-content\/uploads\/2022\/10\/Aloe-Vera-tooth-gel-for-kids.jpg","contentUrl":"https:\/\/www.lraloeverashop.eu\/wp-content\/uploads\/2022\/10\/Aloe-Vera-tooth-gel-for-kids.jpg","width":1200,"height":1200,"caption":"Aloe Vera detsk\u00fd magicky trblietav\u00fd g\u00e9l na zuby"},{"@type":"BreadcrumbList","@id":"https:\/\/www.lraloeverashop.eu\/sk\/produkt\/detska-zubna-pasta-aloe-vera\/#breadcrumb","itemListElement":[{"@type":"ListItem","position":1,"name":"Home","item":"https:\/\/www.lraloeverashop.eu\/sk\/"},{"@type":"ListItem","position":2,"name":"Obchod","item":"https:\/\/www.lraloeverashop.eu\/shop\/"},{"@type":"ListItem","position":3,"name":"Detska Zubna Pasta Aloe Vera"}]},{"@type":"WebSite","@id":"https:\/\/www.lraloeverashop.eu\/sk\/#website","url":"https:\/\/www.lraloeverashop.eu\/sk\/","name":"Lr Obchod Aloe Vera","description":"High Quality Lr Aloe Vera Gel, Aloe Vera Cream and Shampoo","publisher":{"@id":"https:\/\/www.lraloeverashop.eu\/sk\/#organization"},"potentialAction":[{"@type":"SearchAction","target":{"@type":"EntryPoint","urlTemplate":"https:\/\/www.lraloeverashop.eu\/sk\/?s={search_term_string}"},"query-input":{"@type":"PropertyValueSpecification","valueRequired":true,"valueName":"search_term_string"}}],"inLanguage":"sk-SK"},{"@type":"Organization","@id":"https:\/\/www.lraloeverashop.eu\/sk\/#organization","name":"Lr Obchod Aloe Vera","alternateName":"LR","url":"https:\/\/www.lraloeverashop.eu\/sk\/","logo":{"@type":"ImageObject","inLanguage":"sk-SK","@id":"https:\/\/www.lraloeverashop.eu\/sk\/#\/schema\/logo\/image\/","url":"https:\/\/www.lraloeverashop.eu\/wp-content\/uploads\/2022\/09\/cropped-Lr-Aloe-Vera-Shop.jpg","contentUrl":"https:\/\/www.lraloeverashop.eu\/wp-content\/uploads\/2022\/09\/cropped-Lr-Aloe-Vera-Shop.jpg","width":228,"height":76,"caption":"Lr Obchod Aloe Vera"},"image":{"@id":"https:\/\/www.lraloeverashop.eu\/sk\/#\/schema\/logo\/image\/"},"sameAs":["https:\/\/www.facebook.com\/lraloeverashop.eu","https:\/\/x.com\/natur__kosmetik","https:\/\/www.youtube.com\/channel\/UC5oN7BJ8nfYb8RpVtjwDEBA","https:\/\/www.instagram.com\/lrbeautyeu\/"],"description":"Obchod Lr Aloe Vera je va\u0161\u00edm d\u00f4veryhodn\u00fdm miestom pre pr\u00e9miov\u00e9 produkty LR Health & Beauty vyroben\u00e9 v Nemecku. Pon\u00fakame vysokokvalitn\u00e9 rie\u0161enia starostlivosti o ple\u0165 s Aloe Vera, v\u00fd\u017eivu a proti starnutiu, vyroben\u00e9 z \u010dist\u00fdch ingredienci\u00ed a podlo\u017een\u00e9 vedeck\u00fdm v\u00fdskumom. Objavte pr\u00edrodn\u00fa starostlivos\u0165, ktor\u00e1 regeneruje, chr\u00e1ni a revitalizuje va\u0161u ple\u0165 \u2013 a vyu\u017eite exkluz\u00edvne mesa\u010dn\u00e9 ponuky na na\u0161e najpred\u00e1vanej\u0161ie produkty LR Aloe Vera.\nZa\u010dnite svoju cestu za pr\u00edrodnou starostlivos\u0165ou o ple\u0165 e\u0161te dnes a poc\u00ed\u0165te rozdiel.","email":"info@lraloeverashop.eu","telephone":"+49 17670609653","legalName":"Lr Aloe Vera Shop","foundingDate":"2018-04-21","numberOfEmployees":{"@type":"QuantitativeValue","minValue":"1","maxValue":"10"}}]},"product_price_amount":"6.20","product_price_currency":"EUR","og_availability":"out of stock","product_availability":"out of stock","product_retailer_item_id":"20329-1SK","product_condition":"new"},"taxonomy_info":{"product_cat":[{"value":216,"label":"Aloe Vera"},{"value":222,"label":"Starostlivos\u0165 o die\u0165a"}]},"featured_image_src_large":["https:\/\/www.lraloeverashop.eu\/wp-content\/uploads\/2022\/10\/Aloe-Vera-tooth-gel-for-kids-1024x1024.jpg",1024,1024,true],"author_info":[],"comment_info":0,"_links":{"self":[{"href":"https:\/\/www.lraloeverashop.eu\/sk\/wp-json\/wp\/v2\/product\/10287","targetHints":{"allow":["GET"]}}],"collection":[{"href":"https:\/\/www.lraloeverashop.eu\/sk\/wp-json\/wp\/v2\/product"}],"about":[{"href":"https:\/\/www.lraloeverashop.eu\/sk\/wp-json\/wp\/v2\/types\/product"}],"replies":[{"embeddable":true,"href":"https:\/\/www.lraloeverashop.eu\/sk\/wp-json\/wp\/v2\/comments?post=10287"}],"wp:featuredmedia":[{"embeddable":true,"href":"https:\/\/www.lraloeverashop.eu\/sk\/wp-json\/wp\/v2\/media\/5038"}],"wp:attachment":[{"href":"https:\/\/www.lraloeverashop.eu\/sk\/wp-json\/wp\/v2\/media?parent=10287"}],"wp:term":[{"taxonomy":"product_brand","embeddable":true,"href":"https:\/\/www.lraloeverashop.eu\/sk\/wp-json\/wp\/v2\/product_brand?post=10287"},{"taxonomy":"product_cat","embeddable":true,"href":"https:\/\/www.lraloeverashop.eu\/sk\/wp-json\/wp\/v2\/product_cat?post=10287"},{"taxonomy":"product_tag","embeddable":true,"href":"https:\/\/www.lraloeverashop.eu\/sk\/wp-json\/wp\/v2\/product_tag?post=10287"}],"curies":[{"name":"wp","href":"https:\/\/api.w.org\/{rel}","templated":true}]}}