{"id":10261,"date":"2022-10-11T11:40:01","date_gmt":"2022-10-11T09:40:01","guid":{"rendered":"https:\/\/www.lraloeverashop.eu\/product\/aloe-vera-detsky-jemny-krem-na-tvar-a-telo\/"},"modified":"2025-12-15T09:37:25","modified_gmt":"2025-12-15T08:37:25","slug":"aloe-vera-detsky-jemny-krem-na-tvar-a-telo","status":"publish","type":"product","link":"https:\/\/www.lraloeverashop.eu\/sk\/produkt\/aloe-vera-detsky-jemny-krem-na-tvar-a-telo\/","title":{"rendered":"Detsky Krem na Tvar a Telo Aloe Vera"},"content":{"rendered":"<h2><span style=\"font-size: 16pt;\"><strong>Detsk\u00fd Krem na Tvar a Telo Aloe Vera<\/strong><\/span><\/h2>\n<p><span style=\"font-size: 14pt;\"><strong>Detsk\u00fd Krem na Tvar a Telo Aloe Vera pre citliv\u00fa poko\u017eku<\/strong><\/span><\/p>\n<p>Detsk\u00e1 ko\u017ea je citlivej\u0161ia ako ko\u017ea dospel\u00fdch. Potrebuje <a href=\"https:\/\/www.lraloeverashop.eu\/sk\/produkt\/lr-aloe-vera-detska-sada\/\">mimoriadnu starostlivos\u0165<\/a>, aby bola jemn\u00e1 a odoln\u00e1. Lr Aloe Vera\u00a0Detsk\u00fd Jemn\u00fd kr\u00e9m na tv\u00e1r a telo so 40% Aloe Vera, organick\u00fd extrakt z necht\u00edka a panthenolu dod\u00e1va poko\u017eke vlhkos\u0165 a podporuje prirodzen\u00fa bari\u00e9ru poko\u017eky.<\/p>\n<p>&nbsp;<\/p>\n<h3><strong><span style=\"font-size: 16pt;\">Ako pou\u017eiva\u0165 kr\u00e9m na Tvar<\/span><\/strong><\/h3>\n<p>Aplikujte Aloe Vera\u00a0Detsk\u00fd Jemn\u00fd kr\u00e9m na tv\u00e1r a telo denne pod\u013ea potrieb die\u0165a\u0165a jemn\u00fdm mas\u00edrovan\u00edm do poko\u017eky.<\/p>\n<p>&nbsp;<\/p>\n<h4><span style=\"font-size: 16pt;\">Vedeli ste?<\/span><\/h4>\n<p><strong>Aloe Vera<\/strong><br \/>\nAloe Vera je p\u00fa\u0161tna \u013ealia a je zn\u00e1ma ako \u201ev\u0161eliek\u201c na vn\u00fatorn\u00e9 aj vonkaj\u0161ie pou\u017eitie. Napr\u00edklad pre ich zn\u00e1me pozit\u00edvne vlastnosti. Jeho schopnos\u0165 ve\u013emi dobre zadr\u017eiava\u0165 vodu, ako aj jeho mimoriadne pozit\u00edvny vplyv na organizmus, je z\u00e1kladom mnoh\u00fdch produktov LR. Spolo\u010dnos\u0165 LR na svoju v\u00fdrobu pou\u017e\u00edva iba Aloe Vera Barbadensis Miller.<br \/>\nSvoje \u201eschopnosti\u201c dok\u00e1zala u\u017e v skor\u00fdch dob\u00e1ch: Nefertiti a Kleopatra \u00fadajne pou\u017e\u00edvali pastu z aloe na starostlivos\u0165 o poko\u017eku a kr\u00e1su.<\/p>\n<p><strong>Necht\u00edk<\/strong><br \/>\nNecht\u00edk lek\u00e1rsky je necht\u00edk oby\u010dajn\u00fd v celej strednej a ju\u017enej Eur\u00f3pe, z\u00e1padnej \u00c1zii a Spojen\u00fdch \u0161t\u00e1toch. Jeho plody s\u00fa polmesiacovit\u00e9 a\u017e prstencovit\u00e9 &#8211; odtia\u013e poch\u00e1dza aj n\u00e1zov \u201enecht\u00edk\u201c.<br \/>\nNecht\u00edk sa na podporu poko\u017eky pou\u017e\u00edva u\u017e od staroveku. Ich \u00fa\u010dinok je r\u00f4zny. Pri vn\u00fatornom pou\u017eit\u00ed m\u00f4\u017ee p\u00f4sobi\u0165 upokojuj\u00faco, relaxa\u010dne a vitalizuj\u00faco. Pri externom pou\u017eit\u00ed sa necht\u00edk nach\u00e1dza v kr\u00e9moch, olejoch alebo tinkt\u00farach a m\u00f4\u017ee sa pou\u017ei\u0165 na r\u00f4zne <a href=\"https:\/\/www.lraloeverashop.eu\/sk\/produkt\/aloe-vera-detsky-jemny-ochranny-krem\/\">podr\u00e1\u017edenia poko\u017eky<\/a>.<\/p>\n","protected":false},"excerpt":{"rendered":"<ul>\n<li>Mimoriadne jemn\u00fd, \u013eahk\u00fd kr\u00e9m pre citliv\u00fa poko\u017eku<\/li>\n<li>Obsahuje 40% Aloe Vera g\u00e9lu, extrakt z organick\u00e9ho necht\u00edka a pantenol<\/li>\n<li>Podporuje ko\u017en\u00fa vrstvu a chr\u00e1ni pred stratou vlhkosti<\/li>\n<li>Zvlh\u010duje, vy\u017eivuje a upokojuje<\/li>\n<li>Bez parfumu<\/li>\n<li>Obsah: 100 ml<\/li>\n<\/ul>\n<p>&nbsp;<\/p>\n","protected":false},"featured_media":5056,"comment_status":"open","ping_status":"closed","template":"","meta":{"_kad_blocks_custom_css":"","_kad_blocks_head_custom_js":"","_kad_blocks_body_custom_js":"","_kad_blocks_footer_custom_js":"","_kadence_starter_templates_imported_post":false,"_kad_post_transparent":"default","_kad_post_title":"","_kad_post_layout":"default","_kad_post_sidebar_id":"","_kad_post_content_style":"default","_kad_post_vertical_padding":"default","_kad_post_feature":"","_kad_post_feature_position":"","_kad_post_header":false,"_kad_post_footer":false,"_kad_post_classname":""},"product_brand":[],"product_cat":[216,222],"product_tag":[],"class_list":{"0":"post-10261","1":"product","2":"type-product","3":"status-publish","4":"has-post-thumbnail","6":"product_cat-aloe-vera-sk","7":"product_cat-starostlivost-o-dieta","9":"first","10":"outofstock","11":"taxable","12":"shipping-taxable","13":"purchasable","14":"product-type-simple","15":"entry","16":"content-bg","17":"loop-entry"},"yoast_head":"<!-- This site is optimized with the Yoast SEO Premium plugin v27.4 (Yoast SEO v27.4) - https:\/\/yoast.com\/product\/yoast-seo-premium-wordpress\/ -->\n<title>Detsk\u00fd Krem na Tvar a Telo Aloe Vera pre citliv\u00fa poko\u017eku<\/title>\n<meta name=\"description\" content=\"Detsk\u00fd Jemn\u00fd krem na tvar a telo so 40% Aloe Vera, organick\u00fd extrakt z necht\u00edka a panthenolu dod\u00e1va poko\u017eke vlhkos\u0165 a podporuje prirodzen\u00fa bari\u00e9ru poko\u017eky.\" \/>\n<meta name=\"robots\" content=\"index, follow, max-snippet:-1, max-image-preview:large, max-video-preview:-1\" \/>\n<link rel=\"canonical\" href=\"https:\/\/www.lraloeverashop.eu\/sk\/produkt\/aloe-vera-detsky-jemny-krem-na-tvar-a-telo\/\" \/>\n<meta property=\"og:locale\" content=\"sk_SK\" \/>\n<meta property=\"og:type\" content=\"article\" \/>\n<meta property=\"og:title\" content=\"Detsky Krem na Tvar a Telo Aloe Vera\" \/>\n<meta property=\"og:description\" content=\"Detsk\u00fd Jemn\u00fd krem na tvar a telo so 40% Aloe Vera, organick\u00fd extrakt z necht\u00edka a panthenolu dod\u00e1va poko\u017eke vlhkos\u0165 a podporuje prirodzen\u00fa bari\u00e9ru poko\u017eky.\" \/>\n<meta property=\"og:url\" content=\"https:\/\/www.lraloeverashop.eu\/sk\/produkt\/aloe-vera-detsky-jemny-krem-na-tvar-a-telo\/\" \/>\n<meta property=\"og:site_name\" content=\"Lr Obchod Aloe Vera\" \/>\n<meta property=\"article:publisher\" content=\"https:\/\/www.facebook.com\/lraloeverashop.eu\" \/>\n<meta property=\"article:modified_time\" content=\"2025-12-15T08:37:25+00:00\" \/>\n<meta property=\"og:image\" content=\"https:\/\/www.lraloeverashop.eu\/wp-content\/uploads\/2022\/10\/Lr-baby-face-body-lotion.jpg\" \/>\n\t<meta property=\"og:image:width\" content=\"1200\" \/>\n\t<meta property=\"og:image:height\" content=\"1200\" \/>\n\t<meta property=\"og:image:type\" content=\"image\/jpeg\" \/>\n<meta name=\"twitter:card\" content=\"summary_large_image\" \/>\n<meta name=\"twitter:site\" content=\"@natur__kosmetik\" \/>\n<script type=\"application\/ld+json\" class=\"yoast-schema-graph\">{\"@context\":\"https:\\\/\\\/schema.org\",\"@graph\":[{\"@type\":[\"WebPage\",\"ItemPage\"],\"@id\":\"https:\\\/\\\/www.lraloeverashop.eu\\\/sk\\\/produkt\\\/aloe-vera-detsky-jemny-krem-na-tvar-a-telo\\\/\",\"url\":\"https:\\\/\\\/www.lraloeverashop.eu\\\/sk\\\/produkt\\\/aloe-vera-detsky-jemny-krem-na-tvar-a-telo\\\/\",\"name\":\"Detsk\u00fd Krem na Tvar a Telo Aloe Vera pre citliv\u00fa poko\u017eku\",\"isPartOf\":{\"@id\":\"https:\\\/\\\/www.lraloeverashop.eu\\\/sk\\\/#website\"},\"primaryImageOfPage\":{\"@id\":\"https:\\\/\\\/www.lraloeverashop.eu\\\/sk\\\/produkt\\\/aloe-vera-detsky-jemny-krem-na-tvar-a-telo\\\/#primaryimage\"},\"image\":{\"@id\":\"https:\\\/\\\/www.lraloeverashop.eu\\\/sk\\\/produkt\\\/aloe-vera-detsky-jemny-krem-na-tvar-a-telo\\\/#primaryimage\"},\"thumbnailUrl\":\"https:\\\/\\\/www.lraloeverashop.eu\\\/wp-content\\\/uploads\\\/2022\\\/10\\\/Lr-baby-face-body-lotion.jpg\",\"datePublished\":\"2022-10-11T09:40:01+00:00\",\"dateModified\":\"2025-12-15T08:37:25+00:00\",\"description\":\"Detsk\u00fd Jemn\u00fd krem na tvar a telo so 40% Aloe Vera, organick\u00fd extrakt z necht\u00edka a panthenolu dod\u00e1va poko\u017eke vlhkos\u0165 a podporuje prirodzen\u00fa bari\u00e9ru poko\u017eky.\",\"breadcrumb\":{\"@id\":\"https:\\\/\\\/www.lraloeverashop.eu\\\/sk\\\/produkt\\\/aloe-vera-detsky-jemny-krem-na-tvar-a-telo\\\/#breadcrumb\"},\"inLanguage\":\"sk-SK\",\"potentialAction\":[{\"@type\":\"ReadAction\",\"target\":[\"https:\\\/\\\/www.lraloeverashop.eu\\\/sk\\\/produkt\\\/aloe-vera-detsky-jemny-krem-na-tvar-a-telo\\\/\"]}]},{\"@type\":\"ImageObject\",\"inLanguage\":\"sk-SK\",\"@id\":\"https:\\\/\\\/www.lraloeverashop.eu\\\/sk\\\/produkt\\\/aloe-vera-detsky-jemny-krem-na-tvar-a-telo\\\/#primaryimage\",\"url\":\"https:\\\/\\\/www.lraloeverashop.eu\\\/wp-content\\\/uploads\\\/2022\\\/10\\\/Lr-baby-face-body-lotion.jpg\",\"contentUrl\":\"https:\\\/\\\/www.lraloeverashop.eu\\\/wp-content\\\/uploads\\\/2022\\\/10\\\/Lr-baby-face-body-lotion.jpg\",\"width\":1200,\"height\":1200,\"caption\":\"Lr Detsk\u00fd Jemn\u00fd kr\u00e9m na tv\u00e1r a telo zvlh\u010duje, vy\u017eivuje a upokojuje\"},{\"@type\":\"BreadcrumbList\",\"@id\":\"https:\\\/\\\/www.lraloeverashop.eu\\\/sk\\\/produkt\\\/aloe-vera-detsky-jemny-krem-na-tvar-a-telo\\\/#breadcrumb\",\"itemListElement\":[{\"@type\":\"ListItem\",\"position\":1,\"name\":\"Home\",\"item\":\"https:\\\/\\\/www.lraloeverashop.eu\\\/sk\\\/\"},{\"@type\":\"ListItem\",\"position\":2,\"name\":\"Obchod\",\"item\":\"https:\\\/\\\/www.lraloeverashop.eu\\\/shop\\\/\"},{\"@type\":\"ListItem\",\"position\":3,\"name\":\"Detsky Krem na Tvar a Telo Aloe Vera\"}]},{\"@type\":\"WebSite\",\"@id\":\"https:\\\/\\\/www.lraloeverashop.eu\\\/sk\\\/#website\",\"url\":\"https:\\\/\\\/www.lraloeverashop.eu\\\/sk\\\/\",\"name\":\"Lr Obchod Aloe Vera\",\"description\":\"High Quality Lr Aloe Vera Gel, Aloe Vera Cream and Shampoo\",\"publisher\":{\"@id\":\"https:\\\/\\\/www.lraloeverashop.eu\\\/sk\\\/#organization\"},\"potentialAction\":[{\"@type\":\"SearchAction\",\"target\":{\"@type\":\"EntryPoint\",\"urlTemplate\":\"https:\\\/\\\/www.lraloeverashop.eu\\\/sk\\\/?s={search_term_string}\"},\"query-input\":{\"@type\":\"PropertyValueSpecification\",\"valueRequired\":true,\"valueName\":\"search_term_string\"}}],\"inLanguage\":\"sk-SK\"},{\"@type\":\"Organization\",\"@id\":\"https:\\\/\\\/www.lraloeverashop.eu\\\/sk\\\/#organization\",\"name\":\"Lr Obchod Aloe Vera\",\"alternateName\":\"LR\",\"url\":\"https:\\\/\\\/www.lraloeverashop.eu\\\/sk\\\/\",\"logo\":{\"@type\":\"ImageObject\",\"inLanguage\":\"sk-SK\",\"@id\":\"https:\\\/\\\/www.lraloeverashop.eu\\\/sk\\\/#\\\/schema\\\/logo\\\/image\\\/\",\"url\":\"https:\\\/\\\/www.lraloeverashop.eu\\\/wp-content\\\/uploads\\\/2022\\\/09\\\/cropped-Lr-Aloe-Vera-Shop.jpg\",\"contentUrl\":\"https:\\\/\\\/www.lraloeverashop.eu\\\/wp-content\\\/uploads\\\/2022\\\/09\\\/cropped-Lr-Aloe-Vera-Shop.jpg\",\"width\":228,\"height\":76,\"caption\":\"Lr Obchod Aloe Vera\"},\"image\":{\"@id\":\"https:\\\/\\\/www.lraloeverashop.eu\\\/sk\\\/#\\\/schema\\\/logo\\\/image\\\/\"},\"sameAs\":[\"https:\\\/\\\/www.facebook.com\\\/lraloeverashop.eu\",\"https:\\\/\\\/x.com\\\/natur__kosmetik\",\"https:\\\/\\\/www.youtube.com\\\/channel\\\/UC5oN7BJ8nfYb8RpVtjwDEBA\",\"https:\\\/\\\/www.instagram.com\\\/lrbeautyeu\\\/\"],\"description\":\"Obchod Lr Aloe Vera je va\u0161\u00edm d\u00f4veryhodn\u00fdm miestom pre pr\u00e9miov\u00e9 produkty LR Health & Beauty vyroben\u00e9 v Nemecku. Pon\u00fakame vysokokvalitn\u00e9 rie\u0161enia starostlivosti o ple\u0165 s Aloe Vera, v\u00fd\u017eivu a proti starnutiu, vyroben\u00e9 z \u010dist\u00fdch ingredienci\u00ed a podlo\u017een\u00e9 vedeck\u00fdm v\u00fdskumom. Objavte pr\u00edrodn\u00fa starostlivos\u0165, ktor\u00e1 regeneruje, chr\u00e1ni a revitalizuje va\u0161u ple\u0165 \u2013 a vyu\u017eite exkluz\u00edvne mesa\u010dn\u00e9 ponuky na na\u0161e najpred\u00e1vanej\u0161ie produkty LR Aloe Vera.\\nZa\u010dnite svoju cestu za pr\u00edrodnou starostlivos\u0165ou o ple\u0165 e\u0161te dnes a poc\u00ed\u0165te rozdiel.\",\"email\":\"info@lraloeverashop.eu\",\"telephone\":\"+49 17670609653\",\"legalName\":\"Lr Aloe Vera Shop\",\"foundingDate\":\"2018-04-21\",\"numberOfEmployees\":{\"@type\":\"QuantitativeValue\",\"minValue\":\"1\",\"maxValue\":\"10\"}}]}<\/script>\n<meta property=\"product:price:amount\" content=\"12.99\" \/>\n<meta property=\"product:price:currency\" content=\"EUR\" \/>\n<meta property=\"og:availability\" content=\"out of stock\" \/>\n<meta property=\"product:availability\" content=\"out of stock\" \/>\n<meta property=\"product:retailer_item_id\" content=\"20321-1SK\" \/>\n<meta property=\"product:condition\" content=\"new\" \/>\n<!-- \/ Yoast SEO Premium plugin. -->","yoast_head_json":{"title":"Detsk\u00fd Krem na Tvar a Telo Aloe Vera pre citliv\u00fa poko\u017eku","description":"Detsk\u00fd Jemn\u00fd krem na tvar a telo so 40% Aloe Vera, organick\u00fd extrakt z necht\u00edka a panthenolu dod\u00e1va poko\u017eke vlhkos\u0165 a podporuje prirodzen\u00fa bari\u00e9ru poko\u017eky.","robots":{"index":"index","follow":"follow","max-snippet":"max-snippet:-1","max-image-preview":"max-image-preview:large","max-video-preview":"max-video-preview:-1"},"canonical":"https:\/\/www.lraloeverashop.eu\/sk\/produkt\/aloe-vera-detsky-jemny-krem-na-tvar-a-telo\/","og_locale":"sk_SK","og_type":"article","og_title":"Detsky Krem na Tvar a Telo Aloe Vera","og_description":"Detsk\u00fd Jemn\u00fd krem na tvar a telo so 40% Aloe Vera, organick\u00fd extrakt z necht\u00edka a panthenolu dod\u00e1va poko\u017eke vlhkos\u0165 a podporuje prirodzen\u00fa bari\u00e9ru poko\u017eky.","og_url":"https:\/\/www.lraloeverashop.eu\/sk\/produkt\/aloe-vera-detsky-jemny-krem-na-tvar-a-telo\/","og_site_name":"Lr Obchod Aloe Vera","article_publisher":"https:\/\/www.facebook.com\/lraloeverashop.eu","article_modified_time":"2025-12-15T08:37:25+00:00","og_image":[{"width":1200,"height":1200,"url":"https:\/\/www.lraloeverashop.eu\/wp-content\/uploads\/2022\/10\/Lr-baby-face-body-lotion.jpg","type":"image\/jpeg"}],"twitter_card":"summary_large_image","twitter_site":"@natur__kosmetik","schema":{"@context":"https:\/\/schema.org","@graph":[{"@type":["WebPage","ItemPage"],"@id":"https:\/\/www.lraloeverashop.eu\/sk\/produkt\/aloe-vera-detsky-jemny-krem-na-tvar-a-telo\/","url":"https:\/\/www.lraloeverashop.eu\/sk\/produkt\/aloe-vera-detsky-jemny-krem-na-tvar-a-telo\/","name":"Detsk\u00fd Krem na Tvar a Telo Aloe Vera pre citliv\u00fa poko\u017eku","isPartOf":{"@id":"https:\/\/www.lraloeverashop.eu\/sk\/#website"},"primaryImageOfPage":{"@id":"https:\/\/www.lraloeverashop.eu\/sk\/produkt\/aloe-vera-detsky-jemny-krem-na-tvar-a-telo\/#primaryimage"},"image":{"@id":"https:\/\/www.lraloeverashop.eu\/sk\/produkt\/aloe-vera-detsky-jemny-krem-na-tvar-a-telo\/#primaryimage"},"thumbnailUrl":"https:\/\/www.lraloeverashop.eu\/wp-content\/uploads\/2022\/10\/Lr-baby-face-body-lotion.jpg","datePublished":"2022-10-11T09:40:01+00:00","dateModified":"2025-12-15T08:37:25+00:00","description":"Detsk\u00fd Jemn\u00fd krem na tvar a telo so 40% Aloe Vera, organick\u00fd extrakt z necht\u00edka a panthenolu dod\u00e1va poko\u017eke vlhkos\u0165 a podporuje prirodzen\u00fa bari\u00e9ru poko\u017eky.","breadcrumb":{"@id":"https:\/\/www.lraloeverashop.eu\/sk\/produkt\/aloe-vera-detsky-jemny-krem-na-tvar-a-telo\/#breadcrumb"},"inLanguage":"sk-SK","potentialAction":[{"@type":"ReadAction","target":["https:\/\/www.lraloeverashop.eu\/sk\/produkt\/aloe-vera-detsky-jemny-krem-na-tvar-a-telo\/"]}]},{"@type":"ImageObject","inLanguage":"sk-SK","@id":"https:\/\/www.lraloeverashop.eu\/sk\/produkt\/aloe-vera-detsky-jemny-krem-na-tvar-a-telo\/#primaryimage","url":"https:\/\/www.lraloeverashop.eu\/wp-content\/uploads\/2022\/10\/Lr-baby-face-body-lotion.jpg","contentUrl":"https:\/\/www.lraloeverashop.eu\/wp-content\/uploads\/2022\/10\/Lr-baby-face-body-lotion.jpg","width":1200,"height":1200,"caption":"Lr Detsk\u00fd Jemn\u00fd kr\u00e9m na tv\u00e1r a telo zvlh\u010duje, vy\u017eivuje a upokojuje"},{"@type":"BreadcrumbList","@id":"https:\/\/www.lraloeverashop.eu\/sk\/produkt\/aloe-vera-detsky-jemny-krem-na-tvar-a-telo\/#breadcrumb","itemListElement":[{"@type":"ListItem","position":1,"name":"Home","item":"https:\/\/www.lraloeverashop.eu\/sk\/"},{"@type":"ListItem","position":2,"name":"Obchod","item":"https:\/\/www.lraloeverashop.eu\/shop\/"},{"@type":"ListItem","position":3,"name":"Detsky Krem na Tvar a Telo Aloe Vera"}]},{"@type":"WebSite","@id":"https:\/\/www.lraloeverashop.eu\/sk\/#website","url":"https:\/\/www.lraloeverashop.eu\/sk\/","name":"Lr Obchod Aloe Vera","description":"High Quality Lr Aloe Vera Gel, Aloe Vera Cream and Shampoo","publisher":{"@id":"https:\/\/www.lraloeverashop.eu\/sk\/#organization"},"potentialAction":[{"@type":"SearchAction","target":{"@type":"EntryPoint","urlTemplate":"https:\/\/www.lraloeverashop.eu\/sk\/?s={search_term_string}"},"query-input":{"@type":"PropertyValueSpecification","valueRequired":true,"valueName":"search_term_string"}}],"inLanguage":"sk-SK"},{"@type":"Organization","@id":"https:\/\/www.lraloeverashop.eu\/sk\/#organization","name":"Lr Obchod Aloe Vera","alternateName":"LR","url":"https:\/\/www.lraloeverashop.eu\/sk\/","logo":{"@type":"ImageObject","inLanguage":"sk-SK","@id":"https:\/\/www.lraloeverashop.eu\/sk\/#\/schema\/logo\/image\/","url":"https:\/\/www.lraloeverashop.eu\/wp-content\/uploads\/2022\/09\/cropped-Lr-Aloe-Vera-Shop.jpg","contentUrl":"https:\/\/www.lraloeverashop.eu\/wp-content\/uploads\/2022\/09\/cropped-Lr-Aloe-Vera-Shop.jpg","width":228,"height":76,"caption":"Lr Obchod Aloe Vera"},"image":{"@id":"https:\/\/www.lraloeverashop.eu\/sk\/#\/schema\/logo\/image\/"},"sameAs":["https:\/\/www.facebook.com\/lraloeverashop.eu","https:\/\/x.com\/natur__kosmetik","https:\/\/www.youtube.com\/channel\/UC5oN7BJ8nfYb8RpVtjwDEBA","https:\/\/www.instagram.com\/lrbeautyeu\/"],"description":"Obchod Lr Aloe Vera je va\u0161\u00edm d\u00f4veryhodn\u00fdm miestom pre pr\u00e9miov\u00e9 produkty LR Health & Beauty vyroben\u00e9 v Nemecku. Pon\u00fakame vysokokvalitn\u00e9 rie\u0161enia starostlivosti o ple\u0165 s Aloe Vera, v\u00fd\u017eivu a proti starnutiu, vyroben\u00e9 z \u010dist\u00fdch ingredienci\u00ed a podlo\u017een\u00e9 vedeck\u00fdm v\u00fdskumom. Objavte pr\u00edrodn\u00fa starostlivos\u0165, ktor\u00e1 regeneruje, chr\u00e1ni a revitalizuje va\u0161u ple\u0165 \u2013 a vyu\u017eite exkluz\u00edvne mesa\u010dn\u00e9 ponuky na na\u0161e najpred\u00e1vanej\u0161ie produkty LR Aloe Vera.\nZa\u010dnite svoju cestu za pr\u00edrodnou starostlivos\u0165ou o ple\u0165 e\u0161te dnes a poc\u00ed\u0165te rozdiel.","email":"info@lraloeverashop.eu","telephone":"+49 17670609653","legalName":"Lr Aloe Vera Shop","foundingDate":"2018-04-21","numberOfEmployees":{"@type":"QuantitativeValue","minValue":"1","maxValue":"10"}}]},"product_price_amount":"12.99","product_price_currency":"EUR","og_availability":"out of stock","product_availability":"out of stock","product_retailer_item_id":"20321-1SK","product_condition":"new"},"taxonomy_info":{"product_cat":[{"value":216,"label":"Aloe Vera"},{"value":222,"label":"Starostlivos\u0165 o die\u0165a"}]},"featured_image_src_large":["https:\/\/www.lraloeverashop.eu\/wp-content\/uploads\/2022\/10\/Lr-baby-face-body-lotion-1024x1024.jpg",1024,1024,true],"author_info":[],"comment_info":0,"_links":{"self":[{"href":"https:\/\/www.lraloeverashop.eu\/sk\/wp-json\/wp\/v2\/product\/10261","targetHints":{"allow":["GET"]}}],"collection":[{"href":"https:\/\/www.lraloeverashop.eu\/sk\/wp-json\/wp\/v2\/product"}],"about":[{"href":"https:\/\/www.lraloeverashop.eu\/sk\/wp-json\/wp\/v2\/types\/product"}],"replies":[{"embeddable":true,"href":"https:\/\/www.lraloeverashop.eu\/sk\/wp-json\/wp\/v2\/comments?post=10261"}],"wp:featuredmedia":[{"embeddable":true,"href":"https:\/\/www.lraloeverashop.eu\/sk\/wp-json\/wp\/v2\/media\/5056"}],"wp:attachment":[{"href":"https:\/\/www.lraloeverashop.eu\/sk\/wp-json\/wp\/v2\/media?parent=10261"}],"wp:term":[{"taxonomy":"product_brand","embeddable":true,"href":"https:\/\/www.lraloeverashop.eu\/sk\/wp-json\/wp\/v2\/product_brand?post=10261"},{"taxonomy":"product_cat","embeddable":true,"href":"https:\/\/www.lraloeverashop.eu\/sk\/wp-json\/wp\/v2\/product_cat?post=10261"},{"taxonomy":"product_tag","embeddable":true,"href":"https:\/\/www.lraloeverashop.eu\/sk\/wp-json\/wp\/v2\/product_tag?post=10261"}],"curies":[{"name":"wp","href":"https:\/\/api.w.org\/{rel}","templated":true}]}}