{"id":10219,"date":"2022-10-11T12:04:10","date_gmt":"2022-10-11T10:04:10","guid":{"rendered":"https:\/\/www.lraloeverashop.eu\/product\/cistiaca-pena-na-tvar\/"},"modified":"2025-03-29T18:51:31","modified_gmt":"2025-03-29T17:51:31","slug":"cistiaca-pena-na-tvar","status":"publish","type":"product","link":"https:\/\/www.lraloeverashop.eu\/sk\/produkt\/cistiaca-pena-na-tvar\/","title":{"rendered":"\u010cistiaca Pena na Tv\u00e1r"},"content":{"rendered":"<h2><span style=\"font-size: 16pt;\"><strong>\u010cistiaca pena na tv\u00e1r<\/strong><\/span><\/h2>\n<p><span style=\"font-size: 14pt;\"><strong>\u010cistiaca pena na tv\u00e1r \u2013 V\u00e1\u0161 \u010distiaci ritu\u00e1l pre \u017eiariv\u00fa ple\u0165<\/strong><\/span><\/p>\n<p>\u010cistiaca pena na tv\u00e1r z Aloe Vera zbav\u00ed va\u0161u tv\u00e1r mejkapu, ne\u010dist\u00f4t a stresu! Je vhodn\u00e1 pre norm\u00e1lnu, mastn\u00fa ale aj zmie\u0161an\u00fa ple\u0165.<br \/>\nCenn\u00e9 zlo\u017eky ako g\u00e9l z aloe vera a organick\u00fd extrakt z divokej ru\u017ee zais\u0165uj\u00fa \u010distenie <a href=\"https:\/\/www.lraloeverashop.eu\/sk\/produkt\/cistiaca-kefka-na-tvar-zeitgard-pro\/\">do h\u013abky p\u00f3rov<\/a> bez vys\u00fa\u0161ania pleti a dod\u00e1vaj\u00fa jej vlhkos\u0165.<\/p>\n<p><strong>INFO:<\/strong> Lr Aloe Vera je s\u00e9ria starostlivosti s cenn\u00fdmi akt\u00edvnymi zlo\u017ekami z Aloe Vera Barbadensis Miller a \u010fal\u0161\u00edmi vybran\u00fdmi pr\u00edrodn\u00fdmi zlo\u017ekami.<\/p>\n<p>&nbsp;<\/p>\n<h3><strong><span style=\"font-size: 16pt;\">Ako pou\u017e\u00edva\u0165 Penu na \u010distenie tv\u00e1re<\/span><\/strong><\/h3>\n<p>Aplikujte penu r\u00e1no a ve\u010der po d\u00f4kladnom vy\u010disten\u00ed tv\u00e1re. Naneste na k\u00fasok vaty a jemne vmas\u00edrujte po celej tv\u00e1ri, krku a dekolte. Vyhnite sa oblasti o\u010d\u00ed. Potom naneste Aloe Vera Multi Active Denn\u00fd kr\u00e9m alebo Aloe Vera Regenera\u010dn\u00fd no\u010dn\u00fd kr\u00e9m.<\/p>\n<p><strong>TIP:<\/strong> Doprajte svojej poko\u017eke dvakr\u00e1t t\u00fd\u017edenne intenz\u00edvny \u010distiaci ritu\u00e1l! <a href=\"https:\/\/www.lraloeverashop.eu\/sk\/produkt\/aloe-vera-zjemnujuci-pletovy-peeling\/\">Lr Aloe Vera ple\u0165ov\u00fd peeling<\/a> na tv\u00e1r odstra\u0148uje odumret\u00fa poko\u017eku, stimuluje krvn\u00fd obeh a zjem\u0148uje ple\u0165. <a href=\"https:\/\/www.lraloeverashop.eu\/sk\/produkt\/aloe-vera-bublinkujuca-maska\/\">Aloe Vera Bublinkujuca Maska<\/a> poskytuje o 95% viac vlhkosti a zlep\u0161uje elasticitu.<\/p>\n","protected":false},"excerpt":{"rendered":"<ul>\n<li>Jemn\u00e1 \u010distiaca pena pre norm\u00e1lnu, mastn\u00fa a zmie\u0161an\u00fa ple\u0165<\/li>\n<li>S 50% g\u00e9lom z aloe vera a organick\u00fdm extraktom z divokej ru\u017ee<\/li>\n<li>Jemne \u010dist\u00ed poko\u017eku, odstra\u0148uje make-up a ne\u010distoty<\/li>\n<li>Zanech\u00e1va poko\u017eku osvie\u017een\u00fa a revitalizovan\u00fa bez toho, aby ju vysu\u0161ovala<\/li>\n<li>Mno\u017estvo: 150 ml<\/li>\n<\/ul>\n<p>&nbsp;<\/p>\n","protected":false},"featured_media":5728,"comment_status":"open","ping_status":"closed","template":"","meta":{"_kad_blocks_custom_css":"","_kad_blocks_head_custom_js":"","_kad_blocks_body_custom_js":"","_kad_blocks_footer_custom_js":"","_kadence_starter_templates_imported_post":false,"_kad_post_transparent":"default","_kad_post_title":"","_kad_post_layout":"default","_kad_post_sidebar_id":"","_kad_post_content_style":"default","_kad_post_vertical_padding":"default","_kad_post_feature":"","_kad_post_feature_position":"","_kad_post_header":false,"_kad_post_footer":false,"_kad_post_classname":""},"product_brand":[],"product_cat":[216,241],"product_tag":[680],"class_list":{"0":"post-10219","1":"product","2":"type-product","3":"status-publish","4":"has-post-thumbnail","6":"product_cat-aloe-vera-sk","7":"product_cat-starostlivost-o-tvar","8":"product_tag-na-cistenie-tvare","10":"first","11":"instock","12":"taxable","13":"shipping-taxable","14":"purchasable","15":"product-type-simple","16":"entry","17":"content-bg","18":"loop-entry"},"yoast_head":"<!-- This site is optimized with the Yoast SEO Premium plugin v27.5 (Yoast SEO v27.5) - https:\/\/yoast.com\/product\/yoast-seo-premium-wordpress\/ -->\n<title>\u010cistiaca pena na tv\u00e1r \u2013 V\u00e1\u0161 \u010distiaci ritu\u00e1l pre \u017eiariv\u00fa ple\u0165<\/title>\n<meta name=\"description\" content=\"\u010cistiaca pena na tv\u00e1r pre ka\u017edy druh ple\u0165i. S 50% g\u00e9lom z aloe vera a organick\u00fdm extraktom z divokej ru\u017ee. Jemne \u010dist\u00ed poko\u017eku a aodstra\u0148uje make-up\" \/>\n<meta name=\"robots\" content=\"index, follow, max-snippet:-1, max-image-preview:large, max-video-preview:-1\" \/>\n<link rel=\"canonical\" href=\"https:\/\/www.lraloeverashop.eu\/sk\/produkt\/cistiaca-pena-na-tvar\/\" \/>\n<meta property=\"og:locale\" content=\"sk_SK\" \/>\n<meta property=\"og:type\" content=\"article\" \/>\n<meta property=\"og:title\" content=\"\u010cistiaca Pena na Tv\u00e1r\" \/>\n<meta property=\"og:description\" content=\"\u010cistiaca pena na tv\u00e1r pre ka\u017edy druh ple\u0165i. S 50% g\u00e9lom z aloe vera a organick\u00fdm extraktom z divokej ru\u017ee. Jemne \u010dist\u00ed poko\u017eku a aodstra\u0148uje make-up\" \/>\n<meta property=\"og:url\" content=\"https:\/\/www.lraloeverashop.eu\/sk\/produkt\/cistiaca-pena-na-tvar\/\" \/>\n<meta property=\"og:site_name\" content=\"Lr Obchod Aloe Vera\" \/>\n<meta property=\"article:publisher\" content=\"https:\/\/www.facebook.com\/lraloeverashop.eu\" \/>\n<meta property=\"article:modified_time\" content=\"2025-03-29T17:51:31+00:00\" \/>\n<meta property=\"og:image\" content=\"https:\/\/www.lraloeverashop.eu\/wp-content\/uploads\/2022\/10\/Aloe-Vera-Face-Cleansing-Foam.jpg\" \/>\n\t<meta property=\"og:image:width\" content=\"1200\" \/>\n\t<meta property=\"og:image:height\" content=\"1200\" \/>\n\t<meta property=\"og:image:type\" content=\"image\/jpeg\" \/>\n<meta name=\"twitter:card\" content=\"summary_large_image\" \/>\n<meta name=\"twitter:site\" content=\"@natur__kosmetik\" \/>\n<script type=\"application\/ld+json\" class=\"yoast-schema-graph\">{\"@context\":\"https:\\\/\\\/schema.org\",\"@graph\":[{\"@type\":[\"WebPage\",\"ItemPage\"],\"@id\":\"https:\\\/\\\/www.lraloeverashop.eu\\\/sk\\\/produkt\\\/cistiaca-pena-na-tvar\\\/\",\"url\":\"https:\\\/\\\/www.lraloeverashop.eu\\\/sk\\\/produkt\\\/cistiaca-pena-na-tvar\\\/\",\"name\":\"\u010cistiaca pena na tv\u00e1r \u2013 V\u00e1\u0161 \u010distiaci ritu\u00e1l pre \u017eiariv\u00fa ple\u0165\",\"isPartOf\":{\"@id\":\"https:\\\/\\\/www.lraloeverashop.eu\\\/sk\\\/#website\"},\"primaryImageOfPage\":{\"@id\":\"https:\\\/\\\/www.lraloeverashop.eu\\\/sk\\\/produkt\\\/cistiaca-pena-na-tvar\\\/#primaryimage\"},\"image\":{\"@id\":\"https:\\\/\\\/www.lraloeverashop.eu\\\/sk\\\/produkt\\\/cistiaca-pena-na-tvar\\\/#primaryimage\"},\"thumbnailUrl\":\"https:\\\/\\\/www.lraloeverashop.eu\\\/wp-content\\\/uploads\\\/2022\\\/10\\\/Aloe-Vera-Face-Cleansing-Foam.jpg\",\"datePublished\":\"2022-10-11T10:04:10+00:00\",\"dateModified\":\"2025-03-29T17:51:31+00:00\",\"description\":\"\u010cistiaca pena na tv\u00e1r pre ka\u017edy druh ple\u0165i. S 50% g\u00e9lom z aloe vera a organick\u00fdm extraktom z divokej ru\u017ee. Jemne \u010dist\u00ed poko\u017eku a aodstra\u0148uje make-up\",\"breadcrumb\":{\"@id\":\"https:\\\/\\\/www.lraloeverashop.eu\\\/sk\\\/produkt\\\/cistiaca-pena-na-tvar\\\/#breadcrumb\"},\"inLanguage\":\"sk-SK\",\"potentialAction\":[{\"@type\":\"ReadAction\",\"target\":[\"https:\\\/\\\/www.lraloeverashop.eu\\\/sk\\\/produkt\\\/cistiaca-pena-na-tvar\\\/\"]}]},{\"@type\":\"ImageObject\",\"inLanguage\":\"sk-SK\",\"@id\":\"https:\\\/\\\/www.lraloeverashop.eu\\\/sk\\\/produkt\\\/cistiaca-pena-na-tvar\\\/#primaryimage\",\"url\":\"https:\\\/\\\/www.lraloeverashop.eu\\\/wp-content\\\/uploads\\\/2022\\\/10\\\/Aloe-Vera-Face-Cleansing-Foam.jpg\",\"contentUrl\":\"https:\\\/\\\/www.lraloeverashop.eu\\\/wp-content\\\/uploads\\\/2022\\\/10\\\/Aloe-Vera-Face-Cleansing-Foam.jpg\",\"width\":1200,\"height\":1200,\"caption\":\"\u010cistiaca pena na tv\u00e1r s 50% aloe vera\"},{\"@type\":\"BreadcrumbList\",\"@id\":\"https:\\\/\\\/www.lraloeverashop.eu\\\/sk\\\/produkt\\\/cistiaca-pena-na-tvar\\\/#breadcrumb\",\"itemListElement\":[{\"@type\":\"ListItem\",\"position\":1,\"name\":\"Home\",\"item\":\"https:\\\/\\\/www.lraloeverashop.eu\\\/sk\\\/aloe-vera-obchod-vsetko-pre-vasu-krasu-a-pohodu\\\/\"},{\"@type\":\"ListItem\",\"position\":2,\"name\":\"Obchod\",\"item\":\"https:\\\/\\\/www.lraloeverashop.eu\\\/sk\\\/obchod\\\/\"},{\"@type\":\"ListItem\",\"position\":3,\"name\":\"\u010cistiaca Pena na Tv\u00e1r\"}]},{\"@type\":\"WebSite\",\"@id\":\"https:\\\/\\\/www.lraloeverashop.eu\\\/sk\\\/#website\",\"url\":\"https:\\\/\\\/www.lraloeverashop.eu\\\/sk\\\/\",\"name\":\"Lr Obchod Aloe Vera\",\"description\":\"High Quality Lr Aloe Vera Gel, Aloe Vera Cream and Shampoo\",\"publisher\":{\"@id\":\"https:\\\/\\\/www.lraloeverashop.eu\\\/sk\\\/#organization\"},\"alternateName\":\"LR\",\"potentialAction\":[{\"@type\":\"SearchAction\",\"target\":{\"@type\":\"EntryPoint\",\"urlTemplate\":\"https:\\\/\\\/www.lraloeverashop.eu\\\/sk\\\/?s={search_term_string}\"},\"query-input\":{\"@type\":\"PropertyValueSpecification\",\"valueRequired\":true,\"valueName\":\"search_term_string\"}}],\"inLanguage\":\"sk-SK\"},{\"@type\":\"Organization\",\"@id\":\"https:\\\/\\\/www.lraloeverashop.eu\\\/sk\\\/#organization\",\"name\":\"Lr Obchod Aloe Vera\",\"alternateName\":\"LR\",\"url\":\"https:\\\/\\\/www.lraloeverashop.eu\\\/sk\\\/\",\"logo\":{\"@type\":\"ImageObject\",\"inLanguage\":\"sk-SK\",\"@id\":\"https:\\\/\\\/www.lraloeverashop.eu\\\/sk\\\/#\\\/schema\\\/logo\\\/image\\\/\",\"url\":\"https:\\\/\\\/www.lraloeverashop.eu\\\/wp-content\\\/uploads\\\/2022\\\/09\\\/cropped-Lr-Aloe-Vera-Shop.jpg\",\"contentUrl\":\"https:\\\/\\\/www.lraloeverashop.eu\\\/wp-content\\\/uploads\\\/2022\\\/09\\\/cropped-Lr-Aloe-Vera-Shop.jpg\",\"width\":228,\"height\":76,\"caption\":\"Lr Obchod Aloe Vera\"},\"image\":{\"@id\":\"https:\\\/\\\/www.lraloeverashop.eu\\\/sk\\\/#\\\/schema\\\/logo\\\/image\\\/\"},\"sameAs\":[\"https:\\\/\\\/www.facebook.com\\\/lraloeverashop.eu\",\"https:\\\/\\\/x.com\\\/natur__kosmetik\",\"https:\\\/\\\/www.youtube.com\\\/channel\\\/UC5oN7BJ8nfYb8RpVtjwDEBA\",\"https:\\\/\\\/www.instagram.com\\\/lrbeautyeu\\\/\"],\"description\":\"Obchod Lr Aloe Vera je va\u0161\u00edm d\u00f4veryhodn\u00fdm miestom pre pr\u00e9miov\u00e9 produkty LR Health & Beauty vyroben\u00e9 v Nemecku. Pon\u00fakame vysokokvalitn\u00e9 rie\u0161enia starostlivosti o ple\u0165 s Aloe Vera, v\u00fd\u017eivu a proti starnutiu, vyroben\u00e9 z \u010dist\u00fdch ingredienci\u00ed a podlo\u017een\u00e9 vedeck\u00fdm v\u00fdskumom. Objavte pr\u00edrodn\u00fa starostlivos\u0165, ktor\u00e1 regeneruje, chr\u00e1ni a revitalizuje va\u0161u ple\u0165 \u2013 a vyu\u017eite exkluz\u00edvne mesa\u010dn\u00e9 ponuky na na\u0161e najpred\u00e1vanej\u0161ie produkty LR Aloe Vera.\\nZa\u010dnite svoju cestu za pr\u00edrodnou starostlivos\u0165ou o ple\u0165 e\u0161te dnes a poc\u00ed\u0165te rozdiel.\",\"email\":\"info@lraloeverashop.eu\",\"telephone\":\"+49 17670609653\",\"legalName\":\"Lr Aloe Vera Shop\",\"foundingDate\":\"2018-04-21\",\"numberOfEmployees\":{\"@type\":\"QuantitativeValue\",\"minValue\":\"1\",\"maxValue\":\"10\"}}]}<\/script>\n<meta property=\"product:price:amount\" content=\"10.79\" \/>\n<meta property=\"product:price:currency\" content=\"EUR\" \/>\n<meta property=\"og:availability\" content=\"instock\" \/>\n<meta property=\"product:availability\" content=\"instock\" \/>\n<meta property=\"product:retailer_item_id\" content=\"20813-1SK\" \/>\n<meta property=\"product:condition\" content=\"new\" \/>\n<!-- \/ Yoast SEO Premium plugin. -->","yoast_head_json":{"title":"\u010cistiaca pena na tv\u00e1r \u2013 V\u00e1\u0161 \u010distiaci ritu\u00e1l pre \u017eiariv\u00fa ple\u0165","description":"\u010cistiaca pena na tv\u00e1r pre ka\u017edy druh ple\u0165i. S 50% g\u00e9lom z aloe vera a organick\u00fdm extraktom z divokej ru\u017ee. Jemne \u010dist\u00ed poko\u017eku a aodstra\u0148uje make-up","robots":{"index":"index","follow":"follow","max-snippet":"max-snippet:-1","max-image-preview":"max-image-preview:large","max-video-preview":"max-video-preview:-1"},"canonical":"https:\/\/www.lraloeverashop.eu\/sk\/produkt\/cistiaca-pena-na-tvar\/","og_locale":"sk_SK","og_type":"article","og_title":"\u010cistiaca Pena na Tv\u00e1r","og_description":"\u010cistiaca pena na tv\u00e1r pre ka\u017edy druh ple\u0165i. S 50% g\u00e9lom z aloe vera a organick\u00fdm extraktom z divokej ru\u017ee. Jemne \u010dist\u00ed poko\u017eku a aodstra\u0148uje make-up","og_url":"https:\/\/www.lraloeverashop.eu\/sk\/produkt\/cistiaca-pena-na-tvar\/","og_site_name":"Lr Obchod Aloe Vera","article_publisher":"https:\/\/www.facebook.com\/lraloeverashop.eu","article_modified_time":"2025-03-29T17:51:31+00:00","og_image":[{"width":1200,"height":1200,"url":"https:\/\/www.lraloeverashop.eu\/wp-content\/uploads\/2022\/10\/Aloe-Vera-Face-Cleansing-Foam.jpg","type":"image\/jpeg"}],"twitter_card":"summary_large_image","twitter_site":"@natur__kosmetik","schema":{"@context":"https:\/\/schema.org","@graph":[{"@type":["WebPage","ItemPage"],"@id":"https:\/\/www.lraloeverashop.eu\/sk\/produkt\/cistiaca-pena-na-tvar\/","url":"https:\/\/www.lraloeverashop.eu\/sk\/produkt\/cistiaca-pena-na-tvar\/","name":"\u010cistiaca pena na tv\u00e1r \u2013 V\u00e1\u0161 \u010distiaci ritu\u00e1l pre \u017eiariv\u00fa ple\u0165","isPartOf":{"@id":"https:\/\/www.lraloeverashop.eu\/sk\/#website"},"primaryImageOfPage":{"@id":"https:\/\/www.lraloeverashop.eu\/sk\/produkt\/cistiaca-pena-na-tvar\/#primaryimage"},"image":{"@id":"https:\/\/www.lraloeverashop.eu\/sk\/produkt\/cistiaca-pena-na-tvar\/#primaryimage"},"thumbnailUrl":"https:\/\/www.lraloeverashop.eu\/wp-content\/uploads\/2022\/10\/Aloe-Vera-Face-Cleansing-Foam.jpg","datePublished":"2022-10-11T10:04:10+00:00","dateModified":"2025-03-29T17:51:31+00:00","description":"\u010cistiaca pena na tv\u00e1r pre ka\u017edy druh ple\u0165i. S 50% g\u00e9lom z aloe vera a organick\u00fdm extraktom z divokej ru\u017ee. Jemne \u010dist\u00ed poko\u017eku a aodstra\u0148uje make-up","breadcrumb":{"@id":"https:\/\/www.lraloeverashop.eu\/sk\/produkt\/cistiaca-pena-na-tvar\/#breadcrumb"},"inLanguage":"sk-SK","potentialAction":[{"@type":"ReadAction","target":["https:\/\/www.lraloeverashop.eu\/sk\/produkt\/cistiaca-pena-na-tvar\/"]}]},{"@type":"ImageObject","inLanguage":"sk-SK","@id":"https:\/\/www.lraloeverashop.eu\/sk\/produkt\/cistiaca-pena-na-tvar\/#primaryimage","url":"https:\/\/www.lraloeverashop.eu\/wp-content\/uploads\/2022\/10\/Aloe-Vera-Face-Cleansing-Foam.jpg","contentUrl":"https:\/\/www.lraloeverashop.eu\/wp-content\/uploads\/2022\/10\/Aloe-Vera-Face-Cleansing-Foam.jpg","width":1200,"height":1200,"caption":"\u010cistiaca pena na tv\u00e1r s 50% aloe vera"},{"@type":"BreadcrumbList","@id":"https:\/\/www.lraloeverashop.eu\/sk\/produkt\/cistiaca-pena-na-tvar\/#breadcrumb","itemListElement":[{"@type":"ListItem","position":1,"name":"Home","item":"https:\/\/www.lraloeverashop.eu\/sk\/aloe-vera-obchod-vsetko-pre-vasu-krasu-a-pohodu\/"},{"@type":"ListItem","position":2,"name":"Obchod","item":"https:\/\/www.lraloeverashop.eu\/sk\/obchod\/"},{"@type":"ListItem","position":3,"name":"\u010cistiaca Pena na Tv\u00e1r"}]},{"@type":"WebSite","@id":"https:\/\/www.lraloeverashop.eu\/sk\/#website","url":"https:\/\/www.lraloeverashop.eu\/sk\/","name":"Lr Obchod Aloe Vera","description":"High Quality Lr Aloe Vera Gel, Aloe Vera Cream and Shampoo","publisher":{"@id":"https:\/\/www.lraloeverashop.eu\/sk\/#organization"},"alternateName":"LR","potentialAction":[{"@type":"SearchAction","target":{"@type":"EntryPoint","urlTemplate":"https:\/\/www.lraloeverashop.eu\/sk\/?s={search_term_string}"},"query-input":{"@type":"PropertyValueSpecification","valueRequired":true,"valueName":"search_term_string"}}],"inLanguage":"sk-SK"},{"@type":"Organization","@id":"https:\/\/www.lraloeverashop.eu\/sk\/#organization","name":"Lr Obchod Aloe Vera","alternateName":"LR","url":"https:\/\/www.lraloeverashop.eu\/sk\/","logo":{"@type":"ImageObject","inLanguage":"sk-SK","@id":"https:\/\/www.lraloeverashop.eu\/sk\/#\/schema\/logo\/image\/","url":"https:\/\/www.lraloeverashop.eu\/wp-content\/uploads\/2022\/09\/cropped-Lr-Aloe-Vera-Shop.jpg","contentUrl":"https:\/\/www.lraloeverashop.eu\/wp-content\/uploads\/2022\/09\/cropped-Lr-Aloe-Vera-Shop.jpg","width":228,"height":76,"caption":"Lr Obchod Aloe Vera"},"image":{"@id":"https:\/\/www.lraloeverashop.eu\/sk\/#\/schema\/logo\/image\/"},"sameAs":["https:\/\/www.facebook.com\/lraloeverashop.eu","https:\/\/x.com\/natur__kosmetik","https:\/\/www.youtube.com\/channel\/UC5oN7BJ8nfYb8RpVtjwDEBA","https:\/\/www.instagram.com\/lrbeautyeu\/"],"description":"Obchod Lr Aloe Vera je va\u0161\u00edm d\u00f4veryhodn\u00fdm miestom pre pr\u00e9miov\u00e9 produkty LR Health & Beauty vyroben\u00e9 v Nemecku. Pon\u00fakame vysokokvalitn\u00e9 rie\u0161enia starostlivosti o ple\u0165 s Aloe Vera, v\u00fd\u017eivu a proti starnutiu, vyroben\u00e9 z \u010dist\u00fdch ingredienci\u00ed a podlo\u017een\u00e9 vedeck\u00fdm v\u00fdskumom. Objavte pr\u00edrodn\u00fa starostlivos\u0165, ktor\u00e1 regeneruje, chr\u00e1ni a revitalizuje va\u0161u ple\u0165 \u2013 a vyu\u017eite exkluz\u00edvne mesa\u010dn\u00e9 ponuky na na\u0161e najpred\u00e1vanej\u0161ie produkty LR Aloe Vera.\nZa\u010dnite svoju cestu za pr\u00edrodnou starostlivos\u0165ou o ple\u0165 e\u0161te dnes a poc\u00ed\u0165te rozdiel.","email":"info@lraloeverashop.eu","telephone":"+49 17670609653","legalName":"Lr Aloe Vera Shop","foundingDate":"2018-04-21","numberOfEmployees":{"@type":"QuantitativeValue","minValue":"1","maxValue":"10"}}]},"product_price_amount":"10.79","product_price_currency":"EUR","og_availability":"instock","product_availability":"instock","product_retailer_item_id":"20813-1SK","product_condition":"new"},"taxonomy_info":{"product_cat":[{"value":216,"label":"Aloe Vera"},{"value":241,"label":"Starostlivos\u0165 o tv\u00e1r"}],"product_tag":[{"value":680,"label":"na \u010distenie tv\u00e1re"}]},"featured_image_src_large":["https:\/\/www.lraloeverashop.eu\/wp-content\/uploads\/2022\/10\/Aloe-Vera-Face-Cleansing-Foam-1024x1024.jpg",1024,1024,true],"author_info":[],"comment_info":0,"_links":{"self":[{"href":"https:\/\/www.lraloeverashop.eu\/sk\/wp-json\/wp\/v2\/product\/10219","targetHints":{"allow":["GET"]}}],"collection":[{"href":"https:\/\/www.lraloeverashop.eu\/sk\/wp-json\/wp\/v2\/product"}],"about":[{"href":"https:\/\/www.lraloeverashop.eu\/sk\/wp-json\/wp\/v2\/types\/product"}],"replies":[{"embeddable":true,"href":"https:\/\/www.lraloeverashop.eu\/sk\/wp-json\/wp\/v2\/comments?post=10219"}],"wp:featuredmedia":[{"embeddable":true,"href":"https:\/\/www.lraloeverashop.eu\/sk\/wp-json\/wp\/v2\/media\/5728"}],"wp:attachment":[{"href":"https:\/\/www.lraloeverashop.eu\/sk\/wp-json\/wp\/v2\/media?parent=10219"}],"wp:term":[{"taxonomy":"product_brand","embeddable":true,"href":"https:\/\/www.lraloeverashop.eu\/sk\/wp-json\/wp\/v2\/product_brand?post=10219"},{"taxonomy":"product_cat","embeddable":true,"href":"https:\/\/www.lraloeverashop.eu\/sk\/wp-json\/wp\/v2\/product_cat?post=10219"},{"taxonomy":"product_tag","embeddable":true,"href":"https:\/\/www.lraloeverashop.eu\/sk\/wp-json\/wp\/v2\/product_tag?post=10219"}],"curies":[{"name":"wp","href":"https:\/\/api.w.org\/{rel}","templated":true}]}}