{"id":10094,"date":"2022-10-11T20:54:30","date_gmt":"2022-10-11T18:54:30","guid":{"rendered":"https:\/\/www.lraloeverashop.eu\/product\/aloe-vera-na-pitie-6\/"},"modified":"2026-03-25T18:34:13","modified_gmt":"2026-03-25T17:34:13","slug":"aloe-vera-na-pitie-6","status":"publish","type":"product","link":"https:\/\/www.lraloeverashop.eu\/sk\/produkt\/aloe-vera-na-pitie-6\/","title":{"rendered":"Aloe Vera na Pitie s Medom 6 Flia\u0161"},"content":{"rendered":"<h2><span style=\"font-size: 16pt;\"><strong>Aloe Vera na Pitie s Medom 6 Flia\u0161<\/strong><\/span><\/h2>\n<p><span style=\"font-size: 14pt;\"><strong>Aloe Vera na Pitie s Medom Posil\u0148uje zdravie a imunitu<\/strong><\/span><\/p>\n<p>Vedeli ste, \u017ee <a href=\"https:\/\/www.lraloeverashop.eu\/sk\/produkt\/aloe-vera-gel-na-pitie-s-medom\/\">Lr Aloe Vera Gel s Medom<\/a> m\u00f4\u017ee ide\u00e1lne pom\u00f4c\u0165 zlep\u0161i\u0165 va\u0161e zdravie a z\u00e1kladn\u00fd wellness? Aloe Vera gel patr\u00ed medzi najobdivovanej\u0161ie a najefekt\u00edvnej\u0161ie produkty, pokia\u013e ide o skvel\u00e9 zdravie a celkov\u00fa pohodu.<\/p>\n<p><a href=\"https:\/\/www.lraloeverashop.eu\/sk\/produkt\/aloe-vera-napoj-s-medom-3\/\">Aloe Vera s Medom<\/a> sa sklad\u00e1 z 90% \u010dist\u00e9ho a organick\u00e9ho Aloe Vera g\u00e9lu Barbadensis Miller. \u010cist\u00fd pr\u00edrodn\u00fd med predstavuje \u010fal\u0161\u00edch 9%, zatia\u013e \u010do zost\u00e1vaj\u00face 1% je vitam\u00edn C a \u010fal\u0161ie zlo\u017eky. Z v\u00fdskumu vypl\u00fdva, \u017ee Aloe Vera N\u00e1poj s Medom obsahuje viac ako 200 z\u00e1kladn\u00fdch a pr\u00edrodn\u00fdch zlo\u017eiek, ktor\u00e9 s\u00fa prospe\u0161n\u00e9 pre va\u0161e telo.<\/p>\n<p>Medzi tieto patria vitam\u00edny, miner\u00e1ly, antioxidanty, protiz\u00e1palov\u00e9 l\u00e1tky, pr\u00edrodn\u00e9 oleje, mukopolysacharidy (pr\u00edrodn\u00e9 cukry), enz\u00fdmy, mastn\u00e9 kyseliny, bioflavonoidy, antrachiony, aminokyseliny, sapon\u00edny, antiseptik\u00e1 a mnoho \u010fal\u0161\u00edch. A ke\u010f\u017ee g\u00e9l je vyroben\u00fd spolo\u010dnos\u0165ou Lr, m\u00f4\u017eete si by\u0165 ist\u00fd, \u017ee v\u0161etky zlo\u017eky s\u00fa \u010dist\u00e9.<\/p>\n<p>Vitam\u00edn C prispieva k norm\u00e1lnej funkcii imunitn\u00e9ho syst\u00e9mu. Taktie\u017e sa podie\u013ea na mnoh\u00fdch \u010fal\u0161\u00edch funkci\u00e1ch v metabolizme organizmu, napr\u00edklad podporuje tvorbu kolag\u00e9nu pren\u00e1\u0161an\u00e9ho telom pre dobre funguj\u00face k\u013aby. **<\/p>\n<p>** Vitam\u00edn C prispieva k tvorbe kolag\u00e9nu pre norm\u00e1lnu funkciu chrupavky.<\/p>\n<p>&nbsp;<\/p>\n<h3><strong><span style=\"font-size: 16pt;\">Ako pou\u017eiva\u0165\u00a0<\/span><\/strong><\/h3>\n<p><strong>Odpor\u00fa\u010dan\u00e9 denn\u00e9 d\u00e1vkovanie:<\/strong> 3 kr\u00e1t denne 30 ml Aloe Vera na Pitie s Medom, najlep\u0161ie pred jedlom (m\u00f4\u017eete ho mie\u0161a\u0165 s vodou alebo ovocnou \u0161\u0165avou).<\/p>\n<p><strong>Recept:<\/strong> Vysk\u00fa\u0161ajte Aloe Vera G\u00e9l s Medom s poh\u00e1rom pomaran\u010dov\u00e9ho d\u017e\u00fasu alebo ho premie\u0161ajte s \u010derstv\u00fdm ovocn\u00fdm a zeleninov\u00fdm smoothie.<\/p>\n<p>Pred pou\u017eit\u00edm pretrepte. Uchovajte v chlade a konzumujte ihne\u010f po otvoren\u00ed.<br \/>\nNepresahujte odpor\u00fa\u010dan\u00fa denn\u00fa d\u00e1vku. Di\u00e9tne doplnky nie s\u00fa n\u00e1hradou za bohat\u00fa a vyv\u00e1\u017een\u00fa stravu v kombin\u00e1cii so zdrav\u00fdm \u017eivotn\u00fdm \u0161t\u00fdlom.<br \/>\nV\u00fdrobok uchov\u00e1vajte mimo dosahu det\u00ed.<\/p>\n<p>&nbsp;<\/p>\n<h4><strong><span style=\"font-size: 16pt;\">Vedeli ste?<\/span><\/strong><\/h4>\n<p>23 mili\u00f3nov Aloe Vera listov sa ka\u017edoro\u010dne zbiera pre Lr. Pestuj\u00fa sa v\u00fdhradne v horskej oblasti v Mexiku s najlep\u0161\u00edmi podmienkami pre rast. Tieto plodiny rast\u00fa bez pr\u00eddavku pestic\u00eddov a zbieraj\u00fa sa ru\u010dne.<\/p>\n<p><strong>V LR ide kvalita ruka v ruke s kompetenciou:<\/strong><\/p>\n<ul>\n<li>Vysok\u00e1 kvalita produktu \u2013 na b\u00e1ze \u010dist\u00e9ho g\u00e9lu z listov Aloe Vera, bez alo\u00ednu*<\/li>\n<li>Udr\u017eate\u013en\u00e9 pestovanie v Mexiku<\/li>\n<li>Re\u0161pektovanie \u017eivotn\u00e9ho prostredia a platnej legislat\u00edvy<\/li>\n<\/ul>\n<p><strong>Skvel\u00fd z\u00e1\u017eitok:<\/strong><\/p>\n<ul>\n<li>LR je expertom na <a href=\"https:\/\/www.lraloeverashop.eu\/sk\/aloe-vera-napoj-od-lr-health-beauty\/\">Aloe Vera<\/a> u\u017e viac ako 20 rokov<\/li>\n<li>Vlastn\u00e1 v\u00fdroba v jednom z najmodernej\u0161\u00edch v\u00fdrobn\u00fdch z\u00e1vodov v Nemecku<\/li>\n<li>Spolupr\u00e1ca s renomovan\u00fdmi odborn\u00edkmi<\/li>\n<\/ul>\n<p><strong>Podpora a pote\u0161enie:<\/strong><\/p>\n<p>Aloe Vera na Pitie s Medom v\u00e1m <a href=\"https:\/\/www.lraloeverashop.eu\/sk\/aloe-vera-drinking-gel-s-medom\/\">poskytne podporu<\/a>, ktor\u00fa potrebujete, aby ste mohli \u010deli\u0165 v\u0161etk\u00fdm \u017eivotn\u00fdm situ\u00e1ci\u00e1m. Navy\u0161e Lr g\u00e9ly na pitie s\u00fa lahodn\u00e9. Obmie\u0148ajte pote\u0161enie s ich r\u00f4znymi pr\u00edchu\u0165ami.<\/p>\n","protected":false},"excerpt":{"rendered":"<ul>\n<li>Sklad\u00e1 sa z 90% \u010dist\u00e9ho Aloe Vera g\u00e9lu<\/li>\n<li>9% cenn\u00fd kvetov\u00fd med<\/li>\n<li>Odstr\u00e1nuje tox\u00edny a zvy\u0161uje imunitu vo va\u0161om tele<\/li>\n<li>Denn\u00e1 d\u00e1vka pokr\u00fdva 75% odpor\u00fa\u010danej d\u00e1vky vitam\u00ednu C<\/li>\n<li>Mno\u017estvo: 6 x 1000 ml<\/li>\n<\/ul>\n<p>&nbsp;<\/p>\n","protected":false},"featured_media":5314,"comment_status":"open","ping_status":"closed","template":"","meta":{"_kad_blocks_custom_css":"","_kad_blocks_head_custom_js":"","_kad_blocks_body_custom_js":"","_kad_blocks_footer_custom_js":"","_kadence_starter_templates_imported_post":false,"_kad_post_transparent":"default","_kad_post_title":"","_kad_post_layout":"default","_kad_post_sidebar_id":"","_kad_post_content_style":"default","_kad_post_vertical_padding":"default","_kad_post_feature":"","_kad_post_feature_position":"","_kad_post_header":false,"_kad_post_footer":false,"_kad_post_classname":""},"product_brand":[],"product_cat":[295,438,468,459,402],"product_tag":[622],"class_list":{"0":"post-10094","1":"product","2":"type-product","3":"status-publish","4":"has-post-thumbnail","6":"product_cat-gely-na-pitie","7":"product_cat-creva-a-travenie","8":"product_cat-specialista","9":"product_cat-usetrite-v-setoch","10":"product_cat-zaklad","11":"product_tag-detoxikacne-napoje","13":"first","14":"instock","15":"taxable","16":"shipping-taxable","17":"purchasable","18":"product-type-simple","19":"entry","20":"content-bg","21":"loop-entry"},"yoast_head":"<!-- This site is optimized with the Yoast SEO Premium plugin v27.4 (Yoast SEO v27.4) - https:\/\/yoast.com\/product\/yoast-seo-premium-wordpress\/ -->\n<title>Aloe Vera na Pitie s Medom Posil\u0148uje zdravie a imunitu<\/title>\n<meta name=\"description\" content=\"Aloe Vera na Pitie s Medom pozost\u00e1va s 90% aloe vera gelu a 9% pr\u00edrodn\u00fdm medom. Obsahuje 200 pr\u00edrodn\u00fdch zlo\u017eiek, ktor\u00e9 s\u00fa telu prospe\u0161n\u00e9.\" \/>\n<meta name=\"robots\" content=\"index, follow, max-snippet:-1, max-image-preview:large, max-video-preview:-1\" \/>\n<link rel=\"canonical\" href=\"https:\/\/www.lraloeverashop.eu\/sk\/produkt\/aloe-vera-na-pitie-6\/\" \/>\n<meta property=\"og:locale\" content=\"sk_SK\" \/>\n<meta property=\"og:type\" content=\"article\" \/>\n<meta property=\"og:title\" content=\"Aloe Vera na Pitie s Medom 6 Flia\u0161\" \/>\n<meta property=\"og:description\" content=\"Aloe Vera na Pitie s Medom pozost\u00e1va s 90% aloe vera gelu a 9% pr\u00edrodn\u00fdm medom. Obsahuje 200 pr\u00edrodn\u00fdch zlo\u017eiek, ktor\u00e9 s\u00fa telu prospe\u0161n\u00e9.\" \/>\n<meta property=\"og:url\" content=\"https:\/\/www.lraloeverashop.eu\/sk\/produkt\/aloe-vera-na-pitie-6\/\" \/>\n<meta property=\"og:site_name\" content=\"Lr Obchod Aloe Vera\" \/>\n<meta property=\"article:publisher\" content=\"https:\/\/www.facebook.com\/lraloeverashop.eu\" \/>\n<meta property=\"article:modified_time\" content=\"2026-03-25T17:34:13+00:00\" \/>\n<meta property=\"og:image\" content=\"https:\/\/www.lraloeverashop.eu\/wp-content\/uploads\/2022\/10\/Aloe-Vera-Drinking-Gel-Honey-6-Pcs-Set.jpg\" \/>\n\t<meta property=\"og:image:width\" content=\"1200\" \/>\n\t<meta property=\"og:image:height\" content=\"1200\" \/>\n\t<meta property=\"og:image:type\" content=\"image\/jpeg\" \/>\n<meta name=\"twitter:card\" content=\"summary_large_image\" \/>\n<meta name=\"twitter:site\" content=\"@natur__kosmetik\" \/>\n<script type=\"application\/ld+json\" class=\"yoast-schema-graph\">{\"@context\":\"https:\\\/\\\/schema.org\",\"@graph\":[{\"@type\":[\"WebPage\",\"ItemPage\"],\"@id\":\"https:\\\/\\\/www.lraloeverashop.eu\\\/sk\\\/produkt\\\/aloe-vera-na-pitie-6\\\/\",\"url\":\"https:\\\/\\\/www.lraloeverashop.eu\\\/sk\\\/produkt\\\/aloe-vera-na-pitie-6\\\/\",\"name\":\"Aloe Vera na Pitie s Medom Posil\u0148uje zdravie a imunitu\",\"isPartOf\":{\"@id\":\"https:\\\/\\\/www.lraloeverashop.eu\\\/sk\\\/#website\"},\"primaryImageOfPage\":{\"@id\":\"https:\\\/\\\/www.lraloeverashop.eu\\\/sk\\\/produkt\\\/aloe-vera-na-pitie-6\\\/#primaryimage\"},\"image\":{\"@id\":\"https:\\\/\\\/www.lraloeverashop.eu\\\/sk\\\/produkt\\\/aloe-vera-na-pitie-6\\\/#primaryimage\"},\"thumbnailUrl\":\"https:\\\/\\\/www.lraloeverashop.eu\\\/wp-content\\\/uploads\\\/2022\\\/10\\\/Aloe-Vera-Drinking-Gel-Honey-6-Pcs-Set.jpg\",\"datePublished\":\"2022-10-11T18:54:30+00:00\",\"dateModified\":\"2026-03-25T17:34:13+00:00\",\"description\":\"Aloe Vera na Pitie s Medom pozost\u00e1va s 90% aloe vera gelu a 9% pr\u00edrodn\u00fdm medom. Obsahuje 200 pr\u00edrodn\u00fdch zlo\u017eiek, ktor\u00e9 s\u00fa telu prospe\u0161n\u00e9.\",\"breadcrumb\":{\"@id\":\"https:\\\/\\\/www.lraloeverashop.eu\\\/sk\\\/produkt\\\/aloe-vera-na-pitie-6\\\/#breadcrumb\"},\"inLanguage\":\"sk-SK\",\"potentialAction\":[{\"@type\":\"ReadAction\",\"target\":[\"https:\\\/\\\/www.lraloeverashop.eu\\\/sk\\\/produkt\\\/aloe-vera-na-pitie-6\\\/\"]}]},{\"@type\":\"ImageObject\",\"inLanguage\":\"sk-SK\",\"@id\":\"https:\\\/\\\/www.lraloeverashop.eu\\\/sk\\\/produkt\\\/aloe-vera-na-pitie-6\\\/#primaryimage\",\"url\":\"https:\\\/\\\/www.lraloeverashop.eu\\\/wp-content\\\/uploads\\\/2022\\\/10\\\/Aloe-Vera-Drinking-Gel-Honey-6-Pcs-Set.jpg\",\"contentUrl\":\"https:\\\/\\\/www.lraloeverashop.eu\\\/wp-content\\\/uploads\\\/2022\\\/10\\\/Aloe-Vera-Drinking-Gel-Honey-6-Pcs-Set.jpg\",\"width\":1200,\"height\":1200,\"caption\":\"Aloe Vera G\u00e9l na Pitie s Medom sa sklad\u00e1 z 90% \u010dist\u00e9ho Aloe Vera g\u00e9lu\"},{\"@type\":\"BreadcrumbList\",\"@id\":\"https:\\\/\\\/www.lraloeverashop.eu\\\/sk\\\/produkt\\\/aloe-vera-na-pitie-6\\\/#breadcrumb\",\"itemListElement\":[{\"@type\":\"ListItem\",\"position\":1,\"name\":\"Home\",\"item\":\"https:\\\/\\\/www.lraloeverashop.eu\\\/sk\\\/\"},{\"@type\":\"ListItem\",\"position\":2,\"name\":\"Obchod\",\"item\":\"https:\\\/\\\/www.lraloeverashop.eu\\\/shop\\\/\"},{\"@type\":\"ListItem\",\"position\":3,\"name\":\"Aloe Vera na Pitie s Medom 6 Flia\u0161\"}]},{\"@type\":\"WebSite\",\"@id\":\"https:\\\/\\\/www.lraloeverashop.eu\\\/sk\\\/#website\",\"url\":\"https:\\\/\\\/www.lraloeverashop.eu\\\/sk\\\/\",\"name\":\"Lr Obchod Aloe Vera\",\"description\":\"High Quality Lr Aloe Vera Gel, Aloe Vera Cream and Shampoo\",\"publisher\":{\"@id\":\"https:\\\/\\\/www.lraloeverashop.eu\\\/sk\\\/#organization\"},\"potentialAction\":[{\"@type\":\"SearchAction\",\"target\":{\"@type\":\"EntryPoint\",\"urlTemplate\":\"https:\\\/\\\/www.lraloeverashop.eu\\\/sk\\\/?s={search_term_string}\"},\"query-input\":{\"@type\":\"PropertyValueSpecification\",\"valueRequired\":true,\"valueName\":\"search_term_string\"}}],\"inLanguage\":\"sk-SK\"},{\"@type\":\"Organization\",\"@id\":\"https:\\\/\\\/www.lraloeverashop.eu\\\/sk\\\/#organization\",\"name\":\"Lr Obchod Aloe Vera\",\"alternateName\":\"LR\",\"url\":\"https:\\\/\\\/www.lraloeverashop.eu\\\/sk\\\/\",\"logo\":{\"@type\":\"ImageObject\",\"inLanguage\":\"sk-SK\",\"@id\":\"https:\\\/\\\/www.lraloeverashop.eu\\\/sk\\\/#\\\/schema\\\/logo\\\/image\\\/\",\"url\":\"https:\\\/\\\/www.lraloeverashop.eu\\\/wp-content\\\/uploads\\\/2022\\\/09\\\/cropped-Lr-Aloe-Vera-Shop.jpg\",\"contentUrl\":\"https:\\\/\\\/www.lraloeverashop.eu\\\/wp-content\\\/uploads\\\/2022\\\/09\\\/cropped-Lr-Aloe-Vera-Shop.jpg\",\"width\":228,\"height\":76,\"caption\":\"Lr Obchod Aloe Vera\"},\"image\":{\"@id\":\"https:\\\/\\\/www.lraloeverashop.eu\\\/sk\\\/#\\\/schema\\\/logo\\\/image\\\/\"},\"sameAs\":[\"https:\\\/\\\/www.facebook.com\\\/lraloeverashop.eu\",\"https:\\\/\\\/x.com\\\/natur__kosmetik\",\"https:\\\/\\\/www.youtube.com\\\/channel\\\/UC5oN7BJ8nfYb8RpVtjwDEBA\",\"https:\\\/\\\/www.instagram.com\\\/lrbeautyeu\\\/\"],\"description\":\"Obchod Lr Aloe Vera je va\u0161\u00edm d\u00f4veryhodn\u00fdm miestom pre pr\u00e9miov\u00e9 produkty LR Health & Beauty vyroben\u00e9 v Nemecku. Pon\u00fakame vysokokvalitn\u00e9 rie\u0161enia starostlivosti o ple\u0165 s Aloe Vera, v\u00fd\u017eivu a proti starnutiu, vyroben\u00e9 z \u010dist\u00fdch ingredienci\u00ed a podlo\u017een\u00e9 vedeck\u00fdm v\u00fdskumom. Objavte pr\u00edrodn\u00fa starostlivos\u0165, ktor\u00e1 regeneruje, chr\u00e1ni a revitalizuje va\u0161u ple\u0165 \u2013 a vyu\u017eite exkluz\u00edvne mesa\u010dn\u00e9 ponuky na na\u0161e najpred\u00e1vanej\u0161ie produkty LR Aloe Vera.\\nZa\u010dnite svoju cestu za pr\u00edrodnou starostlivos\u0165ou o ple\u0165 e\u0161te dnes a poc\u00ed\u0165te rozdiel.\",\"email\":\"info@lraloeverashop.eu\",\"telephone\":\"+49 17670609653\",\"legalName\":\"Lr Aloe Vera Shop\",\"foundingDate\":\"2018-04-21\",\"numberOfEmployees\":{\"@type\":\"QuantitativeValue\",\"minValue\":\"1\",\"maxValue\":\"10\"}}]}<\/script>\n<meta property=\"product:price:amount\" content=\"223.99\" \/>\n<meta property=\"product:price:currency\" content=\"EUR\" \/>\n<meta property=\"og:availability\" content=\"instock\" \/>\n<meta property=\"product:availability\" content=\"instock\" \/>\n<meta property=\"product:retailer_item_id\" content=\"80706-481SK\" \/>\n<meta property=\"product:condition\" content=\"new\" \/>\n<!-- \/ Yoast SEO Premium plugin. -->","yoast_head_json":{"title":"Aloe Vera na Pitie s Medom Posil\u0148uje zdravie a imunitu","description":"Aloe Vera na Pitie s Medom pozost\u00e1va s 90% aloe vera gelu a 9% pr\u00edrodn\u00fdm medom. Obsahuje 200 pr\u00edrodn\u00fdch zlo\u017eiek, ktor\u00e9 s\u00fa telu prospe\u0161n\u00e9.","robots":{"index":"index","follow":"follow","max-snippet":"max-snippet:-1","max-image-preview":"max-image-preview:large","max-video-preview":"max-video-preview:-1"},"canonical":"https:\/\/www.lraloeverashop.eu\/sk\/produkt\/aloe-vera-na-pitie-6\/","og_locale":"sk_SK","og_type":"article","og_title":"Aloe Vera na Pitie s Medom 6 Flia\u0161","og_description":"Aloe Vera na Pitie s Medom pozost\u00e1va s 90% aloe vera gelu a 9% pr\u00edrodn\u00fdm medom. Obsahuje 200 pr\u00edrodn\u00fdch zlo\u017eiek, ktor\u00e9 s\u00fa telu prospe\u0161n\u00e9.","og_url":"https:\/\/www.lraloeverashop.eu\/sk\/produkt\/aloe-vera-na-pitie-6\/","og_site_name":"Lr Obchod Aloe Vera","article_publisher":"https:\/\/www.facebook.com\/lraloeverashop.eu","article_modified_time":"2026-03-25T17:34:13+00:00","og_image":[{"width":1200,"height":1200,"url":"https:\/\/www.lraloeverashop.eu\/wp-content\/uploads\/2022\/10\/Aloe-Vera-Drinking-Gel-Honey-6-Pcs-Set.jpg","type":"image\/jpeg"}],"twitter_card":"summary_large_image","twitter_site":"@natur__kosmetik","schema":{"@context":"https:\/\/schema.org","@graph":[{"@type":["WebPage","ItemPage"],"@id":"https:\/\/www.lraloeverashop.eu\/sk\/produkt\/aloe-vera-na-pitie-6\/","url":"https:\/\/www.lraloeverashop.eu\/sk\/produkt\/aloe-vera-na-pitie-6\/","name":"Aloe Vera na Pitie s Medom Posil\u0148uje zdravie a imunitu","isPartOf":{"@id":"https:\/\/www.lraloeverashop.eu\/sk\/#website"},"primaryImageOfPage":{"@id":"https:\/\/www.lraloeverashop.eu\/sk\/produkt\/aloe-vera-na-pitie-6\/#primaryimage"},"image":{"@id":"https:\/\/www.lraloeverashop.eu\/sk\/produkt\/aloe-vera-na-pitie-6\/#primaryimage"},"thumbnailUrl":"https:\/\/www.lraloeverashop.eu\/wp-content\/uploads\/2022\/10\/Aloe-Vera-Drinking-Gel-Honey-6-Pcs-Set.jpg","datePublished":"2022-10-11T18:54:30+00:00","dateModified":"2026-03-25T17:34:13+00:00","description":"Aloe Vera na Pitie s Medom pozost\u00e1va s 90% aloe vera gelu a 9% pr\u00edrodn\u00fdm medom. Obsahuje 200 pr\u00edrodn\u00fdch zlo\u017eiek, ktor\u00e9 s\u00fa telu prospe\u0161n\u00e9.","breadcrumb":{"@id":"https:\/\/www.lraloeverashop.eu\/sk\/produkt\/aloe-vera-na-pitie-6\/#breadcrumb"},"inLanguage":"sk-SK","potentialAction":[{"@type":"ReadAction","target":["https:\/\/www.lraloeverashop.eu\/sk\/produkt\/aloe-vera-na-pitie-6\/"]}]},{"@type":"ImageObject","inLanguage":"sk-SK","@id":"https:\/\/www.lraloeverashop.eu\/sk\/produkt\/aloe-vera-na-pitie-6\/#primaryimage","url":"https:\/\/www.lraloeverashop.eu\/wp-content\/uploads\/2022\/10\/Aloe-Vera-Drinking-Gel-Honey-6-Pcs-Set.jpg","contentUrl":"https:\/\/www.lraloeverashop.eu\/wp-content\/uploads\/2022\/10\/Aloe-Vera-Drinking-Gel-Honey-6-Pcs-Set.jpg","width":1200,"height":1200,"caption":"Aloe Vera G\u00e9l na Pitie s Medom sa sklad\u00e1 z 90% \u010dist\u00e9ho Aloe Vera g\u00e9lu"},{"@type":"BreadcrumbList","@id":"https:\/\/www.lraloeverashop.eu\/sk\/produkt\/aloe-vera-na-pitie-6\/#breadcrumb","itemListElement":[{"@type":"ListItem","position":1,"name":"Home","item":"https:\/\/www.lraloeverashop.eu\/sk\/"},{"@type":"ListItem","position":2,"name":"Obchod","item":"https:\/\/www.lraloeverashop.eu\/shop\/"},{"@type":"ListItem","position":3,"name":"Aloe Vera na Pitie s Medom 6 Flia\u0161"}]},{"@type":"WebSite","@id":"https:\/\/www.lraloeverashop.eu\/sk\/#website","url":"https:\/\/www.lraloeverashop.eu\/sk\/","name":"Lr Obchod Aloe Vera","description":"High Quality Lr Aloe Vera Gel, Aloe Vera Cream and Shampoo","publisher":{"@id":"https:\/\/www.lraloeverashop.eu\/sk\/#organization"},"potentialAction":[{"@type":"SearchAction","target":{"@type":"EntryPoint","urlTemplate":"https:\/\/www.lraloeverashop.eu\/sk\/?s={search_term_string}"},"query-input":{"@type":"PropertyValueSpecification","valueRequired":true,"valueName":"search_term_string"}}],"inLanguage":"sk-SK"},{"@type":"Organization","@id":"https:\/\/www.lraloeverashop.eu\/sk\/#organization","name":"Lr Obchod Aloe Vera","alternateName":"LR","url":"https:\/\/www.lraloeverashop.eu\/sk\/","logo":{"@type":"ImageObject","inLanguage":"sk-SK","@id":"https:\/\/www.lraloeverashop.eu\/sk\/#\/schema\/logo\/image\/","url":"https:\/\/www.lraloeverashop.eu\/wp-content\/uploads\/2022\/09\/cropped-Lr-Aloe-Vera-Shop.jpg","contentUrl":"https:\/\/www.lraloeverashop.eu\/wp-content\/uploads\/2022\/09\/cropped-Lr-Aloe-Vera-Shop.jpg","width":228,"height":76,"caption":"Lr Obchod Aloe Vera"},"image":{"@id":"https:\/\/www.lraloeverashop.eu\/sk\/#\/schema\/logo\/image\/"},"sameAs":["https:\/\/www.facebook.com\/lraloeverashop.eu","https:\/\/x.com\/natur__kosmetik","https:\/\/www.youtube.com\/channel\/UC5oN7BJ8nfYb8RpVtjwDEBA","https:\/\/www.instagram.com\/lrbeautyeu\/"],"description":"Obchod Lr Aloe Vera je va\u0161\u00edm d\u00f4veryhodn\u00fdm miestom pre pr\u00e9miov\u00e9 produkty LR Health & Beauty vyroben\u00e9 v Nemecku. Pon\u00fakame vysokokvalitn\u00e9 rie\u0161enia starostlivosti o ple\u0165 s Aloe Vera, v\u00fd\u017eivu a proti starnutiu, vyroben\u00e9 z \u010dist\u00fdch ingredienci\u00ed a podlo\u017een\u00e9 vedeck\u00fdm v\u00fdskumom. Objavte pr\u00edrodn\u00fa starostlivos\u0165, ktor\u00e1 regeneruje, chr\u00e1ni a revitalizuje va\u0161u ple\u0165 \u2013 a vyu\u017eite exkluz\u00edvne mesa\u010dn\u00e9 ponuky na na\u0161e najpred\u00e1vanej\u0161ie produkty LR Aloe Vera.\nZa\u010dnite svoju cestu za pr\u00edrodnou starostlivos\u0165ou o ple\u0165 e\u0161te dnes a poc\u00ed\u0165te rozdiel.","email":"info@lraloeverashop.eu","telephone":"+49 17670609653","legalName":"Lr Aloe Vera Shop","foundingDate":"2018-04-21","numberOfEmployees":{"@type":"QuantitativeValue","minValue":"1","maxValue":"10"}}]},"product_price_amount":"223.99","product_price_currency":"EUR","og_availability":"instock","product_availability":"instock","product_retailer_item_id":"80706-481SK","product_condition":"new"},"taxonomy_info":{"product_cat":[{"value":295,"label":"Aloe Vera G\u00e9ly na pitie"},{"value":438,"label":"\u010crev\u00e1 a Tr\u00e1venie"},{"value":468,"label":"\u0160pecialisti"},{"value":459,"label":"U\u0161etrite v setoch"},{"value":402,"label":"Z\u00e1klad"}],"product_tag":[{"value":622,"label":"Detoxika\u010dn\u00e9 n\u00e1poje"}]},"featured_image_src_large":["https:\/\/www.lraloeverashop.eu\/wp-content\/uploads\/2022\/10\/Aloe-Vera-Drinking-Gel-Honey-6-Pcs-Set-1024x1024.jpg",1024,1024,true],"author_info":[],"comment_info":0,"_links":{"self":[{"href":"https:\/\/www.lraloeverashop.eu\/sk\/wp-json\/wp\/v2\/product\/10094","targetHints":{"allow":["GET"]}}],"collection":[{"href":"https:\/\/www.lraloeverashop.eu\/sk\/wp-json\/wp\/v2\/product"}],"about":[{"href":"https:\/\/www.lraloeverashop.eu\/sk\/wp-json\/wp\/v2\/types\/product"}],"replies":[{"embeddable":true,"href":"https:\/\/www.lraloeverashop.eu\/sk\/wp-json\/wp\/v2\/comments?post=10094"}],"wp:featuredmedia":[{"embeddable":true,"href":"https:\/\/www.lraloeverashop.eu\/sk\/wp-json\/wp\/v2\/media\/5314"}],"wp:attachment":[{"href":"https:\/\/www.lraloeverashop.eu\/sk\/wp-json\/wp\/v2\/media?parent=10094"}],"wp:term":[{"taxonomy":"product_brand","embeddable":true,"href":"https:\/\/www.lraloeverashop.eu\/sk\/wp-json\/wp\/v2\/product_brand?post=10094"},{"taxonomy":"product_cat","embeddable":true,"href":"https:\/\/www.lraloeverashop.eu\/sk\/wp-json\/wp\/v2\/product_cat?post=10094"},{"taxonomy":"product_tag","embeddable":true,"href":"https:\/\/www.lraloeverashop.eu\/sk\/wp-json\/wp\/v2\/product_tag?post=10094"}],"curies":[{"name":"wp","href":"https:\/\/api.w.org\/{rel}","templated":true}]}}