{"id":10058,"date":"2022-10-11T21:11:53","date_gmt":"2022-10-11T19:11:53","guid":{"rendered":"https:\/\/www.lraloeverashop.eu\/product\/aloe-vera-na-pitie-freedom\/"},"modified":"2026-01-05T08:10:00","modified_gmt":"2026-01-05T07:10:00","slug":"aloe-vera-na-pitie-freedom","status":"publish","type":"product","link":"https:\/\/www.lraloeverashop.eu\/sk\/produkt\/aloe-vera-na-pitie-freedom\/","title":{"rendered":"Aloe Vera Na Pitie Freedom 6 Flia\u0161"},"content":{"rendered":"<h2><span style=\"font-size: 16pt;\"><strong>Aloe Vera Na Pitie Freedom 6 Flia\u0161<\/strong><\/span><\/h2>\n<p><span style=\"font-size: 14pt;\"><strong>Aloe Vera Na Pitie Freedom &#8211; 88% aloe vera g\u00e9l na prevenciu artrit\u00eddy<\/strong><\/span><\/p>\n<p>Aloe Vera na Pitie Freedom so \u017eivinami na k\u013aby je vynikaj\u00facou podporou. Vo va\u0161om ka\u017edodennom \u017eivote s\u00fa va\u0161e k\u013aby be\u017ene vystaven\u00e9 stresu a \u00fanave, najm\u00e4 na kolen\u00e1ch a bokoch.<\/p>\n<p>Na udr\u017eanie k\u013abov je dobre sa pravidelne pohybova\u0165 a poskytova\u0165 telu najd\u00f4le\u017eitej\u0161ie \u017eiviny. Lr Aloe Vera Na Pitie Freedom pon\u00faka optim\u00e1lnu kombin\u00e1ciu akt\u00edvnych zlo\u017eiek na podporu pohybu va\u0161ich k\u013abov.<\/p>\n<p>G\u00e9l obsahuje glukozam\u00ednsulf\u00e1t, chondroitinsulf\u00e1t, kolagenhydrolyz\u00e1t a Vitam\u00edny C + E. Aloe vera tu p\u00f4sob\u00ed nielen na zn\u00ed\u017eenie opuchu, z\u00e1palu, bolestivosti, na \u00farovni <a href=\"https:\/\/www.lraloeverashop.eu\/sk\/produkt\/aloe-vera-na-pitie-sivera\/\">detoxik\u00e1cie<\/a> a regener\u00e1cie, ale aj ako ve\u013emi efekt\u00edvny nosi\u010d, ktor\u00fd spo\u013eahlivo doprav\u00ed chondroprotetika ku chrupavk\u00e1m (chrupavky nemaj\u00fa toti\u017e cievne z\u00e1sobenie).<\/p>\n<p>Aloe vera Freedom m\u00e1 ako jedin\u00fd na trhu certifik\u00e1cie kvality IASC a pe\u010da\u0165 prest\u00ed\u017eneho in\u0161tit\u00fatu Fresenius nielen na surovinu, ale aj na <a href=\"https:\/\/www.lraloeverashop.eu\/sk\/produkt\/aloe-vera-gel-na-pitie-freedom\/\">kone\u010dn\u00fd produkt<\/a>.<\/p>\n<p>&nbsp;<\/p>\n<h3><span style=\"font-size: 16pt;\"><strong>Aloe vera g\u00e9l = nosi\u010d chondroprotekt\u00edv ku chrupavke!<\/strong><\/span><\/h3>\n<p><strong><span style=\"color: #800000;\">Glukosam\u00edn sulf\u00e1t:<\/span><\/strong> prirodzen\u00e1 s\u00fa\u010das\u0165 k\u013abov\u00fdch chrupaviek a synovi\u00e1lnej tekutiny. Stavebn\u00fd kame\u0148 k\u013abov\u00e9ho maziva a stimuluje k\u013abne bunky k tvorbe kolag\u00e9nu. Pom\u00e1ha uklada\u0165 do kost\u00ed <a href=\"https:\/\/www.lraloeverashop.eu\/sk\/produkt\/woman-phyto-activ-kapsule\/\">v\u00e1pnik<\/a>. Ovplyv\u0148uje pozit\u00edvne rovnov\u00e1hu dejov v chrupavke. Zmier\u0148uje boles\u0165, ovplyv\u0148uje z\u00e1pal. Spoma\u013euje degenerat\u00edvne procesy v medzistavcov\u00fdch platni\u010dky. Zastavuje <a href=\"https:\/\/www.lraloeverashop.eu\/sk\/aloe-vera-napoj-od-lr-health-beauty\/\">stratu k\u013abovej chrupavky<\/a> pri dlhodobom <span style=\"color: #000000;\">u\u017e\u00edvan\u00ed<\/span>.<\/p>\n<p><strong><span style=\"color: #800000;\">Chondroit\u00edn sulf\u00e1t:<\/span><\/strong> je najm\u00e4 v medzibunkovej hmote. Osmoticky zadr\u017eiava vodu a zvy\u0161uje pru\u017enos\u0165 chrupavky a umo\u017e\u0148uje jej v\u00fd\u017eivu. Bez neho je chrupavka such\u00e1, tenk\u00e1, krehk\u00e1 a atrofuje. Je d\u00f4le\u017eit\u00fd pre tkanivo, kde nie s\u00fa cievy. Zni\u017euje hladinu cholesterolu, zni\u017euje riziko krvn\u00fdch zrazen\u00edn, tvorbu plakov v cievach. M\u00e1 pozit\u00edvny vplyv na hojenie jaziev. P\u00f4sob\u00ed prevent\u00edvne u niektor\u00fdch typov n\u00e1dorov.<\/p>\n<p><strong><span style=\"color: #800000;\">Kolagenhydrolyz\u00e1t:<\/span><\/strong> <a href=\"https:\/\/sk.wikipedia.org\/wiki\/Kolag%C3%A9nne_v%C3%A4zivo\">Kolagenhydrolyz\u00e1t<\/a> je dobr\u00fdm prostriedkom na prevenciu artr\u00f3zy a na jej lie\u010dbu. Vznik\u00e1 \u0161tiepen\u00edm hov\u00e4dzieho kolag\u00e9nu, dobre sa vstreb\u00e1va a je rozpustn\u00fd vo vode. Vitam\u00edn C zabezpe\u010duje synt\u00e9zu kolag\u00e9nu.<\/p>\n<p>&nbsp;<\/p>\n<h4 style=\"text-align: center;\"><span style=\"font-size: 20px;\"><strong><span style=\"color: #ff0000;\">N\u00e1zor, \u017ee kolag\u00e9n neprejde \u010drevnou stenou a \u017ee sa preto nedostane do chrupavkovit\u00fdch buniek, bol vyvr\u00e1ten\u00fd v\u00fdsledkami najnov\u0161\u00edch v\u00fdskumov.<\/span><\/strong><\/span><\/h4>\n<p>&nbsp;<\/p>\n<p>Pred nieko\u013ek\u00fdmi rokmi bolo prv\u00fdkr\u00e1t experiment\u00e1lne dok\u00e1zan\u00e9, \u017ee kolag\u00e9n-hydrolyz\u00e1t stimuluje biosynt\u00e9zu kolag\u00e9nu typu II v chrupavkovit\u00fdch bunk\u00e1ch. Spr\u00e1vu o tomto prelomu v s\u00fa\u010dasnej ortop\u00e9dii podal Dr. Ludwig Weh z Berchtesgadene na konferencii v Mn\u00edchove. T\u00fdm sa m\u00f4\u017ee vytvori\u0165 novo chrupavkovit\u00e9 tkanivo, ktor\u00e9 potom \u00fa\u010dinne br\u00e1ni opotrebovaniu k\u013abu, ako potvrdil Dr.Weh.<\/p>\n<p>Preto\u017ee nikto sa nedok\u00e1\u017ee vyhn\u00fa\u0165 opotrebovanie k\u013abov z d\u00f4vodov veku alebo z\u00e1\u0165a\u017ee, je v tomto d\u00f4le\u017eit\u00e1 predov\u0161etk\u00fdm prevencia artr\u00f3zy, ako tvrd\u00ed profesor Wolfgang Pf\u00f6rringer z Mn\u00edchova. K nej patr\u00ed v prvom rade redukcia hmotnosti stravou a pravideln\u00fd telesn\u00fd pohyb.<\/p>\n<p>Pod\u013ea Pf\u00f6rringera m\u00f4\u017eu by\u0165 stravovacie doplnky s kolag\u00e9n-hydrolyz\u00e1tom zmyslupln\u00e9 mo\u017enost\u00ed na prevenciu a terapiu artr\u00f3zy. Zv\u00fd\u0161en\u00e1 potreba kolag\u00e9nu je najm\u00e4 u \u0161portovcov, v povolaniach s vysok\u00fdm nam\u00e1han\u00edm k\u013abov, pri rehabilit\u00e1cii a v obdob\u00ed rastu.<\/p>\n<p>MUDr.Weh kon\u0161tatoval, \u017ee pacienti s \u013eahkou formou artr\u00f3zy, ktor\u00ed boli o\u0161etren\u00ed kolag\u00e9n-hydrolyz\u00e1tom, potvrdili, \u017ee po \u0161tyroch a\u017e \u0161iestich t\u00fd\u017ed\u0148och u\u017e\u00edvania zaznamenali zv\u00fd\u0161en\u00fa pohyblivos\u0165 svojich k\u013abov a zmiernenie bolest\u00ed.<\/p>\n<p>V jednej zo \u0161t\u00fadi\u00ed, ktorej spracovanie sa MUDr. Weh z\u00fa\u010dastnil osobne, boli testovan\u00e9 biomechanick\u00e9 vlastnosti artrotick\u00fdch k\u013abov na prstoch r\u00fak 24 pacientov na po\u010d\u00edta\u010di riadenom sk\u00fa\u0161obnom stroji na nap\u00ednanie prstov. Preuk\u00e1zalo sa, \u017ee ka\u017edodenn\u00e1 d\u00e1vka 10 gramov kolag\u00e9nu-hydrolyz\u00e1tu po \u0161iestich t\u00fd\u017ed\u0148och v\u00fdrazne zv\u00fd\u0161ila odolnos\u0165 &#8211; za\u0165a\u017eite\u013enos\u0165 k\u013abov.<\/p>\n<p>&nbsp;<\/p>\n<h2><span style=\"font-size: 16pt;\"><strong>Odpor\u00fa\u010dan\u00e9 denn\u00e9 d\u00e1vkovanie Aloe Vera Na Pitie Freedom<\/strong><\/span><\/h2>\n<p>30 ml Aloe Vera Na Pitie Freedom 3 kr\u00e1t denne, najlep\u0161ie pred jedlom (m\u00f4\u017eete ho mie\u0161a\u0165 s vodou alebo ovocnou \u0161\u0165avou).<br \/>\nOdpor\u00fa\u010dan\u00fd recept: Sk\u00faste prida\u0165 Aloe Vera Na Pitie Freedom do poh\u00e1ra ovocnej \u0161\u0165avy alebo ju zmie\u0161a\u0165 s \u010derstv\u00fdm ovocn\u00fdm a zeleninov\u00fdm smoothie.<br \/>\nPred pou\u017eit\u00edm pretrepte. Chladni\u010dky po otvoren\u00ed a okam\u017eite spotrebujte. Nepresahujte odpor\u00fa\u010dan\u00fa denn\u00fa d\u00e1vku.<br \/>\nDi\u00e9tne doplnky nie s\u00fa n\u00e1hradou za bohat\u00fa a vyv\u00e1\u017een\u00fa stravu v kombin\u00e1cii so zdrav\u00fdm \u017eivotn\u00fdm \u0161t\u00fdlom.<br \/>\nV\u00fdrobok uchov\u00e1vajte mimo dosahu det\u00ed.<\/p>\n<p>&nbsp;<\/p>\n<p><strong>Aloe Vera Na Pitie Freedom nem\u00e1 na trhu ekvivalentn\u00fd produkt, ktor\u00fd sa mu kvalitou alebo \u00fa\u010dinkami vyrovn\u00e1<\/strong><\/p>\n<p>&nbsp;<\/p>\n<h3><strong><span style=\"font-size: 16pt;\">\u010casto kladen\u00e9 ot\u00e1zky<\/span><\/strong><\/h3>\n<p><strong>\u010co je v Aloe Vera Na Pitie Freedom ?<\/strong><br \/>\nListy rastliny Aloe Vera s\u00fa obzvl\u00e1\u0161\u0165 masivne, zatia\u013e \u010do vonkaj\u0161ie rastliny s\u00fa obklopen\u00e9 hustou, zelenou k\u00f4rou. Vn\u00fatorn\u00e1 \u010das\u0165 listu pozost\u00e1va z vrstvy lepidla a parench\u00fdmu, \u010do je vrstva, v ktorej je g\u00e9l pr\u00edtomn\u00fd. Tento \u010d\u00edry g\u00e9l obsahuje v\u0161etky cenn\u00e9 ingrediencie a pou\u017e\u00edva sa na drinking g\u00e9l.<\/p>\n<p><strong>Pre\u010do pou\u017e\u00edva spolo\u010dnos\u0165 Lr v\u00fdlu\u010dne Aloe Vera Barbadensis Miller pre svoje n\u00e1pojov\u00e9 g\u00e9ly?<\/strong><br \/>\nAloe Vera Barbadensis Miller je jedin\u00fd druh medzi viac ako 200 druhmi Aloe Vera ktor\u00fd sa m\u00f4\u017ee konzumova\u0165 ako jedlo. \u010casto spom\u00ednan\u00fd Aloe Arborescens obsahuje vysok\u00e9 percento alo\u00ednu, \u010do ho rob\u00ed nevhodn\u00fdm na konzum\u00e1ciu. Spolo\u010dnos\u0165 Lr pou\u017e\u00edva v\u00fdlu\u010dne Aloe Vera Barbadensis Miller na v\u00fdrobu produktov Aloe Vera.<\/p>\n<p><strong>M\u00f4\u017eem otvori\u0165 doma Aloe Vera rastlinu a pi\u0165 g\u00e9l?<\/strong><br \/>\nSpotreba \u010dist\u00e9ho listov\u00e9ho g\u00e9lu Aloe Vera v nespracovanej forme sa neodpor\u00fa\u010da. Je nevyhnutn\u00e9, aby k\u00f4ra bola starostlivo oddelen\u00e1 od vn\u00fatorn\u00e9ho g\u00e9lu. Vrstva aloe je pripnut\u00e1 pod ko\u017eu, \u010do je \u017elt\u00e1 \u0161\u0165ava, ktor\u00fa treba pred konzum\u00e1ciou opatrne odstr\u00e1ni\u0165. Extrakcia Aloe Vera g\u00e9lu z k\u00f4ry by sa mala vykon\u00e1va\u0165 pod doh\u013eadom odborn\u00edkov.<\/p>\n<p>Aloin je preh\u00e1\u0148adlo, ktor\u00e9 m\u00f4\u017ee sp\u00f4sobi\u0165 hna\u010dku, ke\u010f sa spotreb\u00fava vo ve\u013ek\u00fdch mno\u017estv\u00e1ch. To je d\u00f4vod, pre\u010do mno\u017estvo Aloe Vera v <a href=\"https:\/\/www.lraloeverashop.eu\/sk\/produkt\/aloe-vera-napoj-freedom\/\">Lr Aloe Vera Gel Freedom<\/a> podlieha pravideln\u00fdm kontrol\u00e1m. Okrem toho m\u00e1 Aloe Vera v \u010distej forme hork\u00fa chu\u0165. V ka\u017edom pr\u00edpade je \u013eah\u0161ie konzumova\u0165 Aloe Vera Na Pitie Freedom, ktor\u00fd m\u00e1 skvel\u00fa chu\u0165.<\/p>\n","protected":false},"excerpt":{"rendered":"<ul>\n<li>88% \u010dist\u00fd listov\u00fd g\u00e9l Aloe Vera<\/li>\n<li>Na prevenciu artrit\u00eddy<\/li>\n<li>Zlep\u0161enie funkcie k\u013abov<\/li>\n<li>S vitam\u00ednom C podporuje tvorbu kolag\u00e9nu pre norm\u00e1lnu funkciu chrupavky<\/li>\n<li>Obsah: 6 x 1000 ml<\/li>\n<li>Produkt vyroben\u00fd v Nemecku<\/li>\n<\/ul>\n<p>&nbsp;<\/p>\n","protected":false},"featured_media":5296,"comment_status":"open","ping_status":"closed","template":"","meta":{"_kad_blocks_custom_css":"","_kad_blocks_head_custom_js":"","_kad_blocks_body_custom_js":"","_kad_blocks_footer_custom_js":"","_kadence_starter_templates_imported_post":false,"_kad_post_transparent":"default","_kad_post_title":"","_kad_post_layout":"default","_kad_post_sidebar_id":"","_kad_post_content_style":"default","_kad_post_vertical_padding":"default","_kad_post_feature":"","_kad_post_feature_position":"","_kad_post_header":false,"_kad_post_footer":false,"_kad_post_classname":""},"product_brand":[],"product_cat":[295,438,420,468,459,402],"product_tag":[622,684],"class_list":{"0":"post-10058","1":"product","2":"type-product","3":"status-publish","4":"has-post-thumbnail","6":"product_cat-gely-na-pitie","7":"product_cat-creva-a-travenie","8":"product_cat-kosti-klby-a-svaly","9":"product_cat-specialista","10":"product_cat-usetrite-v-setoch","11":"product_cat-zaklad","12":"product_tag-detoxikacne-napoje","13":"product_tag-na-bolest-klbov","15":"first","16":"instock","17":"taxable","18":"shipping-taxable","19":"purchasable","20":"product-type-simple","21":"entry","22":"content-bg","23":"loop-entry"},"yoast_head":"<!-- This site is optimized with the Yoast SEO Premium plugin v27.4 (Yoast SEO v27.4) - https:\/\/yoast.com\/product\/yoast-seo-premium-wordpress\/ -->\n<title>Aloe Vera Na Pitie Freedom - 88% G\u00e9l na prevenciu artrit\u00eddy<\/title>\n<meta name=\"description\" content=\"Aloe Vera Na Pitie Freedom pon\u00faka optim\u00e1lnu kombin\u00e1ciu \u00fa\u010dinn\u00fdch l\u00e1tok na podporu pohybu va\u0161ich k\u013abov. S vitam\u00ednom C podporuje tvorbu kolag\u00e9nu.\" \/>\n<meta name=\"robots\" content=\"index, follow, max-snippet:-1, max-image-preview:large, max-video-preview:-1\" \/>\n<link rel=\"canonical\" href=\"https:\/\/www.lraloeverashop.eu\/sk\/produkt\/aloe-vera-na-pitie-freedom\/\" \/>\n<meta property=\"og:locale\" content=\"sk_SK\" \/>\n<meta property=\"og:type\" content=\"article\" \/>\n<meta property=\"og:title\" content=\"Aloe Vera Na Pitie Freedom 6 Flia\u0161\" \/>\n<meta property=\"og:description\" content=\"Aloe Vera Na Pitie Freedom pon\u00faka optim\u00e1lnu kombin\u00e1ciu \u00fa\u010dinn\u00fdch l\u00e1tok na podporu pohybu va\u0161ich k\u013abov. S vitam\u00ednom C podporuje tvorbu kolag\u00e9nu.\" \/>\n<meta property=\"og:url\" content=\"https:\/\/www.lraloeverashop.eu\/sk\/produkt\/aloe-vera-na-pitie-freedom\/\" \/>\n<meta property=\"og:site_name\" content=\"Lr Obchod Aloe Vera\" \/>\n<meta property=\"article:publisher\" content=\"https:\/\/www.facebook.com\/lraloeverashop.eu\" \/>\n<meta property=\"article:modified_time\" content=\"2026-01-05T07:10:00+00:00\" \/>\n<meta property=\"og:image\" content=\"https:\/\/www.lraloeverashop.eu\/wp-content\/uploads\/2022\/10\/Aloe-Vera-Drinking-Gel-Active-Freedom-6-Pcs-Set.jpg\" \/>\n\t<meta property=\"og:image:width\" content=\"1200\" \/>\n\t<meta property=\"og:image:height\" content=\"1200\" \/>\n\t<meta property=\"og:image:type\" content=\"image\/jpeg\" \/>\n<meta name=\"twitter:card\" content=\"summary_large_image\" \/>\n<meta name=\"twitter:site\" content=\"@natur__kosmetik\" \/>\n<script type=\"application\/ld+json\" class=\"yoast-schema-graph\">{\"@context\":\"https:\\\/\\\/schema.org\",\"@graph\":[{\"@type\":[\"WebPage\",\"ItemPage\"],\"@id\":\"https:\\\/\\\/www.lraloeverashop.eu\\\/sk\\\/produkt\\\/aloe-vera-na-pitie-freedom\\\/\",\"url\":\"https:\\\/\\\/www.lraloeverashop.eu\\\/sk\\\/produkt\\\/aloe-vera-na-pitie-freedom\\\/\",\"name\":\"Aloe Vera Na Pitie Freedom - 88% G\u00e9l na prevenciu artrit\u00eddy\",\"isPartOf\":{\"@id\":\"https:\\\/\\\/www.lraloeverashop.eu\\\/sk\\\/#website\"},\"primaryImageOfPage\":{\"@id\":\"https:\\\/\\\/www.lraloeverashop.eu\\\/sk\\\/produkt\\\/aloe-vera-na-pitie-freedom\\\/#primaryimage\"},\"image\":{\"@id\":\"https:\\\/\\\/www.lraloeverashop.eu\\\/sk\\\/produkt\\\/aloe-vera-na-pitie-freedom\\\/#primaryimage\"},\"thumbnailUrl\":\"https:\\\/\\\/www.lraloeverashop.eu\\\/wp-content\\\/uploads\\\/2022\\\/10\\\/Aloe-Vera-Drinking-Gel-Active-Freedom-6-Pcs-Set.jpg\",\"datePublished\":\"2022-10-11T19:11:53+00:00\",\"dateModified\":\"2026-01-05T07:10:00+00:00\",\"description\":\"Aloe Vera Na Pitie Freedom pon\u00faka optim\u00e1lnu kombin\u00e1ciu \u00fa\u010dinn\u00fdch l\u00e1tok na podporu pohybu va\u0161ich k\u013abov. S vitam\u00ednom C podporuje tvorbu kolag\u00e9nu.\",\"breadcrumb\":{\"@id\":\"https:\\\/\\\/www.lraloeverashop.eu\\\/sk\\\/produkt\\\/aloe-vera-na-pitie-freedom\\\/#breadcrumb\"},\"inLanguage\":\"sk-SK\",\"potentialAction\":[{\"@type\":\"ReadAction\",\"target\":[\"https:\\\/\\\/www.lraloeverashop.eu\\\/sk\\\/produkt\\\/aloe-vera-na-pitie-freedom\\\/\"]}]},{\"@type\":\"ImageObject\",\"inLanguage\":\"sk-SK\",\"@id\":\"https:\\\/\\\/www.lraloeverashop.eu\\\/sk\\\/produkt\\\/aloe-vera-na-pitie-freedom\\\/#primaryimage\",\"url\":\"https:\\\/\\\/www.lraloeverashop.eu\\\/wp-content\\\/uploads\\\/2022\\\/10\\\/Aloe-Vera-Drinking-Gel-Active-Freedom-6-Pcs-Set.jpg\",\"contentUrl\":\"https:\\\/\\\/www.lraloeverashop.eu\\\/wp-content\\\/uploads\\\/2022\\\/10\\\/Aloe-Vera-Drinking-Gel-Active-Freedom-6-Pcs-Set.jpg\",\"width\":1200,\"height\":1200,\"caption\":\"Aloe Vera G\u00e9l Na Pitie Freedom na prevenciu artrit\u00eddy\"},{\"@type\":\"BreadcrumbList\",\"@id\":\"https:\\\/\\\/www.lraloeverashop.eu\\\/sk\\\/produkt\\\/aloe-vera-na-pitie-freedom\\\/#breadcrumb\",\"itemListElement\":[{\"@type\":\"ListItem\",\"position\":1,\"name\":\"Home\",\"item\":\"https:\\\/\\\/www.lraloeverashop.eu\\\/sk\\\/\"},{\"@type\":\"ListItem\",\"position\":2,\"name\":\"Obchod\",\"item\":\"https:\\\/\\\/www.lraloeverashop.eu\\\/shop\\\/\"},{\"@type\":\"ListItem\",\"position\":3,\"name\":\"Aloe Vera Na Pitie Freedom 6 Flia\u0161\"}]},{\"@type\":\"WebSite\",\"@id\":\"https:\\\/\\\/www.lraloeverashop.eu\\\/sk\\\/#website\",\"url\":\"https:\\\/\\\/www.lraloeverashop.eu\\\/sk\\\/\",\"name\":\"Lr Obchod Aloe Vera\",\"description\":\"High Quality Lr Aloe Vera Gel, Aloe Vera Cream and Shampoo\",\"publisher\":{\"@id\":\"https:\\\/\\\/www.lraloeverashop.eu\\\/sk\\\/#organization\"},\"potentialAction\":[{\"@type\":\"SearchAction\",\"target\":{\"@type\":\"EntryPoint\",\"urlTemplate\":\"https:\\\/\\\/www.lraloeverashop.eu\\\/sk\\\/?s={search_term_string}\"},\"query-input\":{\"@type\":\"PropertyValueSpecification\",\"valueRequired\":true,\"valueName\":\"search_term_string\"}}],\"inLanguage\":\"sk-SK\"},{\"@type\":\"Organization\",\"@id\":\"https:\\\/\\\/www.lraloeverashop.eu\\\/sk\\\/#organization\",\"name\":\"Lr Obchod Aloe Vera\",\"alternateName\":\"LR\",\"url\":\"https:\\\/\\\/www.lraloeverashop.eu\\\/sk\\\/\",\"logo\":{\"@type\":\"ImageObject\",\"inLanguage\":\"sk-SK\",\"@id\":\"https:\\\/\\\/www.lraloeverashop.eu\\\/sk\\\/#\\\/schema\\\/logo\\\/image\\\/\",\"url\":\"https:\\\/\\\/www.lraloeverashop.eu\\\/wp-content\\\/uploads\\\/2022\\\/09\\\/cropped-Lr-Aloe-Vera-Shop.jpg\",\"contentUrl\":\"https:\\\/\\\/www.lraloeverashop.eu\\\/wp-content\\\/uploads\\\/2022\\\/09\\\/cropped-Lr-Aloe-Vera-Shop.jpg\",\"width\":228,\"height\":76,\"caption\":\"Lr Obchod Aloe Vera\"},\"image\":{\"@id\":\"https:\\\/\\\/www.lraloeverashop.eu\\\/sk\\\/#\\\/schema\\\/logo\\\/image\\\/\"},\"sameAs\":[\"https:\\\/\\\/www.facebook.com\\\/lraloeverashop.eu\",\"https:\\\/\\\/x.com\\\/natur__kosmetik\",\"https:\\\/\\\/www.youtube.com\\\/channel\\\/UC5oN7BJ8nfYb8RpVtjwDEBA\",\"https:\\\/\\\/www.instagram.com\\\/lrbeautyeu\\\/\"],\"description\":\"Obchod Lr Aloe Vera je va\u0161\u00edm d\u00f4veryhodn\u00fdm miestom pre pr\u00e9miov\u00e9 produkty LR Health & Beauty vyroben\u00e9 v Nemecku. Pon\u00fakame vysokokvalitn\u00e9 rie\u0161enia starostlivosti o ple\u0165 s Aloe Vera, v\u00fd\u017eivu a proti starnutiu, vyroben\u00e9 z \u010dist\u00fdch ingredienci\u00ed a podlo\u017een\u00e9 vedeck\u00fdm v\u00fdskumom. Objavte pr\u00edrodn\u00fa starostlivos\u0165, ktor\u00e1 regeneruje, chr\u00e1ni a revitalizuje va\u0161u ple\u0165 \u2013 a vyu\u017eite exkluz\u00edvne mesa\u010dn\u00e9 ponuky na na\u0161e najpred\u00e1vanej\u0161ie produkty LR Aloe Vera.\\nZa\u010dnite svoju cestu za pr\u00edrodnou starostlivos\u0165ou o ple\u0165 e\u0161te dnes a poc\u00ed\u0165te rozdiel.\",\"email\":\"info@lraloeverashop.eu\",\"telephone\":\"+49 17670609653\",\"legalName\":\"Lr Aloe Vera Shop\",\"foundingDate\":\"2018-04-21\",\"numberOfEmployees\":{\"@type\":\"QuantitativeValue\",\"minValue\":\"1\",\"maxValue\":\"10\"}}]}<\/script>\n<meta property=\"product:price:amount\" content=\"245.99\" \/>\n<meta property=\"product:price:currency\" content=\"EUR\" \/>\n<meta property=\"og:availability\" content=\"instock\" \/>\n<meta property=\"product:availability\" content=\"instock\" \/>\n<meta property=\"product:retailer_item_id\" content=\"80856-480SK\" \/>\n<meta property=\"product:condition\" content=\"new\" \/>\n<!-- \/ Yoast SEO Premium plugin. -->","yoast_head_json":{"title":"Aloe Vera Na Pitie Freedom - 88% G\u00e9l na prevenciu artrit\u00eddy","description":"Aloe Vera Na Pitie Freedom pon\u00faka optim\u00e1lnu kombin\u00e1ciu \u00fa\u010dinn\u00fdch l\u00e1tok na podporu pohybu va\u0161ich k\u013abov. S vitam\u00ednom C podporuje tvorbu kolag\u00e9nu.","robots":{"index":"index","follow":"follow","max-snippet":"max-snippet:-1","max-image-preview":"max-image-preview:large","max-video-preview":"max-video-preview:-1"},"canonical":"https:\/\/www.lraloeverashop.eu\/sk\/produkt\/aloe-vera-na-pitie-freedom\/","og_locale":"sk_SK","og_type":"article","og_title":"Aloe Vera Na Pitie Freedom 6 Flia\u0161","og_description":"Aloe Vera Na Pitie Freedom pon\u00faka optim\u00e1lnu kombin\u00e1ciu \u00fa\u010dinn\u00fdch l\u00e1tok na podporu pohybu va\u0161ich k\u013abov. S vitam\u00ednom C podporuje tvorbu kolag\u00e9nu.","og_url":"https:\/\/www.lraloeverashop.eu\/sk\/produkt\/aloe-vera-na-pitie-freedom\/","og_site_name":"Lr Obchod Aloe Vera","article_publisher":"https:\/\/www.facebook.com\/lraloeverashop.eu","article_modified_time":"2026-01-05T07:10:00+00:00","og_image":[{"width":1200,"height":1200,"url":"https:\/\/www.lraloeverashop.eu\/wp-content\/uploads\/2022\/10\/Aloe-Vera-Drinking-Gel-Active-Freedom-6-Pcs-Set.jpg","type":"image\/jpeg"}],"twitter_card":"summary_large_image","twitter_site":"@natur__kosmetik","schema":{"@context":"https:\/\/schema.org","@graph":[{"@type":["WebPage","ItemPage"],"@id":"https:\/\/www.lraloeverashop.eu\/sk\/produkt\/aloe-vera-na-pitie-freedom\/","url":"https:\/\/www.lraloeverashop.eu\/sk\/produkt\/aloe-vera-na-pitie-freedom\/","name":"Aloe Vera Na Pitie Freedom - 88% G\u00e9l na prevenciu artrit\u00eddy","isPartOf":{"@id":"https:\/\/www.lraloeverashop.eu\/sk\/#website"},"primaryImageOfPage":{"@id":"https:\/\/www.lraloeverashop.eu\/sk\/produkt\/aloe-vera-na-pitie-freedom\/#primaryimage"},"image":{"@id":"https:\/\/www.lraloeverashop.eu\/sk\/produkt\/aloe-vera-na-pitie-freedom\/#primaryimage"},"thumbnailUrl":"https:\/\/www.lraloeverashop.eu\/wp-content\/uploads\/2022\/10\/Aloe-Vera-Drinking-Gel-Active-Freedom-6-Pcs-Set.jpg","datePublished":"2022-10-11T19:11:53+00:00","dateModified":"2026-01-05T07:10:00+00:00","description":"Aloe Vera Na Pitie Freedom pon\u00faka optim\u00e1lnu kombin\u00e1ciu \u00fa\u010dinn\u00fdch l\u00e1tok na podporu pohybu va\u0161ich k\u013abov. S vitam\u00ednom C podporuje tvorbu kolag\u00e9nu.","breadcrumb":{"@id":"https:\/\/www.lraloeverashop.eu\/sk\/produkt\/aloe-vera-na-pitie-freedom\/#breadcrumb"},"inLanguage":"sk-SK","potentialAction":[{"@type":"ReadAction","target":["https:\/\/www.lraloeverashop.eu\/sk\/produkt\/aloe-vera-na-pitie-freedom\/"]}]},{"@type":"ImageObject","inLanguage":"sk-SK","@id":"https:\/\/www.lraloeverashop.eu\/sk\/produkt\/aloe-vera-na-pitie-freedom\/#primaryimage","url":"https:\/\/www.lraloeverashop.eu\/wp-content\/uploads\/2022\/10\/Aloe-Vera-Drinking-Gel-Active-Freedom-6-Pcs-Set.jpg","contentUrl":"https:\/\/www.lraloeverashop.eu\/wp-content\/uploads\/2022\/10\/Aloe-Vera-Drinking-Gel-Active-Freedom-6-Pcs-Set.jpg","width":1200,"height":1200,"caption":"Aloe Vera G\u00e9l Na Pitie Freedom na prevenciu artrit\u00eddy"},{"@type":"BreadcrumbList","@id":"https:\/\/www.lraloeverashop.eu\/sk\/produkt\/aloe-vera-na-pitie-freedom\/#breadcrumb","itemListElement":[{"@type":"ListItem","position":1,"name":"Home","item":"https:\/\/www.lraloeverashop.eu\/sk\/"},{"@type":"ListItem","position":2,"name":"Obchod","item":"https:\/\/www.lraloeverashop.eu\/shop\/"},{"@type":"ListItem","position":3,"name":"Aloe Vera Na Pitie Freedom 6 Flia\u0161"}]},{"@type":"WebSite","@id":"https:\/\/www.lraloeverashop.eu\/sk\/#website","url":"https:\/\/www.lraloeverashop.eu\/sk\/","name":"Lr Obchod Aloe Vera","description":"High Quality Lr Aloe Vera Gel, Aloe Vera Cream and Shampoo","publisher":{"@id":"https:\/\/www.lraloeverashop.eu\/sk\/#organization"},"potentialAction":[{"@type":"SearchAction","target":{"@type":"EntryPoint","urlTemplate":"https:\/\/www.lraloeverashop.eu\/sk\/?s={search_term_string}"},"query-input":{"@type":"PropertyValueSpecification","valueRequired":true,"valueName":"search_term_string"}}],"inLanguage":"sk-SK"},{"@type":"Organization","@id":"https:\/\/www.lraloeverashop.eu\/sk\/#organization","name":"Lr Obchod Aloe Vera","alternateName":"LR","url":"https:\/\/www.lraloeverashop.eu\/sk\/","logo":{"@type":"ImageObject","inLanguage":"sk-SK","@id":"https:\/\/www.lraloeverashop.eu\/sk\/#\/schema\/logo\/image\/","url":"https:\/\/www.lraloeverashop.eu\/wp-content\/uploads\/2022\/09\/cropped-Lr-Aloe-Vera-Shop.jpg","contentUrl":"https:\/\/www.lraloeverashop.eu\/wp-content\/uploads\/2022\/09\/cropped-Lr-Aloe-Vera-Shop.jpg","width":228,"height":76,"caption":"Lr Obchod Aloe Vera"},"image":{"@id":"https:\/\/www.lraloeverashop.eu\/sk\/#\/schema\/logo\/image\/"},"sameAs":["https:\/\/www.facebook.com\/lraloeverashop.eu","https:\/\/x.com\/natur__kosmetik","https:\/\/www.youtube.com\/channel\/UC5oN7BJ8nfYb8RpVtjwDEBA","https:\/\/www.instagram.com\/lrbeautyeu\/"],"description":"Obchod Lr Aloe Vera je va\u0161\u00edm d\u00f4veryhodn\u00fdm miestom pre pr\u00e9miov\u00e9 produkty LR Health & Beauty vyroben\u00e9 v Nemecku. Pon\u00fakame vysokokvalitn\u00e9 rie\u0161enia starostlivosti o ple\u0165 s Aloe Vera, v\u00fd\u017eivu a proti starnutiu, vyroben\u00e9 z \u010dist\u00fdch ingredienci\u00ed a podlo\u017een\u00e9 vedeck\u00fdm v\u00fdskumom. Objavte pr\u00edrodn\u00fa starostlivos\u0165, ktor\u00e1 regeneruje, chr\u00e1ni a revitalizuje va\u0161u ple\u0165 \u2013 a vyu\u017eite exkluz\u00edvne mesa\u010dn\u00e9 ponuky na na\u0161e najpred\u00e1vanej\u0161ie produkty LR Aloe Vera.\nZa\u010dnite svoju cestu za pr\u00edrodnou starostlivos\u0165ou o ple\u0165 e\u0161te dnes a poc\u00ed\u0165te rozdiel.","email":"info@lraloeverashop.eu","telephone":"+49 17670609653","legalName":"Lr Aloe Vera Shop","foundingDate":"2018-04-21","numberOfEmployees":{"@type":"QuantitativeValue","minValue":"1","maxValue":"10"}}]},"product_price_amount":"245.99","product_price_currency":"EUR","og_availability":"instock","product_availability":"instock","product_retailer_item_id":"80856-480SK","product_condition":"new"},"taxonomy_info":{"product_cat":[{"value":295,"label":"Aloe Vera G\u00e9ly na pitie"},{"value":438,"label":"\u010crev\u00e1 a Tr\u00e1venie"},{"value":420,"label":"Kosti, k\u013aby a Svaly"},{"value":468,"label":"\u0160pecialisti"},{"value":459,"label":"U\u0161etrite v setoch"},{"value":402,"label":"Z\u00e1klad"}],"product_tag":[{"value":622,"label":"Detoxika\u010dn\u00e9 n\u00e1poje"},{"value":684,"label":"na boles\u0165 k\u013abov"}]},"featured_image_src_large":["https:\/\/www.lraloeverashop.eu\/wp-content\/uploads\/2022\/10\/Aloe-Vera-Drinking-Gel-Active-Freedom-6-Pcs-Set-1024x1024.jpg",1024,1024,true],"author_info":[],"comment_info":0,"_links":{"self":[{"href":"https:\/\/www.lraloeverashop.eu\/sk\/wp-json\/wp\/v2\/product\/10058","targetHints":{"allow":["GET"]}}],"collection":[{"href":"https:\/\/www.lraloeverashop.eu\/sk\/wp-json\/wp\/v2\/product"}],"about":[{"href":"https:\/\/www.lraloeverashop.eu\/sk\/wp-json\/wp\/v2\/types\/product"}],"replies":[{"embeddable":true,"href":"https:\/\/www.lraloeverashop.eu\/sk\/wp-json\/wp\/v2\/comments?post=10058"}],"wp:featuredmedia":[{"embeddable":true,"href":"https:\/\/www.lraloeverashop.eu\/sk\/wp-json\/wp\/v2\/media\/5296"}],"wp:attachment":[{"href":"https:\/\/www.lraloeverashop.eu\/sk\/wp-json\/wp\/v2\/media?parent=10058"}],"wp:term":[{"taxonomy":"product_brand","embeddable":true,"href":"https:\/\/www.lraloeverashop.eu\/sk\/wp-json\/wp\/v2\/product_brand?post=10058"},{"taxonomy":"product_cat","embeddable":true,"href":"https:\/\/www.lraloeverashop.eu\/sk\/wp-json\/wp\/v2\/product_cat?post=10058"},{"taxonomy":"product_tag","embeddable":true,"href":"https:\/\/www.lraloeverashop.eu\/sk\/wp-json\/wp\/v2\/product_tag?post=10058"}],"curies":[{"name":"wp","href":"https:\/\/api.w.org\/{rel}","templated":true}]}}