{"id":6444,"date":"2022-09-22T13:07:14","date_gmt":"2022-09-22T11:07:14","guid":{"rendered":"https:\/\/www.lraloeverashop.eu\/zasady-vratenia-tovaru\/"},"modified":"2024-10-16T07:55:48","modified_gmt":"2024-10-16T05:55:48","slug":"zasady-vratenia-tovaru","status":"publish","type":"page","link":"https:\/\/www.lraloeverashop.eu\/sk\/zasady-vratenia-tovaru\/","title":{"rendered":"Z\u00e1sady vr\u00e1tenia tovaru"},"content":{"rendered":"\n<p class=\"has-medium-font-size\"><strong>D\u00d4LE\u017dIT\u00c9 UPOZORNENIE<\/strong><\/p>\n\n\n\n<p><strong><mark class=\"has-inline-color\" style=\"background-color: rgba(0, 0, 0, 0); color: #ff0000;\">D\u00f4le\u017eit\u00e9 upozornenie: Pod\u013ea \u00a7 312 g ods. 2 \u010d. 3 BGB sa pr\u00e1vo na zru\u0161enie nevz\u0165ahuje na zmluvy o dodan\u00ed zape\u010daten\u00e9ho tovaru, ktor\u00fd nie je vhodn\u00e9 vr\u00e1ti\u0165 zo zdravotn\u00fdch alebo hygienick\u00fdch d\u00f4vodov, ak bola po dodan\u00ed odstr\u00e1nen\u00e1 pe\u010da\u0165.<\/mark><\/strong><\/p>\n\n\n\n<p>Objedn\u00e1vku m\u00f4\u017eete zru\u0161i\u0165 alebo vr\u00e1ti\u0165 do \u0161trn\u00e1stich dn\u00ed bez udania d\u00f4vodu. Lehota na odst\u00fapenie od zmluvy sa po\u010d\u00edta \u0161trn\u00e1s\u0165 dn\u00ed odo d\u0148a, ke\u010f ste vy alebo vami ur\u010den\u00e1 tretia strana, ktor\u00e1 nie je prepravcom, prevzali posledn\u00fd produkt.<\/p>\n\n\n\n<p>Ak si \u017eel\u00e1te zru\u0161i\u0165 alebo vr\u00e1ti\u0165 svoju objedn\u00e1vku, poskytnite n\u00e1m p\u00edsomn\u00e9 ozn\u00e1menie zaslan\u00e9 Lr Aloe Vera Shop, (Stanislav Rurik) Schillerstr. 8, D-70771 Leinfelden Echterdingen, Nemecko, telef\u00f3n: +49 176 70 60 96 53, e-mail: info@lraloeverashop.eu, pred uplynut\u00edm lehoty na odst\u00fapenie od zmluvy.\r\nPosta\u010duje vyhl\u00e1senie (napr. list alebo e-mail) o va\u0161om rozhodnut\u00ed odst\u00fapi\u0165 od zmluvy.<\/p>\n\n\n\n<p>Vr\u00e1tenie pe\u0148az\u00ed sa pok\u00fasime pou\u017ei\u0165 rovnak\u00fdm sp\u00f4sobom, ktor\u00fd bol pou\u017eit\u00fd na uskuto\u010dnenie platby, \u010do najsk\u00f4r a najnesk\u00f4r do 14 dn\u00ed od prijatia v\u00e1\u0161ho ozn\u00e1menia o zru\u0161en\u00ed za predpokladu, \u017ee sme dostali polo\u017eky alebo d\u00f4kaz o tom, \u017ee ste polo\u017eky poslali sp\u00e4\u0165. Na vr\u00e1tenie pe\u0148az\u00ed mo\u017eno pou\u017ei\u0165 in\u00fd sp\u00f4sob platby, ak s takouto zmenou s\u00fahlas\u00edte; v \u017eiadnom pr\u00edpade to nebude znamena\u0165 \u017eiadne \u010fal\u0161ie poplatky. Vr\u00e1ten\u00e1 platba, ktor\u00fa dostanete, nezah\u0155\u0148a n\u00e1klady na doru\u010denie. Vr\u00e1time v\u00e1m iba peniaze za produkty ktore ste u nas kupili.<\/p>\n\n\n\n<p><strong>Pre v\u0161etky z\u00e1sielky, ktor\u00e9 nie je mo\u017en\u00e9 doru\u010di\u0165 klientovi, DHL organizuje vr\u00e1tenie na p\u00f4vodn\u00fa adresu odosielate\u013ea. N\u00e1klady na dopravu nebud\u00fa vr\u00e1ten\u00e9 a klientovi bude \u00fa\u010dtovan\u00fd poplatok za vr\u00e1tenie vo v\u00fd\u0161ke 4 eur.<\/strong><\/p>\n\n\n\n<p>To neplat\u00ed, ak Klient svoje pr\u00e1vo na odst\u00fapenie od zmluvy \u00fa\u010dinne vyu\u017eije, ak dod\u00e1vku nemo\u017eno uskuto\u010dni\u0165 z d\u00f4vodu okolnost\u00ed, ktor\u00e9 Klient nem\u00f4\u017ee ovplyvni\u0165 alebo ak mu bolo do\u010dasne s\u0165a\u017een\u00e9 prijatie pon\u00fakanej slu\u017eby, pokia\u013e Pred\u00e1vaj\u00faci neupovedomil Klienta o slu\u017ebu na primeran\u00fd \u010das vopred.<\/p>\n\n\n\n<p>Ak je polo\u017eka, ktor\u00fa ste dostali, chybn\u00e1, okam\u017eite to ozn\u00e1mte spolo\u010dnosti Naturkosmetik &amp; Aloe Vera Beratung a vr\u00e1\u0165te polo\u017eku v s\u00falade s \u010das\u0165ou Vr\u00e1tenie tovaru ni\u017e\u0161ie. Naturkosmetik &amp; Aloe Vera Beratung poskytne pln\u00fa n\u00e1hradu za v\u0161etky produkty, ktor\u00e9 sa pova\u017euj\u00fa za chybn\u00e9. Tu uveden\u00e9 ustanovenia neobmedzuj\u00fa \u017eiadne platn\u00e9 z\u00e1konn\u00e9 pr\u00e1va.<\/p>\n\n\n<style>.wp-block-kadence-advancedheading.kt-adv-heading6444_e11275-56, .wp-block-kadence-advancedheading.kt-adv-heading6444_e11275-56[data-kb-block=\"kb-adv-heading6444_e11275-56\"]{font-size:24px;font-style:normal;}.wp-block-kadence-advancedheading.kt-adv-heading6444_e11275-56 mark.kt-highlight, .wp-block-kadence-advancedheading.kt-adv-heading6444_e11275-56[data-kb-block=\"kb-adv-heading6444_e11275-56\"] mark.kt-highlight{font-style:normal;color:#f76a0c;-webkit-box-decoration-break:clone;box-decoration-break:clone;padding-top:0px;padding-right:0px;padding-bottom:0px;padding-left:0px;}.wp-block-kadence-advancedheading.kt-adv-heading6444_e11275-56 img.kb-inline-image, .wp-block-kadence-advancedheading.kt-adv-heading6444_e11275-56[data-kb-block=\"kb-adv-heading6444_e11275-56\"] img.kb-inline-image{width:150px;vertical-align:baseline;}<\/style>\n<p class=\"kt-adv-heading6444_e11275-56 wp-block-kadence-advancedheading\" data-kb-block=\"kb-adv-heading6444_e11275-56\"><strong>VR\u00c1TENIE TOVARU<\/strong><\/p>\n\n\n\n<p>Aloe Vera Obchod garantuje vr\u00e1tenie pe\u0148az\u00ed za vr\u00e1ten\u00e9 polo\u017eky v plnej v\u00fd\u0161ke v s\u00falade s \u010das\u0165ou Odvolanie objedn\u00e1vky za predpokladu, \u017ee v\u0161etky polo\u017eky bud\u00fa vr\u00e1ten\u00e9 v rovnakom stave, v akom boli pri prevzat\u00ed. To znamen\u00e1, \u017ee polo\u017eky nemali by\u0165 odpe\u010daten\u00e9 alebo po\u0161koden\u00e9. M\u00f4\u017eeme odmietnu\u0165 vr\u00e1tenie platby, k\u00fdm nedostaneme tovar.<\/p>\n\n\n\n<p><strong><mark style=\"background-color:rgba(0, 0, 0, 0);color:#ff0000\" class=\"has-inline-color\">Akceptujeme vr\u00e1tenie tovaru iba z kraj\u00edn E\u00da.<\/mark><\/strong><\/p>\n","protected":false},"excerpt":{"rendered":"<p>D\u00d4LE\u017dIT\u00c9 UPOZORNENIE D\u00f4le\u017eit\u00e9 upozornenie: Pod\u013ea \u00a7 312 g ods. 2 \u010d. 3 BGB sa pr\u00e1vo na zru\u0161enie nevz\u0165ahuje na zmluvy o dodan\u00ed zape\u010daten\u00e9ho tovaru, ktor\u00fd nie je vhodn\u00e9 vr\u00e1ti\u0165 zo zdravotn\u00fdch alebo hygienick\u00fdch d\u00f4vodov, ak bola po dodan\u00ed odstr\u00e1nen\u00e1 pe\u010da\u0165. Objedn\u00e1vku m\u00f4\u017eete zru\u0161i\u0165 alebo vr\u00e1ti\u0165 do \u0161trn\u00e1stich dn\u00ed bez udania d\u00f4vodu. Lehota na odst\u00fapenie od&#8230;<\/p>\n","protected":false},"author":2,"featured_media":0,"parent":0,"menu_order":0,"comment_status":"closed","ping_status":"closed","template":"","meta":{"_kad_blocks_custom_css":"","_kad_blocks_head_custom_js":"","_kad_blocks_body_custom_js":"","_kad_blocks_footer_custom_js":"","_kadence_starter_templates_imported_post":false,"_kad_post_transparent":"","_kad_post_title":"","_kad_post_layout":"","_kad_post_sidebar_id":"","_kad_post_content_style":"","_kad_post_vertical_padding":"","_kad_post_feature":"","_kad_post_feature_position":"","_kad_post_header":false,"_kad_post_footer":false,"_kad_post_classname":"","footnotes":""},"class_list":["post-6444","page","type-page","status-publish","hentry"],"yoast_head":"<!-- This site is optimized with the Yoast SEO Premium plugin v27.4 (Yoast SEO v27.4) - https:\/\/yoast.com\/product\/yoast-seo-premium-wordpress\/ -->\n<title>Z\u00e1sady vr\u00e1tenia tovaru - Lr Obchod Aloe Vera<\/title>\n<meta name=\"robots\" content=\"index, follow, max-snippet:-1, max-image-preview:large, max-video-preview:-1\" \/>\n<link rel=\"canonical\" href=\"https:\/\/www.lraloeverashop.eu\/sk\/zasady-vratenia-tovaru\/\" \/>\n<meta property=\"og:locale\" content=\"sk_SK\" \/>\n<meta property=\"og:type\" content=\"article\" \/>\n<meta property=\"og:title\" content=\"Z\u00e1sady vr\u00e1tenia tovaru\" \/>\n<meta property=\"og:description\" content=\"D\u00d4LE\u017dIT\u00c9 UPOZORNENIE D\u00f4le\u017eit\u00e9 upozornenie: Pod\u013ea \u00a7 312 g ods. 2 \u010d. 3 BGB sa pr\u00e1vo na zru\u0161enie nevz\u0165ahuje na zmluvy o dodan\u00ed zape\u010daten\u00e9ho tovaru, ktor\u00fd nie je vhodn\u00e9 vr\u00e1ti\u0165 zo zdravotn\u00fdch alebo hygienick\u00fdch d\u00f4vodov, ak bola po dodan\u00ed odstr\u00e1nen\u00e1 pe\u010da\u0165. Objedn\u00e1vku m\u00f4\u017eete zru\u0161i\u0165 alebo vr\u00e1ti\u0165 do \u0161trn\u00e1stich dn\u00ed bez udania d\u00f4vodu. Lehota na odst\u00fapenie od...\" \/>\n<meta property=\"og:url\" content=\"https:\/\/www.lraloeverashop.eu\/sk\/zasady-vratenia-tovaru\/\" \/>\n<meta property=\"og:site_name\" content=\"Lr Obchod Aloe Vera\" \/>\n<meta property=\"article:publisher\" content=\"https:\/\/www.facebook.com\/lraloeverashop.eu\" \/>\n<meta property=\"article:modified_time\" content=\"2024-10-16T05:55:48+00:00\" \/>\n<meta property=\"og:image\" content=\"https:\/\/www.lraloeverashop.eu\/wp-content\/uploads\/2022\/10\/Zeitgard-Pro-Skin-Care.jpg\" \/>\n\t<meta property=\"og:image:width\" content=\"1607\" \/>\n\t<meta property=\"og:image:height\" content=\"707\" \/>\n\t<meta property=\"og:image:type\" content=\"image\/jpeg\" \/>\n<meta name=\"twitter:card\" content=\"summary_large_image\" \/>\n<meta name=\"twitter:site\" content=\"@natur__kosmetik\" \/>\n<script type=\"application\/ld+json\" class=\"yoast-schema-graph\">{\"@context\":\"https:\\\/\\\/schema.org\",\"@graph\":[{\"@type\":\"WebPage\",\"@id\":\"https:\\\/\\\/www.lraloeverashop.eu\\\/sk\\\/zasady-vratenia-tovaru\\\/\",\"url\":\"https:\\\/\\\/www.lraloeverashop.eu\\\/sk\\\/zasady-vratenia-tovaru\\\/\",\"name\":\"Z\u00e1sady vr\u00e1tenia tovaru - Lr Obchod Aloe Vera\",\"isPartOf\":{\"@id\":\"https:\\\/\\\/www.lraloeverashop.eu\\\/sk\\\/#website\"},\"datePublished\":\"2022-09-22T11:07:14+00:00\",\"dateModified\":\"2024-10-16T05:55:48+00:00\",\"breadcrumb\":{\"@id\":\"https:\\\/\\\/www.lraloeverashop.eu\\\/sk\\\/zasady-vratenia-tovaru\\\/#breadcrumb\"},\"inLanguage\":\"sk-SK\",\"potentialAction\":[{\"@type\":\"ReadAction\",\"target\":[\"https:\\\/\\\/www.lraloeverashop.eu\\\/sk\\\/zasady-vratenia-tovaru\\\/\"]}]},{\"@type\":\"BreadcrumbList\",\"@id\":\"https:\\\/\\\/www.lraloeverashop.eu\\\/sk\\\/zasady-vratenia-tovaru\\\/#breadcrumb\",\"itemListElement\":[{\"@type\":\"ListItem\",\"position\":1,\"name\":\"Home\",\"item\":\"https:\\\/\\\/www.lraloeverashop.eu\\\/sk\\\/\"},{\"@type\":\"ListItem\",\"position\":2,\"name\":\"Z\u00e1sady vr\u00e1tenia tovaru\"}]},{\"@type\":\"WebSite\",\"@id\":\"https:\\\/\\\/www.lraloeverashop.eu\\\/sk\\\/#website\",\"url\":\"https:\\\/\\\/www.lraloeverashop.eu\\\/sk\\\/\",\"name\":\"Lr Obchod Aloe Vera\",\"description\":\"High Quality Lr Aloe Vera Gel, Aloe Vera Cream and Shampoo\",\"publisher\":{\"@id\":\"https:\\\/\\\/www.lraloeverashop.eu\\\/sk\\\/#organization\"},\"potentialAction\":[{\"@type\":\"SearchAction\",\"target\":{\"@type\":\"EntryPoint\",\"urlTemplate\":\"https:\\\/\\\/www.lraloeverashop.eu\\\/sk\\\/?s={search_term_string}\"},\"query-input\":{\"@type\":\"PropertyValueSpecification\",\"valueRequired\":true,\"valueName\":\"search_term_string\"}}],\"inLanguage\":\"sk-SK\"},{\"@type\":\"Organization\",\"@id\":\"https:\\\/\\\/www.lraloeverashop.eu\\\/sk\\\/#organization\",\"name\":\"Lr Obchod Aloe Vera\",\"alternateName\":\"LR\",\"url\":\"https:\\\/\\\/www.lraloeverashop.eu\\\/sk\\\/\",\"logo\":{\"@type\":\"ImageObject\",\"inLanguage\":\"sk-SK\",\"@id\":\"https:\\\/\\\/www.lraloeverashop.eu\\\/sk\\\/#\\\/schema\\\/logo\\\/image\\\/\",\"url\":\"https:\\\/\\\/www.lraloeverashop.eu\\\/wp-content\\\/uploads\\\/2022\\\/09\\\/cropped-Lr-Aloe-Vera-Shop.jpg\",\"contentUrl\":\"https:\\\/\\\/www.lraloeverashop.eu\\\/wp-content\\\/uploads\\\/2022\\\/09\\\/cropped-Lr-Aloe-Vera-Shop.jpg\",\"width\":228,\"height\":76,\"caption\":\"Lr Obchod Aloe Vera\"},\"image\":{\"@id\":\"https:\\\/\\\/www.lraloeverashop.eu\\\/sk\\\/#\\\/schema\\\/logo\\\/image\\\/\"},\"sameAs\":[\"https:\\\/\\\/www.facebook.com\\\/lraloeverashop.eu\",\"https:\\\/\\\/x.com\\\/natur__kosmetik\",\"https:\\\/\\\/www.youtube.com\\\/channel\\\/UC5oN7BJ8nfYb8RpVtjwDEBA\",\"https:\\\/\\\/www.instagram.com\\\/lrbeautyeu\\\/\"],\"description\":\"Obchod Lr Aloe Vera je va\u0161\u00edm d\u00f4veryhodn\u00fdm miestom pre pr\u00e9miov\u00e9 produkty LR Health & Beauty vyroben\u00e9 v Nemecku. Pon\u00fakame vysokokvalitn\u00e9 rie\u0161enia starostlivosti o ple\u0165 s Aloe Vera, v\u00fd\u017eivu a proti starnutiu, vyroben\u00e9 z \u010dist\u00fdch ingredienci\u00ed a podlo\u017een\u00e9 vedeck\u00fdm v\u00fdskumom. Objavte pr\u00edrodn\u00fa starostlivos\u0165, ktor\u00e1 regeneruje, chr\u00e1ni a revitalizuje va\u0161u ple\u0165 \u2013 a vyu\u017eite exkluz\u00edvne mesa\u010dn\u00e9 ponuky na na\u0161e najpred\u00e1vanej\u0161ie produkty LR Aloe Vera.\\nZa\u010dnite svoju cestu za pr\u00edrodnou starostlivos\u0165ou o ple\u0165 e\u0161te dnes a poc\u00ed\u0165te rozdiel.\",\"email\":\"info@lraloeverashop.eu\",\"telephone\":\"+49 17670609653\",\"legalName\":\"Lr Aloe Vera Shop\",\"foundingDate\":\"2018-04-21\",\"numberOfEmployees\":{\"@type\":\"QuantitativeValue\",\"minValue\":\"1\",\"maxValue\":\"10\"}}]}<\/script>\n<!-- \/ Yoast SEO Premium plugin. -->","yoast_head_json":{"title":"Z\u00e1sady vr\u00e1tenia tovaru - Lr Obchod Aloe Vera","robots":{"index":"index","follow":"follow","max-snippet":"max-snippet:-1","max-image-preview":"max-image-preview:large","max-video-preview":"max-video-preview:-1"},"canonical":"https:\/\/www.lraloeverashop.eu\/sk\/zasady-vratenia-tovaru\/","og_locale":"sk_SK","og_type":"article","og_title":"Z\u00e1sady vr\u00e1tenia tovaru","og_description":"D\u00d4LE\u017dIT\u00c9 UPOZORNENIE D\u00f4le\u017eit\u00e9 upozornenie: Pod\u013ea \u00a7 312 g ods. 2 \u010d. 3 BGB sa pr\u00e1vo na zru\u0161enie nevz\u0165ahuje na zmluvy o dodan\u00ed zape\u010daten\u00e9ho tovaru, ktor\u00fd nie je vhodn\u00e9 vr\u00e1ti\u0165 zo zdravotn\u00fdch alebo hygienick\u00fdch d\u00f4vodov, ak bola po dodan\u00ed odstr\u00e1nen\u00e1 pe\u010da\u0165. Objedn\u00e1vku m\u00f4\u017eete zru\u0161i\u0165 alebo vr\u00e1ti\u0165 do \u0161trn\u00e1stich dn\u00ed bez udania d\u00f4vodu. Lehota na odst\u00fapenie od...","og_url":"https:\/\/www.lraloeverashop.eu\/sk\/zasady-vratenia-tovaru\/","og_site_name":"Lr Obchod Aloe Vera","article_publisher":"https:\/\/www.facebook.com\/lraloeverashop.eu","article_modified_time":"2024-10-16T05:55:48+00:00","og_image":[{"width":1607,"height":707,"url":"https:\/\/www.lraloeverashop.eu\/wp-content\/uploads\/2022\/10\/Zeitgard-Pro-Skin-Care.jpg","type":"image\/jpeg"}],"twitter_card":"summary_large_image","twitter_site":"@natur__kosmetik","schema":{"@context":"https:\/\/schema.org","@graph":[{"@type":"WebPage","@id":"https:\/\/www.lraloeverashop.eu\/sk\/zasady-vratenia-tovaru\/","url":"https:\/\/www.lraloeverashop.eu\/sk\/zasady-vratenia-tovaru\/","name":"Z\u00e1sady vr\u00e1tenia tovaru - Lr Obchod Aloe Vera","isPartOf":{"@id":"https:\/\/www.lraloeverashop.eu\/sk\/#website"},"datePublished":"2022-09-22T11:07:14+00:00","dateModified":"2024-10-16T05:55:48+00:00","breadcrumb":{"@id":"https:\/\/www.lraloeverashop.eu\/sk\/zasady-vratenia-tovaru\/#breadcrumb"},"inLanguage":"sk-SK","potentialAction":[{"@type":"ReadAction","target":["https:\/\/www.lraloeverashop.eu\/sk\/zasady-vratenia-tovaru\/"]}]},{"@type":"BreadcrumbList","@id":"https:\/\/www.lraloeverashop.eu\/sk\/zasady-vratenia-tovaru\/#breadcrumb","itemListElement":[{"@type":"ListItem","position":1,"name":"Home","item":"https:\/\/www.lraloeverashop.eu\/sk\/"},{"@type":"ListItem","position":2,"name":"Z\u00e1sady vr\u00e1tenia tovaru"}]},{"@type":"WebSite","@id":"https:\/\/www.lraloeverashop.eu\/sk\/#website","url":"https:\/\/www.lraloeverashop.eu\/sk\/","name":"Lr Obchod Aloe Vera","description":"High Quality Lr Aloe Vera Gel, Aloe Vera Cream and Shampoo","publisher":{"@id":"https:\/\/www.lraloeverashop.eu\/sk\/#organization"},"potentialAction":[{"@type":"SearchAction","target":{"@type":"EntryPoint","urlTemplate":"https:\/\/www.lraloeverashop.eu\/sk\/?s={search_term_string}"},"query-input":{"@type":"PropertyValueSpecification","valueRequired":true,"valueName":"search_term_string"}}],"inLanguage":"sk-SK"},{"@type":"Organization","@id":"https:\/\/www.lraloeverashop.eu\/sk\/#organization","name":"Lr Obchod Aloe Vera","alternateName":"LR","url":"https:\/\/www.lraloeverashop.eu\/sk\/","logo":{"@type":"ImageObject","inLanguage":"sk-SK","@id":"https:\/\/www.lraloeverashop.eu\/sk\/#\/schema\/logo\/image\/","url":"https:\/\/www.lraloeverashop.eu\/wp-content\/uploads\/2022\/09\/cropped-Lr-Aloe-Vera-Shop.jpg","contentUrl":"https:\/\/www.lraloeverashop.eu\/wp-content\/uploads\/2022\/09\/cropped-Lr-Aloe-Vera-Shop.jpg","width":228,"height":76,"caption":"Lr Obchod Aloe Vera"},"image":{"@id":"https:\/\/www.lraloeverashop.eu\/sk\/#\/schema\/logo\/image\/"},"sameAs":["https:\/\/www.facebook.com\/lraloeverashop.eu","https:\/\/x.com\/natur__kosmetik","https:\/\/www.youtube.com\/channel\/UC5oN7BJ8nfYb8RpVtjwDEBA","https:\/\/www.instagram.com\/lrbeautyeu\/"],"description":"Obchod Lr Aloe Vera je va\u0161\u00edm d\u00f4veryhodn\u00fdm miestom pre pr\u00e9miov\u00e9 produkty LR Health & Beauty vyroben\u00e9 v Nemecku. Pon\u00fakame vysokokvalitn\u00e9 rie\u0161enia starostlivosti o ple\u0165 s Aloe Vera, v\u00fd\u017eivu a proti starnutiu, vyroben\u00e9 z \u010dist\u00fdch ingredienci\u00ed a podlo\u017een\u00e9 vedeck\u00fdm v\u00fdskumom. Objavte pr\u00edrodn\u00fa starostlivos\u0165, ktor\u00e1 regeneruje, chr\u00e1ni a revitalizuje va\u0161u ple\u0165 \u2013 a vyu\u017eite exkluz\u00edvne mesa\u010dn\u00e9 ponuky na na\u0161e najpred\u00e1vanej\u0161ie produkty LR Aloe Vera.\nZa\u010dnite svoju cestu za pr\u00edrodnou starostlivos\u0165ou o ple\u0165 e\u0161te dnes a poc\u00ed\u0165te rozdiel.","email":"info@lraloeverashop.eu","telephone":"+49 17670609653","legalName":"Lr Aloe Vera Shop","foundingDate":"2018-04-21","numberOfEmployees":{"@type":"QuantitativeValue","minValue":"1","maxValue":"10"}}]}},"taxonomy_info":[],"featured_image_src_large":false,"author_info":{"display_name":"Stanislav Rurik","author_link":"https:\/\/www.lraloeverashop.eu\/sk\/author\/admin_stanislavrurik\/"},"comment_info":0,"_links":{"self":[{"href":"https:\/\/www.lraloeverashop.eu\/sk\/wp-json\/wp\/v2\/pages\/6444","targetHints":{"allow":["GET"]}}],"collection":[{"href":"https:\/\/www.lraloeverashop.eu\/sk\/wp-json\/wp\/v2\/pages"}],"about":[{"href":"https:\/\/www.lraloeverashop.eu\/sk\/wp-json\/wp\/v2\/types\/page"}],"author":[{"embeddable":true,"href":"https:\/\/www.lraloeverashop.eu\/sk\/wp-json\/wp\/v2\/users\/2"}],"replies":[{"embeddable":true,"href":"https:\/\/www.lraloeverashop.eu\/sk\/wp-json\/wp\/v2\/comments?post=6444"}],"version-history":[{"count":0,"href":"https:\/\/www.lraloeverashop.eu\/sk\/wp-json\/wp\/v2\/pages\/6444\/revisions"}],"wp:attachment":[{"href":"https:\/\/www.lraloeverashop.eu\/sk\/wp-json\/wp\/v2\/media?parent=6444"}],"curies":[{"name":"wp","href":"https:\/\/api.w.org\/{rel}","templated":true}]}}