{"id":6393,"date":"2022-09-22T13:14:57","date_gmt":"2022-09-22T11:14:57","guid":{"rendered":"https:\/\/www.lraloeverashop.eu\/vylucenie-lekarskej-zodpovednosti\/"},"modified":"2022-11-06T14:25:30","modified_gmt":"2022-11-06T13:25:30","slug":"vylucenie-lekarskej-zodpovednosti","status":"publish","type":"page","link":"https:\/\/www.lraloeverashop.eu\/sk\/vylucenie-lekarskej-zodpovednosti\/","title":{"rendered":"VYL\u00da\u010cENIE LEK\u00c1RSKEJ ZODPOVEDNOSTI"},"content":{"rendered":"\n<p class=\"has-medium-font-size\"><strong><mark style=\"background-color:rgba(0, 0, 0, 0)\" class=\"has-inline-color has-theme-palette-3-color\">1<strong>)&nbsp;<\/strong>\u017dIADNA RADA<\/mark><\/strong><\/p>\n\n\n\n<p>1.1  Na\u0161e webov\u00e9 str\u00e1nky obsahuj\u00fa v\u0161eobecn\u00e9 lek\u00e1rske inform\u00e1cie.<br>1.2 Lek\u00e1rske inform\u00e1cie nie s\u00fa radou a nemalo by sa s nimi ako s radou zaobch\u00e1dza\u0165.<\/p>\n\n\n\n<p class=\"has-medium-font-size\"><strong><mark style=\"background-color:rgba(0, 0, 0, 0)\" class=\"has-inline-color has-theme-palette-3-color\">2<strong>)&nbsp;<\/strong>\u017dIADNE Z\u00c1RUKY<\/mark><\/strong><\/p>\n\n\n\n<p>2.1 Lek\u00e1rske inform\u00e1cie na na\u0161ej webovej str\u00e1nke s\u00fa poskytovan\u00e9 bez ak\u00fdchko\u013evek v\u00fdslovn\u00fdch alebo implicitn\u00fdch vyhl\u00e1sen\u00ed alebo z\u00e1ruk.<br>2.2 Bez obmedzenia rozsahu \u010dasti 2.1 nezaru\u010dujeme ani neprehlasujeme, \u017ee lek\u00e1rske inform\u00e1cie na tomto webe:<\/p>\n\n\n\n<p>a) bude neust\u00e1le k dispoz\u00edcii alebo bude k dispoz\u00edcii v\u00f4bec; alebo<\/p>\n\n\n\n<p>b) je pravdiv\u00e9, presn\u00e9, \u00fapln\u00e9, aktu\u00e1lne alebo nezav\u00e1dzaj\u00face.<\/p>\n\n\n\n<p class=\"has-medium-font-size\"><strong><mark style=\"background-color:rgba(0, 0, 0, 0)\" class=\"has-inline-color has-theme-palette-3-color\">3<strong>)&nbsp;<\/strong>LEK\u00c1RSKA POMOC<\/mark><\/strong><\/p>\n\n\n\n<p>3.1 Nesmiete sa spolieha\u0165 na inform\u00e1cie na na\u0161ej webovej str\u00e1nke ako na alternat\u00edvu lek\u00e1rskej rady od svojho lek\u00e1ra alebo in\u00e9ho profesion\u00e1lneho poskytovate\u013ea zdravotnej starostlivosti.<br>3.2 Ak m\u00e1te ak\u00e9ko\u013evek konkr\u00e9tne ot\u00e1zky t\u00fdkaj\u00face sa akejko\u013evek lek\u00e1rskej z\u00e1le\u017eitosti, obr\u00e1\u0165te sa na svojho lek\u00e1ra alebo in\u00e9ho profesion\u00e1lneho lek\u00e1ra.<br>3.3 Ak si mysl\u00edte, \u017ee trp\u00edte nejak\u00fdm zdravotn\u00fdm stavom, mali by ste okam\u017eite vyh\u013eada\u0165 lek\u00e1rsku pomoc.<br>3.4 Nikdy by ste nemali zdr\u017eiava\u0165 vyh\u013eadanie lek\u00e1rskej pomoci, nere\u0161pektova\u0165 lek\u00e1rsku pomoc alebo preru\u0161i\u0165 lek\u00e1rsku starostlivos\u0165 kv\u00f4li inform\u00e1ci\u00e1m na na\u0161ej webovej str\u00e1nke.<\/p>\n\n\n\n<p class=\"has-medium-font-size\"><strong><mark style=\"background-color:rgba(0, 0, 0, 0)\" class=\"has-inline-color has-theme-palette-3-color\">4<strong>)&nbsp;<\/strong>INTERAKT\u00cdVNE FUNKCIE<\/mark><\/strong><\/p>\n\n\n\n<p>4.1 N\u00e1\u0161 web obsahuje interakt\u00edvne funkcie, ktor\u00e9 umo\u017e\u0148uj\u00fa pou\u017e\u00edvate\u013eom s nami komunikova\u0165.<br>4.2 Beriete na vedomie, \u017ee z d\u00f4vodu obmedzenej povahy komunik\u00e1cie prostredn\u00edctvom interakt\u00edvnych funkci\u00ed na\u0161ej webovej str\u00e1nky je pravdepodobn\u00e9, \u017ee ak\u00e1ko\u013evek pomoc, ktor\u00fa z\u00edskate pomocou ak\u00fdchko\u013evek tak\u00fdchto funkci\u00ed, bude ne\u00fapln\u00e1 a dokonca m\u00f4\u017ee by\u0165 zav\u00e1dzaj\u00faca.<br>4.3 Ak\u00e1ko\u013evek pomoc, ktor\u00fa m\u00f4\u017eete z\u00edska\u0165 pomocou ak\u00fdchko\u013evek interakt\u00edvnych funkci\u00ed na\u0161ej webovej str\u00e1nky, nepredstavuje konkr\u00e9tne rady, a preto by sa na \u0148u nemalo spolieha\u0165 bez \u010fal\u0161ieho nez\u00e1visl\u00e9ho potvrdenia.<\/p>\n\n\n\n<p class=\"has-medium-font-size\"><strong><mark style=\"background-color:rgba(0, 0, 0, 0)\" class=\"has-inline-color has-theme-palette-3-color\">5<strong>)&nbsp;<\/strong>OBMEDZENIA VYL\u00da\u010cENIA ZODPOVEDNOSTI<\/mark><\/strong><\/p>\n\n\n\n<p>5.1 Ni\u010d v tomto vyl\u00fa\u010den\u00ed zodpovednosti:<\/p>\n\n\n\n<p>a) obmedzi\u0165 alebo vyl\u00fa\u010di\u0165 ak\u00fako\u013evek zodpovednos\u0165 za smr\u0165 alebo zranenie os\u00f4b vypl\u00fdvaj\u00face z nedbanlivosti;<\/p>\n\n\n\n<p>b) obmedzi\u0165 alebo vyl\u00fa\u010di\u0165 ak\u00fako\u013evek zodpovednos\u0165 za podvod alebo podvodn\u00e9 skreslenie;<\/p>\n\n\n\n<p>(c) obmedzi\u0165 ak\u00e9ko\u013evek z\u00e1v\u00e4zky ak\u00fdmko\u013evek sp\u00f4sobom, ktor\u00fd nie je povolen\u00fd pr\u00edslu\u0161n\u00fdmi z\u00e1konmi; alebo<\/p>\n\n\n\n<p>d) vyl\u00fa\u010di\u0165 v\u0161etky z\u00e1v\u00e4zky, ktor\u00e9 nemo\u017eno vyl\u00fa\u010di\u0165 pod\u013ea platn\u00fdch pr\u00e1vnych predpisov.<\/p>\n","protected":false},"excerpt":{"rendered":"<p>1)&nbsp;\u017dIADNA RADA 1.1 Na\u0161e webov\u00e9 str\u00e1nky obsahuj\u00fa v\u0161eobecn\u00e9 lek\u00e1rske inform\u00e1cie.1.2 Lek\u00e1rske inform\u00e1cie nie s\u00fa radou a nemalo by sa s nimi ako s radou zaobch\u00e1dza\u0165. 2)&nbsp;\u017dIADNE Z\u00c1RUKY 2.1 Lek\u00e1rske inform\u00e1cie na na\u0161ej webovej str\u00e1nke s\u00fa poskytovan\u00e9 bez ak\u00fdchko\u013evek v\u00fdslovn\u00fdch alebo implicitn\u00fdch vyhl\u00e1sen\u00ed alebo z\u00e1ruk.2.2 Bez obmedzenia rozsahu \u010dasti 2.1 nezaru\u010dujeme ani neprehlasujeme, \u017ee lek\u00e1rske inform\u00e1cie&#8230;<\/p>\n","protected":false},"author":2,"featured_media":0,"parent":0,"menu_order":0,"comment_status":"closed","ping_status":"closed","template":"","meta":{"_kad_blocks_custom_css":"","_kad_blocks_head_custom_js":"","_kad_blocks_body_custom_js":"","_kad_blocks_footer_custom_js":"","_kadence_starter_templates_imported_post":false,"_kad_post_transparent":"","_kad_post_title":"","_kad_post_layout":"","_kad_post_sidebar_id":"","_kad_post_content_style":"","_kad_post_vertical_padding":"","_kad_post_feature":"","_kad_post_feature_position":"","_kad_post_header":false,"_kad_post_footer":false,"_kad_post_classname":"","footnotes":""},"class_list":["post-6393","page","type-page","status-publish","hentry"],"yoast_head":"<!-- This site is optimized with the Yoast SEO Premium plugin v27.5 (Yoast SEO v27.5) - https:\/\/yoast.com\/product\/yoast-seo-premium-wordpress\/ -->\n<title>VYL\u00da\u010cENIE LEK\u00c1RSKEJ ZODPOVEDNOSTI - Lr Obchod Aloe Vera<\/title>\n<meta name=\"robots\" content=\"index, follow, max-snippet:-1, max-image-preview:large, max-video-preview:-1\" \/>\n<link rel=\"canonical\" href=\"https:\/\/www.lraloeverashop.eu\/sk\/vylucenie-lekarskej-zodpovednosti\/\" \/>\n<meta property=\"og:locale\" content=\"sk_SK\" \/>\n<meta property=\"og:type\" content=\"article\" \/>\n<meta property=\"og:title\" content=\"VYL\u00da\u010cENIE LEK\u00c1RSKEJ ZODPOVEDNOSTI\" \/>\n<meta property=\"og:description\" content=\"1)&nbsp;\u017dIADNA RADA 1.1 Na\u0161e webov\u00e9 str\u00e1nky obsahuj\u00fa v\u0161eobecn\u00e9 lek\u00e1rske inform\u00e1cie.1.2 Lek\u00e1rske inform\u00e1cie nie s\u00fa radou a nemalo by sa s nimi ako s radou zaobch\u00e1dza\u0165. 2)&nbsp;\u017dIADNE Z\u00c1RUKY 2.1 Lek\u00e1rske inform\u00e1cie na na\u0161ej webovej str\u00e1nke s\u00fa poskytovan\u00e9 bez ak\u00fdchko\u013evek v\u00fdslovn\u00fdch alebo implicitn\u00fdch vyhl\u00e1sen\u00ed alebo z\u00e1ruk.2.2 Bez obmedzenia rozsahu \u010dasti 2.1 nezaru\u010dujeme ani neprehlasujeme, \u017ee lek\u00e1rske inform\u00e1cie...\" \/>\n<meta property=\"og:url\" content=\"https:\/\/www.lraloeverashop.eu\/sk\/vylucenie-lekarskej-zodpovednosti\/\" \/>\n<meta property=\"og:site_name\" content=\"Lr Obchod Aloe Vera\" \/>\n<meta property=\"article:publisher\" content=\"https:\/\/www.facebook.com\/lraloeverashop.eu\" \/>\n<meta property=\"article:modified_time\" content=\"2022-11-06T13:25:30+00:00\" \/>\n<meta property=\"og:image\" content=\"https:\/\/www.lraloeverashop.eu\/wp-content\/uploads\/2022\/10\/Zeitgard-Pro-Skin-Care.jpg\" \/>\n\t<meta property=\"og:image:width\" content=\"1607\" \/>\n\t<meta property=\"og:image:height\" content=\"707\" \/>\n\t<meta property=\"og:image:type\" content=\"image\/jpeg\" \/>\n<meta name=\"twitter:card\" content=\"summary_large_image\" \/>\n<meta name=\"twitter:site\" content=\"@natur__kosmetik\" \/>\n<script type=\"application\/ld+json\" class=\"yoast-schema-graph\">{\"@context\":\"https:\\\/\\\/schema.org\",\"@graph\":[{\"@type\":\"WebPage\",\"@id\":\"https:\\\/\\\/www.lraloeverashop.eu\\\/sk\\\/vylucenie-lekarskej-zodpovednosti\\\/\",\"url\":\"https:\\\/\\\/www.lraloeverashop.eu\\\/sk\\\/vylucenie-lekarskej-zodpovednosti\\\/\",\"name\":\"VYL\u00da\u010cENIE LEK\u00c1RSKEJ ZODPOVEDNOSTI - Lr Obchod Aloe Vera\",\"isPartOf\":{\"@id\":\"https:\\\/\\\/www.lraloeverashop.eu\\\/sk\\\/#website\"},\"datePublished\":\"2022-09-22T11:14:57+00:00\",\"dateModified\":\"2022-11-06T13:25:30+00:00\",\"breadcrumb\":{\"@id\":\"https:\\\/\\\/www.lraloeverashop.eu\\\/sk\\\/vylucenie-lekarskej-zodpovednosti\\\/#breadcrumb\"},\"inLanguage\":\"sk-SK\",\"potentialAction\":[{\"@type\":\"ReadAction\",\"target\":[\"https:\\\/\\\/www.lraloeverashop.eu\\\/sk\\\/vylucenie-lekarskej-zodpovednosti\\\/\"]}]},{\"@type\":\"BreadcrumbList\",\"@id\":\"https:\\\/\\\/www.lraloeverashop.eu\\\/sk\\\/vylucenie-lekarskej-zodpovednosti\\\/#breadcrumb\",\"itemListElement\":[{\"@type\":\"ListItem\",\"position\":1,\"name\":\"Home\",\"item\":\"https:\\\/\\\/www.lraloeverashop.eu\\\/sk\\\/aloe-vera-obchod-vsetko-pre-vasu-krasu-a-pohodu\\\/\"},{\"@type\":\"ListItem\",\"position\":2,\"name\":\"VYL\u00da\u010cENIE LEK\u00c1RSKEJ ZODPOVEDNOSTI\"}]},{\"@type\":\"WebSite\",\"@id\":\"https:\\\/\\\/www.lraloeverashop.eu\\\/sk\\\/#website\",\"url\":\"https:\\\/\\\/www.lraloeverashop.eu\\\/sk\\\/\",\"name\":\"Lr Obchod Aloe Vera\",\"description\":\"High Quality Lr Aloe Vera Gel, Aloe Vera Cream and Shampoo\",\"publisher\":{\"@id\":\"https:\\\/\\\/www.lraloeverashop.eu\\\/sk\\\/#organization\"},\"alternateName\":\"LR\",\"potentialAction\":[{\"@type\":\"SearchAction\",\"target\":{\"@type\":\"EntryPoint\",\"urlTemplate\":\"https:\\\/\\\/www.lraloeverashop.eu\\\/sk\\\/?s={search_term_string}\"},\"query-input\":{\"@type\":\"PropertyValueSpecification\",\"valueRequired\":true,\"valueName\":\"search_term_string\"}}],\"inLanguage\":\"sk-SK\"},{\"@type\":\"Organization\",\"@id\":\"https:\\\/\\\/www.lraloeverashop.eu\\\/sk\\\/#organization\",\"name\":\"Lr Obchod Aloe Vera\",\"alternateName\":\"LR\",\"url\":\"https:\\\/\\\/www.lraloeverashop.eu\\\/sk\\\/\",\"logo\":{\"@type\":\"ImageObject\",\"inLanguage\":\"sk-SK\",\"@id\":\"https:\\\/\\\/www.lraloeverashop.eu\\\/sk\\\/#\\\/schema\\\/logo\\\/image\\\/\",\"url\":\"https:\\\/\\\/www.lraloeverashop.eu\\\/wp-content\\\/uploads\\\/2022\\\/09\\\/cropped-Lr-Aloe-Vera-Shop.jpg\",\"contentUrl\":\"https:\\\/\\\/www.lraloeverashop.eu\\\/wp-content\\\/uploads\\\/2022\\\/09\\\/cropped-Lr-Aloe-Vera-Shop.jpg\",\"width\":228,\"height\":76,\"caption\":\"Lr Obchod Aloe Vera\"},\"image\":{\"@id\":\"https:\\\/\\\/www.lraloeverashop.eu\\\/sk\\\/#\\\/schema\\\/logo\\\/image\\\/\"},\"sameAs\":[\"https:\\\/\\\/www.facebook.com\\\/lraloeverashop.eu\",\"https:\\\/\\\/x.com\\\/natur__kosmetik\",\"https:\\\/\\\/www.youtube.com\\\/channel\\\/UC5oN7BJ8nfYb8RpVtjwDEBA\",\"https:\\\/\\\/www.instagram.com\\\/lrbeautyeu\\\/\"],\"description\":\"Obchod Lr Aloe Vera je va\u0161\u00edm d\u00f4veryhodn\u00fdm miestom pre pr\u00e9miov\u00e9 produkty LR Health & Beauty vyroben\u00e9 v Nemecku. Pon\u00fakame vysokokvalitn\u00e9 rie\u0161enia starostlivosti o ple\u0165 s Aloe Vera, v\u00fd\u017eivu a proti starnutiu, vyroben\u00e9 z \u010dist\u00fdch ingredienci\u00ed a podlo\u017een\u00e9 vedeck\u00fdm v\u00fdskumom. Objavte pr\u00edrodn\u00fa starostlivos\u0165, ktor\u00e1 regeneruje, chr\u00e1ni a revitalizuje va\u0161u ple\u0165 \u2013 a vyu\u017eite exkluz\u00edvne mesa\u010dn\u00e9 ponuky na na\u0161e najpred\u00e1vanej\u0161ie produkty LR Aloe Vera.\\nZa\u010dnite svoju cestu za pr\u00edrodnou starostlivos\u0165ou o ple\u0165 e\u0161te dnes a poc\u00ed\u0165te rozdiel.\",\"email\":\"info@lraloeverashop.eu\",\"telephone\":\"+49 17670609653\",\"legalName\":\"Lr Aloe Vera Shop\",\"foundingDate\":\"2018-04-21\",\"numberOfEmployees\":{\"@type\":\"QuantitativeValue\",\"minValue\":\"1\",\"maxValue\":\"10\"}}]}<\/script>\n<!-- \/ Yoast SEO Premium plugin. -->","yoast_head_json":{"title":"VYL\u00da\u010cENIE LEK\u00c1RSKEJ ZODPOVEDNOSTI - Lr Obchod Aloe Vera","robots":{"index":"index","follow":"follow","max-snippet":"max-snippet:-1","max-image-preview":"max-image-preview:large","max-video-preview":"max-video-preview:-1"},"canonical":"https:\/\/www.lraloeverashop.eu\/sk\/vylucenie-lekarskej-zodpovednosti\/","og_locale":"sk_SK","og_type":"article","og_title":"VYL\u00da\u010cENIE LEK\u00c1RSKEJ ZODPOVEDNOSTI","og_description":"1)&nbsp;\u017dIADNA RADA 1.1 Na\u0161e webov\u00e9 str\u00e1nky obsahuj\u00fa v\u0161eobecn\u00e9 lek\u00e1rske inform\u00e1cie.1.2 Lek\u00e1rske inform\u00e1cie nie s\u00fa radou a nemalo by sa s nimi ako s radou zaobch\u00e1dza\u0165. 2)&nbsp;\u017dIADNE Z\u00c1RUKY 2.1 Lek\u00e1rske inform\u00e1cie na na\u0161ej webovej str\u00e1nke s\u00fa poskytovan\u00e9 bez ak\u00fdchko\u013evek v\u00fdslovn\u00fdch alebo implicitn\u00fdch vyhl\u00e1sen\u00ed alebo z\u00e1ruk.2.2 Bez obmedzenia rozsahu \u010dasti 2.1 nezaru\u010dujeme ani neprehlasujeme, \u017ee lek\u00e1rske inform\u00e1cie...","og_url":"https:\/\/www.lraloeverashop.eu\/sk\/vylucenie-lekarskej-zodpovednosti\/","og_site_name":"Lr Obchod Aloe Vera","article_publisher":"https:\/\/www.facebook.com\/lraloeverashop.eu","article_modified_time":"2022-11-06T13:25:30+00:00","og_image":[{"width":1607,"height":707,"url":"https:\/\/www.lraloeverashop.eu\/wp-content\/uploads\/2022\/10\/Zeitgard-Pro-Skin-Care.jpg","type":"image\/jpeg"}],"twitter_card":"summary_large_image","twitter_site":"@natur__kosmetik","schema":{"@context":"https:\/\/schema.org","@graph":[{"@type":"WebPage","@id":"https:\/\/www.lraloeverashop.eu\/sk\/vylucenie-lekarskej-zodpovednosti\/","url":"https:\/\/www.lraloeverashop.eu\/sk\/vylucenie-lekarskej-zodpovednosti\/","name":"VYL\u00da\u010cENIE LEK\u00c1RSKEJ ZODPOVEDNOSTI - Lr Obchod Aloe Vera","isPartOf":{"@id":"https:\/\/www.lraloeverashop.eu\/sk\/#website"},"datePublished":"2022-09-22T11:14:57+00:00","dateModified":"2022-11-06T13:25:30+00:00","breadcrumb":{"@id":"https:\/\/www.lraloeverashop.eu\/sk\/vylucenie-lekarskej-zodpovednosti\/#breadcrumb"},"inLanguage":"sk-SK","potentialAction":[{"@type":"ReadAction","target":["https:\/\/www.lraloeverashop.eu\/sk\/vylucenie-lekarskej-zodpovednosti\/"]}]},{"@type":"BreadcrumbList","@id":"https:\/\/www.lraloeverashop.eu\/sk\/vylucenie-lekarskej-zodpovednosti\/#breadcrumb","itemListElement":[{"@type":"ListItem","position":1,"name":"Home","item":"https:\/\/www.lraloeverashop.eu\/sk\/aloe-vera-obchod-vsetko-pre-vasu-krasu-a-pohodu\/"},{"@type":"ListItem","position":2,"name":"VYL\u00da\u010cENIE LEK\u00c1RSKEJ ZODPOVEDNOSTI"}]},{"@type":"WebSite","@id":"https:\/\/www.lraloeverashop.eu\/sk\/#website","url":"https:\/\/www.lraloeverashop.eu\/sk\/","name":"Lr Obchod Aloe Vera","description":"High Quality Lr Aloe Vera Gel, Aloe Vera Cream and Shampoo","publisher":{"@id":"https:\/\/www.lraloeverashop.eu\/sk\/#organization"},"alternateName":"LR","potentialAction":[{"@type":"SearchAction","target":{"@type":"EntryPoint","urlTemplate":"https:\/\/www.lraloeverashop.eu\/sk\/?s={search_term_string}"},"query-input":{"@type":"PropertyValueSpecification","valueRequired":true,"valueName":"search_term_string"}}],"inLanguage":"sk-SK"},{"@type":"Organization","@id":"https:\/\/www.lraloeverashop.eu\/sk\/#organization","name":"Lr Obchod Aloe Vera","alternateName":"LR","url":"https:\/\/www.lraloeverashop.eu\/sk\/","logo":{"@type":"ImageObject","inLanguage":"sk-SK","@id":"https:\/\/www.lraloeverashop.eu\/sk\/#\/schema\/logo\/image\/","url":"https:\/\/www.lraloeverashop.eu\/wp-content\/uploads\/2022\/09\/cropped-Lr-Aloe-Vera-Shop.jpg","contentUrl":"https:\/\/www.lraloeverashop.eu\/wp-content\/uploads\/2022\/09\/cropped-Lr-Aloe-Vera-Shop.jpg","width":228,"height":76,"caption":"Lr Obchod Aloe Vera"},"image":{"@id":"https:\/\/www.lraloeverashop.eu\/sk\/#\/schema\/logo\/image\/"},"sameAs":["https:\/\/www.facebook.com\/lraloeverashop.eu","https:\/\/x.com\/natur__kosmetik","https:\/\/www.youtube.com\/channel\/UC5oN7BJ8nfYb8RpVtjwDEBA","https:\/\/www.instagram.com\/lrbeautyeu\/"],"description":"Obchod Lr Aloe Vera je va\u0161\u00edm d\u00f4veryhodn\u00fdm miestom pre pr\u00e9miov\u00e9 produkty LR Health & Beauty vyroben\u00e9 v Nemecku. Pon\u00fakame vysokokvalitn\u00e9 rie\u0161enia starostlivosti o ple\u0165 s Aloe Vera, v\u00fd\u017eivu a proti starnutiu, vyroben\u00e9 z \u010dist\u00fdch ingredienci\u00ed a podlo\u017een\u00e9 vedeck\u00fdm v\u00fdskumom. Objavte pr\u00edrodn\u00fa starostlivos\u0165, ktor\u00e1 regeneruje, chr\u00e1ni a revitalizuje va\u0161u ple\u0165 \u2013 a vyu\u017eite exkluz\u00edvne mesa\u010dn\u00e9 ponuky na na\u0161e najpred\u00e1vanej\u0161ie produkty LR Aloe Vera.\nZa\u010dnite svoju cestu za pr\u00edrodnou starostlivos\u0165ou o ple\u0165 e\u0161te dnes a poc\u00ed\u0165te rozdiel.","email":"info@lraloeverashop.eu","telephone":"+49 17670609653","legalName":"Lr Aloe Vera Shop","foundingDate":"2018-04-21","numberOfEmployees":{"@type":"QuantitativeValue","minValue":"1","maxValue":"10"}}]}},"taxonomy_info":[],"featured_image_src_large":false,"author_info":{"display_name":"Stanislav Rurik","author_link":"https:\/\/www.lraloeverashop.eu\/sk\/author\/admin_stanislavrurik\/"},"comment_info":0,"_links":{"self":[{"href":"https:\/\/www.lraloeverashop.eu\/sk\/wp-json\/wp\/v2\/pages\/6393","targetHints":{"allow":["GET"]}}],"collection":[{"href":"https:\/\/www.lraloeverashop.eu\/sk\/wp-json\/wp\/v2\/pages"}],"about":[{"href":"https:\/\/www.lraloeverashop.eu\/sk\/wp-json\/wp\/v2\/types\/page"}],"author":[{"embeddable":true,"href":"https:\/\/www.lraloeverashop.eu\/sk\/wp-json\/wp\/v2\/users\/2"}],"replies":[{"embeddable":true,"href":"https:\/\/www.lraloeverashop.eu\/sk\/wp-json\/wp\/v2\/comments?post=6393"}],"version-history":[{"count":0,"href":"https:\/\/www.lraloeverashop.eu\/sk\/wp-json\/wp\/v2\/pages\/6393\/revisions"}],"wp:attachment":[{"href":"https:\/\/www.lraloeverashop.eu\/sk\/wp-json\/wp\/v2\/media?parent=6393"}],"curies":[{"name":"wp","href":"https:\/\/api.w.org\/{rel}","templated":true}]}}