{"id":9956,"date":"2022-10-12T10:49:19","date_gmt":"2022-10-12T08:49:19","guid":{"rendered":"https:\/\/www.lraloeverashop.eu\/product\/lr-colostro-em-capsulas-set\/"},"modified":"2026-02-08T10:22:38","modified_gmt":"2026-02-08T09:22:38","slug":"lr-colostro-em-capsulas-set","status":"publish","type":"product","link":"https:\/\/www.lraloeverashop.eu\/pt-pt\/produto\/lr-colostro-em-capsulas-set\/","title":{"rendered":"Lr Colostro Em C\u00e1psulas Set"},"content":{"rendered":"<h2><strong><span style=\"font-size: 16pt;\">Lr Colostro Em C\u00e1psulas Set 3 Pe\u00e7as<\/span><\/strong><\/h2>\n<p><strong><span style=\"font-size: 14pt;\">Lr Colostro Em C\u00e1psulas Set 3 Pe\u00e7as Para o bem-estar geral<\/span><\/strong><\/p>\n<p>Lr Colostro em C\u00e1psulas Set 3 Pe\u00e7as cont\u00eam o que \u00e9 melhor do primeiro leite de vaca em forma altamente concentrada. O valioso colostro em p\u00f3 inserido nas c\u00e1psulas obt\u00e9m-se do primeiro leite vaca colostral depois do nascimento de um bezerro. S\u00f3 levemente desengordurado e liofilizado, mantendo praticamente intactos os ingredientes.<\/p>\n<p>A composi\u00e7\u00e3o de alta qualidade do produto faz do Lr Colostro em C\u00e1psulas um produto de qualidade fabricado na Alemanha, no qual pode confiar. Para a produ\u00e7\u00e3o, LR usa s\u00f3 o <a href=\"https:\/\/www.lraloeverashop.eu\/pt-pt\/produto\/lr-colostro-em-capsulas\/\">excesso de colostro<\/a>, que \u00e9 testado exaustivamente com anteced\u00eancia.<\/p>\n<p>&nbsp;<\/p>\n<p><iframe loading=\"lazy\" src=\"\/\/www.youtube.com\/embed\/5TwFAZJJ9qM?rel=0&amp;showinfo=0\" width=\"1280\" height=\"720\" frameborder=\"0\" allowfullscreen=\"allowfullscreen\"><\/iframe><\/p>\n<p>&nbsp;<\/p>\n<p>Cada etapa da fabrica\u00e7\u00e3o \u00e9 acompanhada por r\u00edgidos par\u00e2metros de qualidade e os mais altos padr\u00f5es de controle. Al\u00e9m dos controles internos, o instituto independente <a href=\"https:\/\/www.institut-fresenius.de\/en\/\">SGS INSTITUTE FRESENIUS<\/a> revisa regularmente todas as etapas do processamento, bem como o produto final.<\/p>\n<p>Como sinal de <a href=\"https:\/\/www.lraloeverashop.eu\/pt-pt\/produto\/colostro-em-capsulas-set-2-pecas\/\">alta qualidade<\/a>, os produtos Lr Colostro possuem o selo de qualidade do SGS INSTITUTE FRESENIUS, um dos selos de teste independentes do mercado mais dif\u00edceis de obter.<\/p>\n<p>&nbsp;<\/p>\n<h3><strong><span style=\"font-size: 16pt;\">Como usar<\/span><\/strong><\/h3>\n<p>Recomenda\u00e7\u00e3o de consumo: 1 c\u00e1psula de Colostro em C\u00e1psulas Set de manh\u00e3 e \u00e0 tarde com um pouco de \u00e1gua.<\/p>\n<p>N\u00e3o tome com bebidas quentes.<\/p>\n<p>Certifique-se de ter uma alimenta\u00e7\u00e3o variada e equilibrada e um estilo de vida saud\u00e1vel. Armazene em local fresco e seco.<\/p>\n<p>&nbsp;<\/p>\n<h4><strong><span style=\"font-size: 16pt;\"><strong>Voc\u00ea sabia?<\/strong><\/span><\/strong><\/h4>\n<p>Para cumprir os altos padr\u00f5es de qualidade e monitorar constantemente todas as etapas no caminho para o produto final, a LR usa para seus <a href=\"https:\/\/www.lraloeverashop.eu\/pt-pt\/produto\/lr-colostro-direto-liquido\/\">produtos de colostro<\/a> s\u00f3 o excedente de colostro de vacas europeias. Cada lote de produ\u00e7\u00e3o pode ser rastreado sem interrup\u00e7\u00e3o at\u00e9 a fazenda do produtor.<\/p>\n","protected":false},"excerpt":{"rendered":"<ul>\n<li>C\u00e1psulas contendo colostro para consumo di\u00e1rio.<\/li>\n<li>Para o bem-estar geral<\/li>\n<li>Distribua 800 mg de valioso p\u00f3 de colostro de vaca desengordurado por por\u00e7\u00e3o di\u00e1ria<\/li>\n<li>Cuidadosamente produzido na Alemanha<\/li>\n<li>Colostro exclusivo de vacas europeias<\/li>\n<li>Conte\u00fado 3 x 60 c\u00e1psulas<\/li>\n<\/ul>\n<p><span style=\"color: #ff0000;\"><a style=\"color: #ff0000;\" href=\"https:\/\/shop.lrworld.com\/openpao?PHP=0vFlt7jT938BEnBI3a6e9w%3D%3D\"><span style=\"font-size: 14pt;\"><strong>Registe-se aqui e poupe 35% em todos os pedidos<\/strong><\/span><\/a><\/span><\/p>\n","protected":false},"featured_media":5541,"comment_status":"open","ping_status":"closed","template":"","meta":{"_kad_blocks_custom_css":"","_kad_blocks_head_custom_js":"","_kad_blocks_body_custom_js":"","_kad_blocks_footer_custom_js":"","_kadence_starter_templates_imported_post":false,"_kad_post_transparent":"default","_kad_post_title":"","_kad_post_layout":"default","_kad_post_sidebar_id":"","_kad_post_content_style":"default","_kad_post_vertical_padding":"default","_kad_post_feature":"","_kad_post_feature_position":"","_kad_post_header":false,"_kad_post_footer":false,"_kad_post_classname":""},"product_brand":[],"product_cat":[401,497,460,413,348],"product_tag":[673],"class_list":{"0":"post-9956","1":"product","2":"type-product","3":"status-publish","4":"has-post-thumbnail","6":"product_cat-base-pt-pt","7":"product_cat-colostro-pt-pt","8":"product_cat-economize-em-conjuntos","9":"product_cat-produtos-especiais","10":"product_cat-sistema-imunologico-e-equilibrio","11":"product_tag-reforco-imunologico","13":"first","14":"outofstock","15":"taxable","16":"shipping-taxable","17":"purchasable","18":"product-type-simple","19":"entry","20":"content-bg","21":"loop-entry"},"yoast_head":"<!-- This site is optimized with the Yoast SEO Premium plugin v27.3 (Yoast SEO v27.3) - https:\/\/yoast.com\/product\/yoast-seo-premium-wordpress\/ -->\n<title>Colostro Em C\u00e1psulas Set para o consumo di\u00e1rio e bem-estar geral<\/title>\n<meta name=\"description\" content=\"O Colostro Em C\u00e1psulas Set Distribua 800 mg de valioso p\u00f3 de colostro de vaca desengordurado por por\u00e7\u00e3o di\u00e1ria. Exclusivo de vacas europeias.\" \/>\n<meta name=\"robots\" content=\"index, follow, max-snippet:-1, max-image-preview:large, max-video-preview:-1\" \/>\n<link rel=\"canonical\" href=\"https:\/\/www.lraloeverashop.eu\/pt-pt\/produto\/lr-colostro-em-capsulas-set\/\" \/>\n<meta property=\"og:locale\" content=\"pt_PT\" \/>\n<meta property=\"og:type\" content=\"article\" \/>\n<meta property=\"og:title\" content=\"Lr Colostro Em C\u00e1psulas Set\" \/>\n<meta property=\"og:description\" content=\"O Colostro Em C\u00e1psulas Set Distribua 800 mg de valioso p\u00f3 de colostro de vaca desengordurado por por\u00e7\u00e3o di\u00e1ria. Exclusivo de vacas europeias.\" \/>\n<meta property=\"og:url\" content=\"https:\/\/www.lraloeverashop.eu\/pt-pt\/produto\/lr-colostro-em-capsulas-set\/\" \/>\n<meta property=\"og:site_name\" content=\"Lr Loja Aloe Vera\" \/>\n<meta property=\"article:publisher\" content=\"https:\/\/www.facebook.com\/lraloeverashop.eu\" \/>\n<meta property=\"article:modified_time\" content=\"2026-02-08T09:22:38+00:00\" \/>\n<meta property=\"og:image\" content=\"https:\/\/www.lraloeverashop.eu\/wp-content\/uploads\/2022\/10\/Lr-Colostrum-Compact-capsules-3-Set.jpg\" \/>\n\t<meta property=\"og:image:width\" content=\"1200\" \/>\n\t<meta property=\"og:image:height\" content=\"1200\" \/>\n\t<meta property=\"og:image:type\" content=\"image\/jpeg\" \/>\n<meta name=\"twitter:card\" content=\"summary_large_image\" \/>\n<meta name=\"twitter:site\" content=\"@natur__kosmetik\" \/>\n<script type=\"application\/ld+json\" class=\"yoast-schema-graph\">{\"@context\":\"https:\\\/\\\/schema.org\",\"@graph\":[{\"@type\":[\"WebPage\",\"ItemPage\"],\"@id\":\"https:\\\/\\\/www.lraloeverashop.eu\\\/pt-pt\\\/produto\\\/lr-colostro-em-capsulas-set\\\/\",\"url\":\"https:\\\/\\\/www.lraloeverashop.eu\\\/pt-pt\\\/produto\\\/lr-colostro-em-capsulas-set\\\/\",\"name\":\"Colostro Em C\u00e1psulas Set para o consumo di\u00e1rio e bem-estar geral\",\"isPartOf\":{\"@id\":\"https:\\\/\\\/www.lraloeverashop.eu\\\/pt-pt\\\/#website\"},\"primaryImageOfPage\":{\"@id\":\"https:\\\/\\\/www.lraloeverashop.eu\\\/pt-pt\\\/produto\\\/lr-colostro-em-capsulas-set\\\/#primaryimage\"},\"image\":{\"@id\":\"https:\\\/\\\/www.lraloeverashop.eu\\\/pt-pt\\\/produto\\\/lr-colostro-em-capsulas-set\\\/#primaryimage\"},\"thumbnailUrl\":\"https:\\\/\\\/www.lraloeverashop.eu\\\/wp-content\\\/uploads\\\/2022\\\/10\\\/Lr-Colostrum-Compact-capsules-3-Set.jpg\",\"datePublished\":\"2022-10-12T08:49:19+00:00\",\"dateModified\":\"2026-02-08T09:22:38+00:00\",\"description\":\"O Colostro Em C\u00e1psulas Set Distribua 800 mg de valioso p\u00f3 de colostro de vaca desengordurado por por\u00e7\u00e3o di\u00e1ria. Exclusivo de vacas europeias.\",\"breadcrumb\":{\"@id\":\"https:\\\/\\\/www.lraloeverashop.eu\\\/pt-pt\\\/produto\\\/lr-colostro-em-capsulas-set\\\/#breadcrumb\"},\"inLanguage\":\"pt-PT\",\"potentialAction\":[{\"@type\":\"ReadAction\",\"target\":[\"https:\\\/\\\/www.lraloeverashop.eu\\\/pt-pt\\\/produto\\\/lr-colostro-em-capsulas-set\\\/\"]}]},{\"@type\":\"ImageObject\",\"inLanguage\":\"pt-PT\",\"@id\":\"https:\\\/\\\/www.lraloeverashop.eu\\\/pt-pt\\\/produto\\\/lr-colostro-em-capsulas-set\\\/#primaryimage\",\"url\":\"https:\\\/\\\/www.lraloeverashop.eu\\\/wp-content\\\/uploads\\\/2022\\\/10\\\/Lr-Colostrum-Compact-capsules-3-Set.jpg\",\"contentUrl\":\"https:\\\/\\\/www.lraloeverashop.eu\\\/wp-content\\\/uploads\\\/2022\\\/10\\\/Lr-Colostrum-Compact-capsules-3-Set.jpg\",\"width\":1200,\"height\":1200,\"caption\":\"Lr C\u00e1psulas compactas de colostro para 3 meses\"},{\"@type\":\"BreadcrumbList\",\"@id\":\"https:\\\/\\\/www.lraloeverashop.eu\\\/pt-pt\\\/produto\\\/lr-colostro-em-capsulas-set\\\/#breadcrumb\",\"itemListElement\":[{\"@type\":\"ListItem\",\"position\":1,\"name\":\"Home\",\"item\":\"https:\\\/\\\/www.lraloeverashop.eu\\\/pt-pt\\\/\"},{\"@type\":\"ListItem\",\"position\":2,\"name\":\"Loja\",\"item\":\"https:\\\/\\\/www.lraloeverashop.eu\\\/pt-pt\\\/loja\\\/\"},{\"@type\":\"ListItem\",\"position\":3,\"name\":\"Lr Colostro Em C\u00e1psulas Set\"}]},{\"@type\":\"WebSite\",\"@id\":\"https:\\\/\\\/www.lraloeverashop.eu\\\/pt-pt\\\/#website\",\"url\":\"https:\\\/\\\/www.lraloeverashop.eu\\\/pt-pt\\\/\",\"name\":\"Lr Loja Aloe Vera\",\"description\":\"High Quality Lr Aloe Vera Gel, Aloe Vera Cream and Shampoo\",\"publisher\":{\"@id\":\"https:\\\/\\\/www.lraloeverashop.eu\\\/pt-pt\\\/#organization\"},\"potentialAction\":[{\"@type\":\"SearchAction\",\"target\":{\"@type\":\"EntryPoint\",\"urlTemplate\":\"https:\\\/\\\/www.lraloeverashop.eu\\\/pt-pt\\\/?s={search_term_string}\"},\"query-input\":{\"@type\":\"PropertyValueSpecification\",\"valueRequired\":true,\"valueName\":\"search_term_string\"}}],\"inLanguage\":\"pt-PT\"},{\"@type\":\"Organization\",\"@id\":\"https:\\\/\\\/www.lraloeverashop.eu\\\/pt-pt\\\/#organization\",\"name\":\"Lr Loja Aloe Vera\",\"alternateName\":\"LR\",\"url\":\"https:\\\/\\\/www.lraloeverashop.eu\\\/pt-pt\\\/\",\"logo\":{\"@type\":\"ImageObject\",\"inLanguage\":\"pt-PT\",\"@id\":\"https:\\\/\\\/www.lraloeverashop.eu\\\/pt-pt\\\/#\\\/schema\\\/logo\\\/image\\\/\",\"url\":\"https:\\\/\\\/www.lraloeverashop.eu\\\/wp-content\\\/uploads\\\/2022\\\/09\\\/cropped-Lr-Aloe-Vera-Shop.jpg\",\"contentUrl\":\"https:\\\/\\\/www.lraloeverashop.eu\\\/wp-content\\\/uploads\\\/2022\\\/09\\\/cropped-Lr-Aloe-Vera-Shop.jpg\",\"width\":228,\"height\":76,\"caption\":\"Lr Loja Aloe Vera\"},\"image\":{\"@id\":\"https:\\\/\\\/www.lraloeverashop.eu\\\/pt-pt\\\/#\\\/schema\\\/logo\\\/image\\\/\"},\"sameAs\":[\"https:\\\/\\\/www.facebook.com\\\/lraloeverashop.eu\",\"https:\\\/\\\/x.com\\\/natur__kosmetik\",\"https:\\\/\\\/www.youtube.com\\\/channel\\\/UC5oN7BJ8nfYb8RpVtjwDEBA\",\"https:\\\/\\\/www.instagram.com\\\/lrbeautyeu\\\/\"]}]}<\/script>\n<meta property=\"product:price:amount\" content=\"171.99\" \/>\n<meta property=\"product:price:currency\" content=\"EUR\" \/>\n<meta property=\"og:availability\" content=\"out of stock\" \/>\n<meta property=\"product:availability\" content=\"out of stock\" \/>\n<meta property=\"product:retailer_item_id\" content=\"80389-501PT\" \/>\n<meta property=\"product:condition\" content=\"new\" \/>\n<!-- \/ Yoast SEO Premium plugin. -->","yoast_head_json":{"title":"Colostro Em C\u00e1psulas Set para o consumo di\u00e1rio e bem-estar geral","description":"O Colostro Em C\u00e1psulas Set Distribua 800 mg de valioso p\u00f3 de colostro de vaca desengordurado por por\u00e7\u00e3o di\u00e1ria. Exclusivo de vacas europeias.","robots":{"index":"index","follow":"follow","max-snippet":"max-snippet:-1","max-image-preview":"max-image-preview:large","max-video-preview":"max-video-preview:-1"},"canonical":"https:\/\/www.lraloeverashop.eu\/pt-pt\/produto\/lr-colostro-em-capsulas-set\/","og_locale":"pt_PT","og_type":"article","og_title":"Lr Colostro Em C\u00e1psulas Set","og_description":"O Colostro Em C\u00e1psulas Set Distribua 800 mg de valioso p\u00f3 de colostro de vaca desengordurado por por\u00e7\u00e3o di\u00e1ria. Exclusivo de vacas europeias.","og_url":"https:\/\/www.lraloeverashop.eu\/pt-pt\/produto\/lr-colostro-em-capsulas-set\/","og_site_name":"Lr Loja Aloe Vera","article_publisher":"https:\/\/www.facebook.com\/lraloeverashop.eu","article_modified_time":"2026-02-08T09:22:38+00:00","og_image":[{"width":1200,"height":1200,"url":"https:\/\/www.lraloeverashop.eu\/wp-content\/uploads\/2022\/10\/Lr-Colostrum-Compact-capsules-3-Set.jpg","type":"image\/jpeg"}],"twitter_card":"summary_large_image","twitter_site":"@natur__kosmetik","schema":{"@context":"https:\/\/schema.org","@graph":[{"@type":["WebPage","ItemPage"],"@id":"https:\/\/www.lraloeverashop.eu\/pt-pt\/produto\/lr-colostro-em-capsulas-set\/","url":"https:\/\/www.lraloeverashop.eu\/pt-pt\/produto\/lr-colostro-em-capsulas-set\/","name":"Colostro Em C\u00e1psulas Set para o consumo di\u00e1rio e bem-estar geral","isPartOf":{"@id":"https:\/\/www.lraloeverashop.eu\/pt-pt\/#website"},"primaryImageOfPage":{"@id":"https:\/\/www.lraloeverashop.eu\/pt-pt\/produto\/lr-colostro-em-capsulas-set\/#primaryimage"},"image":{"@id":"https:\/\/www.lraloeverashop.eu\/pt-pt\/produto\/lr-colostro-em-capsulas-set\/#primaryimage"},"thumbnailUrl":"https:\/\/www.lraloeverashop.eu\/wp-content\/uploads\/2022\/10\/Lr-Colostrum-Compact-capsules-3-Set.jpg","datePublished":"2022-10-12T08:49:19+00:00","dateModified":"2026-02-08T09:22:38+00:00","description":"O Colostro Em C\u00e1psulas Set Distribua 800 mg de valioso p\u00f3 de colostro de vaca desengordurado por por\u00e7\u00e3o di\u00e1ria. Exclusivo de vacas europeias.","breadcrumb":{"@id":"https:\/\/www.lraloeverashop.eu\/pt-pt\/produto\/lr-colostro-em-capsulas-set\/#breadcrumb"},"inLanguage":"pt-PT","potentialAction":[{"@type":"ReadAction","target":["https:\/\/www.lraloeverashop.eu\/pt-pt\/produto\/lr-colostro-em-capsulas-set\/"]}]},{"@type":"ImageObject","inLanguage":"pt-PT","@id":"https:\/\/www.lraloeverashop.eu\/pt-pt\/produto\/lr-colostro-em-capsulas-set\/#primaryimage","url":"https:\/\/www.lraloeverashop.eu\/wp-content\/uploads\/2022\/10\/Lr-Colostrum-Compact-capsules-3-Set.jpg","contentUrl":"https:\/\/www.lraloeverashop.eu\/wp-content\/uploads\/2022\/10\/Lr-Colostrum-Compact-capsules-3-Set.jpg","width":1200,"height":1200,"caption":"Lr C\u00e1psulas compactas de colostro para 3 meses"},{"@type":"BreadcrumbList","@id":"https:\/\/www.lraloeverashop.eu\/pt-pt\/produto\/lr-colostro-em-capsulas-set\/#breadcrumb","itemListElement":[{"@type":"ListItem","position":1,"name":"Home","item":"https:\/\/www.lraloeverashop.eu\/pt-pt\/"},{"@type":"ListItem","position":2,"name":"Loja","item":"https:\/\/www.lraloeverashop.eu\/pt-pt\/loja\/"},{"@type":"ListItem","position":3,"name":"Lr Colostro Em C\u00e1psulas Set"}]},{"@type":"WebSite","@id":"https:\/\/www.lraloeverashop.eu\/pt-pt\/#website","url":"https:\/\/www.lraloeverashop.eu\/pt-pt\/","name":"Lr Loja Aloe Vera","description":"High Quality Lr Aloe Vera Gel, Aloe Vera Cream and Shampoo","publisher":{"@id":"https:\/\/www.lraloeverashop.eu\/pt-pt\/#organization"},"potentialAction":[{"@type":"SearchAction","target":{"@type":"EntryPoint","urlTemplate":"https:\/\/www.lraloeverashop.eu\/pt-pt\/?s={search_term_string}"},"query-input":{"@type":"PropertyValueSpecification","valueRequired":true,"valueName":"search_term_string"}}],"inLanguage":"pt-PT"},{"@type":"Organization","@id":"https:\/\/www.lraloeverashop.eu\/pt-pt\/#organization","name":"Lr Loja Aloe Vera","alternateName":"LR","url":"https:\/\/www.lraloeverashop.eu\/pt-pt\/","logo":{"@type":"ImageObject","inLanguage":"pt-PT","@id":"https:\/\/www.lraloeverashop.eu\/pt-pt\/#\/schema\/logo\/image\/","url":"https:\/\/www.lraloeverashop.eu\/wp-content\/uploads\/2022\/09\/cropped-Lr-Aloe-Vera-Shop.jpg","contentUrl":"https:\/\/www.lraloeverashop.eu\/wp-content\/uploads\/2022\/09\/cropped-Lr-Aloe-Vera-Shop.jpg","width":228,"height":76,"caption":"Lr Loja Aloe Vera"},"image":{"@id":"https:\/\/www.lraloeverashop.eu\/pt-pt\/#\/schema\/logo\/image\/"},"sameAs":["https:\/\/www.facebook.com\/lraloeverashop.eu","https:\/\/x.com\/natur__kosmetik","https:\/\/www.youtube.com\/channel\/UC5oN7BJ8nfYb8RpVtjwDEBA","https:\/\/www.instagram.com\/lrbeautyeu\/"]}]},"product_price_amount":"171.99","product_price_currency":"EUR","og_availability":"out of stock","product_availability":"out of stock","product_retailer_item_id":"80389-501PT","product_condition":"new"},"taxonomy_info":{"product_cat":[{"value":401,"label":"Base"},{"value":497,"label":"Colostro"},{"value":460,"label":"Economize em conjuntos"},{"value":413,"label":"Produtos Especiais"},{"value":348,"label":"Sistema imunol\u00f3gico e equil\u00edbrio"}],"product_tag":[{"value":673,"label":"Refor\u00e7o imunol\u00f3gico"}]},"featured_image_src_large":["https:\/\/www.lraloeverashop.eu\/wp-content\/uploads\/2022\/10\/Lr-Colostrum-Compact-capsules-3-Set-1024x1024.jpg",1024,1024,true],"author_info":[],"comment_info":0,"_links":{"self":[{"href":"https:\/\/www.lraloeverashop.eu\/pt-pt\/wp-json\/wp\/v2\/product\/9956","targetHints":{"allow":["GET"]}}],"collection":[{"href":"https:\/\/www.lraloeverashop.eu\/pt-pt\/wp-json\/wp\/v2\/product"}],"about":[{"href":"https:\/\/www.lraloeverashop.eu\/pt-pt\/wp-json\/wp\/v2\/types\/product"}],"replies":[{"embeddable":true,"href":"https:\/\/www.lraloeverashop.eu\/pt-pt\/wp-json\/wp\/v2\/comments?post=9956"}],"wp:featuredmedia":[{"embeddable":true,"href":"https:\/\/www.lraloeverashop.eu\/pt-pt\/wp-json\/wp\/v2\/media\/5541"}],"wp:attachment":[{"href":"https:\/\/www.lraloeverashop.eu\/pt-pt\/wp-json\/wp\/v2\/media?parent=9956"}],"wp:term":[{"taxonomy":"product_brand","embeddable":true,"href":"https:\/\/www.lraloeverashop.eu\/pt-pt\/wp-json\/wp\/v2\/product_brand?post=9956"},{"taxonomy":"product_cat","embeddable":true,"href":"https:\/\/www.lraloeverashop.eu\/pt-pt\/wp-json\/wp\/v2\/product_cat?post=9956"},{"taxonomy":"product_tag","embeddable":true,"href":"https:\/\/www.lraloeverashop.eu\/pt-pt\/wp-json\/wp\/v2\/product_tag?post=9956"}],"curies":[{"name":"wp","href":"https:\/\/api.w.org\/{rel}","templated":true}]}}