{"id":9919,"date":"2022-10-12T11:17:23","date_gmt":"2022-10-12T09:17:23","guid":{"rendered":"https:\/\/www.lraloeverashop.eu\/product\/lr-cistus-em-capsulas\/"},"modified":"2026-02-08T10:22:04","modified_gmt":"2026-02-08T09:22:04","slug":"lr-cistus-em-capsulas","status":"publish","type":"product","link":"https:\/\/www.lraloeverashop.eu\/pt-pt\/produto\/lr-cistus-em-capsulas\/","title":{"rendered":"Lr Cistus em C\u00e1psulas Set 3 Pe\u00e7as"},"content":{"rendered":"<h2><span style=\"font-size: 16pt;\"><strong>Lr Cistus em C\u00e1psulas Set 3 Pe\u00e7as<\/strong><\/span><\/h2>\n<p><span style=\"font-size: 14pt;\"><strong>Lr Cistus em C\u00e1psulas Set 3 Pe\u00e7as com 69% de extrato de Cistus incanus<\/strong><\/span><\/p>\n<p>A defesa do corpo funciona constantemente, sem parar. Com Lr Cistus em C\u00e1psulas com vitamina C e enriquecidas com zinco, pode dar uma contribui\u00e7\u00e3o valiosa ao funcionamento do seu sistema imunol\u00f3gico. S\u00f3 duas c\u00e1psulas por dia atendem \u00e0s necessidades di\u00e1rias de <a href=\"https:\/\/www.lraloeverashop.eu\/pt-pt\/produto\/vita-active-frutos-vermelhos\/\">vitamina C<\/a>.<\/p>\n<p>Confirmado cientificamente pela Autoridade Europeia para a Seguran\u00e7a dos Alimentos: A vitamina C e o zinco contribuem para o funcionamento normal do <strong><a href=\"https:\/\/pt.wikipedia.org\/wiki\/Sistema_imunit%C3%A1rio\">sistema imunit\u00e1rio<\/a><\/strong>.<\/p>\n<p>&nbsp;<\/p>\n<h2><strong><span style=\"font-size: 16pt;\">Como usar Lr Cistus em C\u00e1psulas<\/span><\/strong><\/h2>\n<p>Tomar 1 c\u00e1psula 2 vezes ao dia com um pouco de l\u00edquido.<\/p>\n<p>N\u00e3o exceda a <a href=\"https:\/\/www.lraloeverashop.eu\/pt-pt\/produto\/cistus-incanus-em-capsulas\/\">dose di\u00e1ria recomendada<\/a>. Os suplementos nutricionais n\u00e3o substituem a importante dieta variada e equilibrada junto com um estilo de vida saud\u00e1vel. Mantenha o produto fora do alcance das crian\u00e7as. Armazene em local fresco e seco.<\/p>\n<p>&nbsp;<\/p>\n<p><iframe loading=\"lazy\" src=\"\/\/www.youtube.com\/embed\/8kJXs98x3nY?rel=0&amp;showinfo=0\" width=\"1280\" height=\"720\" frameborder=\"0\" allowfullscreen=\"allowfullscreen\"><\/iframe><\/p>\n<p>&nbsp;<\/p>\n<h3><span style=\"font-size: 16pt;\"><strong>Voc\u00ea sabia?<\/strong><\/span><\/h3>\n<p><span style=\"color: #000000;\"><strong>Sobre a planta<\/strong><\/span><br \/>\nA planta pertence \u00e0 fam\u00edlia de arbustos Cistaceae, existindo cerca de 28 esp\u00e9cies diferentes do g\u00eanero Cistus, como o Cistus albidus, Cistus creticus ou Cistus laurifolius que t\u00eam igualmente propriedades ben\u00e9ficas na sa\u00fade das pessoas. Em boas condi\u00e7\u00f5es clim\u00e1ticas, a planta cresce at\u00e9 um metro de altura e produz flores de rosa a roxo na \u00e9poca de flora\u00e7\u00e3o de abril a junho, atingindo um di\u00e2metro de 4 a 6 cent\u00edmetros.<\/p>\n<p><span style=\"color: #000000;\"><strong>Cultura<\/strong><\/span><br \/>\nA planta Cistus Incanus cresce selvagem, especialmente em pa\u00edses ensolarados do sul em todo o Mediterr\u00e2neo, onde cresce melhor no solo rico em magn\u00e9sio no meio do calor e os arbustos.<\/p>\n<p><img loading=\"lazy\" decoding=\"async\" class=\"size-full wp-image-2830 alignright\" src=\"https:\/\/www.lraloeverashop.eu\/wp-content\/uploads\/2022\/10\/Cistus-Incanus-flower.jpg\" alt=\"Cistus Incanus flower\" width=\"293\" height=\"389\" srcset=\"https:\/\/www.lraloeverashop.eu\/wp-content\/uploads\/2022\/10\/Cistus-Incanus-flower.jpg 293w, https:\/\/www.lraloeverashop.eu\/wp-content\/uploads\/2022\/10\/Cistus-Incanus-flower-226x300.jpg 226w\" sizes=\"auto, (max-width: 293px) 100vw, 293px\" \/><\/p>\n<h4><span style=\"font-size: 16pt;\"><strong>Perguntas mais frequentes<\/strong><\/span><\/h4>\n<p><span style=\"color: #000000;\"><strong>O que \u00e9 Cistus Incanus?<\/strong><\/span><br \/>\nA hist\u00f3ria da planta Cistus Incanus come\u00e7a no s\u00e9culo 4 aC. logo de se tornar popular como um\u00a0ch\u00e1 saboroso\u00a0no Oriente M\u00e9dio, Norte da \u00c1frica e no Mediterr\u00e2neo europeu.<\/p>\n<p><span style=\"color: #000000;\"><strong>O que a LR usa desta planta?<\/strong><\/span><br \/>\nApenas s\u00e3o processadas as folhas. As flores e caules s\u00e3o resolvidos constantemente. Os controles de qualidade permanentes durante o processo de fabrica\u00e7\u00e3o garantem a m\u00e1xima pureza e qualidade.<\/p>\n<p><span style=\"color: #000000;\"><strong>Posso usar o Cistus Incanus por muito tempo?<\/strong><\/span><br \/>\nPode usar as c\u00e1psulas de Cistus Incanus com seguran\u00e7a por um longo per\u00edodo.<\/p>\n<p><span style=\"color: #000000;\"><strong>Qual mat\u00e9ria-prima usa a Lr no seu produto?<\/strong><\/span><br \/>\nUsamos folhas de Cistus Incanus. Esta planta cresce selvagem, n\u00e3o em planta\u00e7\u00f5es.<\/p>\n<p><span style=\"color: #000000;\"><strong>Como \u00e9 processada a mat\u00e9ria-prima?<\/strong><\/span><br \/>\nAs folhas da planta s\u00e3o colhidas, secas, limpas e cortadas antes de serem processadas por conhecidos fabricantes de extratos para uma prepara\u00e7\u00e3o liquida. Este extrato \u00e9 seco e finalmente colocado em c\u00e1psulas. O processo descrito \u00e9 a tecnologia extrativa padr\u00e3o.<\/p>\n<p><strong><span style=\"color: #000000;\">O que s\u00e3o as Lr Cistus em C\u00e1psulas?<\/span><\/strong><br \/>\nLr Cistus em\u00a0C\u00e1psulas \u00e9 um suplemento diet\u00e9tico, n\u00e3o um medicamento. Um suplemento alimentar tem a fun\u00e7\u00e3o de suprir o organismo com determinadas subst\u00e2ncias que ele obt\u00e9m da alimenta\u00e7\u00e3o di\u00e1ria que j\u00e1 n\u00e3o consome o suficiente.<\/p>\n<p>Um suplemento diet\u00e9tico n\u00e3o tem a fun\u00e7\u00e3o de iniciar ou influenciar certos processos no corpo. Este \u00e9 o trabalho dos medicamentos. A este respeito, \u00e9 importante garantir que n\u00e3o sejam feitas alega\u00e7\u00f5es de cura sobre um suplemento diet\u00e9tico.<\/p>\n<p>&nbsp;<\/p>\n","protected":false},"excerpt":{"rendered":"<ul>\n<li>Com zinco e vitamina C para um sistema imunol\u00f3gico saud\u00e1vel<\/li>\n<li>69% de extrato de Cistus incanus<\/li>\n<li>100% vitamina C e 20% zinco por por\u00e7\u00e3o di\u00e1ria<\/li>\n<li>C\u00e1psula de Vegetal Puro<\/li>\n<li>Feito na Alemanha<\/li>\n<li>Conte\u00fado: 3 x 60 c\u00e1psulas<\/li>\n<\/ul>\n<p><span style=\"color: #ff0000;\"><a style=\"color: #ff0000;\" href=\"https:\/\/shop.lrworld.com\/openpao?PHP=0vFlt7jT938BEnBI3a6e9w%3D%3D\"><span style=\"font-size: 14pt;\"><strong>Registe-se aqui e poupe 35% em todos os pedidos<\/strong><\/span><\/a><\/span><\/p>\n","protected":false},"featured_media":5391,"comment_status":"open","ping_status":"closed","template":"","meta":{"_kad_blocks_custom_css":"","_kad_blocks_head_custom_js":"","_kad_blocks_body_custom_js":"","_kad_blocks_footer_custom_js":"","_kadence_starter_templates_imported_post":false,"_kad_post_transparent":"default","_kad_post_title":"","_kad_post_layout":"default","_kad_post_sidebar_id":"","_kad_post_content_style":"default","_kad_post_vertical_padding":"default","_kad_post_feature":"","_kad_post_feature_position":"","_kad_post_header":false,"_kad_post_footer":false,"_kad_post_classname":""},"product_brand":[],"product_cat":[401,491,460,413,348],"product_tag":[673],"class_list":{"0":"post-9919","1":"product","2":"type-product","3":"status-publish","4":"has-post-thumbnail","6":"product_cat-base-pt-pt","7":"product_cat-cistus-incanus-pt-pt","8":"product_cat-economize-em-conjuntos","9":"product_cat-produtos-especiais","10":"product_cat-sistema-imunologico-e-equilibrio","11":"product_tag-reforco-imunologico","13":"first","14":"instock","15":"taxable","16":"shipping-taxable","17":"purchasable","18":"product-type-simple","19":"entry","20":"content-bg","21":"loop-entry"},"yoast_head":"<!-- This site is optimized with the Yoast SEO Premium plugin v27.4 (Yoast SEO v27.4) - https:\/\/yoast.com\/product\/yoast-seo-premium-wordpress\/ -->\n<title>Lr Cistus em C\u00e1psulas Set 3 Pe\u00e7as Com Zinco e Vitamina C<\/title>\n<meta name=\"description\" content=\"Lr Cistus em C\u00e1psulas Set 3 Pe\u00e7as com 69% de extrato Cistus Incanus e 100% de vitamina C e 20% de zinco por ra\u00e7\u00e3o di\u00e1ria para apoiar o sistema imunol\u00f3gico.\" \/>\n<meta name=\"robots\" content=\"index, follow, max-snippet:-1, max-image-preview:large, max-video-preview:-1\" \/>\n<link rel=\"canonical\" href=\"https:\/\/www.lraloeverashop.eu\/pt-pt\/produto\/lr-cistus-em-capsulas\/\" \/>\n<meta property=\"og:locale\" content=\"pt_PT\" \/>\n<meta property=\"og:type\" content=\"article\" \/>\n<meta property=\"og:title\" content=\"Lr Cistus em C\u00e1psulas Set 3 Pe\u00e7as\" \/>\n<meta property=\"og:description\" content=\"Lr Cistus em C\u00e1psulas Set 3 Pe\u00e7as com 69% de extrato Cistus Incanus e 100% de vitamina C e 20% de zinco por ra\u00e7\u00e3o di\u00e1ria para apoiar o sistema imunol\u00f3gico.\" \/>\n<meta property=\"og:url\" content=\"https:\/\/www.lraloeverashop.eu\/pt-pt\/produto\/lr-cistus-em-capsulas\/\" \/>\n<meta property=\"og:site_name\" content=\"Lr Loja Aloe Vera\" \/>\n<meta property=\"article:publisher\" content=\"https:\/\/www.facebook.com\/lraloeverashop.eu\" \/>\n<meta property=\"article:modified_time\" content=\"2026-02-08T09:22:04+00:00\" \/>\n<meta property=\"og:image\" content=\"https:\/\/www.lraloeverashop.eu\/wp-content\/uploads\/2022\/10\/Cistus-Incanus-Capsules-3-Pcs-Set.jpg\" \/>\n\t<meta property=\"og:image:width\" content=\"1200\" \/>\n\t<meta property=\"og:image:height\" content=\"1200\" \/>\n\t<meta property=\"og:image:type\" content=\"image\/jpeg\" \/>\n<meta name=\"twitter:card\" content=\"summary_large_image\" \/>\n<meta name=\"twitter:site\" content=\"@natur__kosmetik\" \/>\n<script type=\"application\/ld+json\" class=\"yoast-schema-graph\">{\"@context\":\"https:\\\/\\\/schema.org\",\"@graph\":[{\"@type\":[\"WebPage\",\"ItemPage\"],\"@id\":\"https:\\\/\\\/www.lraloeverashop.eu\\\/pt-pt\\\/produto\\\/lr-cistus-em-capsulas\\\/\",\"url\":\"https:\\\/\\\/www.lraloeverashop.eu\\\/pt-pt\\\/produto\\\/lr-cistus-em-capsulas\\\/\",\"name\":\"Lr Cistus em C\u00e1psulas Set 3 Pe\u00e7as Com Zinco e Vitamina C\",\"isPartOf\":{\"@id\":\"https:\\\/\\\/www.lraloeverashop.eu\\\/pt-pt\\\/#website\"},\"primaryImageOfPage\":{\"@id\":\"https:\\\/\\\/www.lraloeverashop.eu\\\/pt-pt\\\/produto\\\/lr-cistus-em-capsulas\\\/#primaryimage\"},\"image\":{\"@id\":\"https:\\\/\\\/www.lraloeverashop.eu\\\/pt-pt\\\/produto\\\/lr-cistus-em-capsulas\\\/#primaryimage\"},\"thumbnailUrl\":\"https:\\\/\\\/www.lraloeverashop.eu\\\/wp-content\\\/uploads\\\/2022\\\/10\\\/Cistus-Incanus-Capsules-3-Pcs-Set.jpg\",\"datePublished\":\"2022-10-12T09:17:23+00:00\",\"dateModified\":\"2026-02-08T09:22:04+00:00\",\"description\":\"Lr Cistus em C\u00e1psulas Set 3 Pe\u00e7as com 69% de extrato Cistus Incanus e 100% de vitamina C e 20% de zinco por ra\u00e7\u00e3o di\u00e1ria para apoiar o sistema imunol\u00f3gico.\",\"breadcrumb\":{\"@id\":\"https:\\\/\\\/www.lraloeverashop.eu\\\/pt-pt\\\/produto\\\/lr-cistus-em-capsulas\\\/#breadcrumb\"},\"inLanguage\":\"pt-PT\",\"potentialAction\":[{\"@type\":\"ReadAction\",\"target\":[\"https:\\\/\\\/www.lraloeverashop.eu\\\/pt-pt\\\/produto\\\/lr-cistus-em-capsulas\\\/\"]}]},{\"@type\":\"ImageObject\",\"inLanguage\":\"pt-PT\",\"@id\":\"https:\\\/\\\/www.lraloeverashop.eu\\\/pt-pt\\\/produto\\\/lr-cistus-em-capsulas\\\/#primaryimage\",\"url\":\"https:\\\/\\\/www.lraloeverashop.eu\\\/wp-content\\\/uploads\\\/2022\\\/10\\\/Cistus-Incanus-Capsules-3-Pcs-Set.jpg\",\"contentUrl\":\"https:\\\/\\\/www.lraloeverashop.eu\\\/wp-content\\\/uploads\\\/2022\\\/10\\\/Cistus-Incanus-Capsules-3-Pcs-Set.jpg\",\"width\":1200,\"height\":1200,\"caption\":\"Cistus Incanus C\u00e1psulas Conjunto de 3 pe\u00e7as\"},{\"@type\":\"BreadcrumbList\",\"@id\":\"https:\\\/\\\/www.lraloeverashop.eu\\\/pt-pt\\\/produto\\\/lr-cistus-em-capsulas\\\/#breadcrumb\",\"itemListElement\":[{\"@type\":\"ListItem\",\"position\":1,\"name\":\"Home\",\"item\":\"https:\\\/\\\/www.lraloeverashop.eu\\\/pt-pt\\\/\"},{\"@type\":\"ListItem\",\"position\":2,\"name\":\"Loja\",\"item\":\"https:\\\/\\\/www.lraloeverashop.eu\\\/pt-pt\\\/loja\\\/\"},{\"@type\":\"ListItem\",\"position\":3,\"name\":\"Lr Cistus em C\u00e1psulas Set 3 Pe\u00e7as\"}]},{\"@type\":\"WebSite\",\"@id\":\"https:\\\/\\\/www.lraloeverashop.eu\\\/pt-pt\\\/#website\",\"url\":\"https:\\\/\\\/www.lraloeverashop.eu\\\/pt-pt\\\/\",\"name\":\"Lr Loja Aloe Vera\",\"description\":\"High Quality Lr Aloe Vera Gel, Aloe Vera Cream and Shampoo\",\"publisher\":{\"@id\":\"https:\\\/\\\/www.lraloeverashop.eu\\\/pt-pt\\\/#organization\"},\"potentialAction\":[{\"@type\":\"SearchAction\",\"target\":{\"@type\":\"EntryPoint\",\"urlTemplate\":\"https:\\\/\\\/www.lraloeverashop.eu\\\/pt-pt\\\/?s={search_term_string}\"},\"query-input\":{\"@type\":\"PropertyValueSpecification\",\"valueRequired\":true,\"valueName\":\"search_term_string\"}}],\"inLanguage\":\"pt-PT\"},{\"@type\":\"Organization\",\"@id\":\"https:\\\/\\\/www.lraloeverashop.eu\\\/pt-pt\\\/#organization\",\"name\":\"Loja Lr Aloe Vera\",\"alternateName\":\"LR\",\"url\":\"https:\\\/\\\/www.lraloeverashop.eu\\\/pt-pt\\\/\",\"logo\":{\"@type\":\"ImageObject\",\"inLanguage\":\"pt-PT\",\"@id\":\"https:\\\/\\\/www.lraloeverashop.eu\\\/pt-pt\\\/#\\\/schema\\\/logo\\\/image\\\/\",\"url\":\"https:\\\/\\\/www.lraloeverashop.eu\\\/wp-content\\\/uploads\\\/2022\\\/09\\\/cropped-Lr-Aloe-Vera-Shop.jpg\",\"contentUrl\":\"https:\\\/\\\/www.lraloeverashop.eu\\\/wp-content\\\/uploads\\\/2022\\\/09\\\/cropped-Lr-Aloe-Vera-Shop.jpg\",\"width\":228,\"height\":76,\"caption\":\"Loja Lr Aloe Vera\"},\"image\":{\"@id\":\"https:\\\/\\\/www.lraloeverashop.eu\\\/pt-pt\\\/#\\\/schema\\\/logo\\\/image\\\/\"},\"sameAs\":[\"https:\\\/\\\/www.facebook.com\\\/lraloeverashop.eu\",\"https:\\\/\\\/x.com\\\/natur__kosmetik\",\"https:\\\/\\\/www.youtube.com\\\/channel\\\/UC5oN7BJ8nfYb8RpVtjwDEBA\",\"https:\\\/\\\/www.instagram.com\\\/lrbeautyeu\\\/\"],\"description\":\"Loja Lr Aloe Vera \u00e9 o seu destino de confian\u00e7a para os produtos de sa\u00fade e beleza premium da LR, fabricados na Alemanha. Oferecemos solu\u00e7\u00f5es de alta qualidade para o cuidado da pele, nutri\u00e7\u00e3o e antienvelhecimento \u00e0 base de Alo\u00e9 Vera, elaboradas com ingredientes puros e apoiadas em investiga\u00e7\u00e3o cient\u00edfica. Descubra o cuidado natural que regenera, protege e revitaliza a sua pele \u2014 e aproveite as ofertas mensais exclusivas nos nossos produtos LR Alo\u00e9 Vera mais vendidos.\\nComece hoje mesmo a sua jornada de cuidados naturais com a pele e sinta a diferen\u00e7a.\",\"email\":\"info@lraloeverashop.eu\",\"telephone\":\"+49 17670609653\",\"legalName\":\"Lr Aloe Vera Shop\",\"foundingDate\":\"2018-04-21\",\"numberOfEmployees\":{\"@type\":\"QuantitativeValue\",\"minValue\":\"1\",\"maxValue\":\"10\"}}]}<\/script>\n<meta property=\"product:price:amount\" content=\"124.51\" \/>\n<meta property=\"product:price:currency\" content=\"EUR\" \/>\n<meta property=\"og:availability\" content=\"instock\" \/>\n<meta property=\"product:availability\" content=\"instock\" \/>\n<meta property=\"product:retailer_item_id\" content=\"80142-401PT\" \/>\n<meta property=\"product:condition\" content=\"new\" \/>\n<!-- \/ Yoast SEO Premium plugin. -->","yoast_head_json":{"title":"Lr Cistus em C\u00e1psulas Set 3 Pe\u00e7as Com Zinco e Vitamina C","description":"Lr Cistus em C\u00e1psulas Set 3 Pe\u00e7as com 69% de extrato Cistus Incanus e 100% de vitamina C e 20% de zinco por ra\u00e7\u00e3o di\u00e1ria para apoiar o sistema imunol\u00f3gico.","robots":{"index":"index","follow":"follow","max-snippet":"max-snippet:-1","max-image-preview":"max-image-preview:large","max-video-preview":"max-video-preview:-1"},"canonical":"https:\/\/www.lraloeverashop.eu\/pt-pt\/produto\/lr-cistus-em-capsulas\/","og_locale":"pt_PT","og_type":"article","og_title":"Lr Cistus em C\u00e1psulas Set 3 Pe\u00e7as","og_description":"Lr Cistus em C\u00e1psulas Set 3 Pe\u00e7as com 69% de extrato Cistus Incanus e 100% de vitamina C e 20% de zinco por ra\u00e7\u00e3o di\u00e1ria para apoiar o sistema imunol\u00f3gico.","og_url":"https:\/\/www.lraloeverashop.eu\/pt-pt\/produto\/lr-cistus-em-capsulas\/","og_site_name":"Lr Loja Aloe Vera","article_publisher":"https:\/\/www.facebook.com\/lraloeverashop.eu","article_modified_time":"2026-02-08T09:22:04+00:00","og_image":[{"width":1200,"height":1200,"url":"https:\/\/www.lraloeverashop.eu\/wp-content\/uploads\/2022\/10\/Cistus-Incanus-Capsules-3-Pcs-Set.jpg","type":"image\/jpeg"}],"twitter_card":"summary_large_image","twitter_site":"@natur__kosmetik","schema":{"@context":"https:\/\/schema.org","@graph":[{"@type":["WebPage","ItemPage"],"@id":"https:\/\/www.lraloeverashop.eu\/pt-pt\/produto\/lr-cistus-em-capsulas\/","url":"https:\/\/www.lraloeverashop.eu\/pt-pt\/produto\/lr-cistus-em-capsulas\/","name":"Lr Cistus em C\u00e1psulas Set 3 Pe\u00e7as Com Zinco e Vitamina C","isPartOf":{"@id":"https:\/\/www.lraloeverashop.eu\/pt-pt\/#website"},"primaryImageOfPage":{"@id":"https:\/\/www.lraloeverashop.eu\/pt-pt\/produto\/lr-cistus-em-capsulas\/#primaryimage"},"image":{"@id":"https:\/\/www.lraloeverashop.eu\/pt-pt\/produto\/lr-cistus-em-capsulas\/#primaryimage"},"thumbnailUrl":"https:\/\/www.lraloeverashop.eu\/wp-content\/uploads\/2022\/10\/Cistus-Incanus-Capsules-3-Pcs-Set.jpg","datePublished":"2022-10-12T09:17:23+00:00","dateModified":"2026-02-08T09:22:04+00:00","description":"Lr Cistus em C\u00e1psulas Set 3 Pe\u00e7as com 69% de extrato Cistus Incanus e 100% de vitamina C e 20% de zinco por ra\u00e7\u00e3o di\u00e1ria para apoiar o sistema imunol\u00f3gico.","breadcrumb":{"@id":"https:\/\/www.lraloeverashop.eu\/pt-pt\/produto\/lr-cistus-em-capsulas\/#breadcrumb"},"inLanguage":"pt-PT","potentialAction":[{"@type":"ReadAction","target":["https:\/\/www.lraloeverashop.eu\/pt-pt\/produto\/lr-cistus-em-capsulas\/"]}]},{"@type":"ImageObject","inLanguage":"pt-PT","@id":"https:\/\/www.lraloeverashop.eu\/pt-pt\/produto\/lr-cistus-em-capsulas\/#primaryimage","url":"https:\/\/www.lraloeverashop.eu\/wp-content\/uploads\/2022\/10\/Cistus-Incanus-Capsules-3-Pcs-Set.jpg","contentUrl":"https:\/\/www.lraloeverashop.eu\/wp-content\/uploads\/2022\/10\/Cistus-Incanus-Capsules-3-Pcs-Set.jpg","width":1200,"height":1200,"caption":"Cistus Incanus C\u00e1psulas Conjunto de 3 pe\u00e7as"},{"@type":"BreadcrumbList","@id":"https:\/\/www.lraloeverashop.eu\/pt-pt\/produto\/lr-cistus-em-capsulas\/#breadcrumb","itemListElement":[{"@type":"ListItem","position":1,"name":"Home","item":"https:\/\/www.lraloeverashop.eu\/pt-pt\/"},{"@type":"ListItem","position":2,"name":"Loja","item":"https:\/\/www.lraloeverashop.eu\/pt-pt\/loja\/"},{"@type":"ListItem","position":3,"name":"Lr Cistus em C\u00e1psulas Set 3 Pe\u00e7as"}]},{"@type":"WebSite","@id":"https:\/\/www.lraloeverashop.eu\/pt-pt\/#website","url":"https:\/\/www.lraloeverashop.eu\/pt-pt\/","name":"Lr Loja Aloe Vera","description":"High Quality Lr Aloe Vera Gel, Aloe Vera Cream and Shampoo","publisher":{"@id":"https:\/\/www.lraloeverashop.eu\/pt-pt\/#organization"},"potentialAction":[{"@type":"SearchAction","target":{"@type":"EntryPoint","urlTemplate":"https:\/\/www.lraloeverashop.eu\/pt-pt\/?s={search_term_string}"},"query-input":{"@type":"PropertyValueSpecification","valueRequired":true,"valueName":"search_term_string"}}],"inLanguage":"pt-PT"},{"@type":"Organization","@id":"https:\/\/www.lraloeverashop.eu\/pt-pt\/#organization","name":"Loja Lr Aloe Vera","alternateName":"LR","url":"https:\/\/www.lraloeverashop.eu\/pt-pt\/","logo":{"@type":"ImageObject","inLanguage":"pt-PT","@id":"https:\/\/www.lraloeverashop.eu\/pt-pt\/#\/schema\/logo\/image\/","url":"https:\/\/www.lraloeverashop.eu\/wp-content\/uploads\/2022\/09\/cropped-Lr-Aloe-Vera-Shop.jpg","contentUrl":"https:\/\/www.lraloeverashop.eu\/wp-content\/uploads\/2022\/09\/cropped-Lr-Aloe-Vera-Shop.jpg","width":228,"height":76,"caption":"Loja Lr Aloe Vera"},"image":{"@id":"https:\/\/www.lraloeverashop.eu\/pt-pt\/#\/schema\/logo\/image\/"},"sameAs":["https:\/\/www.facebook.com\/lraloeverashop.eu","https:\/\/x.com\/natur__kosmetik","https:\/\/www.youtube.com\/channel\/UC5oN7BJ8nfYb8RpVtjwDEBA","https:\/\/www.instagram.com\/lrbeautyeu\/"],"description":"Loja Lr Aloe Vera \u00e9 o seu destino de confian\u00e7a para os produtos de sa\u00fade e beleza premium da LR, fabricados na Alemanha. Oferecemos solu\u00e7\u00f5es de alta qualidade para o cuidado da pele, nutri\u00e7\u00e3o e antienvelhecimento \u00e0 base de Alo\u00e9 Vera, elaboradas com ingredientes puros e apoiadas em investiga\u00e7\u00e3o cient\u00edfica. Descubra o cuidado natural que regenera, protege e revitaliza a sua pele \u2014 e aproveite as ofertas mensais exclusivas nos nossos produtos LR Alo\u00e9 Vera mais vendidos.\nComece hoje mesmo a sua jornada de cuidados naturais com a pele e sinta a diferen\u00e7a.","email":"info@lraloeverashop.eu","telephone":"+49 17670609653","legalName":"Lr Aloe Vera Shop","foundingDate":"2018-04-21","numberOfEmployees":{"@type":"QuantitativeValue","minValue":"1","maxValue":"10"}}]},"product_price_amount":"124.51","product_price_currency":"EUR","og_availability":"instock","product_availability":"instock","product_retailer_item_id":"80142-401PT","product_condition":"new"},"taxonomy_info":{"product_cat":[{"value":401,"label":"Base"},{"value":491,"label":"Cistus Incanus"},{"value":460,"label":"Economize em conjuntos"},{"value":413,"label":"Produtos Especiais"},{"value":348,"label":"Sistema imunol\u00f3gico e equil\u00edbrio"}],"product_tag":[{"value":673,"label":"Refor\u00e7o imunol\u00f3gico"}]},"featured_image_src_large":["https:\/\/www.lraloeverashop.eu\/wp-content\/uploads\/2022\/10\/Cistus-Incanus-Capsules-3-Pcs-Set-1024x1024.jpg",1024,1024,true],"author_info":[],"comment_info":0,"_links":{"self":[{"href":"https:\/\/www.lraloeverashop.eu\/pt-pt\/wp-json\/wp\/v2\/product\/9919","targetHints":{"allow":["GET"]}}],"collection":[{"href":"https:\/\/www.lraloeverashop.eu\/pt-pt\/wp-json\/wp\/v2\/product"}],"about":[{"href":"https:\/\/www.lraloeverashop.eu\/pt-pt\/wp-json\/wp\/v2\/types\/product"}],"replies":[{"embeddable":true,"href":"https:\/\/www.lraloeverashop.eu\/pt-pt\/wp-json\/wp\/v2\/comments?post=9919"}],"wp:featuredmedia":[{"embeddable":true,"href":"https:\/\/www.lraloeverashop.eu\/pt-pt\/wp-json\/wp\/v2\/media\/5391"}],"wp:attachment":[{"href":"https:\/\/www.lraloeverashop.eu\/pt-pt\/wp-json\/wp\/v2\/media?parent=9919"}],"wp:term":[{"taxonomy":"product_brand","embeddable":true,"href":"https:\/\/www.lraloeverashop.eu\/pt-pt\/wp-json\/wp\/v2\/product_brand?post=9919"},{"taxonomy":"product_cat","embeddable":true,"href":"https:\/\/www.lraloeverashop.eu\/pt-pt\/wp-json\/wp\/v2\/product_cat?post=9919"},{"taxonomy":"product_tag","embeddable":true,"href":"https:\/\/www.lraloeverashop.eu\/pt-pt\/wp-json\/wp\/v2\/product_tag?post=9919"}],"curies":[{"name":"wp","href":"https:\/\/api.w.org\/{rel}","templated":true}]}}