{"id":9876,"date":"2022-10-12T12:12:17","date_gmt":"2022-10-12T10:12:17","guid":{"rendered":"https:\/\/www.lraloeverashop.eu\/product\/cha-cistus-incanus\/"},"modified":"2025-03-29T12:52:41","modified_gmt":"2025-03-29T11:52:41","slug":"cha-cistus-incanus","status":"publish","type":"product","link":"https:\/\/www.lraloeverashop.eu\/pt-pt\/produto\/cha-cistus-incanus\/","title":{"rendered":"Ch\u00e1 de Banho Cistus Incanus"},"content":{"rendered":"<h2><span style=\"font-size: 16pt;\"><strong>Ch\u00e1 de Banho Cistus Incanus<\/strong><\/span><\/h2>\n<p><span style=\"font-size: 14pt;\"><strong>Ch\u00e1 de Banho Cistus Incanus para peles sens\u00edveis e irritadas<\/strong><\/span><\/p>\n<p>O Ch\u00e1 de Banho Cistus Incanus \u00e9 particularmente indicado para relaxar a pele irritada e sens\u00edvel. Ele cont\u00e9m apenas ervas naturais, como Cistus Incanus e hortel\u00e3-pimenta. Estes s\u00e3o de origem natural e cont\u00eam <a href=\"https:\/\/www.lraloeverashop.eu\/pt-pt\/produto\/cha-para-emagrecer\/\">qualidade alimentar<\/a>.<\/p>\n<p>O Ch\u00e1 de Banho com Cistrose, como tamb\u00e9m \u00e9 chamada a planta Cistus incanus, \u00e9 composto por 95% das folhas da planta Cistus incanus e tamb\u00e9m \u00e9 enriquecido com 5% de folhas de hortel\u00e3. Assim, o ch\u00e1 \u00e9 composto por ingredientes 100% naturais e isento de aromas. Ferva, despeje, aproveite<\/p>\n<h2><strong><span style=\"font-size: 16pt;\">Como Usar o Ch\u00e1 de Banho<\/span><\/strong><\/h2>\n<p>Coloque 4 colheres de sopa de Cistus Incanus em um bule e despeje 1 litro de \u00e1gua fervente sobre ele. Passe por uma peneira ap\u00f3s 8-10 minutos. Encha a banheira com \u00e1gua e adicione o <a href=\"https:\/\/www.lraloeverashop.eu\/pt-pt\/pode-o-cha-para-emagrecimento-ajudar-lhe-a-perder-peso\/\">ch\u00e1<\/a>.<\/p>\n<h3><strong><span style=\"font-size: 16pt;\">Outras \u00c1reas de Aplica\u00e7\u00e3o Al\u00e9m do Banho Completo:<\/span><\/strong><\/h3>\n<p><strong>P\u00e9s ou m\u00e3os:<\/strong> Adicione 1 colher de sopa de ch\u00e1 de banho a um litro de \u00e1gua morna. Depois de alguns minutos, as m\u00e3os ou os p\u00e9s podem ser banhados no caldo por cerca de 5 a 10 minutos. Deixe os p\u00e9s ou as m\u00e3os secarem ao ar ap\u00f3s o banho para que tudo fa\u00e7a efeito.<\/p>\n<p><strong>Rosto:<\/strong> Despeje 1-2 colheres de sopa do ch\u00e1 de banho em um copo grande cheio de \u00e1gua ou outro recipiente adequado. Ap\u00f3s alguns minutos, o algod\u00e3o embebido no l\u00edquido pode ser aplicado nas \u00e1reas apropriadas do rosto. Deixe secar ao ar para que tudo possa fazer efeito.<\/p>\n<h4><strong><span style=\"font-size: 16pt;\">Voc\u00ea sabia?<\/span><\/strong><\/h4>\n<p>A planta Cistus Incanus pertence ao g\u00eanero esteva da fam\u00edlia das estevas e \u00e9 nativa principalmente da regi\u00e3o quente do Mediterr\u00e2neo (por exemplo, na Gr\u00e9cia e na Turquia). Em boas condi\u00e7\u00f5es clim\u00e1ticas, a planta cresce at\u00e9 um metro de altura e tem lindas flores rosa a violeta que atingem um di\u00e2metro de 4 a 6 cent\u00edmetros no per\u00edodo de flora\u00e7\u00e3o de abril a junho.<\/p>\n","protected":false},"excerpt":{"rendered":"<ul>\n<li>Para banho relaxante de rosto, m\u00e3os ou p\u00e9s<\/li>\n<li>Particularmente adequado para peles irritadas e sens\u00edveis<\/li>\n<li>Ervas naturais: 95% Cistus Incanus, 5% hortel\u00e3-pimenta<\/li>\n<li>Origem natural de qualidade alimentar<\/li>\n<li>Feito na Alemanha<\/li>\n<li>Quantidade: 250 gr<\/li>\n<\/ul>\n<p>&nbsp;<\/p>\n","protected":false},"featured_media":9867,"comment_status":"open","ping_status":"closed","template":"","meta":{"_kad_blocks_custom_css":"","_kad_blocks_head_custom_js":"","_kad_blocks_body_custom_js":"","_kad_blocks_footer_custom_js":"","_kadence_starter_templates_imported_post":false,"_kad_post_transparent":"default","_kad_post_title":"","_kad_post_layout":"default","_kad_post_sidebar_id":"","_kad_post_content_style":"default","_kad_post_vertical_padding":"default","_kad_post_feature":"","_kad_post_feature_position":"","_kad_post_header":false,"_kad_post_footer":false,"_kad_post_classname":""},"product_brand":[],"product_cat":[491,467,413,449],"product_tag":[],"class_list":{"0":"post-9876","1":"product","2":"type-product","3":"status-publish","4":"has-post-thumbnail","6":"product_cat-cistus-incanus-pt-pt","7":"product_cat-lr-especialistas","8":"product_cat-produtos-especiais","9":"product_cat-relaxamento","11":"first","12":"outofstock","13":"taxable","14":"shipping-taxable","15":"purchasable","16":"product-type-simple","17":"entry","18":"content-bg","19":"loop-entry"},"yoast_head":"<!-- This site is optimized with the Yoast SEO Premium plugin v27.3 (Yoast SEO v27.3) - https:\/\/yoast.com\/product\/yoast-seo-premium-wordpress\/ -->\n<title>Ch\u00e1 de Banho Cistus Incanus para peles sens\u00edveis e irritadas<\/title>\n<meta name=\"description\" content=\"Ch\u00e1 de Banho Cistus Incanus cont\u00e9m apenas ervas naturais, como Cistus Incanus e hortel\u00e3-pimenta. Estes s\u00e3o de origem natural e cont\u00eam qualidade alimentar.\" \/>\n<meta name=\"robots\" content=\"index, follow, max-snippet:-1, max-image-preview:large, max-video-preview:-1\" \/>\n<link rel=\"canonical\" href=\"https:\/\/www.lraloeverashop.eu\/pt-pt\/produto\/cha-cistus-incanus\/\" \/>\n<meta property=\"og:locale\" content=\"pt_PT\" \/>\n<meta property=\"og:type\" content=\"article\" \/>\n<meta property=\"og:title\" content=\"Ch\u00e1 de Banho Cistus Incanus\" \/>\n<meta property=\"og:description\" content=\"Ch\u00e1 de Banho Cistus Incanus cont\u00e9m apenas ervas naturais, como Cistus Incanus e hortel\u00e3-pimenta. Estes s\u00e3o de origem natural e cont\u00eam qualidade alimentar.\" \/>\n<meta property=\"og:url\" content=\"https:\/\/www.lraloeverashop.eu\/pt-pt\/produto\/cha-cistus-incanus\/\" \/>\n<meta property=\"og:site_name\" content=\"Lr Loja Aloe Vera\" \/>\n<meta property=\"article:publisher\" content=\"https:\/\/www.facebook.com\/lraloeverashop.eu\" \/>\n<meta property=\"article:modified_time\" content=\"2025-03-29T11:52:41+00:00\" \/>\n<meta property=\"og:image\" content=\"https:\/\/www.lraloeverashop.eu\/wp-content\/uploads\/2022\/10\/Cistus-Incanus-Bath-Tea.jpg\" \/>\n\t<meta property=\"og:image:width\" content=\"1200\" \/>\n\t<meta property=\"og:image:height\" content=\"1200\" \/>\n\t<meta property=\"og:image:type\" content=\"image\/jpeg\" \/>\n<meta name=\"twitter:card\" content=\"summary_large_image\" \/>\n<meta name=\"twitter:site\" content=\"@natur__kosmetik\" \/>\n<script type=\"application\/ld+json\" class=\"yoast-schema-graph\">{\"@context\":\"https:\\\/\\\/schema.org\",\"@graph\":[{\"@type\":[\"WebPage\",\"ItemPage\"],\"@id\":\"https:\\\/\\\/www.lraloeverashop.eu\\\/pt-pt\\\/produto\\\/cha-cistus-incanus\\\/\",\"url\":\"https:\\\/\\\/www.lraloeverashop.eu\\\/pt-pt\\\/produto\\\/cha-cistus-incanus\\\/\",\"name\":\"Ch\u00e1 de Banho Cistus Incanus para peles sens\u00edveis e irritadas\",\"isPartOf\":{\"@id\":\"https:\\\/\\\/www.lraloeverashop.eu\\\/pt-pt\\\/#website\"},\"primaryImageOfPage\":{\"@id\":\"https:\\\/\\\/www.lraloeverashop.eu\\\/pt-pt\\\/produto\\\/cha-cistus-incanus\\\/#primaryimage\"},\"image\":{\"@id\":\"https:\\\/\\\/www.lraloeverashop.eu\\\/pt-pt\\\/produto\\\/cha-cistus-incanus\\\/#primaryimage\"},\"thumbnailUrl\":\"https:\\\/\\\/www.lraloeverashop.eu\\\/wp-content\\\/uploads\\\/2022\\\/10\\\/Cistus-Incanus-Bath-Tea.jpg\",\"datePublished\":\"2022-10-12T10:12:17+00:00\",\"dateModified\":\"2025-03-29T11:52:41+00:00\",\"description\":\"Ch\u00e1 de Banho Cistus Incanus cont\u00e9m apenas ervas naturais, como Cistus Incanus e hortel\u00e3-pimenta. Estes s\u00e3o de origem natural e cont\u00eam qualidade alimentar.\",\"breadcrumb\":{\"@id\":\"https:\\\/\\\/www.lraloeverashop.eu\\\/pt-pt\\\/produto\\\/cha-cistus-incanus\\\/#breadcrumb\"},\"inLanguage\":\"pt-PT\",\"potentialAction\":[{\"@type\":\"ReadAction\",\"target\":[\"https:\\\/\\\/www.lraloeverashop.eu\\\/pt-pt\\\/produto\\\/cha-cistus-incanus\\\/\"]}]},{\"@type\":\"ImageObject\",\"inLanguage\":\"pt-PT\",\"@id\":\"https:\\\/\\\/www.lraloeverashop.eu\\\/pt-pt\\\/produto\\\/cha-cistus-incanus\\\/#primaryimage\",\"url\":\"https:\\\/\\\/www.lraloeverashop.eu\\\/wp-content\\\/uploads\\\/2022\\\/10\\\/Cistus-Incanus-Bath-Tea.jpg\",\"contentUrl\":\"https:\\\/\\\/www.lraloeverashop.eu\\\/wp-content\\\/uploads\\\/2022\\\/10\\\/Cistus-Incanus-Bath-Tea.jpg\",\"width\":1200,\"height\":1200,\"caption\":\"Ch\u00e1 de Banho Cistus Incanus para peles irritadas\"},{\"@type\":\"BreadcrumbList\",\"@id\":\"https:\\\/\\\/www.lraloeverashop.eu\\\/pt-pt\\\/produto\\\/cha-cistus-incanus\\\/#breadcrumb\",\"itemListElement\":[{\"@type\":\"ListItem\",\"position\":1,\"name\":\"Home\",\"item\":\"https:\\\/\\\/www.lraloeverashop.eu\\\/pt-pt\\\/\"},{\"@type\":\"ListItem\",\"position\":2,\"name\":\"Loja\",\"item\":\"https:\\\/\\\/www.lraloeverashop.eu\\\/pt-pt\\\/loja\\\/\"},{\"@type\":\"ListItem\",\"position\":3,\"name\":\"Ch\u00e1 de Banho Cistus Incanus\"}]},{\"@type\":\"WebSite\",\"@id\":\"https:\\\/\\\/www.lraloeverashop.eu\\\/pt-pt\\\/#website\",\"url\":\"https:\\\/\\\/www.lraloeverashop.eu\\\/pt-pt\\\/\",\"name\":\"Lr Loja Aloe Vera\",\"description\":\"High Quality Lr Aloe Vera Gel, Aloe Vera Cream and Shampoo\",\"publisher\":{\"@id\":\"https:\\\/\\\/www.lraloeverashop.eu\\\/pt-pt\\\/#organization\"},\"potentialAction\":[{\"@type\":\"SearchAction\",\"target\":{\"@type\":\"EntryPoint\",\"urlTemplate\":\"https:\\\/\\\/www.lraloeverashop.eu\\\/pt-pt\\\/?s={search_term_string}\"},\"query-input\":{\"@type\":\"PropertyValueSpecification\",\"valueRequired\":true,\"valueName\":\"search_term_string\"}}],\"inLanguage\":\"pt-PT\"},{\"@type\":\"Organization\",\"@id\":\"https:\\\/\\\/www.lraloeverashop.eu\\\/pt-pt\\\/#organization\",\"name\":\"Lr Loja Aloe Vera\",\"alternateName\":\"LR\",\"url\":\"https:\\\/\\\/www.lraloeverashop.eu\\\/pt-pt\\\/\",\"logo\":{\"@type\":\"ImageObject\",\"inLanguage\":\"pt-PT\",\"@id\":\"https:\\\/\\\/www.lraloeverashop.eu\\\/pt-pt\\\/#\\\/schema\\\/logo\\\/image\\\/\",\"url\":\"https:\\\/\\\/www.lraloeverashop.eu\\\/wp-content\\\/uploads\\\/2022\\\/09\\\/cropped-Lr-Aloe-Vera-Shop.jpg\",\"contentUrl\":\"https:\\\/\\\/www.lraloeverashop.eu\\\/wp-content\\\/uploads\\\/2022\\\/09\\\/cropped-Lr-Aloe-Vera-Shop.jpg\",\"width\":228,\"height\":76,\"caption\":\"Lr Loja Aloe Vera\"},\"image\":{\"@id\":\"https:\\\/\\\/www.lraloeverashop.eu\\\/pt-pt\\\/#\\\/schema\\\/logo\\\/image\\\/\"},\"sameAs\":[\"https:\\\/\\\/www.facebook.com\\\/lraloeverashop.eu\",\"https:\\\/\\\/x.com\\\/natur__kosmetik\",\"https:\\\/\\\/www.youtube.com\\\/channel\\\/UC5oN7BJ8nfYb8RpVtjwDEBA\",\"https:\\\/\\\/www.instagram.com\\\/lrbeautyeu\\\/\"]}]}<\/script>\n<meta property=\"product:price:amount\" content=\"17.89\" \/>\n<meta property=\"product:price:currency\" content=\"EUR\" \/>\n<meta property=\"og:availability\" content=\"out of stock\" \/>\n<meta property=\"product:availability\" content=\"out of stock\" \/>\n<meta property=\"product:retailer_item_id\" content=\"24003-1PT\" \/>\n<meta property=\"product:condition\" content=\"new\" \/>\n<!-- \/ Yoast SEO Premium plugin. -->","yoast_head_json":{"title":"Ch\u00e1 de Banho Cistus Incanus para peles sens\u00edveis e irritadas","description":"Ch\u00e1 de Banho Cistus Incanus cont\u00e9m apenas ervas naturais, como Cistus Incanus e hortel\u00e3-pimenta. Estes s\u00e3o de origem natural e cont\u00eam qualidade alimentar.","robots":{"index":"index","follow":"follow","max-snippet":"max-snippet:-1","max-image-preview":"max-image-preview:large","max-video-preview":"max-video-preview:-1"},"canonical":"https:\/\/www.lraloeverashop.eu\/pt-pt\/produto\/cha-cistus-incanus\/","og_locale":"pt_PT","og_type":"article","og_title":"Ch\u00e1 de Banho Cistus Incanus","og_description":"Ch\u00e1 de Banho Cistus Incanus cont\u00e9m apenas ervas naturais, como Cistus Incanus e hortel\u00e3-pimenta. Estes s\u00e3o de origem natural e cont\u00eam qualidade alimentar.","og_url":"https:\/\/www.lraloeverashop.eu\/pt-pt\/produto\/cha-cistus-incanus\/","og_site_name":"Lr Loja Aloe Vera","article_publisher":"https:\/\/www.facebook.com\/lraloeverashop.eu","article_modified_time":"2025-03-29T11:52:41+00:00","og_image":[{"width":1200,"height":1200,"url":"https:\/\/www.lraloeverashop.eu\/wp-content\/uploads\/2022\/10\/Cistus-Incanus-Bath-Tea.jpg","type":"image\/jpeg"}],"twitter_card":"summary_large_image","twitter_site":"@natur__kosmetik","schema":{"@context":"https:\/\/schema.org","@graph":[{"@type":["WebPage","ItemPage"],"@id":"https:\/\/www.lraloeverashop.eu\/pt-pt\/produto\/cha-cistus-incanus\/","url":"https:\/\/www.lraloeverashop.eu\/pt-pt\/produto\/cha-cistus-incanus\/","name":"Ch\u00e1 de Banho Cistus Incanus para peles sens\u00edveis e irritadas","isPartOf":{"@id":"https:\/\/www.lraloeverashop.eu\/pt-pt\/#website"},"primaryImageOfPage":{"@id":"https:\/\/www.lraloeverashop.eu\/pt-pt\/produto\/cha-cistus-incanus\/#primaryimage"},"image":{"@id":"https:\/\/www.lraloeverashop.eu\/pt-pt\/produto\/cha-cistus-incanus\/#primaryimage"},"thumbnailUrl":"https:\/\/www.lraloeverashop.eu\/wp-content\/uploads\/2022\/10\/Cistus-Incanus-Bath-Tea.jpg","datePublished":"2022-10-12T10:12:17+00:00","dateModified":"2025-03-29T11:52:41+00:00","description":"Ch\u00e1 de Banho Cistus Incanus cont\u00e9m apenas ervas naturais, como Cistus Incanus e hortel\u00e3-pimenta. Estes s\u00e3o de origem natural e cont\u00eam qualidade alimentar.","breadcrumb":{"@id":"https:\/\/www.lraloeverashop.eu\/pt-pt\/produto\/cha-cistus-incanus\/#breadcrumb"},"inLanguage":"pt-PT","potentialAction":[{"@type":"ReadAction","target":["https:\/\/www.lraloeverashop.eu\/pt-pt\/produto\/cha-cistus-incanus\/"]}]},{"@type":"ImageObject","inLanguage":"pt-PT","@id":"https:\/\/www.lraloeverashop.eu\/pt-pt\/produto\/cha-cistus-incanus\/#primaryimage","url":"https:\/\/www.lraloeverashop.eu\/wp-content\/uploads\/2022\/10\/Cistus-Incanus-Bath-Tea.jpg","contentUrl":"https:\/\/www.lraloeverashop.eu\/wp-content\/uploads\/2022\/10\/Cistus-Incanus-Bath-Tea.jpg","width":1200,"height":1200,"caption":"Ch\u00e1 de Banho Cistus Incanus para peles irritadas"},{"@type":"BreadcrumbList","@id":"https:\/\/www.lraloeverashop.eu\/pt-pt\/produto\/cha-cistus-incanus\/#breadcrumb","itemListElement":[{"@type":"ListItem","position":1,"name":"Home","item":"https:\/\/www.lraloeverashop.eu\/pt-pt\/"},{"@type":"ListItem","position":2,"name":"Loja","item":"https:\/\/www.lraloeverashop.eu\/pt-pt\/loja\/"},{"@type":"ListItem","position":3,"name":"Ch\u00e1 de Banho Cistus Incanus"}]},{"@type":"WebSite","@id":"https:\/\/www.lraloeverashop.eu\/pt-pt\/#website","url":"https:\/\/www.lraloeverashop.eu\/pt-pt\/","name":"Lr Loja Aloe Vera","description":"High Quality Lr Aloe Vera Gel, Aloe Vera Cream and Shampoo","publisher":{"@id":"https:\/\/www.lraloeverashop.eu\/pt-pt\/#organization"},"potentialAction":[{"@type":"SearchAction","target":{"@type":"EntryPoint","urlTemplate":"https:\/\/www.lraloeverashop.eu\/pt-pt\/?s={search_term_string}"},"query-input":{"@type":"PropertyValueSpecification","valueRequired":true,"valueName":"search_term_string"}}],"inLanguage":"pt-PT"},{"@type":"Organization","@id":"https:\/\/www.lraloeverashop.eu\/pt-pt\/#organization","name":"Lr Loja Aloe Vera","alternateName":"LR","url":"https:\/\/www.lraloeverashop.eu\/pt-pt\/","logo":{"@type":"ImageObject","inLanguage":"pt-PT","@id":"https:\/\/www.lraloeverashop.eu\/pt-pt\/#\/schema\/logo\/image\/","url":"https:\/\/www.lraloeverashop.eu\/wp-content\/uploads\/2022\/09\/cropped-Lr-Aloe-Vera-Shop.jpg","contentUrl":"https:\/\/www.lraloeverashop.eu\/wp-content\/uploads\/2022\/09\/cropped-Lr-Aloe-Vera-Shop.jpg","width":228,"height":76,"caption":"Lr Loja Aloe Vera"},"image":{"@id":"https:\/\/www.lraloeverashop.eu\/pt-pt\/#\/schema\/logo\/image\/"},"sameAs":["https:\/\/www.facebook.com\/lraloeverashop.eu","https:\/\/x.com\/natur__kosmetik","https:\/\/www.youtube.com\/channel\/UC5oN7BJ8nfYb8RpVtjwDEBA","https:\/\/www.instagram.com\/lrbeautyeu\/"]}]},"product_price_amount":"17.89","product_price_currency":"EUR","og_availability":"out of stock","product_availability":"out of stock","product_retailer_item_id":"24003-1PT","product_condition":"new"},"taxonomy_info":{"product_cat":[{"value":491,"label":"Cistus Incanus"},{"value":467,"label":"Especialistas"},{"value":413,"label":"Produtos Especiais"},{"value":449,"label":"Relaxamento"}]},"featured_image_src_large":["https:\/\/www.lraloeverashop.eu\/wp-content\/uploads\/2022\/10\/Cistus-Incanus-Bath-Tea-1024x1024.jpg",1024,1024,true],"author_info":[],"comment_info":0,"_links":{"self":[{"href":"https:\/\/www.lraloeverashop.eu\/pt-pt\/wp-json\/wp\/v2\/product\/9876","targetHints":{"allow":["GET"]}}],"collection":[{"href":"https:\/\/www.lraloeverashop.eu\/pt-pt\/wp-json\/wp\/v2\/product"}],"about":[{"href":"https:\/\/www.lraloeverashop.eu\/pt-pt\/wp-json\/wp\/v2\/types\/product"}],"replies":[{"embeddable":true,"href":"https:\/\/www.lraloeverashop.eu\/pt-pt\/wp-json\/wp\/v2\/comments?post=9876"}],"wp:featuredmedia":[{"embeddable":true,"href":"https:\/\/www.lraloeverashop.eu\/pt-pt\/wp-json\/wp\/v2\/media\/9867"}],"wp:attachment":[{"href":"https:\/\/www.lraloeverashop.eu\/pt-pt\/wp-json\/wp\/v2\/media?parent=9876"}],"wp:term":[{"taxonomy":"product_brand","embeddable":true,"href":"https:\/\/www.lraloeverashop.eu\/pt-pt\/wp-json\/wp\/v2\/product_brand?post=9876"},{"taxonomy":"product_cat","embeddable":true,"href":"https:\/\/www.lraloeverashop.eu\/pt-pt\/wp-json\/wp\/v2\/product_cat?post=9876"},{"taxonomy":"product_tag","embeddable":true,"href":"https:\/\/www.lraloeverashop.eu\/pt-pt\/wp-json\/wp\/v2\/product_tag?post=9876"}],"curies":[{"name":"wp","href":"https:\/\/api.w.org\/{rel}","templated":true}]}}