{"id":9853,"date":"2022-10-12T12:27:15","date_gmt":"2022-10-12T10:27:15","guid":{"rendered":"https:\/\/www.lraloeverashop.eu\/product\/probioticos-naturais-pro-12\/"},"modified":"2025-03-29T12:52:25","modified_gmt":"2025-03-29T11:52:25","slug":"probioticos-naturais-pro-12","status":"publish","type":"product","link":"https:\/\/www.lraloeverashop.eu\/pt-pt\/produto\/probioticos-naturais-pro-12\/","title":{"rendered":"Probi\u00f3ticos Naturais Pro 12"},"content":{"rendered":"<h2><strong><span style=\"font-size: 16pt;\">Probi\u00f3ticos Naturais Pro 12<\/span><\/strong><\/h2>\n<p><span style=\"font-size: 14pt;\"><strong>Probi\u00f3ticos Naturais Pro 12 Apoia o bem-estar geral<\/strong><\/span><\/p>\n<p>O intestino \u00e9 um dos maiores \u00f3rg\u00e3os do corpo humano, respons\u00e1vel pelo nosso bem-estar geral. A parede intestinal \u00e9 colonizada por grande quantidade de bact\u00e9rias.<\/p>\n<p>Pro 12 Probi\u00f3ticas em C\u00e1psulas suportam a flora intestinal: cada c\u00e1psula cont\u00e9m um total de 1 bilh\u00e3o de bact\u00e9rias probi\u00f3ticas compostas por 12 cepas bacterianas diferentes. Essa combina\u00e7\u00e3o \u00e9 \u00fanica. O equil\u00edbrio natural dessas bact\u00e9rias contribui muito para o bom estado do nosso corpo.<\/p>\n<p>&nbsp;<\/p>\n<h3><span style=\"font-size: 16pt;\"><strong>Como usar<\/strong><\/span><\/h3>\n<p><strong>Dose di\u00e1ria recomendada:<\/strong><br \/>\n1 c\u00e1psula de <a href=\"https:\/\/www.lraloeverashop.eu\/pt-pt\/produto\/pro-12-probioticas-em-capsulas\/\">Pro 12<\/a> com um pouco de l\u00edquido.<\/p>\n<p>N\u00e3o exceda a dose di\u00e1ria recomendada. Os <a href=\"https:\/\/www.lraloeverashop.eu\/pt-pt\/produto\/lr-colostro-em-capsulas-set\/\">suplementos diet\u00e9ticos<\/a> n\u00e3o substituem uma dieta rica e equilibrada combinada com um estilo de vida saud\u00e1vel. Mantenha fora do alcance das crian\u00e7as. Pode conter vest\u00edgios de lactose e soja.<\/p>\n<p>Feche a embalagem e guarde em local seco e \u00e0 temperatura ambiente.<\/p>\n<p>&nbsp;<\/p>\n<h4><span style=\"font-size: 16pt;\"><strong>Voc\u00ea sabia?<\/strong><\/span><\/h4>\n<p>Pro 12 Probi\u00f3ticas \u00e9 composto por estas 12 valiosas cepas de bact\u00e9rias:<\/p>\n<p>Bifidobacterium Iongum, Bifidobacterium breve, Bifidobacterium bifidum, Bifidobacterium infantis, Bifidobacterium lactis, Lactobacillus plantarum, Lactobacillus casei, Lactobacillus paracasei, Lactobacillus rhamnosus, Lactobacillus acidophilus, Lactobacillus bulgaricus, Streptococcus thermophilus.<\/p>\n<p>Adicionalmente inclui o frutooligossacar\u00eddeos probi\u00f3tico FOS. Esta subst\u00e2ncia alimenta as bact\u00e9rias probi\u00f3ticas contidas e atua como um refor\u00e7o inicial adicional para as bact\u00e9rias.<\/p>\n<p><strong>PATENTE<\/strong><br \/>\nDevido \u00e0 sua composi\u00e7\u00e3o especial, o produto foi patenteado. Patente No.: EP 2 228 067 A1<\/p>\n","protected":false},"excerpt":{"rendered":"<ul>\n<li>Suporta bem-estar geral<\/li>\n<li>Com 12 cepas bacterianas diferentes<\/li>\n<li>Com 1 bilh\u00e3o de bact\u00e9rias probi\u00f3ticas por c\u00e1psula.<\/li>\n<li>Processo patenteado de microencapsula\u00e7\u00e3o<\/li>\n<li>Patente N\u00ba: EP 2 228 067<\/li>\n<li>Cont\u00e9m fibras naturais.<\/li>\n<li>Conte\u00fado: 3 x 30 c\u00e1psulas<\/li>\n<\/ul>\n<p>&nbsp;<\/p>\n","protected":false},"featured_media":30094,"comment_status":"open","ping_status":"closed","template":"","meta":{"_kad_blocks_custom_css":"","_kad_blocks_head_custom_js":"","_kad_blocks_body_custom_js":"","_kad_blocks_footer_custom_js":"","_kadence_starter_templates_imported_post":false,"_kad_post_transparent":"default","_kad_post_title":"","_kad_post_layout":"default","_kad_post_sidebar_id":"","_kad_post_content_style":"default","_kad_post_vertical_padding":"default","_kad_post_feature":"","_kad_post_feature_position":"","_kad_post_header":false,"_kad_post_footer":false,"_kad_post_classname":""},"product_brand":[],"product_cat":[401,460,467,437,509,413,348],"product_tag":[673],"class_list":{"0":"post-9853","1":"product","2":"type-product","3":"status-publish","4":"has-post-thumbnail","6":"product_cat-base-pt-pt","7":"product_cat-economize-em-conjuntos","8":"product_cat-lr-especialistas","9":"product_cat-intestino-e-digestao","10":"product_cat-probioticos","11":"product_cat-produtos-especiais","12":"product_cat-sistema-imunologico-e-equilibrio","13":"product_tag-reforco-imunologico","15":"first","16":"outofstock","17":"taxable","18":"shipping-taxable","19":"purchasable","20":"product-type-simple","21":"entry","22":"content-bg","23":"loop-entry"},"yoast_head":"<!-- This site is optimized with the Yoast SEO Premium plugin v27.3 (Yoast SEO v27.3) - https:\/\/yoast.com\/product\/yoast-seo-premium-wordpress\/ -->\n<title>Probi\u00f3ticos Naturais Pro 12 Apoia o bem-estar geral.<\/title>\n<meta name=\"description\" content=\"Probi\u00f3ticos Naturais Pro 12 incluem doze cepas bacterianas valiosas. O equil\u00edbrio natural destas bact\u00e9rias contribui para o bem-estar geral. Fibras naturais\" \/>\n<meta name=\"robots\" content=\"index, follow, max-snippet:-1, max-image-preview:large, max-video-preview:-1\" \/>\n<link rel=\"canonical\" href=\"https:\/\/www.lraloeverashop.eu\/pt-pt\/produto\/probioticos-naturais-pro-12\/\" \/>\n<meta property=\"og:locale\" content=\"pt_PT\" \/>\n<meta property=\"og:type\" content=\"article\" \/>\n<meta property=\"og:title\" content=\"Probi\u00f3ticos Naturais Pro 12\" \/>\n<meta property=\"og:description\" content=\"Probi\u00f3ticos Naturais Pro 12 incluem doze cepas bacterianas valiosas. O equil\u00edbrio natural destas bact\u00e9rias contribui para o bem-estar geral. Fibras naturais\" \/>\n<meta property=\"og:url\" content=\"https:\/\/www.lraloeverashop.eu\/pt-pt\/produto\/probioticos-naturais-pro-12\/\" \/>\n<meta property=\"og:site_name\" content=\"Lr Loja Aloe Vera\" \/>\n<meta property=\"article:publisher\" content=\"https:\/\/www.facebook.com\/lraloeverashop.eu\" \/>\n<meta property=\"article:modified_time\" content=\"2025-03-29T11:52:25+00:00\" \/>\n<meta property=\"og:image\" content=\"https:\/\/www.lraloeverashop.eu\/wp-content\/uploads\/2022\/10\/Lr-Probiotic-12-bacteria-3-Set.jpg\" \/>\n\t<meta property=\"og:image:width\" content=\"1200\" \/>\n\t<meta property=\"og:image:height\" content=\"1200\" \/>\n\t<meta property=\"og:image:type\" content=\"image\/jpeg\" \/>\n<meta name=\"twitter:card\" content=\"summary_large_image\" \/>\n<meta name=\"twitter:site\" content=\"@natur__kosmetik\" \/>\n<script type=\"application\/ld+json\" class=\"yoast-schema-graph\">{\"@context\":\"https:\\\/\\\/schema.org\",\"@graph\":[{\"@type\":[\"WebPage\",\"ItemPage\"],\"@id\":\"https:\\\/\\\/www.lraloeverashop.eu\\\/pt-pt\\\/produto\\\/probioticos-naturais-pro-12\\\/\",\"url\":\"https:\\\/\\\/www.lraloeverashop.eu\\\/pt-pt\\\/produto\\\/probioticos-naturais-pro-12\\\/\",\"name\":\"Probi\u00f3ticos Naturais Pro 12 Apoia o bem-estar geral.\",\"isPartOf\":{\"@id\":\"https:\\\/\\\/www.lraloeverashop.eu\\\/pt-pt\\\/#website\"},\"primaryImageOfPage\":{\"@id\":\"https:\\\/\\\/www.lraloeverashop.eu\\\/pt-pt\\\/produto\\\/probioticos-naturais-pro-12\\\/#primaryimage\"},\"image\":{\"@id\":\"https:\\\/\\\/www.lraloeverashop.eu\\\/pt-pt\\\/produto\\\/probioticos-naturais-pro-12\\\/#primaryimage\"},\"thumbnailUrl\":\"https:\\\/\\\/www.lraloeverashop.eu\\\/wp-content\\\/uploads\\\/2026\\\/04\\\/Probiotics-Tablets-Pro-12-Plus.jpg\",\"datePublished\":\"2022-10-12T10:27:15+00:00\",\"dateModified\":\"2025-03-29T11:52:25+00:00\",\"description\":\"Probi\u00f3ticos Naturais Pro 12 incluem doze cepas bacterianas valiosas. O equil\u00edbrio natural destas bact\u00e9rias contribui para o bem-estar geral. Fibras naturais\",\"breadcrumb\":{\"@id\":\"https:\\\/\\\/www.lraloeverashop.eu\\\/pt-pt\\\/produto\\\/probioticos-naturais-pro-12\\\/#breadcrumb\"},\"inLanguage\":\"pt-PT\",\"potentialAction\":[{\"@type\":\"ReadAction\",\"target\":[\"https:\\\/\\\/www.lraloeverashop.eu\\\/pt-pt\\\/produto\\\/probioticos-naturais-pro-12\\\/\"]}]},{\"@type\":\"ImageObject\",\"inLanguage\":\"pt-PT\",\"@id\":\"https:\\\/\\\/www.lraloeverashop.eu\\\/pt-pt\\\/produto\\\/probioticos-naturais-pro-12\\\/#primaryimage\",\"url\":\"https:\\\/\\\/www.lraloeverashop.eu\\\/wp-content\\\/uploads\\\/2026\\\/04\\\/Probiotics-Tablets-Pro-12-Plus.jpg\",\"contentUrl\":\"https:\\\/\\\/www.lraloeverashop.eu\\\/wp-content\\\/uploads\\\/2026\\\/04\\\/Probiotics-Tablets-Pro-12-Plus.jpg\",\"width\":1200,\"height\":1200,\"caption\":\"Probi\u00f3ticos Naturais Pro 12 Plus para a sa\u00fade e bem-estar geral\"},{\"@type\":\"BreadcrumbList\",\"@id\":\"https:\\\/\\\/www.lraloeverashop.eu\\\/pt-pt\\\/produto\\\/probioticos-naturais-pro-12\\\/#breadcrumb\",\"itemListElement\":[{\"@type\":\"ListItem\",\"position\":1,\"name\":\"Home\",\"item\":\"https:\\\/\\\/www.lraloeverashop.eu\\\/pt-pt\\\/\"},{\"@type\":\"ListItem\",\"position\":2,\"name\":\"Loja\",\"item\":\"https:\\\/\\\/www.lraloeverashop.eu\\\/pt-pt\\\/loja\\\/\"},{\"@type\":\"ListItem\",\"position\":3,\"name\":\"Probi\u00f3ticos Naturais Pro 12\"}]},{\"@type\":\"WebSite\",\"@id\":\"https:\\\/\\\/www.lraloeverashop.eu\\\/pt-pt\\\/#website\",\"url\":\"https:\\\/\\\/www.lraloeverashop.eu\\\/pt-pt\\\/\",\"name\":\"Lr Loja Aloe Vera\",\"description\":\"High Quality Lr Aloe Vera Gel, Aloe Vera Cream and Shampoo\",\"publisher\":{\"@id\":\"https:\\\/\\\/www.lraloeverashop.eu\\\/pt-pt\\\/#organization\"},\"potentialAction\":[{\"@type\":\"SearchAction\",\"target\":{\"@type\":\"EntryPoint\",\"urlTemplate\":\"https:\\\/\\\/www.lraloeverashop.eu\\\/pt-pt\\\/?s={search_term_string}\"},\"query-input\":{\"@type\":\"PropertyValueSpecification\",\"valueRequired\":true,\"valueName\":\"search_term_string\"}}],\"inLanguage\":\"pt-PT\"},{\"@type\":\"Organization\",\"@id\":\"https:\\\/\\\/www.lraloeverashop.eu\\\/pt-pt\\\/#organization\",\"name\":\"Lr Loja Aloe Vera\",\"alternateName\":\"LR\",\"url\":\"https:\\\/\\\/www.lraloeverashop.eu\\\/pt-pt\\\/\",\"logo\":{\"@type\":\"ImageObject\",\"inLanguage\":\"pt-PT\",\"@id\":\"https:\\\/\\\/www.lraloeverashop.eu\\\/pt-pt\\\/#\\\/schema\\\/logo\\\/image\\\/\",\"url\":\"https:\\\/\\\/www.lraloeverashop.eu\\\/wp-content\\\/uploads\\\/2022\\\/09\\\/cropped-Lr-Aloe-Vera-Shop.jpg\",\"contentUrl\":\"https:\\\/\\\/www.lraloeverashop.eu\\\/wp-content\\\/uploads\\\/2022\\\/09\\\/cropped-Lr-Aloe-Vera-Shop.jpg\",\"width\":228,\"height\":76,\"caption\":\"Lr Loja Aloe Vera\"},\"image\":{\"@id\":\"https:\\\/\\\/www.lraloeverashop.eu\\\/pt-pt\\\/#\\\/schema\\\/logo\\\/image\\\/\"},\"sameAs\":[\"https:\\\/\\\/www.facebook.com\\\/lraloeverashop.eu\",\"https:\\\/\\\/x.com\\\/natur__kosmetik\",\"https:\\\/\\\/www.youtube.com\\\/channel\\\/UC5oN7BJ8nfYb8RpVtjwDEBA\",\"https:\\\/\\\/www.instagram.com\\\/lrbeautyeu\\\/\"]}]}<\/script>\n<meta property=\"product:price:amount\" content=\"145.89\" \/>\n<meta property=\"product:price:currency\" content=\"EUR\" \/>\n<meta property=\"og:availability\" content=\"out of stock\" \/>\n<meta property=\"product:availability\" content=\"out of stock\" \/>\n<meta property=\"product:retailer_item_id\" content=\"80373-599PT\" \/>\n<meta property=\"product:condition\" content=\"new\" \/>\n<!-- \/ Yoast SEO Premium plugin. -->","yoast_head_json":{"title":"Probi\u00f3ticos Naturais Pro 12 Apoia o bem-estar geral.","description":"Probi\u00f3ticos Naturais Pro 12 incluem doze cepas bacterianas valiosas. O equil\u00edbrio natural destas bact\u00e9rias contribui para o bem-estar geral. Fibras naturais","robots":{"index":"index","follow":"follow","max-snippet":"max-snippet:-1","max-image-preview":"max-image-preview:large","max-video-preview":"max-video-preview:-1"},"canonical":"https:\/\/www.lraloeverashop.eu\/pt-pt\/produto\/probioticos-naturais-pro-12\/","og_locale":"pt_PT","og_type":"article","og_title":"Probi\u00f3ticos Naturais Pro 12","og_description":"Probi\u00f3ticos Naturais Pro 12 incluem doze cepas bacterianas valiosas. O equil\u00edbrio natural destas bact\u00e9rias contribui para o bem-estar geral. Fibras naturais","og_url":"https:\/\/www.lraloeverashop.eu\/pt-pt\/produto\/probioticos-naturais-pro-12\/","og_site_name":"Lr Loja Aloe Vera","article_publisher":"https:\/\/www.facebook.com\/lraloeverashop.eu","article_modified_time":"2025-03-29T11:52:25+00:00","og_image":[{"width":1200,"height":1200,"url":"https:\/\/www.lraloeverashop.eu\/wp-content\/uploads\/2022\/10\/Lr-Probiotic-12-bacteria-3-Set.jpg","type":"image\/jpeg"}],"twitter_card":"summary_large_image","twitter_site":"@natur__kosmetik","schema":{"@context":"https:\/\/schema.org","@graph":[{"@type":["WebPage","ItemPage"],"@id":"https:\/\/www.lraloeverashop.eu\/pt-pt\/produto\/probioticos-naturais-pro-12\/","url":"https:\/\/www.lraloeverashop.eu\/pt-pt\/produto\/probioticos-naturais-pro-12\/","name":"Probi\u00f3ticos Naturais Pro 12 Apoia o bem-estar geral.","isPartOf":{"@id":"https:\/\/www.lraloeverashop.eu\/pt-pt\/#website"},"primaryImageOfPage":{"@id":"https:\/\/www.lraloeverashop.eu\/pt-pt\/produto\/probioticos-naturais-pro-12\/#primaryimage"},"image":{"@id":"https:\/\/www.lraloeverashop.eu\/pt-pt\/produto\/probioticos-naturais-pro-12\/#primaryimage"},"thumbnailUrl":"https:\/\/www.lraloeverashop.eu\/wp-content\/uploads\/2026\/04\/Probiotics-Tablets-Pro-12-Plus.jpg","datePublished":"2022-10-12T10:27:15+00:00","dateModified":"2025-03-29T11:52:25+00:00","description":"Probi\u00f3ticos Naturais Pro 12 incluem doze cepas bacterianas valiosas. O equil\u00edbrio natural destas bact\u00e9rias contribui para o bem-estar geral. Fibras naturais","breadcrumb":{"@id":"https:\/\/www.lraloeverashop.eu\/pt-pt\/produto\/probioticos-naturais-pro-12\/#breadcrumb"},"inLanguage":"pt-PT","potentialAction":[{"@type":"ReadAction","target":["https:\/\/www.lraloeverashop.eu\/pt-pt\/produto\/probioticos-naturais-pro-12\/"]}]},{"@type":"ImageObject","inLanguage":"pt-PT","@id":"https:\/\/www.lraloeverashop.eu\/pt-pt\/produto\/probioticos-naturais-pro-12\/#primaryimage","url":"https:\/\/www.lraloeverashop.eu\/wp-content\/uploads\/2026\/04\/Probiotics-Tablets-Pro-12-Plus.jpg","contentUrl":"https:\/\/www.lraloeverashop.eu\/wp-content\/uploads\/2026\/04\/Probiotics-Tablets-Pro-12-Plus.jpg","width":1200,"height":1200,"caption":"Probi\u00f3ticos Naturais Pro 12 Plus para a sa\u00fade e bem-estar geral"},{"@type":"BreadcrumbList","@id":"https:\/\/www.lraloeverashop.eu\/pt-pt\/produto\/probioticos-naturais-pro-12\/#breadcrumb","itemListElement":[{"@type":"ListItem","position":1,"name":"Home","item":"https:\/\/www.lraloeverashop.eu\/pt-pt\/"},{"@type":"ListItem","position":2,"name":"Loja","item":"https:\/\/www.lraloeverashop.eu\/pt-pt\/loja\/"},{"@type":"ListItem","position":3,"name":"Probi\u00f3ticos Naturais Pro 12"}]},{"@type":"WebSite","@id":"https:\/\/www.lraloeverashop.eu\/pt-pt\/#website","url":"https:\/\/www.lraloeverashop.eu\/pt-pt\/","name":"Lr Loja Aloe Vera","description":"High Quality Lr Aloe Vera Gel, Aloe Vera Cream and Shampoo","publisher":{"@id":"https:\/\/www.lraloeverashop.eu\/pt-pt\/#organization"},"potentialAction":[{"@type":"SearchAction","target":{"@type":"EntryPoint","urlTemplate":"https:\/\/www.lraloeverashop.eu\/pt-pt\/?s={search_term_string}"},"query-input":{"@type":"PropertyValueSpecification","valueRequired":true,"valueName":"search_term_string"}}],"inLanguage":"pt-PT"},{"@type":"Organization","@id":"https:\/\/www.lraloeverashop.eu\/pt-pt\/#organization","name":"Lr Loja Aloe Vera","alternateName":"LR","url":"https:\/\/www.lraloeverashop.eu\/pt-pt\/","logo":{"@type":"ImageObject","inLanguage":"pt-PT","@id":"https:\/\/www.lraloeverashop.eu\/pt-pt\/#\/schema\/logo\/image\/","url":"https:\/\/www.lraloeverashop.eu\/wp-content\/uploads\/2022\/09\/cropped-Lr-Aloe-Vera-Shop.jpg","contentUrl":"https:\/\/www.lraloeverashop.eu\/wp-content\/uploads\/2022\/09\/cropped-Lr-Aloe-Vera-Shop.jpg","width":228,"height":76,"caption":"Lr Loja Aloe Vera"},"image":{"@id":"https:\/\/www.lraloeverashop.eu\/pt-pt\/#\/schema\/logo\/image\/"},"sameAs":["https:\/\/www.facebook.com\/lraloeverashop.eu","https:\/\/x.com\/natur__kosmetik","https:\/\/www.youtube.com\/channel\/UC5oN7BJ8nfYb8RpVtjwDEBA","https:\/\/www.instagram.com\/lrbeautyeu\/"]}]},"product_price_amount":"145.89","product_price_currency":"EUR","og_availability":"out of stock","product_availability":"out of stock","product_retailer_item_id":"80373-599PT","product_condition":"new"},"taxonomy_info":{"product_cat":[{"value":401,"label":"Base"},{"value":460,"label":"Economize em conjuntos"},{"value":467,"label":"Especialistas"},{"value":437,"label":"Intestino e Digest\u00e3o"},{"value":509,"label":"Probi\u00f3ticos"},{"value":413,"label":"Produtos Especiais"},{"value":348,"label":"Sistema imunol\u00f3gico e equil\u00edbrio"}],"product_tag":[{"value":673,"label":"Refor\u00e7o imunol\u00f3gico"}]},"featured_image_src_large":["https:\/\/www.lraloeverashop.eu\/wp-content\/uploads\/2026\/04\/Probiotics-Tablets-Pro-12-Plus-1024x1024.jpg",1024,1024,true],"author_info":[],"comment_info":0,"_links":{"self":[{"href":"https:\/\/www.lraloeverashop.eu\/pt-pt\/wp-json\/wp\/v2\/product\/9853","targetHints":{"allow":["GET"]}}],"collection":[{"href":"https:\/\/www.lraloeverashop.eu\/pt-pt\/wp-json\/wp\/v2\/product"}],"about":[{"href":"https:\/\/www.lraloeverashop.eu\/pt-pt\/wp-json\/wp\/v2\/types\/product"}],"replies":[{"embeddable":true,"href":"https:\/\/www.lraloeverashop.eu\/pt-pt\/wp-json\/wp\/v2\/comments?post=9853"}],"wp:featuredmedia":[{"embeddable":true,"href":"https:\/\/www.lraloeverashop.eu\/pt-pt\/wp-json\/wp\/v2\/media\/30094"}],"wp:attachment":[{"href":"https:\/\/www.lraloeverashop.eu\/pt-pt\/wp-json\/wp\/v2\/media?parent=9853"}],"wp:term":[{"taxonomy":"product_brand","embeddable":true,"href":"https:\/\/www.lraloeverashop.eu\/pt-pt\/wp-json\/wp\/v2\/product_brand?post=9853"},{"taxonomy":"product_cat","embeddable":true,"href":"https:\/\/www.lraloeverashop.eu\/pt-pt\/wp-json\/wp\/v2\/product_cat?post=9853"},{"taxonomy":"product_tag","embeddable":true,"href":"https:\/\/www.lraloeverashop.eu\/pt-pt\/wp-json\/wp\/v2\/product_tag?post=9853"}],"curies":[{"name":"wp","href":"https:\/\/api.w.org\/{rel}","templated":true}]}}