{"id":9823,"date":"2022-10-12T21:21:02","date_gmt":"2022-10-12T19:21:02","guid":{"rendered":"https:\/\/www.lraloeverashop.eu\/product\/reishi-em-capsulas-oferta-limitada\/"},"modified":"2026-02-08T10:21:21","modified_gmt":"2026-02-08T09:21:21","slug":"reishi-em-capsulas-oferta-limitada","status":"publish","type":"product","link":"https:\/\/www.lraloeverashop.eu\/pt-pt\/produto\/reishi-em-capsulas-oferta-limitada\/","title":{"rendered":"Reishi Em C\u00e1psulas Oferta Limitada"},"content":{"rendered":"<p>&nbsp;<\/p>\n<p><img loading=\"lazy\" decoding=\"async\" class=\" wp-image-2843 aligncenter\" src=\"https:\/\/www.lraloeverashop.eu\/wp-content\/uploads\/2022\/10\/Red-Reishi-mushrom.jpg\" alt=\"Red-Reishi-mushrom\" width=\"1619\" height=\"506\" srcset=\"https:\/\/www.lraloeverashop.eu\/wp-content\/uploads\/2022\/10\/Red-Reishi-mushrom.jpg 960w, https:\/\/www.lraloeverashop.eu\/wp-content\/uploads\/2022\/10\/Red-Reishi-mushrom-600x188.jpg 600w, https:\/\/www.lraloeverashop.eu\/wp-content\/uploads\/2022\/10\/Red-Reishi-mushrom-300x94.jpg 300w, https:\/\/www.lraloeverashop.eu\/wp-content\/uploads\/2022\/10\/Red-Reishi-mushrom-768x240.jpg 768w\" sizes=\"auto, (max-width: 1619px) 100vw, 1619px\" \/><\/p>\n<h2><span style=\"font-size: 16pt;\"><strong>Reishi Em C\u00e1psulas Oferta Limitada<\/strong><\/span><\/h2>\n<p><span style=\"font-size: 14pt;\"><strong>Reishi Em C\u00e1psulas Com extratos e p\u00f3 de Cogumelo Reishi<\/strong><\/span><\/p>\n<p>Reishi em C\u00e1psulas cont\u00eam extrato de alta qualidade e p\u00f3 de um cogumelo chamado Reishi. O Reishi, tamb\u00e9m chamado de Ganoderma Lucidum, \u00e9 um cogumelo parasita incr\u00edvel que cresce livremente nas florestas de carvalhos e carpas no sudeste da \u00c1sia (Jap\u00e3o, China, Coreia) e \u00e9 chamado de &#8220;cogumelo divino da imortalidade&#8221; ou a &#8220;esponja do poder espiritual&#8221; por seus fortes efeitos na sa\u00fade humana.<\/p>\n<p>Gra\u00e7as aos seus efeitos, ocupa o primeiro lugar na \u00c1sia entre as plantas medicinais, antes mesmo do ginseng que \u00e9 mais conhecido, e \u00e9 chamada a Imperatriz das plantas medicinais.<\/p>\n<p>Foi descoberto para o mundo ocidental no in\u00edcio do s\u00e9culo 20, embora a humanidade a tenha conhecido e usado por seus efeitos surpreendentes por mais de 4.000 anos. No total, existem cerca de 2.000 tipos de cogumelos, seis dos quais t\u00eam efeitos terap\u00eauticos. Os maiores efeitos s\u00e3o mostrados pelo Reishi vermelho, isso se deve \u00e0 grande quantidade de polissacar\u00eddeos presentes.<\/p>\n<p>S\u00f3 o <a href=\"https:\/\/www.lraloeverashop.eu\/pt-pt\/produto\/reishi-plus-em-capsulas\/\">Reishi vermelho<\/a> \u00e9 usado nas Reishi Em C\u00e1psulas. Os seus efeitos terap\u00eauticos foram confirmados por estudos cient\u00edficos nos Estados Unidos e Jap\u00e3o e, portanto, tem sido amplamente utilizado como tratamento auxiliar no mundo ocidental. J\u00e1 no Jap\u00e3o, o Reishi vermelho \u00e9 cultivado sob condi\u00e7\u00f5es estritas para manter um alto teor de subst\u00e2ncias ativas e, portanto, a efici\u00eancia do produto.<\/p>\n<p>&nbsp;<\/p>\n<p><iframe loading=\"lazy\" src=\"\/\/www.youtube.com\/embed\/yDa23klea3s?rel=0&amp;showinfo=0\" width=\"1280\" height=\"720\" frameborder=\"0\" allowfullscreen=\"allowfullscreen\"><\/iframe><\/p>\n<p>O Reishi em C\u00e1psulas cont\u00e9m, al\u00e9m de polissacar\u00eddeos imunologicamente muito ativos (beta-glucanos), outras subst\u00e2ncias imunol\u00f3gicas e metabolicamente ativas e oligoelementos. Isso inclui <a href=\"https:\/\/www.lraloeverashop.eu\/pt-pt\/produto\/ganoderma-reishi-em-capsulas\/\">17 amino\u00e1cidos<\/a>, essenciais, ricos em ferro, sel\u00eanio e vitaminas B; suporta o sistema cardiovascular e influi na press\u00e3o arterial e no metabolismo das gorduras.<\/p>\n<p>&nbsp;<\/p>\n<h2><span style=\"font-size: 20px;\">Os principais efeitos do Reishi nas seguintes \u00e1reas:<\/span><\/h2>\n<p>\u2022\u00a0 \u00a0Antitumoral: Reishi em c\u00e1psulas aumenta a imunidade\u00b9 (reduz PSA), reduz a fadiga<br \/>\n\u2022\u00a0 \u00a0Antial\u00e9rgico, <a href=\"https:\/\/www.lraloeverashop.eu\/pt-pt\/produto\/spray-de-emergencia-lr\/\">anti-inflamat\u00f3rio<\/a><br \/>\n\u2022\u00a0 \u00a0Analg\u00e9sico<br \/>\n\u2022\u00a0 \u00a0Melhora o uso de oxig\u00eanio pelo m\u00fasculo card\u00edaco, e o fluxo sangu\u00edneo<br \/>\n\u2022\u00a0 \u00a0Reduz o colesterol, LDL, e a press\u00e3o arterial<br \/>\n\u2022\u00a0 \u00a0Antibacteriano, antiviral, antioxidante<br \/>\n\u2022\u00a0 \u00a0Estimula a medula \u00f3ssea, promovendo hemopoiese<br \/>\n\u2022\u00a0 \u00a0Melhora a fun\u00e7\u00e3o adrenocortical &#8211; fun\u00e7\u00e3o adrenal<br \/>\n\u2022\u00a0 \u00a0Regenera o epit\u00e9lio br\u00f4nquico, o revestimento das vias a\u00e9reas<br \/>\n\u2022\u00a0 \u00a0Reduz a forma\u00e7\u00e3o de co\u00e1gulos sangu\u00edneos<br \/>\n\u2022\u00a0 \u00a0Hepatoprotetor \u2013 protege da hepatite, mononucleose infecciosa<\/p>\n<p>Lr Reishi em C\u00e1psulas podem ser usadas sozinhas ou em conjunto, de prefer\u00eancia em combina\u00e7\u00e3o com o <a href=\"https:\/\/www.lraloeverashop.eu\/pt-pt\/produto\/aloe-vera-gel-bebivel-de-mel\/\">Gel Beb\u00edvel de Aloe Vera<\/a>. A dose \u00e9 individual e depende do tipo de doen\u00e7a e da gravidade. Tamb\u00e9m pode ser usado em combina\u00e7\u00e3o com outros produtos.<\/p>\n<p>1. A vitamina C contribui para um metabolismo energ\u00e9tico normal.<br \/>\n2. A vitamina C protege contra o estresse oxidativo e ajuda a reduzir a fadiga<\/p>\n<p>&nbsp;<\/p>\n<h3><strong><span style=\"font-size: 16pt;\">Como usar Reishi em C\u00e1psulas<\/span><\/strong><\/h3>\n<p><strong>Dose recomendada:\u00a0<\/strong>1 c\u00e1psula por dia<br \/>\nN\u00e3o exceda a dose di\u00e1ria recomendada. Os <a href=\"https:\/\/www.lraloeverashop.eu\/pt-pt\/categoria-produto\/lr-especialistas\/\">suplementos diet\u00e9ticos<\/a> n\u00e3o substituem uma dieta variada e equilibrada, a qual \u00e9 importante em conjunto com um estilo de vida saud\u00e1vel. Mantenha o produto fora do alcance das crian\u00e7as. Armazene em s\u00edtio fresco e seco.<\/p>\n<p>&nbsp;<\/p>\n<h3><strong><span style=\"font-size: 16pt;\">Perguntas mais frequentes<\/span><\/strong><\/h3>\n<p><strong>Como cresce o cogumelo Reishi?<\/strong><br \/>\nO Reishi \u00e9 um sapr\u00f3fito, ou seja, um cogumelo (fungo) que vive na madeira morta, crescendo nos tocos, ra\u00edzes ou na base dos carvalhos e faias e se alimenta deles. H\u00e1 muitos anos encontrar um Ling Zhi, como tamb\u00e9m \u00e9 conhecido, era um golpe de sorte e um bom press\u00e1gio.<\/p>\n<p>Na d\u00e9cada de 1970, foi desenvolvido um processo para cultivar o Reishi em grandes fazendas de reprodu\u00e7\u00e3o em todo o mundo. O cogumelo usado no Reishi em C\u00e1psulas n\u00e3o vem de coletas selvagens.<\/p>\n","protected":false},"excerpt":{"rendered":"<ul>\n<li><span style=\"color: #ff0000;\"><strong>Oferta Limitada<\/strong><\/span><\/li>\n<li>Contribui para um metabolismo de energia normal<span style=\"font-size: 16px;\">\u00b9<\/span><\/li>\n<li>Reduz a fadiga\u00b2<\/li>\n<li>Por mil\u00eanios, parte da tradi\u00e7\u00e3o do Extremo Oriente<\/li>\n<li>Com extratos e p\u00f3 de Reishi<\/li>\n<li>Com vitamina C<\/li>\n<li>Vegano e sem lactose<\/li>\n<li>Quantidade: 2 x 30 c\u00e1psulas<\/li>\n<\/ul>\n<p><span style=\"color: #ff0000;\"><a style=\"color: #ff0000;\" href=\"https:\/\/shop.lrworld.com\/openpao?PHP=0vFlt7jT938BEnBI3a6e9w%3D%3D\"><span style=\"font-size: 14pt;\"><strong>Registe-se aqui e poupe 35% em todos os pedidos<\/strong><\/span><\/a><\/span><\/p>\n","protected":false},"featured_media":5169,"comment_status":"open","ping_status":"closed","template":"","meta":{"_kad_blocks_custom_css":"","_kad_blocks_head_custom_js":"","_kad_blocks_body_custom_js":"","_kad_blocks_footer_custom_js":"","_kadence_starter_templates_imported_post":false,"_kad_post_transparent":"default","_kad_post_title":"","_kad_post_layout":"default","_kad_post_sidebar_id":"","_kad_post_content_style":"default","_kad_post_vertical_padding":"default","_kad_post_feature":"","_kad_post_feature_position":"","_kad_post_header":false,"_kad_post_footer":false,"_kad_post_classname":""},"product_brand":[],"product_cat":[401,425,467,413,354,348],"product_tag":[673],"class_list":{"0":"post-9823","1":"product","2":"type-product","3":"status-publish","4":"has-post-thumbnail","6":"product_cat-base-pt-pt","7":"product_cat-coracao-e-circulacao","8":"product_cat-lr-especialistas","9":"product_cat-produtos-especiais","10":"product_cat-promocoes","11":"product_cat-sistema-imunologico-e-equilibrio","12":"product_tag-reforco-imunologico","14":"first","15":"outofstock","16":"sale","17":"taxable","18":"shipping-taxable","19":"purchasable","20":"product-type-simple","21":"entry","22":"content-bg","23":"loop-entry"},"yoast_head":"<!-- This site is optimized with the Yoast SEO Premium plugin v27.3 (Yoast SEO v27.3) - https:\/\/yoast.com\/product\/yoast-seo-premium-wordpress\/ -->\n<title>Reishi Em C\u00e1psulas Com extratos e p\u00f3 de Cogumelo Reishi<\/title>\n<meta name=\"description\" content=\"Reishi Em C\u00e1psulas com 17 amino\u00e1cidos, todos essenciais, com alto teor de ferro, sel\u00eanio e vitamina B. Apoiam o sistema cardiovascular press\u00e3o sangu\u00ednea\" \/>\n<meta name=\"robots\" content=\"index, follow, max-snippet:-1, max-image-preview:large, max-video-preview:-1\" \/>\n<link rel=\"canonical\" href=\"https:\/\/www.lraloeverashop.eu\/pt-pt\/produto\/reishi-em-capsulas-oferta-limitada\/\" \/>\n<meta property=\"og:locale\" content=\"pt_PT\" \/>\n<meta property=\"og:type\" content=\"article\" \/>\n<meta property=\"og:title\" content=\"Reishi Em C\u00e1psulas Oferta Limitada\" \/>\n<meta property=\"og:description\" content=\"Reishi Em C\u00e1psulas com 17 amino\u00e1cidos, todos essenciais, com alto teor de ferro, sel\u00eanio e vitamina B. Apoiam o sistema cardiovascular press\u00e3o sangu\u00ednea\" \/>\n<meta property=\"og:url\" content=\"https:\/\/www.lraloeverashop.eu\/pt-pt\/produto\/reishi-em-capsulas-oferta-limitada\/\" \/>\n<meta property=\"og:site_name\" content=\"Lr Loja Aloe Vera\" \/>\n<meta property=\"article:publisher\" content=\"https:\/\/www.facebook.com\/lraloeverashop.eu\" \/>\n<meta property=\"article:modified_time\" content=\"2026-02-08T09:21:21+00:00\" \/>\n<meta property=\"og:image\" content=\"https:\/\/www.lraloeverashop.eu\/wp-content\/uploads\/2022\/10\/Reishi-Plus-Limited-Offer.jpg\" \/>\n\t<meta property=\"og:image:width\" content=\"1200\" \/>\n\t<meta property=\"og:image:height\" content=\"1200\" \/>\n\t<meta property=\"og:image:type\" content=\"image\/jpeg\" \/>\n<meta name=\"twitter:card\" content=\"summary_large_image\" \/>\n<meta name=\"twitter:site\" content=\"@natur__kosmetik\" \/>\n<script type=\"application\/ld+json\" class=\"yoast-schema-graph\">{\"@context\":\"https:\\\/\\\/schema.org\",\"@graph\":[{\"@type\":[\"WebPage\",\"ItemPage\"],\"@id\":\"https:\\\/\\\/www.lraloeverashop.eu\\\/pt-pt\\\/produto\\\/reishi-em-capsulas-oferta-limitada\\\/\",\"url\":\"https:\\\/\\\/www.lraloeverashop.eu\\\/pt-pt\\\/produto\\\/reishi-em-capsulas-oferta-limitada\\\/\",\"name\":\"Reishi Em C\u00e1psulas Com extratos e p\u00f3 de Cogumelo Reishi\",\"isPartOf\":{\"@id\":\"https:\\\/\\\/www.lraloeverashop.eu\\\/pt-pt\\\/#website\"},\"primaryImageOfPage\":{\"@id\":\"https:\\\/\\\/www.lraloeverashop.eu\\\/pt-pt\\\/produto\\\/reishi-em-capsulas-oferta-limitada\\\/#primaryimage\"},\"image\":{\"@id\":\"https:\\\/\\\/www.lraloeverashop.eu\\\/pt-pt\\\/produto\\\/reishi-em-capsulas-oferta-limitada\\\/#primaryimage\"},\"thumbnailUrl\":\"https:\\\/\\\/www.lraloeverashop.eu\\\/wp-content\\\/uploads\\\/2022\\\/10\\\/Reishi-Plus-Limited-Offer.jpg\",\"datePublished\":\"2022-10-12T19:21:02+00:00\",\"dateModified\":\"2026-02-08T09:21:21+00:00\",\"description\":\"Reishi Em C\u00e1psulas com 17 amino\u00e1cidos, todos essenciais, com alto teor de ferro, sel\u00eanio e vitamina B. Apoiam o sistema cardiovascular press\u00e3o sangu\u00ednea\",\"breadcrumb\":{\"@id\":\"https:\\\/\\\/www.lraloeverashop.eu\\\/pt-pt\\\/produto\\\/reishi-em-capsulas-oferta-limitada\\\/#breadcrumb\"},\"inLanguage\":\"pt-PT\",\"potentialAction\":[{\"@type\":\"ReadAction\",\"target\":[\"https:\\\/\\\/www.lraloeverashop.eu\\\/pt-pt\\\/produto\\\/reishi-em-capsulas-oferta-limitada\\\/\"]}]},{\"@type\":\"ImageObject\",\"inLanguage\":\"pt-PT\",\"@id\":\"https:\\\/\\\/www.lraloeverashop.eu\\\/pt-pt\\\/produto\\\/reishi-em-capsulas-oferta-limitada\\\/#primaryimage\",\"url\":\"https:\\\/\\\/www.lraloeverashop.eu\\\/wp-content\\\/uploads\\\/2022\\\/10\\\/Reishi-Plus-Limited-Offer.jpg\",\"contentUrl\":\"https:\\\/\\\/www.lraloeverashop.eu\\\/wp-content\\\/uploads\\\/2022\\\/10\\\/Reishi-Plus-Limited-Offer.jpg\",\"width\":1200,\"height\":1200,\"caption\":\"Reishi Em C\u00e1psulas contribui para um metabolismo de energia normal\"},{\"@type\":\"BreadcrumbList\",\"@id\":\"https:\\\/\\\/www.lraloeverashop.eu\\\/pt-pt\\\/produto\\\/reishi-em-capsulas-oferta-limitada\\\/#breadcrumb\",\"itemListElement\":[{\"@type\":\"ListItem\",\"position\":1,\"name\":\"Home\",\"item\":\"https:\\\/\\\/www.lraloeverashop.eu\\\/pt-pt\\\/\"},{\"@type\":\"ListItem\",\"position\":2,\"name\":\"Loja\",\"item\":\"https:\\\/\\\/www.lraloeverashop.eu\\\/pt-pt\\\/loja\\\/\"},{\"@type\":\"ListItem\",\"position\":3,\"name\":\"Reishi Em C\u00e1psulas Oferta Limitada\"}]},{\"@type\":\"WebSite\",\"@id\":\"https:\\\/\\\/www.lraloeverashop.eu\\\/pt-pt\\\/#website\",\"url\":\"https:\\\/\\\/www.lraloeverashop.eu\\\/pt-pt\\\/\",\"name\":\"Lr Loja Aloe Vera\",\"description\":\"High Quality Lr Aloe Vera Gel, Aloe Vera Cream and Shampoo\",\"publisher\":{\"@id\":\"https:\\\/\\\/www.lraloeverashop.eu\\\/pt-pt\\\/#organization\"},\"potentialAction\":[{\"@type\":\"SearchAction\",\"target\":{\"@type\":\"EntryPoint\",\"urlTemplate\":\"https:\\\/\\\/www.lraloeverashop.eu\\\/pt-pt\\\/?s={search_term_string}\"},\"query-input\":{\"@type\":\"PropertyValueSpecification\",\"valueRequired\":true,\"valueName\":\"search_term_string\"}}],\"inLanguage\":\"pt-PT\"},{\"@type\":\"Organization\",\"@id\":\"https:\\\/\\\/www.lraloeverashop.eu\\\/pt-pt\\\/#organization\",\"name\":\"Lr Loja Aloe Vera\",\"alternateName\":\"LR\",\"url\":\"https:\\\/\\\/www.lraloeverashop.eu\\\/pt-pt\\\/\",\"logo\":{\"@type\":\"ImageObject\",\"inLanguage\":\"pt-PT\",\"@id\":\"https:\\\/\\\/www.lraloeverashop.eu\\\/pt-pt\\\/#\\\/schema\\\/logo\\\/image\\\/\",\"url\":\"https:\\\/\\\/www.lraloeverashop.eu\\\/wp-content\\\/uploads\\\/2022\\\/09\\\/cropped-Lr-Aloe-Vera-Shop.jpg\",\"contentUrl\":\"https:\\\/\\\/www.lraloeverashop.eu\\\/wp-content\\\/uploads\\\/2022\\\/09\\\/cropped-Lr-Aloe-Vera-Shop.jpg\",\"width\":228,\"height\":76,\"caption\":\"Lr Loja Aloe Vera\"},\"image\":{\"@id\":\"https:\\\/\\\/www.lraloeverashop.eu\\\/pt-pt\\\/#\\\/schema\\\/logo\\\/image\\\/\"},\"sameAs\":[\"https:\\\/\\\/www.facebook.com\\\/lraloeverashop.eu\",\"https:\\\/\\\/x.com\\\/natur__kosmetik\",\"https:\\\/\\\/www.youtube.com\\\/channel\\\/UC5oN7BJ8nfYb8RpVtjwDEBA\",\"https:\\\/\\\/www.instagram.com\\\/lrbeautyeu\\\/\"]}]}<\/script>\n<meta property=\"product:price:amount\" content=\"74.99\" \/>\n<meta property=\"product:price:currency\" content=\"EUR\" \/>\n<meta property=\"og:availability\" content=\"out of stock\" \/>\n<meta property=\"product:availability\" content=\"out of stock\" \/>\n<meta property=\"product:retailer_item_id\" content=\"80155-1PT\" \/>\n<meta property=\"product:condition\" content=\"new\" \/>\n<!-- \/ Yoast SEO Premium plugin. -->","yoast_head_json":{"title":"Reishi Em C\u00e1psulas Com extratos e p\u00f3 de Cogumelo Reishi","description":"Reishi Em C\u00e1psulas com 17 amino\u00e1cidos, todos essenciais, com alto teor de ferro, sel\u00eanio e vitamina B. Apoiam o sistema cardiovascular press\u00e3o sangu\u00ednea","robots":{"index":"index","follow":"follow","max-snippet":"max-snippet:-1","max-image-preview":"max-image-preview:large","max-video-preview":"max-video-preview:-1"},"canonical":"https:\/\/www.lraloeverashop.eu\/pt-pt\/produto\/reishi-em-capsulas-oferta-limitada\/","og_locale":"pt_PT","og_type":"article","og_title":"Reishi Em C\u00e1psulas Oferta Limitada","og_description":"Reishi Em C\u00e1psulas com 17 amino\u00e1cidos, todos essenciais, com alto teor de ferro, sel\u00eanio e vitamina B. Apoiam o sistema cardiovascular press\u00e3o sangu\u00ednea","og_url":"https:\/\/www.lraloeverashop.eu\/pt-pt\/produto\/reishi-em-capsulas-oferta-limitada\/","og_site_name":"Lr Loja Aloe Vera","article_publisher":"https:\/\/www.facebook.com\/lraloeverashop.eu","article_modified_time":"2026-02-08T09:21:21+00:00","og_image":[{"width":1200,"height":1200,"url":"https:\/\/www.lraloeverashop.eu\/wp-content\/uploads\/2022\/10\/Reishi-Plus-Limited-Offer.jpg","type":"image\/jpeg"}],"twitter_card":"summary_large_image","twitter_site":"@natur__kosmetik","schema":{"@context":"https:\/\/schema.org","@graph":[{"@type":["WebPage","ItemPage"],"@id":"https:\/\/www.lraloeverashop.eu\/pt-pt\/produto\/reishi-em-capsulas-oferta-limitada\/","url":"https:\/\/www.lraloeverashop.eu\/pt-pt\/produto\/reishi-em-capsulas-oferta-limitada\/","name":"Reishi Em C\u00e1psulas Com extratos e p\u00f3 de Cogumelo Reishi","isPartOf":{"@id":"https:\/\/www.lraloeverashop.eu\/pt-pt\/#website"},"primaryImageOfPage":{"@id":"https:\/\/www.lraloeverashop.eu\/pt-pt\/produto\/reishi-em-capsulas-oferta-limitada\/#primaryimage"},"image":{"@id":"https:\/\/www.lraloeverashop.eu\/pt-pt\/produto\/reishi-em-capsulas-oferta-limitada\/#primaryimage"},"thumbnailUrl":"https:\/\/www.lraloeverashop.eu\/wp-content\/uploads\/2022\/10\/Reishi-Plus-Limited-Offer.jpg","datePublished":"2022-10-12T19:21:02+00:00","dateModified":"2026-02-08T09:21:21+00:00","description":"Reishi Em C\u00e1psulas com 17 amino\u00e1cidos, todos essenciais, com alto teor de ferro, sel\u00eanio e vitamina B. Apoiam o sistema cardiovascular press\u00e3o sangu\u00ednea","breadcrumb":{"@id":"https:\/\/www.lraloeverashop.eu\/pt-pt\/produto\/reishi-em-capsulas-oferta-limitada\/#breadcrumb"},"inLanguage":"pt-PT","potentialAction":[{"@type":"ReadAction","target":["https:\/\/www.lraloeverashop.eu\/pt-pt\/produto\/reishi-em-capsulas-oferta-limitada\/"]}]},{"@type":"ImageObject","inLanguage":"pt-PT","@id":"https:\/\/www.lraloeverashop.eu\/pt-pt\/produto\/reishi-em-capsulas-oferta-limitada\/#primaryimage","url":"https:\/\/www.lraloeverashop.eu\/wp-content\/uploads\/2022\/10\/Reishi-Plus-Limited-Offer.jpg","contentUrl":"https:\/\/www.lraloeverashop.eu\/wp-content\/uploads\/2022\/10\/Reishi-Plus-Limited-Offer.jpg","width":1200,"height":1200,"caption":"Reishi Em C\u00e1psulas contribui para um metabolismo de energia normal"},{"@type":"BreadcrumbList","@id":"https:\/\/www.lraloeverashop.eu\/pt-pt\/produto\/reishi-em-capsulas-oferta-limitada\/#breadcrumb","itemListElement":[{"@type":"ListItem","position":1,"name":"Home","item":"https:\/\/www.lraloeverashop.eu\/pt-pt\/"},{"@type":"ListItem","position":2,"name":"Loja","item":"https:\/\/www.lraloeverashop.eu\/pt-pt\/loja\/"},{"@type":"ListItem","position":3,"name":"Reishi Em C\u00e1psulas Oferta Limitada"}]},{"@type":"WebSite","@id":"https:\/\/www.lraloeverashop.eu\/pt-pt\/#website","url":"https:\/\/www.lraloeverashop.eu\/pt-pt\/","name":"Lr Loja Aloe Vera","description":"High Quality Lr Aloe Vera Gel, Aloe Vera Cream and Shampoo","publisher":{"@id":"https:\/\/www.lraloeverashop.eu\/pt-pt\/#organization"},"potentialAction":[{"@type":"SearchAction","target":{"@type":"EntryPoint","urlTemplate":"https:\/\/www.lraloeverashop.eu\/pt-pt\/?s={search_term_string}"},"query-input":{"@type":"PropertyValueSpecification","valueRequired":true,"valueName":"search_term_string"}}],"inLanguage":"pt-PT"},{"@type":"Organization","@id":"https:\/\/www.lraloeverashop.eu\/pt-pt\/#organization","name":"Lr Loja Aloe Vera","alternateName":"LR","url":"https:\/\/www.lraloeverashop.eu\/pt-pt\/","logo":{"@type":"ImageObject","inLanguage":"pt-PT","@id":"https:\/\/www.lraloeverashop.eu\/pt-pt\/#\/schema\/logo\/image\/","url":"https:\/\/www.lraloeverashop.eu\/wp-content\/uploads\/2022\/09\/cropped-Lr-Aloe-Vera-Shop.jpg","contentUrl":"https:\/\/www.lraloeverashop.eu\/wp-content\/uploads\/2022\/09\/cropped-Lr-Aloe-Vera-Shop.jpg","width":228,"height":76,"caption":"Lr Loja Aloe Vera"},"image":{"@id":"https:\/\/www.lraloeverashop.eu\/pt-pt\/#\/schema\/logo\/image\/"},"sameAs":["https:\/\/www.facebook.com\/lraloeverashop.eu","https:\/\/x.com\/natur__kosmetik","https:\/\/www.youtube.com\/channel\/UC5oN7BJ8nfYb8RpVtjwDEBA","https:\/\/www.instagram.com\/lrbeautyeu\/"]}]},"product_price_amount":"74.99","product_price_currency":"EUR","og_availability":"out of stock","product_availability":"out of stock","product_retailer_item_id":"80155-1PT","product_condition":"new"},"taxonomy_info":{"product_cat":[{"value":401,"label":"Base"},{"value":425,"label":"Cora\u00e7\u00e3o e Circula\u00e7\u00e3o"},{"value":467,"label":"Especialistas"},{"value":413,"label":"Produtos Especiais"},{"value":354,"label":"Promo\u00e7\u00f5es"},{"value":348,"label":"Sistema imunol\u00f3gico e equil\u00edbrio"}],"product_tag":[{"value":673,"label":"Refor\u00e7o imunol\u00f3gico"}]},"featured_image_src_large":["https:\/\/www.lraloeverashop.eu\/wp-content\/uploads\/2022\/10\/Reishi-Plus-Limited-Offer-1024x1024.jpg",1024,1024,true],"author_info":[],"comment_info":0,"_links":{"self":[{"href":"https:\/\/www.lraloeverashop.eu\/pt-pt\/wp-json\/wp\/v2\/product\/9823","targetHints":{"allow":["GET"]}}],"collection":[{"href":"https:\/\/www.lraloeverashop.eu\/pt-pt\/wp-json\/wp\/v2\/product"}],"about":[{"href":"https:\/\/www.lraloeverashop.eu\/pt-pt\/wp-json\/wp\/v2\/types\/product"}],"replies":[{"embeddable":true,"href":"https:\/\/www.lraloeverashop.eu\/pt-pt\/wp-json\/wp\/v2\/comments?post=9823"}],"wp:featuredmedia":[{"embeddable":true,"href":"https:\/\/www.lraloeverashop.eu\/pt-pt\/wp-json\/wp\/v2\/media\/5169"}],"wp:attachment":[{"href":"https:\/\/www.lraloeverashop.eu\/pt-pt\/wp-json\/wp\/v2\/media?parent=9823"}],"wp:term":[{"taxonomy":"product_brand","embeddable":true,"href":"https:\/\/www.lraloeverashop.eu\/pt-pt\/wp-json\/wp\/v2\/product_brand?post=9823"},{"taxonomy":"product_cat","embeddable":true,"href":"https:\/\/www.lraloeverashop.eu\/pt-pt\/wp-json\/wp\/v2\/product_cat?post=9823"},{"taxonomy":"product_tag","embeddable":true,"href":"https:\/\/www.lraloeverashop.eu\/pt-pt\/wp-json\/wp\/v2\/product_tag?post=9823"}],"curies":[{"name":"wp","href":"https:\/\/api.w.org\/{rel}","templated":true}]}}