{"id":9679,"date":"2022-10-13T08:34:35","date_gmt":"2022-10-13T06:34:35","guid":{"rendered":"https:\/\/www.lraloeverashop.eu\/product\/vita-active-frutos-vermelhos\/"},"modified":"2026-04-05T22:20:36","modified_gmt":"2026-04-05T20:20:36","slug":"vita-active-frutos-vermelhos","status":"publish","type":"product","link":"https:\/\/www.lraloeverashop.eu\/pt-pt\/produto\/vita-active-frutos-vermelhos\/","title":{"rendered":"Vita Active Frutos Vermelhos"},"content":{"rendered":"<h2><span style=\"font-size: 16pt;\"><strong>Vita Active Frutos Vermelhos<\/strong><\/span><\/h2>\n<p><span style=\"font-size: 14pt;\"><strong>Vita Active Frutos Vermelhos \u2013 100% De Suprimento de Vitamina com S\u00f3 uma Colher de Ch\u00e1<\/strong><\/span><\/p>\n<p>Uma alimenta\u00e7\u00e3o variada e equilibrada desempenha um papel importante num estilo de vida saud\u00e1vel. Nosso corpo absorve a cada dia uma variedade de nutrientes necess\u00e1rios dos alimentos. Os Lr Vita Active Frutos Vermelhos podem ser um importante aliado, pois o mant\u00eam totalmente nutrido em todos os momentos.<\/p>\n<p>Lr Vita Active Frutos Vermelhos \u00e9 um concentrado de 21 frutas e vegetais naturais com um sabor delicioso que fornece ao corpo dez <a href=\"https:\/\/www.lraloeverashop.eu\/pt-pt\/produto\/vita-active-frutos-vermelhos-set\/\">vitaminas essenciais<\/a>.<\/p>\n<p>&nbsp;<\/p>\n<h3><span style=\"font-size: 16pt;\"><strong>As vitaminas s\u00e3o verdadeiros milagres:<\/strong><\/span><\/h3>\n<p>1. A <a href=\"https:\/\/www.lraloeverashop.eu\/pt-pt\/produto\/cistus-incanus-em-capsulas\/\">vitamina C<\/a> ajuda o bom funcionamento do sistema imunol\u00f3gico e mantem os dentes saud\u00e1veis.<br \/>\n2. A vitamina E protege as c\u00e9lulas do estresse oxidativo.<br \/>\n3. A vitamina B1 contribui para o bom <a href=\"https:\/\/www.lraloeverashop.eu\/pt-pt\/produto\/reishi-plus-em-capsulas\/\">funcionamento do cora\u00e7\u00e3o<\/a>.<br \/>\n4. A vitamina B2 ajuda a normalizar o funcionamento do sistema nervoso e o metabolismo energ\u00e9tico.<br \/>\n5. A vitamina B6 ajuda a normalizar o metabolismo do a\u00e7\u00facar e das prote\u00ednas e o funcionamento do sistema imunol\u00f3gico.<br \/>\n6. A <a href=\"https:\/\/pt.wikipedia.org\/wiki\/Vitamina_B12\">vitamina B12<\/a> ajuda na forma\u00e7\u00e3o correta dos gl\u00f3bulos vermelhos e contribui para o funcionamento do sistema imunol\u00f3gico.<br \/>\n7. A niacina ajuda a reduzir a sensa\u00e7\u00e3o de cansa\u00e7o e fadiga.<br \/>\n8. O \u00e1cido f\u00f3lico contribui para o funcionamento normal do sistema imunol\u00f3gico e reduz o cansa\u00e7o e a fadiga.<br \/>\n9. O \u00e1cido pantot\u00e9nico contribui ao desempenho intelectual normal e a normalizar o metabolismo hormonal, a vitamina D e alguns neurotransmissores.<br \/>\n10. A biotina contribui para o <a href=\"https:\/\/www.lraloeverashop.eu\/pt-pt\/produto\/colostro-liquido-set-6-pecas\/\">metabolismo energ\u00e9tico<\/a> e o funcionamento do sistema nervoso normais.<\/p>\n<p><iframe loading=\"lazy\" src=\"\/\/www.youtube.com\/embed\/V0W8827mOJo?rel=0&amp;showinfo=0\" width=\"1280\" height=\"720\" frameborder=\"0\" allowfullscreen=\"allowfullscreen\"><\/iframe><\/p>\n<h2><strong><span style=\"font-size: 16pt;\">Como usar Vita Active Frutos Vermelhos<\/span><\/strong><\/h2>\n<p>5ml uma vez por dia durante ou depois de uma das refei\u00e7\u00f5es. Pode adicionar Vita Active a um copo de \u00e1gua, iogurte ou ais seus flocos favoritos. Recomenda-se o consumo de longo prazo.<\/p>\n<p>N\u00e3o exceda a dose di\u00e1ria recomendada. Os <a href=\"https:\/\/www.lraloeverashop.eu\/pt-pt\/produto\/aloe-vera-para-beber-acai\/\">suplementos diet\u00e9ticos<\/a> n\u00e3o s\u00e3o substitutos de uma dieta rica e equilibrada combinada com um estilo de vida saud\u00e1vel. Mantenha fora do alcance das crian\u00e7as.<br \/>\nN\u00e3o armazene acima de 25\u00b0C. Ponha no frigor\u00edfico depois de abrir. Mexa bem antes de usar.<\/p>\n<p>&nbsp;<\/p>\n<h3><span style=\"font-size: 16pt;\"><strong>Sabia que a vitamina D \u00e9 chamada de \u201cvitamina do sol\u201d?<\/strong><\/span><\/h3>\n<p>A vitamina D \u00e9 uma vitamina especial produzida pela exposi\u00e7\u00e3o da pele ao sol. Uma alimenta\u00e7\u00e3o equilibrada fornece ao organismo todas as vitaminas necess\u00e1rias para o seu bom funcionamento. Especialmente durante o inverno, Vita Active pode ser um suplemento \u00fatil para sua dieta.<\/p>\n<p>Uma alimenta\u00e7\u00e3o equilibrada \u00e9 de grande import\u00e2ncia, principalmente para pessoas com maiores responsabilidades e estresse no trabalho ou em casa. Durante os per\u00edodos de maior estresse, observe sua dieta e complemente com Vita Active.<\/p>\n","protected":false},"excerpt":{"rendered":"<ul>\n<li>Concentrado compacto composto por 21 frutas e vegetais.<\/li>\n<li>Apenas uma colher de ch\u00e1 (5 ml) por dia cobre 100% das necessidades do corpo em 10 vitaminas *<\/li>\n<li>Sem conservantes ou corantes adicionados.<\/li>\n<li>Feito na Alemanha<\/li>\n<li>Quantidade: 150 ml<\/li>\n<\/ul>\n<p><span style=\"color: #ff0000;\"><a style=\"color: #ff0000;\" href=\"https:\/\/shop.lrworld.com\/openpao?PHP=0vFlt7jT938BEnBI3a6e9w%3D%3D\"><span style=\"font-size: 14pt;\"><strong>Registe-se aqui e poupe 35% em todos os pedidos<\/strong><\/span><\/a><\/span><\/p>\n","protected":false},"featured_media":14639,"comment_status":"open","ping_status":"closed","template":"","meta":{"_kad_blocks_custom_css":"","_kad_blocks_head_custom_js":"","_kad_blocks_body_custom_js":"","_kad_blocks_footer_custom_js":"","_kadence_starter_templates_imported_post":false,"_kad_post_transparent":"default","_kad_post_title":"","_kad_post_layout":"default","_kad_post_sidebar_id":"","_kad_post_content_style":"default","_kad_post_vertical_padding":"default","_kad_post_feature":"","_kad_post_feature_position":"","_kad_post_header":false,"_kad_post_footer":false,"_kad_post_classname":""},"product_brand":[],"product_cat":[401,300],"product_tag":[676],"class_list":{"0":"post-9679","1":"product","2":"type-product","3":"status-publish","4":"has-post-thumbnail","6":"product_cat-base-pt-pt","7":"product_cat-vitaminas-e-minerais","8":"product_tag-minerais-e-vitaminas","10":"first","11":"instock","12":"taxable","13":"shipping-taxable","14":"purchasable","15":"product-type-simple","16":"entry","17":"content-bg","18":"loop-entry"},"yoast_head":"<!-- This site is optimized with the Yoast SEO Premium plugin v27.4 (Yoast SEO v27.4) - https:\/\/yoast.com\/product\/yoast-seo-premium-wordpress\/ -->\n<title>Vita Active Frutos Vermelhos \u2013 100% De Suprimento de Vitamina<\/title>\n<meta name=\"description\" content=\"Vita Active Frutos Vermelhos \u00e9 um concentrado de 21 frutas e vegetais naturais com um sabor delicioso e que fornece ao corpo vitaminas essenciais.\" \/>\n<meta name=\"robots\" content=\"index, follow, max-snippet:-1, max-image-preview:large, max-video-preview:-1\" \/>\n<link rel=\"canonical\" href=\"https:\/\/www.lraloeverashop.eu\/pt-pt\/produto\/vita-active-frutos-vermelhos\/\" \/>\n<meta property=\"og:locale\" content=\"pt_PT\" \/>\n<meta property=\"og:type\" content=\"article\" \/>\n<meta property=\"og:title\" content=\"Vita Active Frutos Vermelhos\" \/>\n<meta property=\"og:description\" content=\"Vita Active Frutos Vermelhos \u00e9 um concentrado de 21 frutas e vegetais naturais com um sabor delicioso e que fornece ao corpo vitaminas essenciais.\" \/>\n<meta property=\"og:url\" content=\"https:\/\/www.lraloeverashop.eu\/pt-pt\/produto\/vita-active-frutos-vermelhos\/\" \/>\n<meta property=\"og:site_name\" content=\"Lr Loja Aloe Vera\" \/>\n<meta property=\"article:publisher\" content=\"https:\/\/www.facebook.com\/lraloeverashop.eu\" \/>\n<meta property=\"article:modified_time\" content=\"2026-04-05T20:20:36+00:00\" \/>\n<meta property=\"og:image\" content=\"https:\/\/www.lraloeverashop.eu\/wp-content\/uploads\/2024\/03\/Vita-Active-Red-Fruits-Vitamins.jpeg\" \/>\n\t<meta property=\"og:image:width\" content=\"1200\" \/>\n\t<meta property=\"og:image:height\" content=\"1200\" \/>\n\t<meta property=\"og:image:type\" content=\"image\/jpeg\" \/>\n<meta name=\"twitter:card\" content=\"summary_large_image\" \/>\n<meta name=\"twitter:site\" content=\"@natur__kosmetik\" \/>\n<script type=\"application\/ld+json\" class=\"yoast-schema-graph\">{\"@context\":\"https:\\\/\\\/schema.org\",\"@graph\":[{\"@type\":[\"WebPage\",\"ItemPage\"],\"@id\":\"https:\\\/\\\/www.lraloeverashop.eu\\\/pt-pt\\\/produto\\\/vita-active-frutos-vermelhos\\\/\",\"url\":\"https:\\\/\\\/www.lraloeverashop.eu\\\/pt-pt\\\/produto\\\/vita-active-frutos-vermelhos\\\/\",\"name\":\"Vita Active Frutos Vermelhos \u2013 100% De Suprimento de Vitamina\",\"isPartOf\":{\"@id\":\"https:\\\/\\\/www.lraloeverashop.eu\\\/pt-pt\\\/#website\"},\"primaryImageOfPage\":{\"@id\":\"https:\\\/\\\/www.lraloeverashop.eu\\\/pt-pt\\\/produto\\\/vita-active-frutos-vermelhos\\\/#primaryimage\"},\"image\":{\"@id\":\"https:\\\/\\\/www.lraloeverashop.eu\\\/pt-pt\\\/produto\\\/vita-active-frutos-vermelhos\\\/#primaryimage\"},\"thumbnailUrl\":\"https:\\\/\\\/www.lraloeverashop.eu\\\/wp-content\\\/uploads\\\/2024\\\/03\\\/Vita-Active-Red-Fruits-Vitamins.jpeg\",\"datePublished\":\"2022-10-13T06:34:35+00:00\",\"dateModified\":\"2026-04-05T20:20:36+00:00\",\"description\":\"Vita Active Frutos Vermelhos \u00e9 um concentrado de 21 frutas e vegetais naturais com um sabor delicioso e que fornece ao corpo vitaminas essenciais.\",\"breadcrumb\":{\"@id\":\"https:\\\/\\\/www.lraloeverashop.eu\\\/pt-pt\\\/produto\\\/vita-active-frutos-vermelhos\\\/#breadcrumb\"},\"inLanguage\":\"pt-PT\",\"potentialAction\":[{\"@type\":\"ReadAction\",\"target\":[\"https:\\\/\\\/www.lraloeverashop.eu\\\/pt-pt\\\/produto\\\/vita-active-frutos-vermelhos\\\/\"]}]},{\"@type\":\"ImageObject\",\"inLanguage\":\"pt-PT\",\"@id\":\"https:\\\/\\\/www.lraloeverashop.eu\\\/pt-pt\\\/produto\\\/vita-active-frutos-vermelhos\\\/#primaryimage\",\"url\":\"https:\\\/\\\/www.lraloeverashop.eu\\\/wp-content\\\/uploads\\\/2024\\\/03\\\/Vita-Active-Red-Fruits-Vitamins.jpeg\",\"contentUrl\":\"https:\\\/\\\/www.lraloeverashop.eu\\\/wp-content\\\/uploads\\\/2024\\\/03\\\/Vita-Active-Red-Fruits-Vitamins.jpeg\",\"width\":1200,\"height\":1200,\"caption\":\"Vita Active Vitaminas de frutas vermelhas para crian\u00e7as e adultos\"},{\"@type\":\"BreadcrumbList\",\"@id\":\"https:\\\/\\\/www.lraloeverashop.eu\\\/pt-pt\\\/produto\\\/vita-active-frutos-vermelhos\\\/#breadcrumb\",\"itemListElement\":[{\"@type\":\"ListItem\",\"position\":1,\"name\":\"Home\",\"item\":\"https:\\\/\\\/www.lraloeverashop.eu\\\/pt-pt\\\/\"},{\"@type\":\"ListItem\",\"position\":2,\"name\":\"Loja\",\"item\":\"https:\\\/\\\/www.lraloeverashop.eu\\\/pt-pt\\\/loja\\\/\"},{\"@type\":\"ListItem\",\"position\":3,\"name\":\"Vita Active Frutos Vermelhos\"}]},{\"@type\":\"WebSite\",\"@id\":\"https:\\\/\\\/www.lraloeverashop.eu\\\/pt-pt\\\/#website\",\"url\":\"https:\\\/\\\/www.lraloeverashop.eu\\\/pt-pt\\\/\",\"name\":\"Lr Loja Aloe Vera\",\"description\":\"High Quality Lr Aloe Vera Gel, Aloe Vera Cream and Shampoo\",\"publisher\":{\"@id\":\"https:\\\/\\\/www.lraloeverashop.eu\\\/pt-pt\\\/#organization\"},\"potentialAction\":[{\"@type\":\"SearchAction\",\"target\":{\"@type\":\"EntryPoint\",\"urlTemplate\":\"https:\\\/\\\/www.lraloeverashop.eu\\\/pt-pt\\\/?s={search_term_string}\"},\"query-input\":{\"@type\":\"PropertyValueSpecification\",\"valueRequired\":true,\"valueName\":\"search_term_string\"}}],\"inLanguage\":\"pt-PT\"},{\"@type\":\"Organization\",\"@id\":\"https:\\\/\\\/www.lraloeverashop.eu\\\/pt-pt\\\/#organization\",\"name\":\"Loja Lr Aloe Vera\",\"alternateName\":\"LR\",\"url\":\"https:\\\/\\\/www.lraloeverashop.eu\\\/pt-pt\\\/\",\"logo\":{\"@type\":\"ImageObject\",\"inLanguage\":\"pt-PT\",\"@id\":\"https:\\\/\\\/www.lraloeverashop.eu\\\/pt-pt\\\/#\\\/schema\\\/logo\\\/image\\\/\",\"url\":\"https:\\\/\\\/www.lraloeverashop.eu\\\/wp-content\\\/uploads\\\/2022\\\/09\\\/cropped-Lr-Aloe-Vera-Shop.jpg\",\"contentUrl\":\"https:\\\/\\\/www.lraloeverashop.eu\\\/wp-content\\\/uploads\\\/2022\\\/09\\\/cropped-Lr-Aloe-Vera-Shop.jpg\",\"width\":228,\"height\":76,\"caption\":\"Loja Lr Aloe Vera\"},\"image\":{\"@id\":\"https:\\\/\\\/www.lraloeverashop.eu\\\/pt-pt\\\/#\\\/schema\\\/logo\\\/image\\\/\"},\"sameAs\":[\"https:\\\/\\\/www.facebook.com\\\/lraloeverashop.eu\",\"https:\\\/\\\/x.com\\\/natur__kosmetik\",\"https:\\\/\\\/www.youtube.com\\\/channel\\\/UC5oN7BJ8nfYb8RpVtjwDEBA\",\"https:\\\/\\\/www.instagram.com\\\/lrbeautyeu\\\/\"],\"description\":\"Loja Lr Aloe Vera \u00e9 o seu destino de confian\u00e7a para os produtos de sa\u00fade e beleza premium da LR, fabricados na Alemanha. Oferecemos solu\u00e7\u00f5es de alta qualidade para o cuidado da pele, nutri\u00e7\u00e3o e antienvelhecimento \u00e0 base de Alo\u00e9 Vera, elaboradas com ingredientes puros e apoiadas em investiga\u00e7\u00e3o cient\u00edfica. Descubra o cuidado natural que regenera, protege e revitaliza a sua pele \u2014 e aproveite as ofertas mensais exclusivas nos nossos produtos LR Alo\u00e9 Vera mais vendidos.\\nComece hoje mesmo a sua jornada de cuidados naturais com a pele e sinta a diferen\u00e7a.\",\"email\":\"info@lraloeverashop.eu\",\"telephone\":\"+49 17670609653\",\"legalName\":\"Lr Aloe Vera Shop\",\"foundingDate\":\"2018-04-21\",\"numberOfEmployees\":{\"@type\":\"QuantitativeValue\",\"minValue\":\"1\",\"maxValue\":\"10\"}}]}<\/script>\n<meta property=\"product:price:amount\" content=\"25.29\" \/>\n<meta property=\"product:price:currency\" content=\"EUR\" \/>\n<meta property=\"og:availability\" content=\"instock\" \/>\n<meta property=\"product:availability\" content=\"instock\" \/>\n<meta property=\"product:retailer_item_id\" content=\"80301-401PT\" \/>\n<meta property=\"product:condition\" content=\"new\" \/>\n<!-- \/ Yoast SEO Premium plugin. -->","yoast_head_json":{"title":"Vita Active Frutos Vermelhos \u2013 100% De Suprimento de Vitamina","description":"Vita Active Frutos Vermelhos \u00e9 um concentrado de 21 frutas e vegetais naturais com um sabor delicioso e que fornece ao corpo vitaminas essenciais.","robots":{"index":"index","follow":"follow","max-snippet":"max-snippet:-1","max-image-preview":"max-image-preview:large","max-video-preview":"max-video-preview:-1"},"canonical":"https:\/\/www.lraloeverashop.eu\/pt-pt\/produto\/vita-active-frutos-vermelhos\/","og_locale":"pt_PT","og_type":"article","og_title":"Vita Active Frutos Vermelhos","og_description":"Vita Active Frutos Vermelhos \u00e9 um concentrado de 21 frutas e vegetais naturais com um sabor delicioso e que fornece ao corpo vitaminas essenciais.","og_url":"https:\/\/www.lraloeverashop.eu\/pt-pt\/produto\/vita-active-frutos-vermelhos\/","og_site_name":"Lr Loja Aloe Vera","article_publisher":"https:\/\/www.facebook.com\/lraloeverashop.eu","article_modified_time":"2026-04-05T20:20:36+00:00","og_image":[{"width":1200,"height":1200,"url":"https:\/\/www.lraloeverashop.eu\/wp-content\/uploads\/2024\/03\/Vita-Active-Red-Fruits-Vitamins.jpeg","type":"image\/jpeg"}],"twitter_card":"summary_large_image","twitter_site":"@natur__kosmetik","schema":{"@context":"https:\/\/schema.org","@graph":[{"@type":["WebPage","ItemPage"],"@id":"https:\/\/www.lraloeverashop.eu\/pt-pt\/produto\/vita-active-frutos-vermelhos\/","url":"https:\/\/www.lraloeverashop.eu\/pt-pt\/produto\/vita-active-frutos-vermelhos\/","name":"Vita Active Frutos Vermelhos \u2013 100% De Suprimento de Vitamina","isPartOf":{"@id":"https:\/\/www.lraloeverashop.eu\/pt-pt\/#website"},"primaryImageOfPage":{"@id":"https:\/\/www.lraloeverashop.eu\/pt-pt\/produto\/vita-active-frutos-vermelhos\/#primaryimage"},"image":{"@id":"https:\/\/www.lraloeverashop.eu\/pt-pt\/produto\/vita-active-frutos-vermelhos\/#primaryimage"},"thumbnailUrl":"https:\/\/www.lraloeverashop.eu\/wp-content\/uploads\/2024\/03\/Vita-Active-Red-Fruits-Vitamins.jpeg","datePublished":"2022-10-13T06:34:35+00:00","dateModified":"2026-04-05T20:20:36+00:00","description":"Vita Active Frutos Vermelhos \u00e9 um concentrado de 21 frutas e vegetais naturais com um sabor delicioso e que fornece ao corpo vitaminas essenciais.","breadcrumb":{"@id":"https:\/\/www.lraloeverashop.eu\/pt-pt\/produto\/vita-active-frutos-vermelhos\/#breadcrumb"},"inLanguage":"pt-PT","potentialAction":[{"@type":"ReadAction","target":["https:\/\/www.lraloeverashop.eu\/pt-pt\/produto\/vita-active-frutos-vermelhos\/"]}]},{"@type":"ImageObject","inLanguage":"pt-PT","@id":"https:\/\/www.lraloeverashop.eu\/pt-pt\/produto\/vita-active-frutos-vermelhos\/#primaryimage","url":"https:\/\/www.lraloeverashop.eu\/wp-content\/uploads\/2024\/03\/Vita-Active-Red-Fruits-Vitamins.jpeg","contentUrl":"https:\/\/www.lraloeverashop.eu\/wp-content\/uploads\/2024\/03\/Vita-Active-Red-Fruits-Vitamins.jpeg","width":1200,"height":1200,"caption":"Vita Active Vitaminas de frutas vermelhas para crian\u00e7as e adultos"},{"@type":"BreadcrumbList","@id":"https:\/\/www.lraloeverashop.eu\/pt-pt\/produto\/vita-active-frutos-vermelhos\/#breadcrumb","itemListElement":[{"@type":"ListItem","position":1,"name":"Home","item":"https:\/\/www.lraloeverashop.eu\/pt-pt\/"},{"@type":"ListItem","position":2,"name":"Loja","item":"https:\/\/www.lraloeverashop.eu\/pt-pt\/loja\/"},{"@type":"ListItem","position":3,"name":"Vita Active Frutos Vermelhos"}]},{"@type":"WebSite","@id":"https:\/\/www.lraloeverashop.eu\/pt-pt\/#website","url":"https:\/\/www.lraloeverashop.eu\/pt-pt\/","name":"Lr Loja Aloe Vera","description":"High Quality Lr Aloe Vera Gel, Aloe Vera Cream and Shampoo","publisher":{"@id":"https:\/\/www.lraloeverashop.eu\/pt-pt\/#organization"},"potentialAction":[{"@type":"SearchAction","target":{"@type":"EntryPoint","urlTemplate":"https:\/\/www.lraloeverashop.eu\/pt-pt\/?s={search_term_string}"},"query-input":{"@type":"PropertyValueSpecification","valueRequired":true,"valueName":"search_term_string"}}],"inLanguage":"pt-PT"},{"@type":"Organization","@id":"https:\/\/www.lraloeverashop.eu\/pt-pt\/#organization","name":"Loja Lr Aloe Vera","alternateName":"LR","url":"https:\/\/www.lraloeverashop.eu\/pt-pt\/","logo":{"@type":"ImageObject","inLanguage":"pt-PT","@id":"https:\/\/www.lraloeverashop.eu\/pt-pt\/#\/schema\/logo\/image\/","url":"https:\/\/www.lraloeverashop.eu\/wp-content\/uploads\/2022\/09\/cropped-Lr-Aloe-Vera-Shop.jpg","contentUrl":"https:\/\/www.lraloeverashop.eu\/wp-content\/uploads\/2022\/09\/cropped-Lr-Aloe-Vera-Shop.jpg","width":228,"height":76,"caption":"Loja Lr Aloe Vera"},"image":{"@id":"https:\/\/www.lraloeverashop.eu\/pt-pt\/#\/schema\/logo\/image\/"},"sameAs":["https:\/\/www.facebook.com\/lraloeverashop.eu","https:\/\/x.com\/natur__kosmetik","https:\/\/www.youtube.com\/channel\/UC5oN7BJ8nfYb8RpVtjwDEBA","https:\/\/www.instagram.com\/lrbeautyeu\/"],"description":"Loja Lr Aloe Vera \u00e9 o seu destino de confian\u00e7a para os produtos de sa\u00fade e beleza premium da LR, fabricados na Alemanha. Oferecemos solu\u00e7\u00f5es de alta qualidade para o cuidado da pele, nutri\u00e7\u00e3o e antienvelhecimento \u00e0 base de Alo\u00e9 Vera, elaboradas com ingredientes puros e apoiadas em investiga\u00e7\u00e3o cient\u00edfica. Descubra o cuidado natural que regenera, protege e revitaliza a sua pele \u2014 e aproveite as ofertas mensais exclusivas nos nossos produtos LR Alo\u00e9 Vera mais vendidos.\nComece hoje mesmo a sua jornada de cuidados naturais com a pele e sinta a diferen\u00e7a.","email":"info@lraloeverashop.eu","telephone":"+49 17670609653","legalName":"Lr Aloe Vera Shop","foundingDate":"2018-04-21","numberOfEmployees":{"@type":"QuantitativeValue","minValue":"1","maxValue":"10"}}]},"product_price_amount":"25.29","product_price_currency":"EUR","og_availability":"instock","product_availability":"instock","product_retailer_item_id":"80301-401PT","product_condition":"new"},"taxonomy_info":{"product_cat":[{"value":401,"label":"Base"},{"value":300,"label":"Vitaminas e Minerais"}],"product_tag":[{"value":676,"label":"Minerais e vitaminas"}]},"featured_image_src_large":["https:\/\/www.lraloeverashop.eu\/wp-content\/uploads\/2024\/03\/Vita-Active-Red-Fruits-Vitamins-1024x1024.jpeg",1024,1024,true],"author_info":[],"comment_info":0,"_links":{"self":[{"href":"https:\/\/www.lraloeverashop.eu\/pt-pt\/wp-json\/wp\/v2\/product\/9679","targetHints":{"allow":["GET"]}}],"collection":[{"href":"https:\/\/www.lraloeverashop.eu\/pt-pt\/wp-json\/wp\/v2\/product"}],"about":[{"href":"https:\/\/www.lraloeverashop.eu\/pt-pt\/wp-json\/wp\/v2\/types\/product"}],"replies":[{"embeddable":true,"href":"https:\/\/www.lraloeverashop.eu\/pt-pt\/wp-json\/wp\/v2\/comments?post=9679"}],"wp:featuredmedia":[{"embeddable":true,"href":"https:\/\/www.lraloeverashop.eu\/pt-pt\/wp-json\/wp\/v2\/media\/14639"}],"wp:attachment":[{"href":"https:\/\/www.lraloeverashop.eu\/pt-pt\/wp-json\/wp\/v2\/media?parent=9679"}],"wp:term":[{"taxonomy":"product_brand","embeddable":true,"href":"https:\/\/www.lraloeverashop.eu\/pt-pt\/wp-json\/wp\/v2\/product_brand?post=9679"},{"taxonomy":"product_cat","embeddable":true,"href":"https:\/\/www.lraloeverashop.eu\/pt-pt\/wp-json\/wp\/v2\/product_cat?post=9679"},{"taxonomy":"product_tag","embeddable":true,"href":"https:\/\/www.lraloeverashop.eu\/pt-pt\/wp-json\/wp\/v2\/product_tag?post=9679"}],"curies":[{"name":"wp","href":"https:\/\/api.w.org\/{rel}","templated":true}]}}