{"id":9643,"date":"2022-10-13T09:13:21","date_gmt":"2022-10-13T07:13:21","guid":{"rendered":"https:\/\/www.lraloeverashop.eu\/product\/omega-3-capsulas\/"},"modified":"2026-02-08T10:19:35","modified_gmt":"2026-02-08T09:19:35","slug":"omega-3-capsulas","status":"publish","type":"product","link":"https:\/\/www.lraloeverashop.eu\/pt-pt\/produto\/omega-3-capsulas\/","title":{"rendered":"Omega 3 Capsulas Set 4 Pe\u00e7as"},"content":{"rendered":"<h2><span style=\"font-size: 16pt;\"><strong>Omega 3 Capsulas Set 4 Pe\u00e7as<\/strong><\/span><\/h2>\n<p><span style=\"font-size: 14pt;\"><strong>Omega 3 Capsulas ricas em \u00e1cidos gordos omega 3<\/strong><\/span><\/p>\n<p>Omega 3 Capsulas ricas em \u00e1cidos gordos omega 3 t\u00eam um efeito muito positivo em v\u00e1rios processos corporais. Portanto, deve ter cuidado para sempre atingir a dose di\u00e1ria recomendada de <a href=\"https:\/\/www.lraloeverashop.eu\/pt-pt\/produto\/super-omega-3-em-capsulas\/\">\u00e1cidos graxos Omega 3<\/a>.<\/p>\n<p>As c\u00e1psulas s\u00e3o ricas em \u00e1cidos gordos e os altos n\u00edveis de EPA e DHA contribuem para o funcionamento normal do cora\u00e7\u00e3o.<\/p>\n<p>&nbsp;<\/p>\n<p><iframe loading=\"lazy\" src=\"\/\/www.youtube.com\/embed\/kBlFjnLBm3A?rel=0&amp;showinfo=0\" width=\"1280\" height=\"720\" frameborder=\"0\" allowfullscreen=\"allowfullscreen\"><\/iframe><\/p>\n<p>&nbsp;<\/p>\n<p>O EPA (\u00e1cido eicosapentaenoico) \u00e9 respons\u00e1vel por muitos processos no corpo, em particular, contribui para o suporte da fun\u00e7\u00e3o card\u00edaca normal. Para tanto, basta a ingest\u00e3o de pelo menos 250mg de Omega 3 por dia. Essa necessidade \u00e9 generosamente suprida com a por\u00e7\u00e3o di\u00e1ria de Omega 3 Capsulas. Al\u00e9m disso, o DHA (\u00e1cido docosa-hexaenoico) tamb\u00e9m ajuda a manter nossa <a href=\"https:\/\/www.lraloeverashop.eu\/pt-pt\/produto\/mind-master-bebida-vermelha\/\">fun\u00e7\u00e3o cerebral<\/a> normal.<\/p>\n<p>Os valiosos \u00e1cidos gordos nas Omega 3 Capsulas s\u00e3o feitos de \u00f3leo de peixe (sardinha, cavala e atum) de alta qualidade. A LR usa s\u00f3 peixes vivos do Pac\u00edfico Sul-Americano para a produ\u00e7\u00e3o das c\u00e1psulas.<\/p>\n<p>A captura e o processamento s\u00e3o certificados como sustent\u00e1veis, protegendo o meio ambiente e as popula\u00e7\u00f5es de peixes e, por isso, todos possuem o selo de qualidade \u201cFriend of the Sea\u201d.<\/p>\n<p>&nbsp;<\/p>\n<h2><\/h2>\n<h2><strong><span style=\"font-size: 16pt;\">Como usar Omega 3 Capsulas<img loading=\"lazy\" decoding=\"async\" class=\"alignright wp-image-2879 \" src=\"https:\/\/www.lraloeverashop.eu\/wp-content\/uploads\/2022\/10\/Omega-3-benefits-Are-Notable.jpg\" alt=\"Omega 3 benefits Are Notable\" width=\"343\" height=\"467\" srcset=\"https:\/\/www.lraloeverashop.eu\/wp-content\/uploads\/2022\/10\/Omega-3-benefits-Are-Notable.jpg 662w, https:\/\/www.lraloeverashop.eu\/wp-content\/uploads\/2022\/10\/Omega-3-benefits-Are-Notable-600x817.jpg 600w, https:\/\/www.lraloeverashop.eu\/wp-content\/uploads\/2022\/10\/Omega-3-benefits-Are-Notable-220x300.jpg 220w\" sizes=\"auto, (max-width: 343px) 100vw, 343px\" \/><\/span><\/strong><\/h2>\n<p>Tome 3 Omega 3 Capsulas por dia com um pouco de l\u00edquido.<br \/>\nN\u00e3o exceda a dose di\u00e1ria recomendada. Os suplementos nutricionais n\u00e3o substituem uma dieta variada e equilibrada que \u00e9 importante juntamente com um estilo de vida saud\u00e1vel. Mantenha o produto fora do alcance das crian\u00e7as. Armazene seco a n\u00e3o mais de 20\u00b0 C. Cont\u00e9m gl\u00faten.<\/p>\n<p>&nbsp;<\/p>\n<h3><strong><span style=\"font-size: 16pt;\">Voc\u00ea sabia?<\/span><\/strong><\/h3>\n<p>Os \u00e1cidos gordos omega 3 s\u00e3o essenciais para as pessoas. Eles n\u00e3o podem ser produzidos pelo corpo humano, mas devem ser inseridos com os alimentos. De acordo com a Autoridade Europeia para a Seguran\u00e7a dos Alimentos (EFSA), recomenda-se uma ingest\u00e3o di\u00e1ria de pelo menos 250mg de DHA. A Sociedade Alem\u00e3 de Nutri\u00e7\u00e3o (DGE) confirma esta recomenda\u00e7\u00e3o.<\/p>\n<p>&nbsp;<\/p>\n<h4><strong><span style=\"font-size: 16pt;\">Perguntas mais frequentes<\/span><\/strong><\/h4>\n<p><strong>Como s\u00e3o feitas as Omega 3 Capsulas?<\/strong><br \/>\n\u00d4mega 3 C\u00e1psulas cont\u00eam um concentrado de \u00f3leo de peixe aut\u00eantico. Dessa forma, os \u00e1cidos gordos \u00f4mega 3 s\u00e3o enriquecidos e disponibilizados para a nutri\u00e7\u00e3o humana. Para as Omega 3 Capsulas, a LR usa s\u00f3 peixes gordurosos de \u00e1gua salgada que n\u00e3o est\u00e3o em cativeiro, como sardinha, cavala e atum, suplementados com o valioso \u00f3leo de pr\u00edmula.<\/p>\n<p><strong>O que s\u00e3o os beta-glucanos?<\/strong><br \/>\nO beta-glucano \u00e9 um polissacar\u00eddeo natural (polissacar\u00eddeo) das fibras da cevada.<\/p>\n<p><strong>O que podemos fazer para melhorar o sistema cardiovascular?<\/strong><br \/>\nAl\u00e9m de nutrientes como os \u00e1cidos gordos \u00f4mega 3, exerc\u00edcios regulares e uma dieta balanceada s\u00e3o a chave para manter em <a href=\"https:\/\/www.lraloeverashop.eu\/pt-pt\/produto\/omega-3-oferta-limitada\/\">\u00f3timas condi\u00e7\u00f5es<\/a> o cora\u00e7\u00e3o e os vasos sangu\u00edneos.<\/p>\n<p><strong>\u00b9EPA e DHA contribuem para a fun\u00e7\u00e3o card\u00edaca normal. Isso requer a ingest\u00e3o de pelo menos 250 mg de EPA e DHA por dia.<\/strong><\/p>\n","protected":false},"excerpt":{"rendered":"<ul>\n<li>C\u00e1psulas para a sa\u00fade do cora\u00e7\u00e3o\u00b9<\/li>\n<li>Alto teor de EPA (\u00e1cido eicosapentaen\u00f3ico) e DHA (\u00e1cido docosahexaen\u00f3ico)<\/li>\n<li>Apenas cavala, sardinha e atum de vida livre.<\/li>\n<li>S\u00f3 pesca sustent\u00e1vel com o selo \u201cAmigo do Mar\u201d<\/li>\n<li>Feito na Alemanha<\/li>\n<li>Conte\u00fado: 4 x 60 C\u00e1psulas<\/li>\n<\/ul>\n<p><span style=\"color: #ff0000;\"><a style=\"color: #ff0000;\" href=\"https:\/\/shop.lrworld.com\/openpao?PHP=0vFlt7jT938BEnBI3a6e9w%3D%3D\"><span style=\"font-size: 14pt;\"><strong>Registe-se aqui e poupe 35% em todos os pedidos<\/strong><\/span><\/a><\/span><\/p>\n","protected":false},"featured_media":5241,"comment_status":"open","ping_status":"closed","template":"","meta":{"_kad_blocks_custom_css":"","_kad_blocks_head_custom_js":"","_kad_blocks_body_custom_js":"","_kad_blocks_footer_custom_js":"","_kadence_starter_templates_imported_post":false,"_kad_post_transparent":"default","_kad_post_title":"","_kad_post_layout":"default","_kad_post_sidebar_id":"","_kad_post_content_style":"default","_kad_post_vertical_padding":"default","_kad_post_feature":"","_kad_post_feature_position":"","_kad_post_header":false,"_kad_post_footer":false,"_kad_post_classname":""},"product_brand":[],"product_cat":[401,425,443,460,467,300],"product_tag":[676],"class_list":{"0":"post-9643","1":"product","2":"type-product","3":"status-publish","4":"has-post-thumbnail","6":"product_cat-base-pt-pt","7":"product_cat-coracao-e-circulacao","8":"product_cat-desempenho-e-energia","9":"product_cat-economize-em-conjuntos","10":"product_cat-lr-especialistas","11":"product_cat-vitaminas-e-minerais","12":"product_tag-minerais-e-vitaminas","14":"first","15":"outofstock","16":"taxable","17":"shipping-taxable","18":"purchasable","19":"product-type-simple","20":"entry","21":"content-bg","22":"loop-entry"},"yoast_head":"<!-- This site is optimized with the Yoast SEO Premium plugin v27.3 (Yoast SEO v27.3) - https:\/\/yoast.com\/product\/yoast-seo-premium-wordpress\/ -->\n<title>Omega 3 Capsulas ricas em \u00e1cidos gordos omega 3.<\/title>\n<meta name=\"description\" content=\"Valiosas Omega 3 Capsulas s\u00e3o feitas de \u00f3leo de peixe de alta qualidade de sardinha, cavala e atum e contribuem para a sa\u00fade do cora\u00e7\u00e3o\" \/>\n<meta name=\"robots\" content=\"index, follow, max-snippet:-1, max-image-preview:large, max-video-preview:-1\" \/>\n<link rel=\"canonical\" href=\"https:\/\/www.lraloeverashop.eu\/pt-pt\/produto\/omega-3-capsulas\/\" \/>\n<meta property=\"og:locale\" content=\"pt_PT\" \/>\n<meta property=\"og:type\" content=\"article\" \/>\n<meta property=\"og:title\" content=\"Omega 3 Capsulas Set 4 Pe\u00e7as\" \/>\n<meta property=\"og:description\" content=\"Valiosas Omega 3 Capsulas s\u00e3o feitas de \u00f3leo de peixe de alta qualidade de sardinha, cavala e atum e contribuem para a sa\u00fade do cora\u00e7\u00e3o\" \/>\n<meta property=\"og:url\" content=\"https:\/\/www.lraloeverashop.eu\/pt-pt\/produto\/omega-3-capsulas\/\" \/>\n<meta property=\"og:site_name\" content=\"Lr Loja Aloe Vera\" \/>\n<meta property=\"article:publisher\" content=\"https:\/\/www.facebook.com\/lraloeverashop.eu\" \/>\n<meta property=\"article:modified_time\" content=\"2026-02-08T09:19:35+00:00\" \/>\n<meta property=\"og:image\" content=\"https:\/\/www.lraloeverashop.eu\/wp-content\/uploads\/2022\/10\/Super-Omega-3-Activ-4.jpg\" \/>\n\t<meta property=\"og:image:width\" content=\"1200\" \/>\n\t<meta property=\"og:image:height\" content=\"1200\" \/>\n\t<meta property=\"og:image:type\" content=\"image\/jpeg\" \/>\n<meta name=\"twitter:card\" content=\"summary_large_image\" \/>\n<meta name=\"twitter:site\" content=\"@natur__kosmetik\" \/>\n<script type=\"application\/ld+json\" class=\"yoast-schema-graph\">{\"@context\":\"https:\\\/\\\/schema.org\",\"@graph\":[{\"@type\":[\"WebPage\",\"ItemPage\"],\"@id\":\"https:\\\/\\\/www.lraloeverashop.eu\\\/pt-pt\\\/produto\\\/omega-3-capsulas\\\/\",\"url\":\"https:\\\/\\\/www.lraloeverashop.eu\\\/pt-pt\\\/produto\\\/omega-3-capsulas\\\/\",\"name\":\"Omega 3 Capsulas ricas em \u00e1cidos gordos omega 3.\",\"isPartOf\":{\"@id\":\"https:\\\/\\\/www.lraloeverashop.eu\\\/pt-pt\\\/#website\"},\"primaryImageOfPage\":{\"@id\":\"https:\\\/\\\/www.lraloeverashop.eu\\\/pt-pt\\\/produto\\\/omega-3-capsulas\\\/#primaryimage\"},\"image\":{\"@id\":\"https:\\\/\\\/www.lraloeverashop.eu\\\/pt-pt\\\/produto\\\/omega-3-capsulas\\\/#primaryimage\"},\"thumbnailUrl\":\"https:\\\/\\\/www.lraloeverashop.eu\\\/wp-content\\\/uploads\\\/2022\\\/10\\\/Super-Omega-3-Activ-4.jpg\",\"datePublished\":\"2022-10-13T07:13:21+00:00\",\"dateModified\":\"2026-02-08T09:19:35+00:00\",\"description\":\"Valiosas Omega 3 Capsulas s\u00e3o feitas de \u00f3leo de peixe de alta qualidade de sardinha, cavala e atum e contribuem para a sa\u00fade do cora\u00e7\u00e3o\",\"breadcrumb\":{\"@id\":\"https:\\\/\\\/www.lraloeverashop.eu\\\/pt-pt\\\/produto\\\/omega-3-capsulas\\\/#breadcrumb\"},\"inLanguage\":\"pt-PT\",\"potentialAction\":[{\"@type\":\"ReadAction\",\"target\":[\"https:\\\/\\\/www.lraloeverashop.eu\\\/pt-pt\\\/produto\\\/omega-3-capsulas\\\/\"]}]},{\"@type\":\"ImageObject\",\"inLanguage\":\"pt-PT\",\"@id\":\"https:\\\/\\\/www.lraloeverashop.eu\\\/pt-pt\\\/produto\\\/omega-3-capsulas\\\/#primaryimage\",\"url\":\"https:\\\/\\\/www.lraloeverashop.eu\\\/wp-content\\\/uploads\\\/2022\\\/10\\\/Super-Omega-3-Activ-4.jpg\",\"contentUrl\":\"https:\\\/\\\/www.lraloeverashop.eu\\\/wp-content\\\/uploads\\\/2022\\\/10\\\/Super-Omega-3-Activ-4.jpg\",\"width\":1200,\"height\":1200,\"caption\":\"Super Omega 3 em Capsulas para a sa\u00fade do cora\u00e7\u00e3o\"},{\"@type\":\"BreadcrumbList\",\"@id\":\"https:\\\/\\\/www.lraloeverashop.eu\\\/pt-pt\\\/produto\\\/omega-3-capsulas\\\/#breadcrumb\",\"itemListElement\":[{\"@type\":\"ListItem\",\"position\":1,\"name\":\"Home\",\"item\":\"https:\\\/\\\/www.lraloeverashop.eu\\\/pt-pt\\\/\"},{\"@type\":\"ListItem\",\"position\":2,\"name\":\"Loja\",\"item\":\"https:\\\/\\\/www.lraloeverashop.eu\\\/pt-pt\\\/loja\\\/\"},{\"@type\":\"ListItem\",\"position\":3,\"name\":\"Omega 3 Capsulas Set 4 Pe\u00e7as\"}]},{\"@type\":\"WebSite\",\"@id\":\"https:\\\/\\\/www.lraloeverashop.eu\\\/pt-pt\\\/#website\",\"url\":\"https:\\\/\\\/www.lraloeverashop.eu\\\/pt-pt\\\/\",\"name\":\"Lr Loja Aloe Vera\",\"description\":\"High Quality Lr Aloe Vera Gel, Aloe Vera Cream and Shampoo\",\"publisher\":{\"@id\":\"https:\\\/\\\/www.lraloeverashop.eu\\\/pt-pt\\\/#organization\"},\"potentialAction\":[{\"@type\":\"SearchAction\",\"target\":{\"@type\":\"EntryPoint\",\"urlTemplate\":\"https:\\\/\\\/www.lraloeverashop.eu\\\/pt-pt\\\/?s={search_term_string}\"},\"query-input\":{\"@type\":\"PropertyValueSpecification\",\"valueRequired\":true,\"valueName\":\"search_term_string\"}}],\"inLanguage\":\"pt-PT\"},{\"@type\":\"Organization\",\"@id\":\"https:\\\/\\\/www.lraloeverashop.eu\\\/pt-pt\\\/#organization\",\"name\":\"Lr Loja Aloe Vera\",\"alternateName\":\"LR\",\"url\":\"https:\\\/\\\/www.lraloeverashop.eu\\\/pt-pt\\\/\",\"logo\":{\"@type\":\"ImageObject\",\"inLanguage\":\"pt-PT\",\"@id\":\"https:\\\/\\\/www.lraloeverashop.eu\\\/pt-pt\\\/#\\\/schema\\\/logo\\\/image\\\/\",\"url\":\"https:\\\/\\\/www.lraloeverashop.eu\\\/wp-content\\\/uploads\\\/2022\\\/09\\\/cropped-Lr-Aloe-Vera-Shop.jpg\",\"contentUrl\":\"https:\\\/\\\/www.lraloeverashop.eu\\\/wp-content\\\/uploads\\\/2022\\\/09\\\/cropped-Lr-Aloe-Vera-Shop.jpg\",\"width\":228,\"height\":76,\"caption\":\"Lr Loja Aloe Vera\"},\"image\":{\"@id\":\"https:\\\/\\\/www.lraloeverashop.eu\\\/pt-pt\\\/#\\\/schema\\\/logo\\\/image\\\/\"},\"sameAs\":[\"https:\\\/\\\/www.facebook.com\\\/lraloeverashop.eu\",\"https:\\\/\\\/x.com\\\/natur__kosmetik\",\"https:\\\/\\\/www.youtube.com\\\/channel\\\/UC5oN7BJ8nfYb8RpVtjwDEBA\",\"https:\\\/\\\/www.instagram.com\\\/lrbeautyeu\\\/\"]}]}<\/script>\n<meta property=\"product:price:amount\" content=\"161.50\" \/>\n<meta property=\"product:price:currency\" content=\"EUR\" \/>\n<meta property=\"og:availability\" content=\"out of stock\" \/>\n<meta property=\"product:availability\" content=\"out of stock\" \/>\n<meta property=\"product:retailer_item_id\" content=\"80144-401PT\" \/>\n<meta property=\"product:condition\" content=\"new\" \/>\n<!-- \/ Yoast SEO Premium plugin. -->","yoast_head_json":{"title":"Omega 3 Capsulas ricas em \u00e1cidos gordos omega 3.","description":"Valiosas Omega 3 Capsulas s\u00e3o feitas de \u00f3leo de peixe de alta qualidade de sardinha, cavala e atum e contribuem para a sa\u00fade do cora\u00e7\u00e3o","robots":{"index":"index","follow":"follow","max-snippet":"max-snippet:-1","max-image-preview":"max-image-preview:large","max-video-preview":"max-video-preview:-1"},"canonical":"https:\/\/www.lraloeverashop.eu\/pt-pt\/produto\/omega-3-capsulas\/","og_locale":"pt_PT","og_type":"article","og_title":"Omega 3 Capsulas Set 4 Pe\u00e7as","og_description":"Valiosas Omega 3 Capsulas s\u00e3o feitas de \u00f3leo de peixe de alta qualidade de sardinha, cavala e atum e contribuem para a sa\u00fade do cora\u00e7\u00e3o","og_url":"https:\/\/www.lraloeverashop.eu\/pt-pt\/produto\/omega-3-capsulas\/","og_site_name":"Lr Loja Aloe Vera","article_publisher":"https:\/\/www.facebook.com\/lraloeverashop.eu","article_modified_time":"2026-02-08T09:19:35+00:00","og_image":[{"width":1200,"height":1200,"url":"https:\/\/www.lraloeverashop.eu\/wp-content\/uploads\/2022\/10\/Super-Omega-3-Activ-4.jpg","type":"image\/jpeg"}],"twitter_card":"summary_large_image","twitter_site":"@natur__kosmetik","schema":{"@context":"https:\/\/schema.org","@graph":[{"@type":["WebPage","ItemPage"],"@id":"https:\/\/www.lraloeverashop.eu\/pt-pt\/produto\/omega-3-capsulas\/","url":"https:\/\/www.lraloeverashop.eu\/pt-pt\/produto\/omega-3-capsulas\/","name":"Omega 3 Capsulas ricas em \u00e1cidos gordos omega 3.","isPartOf":{"@id":"https:\/\/www.lraloeverashop.eu\/pt-pt\/#website"},"primaryImageOfPage":{"@id":"https:\/\/www.lraloeverashop.eu\/pt-pt\/produto\/omega-3-capsulas\/#primaryimage"},"image":{"@id":"https:\/\/www.lraloeverashop.eu\/pt-pt\/produto\/omega-3-capsulas\/#primaryimage"},"thumbnailUrl":"https:\/\/www.lraloeverashop.eu\/wp-content\/uploads\/2022\/10\/Super-Omega-3-Activ-4.jpg","datePublished":"2022-10-13T07:13:21+00:00","dateModified":"2026-02-08T09:19:35+00:00","description":"Valiosas Omega 3 Capsulas s\u00e3o feitas de \u00f3leo de peixe de alta qualidade de sardinha, cavala e atum e contribuem para a sa\u00fade do cora\u00e7\u00e3o","breadcrumb":{"@id":"https:\/\/www.lraloeverashop.eu\/pt-pt\/produto\/omega-3-capsulas\/#breadcrumb"},"inLanguage":"pt-PT","potentialAction":[{"@type":"ReadAction","target":["https:\/\/www.lraloeverashop.eu\/pt-pt\/produto\/omega-3-capsulas\/"]}]},{"@type":"ImageObject","inLanguage":"pt-PT","@id":"https:\/\/www.lraloeverashop.eu\/pt-pt\/produto\/omega-3-capsulas\/#primaryimage","url":"https:\/\/www.lraloeverashop.eu\/wp-content\/uploads\/2022\/10\/Super-Omega-3-Activ-4.jpg","contentUrl":"https:\/\/www.lraloeverashop.eu\/wp-content\/uploads\/2022\/10\/Super-Omega-3-Activ-4.jpg","width":1200,"height":1200,"caption":"Super Omega 3 em Capsulas para a sa\u00fade do cora\u00e7\u00e3o"},{"@type":"BreadcrumbList","@id":"https:\/\/www.lraloeverashop.eu\/pt-pt\/produto\/omega-3-capsulas\/#breadcrumb","itemListElement":[{"@type":"ListItem","position":1,"name":"Home","item":"https:\/\/www.lraloeverashop.eu\/pt-pt\/"},{"@type":"ListItem","position":2,"name":"Loja","item":"https:\/\/www.lraloeverashop.eu\/pt-pt\/loja\/"},{"@type":"ListItem","position":3,"name":"Omega 3 Capsulas Set 4 Pe\u00e7as"}]},{"@type":"WebSite","@id":"https:\/\/www.lraloeverashop.eu\/pt-pt\/#website","url":"https:\/\/www.lraloeverashop.eu\/pt-pt\/","name":"Lr Loja Aloe Vera","description":"High Quality Lr Aloe Vera Gel, Aloe Vera Cream and Shampoo","publisher":{"@id":"https:\/\/www.lraloeverashop.eu\/pt-pt\/#organization"},"potentialAction":[{"@type":"SearchAction","target":{"@type":"EntryPoint","urlTemplate":"https:\/\/www.lraloeverashop.eu\/pt-pt\/?s={search_term_string}"},"query-input":{"@type":"PropertyValueSpecification","valueRequired":true,"valueName":"search_term_string"}}],"inLanguage":"pt-PT"},{"@type":"Organization","@id":"https:\/\/www.lraloeverashop.eu\/pt-pt\/#organization","name":"Lr Loja Aloe Vera","alternateName":"LR","url":"https:\/\/www.lraloeverashop.eu\/pt-pt\/","logo":{"@type":"ImageObject","inLanguage":"pt-PT","@id":"https:\/\/www.lraloeverashop.eu\/pt-pt\/#\/schema\/logo\/image\/","url":"https:\/\/www.lraloeverashop.eu\/wp-content\/uploads\/2022\/09\/cropped-Lr-Aloe-Vera-Shop.jpg","contentUrl":"https:\/\/www.lraloeverashop.eu\/wp-content\/uploads\/2022\/09\/cropped-Lr-Aloe-Vera-Shop.jpg","width":228,"height":76,"caption":"Lr Loja Aloe Vera"},"image":{"@id":"https:\/\/www.lraloeverashop.eu\/pt-pt\/#\/schema\/logo\/image\/"},"sameAs":["https:\/\/www.facebook.com\/lraloeverashop.eu","https:\/\/x.com\/natur__kosmetik","https:\/\/www.youtube.com\/channel\/UC5oN7BJ8nfYb8RpVtjwDEBA","https:\/\/www.instagram.com\/lrbeautyeu\/"]}]},"product_price_amount":"161.50","product_price_currency":"EUR","og_availability":"out of stock","product_availability":"out of stock","product_retailer_item_id":"80144-401PT","product_condition":"new"},"taxonomy_info":{"product_cat":[{"value":401,"label":"Base"},{"value":425,"label":"Cora\u00e7\u00e3o e Circula\u00e7\u00e3o"},{"value":443,"label":"Desempenho e Energia"},{"value":460,"label":"Economize em conjuntos"},{"value":467,"label":"Especialistas"},{"value":300,"label":"Vitaminas e Minerais"}],"product_tag":[{"value":676,"label":"Minerais e vitaminas"}]},"featured_image_src_large":["https:\/\/www.lraloeverashop.eu\/wp-content\/uploads\/2022\/10\/Super-Omega-3-Activ-4-1024x1024.jpg",1024,1024,true],"author_info":[],"comment_info":0,"_links":{"self":[{"href":"https:\/\/www.lraloeverashop.eu\/pt-pt\/wp-json\/wp\/v2\/product\/9643","targetHints":{"allow":["GET"]}}],"collection":[{"href":"https:\/\/www.lraloeverashop.eu\/pt-pt\/wp-json\/wp\/v2\/product"}],"about":[{"href":"https:\/\/www.lraloeverashop.eu\/pt-pt\/wp-json\/wp\/v2\/types\/product"}],"replies":[{"embeddable":true,"href":"https:\/\/www.lraloeverashop.eu\/pt-pt\/wp-json\/wp\/v2\/comments?post=9643"}],"wp:featuredmedia":[{"embeddable":true,"href":"https:\/\/www.lraloeverashop.eu\/pt-pt\/wp-json\/wp\/v2\/media\/5241"}],"wp:attachment":[{"href":"https:\/\/www.lraloeverashop.eu\/pt-pt\/wp-json\/wp\/v2\/media?parent=9643"}],"wp:term":[{"taxonomy":"product_brand","embeddable":true,"href":"https:\/\/www.lraloeverashop.eu\/pt-pt\/wp-json\/wp\/v2\/product_brand?post=9643"},{"taxonomy":"product_cat","embeddable":true,"href":"https:\/\/www.lraloeverashop.eu\/pt-pt\/wp-json\/wp\/v2\/product_cat?post=9643"},{"taxonomy":"product_tag","embeddable":true,"href":"https:\/\/www.lraloeverashop.eu\/pt-pt\/wp-json\/wp\/v2\/product_tag?post=9643"}],"curies":[{"name":"wp","href":"https:\/\/api.w.org\/{rel}","templated":true}]}}