{"id":9578,"date":"2022-10-13T10:15:48","date_gmt":"2022-10-13T08:15:48","guid":{"rendered":"https:\/\/www.lraloeverashop.eu\/product\/mind-master-po-com-guarana\/"},"modified":"2026-02-08T10:19:13","modified_gmt":"2026-02-08T09:19:13","slug":"mind-master-po-com-guarana","status":"publish","type":"product","link":"https:\/\/www.lraloeverashop.eu\/pt-pt\/produto\/mind-master-po-com-guarana\/","title":{"rendered":"Mind Master P\u00f3 Com Guaran\u00e1"},"content":{"rendered":"<h2><strong><span style=\"font-size: 16pt;\">Mind Master P\u00f3 Com Guaran\u00e1<\/span><\/strong><\/h2>\n<p><strong><span style=\"font-size: 14pt;\">Mind Master P\u00f3 Com Guaran\u00e1 &#8211; refor\u00e7o r\u00e1pido de energia para desempenho mental e f\u00edsico.<\/span><\/strong><\/p>\n<p>Mind Master Com Guaran\u00e1 em um formato conveniente para viagem. Simplesmente abra o bast\u00e3o, tome diretamente sem \u00e1gua e comece com for\u00e7a! A f\u00f3rmula 2 em 1 oferece n\u00e3o apenas energia, mas tamb\u00e9m prote\u00e7\u00e3o contra o estresse oxidativo, gra\u00e7as a <a href=\"https:\/\/www.lraloeverashop.eu\/pt-pt\/produto\/mind-master-extreme-com-guarana\/\">antioxidantes eficazes<\/a>.<\/p>\n<p>Mind Master P\u00f3 oferece um impulso de energia instant\u00e2neo, eficaz e saud\u00e1vel para a mente e o corpo<span style=\"font-size: 10pt;\"><sup>1,2,3,4<\/sup><\/span><br \/>\nEm um formato conveniente para viagem, o stick cabe em qualquer bolso e pode ser consumido diretamente &#8211; sem \u00e1gua.<\/p>\n<p style=\"text-align: left;\"><strong><span style=\"font-size: 14pt;\">Aumento extremo de energia para a mente<span style=\"font-size: 10pt;\"><sup>4,5<\/sup><\/span>:<\/span><\/strong><\/p>\n<p>Acordar no menor tempo<span style=\"font-size: 14pt;\"><span style=\"font-size: 10pt;\"><sup>1,2,3<\/sup><\/span><\/span><br \/>\nAumento da concentra\u00e7\u00e3o e desempenho<span style=\"font-size: 14pt;\"><span style=\"font-size: 10pt;\"><sup>1,2,4<\/sup><\/span><\/span><\/p>\n<p>&nbsp;<\/p>\n<p style=\"text-align: left;\"><strong><span style=\"font-size: 14pt;\">Aumento extremo de energia para o corpo<span style=\"font-size: 10pt;\"><sup>1,2,3,5,6<\/sup><\/span><\/span><\/strong><\/p>\n<p>Em forma e vital no menor tempo poss\u00edvel<span style=\"font-size: 10pt;\"><sup>1,2<\/sup><\/span><br \/>\nAumenta a resist\u00eancia e o desempenho<span style=\"font-size: 10pt;\"><sup>2,3<\/sup><\/span><\/p>\n<p>&nbsp;<\/p>\n<p>O Mind Master P\u00f3 Com Guaran\u00e1 consiste em uma valiosa mistura de <a href=\"https:\/\/www.lraloeverashop.eu\/pt-pt\/mind-master-extreme-po-de-desempenho-para-mais-energia\/\">super boosters naturais<\/a>, como cafe\u00edna, taurina, inositol, amino\u00e1cidos, vitaminas, minerais e coenzima Q10. Com ado\u00e7antes. Sem gl\u00faten, sem lactose, sabor rom\u00e3. Um stick cont\u00e9m mais cafe\u00edna do que uma x\u00edcara de caf\u00e9 expresso ou uma bebida energ\u00e9tica convencional. Cobre 100% da necessidade di\u00e1ria de 6 vitaminas importantes, incluindo D, E, B12.<\/p>\n<p><strong><span style=\"color: #0000ff;\">Basta abrir, consumir o conte\u00fado sem \u00e1gua e come\u00e7ar com o poder!<\/span><\/strong><\/p>\n<h3><strong><span style=\"font-size: 16pt;\">Sem a\u00e7\u00facar e com sabor de rom\u00e3.<\/span><\/strong><\/h3>\n<p>A cafe\u00edna do extrato de guaran\u00e1 e do <a href=\"https:\/\/www.lraloeverashop.eu\/pt-pt\/pode-o-cha-para-emagrecimento-ajudar-lhe-a-perder-peso\/\">ch\u00e1 verde<\/a>, bem como os amino\u00e1cidos (BCAAs) aumentam o metabolismo e fornecem energia a curto prazo ao corpo, para que voc\u00ea possa atuar diretamente. As vitaminas B en Mind Master P\u00f3 Com Guaran\u00e1 reduzem a fadiga e apoiam suas fun\u00e7\u00f5es mentais e cognitivas.<\/p>\n<p>Sua reatividade aumenta e voc\u00ea pode agir mais r\u00e1pido e ficar mais alerta. Antioxidantes como vitamina E e vitamina C protegem contra o estresse oxidativo.<\/p>\n<p>1) A vitamina B12 ajuda a reduzir a <a href=\"https:\/\/www.lraloeverashop.eu\/pt-pt\/produto\/mind-master-bebida-vermelha\/\">fadiga e o cansa\u00e7o<\/a>.<br \/>\n2) A cafe\u00edna encontrada no guaran\u00e1 ajuda a aumentar o estado de alerta e a concentra\u00e7\u00e3o. A cafe\u00edna contida no guaran\u00e1 ajuda a aumentar o desempenho de resist\u00eancia.<br \/>\n3) A <a href=\"https:\/\/www.lraloeverashop.eu\/pt-pt\/produto\/vita-active-frutos-vermelhos\/\">vitamina C<\/a> contribui para o metabolismo energ\u00e9tico normal.<br \/>\n4) A tiamina, a vitamina B6 e a vitamina B12 contribuem para uma fun\u00e7\u00e3o mental normal.<br \/>\n5) A vitamina E, a vitamina C e o sel\u00eanio do Mind Master P\u00f3 Com Guaran\u00e1 ajudam a proteger as c\u00e9lulas do estresse oxidativo.<br \/>\n6) A vitamina D contribui para a manuten\u00e7\u00e3o da fun\u00e7\u00e3o muscular normal.<\/p>\n","protected":false},"excerpt":{"rendered":"<ul>\n<li>Potenciador do desempenho mental e f\u00edsico<span style=\"font-size: 10pt;\"><sup>2,3,4<\/sup><\/span><\/li>\n<li>Prote\u00e7\u00e3o contra o estresse oxidativo<\/li>\n<li>P\u00f3 de alto desempenho em um formato pr\u00e1tico para levar<\/li>\n<li>Livre de a\u00e7\u00facar<\/li>\n<li>Para consumo direto sem \u00e1gua<\/li>\n<li>Cont\u00e9m 14 bast\u00f5es (2,5 g cada)<\/li>\n<\/ul>\n<p><span style=\"color: #ff0000;\"><a style=\"color: #ff0000;\" href=\"https:\/\/shop.lrworld.com\/openpao?PHP=0vFlt7jT938BEnBI3a6e9w%3D%3D\"><span style=\"font-size: 14pt;\"><strong>Registe-se aqui e poupe 35% em todos os pedidos<\/strong><\/span><\/a><\/span><\/p>\n","protected":false},"featured_media":5691,"comment_status":"open","ping_status":"closed","template":"","meta":{"_kad_blocks_custom_css":"","_kad_blocks_head_custom_js":"","_kad_blocks_body_custom_js":"","_kad_blocks_footer_custom_js":"","_kadence_starter_templates_imported_post":false,"_kad_post_transparent":"default","_kad_post_title":"","_kad_post_layout":"default","_kad_post_sidebar_id":"","_kad_post_content_style":"default","_kad_post_vertical_padding":"default","_kad_post_feature":"","_kad_post_feature_position":"","_kad_post_header":false,"_kad_post_footer":false,"_kad_post_classname":""},"product_brand":[],"product_cat":[443,467,503,413],"product_tag":[668],"class_list":{"0":"post-9578","1":"product","2":"type-product","3":"status-publish","4":"has-post-thumbnail","6":"product_cat-desempenho-e-energia","7":"product_cat-lr-especialistas","8":"product_cat-mind-master-pt-pt","9":"product_cat-produtos-especiais","10":"product_tag-energia-pt-pt","12":"first","13":"instock","14":"taxable","15":"shipping-taxable","16":"purchasable","17":"product-type-simple","18":"entry","19":"content-bg","20":"loop-entry"},"yoast_head":"<!-- This site is optimized with the Yoast SEO Premium plugin v27.5 (Yoast SEO v27.5) - https:\/\/yoast.com\/product\/yoast-seo-premium-wordpress\/ -->\n<title>Mind Master P\u00f3 Com Guaran\u00e1 ajuda a reduzir a fadiga e o cansa\u00e7o<\/title>\n<meta name=\"description\" content=\"Mind Master P\u00f3 com Guaran\u00e1 fornece energia a curto prazo ao corpo. Sua reatividade aumenta e voc\u00ea pode agir mais r\u00e1pido e ficar mais alerta.\" \/>\n<meta name=\"robots\" content=\"index, follow, max-snippet:-1, max-image-preview:large, max-video-preview:-1\" \/>\n<link rel=\"canonical\" href=\"https:\/\/www.lraloeverashop.eu\/pt-pt\/produto\/mind-master-po-com-guarana\/\" \/>\n<meta property=\"og:locale\" content=\"pt_PT\" \/>\n<meta property=\"og:type\" content=\"article\" \/>\n<meta property=\"og:title\" content=\"Mind Master P\u00f3 Com Guaran\u00e1\" \/>\n<meta property=\"og:description\" content=\"Mind Master P\u00f3 com Guaran\u00e1 fornece energia a curto prazo ao corpo. Sua reatividade aumenta e voc\u00ea pode agir mais r\u00e1pido e ficar mais alerta.\" \/>\n<meta property=\"og:url\" content=\"https:\/\/www.lraloeverashop.eu\/pt-pt\/produto\/mind-master-po-com-guarana\/\" \/>\n<meta property=\"og:site_name\" content=\"Lr Loja Aloe Vera\" \/>\n<meta property=\"article:publisher\" content=\"https:\/\/www.facebook.com\/lraloeverashop.eu\" \/>\n<meta property=\"article:modified_time\" content=\"2026-02-08T09:19:13+00:00\" \/>\n<meta property=\"og:image\" content=\"https:\/\/www.lraloeverashop.eu\/wp-content\/uploads\/2022\/10\/mind-master-extreme-performance-powder-with-guarana.jpg\" \/>\n\t<meta property=\"og:image:width\" content=\"1200\" \/>\n\t<meta property=\"og:image:height\" content=\"1200\" \/>\n\t<meta property=\"og:image:type\" content=\"image\/jpeg\" \/>\n<meta name=\"twitter:card\" content=\"summary_large_image\" \/>\n<meta name=\"twitter:site\" content=\"@natur__kosmetik\" \/>\n<script type=\"application\/ld+json\" class=\"yoast-schema-graph\">{\"@context\":\"https:\\\/\\\/schema.org\",\"@graph\":[{\"@type\":[\"WebPage\",\"ItemPage\"],\"@id\":\"https:\\\/\\\/www.lraloeverashop.eu\\\/pt-pt\\\/produto\\\/mind-master-po-com-guarana\\\/\",\"url\":\"https:\\\/\\\/www.lraloeverashop.eu\\\/pt-pt\\\/produto\\\/mind-master-po-com-guarana\\\/\",\"name\":\"Mind Master P\u00f3 Com Guaran\u00e1 ajuda a reduzir a fadiga e o cansa\u00e7o\",\"isPartOf\":{\"@id\":\"https:\\\/\\\/www.lraloeverashop.eu\\\/pt-pt\\\/#website\"},\"primaryImageOfPage\":{\"@id\":\"https:\\\/\\\/www.lraloeverashop.eu\\\/pt-pt\\\/produto\\\/mind-master-po-com-guarana\\\/#primaryimage\"},\"image\":{\"@id\":\"https:\\\/\\\/www.lraloeverashop.eu\\\/pt-pt\\\/produto\\\/mind-master-po-com-guarana\\\/#primaryimage\"},\"thumbnailUrl\":\"https:\\\/\\\/www.lraloeverashop.eu\\\/wp-content\\\/uploads\\\/2022\\\/10\\\/mind-master-extreme-performance-powder-with-guarana.jpg\",\"datePublished\":\"2022-10-13T08:15:48+00:00\",\"dateModified\":\"2026-02-08T09:19:13+00:00\",\"description\":\"Mind Master P\u00f3 com Guaran\u00e1 fornece energia a curto prazo ao corpo. Sua reatividade aumenta e voc\u00ea pode agir mais r\u00e1pido e ficar mais alerta.\",\"breadcrumb\":{\"@id\":\"https:\\\/\\\/www.lraloeverashop.eu\\\/pt-pt\\\/produto\\\/mind-master-po-com-guarana\\\/#breadcrumb\"},\"inLanguage\":\"pt-PT\",\"potentialAction\":[{\"@type\":\"ReadAction\",\"target\":[\"https:\\\/\\\/www.lraloeverashop.eu\\\/pt-pt\\\/produto\\\/mind-master-po-com-guarana\\\/\"]}]},{\"@type\":\"ImageObject\",\"inLanguage\":\"pt-PT\",\"@id\":\"https:\\\/\\\/www.lraloeverashop.eu\\\/pt-pt\\\/produto\\\/mind-master-po-com-guarana\\\/#primaryimage\",\"url\":\"https:\\\/\\\/www.lraloeverashop.eu\\\/wp-content\\\/uploads\\\/2022\\\/10\\\/mind-master-extreme-performance-powder-with-guarana.jpg\",\"contentUrl\":\"https:\\\/\\\/www.lraloeverashop.eu\\\/wp-content\\\/uploads\\\/2022\\\/10\\\/mind-master-extreme-performance-powder-with-guarana.jpg\",\"width\":1200,\"height\":1200,\"caption\":\"mind master extreme p\u00f3 de performance com guaran\u00e1\"},{\"@type\":\"BreadcrumbList\",\"@id\":\"https:\\\/\\\/www.lraloeverashop.eu\\\/pt-pt\\\/produto\\\/mind-master-po-com-guarana\\\/#breadcrumb\",\"itemListElement\":[{\"@type\":\"ListItem\",\"position\":1,\"name\":\"Home\",\"item\":\"https:\\\/\\\/www.lraloeverashop.eu\\\/pt-pt\\\/\"},{\"@type\":\"ListItem\",\"position\":2,\"name\":\"Loja\",\"item\":\"https:\\\/\\\/www.lraloeverashop.eu\\\/pt-pt\\\/loja\\\/\"},{\"@type\":\"ListItem\",\"position\":3,\"name\":\"Mind Master P\u00f3 Com Guaran\u00e1\"}]},{\"@type\":\"WebSite\",\"@id\":\"https:\\\/\\\/www.lraloeverashop.eu\\\/pt-pt\\\/#website\",\"url\":\"https:\\\/\\\/www.lraloeverashop.eu\\\/pt-pt\\\/\",\"name\":\"Lr Loja Aloe Vera\",\"description\":\"High Quality Lr Aloe Vera Gel, Aloe Vera Cream and Shampoo\",\"publisher\":{\"@id\":\"https:\\\/\\\/www.lraloeverashop.eu\\\/pt-pt\\\/#organization\"},\"alternateName\":\"LR\",\"potentialAction\":[{\"@type\":\"SearchAction\",\"target\":{\"@type\":\"EntryPoint\",\"urlTemplate\":\"https:\\\/\\\/www.lraloeverashop.eu\\\/pt-pt\\\/?s={search_term_string}\"},\"query-input\":{\"@type\":\"PropertyValueSpecification\",\"valueRequired\":true,\"valueName\":\"search_term_string\"}}],\"inLanguage\":\"pt-PT\"},{\"@type\":\"Organization\",\"@id\":\"https:\\\/\\\/www.lraloeverashop.eu\\\/pt-pt\\\/#organization\",\"name\":\"Loja Lr Aloe Vera\",\"alternateName\":\"LR\",\"url\":\"https:\\\/\\\/www.lraloeverashop.eu\\\/pt-pt\\\/\",\"logo\":{\"@type\":\"ImageObject\",\"inLanguage\":\"pt-PT\",\"@id\":\"https:\\\/\\\/www.lraloeverashop.eu\\\/pt-pt\\\/#\\\/schema\\\/logo\\\/image\\\/\",\"url\":\"https:\\\/\\\/www.lraloeverashop.eu\\\/wp-content\\\/uploads\\\/2022\\\/09\\\/cropped-Lr-Aloe-Vera-Shop.jpg\",\"contentUrl\":\"https:\\\/\\\/www.lraloeverashop.eu\\\/wp-content\\\/uploads\\\/2022\\\/09\\\/cropped-Lr-Aloe-Vera-Shop.jpg\",\"width\":228,\"height\":76,\"caption\":\"Loja Lr Aloe Vera\"},\"image\":{\"@id\":\"https:\\\/\\\/www.lraloeverashop.eu\\\/pt-pt\\\/#\\\/schema\\\/logo\\\/image\\\/\"},\"sameAs\":[\"https:\\\/\\\/www.facebook.com\\\/lraloeverashop.eu\",\"https:\\\/\\\/x.com\\\/natur__kosmetik\",\"https:\\\/\\\/www.youtube.com\\\/channel\\\/UC5oN7BJ8nfYb8RpVtjwDEBA\",\"https:\\\/\\\/www.instagram.com\\\/lrbeautyeu\\\/\"],\"description\":\"Loja Lr Aloe Vera \u00e9 o seu destino de confian\u00e7a para os produtos de sa\u00fade e beleza premium da LR, fabricados na Alemanha. Oferecemos solu\u00e7\u00f5es de alta qualidade para o cuidado da pele, nutri\u00e7\u00e3o e antienvelhecimento \u00e0 base de Alo\u00e9 Vera, elaboradas com ingredientes puros e apoiadas em investiga\u00e7\u00e3o cient\u00edfica. Descubra o cuidado natural que regenera, protege e revitaliza a sua pele \u2014 e aproveite as ofertas mensais exclusivas nos nossos produtos LR Alo\u00e9 Vera mais vendidos.\\nComece hoje mesmo a sua jornada de cuidados naturais com a pele e sinta a diferen\u00e7a.\",\"email\":\"info@lraloeverashop.eu\",\"telephone\":\"+49 17670609653\",\"legalName\":\"Lr Aloe Vera Shop\",\"foundingDate\":\"2018-04-21\",\"numberOfEmployees\":{\"@type\":\"QuantitativeValue\",\"minValue\":\"1\",\"maxValue\":\"10\"}}]}<\/script>\n<meta property=\"product:price:amount\" content=\"36.99\" \/>\n<meta property=\"product:price:currency\" content=\"EUR\" \/>\n<meta property=\"og:availability\" content=\"instock\" \/>\n<meta property=\"product:availability\" content=\"instock\" \/>\n<meta property=\"product:retailer_item_id\" content=\"80980-101PT\" \/>\n<meta property=\"product:condition\" content=\"new\" \/>\n<!-- \/ Yoast SEO Premium plugin. -->","yoast_head_json":{"title":"Mind Master P\u00f3 Com Guaran\u00e1 ajuda a reduzir a fadiga e o cansa\u00e7o","description":"Mind Master P\u00f3 com Guaran\u00e1 fornece energia a curto prazo ao corpo. Sua reatividade aumenta e voc\u00ea pode agir mais r\u00e1pido e ficar mais alerta.","robots":{"index":"index","follow":"follow","max-snippet":"max-snippet:-1","max-image-preview":"max-image-preview:large","max-video-preview":"max-video-preview:-1"},"canonical":"https:\/\/www.lraloeverashop.eu\/pt-pt\/produto\/mind-master-po-com-guarana\/","og_locale":"pt_PT","og_type":"article","og_title":"Mind Master P\u00f3 Com Guaran\u00e1","og_description":"Mind Master P\u00f3 com Guaran\u00e1 fornece energia a curto prazo ao corpo. Sua reatividade aumenta e voc\u00ea pode agir mais r\u00e1pido e ficar mais alerta.","og_url":"https:\/\/www.lraloeverashop.eu\/pt-pt\/produto\/mind-master-po-com-guarana\/","og_site_name":"Lr Loja Aloe Vera","article_publisher":"https:\/\/www.facebook.com\/lraloeverashop.eu","article_modified_time":"2026-02-08T09:19:13+00:00","og_image":[{"width":1200,"height":1200,"url":"https:\/\/www.lraloeverashop.eu\/wp-content\/uploads\/2022\/10\/mind-master-extreme-performance-powder-with-guarana.jpg","type":"image\/jpeg"}],"twitter_card":"summary_large_image","twitter_site":"@natur__kosmetik","schema":{"@context":"https:\/\/schema.org","@graph":[{"@type":["WebPage","ItemPage"],"@id":"https:\/\/www.lraloeverashop.eu\/pt-pt\/produto\/mind-master-po-com-guarana\/","url":"https:\/\/www.lraloeverashop.eu\/pt-pt\/produto\/mind-master-po-com-guarana\/","name":"Mind Master P\u00f3 Com Guaran\u00e1 ajuda a reduzir a fadiga e o cansa\u00e7o","isPartOf":{"@id":"https:\/\/www.lraloeverashop.eu\/pt-pt\/#website"},"primaryImageOfPage":{"@id":"https:\/\/www.lraloeverashop.eu\/pt-pt\/produto\/mind-master-po-com-guarana\/#primaryimage"},"image":{"@id":"https:\/\/www.lraloeverashop.eu\/pt-pt\/produto\/mind-master-po-com-guarana\/#primaryimage"},"thumbnailUrl":"https:\/\/www.lraloeverashop.eu\/wp-content\/uploads\/2022\/10\/mind-master-extreme-performance-powder-with-guarana.jpg","datePublished":"2022-10-13T08:15:48+00:00","dateModified":"2026-02-08T09:19:13+00:00","description":"Mind Master P\u00f3 com Guaran\u00e1 fornece energia a curto prazo ao corpo. Sua reatividade aumenta e voc\u00ea pode agir mais r\u00e1pido e ficar mais alerta.","breadcrumb":{"@id":"https:\/\/www.lraloeverashop.eu\/pt-pt\/produto\/mind-master-po-com-guarana\/#breadcrumb"},"inLanguage":"pt-PT","potentialAction":[{"@type":"ReadAction","target":["https:\/\/www.lraloeverashop.eu\/pt-pt\/produto\/mind-master-po-com-guarana\/"]}]},{"@type":"ImageObject","inLanguage":"pt-PT","@id":"https:\/\/www.lraloeverashop.eu\/pt-pt\/produto\/mind-master-po-com-guarana\/#primaryimage","url":"https:\/\/www.lraloeverashop.eu\/wp-content\/uploads\/2022\/10\/mind-master-extreme-performance-powder-with-guarana.jpg","contentUrl":"https:\/\/www.lraloeverashop.eu\/wp-content\/uploads\/2022\/10\/mind-master-extreme-performance-powder-with-guarana.jpg","width":1200,"height":1200,"caption":"mind master extreme p\u00f3 de performance com guaran\u00e1"},{"@type":"BreadcrumbList","@id":"https:\/\/www.lraloeverashop.eu\/pt-pt\/produto\/mind-master-po-com-guarana\/#breadcrumb","itemListElement":[{"@type":"ListItem","position":1,"name":"Home","item":"https:\/\/www.lraloeverashop.eu\/pt-pt\/"},{"@type":"ListItem","position":2,"name":"Loja","item":"https:\/\/www.lraloeverashop.eu\/pt-pt\/loja\/"},{"@type":"ListItem","position":3,"name":"Mind Master P\u00f3 Com Guaran\u00e1"}]},{"@type":"WebSite","@id":"https:\/\/www.lraloeverashop.eu\/pt-pt\/#website","url":"https:\/\/www.lraloeverashop.eu\/pt-pt\/","name":"Lr Loja Aloe Vera","description":"High Quality Lr Aloe Vera Gel, Aloe Vera Cream and Shampoo","publisher":{"@id":"https:\/\/www.lraloeverashop.eu\/pt-pt\/#organization"},"alternateName":"LR","potentialAction":[{"@type":"SearchAction","target":{"@type":"EntryPoint","urlTemplate":"https:\/\/www.lraloeverashop.eu\/pt-pt\/?s={search_term_string}"},"query-input":{"@type":"PropertyValueSpecification","valueRequired":true,"valueName":"search_term_string"}}],"inLanguage":"pt-PT"},{"@type":"Organization","@id":"https:\/\/www.lraloeverashop.eu\/pt-pt\/#organization","name":"Loja Lr Aloe Vera","alternateName":"LR","url":"https:\/\/www.lraloeverashop.eu\/pt-pt\/","logo":{"@type":"ImageObject","inLanguage":"pt-PT","@id":"https:\/\/www.lraloeverashop.eu\/pt-pt\/#\/schema\/logo\/image\/","url":"https:\/\/www.lraloeverashop.eu\/wp-content\/uploads\/2022\/09\/cropped-Lr-Aloe-Vera-Shop.jpg","contentUrl":"https:\/\/www.lraloeverashop.eu\/wp-content\/uploads\/2022\/09\/cropped-Lr-Aloe-Vera-Shop.jpg","width":228,"height":76,"caption":"Loja Lr Aloe Vera"},"image":{"@id":"https:\/\/www.lraloeverashop.eu\/pt-pt\/#\/schema\/logo\/image\/"},"sameAs":["https:\/\/www.facebook.com\/lraloeverashop.eu","https:\/\/x.com\/natur__kosmetik","https:\/\/www.youtube.com\/channel\/UC5oN7BJ8nfYb8RpVtjwDEBA","https:\/\/www.instagram.com\/lrbeautyeu\/"],"description":"Loja Lr Aloe Vera \u00e9 o seu destino de confian\u00e7a para os produtos de sa\u00fade e beleza premium da LR, fabricados na Alemanha. Oferecemos solu\u00e7\u00f5es de alta qualidade para o cuidado da pele, nutri\u00e7\u00e3o e antienvelhecimento \u00e0 base de Alo\u00e9 Vera, elaboradas com ingredientes puros e apoiadas em investiga\u00e7\u00e3o cient\u00edfica. Descubra o cuidado natural que regenera, protege e revitaliza a sua pele \u2014 e aproveite as ofertas mensais exclusivas nos nossos produtos LR Alo\u00e9 Vera mais vendidos.\nComece hoje mesmo a sua jornada de cuidados naturais com a pele e sinta a diferen\u00e7a.","email":"info@lraloeverashop.eu","telephone":"+49 17670609653","legalName":"Lr Aloe Vera Shop","foundingDate":"2018-04-21","numberOfEmployees":{"@type":"QuantitativeValue","minValue":"1","maxValue":"10"}}]},"product_price_amount":"36.99","product_price_currency":"EUR","og_availability":"instock","product_availability":"instock","product_retailer_item_id":"80980-101PT","product_condition":"new"},"taxonomy_info":{"product_cat":[{"value":443,"label":"Desempenho e Energia"},{"value":467,"label":"Especialistas"},{"value":503,"label":"Mind Master"},{"value":413,"label":"Produtos Especiais"}],"product_tag":[{"value":668,"label":"Energia"}]},"featured_image_src_large":["https:\/\/www.lraloeverashop.eu\/wp-content\/uploads\/2022\/10\/mind-master-extreme-performance-powder-with-guarana-1024x1024.jpg",1024,1024,true],"author_info":[],"comment_info":0,"_links":{"self":[{"href":"https:\/\/www.lraloeverashop.eu\/pt-pt\/wp-json\/wp\/v2\/product\/9578","targetHints":{"allow":["GET"]}}],"collection":[{"href":"https:\/\/www.lraloeverashop.eu\/pt-pt\/wp-json\/wp\/v2\/product"}],"about":[{"href":"https:\/\/www.lraloeverashop.eu\/pt-pt\/wp-json\/wp\/v2\/types\/product"}],"replies":[{"embeddable":true,"href":"https:\/\/www.lraloeverashop.eu\/pt-pt\/wp-json\/wp\/v2\/comments?post=9578"}],"wp:featuredmedia":[{"embeddable":true,"href":"https:\/\/www.lraloeverashop.eu\/pt-pt\/wp-json\/wp\/v2\/media\/5691"}],"wp:attachment":[{"href":"https:\/\/www.lraloeverashop.eu\/pt-pt\/wp-json\/wp\/v2\/media?parent=9578"}],"wp:term":[{"taxonomy":"product_brand","embeddable":true,"href":"https:\/\/www.lraloeverashop.eu\/pt-pt\/wp-json\/wp\/v2\/product_brand?post=9578"},{"taxonomy":"product_cat","embeddable":true,"href":"https:\/\/www.lraloeverashop.eu\/pt-pt\/wp-json\/wp\/v2\/product_cat?post=9578"},{"taxonomy":"product_tag","embeddable":true,"href":"https:\/\/www.lraloeverashop.eu\/pt-pt\/wp-json\/wp\/v2\/product_tag?post=9578"}],"curies":[{"name":"wp","href":"https:\/\/api.w.org\/{rel}","templated":true}]}}